{"id":21880,"date":"2025-11-07T20:32:04","date_gmt":"2025-11-07T18:32:04","guid":{"rendered":"https:\/\/skaitytaknyga.lt\/?post_type=product&#038;p=21880"},"modified":"2026-02-26T10:10:24","modified_gmt":"2026-02-26T08:10:24","slug":"kaip-buvo-pradzioje-biblines-meditacijos","status":"publish","type":"product","link":"https:\/\/skaitytaknyga.lt\/en\/produktas\/kaip-buvo-pradzioje-biblines-meditacijos\/","title":{"rendered":"Kaip buvo prad\u017eioje. Biblin\u0117s meditacijos"},"content":{"rendered":"<p>D\u0117l keli\u0173 prie\u017eas\u010di\u0173, gal labiausiai d\u0117l b\u016bdvard\u017eio senas, \u0160ventojo Ra\u0161to dalis, pavadinta Senuoju Testamentu, n\u0117ra mums sava, pa\u017e\u012fstama ir patraukli. Nors krik\u0161\u010dioni\u0173 liturgijoje ji skaitoma i\u0161vien su evangelij\u0173 tekstais, neprisimenu pamokslo, kur\u012f vis\u0105 b\u016bt\u0173 \u012fkv\u0117pusi Senojo Testamento i\u0161trauka. Da\u017en\u0105 syk\u012f jos net negirdima. O ar labai reikia i\u0161girsti? Ar r\u016bstus ir t\u016b\u017emingas hebraj\u0173 Dievas nebuvo krik\u0161\u010dioni\u0173 pakeistas kitu \u2013 naujesniu, \u0161viesesniu, simpati\u0161kesniu dangaus \u0161eimininku? Paradoksas \u2013 m\u016bs\u0173 laikais kaip tik Senojo Testamento knygose galima aptikti daugiau religin\u0117s naujienos, geros ir i\u0161 ties\u0173 stulbinamos. Deja, esama ir rimto pavojaus: panard\u0119s po \u0161ias knygas imi nebegird\u0117ti to, kas tik\u0117jimo, vilties ir meil\u0117s laukuose garsiai pretenduoja \u012f nepajudinamas tiesas ir taisykles.<\/p>\n<p>Julius Sasnauskas <\/p>\n<p>Juliaus Sasnausko tekstai \u2013 tai nuolankus \u0117jimas prie\u0161 srov\u0119, kuri mus Ba\u017eny\u010dioje da\u017eniausiai ne\u0161a m\u0105stymo s\u0105stingio kryptimi. Ir taiki kova su religin\u0117s retorikos kli\u0161\u0117mis, apgaulingu tu\u0161\u010dia\u017eod\u017eiavimu.<\/p>\n","protected":false},"excerpt":{"rendered":"<p>D\u0117l keli\u0173 prie\u017eas\u010di\u0173, gal labiausiai d\u0117l b\u016bdvard\u017eio senas, \u0160ventojo Ra\u0161to dalis, pavadinta Senuoju Testamentu, n\u0117ra mums sava, pa\u017e\u012fstama ir patraukli. Nors krik\u0161\u010dioni\u0173 liturgijoje ji skaitoma i\u0161vien su evangelij\u0173 tekstais, neprisimenu pamokslo, kur\u012f vis\u0105 b\u016bt\u0173 \u012fkv\u0117pusi Senojo Testamento i\u0161trauka. Da\u017en\u0105 syk\u012f jos net negirdima. O ar labai reikia i\u0161girsti? Ar r\u016bstus ir t\u016b\u017emingas hebraj\u0173 Dievas nebuvo krik\u0161\u010dioni\u0173 pakeistas kitu \u2013 naujesniu, \u0161viesesniu, simpati\u0161kesniu dangaus \u0161eimininku? Paradoksas \u2013 m\u016bs\u0173 laikais kaip tik Senojo Testamento knygose galima aptikti daugiau religin\u0117s naujienos, geros ir i\u0161 ties\u0173 stulbinamos. Deja, esama ir rimto pavojaus: panard\u0119s po \u0161ias knygas imi nebegird\u0117ti to, kas tik\u0117jimo, vilties ir meil\u0117s laukuose garsiai pretenduoja \u012f nepajudinamas tiesas ir taisykles. Julius Sasnauskas Juliaus Sasnausko tekstai \u2013 tai nuolankus \u0117jimas prie\u0161 srov\u0119, kuri mus Ba\u017eny\u010dioje da\u017eniausiai ne\u0161a m\u0105stymo s\u0105stingio kryptimi. Ir taiki kova su religin\u0117s retorikos kli\u0161\u0117mis, apgaulingu tu\u0161\u010dia\u017eod\u017eiavimu.<\/p>\n","protected":false},"featured_media":21885,"comment_status":"open","ping_status":"closed","template":"","meta":{"_acf_changed":false,"site-sidebar-layout":"default","site-content-layout":"","ast-site-content-layout":"default","site-content-style":"default","site-sidebar-style":"default","ast-global-header-display":"","ast-banner-title-visibility":"","ast-main-header-display":"","ast-hfb-above-header-display":"","ast-hfb-below-header-display":"","ast-hfb-mobile-header-display":"","site-post-title":"","ast-breadcrumbs-content":"","ast-featured-img":"","footer-sml-layout":"","ast-disable-related-posts":"","theme-transparent-header-meta":"","adv-header-id-meta":"","stick-header-meta":"","header-above-stick-meta":"","header-main-stick-meta":"","header-below-stick-meta":"","astra-migrate-meta-layouts":"default","ast-page-background-enabled":"default","ast-page-background-meta":{"desktop":{"background-color":"","background-image":"","background-repeat":"repeat","background-position":"center center","background-size":"auto","background-attachment":"scroll","background-type":"","background-media":"","overlay-type":"","overlay-color":"","overlay-opacity":"","overlay-gradient":""},"tablet":{"background-color":"","background-image":"","background-repeat":"repeat","background-position":"center center","background-size":"auto","background-attachment":"scroll","background-type":"","background-media":"","overlay-type":"","overlay-color":"","overlay-opacity":"","overlay-gradient":""},"mobile":{"background-color":"","background-image":"","background-repeat":"repeat","background-position":"center center","background-size":"auto","background-attachment":"scroll","background-type":"","background-media":"","overlay-type":"","overlay-color":"","overlay-opacity":"","overlay-gradient":""}},"ast-content-background-meta":{"desktop":{"background-color":"var(--ast-global-color-4)","background-image":"","background-repeat":"repeat","background-position":"center center","background-size":"auto","background-attachment":"scroll","background-type":"","background-media":"","overlay-type":"","overlay-color":"","overlay-opacity":"","overlay-gradient":""},"tablet":{"background-color":"var(--ast-global-color-4)","background-image":"","background-repeat":"repeat","background-position":"center center","background-size":"auto","background-attachment":"scroll","background-type":"","background-media":"","overlay-type":"","overlay-color":"","overlay-opacity":"","overlay-gradient":""},"mobile":{"background-color":"var(--ast-global-color-4)","background-image":"","background-repeat":"repeat","background-position":"center center","background-size":"auto","background-attachment":"scroll","background-type":"","background-media":"","overlay-type":"","overlay-color":"","overlay-opacity":"","overlay-gradient":""}}},"product_brand":[],"product_cat":[165],"product_tag":[],"class_list":{"0":"post-21880","1":"product","2":"type-product","3":"status-publish","4":"has-post-thumbnail","6":"product_cat-religija-filosofija-ir-ezoterika","7":"desktop-align-left","8":"tablet-align-left","9":"mobile-align-left","11":"first","12":"instock","13":"shipping-taxable","14":"purchasable","15":"product-type-simple"},"acf":[],"yoast_head":"<!-- This site is optimized with the Yoast SEO plugin v27.0 - https:\/\/yoast.com\/product\/yoast-seo-wordpress\/ -->\n<title>Kaip buvo prad\u017eioje. Biblin\u0117s meditacijos<\/title>\n<meta name=\"description\" content=\"D\u0117l keli\u0173 prie\u017eas\u010di\u0173, gal labiausiai d\u0117l b\u016bdvard\u017eio senas, \u0160ventojo Ra\u0161to dalis, pavadinta Senuoju Testamentu, n\u0117ra mums sava, pa\u017e\u012fstama ir patraukli.\" \/>\n<meta name=\"robots\" content=\"index, follow, max-snippet:-1, max-image-preview:large, max-video-preview:-1\" \/>\n<link rel=\"canonical\" href=\"https:\/\/skaitytaknyga.lt\/en\/produktas\/kaip-buvo-pradzioje-biblines-meditacijos\/\" \/>\n<meta property=\"og:locale\" content=\"en_GB\" \/>\n<meta property=\"og:locale:alternate\" content=\"lt_LT\" \/>\n<meta property=\"og:type\" content=\"article\" \/>\n<meta property=\"og:title\" content=\"Kaip buvo prad\u017eioje. Biblin\u0117s meditacijos\" \/>\n<meta property=\"og:description\" content=\"D\u0117l keli\u0173 prie\u017eas\u010di\u0173, gal labiausiai d\u0117l b\u016bdvard\u017eio senas, \u0160ventojo Ra\u0161to dalis, pavadinta Senuoju Testamentu, n\u0117ra mums sava, pa\u017e\u012fstama ir patraukli.\" \/>\n<meta property=\"og:url\" content=\"https:\/\/skaitytaknyga.lt\/en\/produktas\/kaip-buvo-pradzioje-biblines-meditacijos\/\" \/>\n<meta property=\"og:site_name\" content=\"Skaitytaknyga\" \/>\n<meta property=\"article:publisher\" content=\"https:\/\/www.facebook.com\/skaitytaknyga\/\" \/>\n<meta property=\"article:modified_time\" content=\"2026-02-26T08:10:24+00:00\" \/>\n<meta property=\"og:image\" content=\"https:\/\/skaitytaknyga.lt\/wp-content\/uploads\/2025\/11\/Kaip-buvo-pradzioje.-Biblines-meditacijos-1.webp\" \/>\n\t<meta property=\"og:image:width\" content=\"300\" \/>\n\t<meta property=\"og:image:height\" content=\"435\" \/>\n\t<meta property=\"og:image:type\" content=\"image\/webp\" \/>\n<meta name=\"twitter:card\" content=\"summary_large_image\" \/>\n<meta name=\"twitter:label1\" content=\"Estimated reading time\" \/>\n\t<meta name=\"twitter:data1\" content=\"1 minute\" \/>\n<script type=\"application\/ld+json\" class=\"yoast-schema-graph\">{\"@context\":\"https:\/\/schema.org\",\"@graph\":[{\"@type\":\"WebPage\",\"@id\":\"https:\/\/skaitytaknyga.lt\/produktas\/kaip-buvo-pradzioje-biblines-meditacijos\/\",\"url\":\"https:\/\/skaitytaknyga.lt\/produktas\/kaip-buvo-pradzioje-biblines-meditacijos\/\",\"name\":\"Kaip buvo prad\u017eioje. Biblin\u0117s meditacijos\",\"isPartOf\":{\"@id\":\"https:\/\/skaitytaknyga.lt\/#website\"},\"primaryImageOfPage\":{\"@id\":\"https:\/\/skaitytaknyga.lt\/produktas\/kaip-buvo-pradzioje-biblines-meditacijos\/#primaryimage\"},\"image\":{\"@id\":\"https:\/\/skaitytaknyga.lt\/produktas\/kaip-buvo-pradzioje-biblines-meditacijos\/#primaryimage\"},\"thumbnailUrl\":\"https:\/\/skaitytaknyga.lt\/wp-content\/uploads\/2025\/11\/Kaip-buvo-pradzioje.-Biblines-meditacijos-1.webp\",\"datePublished\":\"2025-11-07T18:32:04+00:00\",\"dateModified\":\"2026-02-26T08:10:24+00:00\",\"description\":\"D\u0117l keli\u0173 prie\u017eas\u010di\u0173, gal labiausiai d\u0117l b\u016bdvard\u017eio senas, \u0160ventojo Ra\u0161to dalis, pavadinta Senuoju Testamentu, n\u0117ra mums sava, pa\u017e\u012fstama ir patraukli.\",\"breadcrumb\":{\"@id\":\"https:\/\/skaitytaknyga.lt\/produktas\/kaip-buvo-pradzioje-biblines-meditacijos\/#breadcrumb\"},\"inLanguage\":\"en-GB\",\"potentialAction\":[{\"@type\":\"ReadAction\",\"target\":[\"https:\/\/skaitytaknyga.lt\/produktas\/kaip-buvo-pradzioje-biblines-meditacijos\/\"]}]},{\"@type\":\"ImageObject\",\"inLanguage\":\"en-GB\",\"@id\":\"https:\/\/skaitytaknyga.lt\/produktas\/kaip-buvo-pradzioje-biblines-meditacijos\/#primaryimage\",\"url\":\"https:\/\/skaitytaknyga.lt\/wp-content\/uploads\/2025\/11\/Kaip-buvo-pradzioje.-Biblines-meditacijos-1.webp\",\"contentUrl\":\"https:\/\/skaitytaknyga.lt\/wp-content\/uploads\/2025\/11\/Kaip-buvo-pradzioje.-Biblines-meditacijos-1.webp\",\"width\":300,\"height\":435,\"caption\":\"Kaip buvo prad\u017eioje. Biblin\u0117s meditacijos\"},{\"@type\":\"BreadcrumbList\",\"@id\":\"https:\/\/skaitytaknyga.lt\/produktas\/kaip-buvo-pradzioje-biblines-meditacijos\/#breadcrumb\",\"itemListElement\":[{\"@type\":\"ListItem\",\"position\":1,\"name\":\"Home\",\"item\":\"https:\/\/skaitytaknyga.lt\/\"},{\"@type\":\"ListItem\",\"position\":2,\"name\":\"Parduotuv\u0117\",\"item\":\"https:\/\/skaitytaknyga.lt\/knygu-parduotuve\/\"},{\"@type\":\"ListItem\",\"position\":3,\"name\":\"Kaip buvo prad\u017eioje. Biblin\u0117s meditacijos\"}]},{\"@type\":\"WebSite\",\"@id\":\"https:\/\/skaitytaknyga.lt\/#website\",\"url\":\"https:\/\/skaitytaknyga.lt\/\",\"name\":\"skaitytaknyga.lt\",\"description\":\"Skaitytaknyga.lt \u2013 tai ma\u017eas \u0161eimos verslas, kuris prasid\u0117jo nuo meil\u0117s knygoms ir siekio i\u0161gelb\u0117ti knygas nuo likimo prie konteinerio. Kas vienam nereikalingas daiktas \u2013 kitam lobis, o mes esame tarpininkai, kurie padeda abiems tapti laimingesniems ???? \u017dinome kaip nelengva i\u0161gyventi ma\u017eiems verslams, tad nuo \u0161iol, \u010dia rasite ir kit\u0173, ma\u017e\u0173 \u0161eim\u0173 versl\u0173, rank\u0173 darbo, dovan\u0173 sau ir artimiesiems.\",\"publisher\":{\"@id\":\"https:\/\/skaitytaknyga.lt\/#organization\"},\"potentialAction\":[{\"@type\":\"SearchAction\",\"target\":{\"@type\":\"EntryPoint\",\"urlTemplate\":\"https:\/\/skaitytaknyga.lt\/?s={search_term_string}\"},\"query-input\":{\"@type\":\"PropertyValueSpecification\",\"valueRequired\":true,\"valueName\":\"search_term_string\"}}],\"inLanguage\":\"en-GB\"},{\"@type\":\"Organization\",\"@id\":\"https:\/\/skaitytaknyga.lt\/#organization\",\"name\":\"skaitytaknyga.lt\",\"url\":\"https:\/\/skaitytaknyga.lt\/\",\"logo\":{\"@type\":\"ImageObject\",\"inLanguage\":\"en-GB\",\"@id\":\"https:\/\/skaitytaknyga.lt\/#\/schema\/logo\/image\/\",\"url\":\"https:\/\/skaitytaknyga.lt\/wp-content\/uploads\/2024\/05\/cropped-cropped-cropped-02_00843_jt3bggkj1j3HLc7SyY6rEUpg.jpeg\",\"contentUrl\":\"https:\/\/skaitytaknyga.lt\/wp-content\/uploads\/2024\/05\/cropped-cropped-cropped-02_00843_jt3bggkj1j3HLc7SyY6rEUpg.jpeg\",\"width\":1600,\"height\":1600,\"caption\":\"skaitytaknyga.lt\"},\"image\":{\"@id\":\"https:\/\/skaitytaknyga.lt\/#\/schema\/logo\/image\/\"},\"sameAs\":[\"https:\/\/www.facebook.com\/skaitytaknyga\/\"]}]}<\/script>\n<!-- \/ Yoast SEO plugin. -->","yoast_head_json":{"title":"Kaip buvo prad\u017eioje. Biblin\u0117s meditacijos","description":"D\u0117l keli\u0173 prie\u017eas\u010di\u0173, gal labiausiai d\u0117l b\u016bdvard\u017eio senas, \u0160ventojo Ra\u0161to dalis, pavadinta Senuoju Testamentu, n\u0117ra mums sava, pa\u017e\u012fstama ir patraukli.","robots":{"index":"index","follow":"follow","max-snippet":"max-snippet:-1","max-image-preview":"max-image-preview:large","max-video-preview":"max-video-preview:-1"},"canonical":"https:\/\/skaitytaknyga.lt\/en\/produktas\/kaip-buvo-pradzioje-biblines-meditacijos\/","og_locale":"en_GB","og_type":"article","og_title":"[:lt]Kaip buvo prad\u017eioje. Biblin\u0117s meditacijos[:] - Skaitytaknyga","og_description":"D\u0117l keli\u0173 prie\u017eas\u010di\u0173, gal labiausiai d\u0117l b\u016bdvard\u017eio senas, \u0160ventojo Ra\u0161to dalis, pavadinta Senuoju Testamentu, n\u0117ra mums sava, pa\u017e\u012fstama ir patraukli.","og_url":"https:\/\/skaitytaknyga.lt\/en\/produktas\/kaip-buvo-pradzioje-biblines-meditacijos\/","og_site_name":"Skaitytaknyga","article_publisher":"https:\/\/www.facebook.com\/skaitytaknyga\/","article_modified_time":"2026-02-26T08:10:24+00:00","og_image":[{"width":300,"height":435,"url":"https:\/\/skaitytaknyga.lt\/wp-content\/uploads\/2025\/11\/Kaip-buvo-pradzioje.-Biblines-meditacijos-1.webp","type":"image\/webp"}],"twitter_card":"summary_large_image","twitter_misc":{"Estimated reading time":"1 minute"},"schema":{"@context":"https:\/\/schema.org","@graph":[{"@type":"WebPage","@id":"https:\/\/skaitytaknyga.lt\/produktas\/kaip-buvo-pradzioje-biblines-meditacijos\/","url":"https:\/\/skaitytaknyga.lt\/produktas\/kaip-buvo-pradzioje-biblines-meditacijos\/","name":"Kaip buvo prad\u017eioje. Biblin\u0117s meditacijos","isPartOf":{"@id":"https:\/\/skaitytaknyga.lt\/#website"},"primaryImageOfPage":{"@id":"https:\/\/skaitytaknyga.lt\/produktas\/kaip-buvo-pradzioje-biblines-meditacijos\/#primaryimage"},"image":{"@id":"https:\/\/skaitytaknyga.lt\/produktas\/kaip-buvo-pradzioje-biblines-meditacijos\/#primaryimage"},"thumbnailUrl":"https:\/\/skaitytaknyga.lt\/wp-content\/uploads\/2025\/11\/Kaip-buvo-pradzioje.-Biblines-meditacijos-1.webp","datePublished":"2025-11-07T18:32:04+00:00","dateModified":"2026-02-26T08:10:24+00:00","description":"D\u0117l keli\u0173 prie\u017eas\u010di\u0173, gal labiausiai d\u0117l b\u016bdvard\u017eio senas, \u0160ventojo Ra\u0161to dalis, pavadinta Senuoju Testamentu, n\u0117ra mums sava, pa\u017e\u012fstama ir patraukli.","breadcrumb":{"@id":"https:\/\/skaitytaknyga.lt\/produktas\/kaip-buvo-pradzioje-biblines-meditacijos\/#breadcrumb"},"inLanguage":"en-GB","potentialAction":[{"@type":"ReadAction","target":["https:\/\/skaitytaknyga.lt\/produktas\/kaip-buvo-pradzioje-biblines-meditacijos\/"]}]},{"@type":"ImageObject","inLanguage":"en-GB","@id":"https:\/\/skaitytaknyga.lt\/produktas\/kaip-buvo-pradzioje-biblines-meditacijos\/#primaryimage","url":"https:\/\/skaitytaknyga.lt\/wp-content\/uploads\/2025\/11\/Kaip-buvo-pradzioje.-Biblines-meditacijos-1.webp","contentUrl":"https:\/\/skaitytaknyga.lt\/wp-content\/uploads\/2025\/11\/Kaip-buvo-pradzioje.-Biblines-meditacijos-1.webp","width":300,"height":435,"caption":"Kaip buvo prad\u017eioje. Biblin\u0117s meditacijos"},{"@type":"BreadcrumbList","@id":"https:\/\/skaitytaknyga.lt\/produktas\/kaip-buvo-pradzioje-biblines-meditacijos\/#breadcrumb","itemListElement":[{"@type":"ListItem","position":1,"name":"Home","item":"https:\/\/skaitytaknyga.lt\/"},{"@type":"ListItem","position":2,"name":"Parduotuv\u0117","item":"https:\/\/skaitytaknyga.lt\/knygu-parduotuve\/"},{"@type":"ListItem","position":3,"name":"Kaip buvo prad\u017eioje. Biblin\u0117s meditacijos"}]},{"@type":"WebSite","@id":"https:\/\/skaitytaknyga.lt\/#website","url":"https:\/\/skaitytaknyga.lt\/","name":"skaitytaknyga.lt","description":"Skaitytaknyga.lt \u2013 tai ma\u017eas \u0161eimos verslas, kuris prasid\u0117jo nuo meil\u0117s knygoms ir siekio i\u0161gelb\u0117ti knygas nuo likimo prie konteinerio. Kas vienam nereikalingas daiktas \u2013 kitam lobis, o mes esame tarpininkai, kurie padeda abiems tapti laimingesniems ???? \u017dinome kaip nelengva i\u0161gyventi ma\u017eiems verslams, tad nuo \u0161iol, \u010dia rasite ir kit\u0173, ma\u017e\u0173 \u0161eim\u0173 versl\u0173, rank\u0173 darbo, dovan\u0173 sau ir artimiesiems.","publisher":{"@id":"https:\/\/skaitytaknyga.lt\/#organization"},"potentialAction":[{"@type":"SearchAction","target":{"@type":"EntryPoint","urlTemplate":"https:\/\/skaitytaknyga.lt\/?s={search_term_string}"},"query-input":{"@type":"PropertyValueSpecification","valueRequired":true,"valueName":"search_term_string"}}],"inLanguage":"en-GB"},{"@type":"Organization","@id":"https:\/\/skaitytaknyga.lt\/#organization","name":"skaitytaknyga.lt","url":"https:\/\/skaitytaknyga.lt\/","logo":{"@type":"ImageObject","inLanguage":"en-GB","@id":"https:\/\/skaitytaknyga.lt\/#\/schema\/logo\/image\/","url":"https:\/\/skaitytaknyga.lt\/wp-content\/uploads\/2024\/05\/cropped-cropped-cropped-02_00843_jt3bggkj1j3HLc7SyY6rEUpg.jpeg","contentUrl":"https:\/\/skaitytaknyga.lt\/wp-content\/uploads\/2024\/05\/cropped-cropped-cropped-02_00843_jt3bggkj1j3HLc7SyY6rEUpg.jpeg","width":1600,"height":1600,"caption":"skaitytaknyga.lt"},"image":{"@id":"https:\/\/skaitytaknyga.lt\/#\/schema\/logo\/image\/"},"sameAs":["https:\/\/www.facebook.com\/skaitytaknyga\/"]}]}},"_links":{"self":[{"href":"https:\/\/skaitytaknyga.lt\/en\/wp-json\/wp\/v2\/product\/21880","targetHints":{"allow":["GET"]}}],"collection":[{"href":"https:\/\/skaitytaknyga.lt\/en\/wp-json\/wp\/v2\/product"}],"about":[{"href":"https:\/\/skaitytaknyga.lt\/en\/wp-json\/wp\/v2\/types\/product"}],"replies":[{"embeddable":true,"href":"https:\/\/skaitytaknyga.lt\/en\/wp-json\/wp\/v2\/comments?post=21880"}],"wp:featuredmedia":[{"embeddable":true,"href":"https:\/\/skaitytaknyga.lt\/en\/wp-json\/wp\/v2\/media\/21885"}],"wp:attachment":[{"href":"https:\/\/skaitytaknyga.lt\/en\/wp-json\/wp\/v2\/media?parent=21880"}],"wp:term":[{"taxonomy":"product_brand","embeddable":true,"href":"https:\/\/skaitytaknyga.lt\/en\/wp-json\/wp\/v2\/product_brand?post=21880"},{"taxonomy":"product_cat","embeddable":true,"href":"https:\/\/skaitytaknyga.lt\/en\/wp-json\/wp\/v2\/product_cat?post=21880"},{"taxonomy":"product_tag","embeddable":true,"href":"https:\/\/skaitytaknyga.lt\/en\/wp-json\/wp\/v2\/product_tag?post=21880"}],"curies":[{"name":"wp","href":"https:\/\/api.w.org\/{rel}","templated":true}]}}