{"id":21878,"date":"2025-11-07T20:32:04","date_gmt":"2025-11-07T18:32:04","guid":{"rendered":"https:\/\/skaitytaknyga.lt\/?post_type=product&#038;p=21878"},"modified":"2025-11-13T19:34:46","modified_gmt":"2025-11-13T17:34:46","slug":"zemyn","status":"publish","type":"product","link":"https:\/\/skaitytaknyga.lt\/en\/produktas\/zemyn\/","title":{"rendered":"\u017demyn"},"content":{"rendered":"<p>Laikas nuspr\u0119sti.<br \/>\nSurado ranken\u0117l\u0119, esan\u010di\u0105 greta kairiojo \u0161ono.<br \/>\nSmarkiai timptel\u0117jo.<br \/>\nU\u017esimerk\u0117.<\/p>\n<p>Reik\u0117jo keleto sekund\u017ei\u0173, kad suprast\u0173, ar para\u0161iutas i\u0161siskleid\u0117.<br \/>\nAr buvo lemta trenktis \u012f \u017eem\u0119 ir i\u0161 karto mirti.<br \/>\n1971 metais vyri\u0161kis i\u0161sigalvotu D. B. Kuperio vardu u\u017egrob\u0117 vienos Amerikos oro linij\u0173 bendrov\u0117s l\u0117ktuv\u0105 ir papra\u0161\u0117 atgabenti du \u0161imtus t\u016bkstan\u010di\u0173 doleri\u0173 bei para\u0161iut\u0105. Tai vienintelis neatskleistas nusikaltimas Amerikos aviacijos istorijoje. \u0160i istorija yra tikra.<br \/>\nPrab\u0117gus trisde\u0161imt penkeriems metams po \u012fvykio, penkiolikmetis Rastas stumia dienas su savo draug\u0173 \u0161utve, jo t\u0117vo da\u017enai neb\u016bna namuose, o mama nuolat apsvaigusi nuo kvai\u0161al\u0173. Regis, tik senis Karteris jaunuoliui suteikia dar vien\u0105 galimyb\u0119. Jis i\u0161moko Rast\u0105 dirbti ir pakreipia vaikino gyvenim\u0105 visai kita linkme. Kart\u0105 Rasto mama patenka \u012f b\u0117d\u0105 ir panikos apimtas vaikinas bando apipl\u0117\u0161ti degalin\u0119, pasinaudodamas \u0161utv\u0117s ginklu&#8230;<br \/>\nAtrodo, i\u0161eities jau n\u0117ra, ta\u010diau, kaip sako senis Karteris, \u201evisuomet egzistuoja dar viena galimyb\u0117\u201c. Visuomet.<br \/>\nDvi nuotyki\u0173, dr\u0105sos, \u017emogi\u0161kumo kupinos istorijos susipina \u0161iame stulbinan\u010diame, jaudinan\u010diame ir meistri\u0161kai para\u0161ytame romane.<br \/>\n        \u201eSkaitydamas \u0161i\u0105 knyg\u0105 pasijunti taip, tarsi \u0161oktum su para\u0161iutu: \u0161ok ir m\u0117gaukis \u0161uoliu.\u201c Davide\u02bcas Morosinotto<\/p>\n","protected":false},"excerpt":{"rendered":"<p>Laikas nuspr\u0119sti. Surado ranken\u0117l\u0119, esan\u010di\u0105 greta kairiojo \u0161ono. Smarkiai timptel\u0117jo. U\u017esimerk\u0117. Reik\u0117jo keleto sekund\u017ei\u0173, kad suprast\u0173, ar para\u0161iutas i\u0161siskleid\u0117. Ar buvo lemta trenktis \u012f \u017eem\u0119 ir i\u0161 karto mirti. 1971 metais vyri\u0161kis i\u0161sigalvotu D. B. Kuperio vardu u\u017egrob\u0117 vienos Amerikos oro linij\u0173 bendrov\u0117s l\u0117ktuv\u0105 ir papra\u0161\u0117 atgabenti du \u0161imtus t\u016bkstan\u010di\u0173 doleri\u0173 bei para\u0161iut\u0105. Tai vienintelis neatskleistas nusikaltimas Amerikos aviacijos istorijoje. \u0160i istorija yra tikra. Prab\u0117gus trisde\u0161imt penkeriems metams po \u012fvykio, penkiolikmetis Rastas stumia dienas su savo draug\u0173 \u0161utve, jo t\u0117vo da\u017enai neb\u016bna namuose, o mama nuolat apsvaigusi nuo kvai\u0161al\u0173. Regis, tik senis Karteris jaunuoliui suteikia dar vien\u0105 galimyb\u0119. Jis i\u0161moko Rast\u0105 dirbti ir pakreipia vaikino gyvenim\u0105 visai kita linkme. Kart\u0105 Rasto mama patenka \u012f b\u0117d\u0105 ir panikos apimtas vaikinas bando apipl\u0117\u0161ti degalin\u0119, pasinaudodamas \u0161utv\u0117s ginklu&#8230; Atrodo, i\u0161eities jau n\u0117ra, ta\u010diau, kaip sako senis Karteris, \u201evisuomet egzistuoja dar viena galimyb\u0117\u201c. Visuomet. Dvi nuotyki\u0173, dr\u0105sos, \u017emogi\u0161kumo kupinos istorijos susipina \u0161iame stulbinan\u010diame, jaudinan\u010diame ir meistri\u0161kai para\u0161ytame romane. \u201eSkaitydamas \u0161i\u0105 knyg\u0105 pasijunti taip, tarsi \u0161oktum su para\u0161iutu: \u0161ok ir m\u0117gaukis \u0161uoliu.\u201c Davide\u02bcas Morosinotto<\/p>\n","protected":false},"featured_media":21883,"comment_status":"open","ping_status":"closed","template":"","meta":{"_acf_changed":false,"site-sidebar-layout":"default","site-content-layout":"","ast-site-content-layout":"default","site-content-style":"default","site-sidebar-style":"default","ast-global-header-display":"","ast-banner-title-visibility":"","ast-main-header-display":"","ast-hfb-above-header-display":"","ast-hfb-below-header-display":"","ast-hfb-mobile-header-display":"","site-post-title":"","ast-breadcrumbs-content":"","ast-featured-img":"","footer-sml-layout":"","ast-disable-related-posts":"","theme-transparent-header-meta":"","adv-header-id-meta":"","stick-header-meta":"","header-above-stick-meta":"","header-main-stick-meta":"","header-below-stick-meta":"","astra-migrate-meta-layouts":"default","ast-page-background-enabled":"default","ast-page-background-meta":{"desktop":{"background-color":"","background-image":"","background-repeat":"repeat","background-position":"center center","background-size":"auto","background-attachment":"scroll","background-type":"","background-media":"","overlay-type":"","overlay-color":"","overlay-opacity":"","overlay-gradient":""},"tablet":{"background-color":"","background-image":"","background-repeat":"repeat","background-position":"center center","background-size":"auto","background-attachment":"scroll","background-type":"","background-media":"","overlay-type":"","overlay-color":"","overlay-opacity":"","overlay-gradient":""},"mobile":{"background-color":"","background-image":"","background-repeat":"repeat","background-position":"center center","background-size":"auto","background-attachment":"scroll","background-type":"","background-media":"","overlay-type":"","overlay-color":"","overlay-opacity":"","overlay-gradient":""}},"ast-content-background-meta":{"desktop":{"background-color":"var(--ast-global-color-4)","background-image":"","background-repeat":"repeat","background-position":"center center","background-size":"auto","background-attachment":"scroll","background-type":"","background-media":"","overlay-type":"","overlay-color":"","overlay-opacity":"","overlay-gradient":""},"tablet":{"background-color":"var(--ast-global-color-4)","background-image":"","background-repeat":"repeat","background-position":"center center","background-size":"auto","background-attachment":"scroll","background-type":"","background-media":"","overlay-type":"","overlay-color":"","overlay-opacity":"","overlay-gradient":""},"mobile":{"background-color":"var(--ast-global-color-4)","background-image":"","background-repeat":"repeat","background-position":"center center","background-size":"auto","background-attachment":"scroll","background-type":"","background-media":"","overlay-type":"","overlay-color":"","overlay-opacity":"","overlay-gradient":""}}},"product_brand":[],"product_cat":[15],"product_tag":[],"class_list":{"0":"post-21878","1":"product","2":"type-product","3":"status-publish","4":"has-post-thumbnail","6":"product_cat-uncategorized","7":"desktop-align-left","8":"tablet-align-left","9":"mobile-align-left","11":"first","12":"instock","13":"shipping-taxable","14":"purchasable","15":"product-type-simple"},"acf":[],"yoast_head":"<!-- This site is optimized with the Yoast SEO plugin v27.0 - https:\/\/yoast.com\/product\/yoast-seo-wordpress\/ -->\n<title>\u017demyn<\/title>\n<meta name=\"description\" content=\"Laikas nuspr\u0119sti. Surado ranken\u0117l\u0119, esan\u010di\u0105 greta kairiojo \u0161ono. Smarkiai timptel\u0117jo. U\u017esimerk\u0117. Reik\u0117jo keleto sekund\u017ei\u0173, kad suprast\u0173, ar para\u0161iutas\" \/>\n<meta name=\"robots\" content=\"index, follow, max-snippet:-1, max-image-preview:large, max-video-preview:-1\" \/>\n<link rel=\"canonical\" href=\"https:\/\/skaitytaknyga.lt\/en\/produktas\/zemyn\/\" \/>\n<meta property=\"og:locale\" content=\"en_GB\" \/>\n<meta property=\"og:locale:alternate\" content=\"lt_LT\" \/>\n<meta property=\"og:type\" content=\"article\" \/>\n<meta property=\"og:title\" content=\"\u017demyn\" \/>\n<meta property=\"og:description\" content=\"Laikas nuspr\u0119sti. Surado ranken\u0117l\u0119, esan\u010di\u0105 greta kairiojo \u0161ono. Smarkiai timptel\u0117jo. U\u017esimerk\u0117. Reik\u0117jo keleto sekund\u017ei\u0173, kad suprast\u0173, ar para\u0161iutas\" \/>\n<meta property=\"og:url\" content=\"https:\/\/skaitytaknyga.lt\/en\/produktas\/zemyn\/\" \/>\n<meta property=\"og:site_name\" content=\"Skaitytaknyga\" \/>\n<meta property=\"article:publisher\" content=\"https:\/\/www.facebook.com\/skaitytaknyga\/\" \/>\n<meta property=\"article:modified_time\" content=\"2025-11-13T17:34:46+00:00\" \/>\n<meta property=\"og:image\" content=\"https:\/\/skaitytaknyga.lt\/wp-content\/uploads\/2025\/11\/Zemyn.webp\" \/>\n\t<meta property=\"og:image:width\" content=\"300\" \/>\n\t<meta property=\"og:image:height\" content=\"447\" \/>\n\t<meta property=\"og:image:type\" content=\"image\/webp\" \/>\n<meta name=\"twitter:card\" content=\"summary_large_image\" \/>\n<meta name=\"twitter:label1\" content=\"Estimated reading time\" \/>\n\t<meta name=\"twitter:data1\" content=\"1 minute\" \/>\n<script type=\"application\/ld+json\" class=\"yoast-schema-graph\">{\"@context\":\"https:\/\/schema.org\",\"@graph\":[{\"@type\":\"WebPage\",\"@id\":\"https:\/\/skaitytaknyga.lt\/produktas\/zemyn\/\",\"url\":\"https:\/\/skaitytaknyga.lt\/produktas\/zemyn\/\",\"name\":\"\u017demyn\",\"isPartOf\":{\"@id\":\"https:\/\/skaitytaknyga.lt\/#website\"},\"primaryImageOfPage\":{\"@id\":\"https:\/\/skaitytaknyga.lt\/produktas\/zemyn\/#primaryimage\"},\"image\":{\"@id\":\"https:\/\/skaitytaknyga.lt\/produktas\/zemyn\/#primaryimage\"},\"thumbnailUrl\":\"https:\/\/skaitytaknyga.lt\/wp-content\/uploads\/2025\/11\/Zemyn.webp\",\"datePublished\":\"2025-11-07T18:32:04+00:00\",\"dateModified\":\"2025-11-13T17:34:46+00:00\",\"description\":\"Laikas nuspr\u0119sti. Surado ranken\u0117l\u0119, esan\u010di\u0105 greta kairiojo \u0161ono. Smarkiai timptel\u0117jo. U\u017esimerk\u0117. Reik\u0117jo keleto sekund\u017ei\u0173, kad suprast\u0173, ar para\u0161iutas\",\"breadcrumb\":{\"@id\":\"https:\/\/skaitytaknyga.lt\/produktas\/zemyn\/#breadcrumb\"},\"inLanguage\":\"en-GB\",\"potentialAction\":[{\"@type\":\"ReadAction\",\"target\":[\"https:\/\/skaitytaknyga.lt\/produktas\/zemyn\/\"]}]},{\"@type\":\"ImageObject\",\"inLanguage\":\"en-GB\",\"@id\":\"https:\/\/skaitytaknyga.lt\/produktas\/zemyn\/#primaryimage\",\"url\":\"https:\/\/skaitytaknyga.lt\/wp-content\/uploads\/2025\/11\/Zemyn.webp\",\"contentUrl\":\"https:\/\/skaitytaknyga.lt\/wp-content\/uploads\/2025\/11\/Zemyn.webp\",\"width\":300,\"height\":447,\"caption\":\"\u017demyn\"},{\"@type\":\"BreadcrumbList\",\"@id\":\"https:\/\/skaitytaknyga.lt\/produktas\/zemyn\/#breadcrumb\",\"itemListElement\":[{\"@type\":\"ListItem\",\"position\":1,\"name\":\"Home\",\"item\":\"https:\/\/skaitytaknyga.lt\/\"},{\"@type\":\"ListItem\",\"position\":2,\"name\":\"Parduotuv\u0117\",\"item\":\"https:\/\/skaitytaknyga.lt\/knygu-parduotuve\/\"},{\"@type\":\"ListItem\",\"position\":3,\"name\":\"\u017demyn\"}]},{\"@type\":\"WebSite\",\"@id\":\"https:\/\/skaitytaknyga.lt\/#website\",\"url\":\"https:\/\/skaitytaknyga.lt\/\",\"name\":\"skaitytaknyga.lt\",\"description\":\"Skaitytaknyga.lt \u2013 tai ma\u017eas \u0161eimos verslas, kuris prasid\u0117jo nuo meil\u0117s knygoms ir siekio i\u0161gelb\u0117ti knygas nuo likimo prie konteinerio. Kas vienam nereikalingas daiktas \u2013 kitam lobis, o mes esame tarpininkai, kurie padeda abiems tapti laimingesniems ???? \u017dinome kaip nelengva i\u0161gyventi ma\u017eiems verslams, tad nuo \u0161iol, \u010dia rasite ir kit\u0173, ma\u017e\u0173 \u0161eim\u0173 versl\u0173, rank\u0173 darbo, dovan\u0173 sau ir artimiesiems.\",\"publisher\":{\"@id\":\"https:\/\/skaitytaknyga.lt\/#organization\"},\"potentialAction\":[{\"@type\":\"SearchAction\",\"target\":{\"@type\":\"EntryPoint\",\"urlTemplate\":\"https:\/\/skaitytaknyga.lt\/?s={search_term_string}\"},\"query-input\":{\"@type\":\"PropertyValueSpecification\",\"valueRequired\":true,\"valueName\":\"search_term_string\"}}],\"inLanguage\":\"en-GB\"},{\"@type\":\"Organization\",\"@id\":\"https:\/\/skaitytaknyga.lt\/#organization\",\"name\":\"skaitytaknyga.lt\",\"url\":\"https:\/\/skaitytaknyga.lt\/\",\"logo\":{\"@type\":\"ImageObject\",\"inLanguage\":\"en-GB\",\"@id\":\"https:\/\/skaitytaknyga.lt\/#\/schema\/logo\/image\/\",\"url\":\"https:\/\/skaitytaknyga.lt\/wp-content\/uploads\/2024\/05\/cropped-cropped-cropped-02_00843_jt3bggkj1j3HLc7SyY6rEUpg.jpeg\",\"contentUrl\":\"https:\/\/skaitytaknyga.lt\/wp-content\/uploads\/2024\/05\/cropped-cropped-cropped-02_00843_jt3bggkj1j3HLc7SyY6rEUpg.jpeg\",\"width\":1600,\"height\":1600,\"caption\":\"skaitytaknyga.lt\"},\"image\":{\"@id\":\"https:\/\/skaitytaknyga.lt\/#\/schema\/logo\/image\/\"},\"sameAs\":[\"https:\/\/www.facebook.com\/skaitytaknyga\/\"]}]}<\/script>\n<!-- \/ Yoast SEO plugin. -->","yoast_head_json":{"title":"\u017demyn","description":"Laikas nuspr\u0119sti. Surado ranken\u0117l\u0119, esan\u010di\u0105 greta kairiojo \u0161ono. Smarkiai timptel\u0117jo. U\u017esimerk\u0117. Reik\u0117jo keleto sekund\u017ei\u0173, kad suprast\u0173, ar para\u0161iutas","robots":{"index":"index","follow":"follow","max-snippet":"max-snippet:-1","max-image-preview":"max-image-preview:large","max-video-preview":"max-video-preview:-1"},"canonical":"https:\/\/skaitytaknyga.lt\/en\/produktas\/zemyn\/","og_locale":"en_GB","og_type":"article","og_title":"[:lt]\u017demyn[:] - Skaitytaknyga","og_description":"Laikas nuspr\u0119sti. Surado ranken\u0117l\u0119, esan\u010di\u0105 greta kairiojo \u0161ono. Smarkiai timptel\u0117jo. U\u017esimerk\u0117. Reik\u0117jo keleto sekund\u017ei\u0173, kad suprast\u0173, ar para\u0161iutas","og_url":"https:\/\/skaitytaknyga.lt\/en\/produktas\/zemyn\/","og_site_name":"Skaitytaknyga","article_publisher":"https:\/\/www.facebook.com\/skaitytaknyga\/","article_modified_time":"2025-11-13T17:34:46+00:00","og_image":[{"width":300,"height":447,"url":"https:\/\/skaitytaknyga.lt\/wp-content\/uploads\/2025\/11\/Zemyn.webp","type":"image\/webp"}],"twitter_card":"summary_large_image","twitter_misc":{"Estimated reading time":"1 minute"},"schema":{"@context":"https:\/\/schema.org","@graph":[{"@type":"WebPage","@id":"https:\/\/skaitytaknyga.lt\/produktas\/zemyn\/","url":"https:\/\/skaitytaknyga.lt\/produktas\/zemyn\/","name":"\u017demyn","isPartOf":{"@id":"https:\/\/skaitytaknyga.lt\/#website"},"primaryImageOfPage":{"@id":"https:\/\/skaitytaknyga.lt\/produktas\/zemyn\/#primaryimage"},"image":{"@id":"https:\/\/skaitytaknyga.lt\/produktas\/zemyn\/#primaryimage"},"thumbnailUrl":"https:\/\/skaitytaknyga.lt\/wp-content\/uploads\/2025\/11\/Zemyn.webp","datePublished":"2025-11-07T18:32:04+00:00","dateModified":"2025-11-13T17:34:46+00:00","description":"Laikas nuspr\u0119sti. Surado ranken\u0117l\u0119, esan\u010di\u0105 greta kairiojo \u0161ono. Smarkiai timptel\u0117jo. U\u017esimerk\u0117. Reik\u0117jo keleto sekund\u017ei\u0173, kad suprast\u0173, ar para\u0161iutas","breadcrumb":{"@id":"https:\/\/skaitytaknyga.lt\/produktas\/zemyn\/#breadcrumb"},"inLanguage":"en-GB","potentialAction":[{"@type":"ReadAction","target":["https:\/\/skaitytaknyga.lt\/produktas\/zemyn\/"]}]},{"@type":"ImageObject","inLanguage":"en-GB","@id":"https:\/\/skaitytaknyga.lt\/produktas\/zemyn\/#primaryimage","url":"https:\/\/skaitytaknyga.lt\/wp-content\/uploads\/2025\/11\/Zemyn.webp","contentUrl":"https:\/\/skaitytaknyga.lt\/wp-content\/uploads\/2025\/11\/Zemyn.webp","width":300,"height":447,"caption":"\u017demyn"},{"@type":"BreadcrumbList","@id":"https:\/\/skaitytaknyga.lt\/produktas\/zemyn\/#breadcrumb","itemListElement":[{"@type":"ListItem","position":1,"name":"Home","item":"https:\/\/skaitytaknyga.lt\/"},{"@type":"ListItem","position":2,"name":"Parduotuv\u0117","item":"https:\/\/skaitytaknyga.lt\/knygu-parduotuve\/"},{"@type":"ListItem","position":3,"name":"\u017demyn"}]},{"@type":"WebSite","@id":"https:\/\/skaitytaknyga.lt\/#website","url":"https:\/\/skaitytaknyga.lt\/","name":"skaitytaknyga.lt","description":"Skaitytaknyga.lt \u2013 tai ma\u017eas \u0161eimos verslas, kuris prasid\u0117jo nuo meil\u0117s knygoms ir siekio i\u0161gelb\u0117ti knygas nuo likimo prie konteinerio. Kas vienam nereikalingas daiktas \u2013 kitam lobis, o mes esame tarpininkai, kurie padeda abiems tapti laimingesniems ???? \u017dinome kaip nelengva i\u0161gyventi ma\u017eiems verslams, tad nuo \u0161iol, \u010dia rasite ir kit\u0173, ma\u017e\u0173 \u0161eim\u0173 versl\u0173, rank\u0173 darbo, dovan\u0173 sau ir artimiesiems.","publisher":{"@id":"https:\/\/skaitytaknyga.lt\/#organization"},"potentialAction":[{"@type":"SearchAction","target":{"@type":"EntryPoint","urlTemplate":"https:\/\/skaitytaknyga.lt\/?s={search_term_string}"},"query-input":{"@type":"PropertyValueSpecification","valueRequired":true,"valueName":"search_term_string"}}],"inLanguage":"en-GB"},{"@type":"Organization","@id":"https:\/\/skaitytaknyga.lt\/#organization","name":"skaitytaknyga.lt","url":"https:\/\/skaitytaknyga.lt\/","logo":{"@type":"ImageObject","inLanguage":"en-GB","@id":"https:\/\/skaitytaknyga.lt\/#\/schema\/logo\/image\/","url":"https:\/\/skaitytaknyga.lt\/wp-content\/uploads\/2024\/05\/cropped-cropped-cropped-02_00843_jt3bggkj1j3HLc7SyY6rEUpg.jpeg","contentUrl":"https:\/\/skaitytaknyga.lt\/wp-content\/uploads\/2024\/05\/cropped-cropped-cropped-02_00843_jt3bggkj1j3HLc7SyY6rEUpg.jpeg","width":1600,"height":1600,"caption":"skaitytaknyga.lt"},"image":{"@id":"https:\/\/skaitytaknyga.lt\/#\/schema\/logo\/image\/"},"sameAs":["https:\/\/www.facebook.com\/skaitytaknyga\/"]}]}},"_links":{"self":[{"href":"https:\/\/skaitytaknyga.lt\/en\/wp-json\/wp\/v2\/product\/21878","targetHints":{"allow":["GET"]}}],"collection":[{"href":"https:\/\/skaitytaknyga.lt\/en\/wp-json\/wp\/v2\/product"}],"about":[{"href":"https:\/\/skaitytaknyga.lt\/en\/wp-json\/wp\/v2\/types\/product"}],"replies":[{"embeddable":true,"href":"https:\/\/skaitytaknyga.lt\/en\/wp-json\/wp\/v2\/comments?post=21878"}],"wp:featuredmedia":[{"embeddable":true,"href":"https:\/\/skaitytaknyga.lt\/en\/wp-json\/wp\/v2\/media\/21883"}],"wp:attachment":[{"href":"https:\/\/skaitytaknyga.lt\/en\/wp-json\/wp\/v2\/media?parent=21878"}],"wp:term":[{"taxonomy":"product_brand","embeddable":true,"href":"https:\/\/skaitytaknyga.lt\/en\/wp-json\/wp\/v2\/product_brand?post=21878"},{"taxonomy":"product_cat","embeddable":true,"href":"https:\/\/skaitytaknyga.lt\/en\/wp-json\/wp\/v2\/product_cat?post=21878"},{"taxonomy":"product_tag","embeddable":true,"href":"https:\/\/skaitytaknyga.lt\/en\/wp-json\/wp\/v2\/product_tag?post=21878"}],"curies":[{"name":"wp","href":"https:\/\/api.w.org\/{rel}","templated":true}]}}