{"id":21877,"date":"2025-11-07T20:32:03","date_gmt":"2025-11-07T18:32:03","guid":{"rendered":"https:\/\/skaitytaknyga.lt\/?post_type=product&#038;p=21877"},"modified":"2025-11-13T19:34:46","modified_gmt":"2025-11-13T17:34:46","slug":"39-salto-mortale","status":"publish","type":"product","link":"https:\/\/skaitytaknyga.lt\/en\/produktas\/39-salto-mortale\/","title":{"rendered":"39 salto mortale"},"content":{"rendered":"<p>&#8220;Gerai, prad\u0117sim nuo p\u0117dkelni\u0173, nors \u017eymiai geriau yra kojin\u0117s.<br \/>\nP\u0117dkeln\u0117s skirtos tik pl\u0117\u0161ikams. Kartais dar galima jas ne\u0161ioti, tik<br \/>\nsvarbu, kad niekas, gink Dieve, nematyt\u0173 J\u016bs\u0173 maunantis jas. Net<br \/>\nrafinuotieji pranc\u016bzai filmuose i\u0161dr\u012fsta parodyti tik p\u0117dkelnes<br \/>\nnusimaunan\u010di\u0105 moter\u012f. Mano nuomone, tai pats antieroti\u0161kiausias r\u016bbas.<br \/>\n\u012esivaizduokite moter\u012f, besimaunan\u010di\u0105 rudas, gerokai tamsesnes u\u017e k\u016bn\u0105<br \/>\nsintetines p\u0117dkelnes. U\u017esitraukian\u010di\u0105 jas iki liemens&#8230; Geriau<br \/>\nne\u017ei\u016br\u0117ti. Tik fotografai savo nuotraukose sugeba parodyti \u0161io drabu\u017eio<br \/>\neroti\u0161kum\u0105, bet tai jau i\u0161 genialumo srities, o mums, paprastoms<br \/>\nmirtingosioms, patartina pasir\u016bpinti, kad niekas nepamatyt\u0173 n\u0117 tos<br \/>\ni\u0161naros, kuri lieka jas nusiavus. Dress kodas, kai privalai savo k\u016bn\u0105<br \/>\n\u012fgr\u016bsti \u012f ka\u017ekok\u012f sintetin\u012f mai\u0161el\u012f, gali \u017eav\u0117ti tik darbdavius.<\/p>\n<p>Visai kas kita yra kojin\u0117s&#8230;&#8221;<\/p>\n<p>(i\u0161trauka i\u0161 novelet\u0117s &#8220;Kas tinka pl\u0117\u0161ikams, bet ne\u0161ioja ir moterys&#8221;)<\/p>\n","protected":false},"excerpt":{"rendered":"<p>&#8220;Gerai, prad\u0117sim nuo p\u0117dkelni\u0173, nors \u017eymiai geriau yra kojin\u0117s. P\u0117dkeln\u0117s skirtos tik pl\u0117\u0161ikams. Kartais dar galima jas ne\u0161ioti, tik svarbu, kad niekas, gink Dieve, nematyt\u0173 J\u016bs\u0173 maunantis jas. Net rafinuotieji pranc\u016bzai filmuose i\u0161dr\u012fsta parodyti tik p\u0117dkelnes nusimaunan\u010di\u0105 moter\u012f. Mano nuomone, tai pats antieroti\u0161kiausias r\u016bbas. \u012esivaizduokite moter\u012f, besimaunan\u010di\u0105 rudas, gerokai tamsesnes u\u017e k\u016bn\u0105 sintetines p\u0117dkelnes. U\u017esitraukian\u010di\u0105 jas iki liemens&#8230; Geriau ne\u017ei\u016br\u0117ti. Tik fotografai savo nuotraukose sugeba parodyti \u0161io drabu\u017eio eroti\u0161kum\u0105, bet tai jau i\u0161 genialumo srities, o mums, paprastoms mirtingosioms, patartina pasir\u016bpinti, kad niekas nepamatyt\u0173 n\u0117 tos i\u0161naros, kuri lieka jas nusiavus. Dress kodas, kai privalai savo k\u016bn\u0105 \u012fgr\u016bsti \u012f ka\u017ekok\u012f sintetin\u012f mai\u0161el\u012f, gali \u017eav\u0117ti tik darbdavius. Visai kas kita yra kojin\u0117s&#8230;&#8221; (i\u0161trauka i\u0161 novelet\u0117s &#8220;Kas tinka pl\u0117\u0161ikams, bet ne\u0161ioja ir moterys&#8221;)<\/p>\n","protected":false},"featured_media":21882,"comment_status":"open","ping_status":"closed","template":"","meta":{"_acf_changed":false,"site-sidebar-layout":"default","site-content-layout":"","ast-site-content-layout":"default","site-content-style":"default","site-sidebar-style":"default","ast-global-header-display":"","ast-banner-title-visibility":"","ast-main-header-display":"","ast-hfb-above-header-display":"","ast-hfb-below-header-display":"","ast-hfb-mobile-header-display":"","site-post-title":"","ast-breadcrumbs-content":"","ast-featured-img":"","footer-sml-layout":"","ast-disable-related-posts":"","theme-transparent-header-meta":"","adv-header-id-meta":"","stick-header-meta":"","header-above-stick-meta":"","header-main-stick-meta":"","header-below-stick-meta":"","astra-migrate-meta-layouts":"default","ast-page-background-enabled":"default","ast-page-background-meta":{"desktop":{"background-color":"","background-image":"","background-repeat":"repeat","background-position":"center center","background-size":"auto","background-attachment":"scroll","background-type":"","background-media":"","overlay-type":"","overlay-color":"","overlay-opacity":"","overlay-gradient":""},"tablet":{"background-color":"","background-image":"","background-repeat":"repeat","background-position":"center center","background-size":"auto","background-attachment":"scroll","background-type":"","background-media":"","overlay-type":"","overlay-color":"","overlay-opacity":"","overlay-gradient":""},"mobile":{"background-color":"","background-image":"","background-repeat":"repeat","background-position":"center center","background-size":"auto","background-attachment":"scroll","background-type":"","background-media":"","overlay-type":"","overlay-color":"","overlay-opacity":"","overlay-gradient":""}},"ast-content-background-meta":{"desktop":{"background-color":"var(--ast-global-color-4)","background-image":"","background-repeat":"repeat","background-position":"center center","background-size":"auto","background-attachment":"scroll","background-type":"","background-media":"","overlay-type":"","overlay-color":"","overlay-opacity":"","overlay-gradient":""},"tablet":{"background-color":"var(--ast-global-color-4)","background-image":"","background-repeat":"repeat","background-position":"center center","background-size":"auto","background-attachment":"scroll","background-type":"","background-media":"","overlay-type":"","overlay-color":"","overlay-opacity":"","overlay-gradient":""},"mobile":{"background-color":"var(--ast-global-color-4)","background-image":"","background-repeat":"repeat","background-position":"center center","background-size":"auto","background-attachment":"scroll","background-type":"","background-media":"","overlay-type":"","overlay-color":"","overlay-opacity":"","overlay-gradient":""}}},"product_brand":[],"product_cat":[15],"product_tag":[],"class_list":{"0":"post-21877","1":"product","2":"type-product","3":"status-publish","4":"has-post-thumbnail","6":"product_cat-uncategorized","7":"desktop-align-left","8":"tablet-align-left","9":"mobile-align-left","11":"first","12":"instock","13":"shipping-taxable","14":"purchasable","15":"product-type-simple"},"acf":[],"yoast_head":"<!-- This site is optimized with the Yoast SEO plugin v27.0 - https:\/\/yoast.com\/product\/yoast-seo-wordpress\/ -->\n<title>39 salto mortale<\/title>\n<meta name=\"description\" content=\"&quot;Gerai, prad\u0117sim nuo p\u0117dkelni\u0173, nors \u017eymiai geriau yra kojin\u0117s. P\u0117dkeln\u0117s skirtos tik pl\u0117\u0161ikams. Kartais dar galima jas ne\u0161ioti, tik svarbu, kad niekas,\" \/>\n<meta name=\"robots\" content=\"index, follow, max-snippet:-1, max-image-preview:large, max-video-preview:-1\" \/>\n<link rel=\"canonical\" href=\"https:\/\/skaitytaknyga.lt\/en\/produktas\/39-salto-mortale\/\" \/>\n<meta property=\"og:locale\" content=\"en_GB\" \/>\n<meta property=\"og:locale:alternate\" content=\"lt_LT\" \/>\n<meta property=\"og:type\" content=\"article\" \/>\n<meta property=\"og:title\" content=\"39 salto mortale\" \/>\n<meta property=\"og:description\" content=\"&quot;Gerai, prad\u0117sim nuo p\u0117dkelni\u0173, nors \u017eymiai geriau yra kojin\u0117s. P\u0117dkeln\u0117s skirtos tik pl\u0117\u0161ikams. Kartais dar galima jas ne\u0161ioti, tik svarbu, kad niekas,\" \/>\n<meta property=\"og:url\" content=\"https:\/\/skaitytaknyga.lt\/en\/produktas\/39-salto-mortale\/\" \/>\n<meta property=\"og:site_name\" content=\"Skaitytaknyga\" \/>\n<meta property=\"article:publisher\" content=\"https:\/\/www.facebook.com\/skaitytaknyga\/\" \/>\n<meta property=\"article:modified_time\" content=\"2025-11-13T17:34:46+00:00\" \/>\n<meta property=\"og:image\" content=\"https:\/\/skaitytaknyga.lt\/wp-content\/uploads\/2025\/11\/39-salto-mortale.webp\" \/>\n\t<meta property=\"og:image:width\" content=\"299\" \/>\n\t<meta property=\"og:image:height\" content=\"450\" \/>\n\t<meta property=\"og:image:type\" content=\"image\/webp\" \/>\n<meta name=\"twitter:card\" content=\"summary_large_image\" \/>\n<meta name=\"twitter:label1\" content=\"Estimated reading time\" \/>\n\t<meta name=\"twitter:data1\" content=\"1 minute\" \/>\n<script type=\"application\/ld+json\" class=\"yoast-schema-graph\">{\"@context\":\"https:\/\/schema.org\",\"@graph\":[{\"@type\":\"WebPage\",\"@id\":\"https:\/\/skaitytaknyga.lt\/produktas\/39-salto-mortale\/\",\"url\":\"https:\/\/skaitytaknyga.lt\/produktas\/39-salto-mortale\/\",\"name\":\"39 salto mortale\",\"isPartOf\":{\"@id\":\"https:\/\/skaitytaknyga.lt\/#website\"},\"primaryImageOfPage\":{\"@id\":\"https:\/\/skaitytaknyga.lt\/produktas\/39-salto-mortale\/#primaryimage\"},\"image\":{\"@id\":\"https:\/\/skaitytaknyga.lt\/produktas\/39-salto-mortale\/#primaryimage\"},\"thumbnailUrl\":\"https:\/\/skaitytaknyga.lt\/wp-content\/uploads\/2025\/11\/39-salto-mortale.webp\",\"datePublished\":\"2025-11-07T18:32:03+00:00\",\"dateModified\":\"2025-11-13T17:34:46+00:00\",\"description\":\"\\\"Gerai, prad\u0117sim nuo p\u0117dkelni\u0173, nors \u017eymiai geriau yra kojin\u0117s. P\u0117dkeln\u0117s skirtos tik pl\u0117\u0161ikams. Kartais dar galima jas ne\u0161ioti, tik svarbu, kad niekas,\",\"breadcrumb\":{\"@id\":\"https:\/\/skaitytaknyga.lt\/produktas\/39-salto-mortale\/#breadcrumb\"},\"inLanguage\":\"en-GB\",\"potentialAction\":[{\"@type\":\"ReadAction\",\"target\":[\"https:\/\/skaitytaknyga.lt\/produktas\/39-salto-mortale\/\"]}]},{\"@type\":\"ImageObject\",\"inLanguage\":\"en-GB\",\"@id\":\"https:\/\/skaitytaknyga.lt\/produktas\/39-salto-mortale\/#primaryimage\",\"url\":\"https:\/\/skaitytaknyga.lt\/wp-content\/uploads\/2025\/11\/39-salto-mortale.webp\",\"contentUrl\":\"https:\/\/skaitytaknyga.lt\/wp-content\/uploads\/2025\/11\/39-salto-mortale.webp\",\"width\":299,\"height\":450,\"caption\":\"39 salto mortale\"},{\"@type\":\"BreadcrumbList\",\"@id\":\"https:\/\/skaitytaknyga.lt\/produktas\/39-salto-mortale\/#breadcrumb\",\"itemListElement\":[{\"@type\":\"ListItem\",\"position\":1,\"name\":\"Home\",\"item\":\"https:\/\/skaitytaknyga.lt\/\"},{\"@type\":\"ListItem\",\"position\":2,\"name\":\"Parduotuv\u0117\",\"item\":\"https:\/\/skaitytaknyga.lt\/knygu-parduotuve\/\"},{\"@type\":\"ListItem\",\"position\":3,\"name\":\"39 salto mortale\"}]},{\"@type\":\"WebSite\",\"@id\":\"https:\/\/skaitytaknyga.lt\/#website\",\"url\":\"https:\/\/skaitytaknyga.lt\/\",\"name\":\"skaitytaknyga.lt\",\"description\":\"Skaitytaknyga.lt \u2013 tai ma\u017eas \u0161eimos verslas, kuris prasid\u0117jo nuo meil\u0117s knygoms ir siekio i\u0161gelb\u0117ti knygas nuo likimo prie konteinerio. Kas vienam nereikalingas daiktas \u2013 kitam lobis, o mes esame tarpininkai, kurie padeda abiems tapti laimingesniems ???? \u017dinome kaip nelengva i\u0161gyventi ma\u017eiems verslams, tad nuo \u0161iol, \u010dia rasite ir kit\u0173, ma\u017e\u0173 \u0161eim\u0173 versl\u0173, rank\u0173 darbo, dovan\u0173 sau ir artimiesiems.\",\"publisher\":{\"@id\":\"https:\/\/skaitytaknyga.lt\/#organization\"},\"potentialAction\":[{\"@type\":\"SearchAction\",\"target\":{\"@type\":\"EntryPoint\",\"urlTemplate\":\"https:\/\/skaitytaknyga.lt\/?s={search_term_string}\"},\"query-input\":{\"@type\":\"PropertyValueSpecification\",\"valueRequired\":true,\"valueName\":\"search_term_string\"}}],\"inLanguage\":\"en-GB\"},{\"@type\":\"Organization\",\"@id\":\"https:\/\/skaitytaknyga.lt\/#organization\",\"name\":\"skaitytaknyga.lt\",\"url\":\"https:\/\/skaitytaknyga.lt\/\",\"logo\":{\"@type\":\"ImageObject\",\"inLanguage\":\"en-GB\",\"@id\":\"https:\/\/skaitytaknyga.lt\/#\/schema\/logo\/image\/\",\"url\":\"https:\/\/skaitytaknyga.lt\/wp-content\/uploads\/2024\/05\/cropped-cropped-cropped-02_00843_jt3bggkj1j3HLc7SyY6rEUpg.jpeg\",\"contentUrl\":\"https:\/\/skaitytaknyga.lt\/wp-content\/uploads\/2024\/05\/cropped-cropped-cropped-02_00843_jt3bggkj1j3HLc7SyY6rEUpg.jpeg\",\"width\":1600,\"height\":1600,\"caption\":\"skaitytaknyga.lt\"},\"image\":{\"@id\":\"https:\/\/skaitytaknyga.lt\/#\/schema\/logo\/image\/\"},\"sameAs\":[\"https:\/\/www.facebook.com\/skaitytaknyga\/\"]}]}<\/script>\n<!-- \/ Yoast SEO plugin. -->","yoast_head_json":{"title":"39 salto mortale","description":"\"Gerai, prad\u0117sim nuo p\u0117dkelni\u0173, nors \u017eymiai geriau yra kojin\u0117s. P\u0117dkeln\u0117s skirtos tik pl\u0117\u0161ikams. Kartais dar galima jas ne\u0161ioti, tik svarbu, kad niekas,","robots":{"index":"index","follow":"follow","max-snippet":"max-snippet:-1","max-image-preview":"max-image-preview:large","max-video-preview":"max-video-preview:-1"},"canonical":"https:\/\/skaitytaknyga.lt\/en\/produktas\/39-salto-mortale\/","og_locale":"en_GB","og_type":"article","og_title":"[:lt]39 salto mortale[:] - Skaitytaknyga","og_description":"\"Gerai, prad\u0117sim nuo p\u0117dkelni\u0173, nors \u017eymiai geriau yra kojin\u0117s. P\u0117dkeln\u0117s skirtos tik pl\u0117\u0161ikams. Kartais dar galima jas ne\u0161ioti, tik svarbu, kad niekas,","og_url":"https:\/\/skaitytaknyga.lt\/en\/produktas\/39-salto-mortale\/","og_site_name":"Skaitytaknyga","article_publisher":"https:\/\/www.facebook.com\/skaitytaknyga\/","article_modified_time":"2025-11-13T17:34:46+00:00","og_image":[{"width":299,"height":450,"url":"https:\/\/skaitytaknyga.lt\/wp-content\/uploads\/2025\/11\/39-salto-mortale.webp","type":"image\/webp"}],"twitter_card":"summary_large_image","twitter_misc":{"Estimated reading time":"1 minute"},"schema":{"@context":"https:\/\/schema.org","@graph":[{"@type":"WebPage","@id":"https:\/\/skaitytaknyga.lt\/produktas\/39-salto-mortale\/","url":"https:\/\/skaitytaknyga.lt\/produktas\/39-salto-mortale\/","name":"39 salto mortale","isPartOf":{"@id":"https:\/\/skaitytaknyga.lt\/#website"},"primaryImageOfPage":{"@id":"https:\/\/skaitytaknyga.lt\/produktas\/39-salto-mortale\/#primaryimage"},"image":{"@id":"https:\/\/skaitytaknyga.lt\/produktas\/39-salto-mortale\/#primaryimage"},"thumbnailUrl":"https:\/\/skaitytaknyga.lt\/wp-content\/uploads\/2025\/11\/39-salto-mortale.webp","datePublished":"2025-11-07T18:32:03+00:00","dateModified":"2025-11-13T17:34:46+00:00","description":"\"Gerai, prad\u0117sim nuo p\u0117dkelni\u0173, nors \u017eymiai geriau yra kojin\u0117s. P\u0117dkeln\u0117s skirtos tik pl\u0117\u0161ikams. Kartais dar galima jas ne\u0161ioti, tik svarbu, kad niekas,","breadcrumb":{"@id":"https:\/\/skaitytaknyga.lt\/produktas\/39-salto-mortale\/#breadcrumb"},"inLanguage":"en-GB","potentialAction":[{"@type":"ReadAction","target":["https:\/\/skaitytaknyga.lt\/produktas\/39-salto-mortale\/"]}]},{"@type":"ImageObject","inLanguage":"en-GB","@id":"https:\/\/skaitytaknyga.lt\/produktas\/39-salto-mortale\/#primaryimage","url":"https:\/\/skaitytaknyga.lt\/wp-content\/uploads\/2025\/11\/39-salto-mortale.webp","contentUrl":"https:\/\/skaitytaknyga.lt\/wp-content\/uploads\/2025\/11\/39-salto-mortale.webp","width":299,"height":450,"caption":"39 salto mortale"},{"@type":"BreadcrumbList","@id":"https:\/\/skaitytaknyga.lt\/produktas\/39-salto-mortale\/#breadcrumb","itemListElement":[{"@type":"ListItem","position":1,"name":"Home","item":"https:\/\/skaitytaknyga.lt\/"},{"@type":"ListItem","position":2,"name":"Parduotuv\u0117","item":"https:\/\/skaitytaknyga.lt\/knygu-parduotuve\/"},{"@type":"ListItem","position":3,"name":"39 salto mortale"}]},{"@type":"WebSite","@id":"https:\/\/skaitytaknyga.lt\/#website","url":"https:\/\/skaitytaknyga.lt\/","name":"skaitytaknyga.lt","description":"Skaitytaknyga.lt \u2013 tai ma\u017eas \u0161eimos verslas, kuris prasid\u0117jo nuo meil\u0117s knygoms ir siekio i\u0161gelb\u0117ti knygas nuo likimo prie konteinerio. Kas vienam nereikalingas daiktas \u2013 kitam lobis, o mes esame tarpininkai, kurie padeda abiems tapti laimingesniems ???? \u017dinome kaip nelengva i\u0161gyventi ma\u017eiems verslams, tad nuo \u0161iol, \u010dia rasite ir kit\u0173, ma\u017e\u0173 \u0161eim\u0173 versl\u0173, rank\u0173 darbo, dovan\u0173 sau ir artimiesiems.","publisher":{"@id":"https:\/\/skaitytaknyga.lt\/#organization"},"potentialAction":[{"@type":"SearchAction","target":{"@type":"EntryPoint","urlTemplate":"https:\/\/skaitytaknyga.lt\/?s={search_term_string}"},"query-input":{"@type":"PropertyValueSpecification","valueRequired":true,"valueName":"search_term_string"}}],"inLanguage":"en-GB"},{"@type":"Organization","@id":"https:\/\/skaitytaknyga.lt\/#organization","name":"skaitytaknyga.lt","url":"https:\/\/skaitytaknyga.lt\/","logo":{"@type":"ImageObject","inLanguage":"en-GB","@id":"https:\/\/skaitytaknyga.lt\/#\/schema\/logo\/image\/","url":"https:\/\/skaitytaknyga.lt\/wp-content\/uploads\/2024\/05\/cropped-cropped-cropped-02_00843_jt3bggkj1j3HLc7SyY6rEUpg.jpeg","contentUrl":"https:\/\/skaitytaknyga.lt\/wp-content\/uploads\/2024\/05\/cropped-cropped-cropped-02_00843_jt3bggkj1j3HLc7SyY6rEUpg.jpeg","width":1600,"height":1600,"caption":"skaitytaknyga.lt"},"image":{"@id":"https:\/\/skaitytaknyga.lt\/#\/schema\/logo\/image\/"},"sameAs":["https:\/\/www.facebook.com\/skaitytaknyga\/"]}]}},"_links":{"self":[{"href":"https:\/\/skaitytaknyga.lt\/en\/wp-json\/wp\/v2\/product\/21877","targetHints":{"allow":["GET"]}}],"collection":[{"href":"https:\/\/skaitytaknyga.lt\/en\/wp-json\/wp\/v2\/product"}],"about":[{"href":"https:\/\/skaitytaknyga.lt\/en\/wp-json\/wp\/v2\/types\/product"}],"replies":[{"embeddable":true,"href":"https:\/\/skaitytaknyga.lt\/en\/wp-json\/wp\/v2\/comments?post=21877"}],"wp:featuredmedia":[{"embeddable":true,"href":"https:\/\/skaitytaknyga.lt\/en\/wp-json\/wp\/v2\/media\/21882"}],"wp:attachment":[{"href":"https:\/\/skaitytaknyga.lt\/en\/wp-json\/wp\/v2\/media?parent=21877"}],"wp:term":[{"taxonomy":"product_brand","embeddable":true,"href":"https:\/\/skaitytaknyga.lt\/en\/wp-json\/wp\/v2\/product_brand?post=21877"},{"taxonomy":"product_cat","embeddable":true,"href":"https:\/\/skaitytaknyga.lt\/en\/wp-json\/wp\/v2\/product_cat?post=21877"},{"taxonomy":"product_tag","embeddable":true,"href":"https:\/\/skaitytaknyga.lt\/en\/wp-json\/wp\/v2\/product_tag?post=21877"}],"curies":[{"name":"wp","href":"https:\/\/api.w.org\/{rel}","templated":true}]}}