{"id":21869,"date":"2025-11-07T19:33:28","date_gmt":"2025-11-07T17:33:28","guid":{"rendered":"https:\/\/skaitytaknyga.lt\/?post_type=product&#038;p=21869"},"modified":"2025-11-13T19:34:36","modified_gmt":"2025-11-13T17:34:36","slug":"seselis-jmm","status":"publish","type":"product","link":"https:\/\/skaitytaknyga.lt\/en\/produktas\/seselis-jmm\/","title":{"rendered":"\u0160e\u0161\u0117lis JMM (pagelt\u0119 lapai)"},"content":{"rendered":"<p>Tautos \u0161auklys, dainius, \u017eadintojas. Da\u017enai \u0161ie nuvalkioti apib\u016bdinimai \u2013 tai viskas, k\u0105 \u017einome apie vien\u0105 garsiausi\u0173 Lietuvos istorijos asmenybi\u0173 Mairon\u012f. Jis mums yra tap\u0119s patrioti\u0161kumo, lietuvyb\u0117s bei pareigos simboliu, ta\u010diau tikrame poeto, kunigo gyvenime netr\u016bko triuk\u0161ming\u0173 meninink\u0173 susib\u016brim\u0173, moter\u0173 draugijos, meil\u0117s istorij\u0173 ir garb\u0117s tro\u0161kimo. Galb\u016bt metas savo didvyr\u012f pa\u017einti i\u0161 naujo?<\/p>\n<p>Kart\u0105 \u017ei\u016br\u0117dama \u012f prie\u0161 muziej\u0173 s\u0117dint\u012f granitin\u012f Maironio paminkl\u0105 supratau, kad jis per tiek met\u0173 pavirto \u0161alta akmenine skulpt\u016bra, tam tikra ikona. Tod\u0117l mano siekis buvo suteikti klasikui gyvyb\u0117s, kad \u017emon\u0117s labiau pamilt\u0173 Mairon\u012f, susidom\u0117t\u0173, pamatyt\u0173, kad jis buvo labai \u017eemi\u0161kas, kad dar\u0117 tas pa\u010dias klaidas, tur\u0117jo t\u0173 pa\u010di\u0173 aistr\u0173, j\u012f daug kas kankino, kad tro\u0161ko ir garb\u0117s, ir d\u0117mesio, nor\u0117jo auk\u0161t\u0173 apdovanojim\u0173, kad nor\u0117jo gyventi nesuvar\u017eytas. Bet, kita vertus, jis buvo poetas, menininkas, komplikuota asmenyb\u0117, kuri savo eil\u0117ra\u0161\u010diuose labai kankinosi. \u0160i knyga tarsi bandymas suteikti klasikui dar vien\u0105 gyvenim\u0105. \u2013 Maironio lietuvi\u0173 literat\u016bros muziejaus direktor\u0117, ra\u0161ytoja Aldona Ruseckait\u0117<\/p>\n<p>Aldona Ruseckait\u0117 \u2013 poet\u0117, prozinink\u0117, muziejinink\u0117. 1978 m. Vilniaus universitete baig\u0117 lituanistik\u0105. Daug met\u0173 dirbo Maironio lietuvi\u0173 literat\u016bros muziejuje, buvo ilgamet\u0117 jo direktor\u0117. Nuo 1993 m. A. Ruseckait\u0117 yra Tre\u010diojo am\u017eiaus universiteto Literat\u016bros fakulteto dekan\u0117, Tarptautin\u0117s muziej\u0173 tarybos nar\u0117, nuo 2019 m. \u2013 Lietuvos muziej\u0173 asociacijos garb\u0117s nar\u0117, nuo 1999 m. Lietuvos ra\u0161ytoj\u0173 s\u0105jungos nar\u0117. Ra\u0161ytoja yra a\u0161tuoniolikos knyg\u0173, tarp j\u0173 \u2013 penki\u0173 biografini\u0173 roman\u0173 (\u201e\u017demait\u0117s paslaptis&#8221;, \u201eD\u016b\u017etan\u010dios formos&#8221;, \u201ePadai pilni vini\u0173&#8221; \u201eEMMI. Vinco Mykolai\u010dio-Putino gyvenimo moterys&#8221;) autor\u0117. U\u017e savo veikl\u0105 ir k\u016bryb\u0105 peln\u0117 valstybini\u0173 ir literat\u016bros apdovanojim\u0173, tarp j\u0173 \u2013 B. Brazd\u017eionio, J. Ais\u010dio, G. Petkevi\u010dait\u0117s\u2013Bit\u0117s, \u017demait\u0117s, S. Neries literat\u016brines premijas.<\/p>\n","protected":false},"excerpt":{"rendered":"<p>Tautos \u0161auklys, dainius, \u017eadintojas. Da\u017enai \u0161ie nuvalkioti apib\u016bdinimai \u2013 tai viskas, k\u0105 \u017einome apie vien\u0105 garsiausi\u0173 Lietuvos istorijos asmenybi\u0173 Mairon\u012f. Jis mums yra tap\u0119s patrioti\u0161kumo, lietuvyb\u0117s bei pareigos simboliu, ta\u010diau tikrame poeto, kunigo gyvenime netr\u016bko triuk\u0161ming\u0173 meninink\u0173 susib\u016brim\u0173, moter\u0173 draugijos, meil\u0117s istorij\u0173 ir garb\u0117s tro\u0161kimo. Galb\u016bt metas savo didvyr\u012f pa\u017einti i\u0161 naujo? Kart\u0105 \u017ei\u016br\u0117dama \u012f prie\u0161 muziej\u0173 s\u0117dint\u012f granitin\u012f Maironio paminkl\u0105 supratau, kad jis per tiek met\u0173 pavirto \u0161alta akmenine skulpt\u016bra, tam tikra ikona. Tod\u0117l mano siekis buvo suteikti klasikui gyvyb\u0117s, kad \u017emon\u0117s labiau pamilt\u0173 Mairon\u012f, susidom\u0117t\u0173, pamatyt\u0173, kad jis buvo labai \u017eemi\u0161kas, kad dar\u0117 tas pa\u010dias klaidas, tur\u0117jo t\u0173 pa\u010di\u0173 aistr\u0173, j\u012f daug kas kankino, kad tro\u0161ko ir garb\u0117s, ir d\u0117mesio, nor\u0117jo auk\u0161t\u0173 apdovanojim\u0173, kad nor\u0117jo gyventi nesuvar\u017eytas. Bet, kita vertus, jis buvo poetas, menininkas, komplikuota asmenyb\u0117, kuri savo eil\u0117ra\u0161\u010diuose labai kankinosi. \u0160i knyga tarsi bandymas suteikti klasikui dar vien\u0105 gyvenim\u0105. \u2013 Maironio lietuvi\u0173 literat\u016bros muziejaus direktor\u0117, ra\u0161ytoja Aldona Ruseckait\u0117 Aldona Ruseckait\u0117 \u2013 poet\u0117, prozinink\u0117, muziejinink\u0117. 1978 m. Vilniaus universitete baig\u0117 lituanistik\u0105. Daug met\u0173 dirbo Maironio lietuvi\u0173 literat\u016bros muziejuje, buvo ilgamet\u0117 jo direktor\u0117. Nuo 1993 m. A. Ruseckait\u0117 yra Tre\u010diojo am\u017eiaus universiteto Literat\u016bros fakulteto dekan\u0117, Tarptautin\u0117s muziej\u0173 tarybos nar\u0117, nuo 2019 m. \u2013 Lietuvos muziej\u0173 asociacijos garb\u0117s nar\u0117, nuo 1999 m. Lietuvos ra\u0161ytoj\u0173 s\u0105jungos nar\u0117. Ra\u0161ytoja yra a\u0161tuoniolikos knyg\u0173, tarp j\u0173 \u2013 penki\u0173 biografini\u0173 roman\u0173 (\u201e\u017demait\u0117s paslaptis&#8221;, \u201eD\u016b\u017etan\u010dios formos&#8221;, \u201ePadai pilni vini\u0173&#8221; \u201eEMMI. Vinco Mykolai\u010dio-Putino gyvenimo moterys&#8221;) autor\u0117. U\u017e savo veikl\u0105 ir k\u016bryb\u0105 peln\u0117 valstybini\u0173 ir literat\u016bros apdovanojim\u0173, tarp j\u0173 \u2013 B. Brazd\u017eionio, J. Ais\u010dio, G. Petkevi\u010dait\u0117s\u2013Bit\u0117s, \u017demait\u0117s, S. Neries literat\u016brines premijas.<\/p>\n","protected":false},"featured_media":21874,"comment_status":"open","ping_status":"closed","template":"","meta":{"_acf_changed":false,"site-sidebar-layout":"default","site-content-layout":"","ast-site-content-layout":"default","site-content-style":"default","site-sidebar-style":"default","ast-global-header-display":"","ast-banner-title-visibility":"","ast-main-header-display":"","ast-hfb-above-header-display":"","ast-hfb-below-header-display":"","ast-hfb-mobile-header-display":"","site-post-title":"","ast-breadcrumbs-content":"","ast-featured-img":"","footer-sml-layout":"","ast-disable-related-posts":"","theme-transparent-header-meta":"","adv-header-id-meta":"","stick-header-meta":"","header-above-stick-meta":"","header-main-stick-meta":"","header-below-stick-meta":"","astra-migrate-meta-layouts":"default","ast-page-background-enabled":"default","ast-page-background-meta":{"desktop":{"background-color":"","background-image":"","background-repeat":"repeat","background-position":"center center","background-size":"auto","background-attachment":"scroll","background-type":"","background-media":"","overlay-type":"","overlay-color":"","overlay-opacity":"","overlay-gradient":""},"tablet":{"background-color":"","background-image":"","background-repeat":"repeat","background-position":"center center","background-size":"auto","background-attachment":"scroll","background-type":"","background-media":"","overlay-type":"","overlay-color":"","overlay-opacity":"","overlay-gradient":""},"mobile":{"background-color":"","background-image":"","background-repeat":"repeat","background-position":"center center","background-size":"auto","background-attachment":"scroll","background-type":"","background-media":"","overlay-type":"","overlay-color":"","overlay-opacity":"","overlay-gradient":""}},"ast-content-background-meta":{"desktop":{"background-color":"var(--ast-global-color-4)","background-image":"","background-repeat":"repeat","background-position":"center center","background-size":"auto","background-attachment":"scroll","background-type":"","background-media":"","overlay-type":"","overlay-color":"","overlay-opacity":"","overlay-gradient":""},"tablet":{"background-color":"var(--ast-global-color-4)","background-image":"","background-repeat":"repeat","background-position":"center center","background-size":"auto","background-attachment":"scroll","background-type":"","background-media":"","overlay-type":"","overlay-color":"","overlay-opacity":"","overlay-gradient":""},"mobile":{"background-color":"var(--ast-global-color-4)","background-image":"","background-repeat":"repeat","background-position":"center center","background-size":"auto","background-attachment":"scroll","background-type":"","background-media":"","overlay-type":"","overlay-color":"","overlay-opacity":"","overlay-gradient":""}}},"product_brand":[],"product_cat":[15],"product_tag":[],"class_list":{"0":"post-21869","1":"product","2":"type-product","3":"status-publish","4":"has-post-thumbnail","6":"product_cat-uncategorized","7":"desktop-align-left","8":"tablet-align-left","9":"mobile-align-left","11":"first","12":"instock","13":"shipping-taxable","14":"purchasable","15":"product-type-simple"},"acf":[],"yoast_head":"<!-- This site is optimized with the Yoast SEO plugin v27.0 - https:\/\/yoast.com\/product\/yoast-seo-wordpress\/ -->\n<title>\u0160e\u0161\u0117lis JMM (pagelt\u0119 lapai)<\/title>\n<meta name=\"description\" content=\"Tautos \u0161auklys, dainius, \u017eadintojas. Da\u017enai \u0161ie nuvalkioti apib\u016bdinimai \u2013 tai viskas, k\u0105 \u017einome apie vien\u0105 garsiausi\u0173 Lietuvos istorijos asmenybi\u0173\" \/>\n<meta name=\"robots\" content=\"index, follow, max-snippet:-1, max-image-preview:large, max-video-preview:-1\" \/>\n<link rel=\"canonical\" href=\"https:\/\/skaitytaknyga.lt\/en\/produktas\/seselis-jmm\/\" \/>\n<meta property=\"og:locale\" content=\"en_GB\" \/>\n<meta property=\"og:locale:alternate\" content=\"lt_LT\" \/>\n<meta property=\"og:type\" content=\"article\" \/>\n<meta property=\"og:title\" content=\"\u0160e\u0161\u0117lis JMM (pagelt\u0119 lapai)\" \/>\n<meta property=\"og:description\" content=\"Tautos \u0161auklys, dainius, \u017eadintojas. Da\u017enai \u0161ie nuvalkioti apib\u016bdinimai \u2013 tai viskas, k\u0105 \u017einome apie vien\u0105 garsiausi\u0173 Lietuvos istorijos asmenybi\u0173\" \/>\n<meta property=\"og:url\" content=\"https:\/\/skaitytaknyga.lt\/en\/produktas\/seselis-jmm\/\" \/>\n<meta property=\"og:site_name\" content=\"Skaitytaknyga\" \/>\n<meta property=\"article:publisher\" content=\"https:\/\/www.facebook.com\/skaitytaknyga\/\" \/>\n<meta property=\"article:modified_time\" content=\"2025-11-13T17:34:36+00:00\" \/>\n<meta property=\"og:image\" content=\"https:\/\/skaitytaknyga.lt\/wp-content\/uploads\/2025\/11\/Seselis-JMM.webp\" \/>\n\t<meta property=\"og:image:width\" content=\"300\" \/>\n\t<meta property=\"og:image:height\" content=\"458\" \/>\n\t<meta property=\"og:image:type\" content=\"image\/webp\" \/>\n<meta name=\"twitter:card\" content=\"summary_large_image\" \/>\n<meta name=\"twitter:label1\" content=\"Estimated reading time\" \/>\n\t<meta name=\"twitter:data1\" content=\"2 minutes\" \/>\n<script type=\"application\/ld+json\" class=\"yoast-schema-graph\">{\"@context\":\"https:\/\/schema.org\",\"@graph\":[{\"@type\":\"WebPage\",\"@id\":\"https:\/\/skaitytaknyga.lt\/produktas\/seselis-jmm\/\",\"url\":\"https:\/\/skaitytaknyga.lt\/produktas\/seselis-jmm\/\",\"name\":\"\u0160e\u0161\u0117lis JMM (pagelt\u0119 lapai)\",\"isPartOf\":{\"@id\":\"https:\/\/skaitytaknyga.lt\/#website\"},\"primaryImageOfPage\":{\"@id\":\"https:\/\/skaitytaknyga.lt\/produktas\/seselis-jmm\/#primaryimage\"},\"image\":{\"@id\":\"https:\/\/skaitytaknyga.lt\/produktas\/seselis-jmm\/#primaryimage\"},\"thumbnailUrl\":\"https:\/\/skaitytaknyga.lt\/wp-content\/uploads\/2025\/11\/Seselis-JMM.webp\",\"datePublished\":\"2025-11-07T17:33:28+00:00\",\"dateModified\":\"2025-11-13T17:34:36+00:00\",\"description\":\"Tautos \u0161auklys, dainius, \u017eadintojas. Da\u017enai \u0161ie nuvalkioti apib\u016bdinimai \u2013 tai viskas, k\u0105 \u017einome apie vien\u0105 garsiausi\u0173 Lietuvos istorijos asmenybi\u0173\",\"breadcrumb\":{\"@id\":\"https:\/\/skaitytaknyga.lt\/produktas\/seselis-jmm\/#breadcrumb\"},\"inLanguage\":\"en-GB\",\"potentialAction\":[{\"@type\":\"ReadAction\",\"target\":[\"https:\/\/skaitytaknyga.lt\/produktas\/seselis-jmm\/\"]}]},{\"@type\":\"ImageObject\",\"inLanguage\":\"en-GB\",\"@id\":\"https:\/\/skaitytaknyga.lt\/produktas\/seselis-jmm\/#primaryimage\",\"url\":\"https:\/\/skaitytaknyga.lt\/wp-content\/uploads\/2025\/11\/Seselis-JMM.webp\",\"contentUrl\":\"https:\/\/skaitytaknyga.lt\/wp-content\/uploads\/2025\/11\/Seselis-JMM.webp\",\"width\":300,\"height\":458},{\"@type\":\"BreadcrumbList\",\"@id\":\"https:\/\/skaitytaknyga.lt\/produktas\/seselis-jmm\/#breadcrumb\",\"itemListElement\":[{\"@type\":\"ListItem\",\"position\":1,\"name\":\"Home\",\"item\":\"https:\/\/skaitytaknyga.lt\/\"},{\"@type\":\"ListItem\",\"position\":2,\"name\":\"Parduotuv\u0117\",\"item\":\"https:\/\/skaitytaknyga.lt\/knygu-parduotuve\/\"},{\"@type\":\"ListItem\",\"position\":3,\"name\":\"\u0160e\u0161\u0117lis JMM (pagelt\u0119 lapai)\"}]},{\"@type\":\"WebSite\",\"@id\":\"https:\/\/skaitytaknyga.lt\/#website\",\"url\":\"https:\/\/skaitytaknyga.lt\/\",\"name\":\"skaitytaknyga.lt\",\"description\":\"Skaitytaknyga.lt \u2013 tai ma\u017eas \u0161eimos verslas, kuris prasid\u0117jo nuo meil\u0117s knygoms ir siekio i\u0161gelb\u0117ti knygas nuo likimo prie konteinerio. Kas vienam nereikalingas daiktas \u2013 kitam lobis, o mes esame tarpininkai, kurie padeda abiems tapti laimingesniems ???? \u017dinome kaip nelengva i\u0161gyventi ma\u017eiems verslams, tad nuo \u0161iol, \u010dia rasite ir kit\u0173, ma\u017e\u0173 \u0161eim\u0173 versl\u0173, rank\u0173 darbo, dovan\u0173 sau ir artimiesiems.\",\"publisher\":{\"@id\":\"https:\/\/skaitytaknyga.lt\/#organization\"},\"potentialAction\":[{\"@type\":\"SearchAction\",\"target\":{\"@type\":\"EntryPoint\",\"urlTemplate\":\"https:\/\/skaitytaknyga.lt\/?s={search_term_string}\"},\"query-input\":{\"@type\":\"PropertyValueSpecification\",\"valueRequired\":true,\"valueName\":\"search_term_string\"}}],\"inLanguage\":\"en-GB\"},{\"@type\":\"Organization\",\"@id\":\"https:\/\/skaitytaknyga.lt\/#organization\",\"name\":\"skaitytaknyga.lt\",\"url\":\"https:\/\/skaitytaknyga.lt\/\",\"logo\":{\"@type\":\"ImageObject\",\"inLanguage\":\"en-GB\",\"@id\":\"https:\/\/skaitytaknyga.lt\/#\/schema\/logo\/image\/\",\"url\":\"https:\/\/skaitytaknyga.lt\/wp-content\/uploads\/2024\/05\/cropped-cropped-cropped-02_00843_jt3bggkj1j3HLc7SyY6rEUpg.jpeg\",\"contentUrl\":\"https:\/\/skaitytaknyga.lt\/wp-content\/uploads\/2024\/05\/cropped-cropped-cropped-02_00843_jt3bggkj1j3HLc7SyY6rEUpg.jpeg\",\"width\":1600,\"height\":1600,\"caption\":\"skaitytaknyga.lt\"},\"image\":{\"@id\":\"https:\/\/skaitytaknyga.lt\/#\/schema\/logo\/image\/\"},\"sameAs\":[\"https:\/\/www.facebook.com\/skaitytaknyga\/\"]}]}<\/script>\n<!-- \/ Yoast SEO plugin. -->","yoast_head_json":{"title":"\u0160e\u0161\u0117lis JMM (pagelt\u0119 lapai)","description":"Tautos \u0161auklys, dainius, \u017eadintojas. Da\u017enai \u0161ie nuvalkioti apib\u016bdinimai \u2013 tai viskas, k\u0105 \u017einome apie vien\u0105 garsiausi\u0173 Lietuvos istorijos asmenybi\u0173","robots":{"index":"index","follow":"follow","max-snippet":"max-snippet:-1","max-image-preview":"max-image-preview:large","max-video-preview":"max-video-preview:-1"},"canonical":"https:\/\/skaitytaknyga.lt\/en\/produktas\/seselis-jmm\/","og_locale":"en_GB","og_type":"article","og_title":"[:lt]\u0160e\u0161\u0117lis JMM (pagelt\u0119 lapai)[:] - Skaitytaknyga","og_description":"Tautos \u0161auklys, dainius, \u017eadintojas. Da\u017enai \u0161ie nuvalkioti apib\u016bdinimai \u2013 tai viskas, k\u0105 \u017einome apie vien\u0105 garsiausi\u0173 Lietuvos istorijos asmenybi\u0173","og_url":"https:\/\/skaitytaknyga.lt\/en\/produktas\/seselis-jmm\/","og_site_name":"Skaitytaknyga","article_publisher":"https:\/\/www.facebook.com\/skaitytaknyga\/","article_modified_time":"2025-11-13T17:34:36+00:00","og_image":[{"width":300,"height":458,"url":"https:\/\/skaitytaknyga.lt\/wp-content\/uploads\/2025\/11\/Seselis-JMM.webp","type":"image\/webp"}],"twitter_card":"summary_large_image","twitter_misc":{"Estimated reading time":"2 minutes"},"schema":{"@context":"https:\/\/schema.org","@graph":[{"@type":"WebPage","@id":"https:\/\/skaitytaknyga.lt\/produktas\/seselis-jmm\/","url":"https:\/\/skaitytaknyga.lt\/produktas\/seselis-jmm\/","name":"\u0160e\u0161\u0117lis JMM (pagelt\u0119 lapai)","isPartOf":{"@id":"https:\/\/skaitytaknyga.lt\/#website"},"primaryImageOfPage":{"@id":"https:\/\/skaitytaknyga.lt\/produktas\/seselis-jmm\/#primaryimage"},"image":{"@id":"https:\/\/skaitytaknyga.lt\/produktas\/seselis-jmm\/#primaryimage"},"thumbnailUrl":"https:\/\/skaitytaknyga.lt\/wp-content\/uploads\/2025\/11\/Seselis-JMM.webp","datePublished":"2025-11-07T17:33:28+00:00","dateModified":"2025-11-13T17:34:36+00:00","description":"Tautos \u0161auklys, dainius, \u017eadintojas. Da\u017enai \u0161ie nuvalkioti apib\u016bdinimai \u2013 tai viskas, k\u0105 \u017einome apie vien\u0105 garsiausi\u0173 Lietuvos istorijos asmenybi\u0173","breadcrumb":{"@id":"https:\/\/skaitytaknyga.lt\/produktas\/seselis-jmm\/#breadcrumb"},"inLanguage":"en-GB","potentialAction":[{"@type":"ReadAction","target":["https:\/\/skaitytaknyga.lt\/produktas\/seselis-jmm\/"]}]},{"@type":"ImageObject","inLanguage":"en-GB","@id":"https:\/\/skaitytaknyga.lt\/produktas\/seselis-jmm\/#primaryimage","url":"https:\/\/skaitytaknyga.lt\/wp-content\/uploads\/2025\/11\/Seselis-JMM.webp","contentUrl":"https:\/\/skaitytaknyga.lt\/wp-content\/uploads\/2025\/11\/Seselis-JMM.webp","width":300,"height":458},{"@type":"BreadcrumbList","@id":"https:\/\/skaitytaknyga.lt\/produktas\/seselis-jmm\/#breadcrumb","itemListElement":[{"@type":"ListItem","position":1,"name":"Home","item":"https:\/\/skaitytaknyga.lt\/"},{"@type":"ListItem","position":2,"name":"Parduotuv\u0117","item":"https:\/\/skaitytaknyga.lt\/knygu-parduotuve\/"},{"@type":"ListItem","position":3,"name":"\u0160e\u0161\u0117lis JMM (pagelt\u0119 lapai)"}]},{"@type":"WebSite","@id":"https:\/\/skaitytaknyga.lt\/#website","url":"https:\/\/skaitytaknyga.lt\/","name":"skaitytaknyga.lt","description":"Skaitytaknyga.lt \u2013 tai ma\u017eas \u0161eimos verslas, kuris prasid\u0117jo nuo meil\u0117s knygoms ir siekio i\u0161gelb\u0117ti knygas nuo likimo prie konteinerio. Kas vienam nereikalingas daiktas \u2013 kitam lobis, o mes esame tarpininkai, kurie padeda abiems tapti laimingesniems ???? \u017dinome kaip nelengva i\u0161gyventi ma\u017eiems verslams, tad nuo \u0161iol, \u010dia rasite ir kit\u0173, ma\u017e\u0173 \u0161eim\u0173 versl\u0173, rank\u0173 darbo, dovan\u0173 sau ir artimiesiems.","publisher":{"@id":"https:\/\/skaitytaknyga.lt\/#organization"},"potentialAction":[{"@type":"SearchAction","target":{"@type":"EntryPoint","urlTemplate":"https:\/\/skaitytaknyga.lt\/?s={search_term_string}"},"query-input":{"@type":"PropertyValueSpecification","valueRequired":true,"valueName":"search_term_string"}}],"inLanguage":"en-GB"},{"@type":"Organization","@id":"https:\/\/skaitytaknyga.lt\/#organization","name":"skaitytaknyga.lt","url":"https:\/\/skaitytaknyga.lt\/","logo":{"@type":"ImageObject","inLanguage":"en-GB","@id":"https:\/\/skaitytaknyga.lt\/#\/schema\/logo\/image\/","url":"https:\/\/skaitytaknyga.lt\/wp-content\/uploads\/2024\/05\/cropped-cropped-cropped-02_00843_jt3bggkj1j3HLc7SyY6rEUpg.jpeg","contentUrl":"https:\/\/skaitytaknyga.lt\/wp-content\/uploads\/2024\/05\/cropped-cropped-cropped-02_00843_jt3bggkj1j3HLc7SyY6rEUpg.jpeg","width":1600,"height":1600,"caption":"skaitytaknyga.lt"},"image":{"@id":"https:\/\/skaitytaknyga.lt\/#\/schema\/logo\/image\/"},"sameAs":["https:\/\/www.facebook.com\/skaitytaknyga\/"]}]}},"_links":{"self":[{"href":"https:\/\/skaitytaknyga.lt\/en\/wp-json\/wp\/v2\/product\/21869","targetHints":{"allow":["GET"]}}],"collection":[{"href":"https:\/\/skaitytaknyga.lt\/en\/wp-json\/wp\/v2\/product"}],"about":[{"href":"https:\/\/skaitytaknyga.lt\/en\/wp-json\/wp\/v2\/types\/product"}],"replies":[{"embeddable":true,"href":"https:\/\/skaitytaknyga.lt\/en\/wp-json\/wp\/v2\/comments?post=21869"}],"wp:featuredmedia":[{"embeddable":true,"href":"https:\/\/skaitytaknyga.lt\/en\/wp-json\/wp\/v2\/media\/21874"}],"wp:attachment":[{"href":"https:\/\/skaitytaknyga.lt\/en\/wp-json\/wp\/v2\/media?parent=21869"}],"wp:term":[{"taxonomy":"product_brand","embeddable":true,"href":"https:\/\/skaitytaknyga.lt\/en\/wp-json\/wp\/v2\/product_brand?post=21869"},{"taxonomy":"product_cat","embeddable":true,"href":"https:\/\/skaitytaknyga.lt\/en\/wp-json\/wp\/v2\/product_cat?post=21869"},{"taxonomy":"product_tag","embeddable":true,"href":"https:\/\/skaitytaknyga.lt\/en\/wp-json\/wp\/v2\/product_tag?post=21869"}],"curies":[{"name":"wp","href":"https:\/\/api.w.org\/{rel}","templated":true}]}}