{"id":21866,"date":"2025-11-07T19:33:27","date_gmt":"2025-11-07T17:33:27","guid":{"rendered":"https:\/\/skaitytaknyga.lt\/?post_type=product&#038;p=21866"},"modified":"2025-11-13T19:34:36","modified_gmt":"2025-11-13T17:34:36","slug":"suomijos-ilankos-seses","status":"publish","type":"product","link":"https:\/\/skaitytaknyga.lt\/en\/produktas\/suomijos-ilankos-seses\/","title":{"rendered":"Suomijos \u012flankos ses\u0117s"},"content":{"rendered":"<p>\u0160i knyga \u201eSuomijos \u012flankos ses\u0117s&#8221; \u2013 tai pasakojimas apie dviej\u0173 Baltijos valstybi\u0173, Suomijos ir Estijos moter\u0173 organizacij\u0173 bendradarbiavim\u0105 siekiant u\u017ekirsti kelia karui.<\/p>\n<p>1940\u2013\u0173j\u0173 vasara. Po alinan\u010dio \u017diemos karo Suomija k\u0105 tik sudariusi paliaubas su Soviet\u0173 S\u0105junga. \u012e estai\u010di\u0173 skau\u010di\u0173 vasaros stovykl\u0105 atvyksta suom\u0117s \u2013 ma\u017eosios lotos. Joms atostogaujant Estija okupuojama. Es\u010di\u0173 \u0161auli\u0173 organizacij\u0173 vadoves i\u0161tinka Estijos karinink\u0173 likimas \u2013 \u012fsigal\u0117jus sovietinei okupacijai jos nu\u017eudomos.<\/p>\n<p>Kitapus \u012flankos po karo u\u017edraud\u017eiama suomi\u0173 moter\u0173 organizacija Lotta Sv\u00e4rd. Suomija, Soviet\u0173 S\u0105jungai reikalaujant, j\u0105 paskelbia fa\u0161istine. Vartai tarp dviej\u0173 valstybi\u0173 u\u017esiveria.<\/p>\n","protected":false},"excerpt":{"rendered":"<p>\u0160i knyga \u201eSuomijos \u012flankos ses\u0117s&#8221; \u2013 tai pasakojimas apie dviej\u0173 Baltijos valstybi\u0173, Suomijos ir Estijos moter\u0173 organizacij\u0173 bendradarbiavim\u0105 siekiant u\u017ekirsti kelia karui. 1940\u2013\u0173j\u0173 vasara. Po alinan\u010dio \u017diemos karo Suomija k\u0105 tik sudariusi paliaubas su Soviet\u0173 S\u0105junga. \u012e estai\u010di\u0173 skau\u010di\u0173 vasaros stovykl\u0105 atvyksta suom\u0117s \u2013 ma\u017eosios lotos. Joms atostogaujant Estija okupuojama. Es\u010di\u0173 \u0161auli\u0173 organizacij\u0173 vadoves i\u0161tinka Estijos karinink\u0173 likimas \u2013 \u012fsigal\u0117jus sovietinei okupacijai jos nu\u017eudomos. Kitapus \u012flankos po karo u\u017edraud\u017eiama suomi\u0173 moter\u0173 organizacija Lotta Sv\u00e4rd. Suomija, Soviet\u0173 S\u0105jungai reikalaujant, j\u0105 paskelbia fa\u0161istine. Vartai tarp dviej\u0173 valstybi\u0173 u\u017esiveria.<\/p>\n","protected":false},"featured_media":21871,"comment_status":"open","ping_status":"closed","template":"","meta":{"_acf_changed":false,"site-sidebar-layout":"default","site-content-layout":"","ast-site-content-layout":"default","site-content-style":"default","site-sidebar-style":"default","ast-global-header-display":"","ast-banner-title-visibility":"","ast-main-header-display":"","ast-hfb-above-header-display":"","ast-hfb-below-header-display":"","ast-hfb-mobile-header-display":"","site-post-title":"","ast-breadcrumbs-content":"","ast-featured-img":"","footer-sml-layout":"","ast-disable-related-posts":"","theme-transparent-header-meta":"","adv-header-id-meta":"","stick-header-meta":"","header-above-stick-meta":"","header-main-stick-meta":"","header-below-stick-meta":"","astra-migrate-meta-layouts":"default","ast-page-background-enabled":"default","ast-page-background-meta":{"desktop":{"background-color":"","background-image":"","background-repeat":"repeat","background-position":"center center","background-size":"auto","background-attachment":"scroll","background-type":"","background-media":"","overlay-type":"","overlay-color":"","overlay-opacity":"","overlay-gradient":""},"tablet":{"background-color":"","background-image":"","background-repeat":"repeat","background-position":"center center","background-size":"auto","background-attachment":"scroll","background-type":"","background-media":"","overlay-type":"","overlay-color":"","overlay-opacity":"","overlay-gradient":""},"mobile":{"background-color":"","background-image":"","background-repeat":"repeat","background-position":"center center","background-size":"auto","background-attachment":"scroll","background-type":"","background-media":"","overlay-type":"","overlay-color":"","overlay-opacity":"","overlay-gradient":""}},"ast-content-background-meta":{"desktop":{"background-color":"var(--ast-global-color-4)","background-image":"","background-repeat":"repeat","background-position":"center center","background-size":"auto","background-attachment":"scroll","background-type":"","background-media":"","overlay-type":"","overlay-color":"","overlay-opacity":"","overlay-gradient":""},"tablet":{"background-color":"var(--ast-global-color-4)","background-image":"","background-repeat":"repeat","background-position":"center center","background-size":"auto","background-attachment":"scroll","background-type":"","background-media":"","overlay-type":"","overlay-color":"","overlay-opacity":"","overlay-gradient":""},"mobile":{"background-color":"var(--ast-global-color-4)","background-image":"","background-repeat":"repeat","background-position":"center center","background-size":"auto","background-attachment":"scroll","background-type":"","background-media":"","overlay-type":"","overlay-color":"","overlay-opacity":"","overlay-gradient":""}}},"product_brand":[],"product_cat":[15],"product_tag":[],"class_list":{"0":"post-21866","1":"product","2":"type-product","3":"status-publish","4":"has-post-thumbnail","6":"product_cat-uncategorized","7":"desktop-align-left","8":"tablet-align-left","9":"mobile-align-left","11":"first","12":"instock","13":"shipping-taxable","14":"purchasable","15":"product-type-simple"},"acf":[],"yoast_head":"<!-- This site is optimized with the Yoast SEO plugin v27.0 - https:\/\/yoast.com\/product\/yoast-seo-wordpress\/ -->\n<title>Suomijos \u012flankos ses\u0117s<\/title>\n<meta name=\"description\" content=\"\u0160i knyga \u201eSuomijos \u012flankos ses\u0117s&quot; \u2013 tai pasakojimas apie dviej\u0173 Baltijos valstybi\u0173, Suomijos ir Estijos moter\u0173 organizacij\u0173 bendradarbiavim\u0105 siekiant\" \/>\n<meta name=\"robots\" content=\"index, follow, max-snippet:-1, max-image-preview:large, max-video-preview:-1\" \/>\n<link rel=\"canonical\" href=\"https:\/\/skaitytaknyga.lt\/en\/produktas\/suomijos-ilankos-seses\/\" \/>\n<meta property=\"og:locale\" content=\"en_GB\" \/>\n<meta property=\"og:locale:alternate\" content=\"lt_LT\" \/>\n<meta property=\"og:type\" content=\"article\" \/>\n<meta property=\"og:title\" content=\"Suomijos \u012flankos ses\u0117s\" \/>\n<meta property=\"og:description\" content=\"\u0160i knyga \u201eSuomijos \u012flankos ses\u0117s&quot; \u2013 tai pasakojimas apie dviej\u0173 Baltijos valstybi\u0173, Suomijos ir Estijos moter\u0173 organizacij\u0173 bendradarbiavim\u0105 siekiant\" \/>\n<meta property=\"og:url\" content=\"https:\/\/skaitytaknyga.lt\/en\/produktas\/suomijos-ilankos-seses\/\" \/>\n<meta property=\"og:site_name\" content=\"Skaitytaknyga\" \/>\n<meta property=\"article:publisher\" content=\"https:\/\/www.facebook.com\/skaitytaknyga\/\" \/>\n<meta property=\"article:modified_time\" content=\"2025-11-13T17:34:36+00:00\" \/>\n<meta property=\"og:image\" content=\"https:\/\/skaitytaknyga.lt\/wp-content\/uploads\/2025\/11\/Suomijos-ilankos-seses-1.webp\" \/>\n\t<meta property=\"og:image:width\" content=\"300\" \/>\n\t<meta property=\"og:image:height\" content=\"428\" \/>\n\t<meta property=\"og:image:type\" content=\"image\/webp\" \/>\n<meta name=\"twitter:card\" content=\"summary_large_image\" \/>\n<meta name=\"twitter:label1\" content=\"Estimated reading time\" \/>\n\t<meta name=\"twitter:data1\" content=\"1 minute\" \/>\n<script type=\"application\/ld+json\" class=\"yoast-schema-graph\">{\"@context\":\"https:\/\/schema.org\",\"@graph\":[{\"@type\":\"WebPage\",\"@id\":\"https:\/\/skaitytaknyga.lt\/produktas\/suomijos-ilankos-seses\/\",\"url\":\"https:\/\/skaitytaknyga.lt\/produktas\/suomijos-ilankos-seses\/\",\"name\":\"Suomijos \u012flankos ses\u0117s\",\"isPartOf\":{\"@id\":\"https:\/\/skaitytaknyga.lt\/#website\"},\"primaryImageOfPage\":{\"@id\":\"https:\/\/skaitytaknyga.lt\/produktas\/suomijos-ilankos-seses\/#primaryimage\"},\"image\":{\"@id\":\"https:\/\/skaitytaknyga.lt\/produktas\/suomijos-ilankos-seses\/#primaryimage\"},\"thumbnailUrl\":\"https:\/\/skaitytaknyga.lt\/wp-content\/uploads\/2025\/11\/Suomijos-ilankos-seses-1.webp\",\"datePublished\":\"2025-11-07T17:33:27+00:00\",\"dateModified\":\"2025-11-13T17:34:36+00:00\",\"description\":\"\u0160i knyga \u201eSuomijos \u012flankos ses\u0117s\\\" \u2013 tai pasakojimas apie dviej\u0173 Baltijos valstybi\u0173, Suomijos ir Estijos moter\u0173 organizacij\u0173 bendradarbiavim\u0105 siekiant\",\"breadcrumb\":{\"@id\":\"https:\/\/skaitytaknyga.lt\/produktas\/suomijos-ilankos-seses\/#breadcrumb\"},\"inLanguage\":\"en-GB\",\"potentialAction\":[{\"@type\":\"ReadAction\",\"target\":[\"https:\/\/skaitytaknyga.lt\/produktas\/suomijos-ilankos-seses\/\"]}]},{\"@type\":\"ImageObject\",\"inLanguage\":\"en-GB\",\"@id\":\"https:\/\/skaitytaknyga.lt\/produktas\/suomijos-ilankos-seses\/#primaryimage\",\"url\":\"https:\/\/skaitytaknyga.lt\/wp-content\/uploads\/2025\/11\/Suomijos-ilankos-seses-1.webp\",\"contentUrl\":\"https:\/\/skaitytaknyga.lt\/wp-content\/uploads\/2025\/11\/Suomijos-ilankos-seses-1.webp\",\"width\":300,\"height\":428},{\"@type\":\"BreadcrumbList\",\"@id\":\"https:\/\/skaitytaknyga.lt\/produktas\/suomijos-ilankos-seses\/#breadcrumb\",\"itemListElement\":[{\"@type\":\"ListItem\",\"position\":1,\"name\":\"Home\",\"item\":\"https:\/\/skaitytaknyga.lt\/\"},{\"@type\":\"ListItem\",\"position\":2,\"name\":\"Parduotuv\u0117\",\"item\":\"https:\/\/skaitytaknyga.lt\/knygu-parduotuve\/\"},{\"@type\":\"ListItem\",\"position\":3,\"name\":\"Suomijos \u012flankos ses\u0117s\"}]},{\"@type\":\"WebSite\",\"@id\":\"https:\/\/skaitytaknyga.lt\/#website\",\"url\":\"https:\/\/skaitytaknyga.lt\/\",\"name\":\"skaitytaknyga.lt\",\"description\":\"Skaitytaknyga.lt \u2013 tai ma\u017eas \u0161eimos verslas, kuris prasid\u0117jo nuo meil\u0117s knygoms ir siekio i\u0161gelb\u0117ti knygas nuo likimo prie konteinerio. Kas vienam nereikalingas daiktas \u2013 kitam lobis, o mes esame tarpininkai, kurie padeda abiems tapti laimingesniems ???? \u017dinome kaip nelengva i\u0161gyventi ma\u017eiems verslams, tad nuo \u0161iol, \u010dia rasite ir kit\u0173, ma\u017e\u0173 \u0161eim\u0173 versl\u0173, rank\u0173 darbo, dovan\u0173 sau ir artimiesiems.\",\"publisher\":{\"@id\":\"https:\/\/skaitytaknyga.lt\/#organization\"},\"potentialAction\":[{\"@type\":\"SearchAction\",\"target\":{\"@type\":\"EntryPoint\",\"urlTemplate\":\"https:\/\/skaitytaknyga.lt\/?s={search_term_string}\"},\"query-input\":{\"@type\":\"PropertyValueSpecification\",\"valueRequired\":true,\"valueName\":\"search_term_string\"}}],\"inLanguage\":\"en-GB\"},{\"@type\":\"Organization\",\"@id\":\"https:\/\/skaitytaknyga.lt\/#organization\",\"name\":\"skaitytaknyga.lt\",\"url\":\"https:\/\/skaitytaknyga.lt\/\",\"logo\":{\"@type\":\"ImageObject\",\"inLanguage\":\"en-GB\",\"@id\":\"https:\/\/skaitytaknyga.lt\/#\/schema\/logo\/image\/\",\"url\":\"https:\/\/skaitytaknyga.lt\/wp-content\/uploads\/2024\/05\/cropped-cropped-cropped-02_00843_jt3bggkj1j3HLc7SyY6rEUpg.jpeg\",\"contentUrl\":\"https:\/\/skaitytaknyga.lt\/wp-content\/uploads\/2024\/05\/cropped-cropped-cropped-02_00843_jt3bggkj1j3HLc7SyY6rEUpg.jpeg\",\"width\":1600,\"height\":1600,\"caption\":\"skaitytaknyga.lt\"},\"image\":{\"@id\":\"https:\/\/skaitytaknyga.lt\/#\/schema\/logo\/image\/\"},\"sameAs\":[\"https:\/\/www.facebook.com\/skaitytaknyga\/\"]}]}<\/script>\n<!-- \/ Yoast SEO plugin. -->","yoast_head_json":{"title":"Suomijos \u012flankos ses\u0117s","description":"\u0160i knyga \u201eSuomijos \u012flankos ses\u0117s\" \u2013 tai pasakojimas apie dviej\u0173 Baltijos valstybi\u0173, Suomijos ir Estijos moter\u0173 organizacij\u0173 bendradarbiavim\u0105 siekiant","robots":{"index":"index","follow":"follow","max-snippet":"max-snippet:-1","max-image-preview":"max-image-preview:large","max-video-preview":"max-video-preview:-1"},"canonical":"https:\/\/skaitytaknyga.lt\/en\/produktas\/suomijos-ilankos-seses\/","og_locale":"en_GB","og_type":"article","og_title":"[:lt]Suomijos \u012flankos ses\u0117s[:] - Skaitytaknyga","og_description":"\u0160i knyga \u201eSuomijos \u012flankos ses\u0117s\" \u2013 tai pasakojimas apie dviej\u0173 Baltijos valstybi\u0173, Suomijos ir Estijos moter\u0173 organizacij\u0173 bendradarbiavim\u0105 siekiant","og_url":"https:\/\/skaitytaknyga.lt\/en\/produktas\/suomijos-ilankos-seses\/","og_site_name":"Skaitytaknyga","article_publisher":"https:\/\/www.facebook.com\/skaitytaknyga\/","article_modified_time":"2025-11-13T17:34:36+00:00","og_image":[{"width":300,"height":428,"url":"https:\/\/skaitytaknyga.lt\/wp-content\/uploads\/2025\/11\/Suomijos-ilankos-seses-1.webp","type":"image\/webp"}],"twitter_card":"summary_large_image","twitter_misc":{"Estimated reading time":"1 minute"},"schema":{"@context":"https:\/\/schema.org","@graph":[{"@type":"WebPage","@id":"https:\/\/skaitytaknyga.lt\/produktas\/suomijos-ilankos-seses\/","url":"https:\/\/skaitytaknyga.lt\/produktas\/suomijos-ilankos-seses\/","name":"Suomijos \u012flankos ses\u0117s","isPartOf":{"@id":"https:\/\/skaitytaknyga.lt\/#website"},"primaryImageOfPage":{"@id":"https:\/\/skaitytaknyga.lt\/produktas\/suomijos-ilankos-seses\/#primaryimage"},"image":{"@id":"https:\/\/skaitytaknyga.lt\/produktas\/suomijos-ilankos-seses\/#primaryimage"},"thumbnailUrl":"https:\/\/skaitytaknyga.lt\/wp-content\/uploads\/2025\/11\/Suomijos-ilankos-seses-1.webp","datePublished":"2025-11-07T17:33:27+00:00","dateModified":"2025-11-13T17:34:36+00:00","description":"\u0160i knyga \u201eSuomijos \u012flankos ses\u0117s\" \u2013 tai pasakojimas apie dviej\u0173 Baltijos valstybi\u0173, Suomijos ir Estijos moter\u0173 organizacij\u0173 bendradarbiavim\u0105 siekiant","breadcrumb":{"@id":"https:\/\/skaitytaknyga.lt\/produktas\/suomijos-ilankos-seses\/#breadcrumb"},"inLanguage":"en-GB","potentialAction":[{"@type":"ReadAction","target":["https:\/\/skaitytaknyga.lt\/produktas\/suomijos-ilankos-seses\/"]}]},{"@type":"ImageObject","inLanguage":"en-GB","@id":"https:\/\/skaitytaknyga.lt\/produktas\/suomijos-ilankos-seses\/#primaryimage","url":"https:\/\/skaitytaknyga.lt\/wp-content\/uploads\/2025\/11\/Suomijos-ilankos-seses-1.webp","contentUrl":"https:\/\/skaitytaknyga.lt\/wp-content\/uploads\/2025\/11\/Suomijos-ilankos-seses-1.webp","width":300,"height":428},{"@type":"BreadcrumbList","@id":"https:\/\/skaitytaknyga.lt\/produktas\/suomijos-ilankos-seses\/#breadcrumb","itemListElement":[{"@type":"ListItem","position":1,"name":"Home","item":"https:\/\/skaitytaknyga.lt\/"},{"@type":"ListItem","position":2,"name":"Parduotuv\u0117","item":"https:\/\/skaitytaknyga.lt\/knygu-parduotuve\/"},{"@type":"ListItem","position":3,"name":"Suomijos \u012flankos ses\u0117s"}]},{"@type":"WebSite","@id":"https:\/\/skaitytaknyga.lt\/#website","url":"https:\/\/skaitytaknyga.lt\/","name":"skaitytaknyga.lt","description":"Skaitytaknyga.lt \u2013 tai ma\u017eas \u0161eimos verslas, kuris prasid\u0117jo nuo meil\u0117s knygoms ir siekio i\u0161gelb\u0117ti knygas nuo likimo prie konteinerio. Kas vienam nereikalingas daiktas \u2013 kitam lobis, o mes esame tarpininkai, kurie padeda abiems tapti laimingesniems ???? \u017dinome kaip nelengva i\u0161gyventi ma\u017eiems verslams, tad nuo \u0161iol, \u010dia rasite ir kit\u0173, ma\u017e\u0173 \u0161eim\u0173 versl\u0173, rank\u0173 darbo, dovan\u0173 sau ir artimiesiems.","publisher":{"@id":"https:\/\/skaitytaknyga.lt\/#organization"},"potentialAction":[{"@type":"SearchAction","target":{"@type":"EntryPoint","urlTemplate":"https:\/\/skaitytaknyga.lt\/?s={search_term_string}"},"query-input":{"@type":"PropertyValueSpecification","valueRequired":true,"valueName":"search_term_string"}}],"inLanguage":"en-GB"},{"@type":"Organization","@id":"https:\/\/skaitytaknyga.lt\/#organization","name":"skaitytaknyga.lt","url":"https:\/\/skaitytaknyga.lt\/","logo":{"@type":"ImageObject","inLanguage":"en-GB","@id":"https:\/\/skaitytaknyga.lt\/#\/schema\/logo\/image\/","url":"https:\/\/skaitytaknyga.lt\/wp-content\/uploads\/2024\/05\/cropped-cropped-cropped-02_00843_jt3bggkj1j3HLc7SyY6rEUpg.jpeg","contentUrl":"https:\/\/skaitytaknyga.lt\/wp-content\/uploads\/2024\/05\/cropped-cropped-cropped-02_00843_jt3bggkj1j3HLc7SyY6rEUpg.jpeg","width":1600,"height":1600,"caption":"skaitytaknyga.lt"},"image":{"@id":"https:\/\/skaitytaknyga.lt\/#\/schema\/logo\/image\/"},"sameAs":["https:\/\/www.facebook.com\/skaitytaknyga\/"]}]}},"_links":{"self":[{"href":"https:\/\/skaitytaknyga.lt\/en\/wp-json\/wp\/v2\/product\/21866","targetHints":{"allow":["GET"]}}],"collection":[{"href":"https:\/\/skaitytaknyga.lt\/en\/wp-json\/wp\/v2\/product"}],"about":[{"href":"https:\/\/skaitytaknyga.lt\/en\/wp-json\/wp\/v2\/types\/product"}],"replies":[{"embeddable":true,"href":"https:\/\/skaitytaknyga.lt\/en\/wp-json\/wp\/v2\/comments?post=21866"}],"wp:featuredmedia":[{"embeddable":true,"href":"https:\/\/skaitytaknyga.lt\/en\/wp-json\/wp\/v2\/media\/21871"}],"wp:attachment":[{"href":"https:\/\/skaitytaknyga.lt\/en\/wp-json\/wp\/v2\/media?parent=21866"}],"wp:term":[{"taxonomy":"product_brand","embeddable":true,"href":"https:\/\/skaitytaknyga.lt\/en\/wp-json\/wp\/v2\/product_brand?post=21866"},{"taxonomy":"product_cat","embeddable":true,"href":"https:\/\/skaitytaknyga.lt\/en\/wp-json\/wp\/v2\/product_cat?post=21866"},{"taxonomy":"product_tag","embeddable":true,"href":"https:\/\/skaitytaknyga.lt\/en\/wp-json\/wp\/v2\/product_tag?post=21866"}],"curies":[{"name":"wp","href":"https:\/\/api.w.org\/{rel}","templated":true}]}}