{"id":21859,"date":"2025-11-07T19:20:56","date_gmt":"2025-11-07T17:20:56","guid":{"rendered":"https:\/\/skaitytaknyga.lt\/?post_type=product&#038;p=21859"},"modified":"2025-11-13T19:34:36","modified_gmt":"2025-11-13T17:34:36","slug":"holokausto-industrija","status":"publish","type":"product","link":"https:\/\/skaitytaknyga.lt\/en\/produktas\/holokausto-industrija\/","title":{"rendered":"Holokausto industrija"},"content":{"rendered":"<p>Koncentracijos stovyklas patyrusi\u0173 \u017eyd\u0173 \u0161eimoje gim\u0119s Amerikos politologas kaltina Holokausto industrij\u0105 i\u0161naudojant \u017eyd\u0173 kan\u010di\u0105 pasipelnymo tikslais ir taip sumenkinant moralin\u0119 tikr\u0173j\u0173 auk\u0173 kankinyst\u0117s vert\u0119. <\/p>\n<p>Pasak N. Finkelsteino, Holokausto industrija besiremdama nepateisinamomis holokausto i\u0161skirtinumo ir neracionalios bei am\u017einos ne\u017eyd\u0173 neapykantos \u017eydams dogmomis naudoja savo moralin\u0119 j\u0117g\u0105 politiniam spaudimui, siekdama suteikti Amerikos interesus atstovaujan\u010diam Izraeliui \u201eauk\u0173\u201c valstyb\u0117s status\u0105 ir taip apsaugoti j\u012f ir s\u0117kmingiausi\u0105 JAV tautin\u0119 grup\u0119, \u017eydus, nuo bet kokios kritikos.<\/p>\n<p>Autorius mano, kad \u201cstokojan\u010di\u0173 holokausto auk\u0173\u201d vardu keldama vis naujus kompensacij\u0173 ie\u0161kinius (\u0160veicarijos bankams, Vokietijos verslininkams, Ryt\u0173 Europos kra\u0161tams), i\u0161 kuri\u0173 tikrosios aukos teturi visai ma\u017eai naudos, Holokausto industrija pati labiausiai prisideda prie antisemitizmo palaikymo ir kurstymo.<\/p>\n","protected":false},"excerpt":{"rendered":"<p>Koncentracijos stovyklas patyrusi\u0173 \u017eyd\u0173 \u0161eimoje gim\u0119s Amerikos politologas kaltina Holokausto industrij\u0105 i\u0161naudojant \u017eyd\u0173 kan\u010di\u0105 pasipelnymo tikslais ir taip sumenkinant moralin\u0119 tikr\u0173j\u0173 auk\u0173 kankinyst\u0117s vert\u0119. Pasak N. Finkelsteino, Holokausto industrija besiremdama nepateisinamomis holokausto i\u0161skirtinumo ir neracionalios bei am\u017einos ne\u017eyd\u0173 neapykantos \u017eydams dogmomis naudoja savo moralin\u0119 j\u0117g\u0105 politiniam spaudimui, siekdama suteikti Amerikos interesus atstovaujan\u010diam Izraeliui \u201eauk\u0173\u201c valstyb\u0117s status\u0105 ir taip apsaugoti j\u012f ir s\u0117kmingiausi\u0105 JAV tautin\u0119 grup\u0119, \u017eydus, nuo bet kokios kritikos. Autorius mano, kad \u201cstokojan\u010di\u0173 holokausto auk\u0173\u201d vardu keldama vis naujus kompensacij\u0173 ie\u0161kinius (\u0160veicarijos bankams, Vokietijos verslininkams, Ryt\u0173 Europos kra\u0161tams), i\u0161 kuri\u0173 tikrosios aukos teturi visai ma\u017eai naudos, Holokausto industrija pati labiausiai prisideda prie antisemitizmo palaikymo ir kurstymo.<\/p>\n","protected":false},"featured_media":21864,"comment_status":"open","ping_status":"closed","template":"","meta":{"_acf_changed":false,"site-sidebar-layout":"default","site-content-layout":"","ast-site-content-layout":"default","site-content-style":"default","site-sidebar-style":"default","ast-global-header-display":"","ast-banner-title-visibility":"","ast-main-header-display":"","ast-hfb-above-header-display":"","ast-hfb-below-header-display":"","ast-hfb-mobile-header-display":"","site-post-title":"","ast-breadcrumbs-content":"","ast-featured-img":"","footer-sml-layout":"","ast-disable-related-posts":"","theme-transparent-header-meta":"","adv-header-id-meta":"","stick-header-meta":"","header-above-stick-meta":"","header-main-stick-meta":"","header-below-stick-meta":"","astra-migrate-meta-layouts":"default","ast-page-background-enabled":"default","ast-page-background-meta":{"desktop":{"background-color":"","background-image":"","background-repeat":"repeat","background-position":"center center","background-size":"auto","background-attachment":"scroll","background-type":"","background-media":"","overlay-type":"","overlay-color":"","overlay-opacity":"","overlay-gradient":""},"tablet":{"background-color":"","background-image":"","background-repeat":"repeat","background-position":"center center","background-size":"auto","background-attachment":"scroll","background-type":"","background-media":"","overlay-type":"","overlay-color":"","overlay-opacity":"","overlay-gradient":""},"mobile":{"background-color":"","background-image":"","background-repeat":"repeat","background-position":"center center","background-size":"auto","background-attachment":"scroll","background-type":"","background-media":"","overlay-type":"","overlay-color":"","overlay-opacity":"","overlay-gradient":""}},"ast-content-background-meta":{"desktop":{"background-color":"var(--ast-global-color-4)","background-image":"","background-repeat":"repeat","background-position":"center center","background-size":"auto","background-attachment":"scroll","background-type":"","background-media":"","overlay-type":"","overlay-color":"","overlay-opacity":"","overlay-gradient":""},"tablet":{"background-color":"var(--ast-global-color-4)","background-image":"","background-repeat":"repeat","background-position":"center center","background-size":"auto","background-attachment":"scroll","background-type":"","background-media":"","overlay-type":"","overlay-color":"","overlay-opacity":"","overlay-gradient":""},"mobile":{"background-color":"var(--ast-global-color-4)","background-image":"","background-repeat":"repeat","background-position":"center center","background-size":"auto","background-attachment":"scroll","background-type":"","background-media":"","overlay-type":"","overlay-color":"","overlay-opacity":"","overlay-gradient":""}}},"product_brand":[],"product_cat":[15],"product_tag":[],"class_list":{"0":"post-21859","1":"product","2":"type-product","3":"status-publish","4":"has-post-thumbnail","6":"product_cat-uncategorized","7":"desktop-align-left","8":"tablet-align-left","9":"mobile-align-left","11":"first","12":"instock","13":"shipping-taxable","14":"purchasable","15":"product-type-simple"},"acf":[],"yoast_head":"<!-- This site is optimized with the Yoast SEO plugin v27.0 - https:\/\/yoast.com\/product\/yoast-seo-wordpress\/ -->\n<title>Holokausto industrija<\/title>\n<meta name=\"description\" content=\"Koncentracijos stovyklas patyrusi\u0173 \u017eyd\u0173 \u0161eimoje gim\u0119s Amerikos politologas kaltina Holokausto industrij\u0105 i\u0161naudojant \u017eyd\u0173 kan\u010di\u0105 pasipelnymo tikslais ir\" \/>\n<meta name=\"robots\" content=\"index, follow, max-snippet:-1, max-image-preview:large, max-video-preview:-1\" \/>\n<link rel=\"canonical\" href=\"https:\/\/skaitytaknyga.lt\/en\/produktas\/holokausto-industrija\/\" \/>\n<meta property=\"og:locale\" content=\"en_GB\" \/>\n<meta property=\"og:locale:alternate\" content=\"lt_LT\" \/>\n<meta property=\"og:type\" content=\"article\" \/>\n<meta property=\"og:title\" content=\"Holokausto industrija\" \/>\n<meta property=\"og:description\" content=\"Koncentracijos stovyklas patyrusi\u0173 \u017eyd\u0173 \u0161eimoje gim\u0119s Amerikos politologas kaltina Holokausto industrij\u0105 i\u0161naudojant \u017eyd\u0173 kan\u010di\u0105 pasipelnymo tikslais ir\" \/>\n<meta property=\"og:url\" content=\"https:\/\/skaitytaknyga.lt\/en\/produktas\/holokausto-industrija\/\" \/>\n<meta property=\"og:site_name\" content=\"Skaitytaknyga\" \/>\n<meta property=\"article:publisher\" content=\"https:\/\/www.facebook.com\/skaitytaknyga\/\" \/>\n<meta property=\"article:modified_time\" content=\"2025-11-13T17:34:36+00:00\" \/>\n<meta property=\"og:image\" content=\"https:\/\/skaitytaknyga.lt\/wp-content\/uploads\/2025\/11\/Holokausto-industrija-1.webp\" \/>\n\t<meta property=\"og:image:width\" content=\"300\" \/>\n\t<meta property=\"og:image:height\" content=\"477\" \/>\n\t<meta property=\"og:image:type\" content=\"image\/webp\" \/>\n<meta name=\"twitter:card\" content=\"summary_large_image\" \/>\n<meta name=\"twitter:label1\" content=\"Estimated reading time\" \/>\n\t<meta name=\"twitter:data1\" content=\"1 minute\" \/>\n<script type=\"application\/ld+json\" class=\"yoast-schema-graph\">{\"@context\":\"https:\/\/schema.org\",\"@graph\":[{\"@type\":\"WebPage\",\"@id\":\"https:\/\/skaitytaknyga.lt\/produktas\/holokausto-industrija\/\",\"url\":\"https:\/\/skaitytaknyga.lt\/produktas\/holokausto-industrija\/\",\"name\":\"Holokausto industrija\",\"isPartOf\":{\"@id\":\"https:\/\/skaitytaknyga.lt\/#website\"},\"primaryImageOfPage\":{\"@id\":\"https:\/\/skaitytaknyga.lt\/produktas\/holokausto-industrija\/#primaryimage\"},\"image\":{\"@id\":\"https:\/\/skaitytaknyga.lt\/produktas\/holokausto-industrija\/#primaryimage\"},\"thumbnailUrl\":\"https:\/\/skaitytaknyga.lt\/wp-content\/uploads\/2025\/11\/Holokausto-industrija-1.webp\",\"datePublished\":\"2025-11-07T17:20:56+00:00\",\"dateModified\":\"2025-11-13T17:34:36+00:00\",\"description\":\"Koncentracijos stovyklas patyrusi\u0173 \u017eyd\u0173 \u0161eimoje gim\u0119s Amerikos politologas kaltina Holokausto industrij\u0105 i\u0161naudojant \u017eyd\u0173 kan\u010di\u0105 pasipelnymo tikslais ir\",\"breadcrumb\":{\"@id\":\"https:\/\/skaitytaknyga.lt\/produktas\/holokausto-industrija\/#breadcrumb\"},\"inLanguage\":\"en-GB\",\"potentialAction\":[{\"@type\":\"ReadAction\",\"target\":[\"https:\/\/skaitytaknyga.lt\/produktas\/holokausto-industrija\/\"]}]},{\"@type\":\"ImageObject\",\"inLanguage\":\"en-GB\",\"@id\":\"https:\/\/skaitytaknyga.lt\/produktas\/holokausto-industrija\/#primaryimage\",\"url\":\"https:\/\/skaitytaknyga.lt\/wp-content\/uploads\/2025\/11\/Holokausto-industrija-1.webp\",\"contentUrl\":\"https:\/\/skaitytaknyga.lt\/wp-content\/uploads\/2025\/11\/Holokausto-industrija-1.webp\",\"width\":300,\"height\":477,\"caption\":\"Holokausto industrija\"},{\"@type\":\"BreadcrumbList\",\"@id\":\"https:\/\/skaitytaknyga.lt\/produktas\/holokausto-industrija\/#breadcrumb\",\"itemListElement\":[{\"@type\":\"ListItem\",\"position\":1,\"name\":\"Home\",\"item\":\"https:\/\/skaitytaknyga.lt\/\"},{\"@type\":\"ListItem\",\"position\":2,\"name\":\"Parduotuv\u0117\",\"item\":\"https:\/\/skaitytaknyga.lt\/knygu-parduotuve\/\"},{\"@type\":\"ListItem\",\"position\":3,\"name\":\"Holokausto industrija\"}]},{\"@type\":\"WebSite\",\"@id\":\"https:\/\/skaitytaknyga.lt\/#website\",\"url\":\"https:\/\/skaitytaknyga.lt\/\",\"name\":\"skaitytaknyga.lt\",\"description\":\"Skaitytaknyga.lt \u2013 tai ma\u017eas \u0161eimos verslas, kuris prasid\u0117jo nuo meil\u0117s knygoms ir siekio i\u0161gelb\u0117ti knygas nuo likimo prie konteinerio. Kas vienam nereikalingas daiktas \u2013 kitam lobis, o mes esame tarpininkai, kurie padeda abiems tapti laimingesniems ???? \u017dinome kaip nelengva i\u0161gyventi ma\u017eiems verslams, tad nuo \u0161iol, \u010dia rasite ir kit\u0173, ma\u017e\u0173 \u0161eim\u0173 versl\u0173, rank\u0173 darbo, dovan\u0173 sau ir artimiesiems.\",\"publisher\":{\"@id\":\"https:\/\/skaitytaknyga.lt\/#organization\"},\"potentialAction\":[{\"@type\":\"SearchAction\",\"target\":{\"@type\":\"EntryPoint\",\"urlTemplate\":\"https:\/\/skaitytaknyga.lt\/?s={search_term_string}\"},\"query-input\":{\"@type\":\"PropertyValueSpecification\",\"valueRequired\":true,\"valueName\":\"search_term_string\"}}],\"inLanguage\":\"en-GB\"},{\"@type\":\"Organization\",\"@id\":\"https:\/\/skaitytaknyga.lt\/#organization\",\"name\":\"skaitytaknyga.lt\",\"url\":\"https:\/\/skaitytaknyga.lt\/\",\"logo\":{\"@type\":\"ImageObject\",\"inLanguage\":\"en-GB\",\"@id\":\"https:\/\/skaitytaknyga.lt\/#\/schema\/logo\/image\/\",\"url\":\"https:\/\/skaitytaknyga.lt\/wp-content\/uploads\/2024\/05\/cropped-cropped-cropped-02_00843_jt3bggkj1j3HLc7SyY6rEUpg.jpeg\",\"contentUrl\":\"https:\/\/skaitytaknyga.lt\/wp-content\/uploads\/2024\/05\/cropped-cropped-cropped-02_00843_jt3bggkj1j3HLc7SyY6rEUpg.jpeg\",\"width\":1600,\"height\":1600,\"caption\":\"skaitytaknyga.lt\"},\"image\":{\"@id\":\"https:\/\/skaitytaknyga.lt\/#\/schema\/logo\/image\/\"},\"sameAs\":[\"https:\/\/www.facebook.com\/skaitytaknyga\/\"]}]}<\/script>\n<!-- \/ Yoast SEO plugin. -->","yoast_head_json":{"title":"Holokausto industrija","description":"Koncentracijos stovyklas patyrusi\u0173 \u017eyd\u0173 \u0161eimoje gim\u0119s Amerikos politologas kaltina Holokausto industrij\u0105 i\u0161naudojant \u017eyd\u0173 kan\u010di\u0105 pasipelnymo tikslais ir","robots":{"index":"index","follow":"follow","max-snippet":"max-snippet:-1","max-image-preview":"max-image-preview:large","max-video-preview":"max-video-preview:-1"},"canonical":"https:\/\/skaitytaknyga.lt\/en\/produktas\/holokausto-industrija\/","og_locale":"en_GB","og_type":"article","og_title":"[:lt]Holokausto industrija[:] - Skaitytaknyga","og_description":"Koncentracijos stovyklas patyrusi\u0173 \u017eyd\u0173 \u0161eimoje gim\u0119s Amerikos politologas kaltina Holokausto industrij\u0105 i\u0161naudojant \u017eyd\u0173 kan\u010di\u0105 pasipelnymo tikslais ir","og_url":"https:\/\/skaitytaknyga.lt\/en\/produktas\/holokausto-industrija\/","og_site_name":"Skaitytaknyga","article_publisher":"https:\/\/www.facebook.com\/skaitytaknyga\/","article_modified_time":"2025-11-13T17:34:36+00:00","og_image":[{"width":300,"height":477,"url":"https:\/\/skaitytaknyga.lt\/wp-content\/uploads\/2025\/11\/Holokausto-industrija-1.webp","type":"image\/webp"}],"twitter_card":"summary_large_image","twitter_misc":{"Estimated reading time":"1 minute"},"schema":{"@context":"https:\/\/schema.org","@graph":[{"@type":"WebPage","@id":"https:\/\/skaitytaknyga.lt\/produktas\/holokausto-industrija\/","url":"https:\/\/skaitytaknyga.lt\/produktas\/holokausto-industrija\/","name":"Holokausto industrija","isPartOf":{"@id":"https:\/\/skaitytaknyga.lt\/#website"},"primaryImageOfPage":{"@id":"https:\/\/skaitytaknyga.lt\/produktas\/holokausto-industrija\/#primaryimage"},"image":{"@id":"https:\/\/skaitytaknyga.lt\/produktas\/holokausto-industrija\/#primaryimage"},"thumbnailUrl":"https:\/\/skaitytaknyga.lt\/wp-content\/uploads\/2025\/11\/Holokausto-industrija-1.webp","datePublished":"2025-11-07T17:20:56+00:00","dateModified":"2025-11-13T17:34:36+00:00","description":"Koncentracijos stovyklas patyrusi\u0173 \u017eyd\u0173 \u0161eimoje gim\u0119s Amerikos politologas kaltina Holokausto industrij\u0105 i\u0161naudojant \u017eyd\u0173 kan\u010di\u0105 pasipelnymo tikslais ir","breadcrumb":{"@id":"https:\/\/skaitytaknyga.lt\/produktas\/holokausto-industrija\/#breadcrumb"},"inLanguage":"en-GB","potentialAction":[{"@type":"ReadAction","target":["https:\/\/skaitytaknyga.lt\/produktas\/holokausto-industrija\/"]}]},{"@type":"ImageObject","inLanguage":"en-GB","@id":"https:\/\/skaitytaknyga.lt\/produktas\/holokausto-industrija\/#primaryimage","url":"https:\/\/skaitytaknyga.lt\/wp-content\/uploads\/2025\/11\/Holokausto-industrija-1.webp","contentUrl":"https:\/\/skaitytaknyga.lt\/wp-content\/uploads\/2025\/11\/Holokausto-industrija-1.webp","width":300,"height":477,"caption":"Holokausto industrija"},{"@type":"BreadcrumbList","@id":"https:\/\/skaitytaknyga.lt\/produktas\/holokausto-industrija\/#breadcrumb","itemListElement":[{"@type":"ListItem","position":1,"name":"Home","item":"https:\/\/skaitytaknyga.lt\/"},{"@type":"ListItem","position":2,"name":"Parduotuv\u0117","item":"https:\/\/skaitytaknyga.lt\/knygu-parduotuve\/"},{"@type":"ListItem","position":3,"name":"Holokausto industrija"}]},{"@type":"WebSite","@id":"https:\/\/skaitytaknyga.lt\/#website","url":"https:\/\/skaitytaknyga.lt\/","name":"skaitytaknyga.lt","description":"Skaitytaknyga.lt \u2013 tai ma\u017eas \u0161eimos verslas, kuris prasid\u0117jo nuo meil\u0117s knygoms ir siekio i\u0161gelb\u0117ti knygas nuo likimo prie konteinerio. Kas vienam nereikalingas daiktas \u2013 kitam lobis, o mes esame tarpininkai, kurie padeda abiems tapti laimingesniems ???? \u017dinome kaip nelengva i\u0161gyventi ma\u017eiems verslams, tad nuo \u0161iol, \u010dia rasite ir kit\u0173, ma\u017e\u0173 \u0161eim\u0173 versl\u0173, rank\u0173 darbo, dovan\u0173 sau ir artimiesiems.","publisher":{"@id":"https:\/\/skaitytaknyga.lt\/#organization"},"potentialAction":[{"@type":"SearchAction","target":{"@type":"EntryPoint","urlTemplate":"https:\/\/skaitytaknyga.lt\/?s={search_term_string}"},"query-input":{"@type":"PropertyValueSpecification","valueRequired":true,"valueName":"search_term_string"}}],"inLanguage":"en-GB"},{"@type":"Organization","@id":"https:\/\/skaitytaknyga.lt\/#organization","name":"skaitytaknyga.lt","url":"https:\/\/skaitytaknyga.lt\/","logo":{"@type":"ImageObject","inLanguage":"en-GB","@id":"https:\/\/skaitytaknyga.lt\/#\/schema\/logo\/image\/","url":"https:\/\/skaitytaknyga.lt\/wp-content\/uploads\/2024\/05\/cropped-cropped-cropped-02_00843_jt3bggkj1j3HLc7SyY6rEUpg.jpeg","contentUrl":"https:\/\/skaitytaknyga.lt\/wp-content\/uploads\/2024\/05\/cropped-cropped-cropped-02_00843_jt3bggkj1j3HLc7SyY6rEUpg.jpeg","width":1600,"height":1600,"caption":"skaitytaknyga.lt"},"image":{"@id":"https:\/\/skaitytaknyga.lt\/#\/schema\/logo\/image\/"},"sameAs":["https:\/\/www.facebook.com\/skaitytaknyga\/"]}]}},"_links":{"self":[{"href":"https:\/\/skaitytaknyga.lt\/en\/wp-json\/wp\/v2\/product\/21859","targetHints":{"allow":["GET"]}}],"collection":[{"href":"https:\/\/skaitytaknyga.lt\/en\/wp-json\/wp\/v2\/product"}],"about":[{"href":"https:\/\/skaitytaknyga.lt\/en\/wp-json\/wp\/v2\/types\/product"}],"replies":[{"embeddable":true,"href":"https:\/\/skaitytaknyga.lt\/en\/wp-json\/wp\/v2\/comments?post=21859"}],"wp:featuredmedia":[{"embeddable":true,"href":"https:\/\/skaitytaknyga.lt\/en\/wp-json\/wp\/v2\/media\/21864"}],"wp:attachment":[{"href":"https:\/\/skaitytaknyga.lt\/en\/wp-json\/wp\/v2\/media?parent=21859"}],"wp:term":[{"taxonomy":"product_brand","embeddable":true,"href":"https:\/\/skaitytaknyga.lt\/en\/wp-json\/wp\/v2\/product_brand?post=21859"},{"taxonomy":"product_cat","embeddable":true,"href":"https:\/\/skaitytaknyga.lt\/en\/wp-json\/wp\/v2\/product_cat?post=21859"},{"taxonomy":"product_tag","embeddable":true,"href":"https:\/\/skaitytaknyga.lt\/en\/wp-json\/wp\/v2\/product_tag?post=21859"}],"curies":[{"name":"wp","href":"https:\/\/api.w.org\/{rel}","templated":true}]}}