{"id":21858,"date":"2025-11-07T19:20:56","date_gmt":"2025-11-07T17:20:56","guid":{"rendered":"https:\/\/skaitytaknyga.lt\/?post_type=product&#038;p=21858"},"modified":"2025-11-13T19:34:36","modified_gmt":"2025-11-13T17:34:36","slug":"gentine-lietuviu-tauta-rytuose","status":"publish","type":"product","link":"https:\/\/skaitytaknyga.lt\/en\/produktas\/gentine-lietuviu-tauta-rytuose\/","title":{"rendered":"Gentin\u0117 lietuvi\u0173 tauta rytuose"},"content":{"rendered":"<p>Etnin\u0117 lietuvi\u0173 kult\u016bra, gyvensena, religija, gro\u017eio suvokimas ir kalba IX\u2013XII a. buvo \u012fvairiai pa\u017e\u012fstama tarp Nemuno ir Dniepro i\u0161tak\u0173 bei Pripet\u0117s pietuose. D\u0117l objektyvi\u0173 prie\u017eas\u010di\u0173 min\u0117toje epochoje \u0161iuose plotuose ji silpo, dar\u0117si reliktiniu rei\u0161kiniu. Itin svarbu suprasti, jog kuriantis Lietuvos valstybei lietuvi\u0161kumas tarp Brastos ir Smalensko negal\u0117jo b\u016bti suvokiamas kaip antagonistinis bei svetimas rei\u0161kinys. Kur kas labiau \u010dia jis tur\u0117jo b\u016bti suvokiamas kaip savas, nepa\u017eeid\u017eiantis gyventoj\u0173 etnopsichologijos, praeities reliktas. Tai buvo viena esmini\u0173 pradini\u0173 s\u0105lyg\u0173, nul\u0117musi\u0173 s\u0117kming\u0105 tolesn\u0119 Lietuvos valstyb\u0117s raid\u0105 iki pat XIX a. prad\u017eios.<\/p>\n","protected":false},"excerpt":{"rendered":"<p>Etnin\u0117 lietuvi\u0173 kult\u016bra, gyvensena, religija, gro\u017eio suvokimas ir kalba IX\u2013XII a. buvo \u012fvairiai pa\u017e\u012fstama tarp Nemuno ir Dniepro i\u0161tak\u0173 bei Pripet\u0117s pietuose. D\u0117l objektyvi\u0173 prie\u017eas\u010di\u0173 min\u0117toje epochoje \u0161iuose plotuose ji silpo, dar\u0117si reliktiniu rei\u0161kiniu. Itin svarbu suprasti, jog kuriantis Lietuvos valstybei lietuvi\u0161kumas tarp Brastos ir Smalensko negal\u0117jo b\u016bti suvokiamas kaip antagonistinis bei svetimas rei\u0161kinys. Kur kas labiau \u010dia jis tur\u0117jo b\u016bti suvokiamas kaip savas, nepa\u017eeid\u017eiantis gyventoj\u0173 etnopsichologijos, praeities reliktas. Tai buvo viena esmini\u0173 pradini\u0173 s\u0105lyg\u0173, nul\u0117musi\u0173 s\u0117kming\u0105 tolesn\u0119 Lietuvos valstyb\u0117s raid\u0105 iki pat XIX a. prad\u017eios.<\/p>\n","protected":false},"featured_media":21863,"comment_status":"open","ping_status":"closed","template":"","meta":{"_acf_changed":false,"site-sidebar-layout":"default","site-content-layout":"","ast-site-content-layout":"default","site-content-style":"default","site-sidebar-style":"default","ast-global-header-display":"","ast-banner-title-visibility":"","ast-main-header-display":"","ast-hfb-above-header-display":"","ast-hfb-below-header-display":"","ast-hfb-mobile-header-display":"","site-post-title":"","ast-breadcrumbs-content":"","ast-featured-img":"","footer-sml-layout":"","ast-disable-related-posts":"","theme-transparent-header-meta":"","adv-header-id-meta":"","stick-header-meta":"","header-above-stick-meta":"","header-main-stick-meta":"","header-below-stick-meta":"","astra-migrate-meta-layouts":"default","ast-page-background-enabled":"default","ast-page-background-meta":{"desktop":{"background-color":"","background-image":"","background-repeat":"repeat","background-position":"center center","background-size":"auto","background-attachment":"scroll","background-type":"","background-media":"","overlay-type":"","overlay-color":"","overlay-opacity":"","overlay-gradient":""},"tablet":{"background-color":"","background-image":"","background-repeat":"repeat","background-position":"center center","background-size":"auto","background-attachment":"scroll","background-type":"","background-media":"","overlay-type":"","overlay-color":"","overlay-opacity":"","overlay-gradient":""},"mobile":{"background-color":"","background-image":"","background-repeat":"repeat","background-position":"center center","background-size":"auto","background-attachment":"scroll","background-type":"","background-media":"","overlay-type":"","overlay-color":"","overlay-opacity":"","overlay-gradient":""}},"ast-content-background-meta":{"desktop":{"background-color":"var(--ast-global-color-4)","background-image":"","background-repeat":"repeat","background-position":"center center","background-size":"auto","background-attachment":"scroll","background-type":"","background-media":"","overlay-type":"","overlay-color":"","overlay-opacity":"","overlay-gradient":""},"tablet":{"background-color":"var(--ast-global-color-4)","background-image":"","background-repeat":"repeat","background-position":"center center","background-size":"auto","background-attachment":"scroll","background-type":"","background-media":"","overlay-type":"","overlay-color":"","overlay-opacity":"","overlay-gradient":""},"mobile":{"background-color":"var(--ast-global-color-4)","background-image":"","background-repeat":"repeat","background-position":"center center","background-size":"auto","background-attachment":"scroll","background-type":"","background-media":"","overlay-type":"","overlay-color":"","overlay-opacity":"","overlay-gradient":""}}},"product_brand":[],"product_cat":[15],"product_tag":[],"class_list":{"0":"post-21858","1":"product","2":"type-product","3":"status-publish","4":"has-post-thumbnail","6":"product_cat-uncategorized","7":"desktop-align-left","8":"tablet-align-left","9":"mobile-align-left","11":"first","12":"instock","13":"shipping-taxable","14":"purchasable","15":"product-type-simple"},"acf":[],"yoast_head":"<!-- This site is optimized with the Yoast SEO plugin v27.0 - https:\/\/yoast.com\/product\/yoast-seo-wordpress\/ -->\n<title>Gentin\u0117 lietuvi\u0173 tauta rytuose<\/title>\n<meta name=\"description\" content=\"Etnin\u0117 lietuvi\u0173 kult\u016bra, gyvensena, religija, gro\u017eio suvokimas ir kalba IX\u2013XII a. buvo \u012fvairiai pa\u017e\u012fstama tarp Nemuno ir Dniepro i\u0161tak\u0173 bei Pripet\u0117s\" \/>\n<meta name=\"robots\" content=\"index, follow, max-snippet:-1, max-image-preview:large, max-video-preview:-1\" \/>\n<link rel=\"canonical\" href=\"https:\/\/skaitytaknyga.lt\/en\/produktas\/gentine-lietuviu-tauta-rytuose\/\" \/>\n<meta property=\"og:locale\" content=\"en_GB\" \/>\n<meta property=\"og:locale:alternate\" content=\"lt_LT\" \/>\n<meta property=\"og:type\" content=\"article\" \/>\n<meta property=\"og:title\" content=\"Gentin\u0117 lietuvi\u0173 tauta rytuose\" \/>\n<meta property=\"og:description\" content=\"Etnin\u0117 lietuvi\u0173 kult\u016bra, gyvensena, religija, gro\u017eio suvokimas ir kalba IX\u2013XII a. buvo \u012fvairiai pa\u017e\u012fstama tarp Nemuno ir Dniepro i\u0161tak\u0173 bei Pripet\u0117s\" \/>\n<meta property=\"og:url\" content=\"https:\/\/skaitytaknyga.lt\/en\/produktas\/gentine-lietuviu-tauta-rytuose\/\" \/>\n<meta property=\"og:site_name\" content=\"Skaitytaknyga\" \/>\n<meta property=\"article:publisher\" content=\"https:\/\/www.facebook.com\/skaitytaknyga\/\" \/>\n<meta property=\"article:modified_time\" content=\"2025-11-13T17:34:36+00:00\" \/>\n<meta property=\"og:image\" content=\"https:\/\/skaitytaknyga.lt\/wp-content\/uploads\/2025\/11\/Gentine-lietuviu-tauta-rytuose-1.webp\" \/>\n\t<meta property=\"og:image:width\" content=\"300\" \/>\n\t<meta property=\"og:image:height\" content=\"424\" \/>\n\t<meta property=\"og:image:type\" content=\"image\/webp\" \/>\n<meta name=\"twitter:card\" content=\"summary_large_image\" \/>\n<meta name=\"twitter:label1\" content=\"Estimated reading time\" \/>\n\t<meta name=\"twitter:data1\" content=\"1 minute\" \/>\n<script type=\"application\/ld+json\" class=\"yoast-schema-graph\">{\"@context\":\"https:\/\/schema.org\",\"@graph\":[{\"@type\":\"WebPage\",\"@id\":\"https:\/\/skaitytaknyga.lt\/produktas\/gentine-lietuviu-tauta-rytuose\/\",\"url\":\"https:\/\/skaitytaknyga.lt\/produktas\/gentine-lietuviu-tauta-rytuose\/\",\"name\":\"Gentin\u0117 lietuvi\u0173 tauta rytuose\",\"isPartOf\":{\"@id\":\"https:\/\/skaitytaknyga.lt\/#website\"},\"primaryImageOfPage\":{\"@id\":\"https:\/\/skaitytaknyga.lt\/produktas\/gentine-lietuviu-tauta-rytuose\/#primaryimage\"},\"image\":{\"@id\":\"https:\/\/skaitytaknyga.lt\/produktas\/gentine-lietuviu-tauta-rytuose\/#primaryimage\"},\"thumbnailUrl\":\"https:\/\/skaitytaknyga.lt\/wp-content\/uploads\/2025\/11\/Gentine-lietuviu-tauta-rytuose-1.webp\",\"datePublished\":\"2025-11-07T17:20:56+00:00\",\"dateModified\":\"2025-11-13T17:34:36+00:00\",\"description\":\"Etnin\u0117 lietuvi\u0173 kult\u016bra, gyvensena, religija, gro\u017eio suvokimas ir kalba IX\u2013XII a. buvo \u012fvairiai pa\u017e\u012fstama tarp Nemuno ir Dniepro i\u0161tak\u0173 bei Pripet\u0117s\",\"breadcrumb\":{\"@id\":\"https:\/\/skaitytaknyga.lt\/produktas\/gentine-lietuviu-tauta-rytuose\/#breadcrumb\"},\"inLanguage\":\"en-GB\",\"potentialAction\":[{\"@type\":\"ReadAction\",\"target\":[\"https:\/\/skaitytaknyga.lt\/produktas\/gentine-lietuviu-tauta-rytuose\/\"]}]},{\"@type\":\"ImageObject\",\"inLanguage\":\"en-GB\",\"@id\":\"https:\/\/skaitytaknyga.lt\/produktas\/gentine-lietuviu-tauta-rytuose\/#primaryimage\",\"url\":\"https:\/\/skaitytaknyga.lt\/wp-content\/uploads\/2025\/11\/Gentine-lietuviu-tauta-rytuose-1.webp\",\"contentUrl\":\"https:\/\/skaitytaknyga.lt\/wp-content\/uploads\/2025\/11\/Gentine-lietuviu-tauta-rytuose-1.webp\",\"width\":300,\"height\":424,\"caption\":\"Gentin\u0117 lietuvi\u0173 tauta rytuose\"},{\"@type\":\"BreadcrumbList\",\"@id\":\"https:\/\/skaitytaknyga.lt\/produktas\/gentine-lietuviu-tauta-rytuose\/#breadcrumb\",\"itemListElement\":[{\"@type\":\"ListItem\",\"position\":1,\"name\":\"Home\",\"item\":\"https:\/\/skaitytaknyga.lt\/\"},{\"@type\":\"ListItem\",\"position\":2,\"name\":\"Parduotuv\u0117\",\"item\":\"https:\/\/skaitytaknyga.lt\/knygu-parduotuve\/\"},{\"@type\":\"ListItem\",\"position\":3,\"name\":\"Gentin\u0117 lietuvi\u0173 tauta rytuose\"}]},{\"@type\":\"WebSite\",\"@id\":\"https:\/\/skaitytaknyga.lt\/#website\",\"url\":\"https:\/\/skaitytaknyga.lt\/\",\"name\":\"skaitytaknyga.lt\",\"description\":\"Skaitytaknyga.lt \u2013 tai ma\u017eas \u0161eimos verslas, kuris prasid\u0117jo nuo meil\u0117s knygoms ir siekio i\u0161gelb\u0117ti knygas nuo likimo prie konteinerio. Kas vienam nereikalingas daiktas \u2013 kitam lobis, o mes esame tarpininkai, kurie padeda abiems tapti laimingesniems ???? \u017dinome kaip nelengva i\u0161gyventi ma\u017eiems verslams, tad nuo \u0161iol, \u010dia rasite ir kit\u0173, ma\u017e\u0173 \u0161eim\u0173 versl\u0173, rank\u0173 darbo, dovan\u0173 sau ir artimiesiems.\",\"publisher\":{\"@id\":\"https:\/\/skaitytaknyga.lt\/#organization\"},\"potentialAction\":[{\"@type\":\"SearchAction\",\"target\":{\"@type\":\"EntryPoint\",\"urlTemplate\":\"https:\/\/skaitytaknyga.lt\/?s={search_term_string}\"},\"query-input\":{\"@type\":\"PropertyValueSpecification\",\"valueRequired\":true,\"valueName\":\"search_term_string\"}}],\"inLanguage\":\"en-GB\"},{\"@type\":\"Organization\",\"@id\":\"https:\/\/skaitytaknyga.lt\/#organization\",\"name\":\"skaitytaknyga.lt\",\"url\":\"https:\/\/skaitytaknyga.lt\/\",\"logo\":{\"@type\":\"ImageObject\",\"inLanguage\":\"en-GB\",\"@id\":\"https:\/\/skaitytaknyga.lt\/#\/schema\/logo\/image\/\",\"url\":\"https:\/\/skaitytaknyga.lt\/wp-content\/uploads\/2024\/05\/cropped-cropped-cropped-02_00843_jt3bggkj1j3HLc7SyY6rEUpg.jpeg\",\"contentUrl\":\"https:\/\/skaitytaknyga.lt\/wp-content\/uploads\/2024\/05\/cropped-cropped-cropped-02_00843_jt3bggkj1j3HLc7SyY6rEUpg.jpeg\",\"width\":1600,\"height\":1600,\"caption\":\"skaitytaknyga.lt\"},\"image\":{\"@id\":\"https:\/\/skaitytaknyga.lt\/#\/schema\/logo\/image\/\"},\"sameAs\":[\"https:\/\/www.facebook.com\/skaitytaknyga\/\"]}]}<\/script>\n<!-- \/ Yoast SEO plugin. -->","yoast_head_json":{"title":"Gentin\u0117 lietuvi\u0173 tauta rytuose","description":"Etnin\u0117 lietuvi\u0173 kult\u016bra, gyvensena, religija, gro\u017eio suvokimas ir kalba IX\u2013XII a. buvo \u012fvairiai pa\u017e\u012fstama tarp Nemuno ir Dniepro i\u0161tak\u0173 bei Pripet\u0117s","robots":{"index":"index","follow":"follow","max-snippet":"max-snippet:-1","max-image-preview":"max-image-preview:large","max-video-preview":"max-video-preview:-1"},"canonical":"https:\/\/skaitytaknyga.lt\/en\/produktas\/gentine-lietuviu-tauta-rytuose\/","og_locale":"en_GB","og_type":"article","og_title":"[:lt]Gentin\u0117 lietuvi\u0173 tauta rytuose[:] - Skaitytaknyga","og_description":"Etnin\u0117 lietuvi\u0173 kult\u016bra, gyvensena, religija, gro\u017eio suvokimas ir kalba IX\u2013XII a. buvo \u012fvairiai pa\u017e\u012fstama tarp Nemuno ir Dniepro i\u0161tak\u0173 bei Pripet\u0117s","og_url":"https:\/\/skaitytaknyga.lt\/en\/produktas\/gentine-lietuviu-tauta-rytuose\/","og_site_name":"Skaitytaknyga","article_publisher":"https:\/\/www.facebook.com\/skaitytaknyga\/","article_modified_time":"2025-11-13T17:34:36+00:00","og_image":[{"width":300,"height":424,"url":"https:\/\/skaitytaknyga.lt\/wp-content\/uploads\/2025\/11\/Gentine-lietuviu-tauta-rytuose-1.webp","type":"image\/webp"}],"twitter_card":"summary_large_image","twitter_misc":{"Estimated reading time":"1 minute"},"schema":{"@context":"https:\/\/schema.org","@graph":[{"@type":"WebPage","@id":"https:\/\/skaitytaknyga.lt\/produktas\/gentine-lietuviu-tauta-rytuose\/","url":"https:\/\/skaitytaknyga.lt\/produktas\/gentine-lietuviu-tauta-rytuose\/","name":"Gentin\u0117 lietuvi\u0173 tauta rytuose","isPartOf":{"@id":"https:\/\/skaitytaknyga.lt\/#website"},"primaryImageOfPage":{"@id":"https:\/\/skaitytaknyga.lt\/produktas\/gentine-lietuviu-tauta-rytuose\/#primaryimage"},"image":{"@id":"https:\/\/skaitytaknyga.lt\/produktas\/gentine-lietuviu-tauta-rytuose\/#primaryimage"},"thumbnailUrl":"https:\/\/skaitytaknyga.lt\/wp-content\/uploads\/2025\/11\/Gentine-lietuviu-tauta-rytuose-1.webp","datePublished":"2025-11-07T17:20:56+00:00","dateModified":"2025-11-13T17:34:36+00:00","description":"Etnin\u0117 lietuvi\u0173 kult\u016bra, gyvensena, religija, gro\u017eio suvokimas ir kalba IX\u2013XII a. buvo \u012fvairiai pa\u017e\u012fstama tarp Nemuno ir Dniepro i\u0161tak\u0173 bei Pripet\u0117s","breadcrumb":{"@id":"https:\/\/skaitytaknyga.lt\/produktas\/gentine-lietuviu-tauta-rytuose\/#breadcrumb"},"inLanguage":"en-GB","potentialAction":[{"@type":"ReadAction","target":["https:\/\/skaitytaknyga.lt\/produktas\/gentine-lietuviu-tauta-rytuose\/"]}]},{"@type":"ImageObject","inLanguage":"en-GB","@id":"https:\/\/skaitytaknyga.lt\/produktas\/gentine-lietuviu-tauta-rytuose\/#primaryimage","url":"https:\/\/skaitytaknyga.lt\/wp-content\/uploads\/2025\/11\/Gentine-lietuviu-tauta-rytuose-1.webp","contentUrl":"https:\/\/skaitytaknyga.lt\/wp-content\/uploads\/2025\/11\/Gentine-lietuviu-tauta-rytuose-1.webp","width":300,"height":424,"caption":"Gentin\u0117 lietuvi\u0173 tauta rytuose"},{"@type":"BreadcrumbList","@id":"https:\/\/skaitytaknyga.lt\/produktas\/gentine-lietuviu-tauta-rytuose\/#breadcrumb","itemListElement":[{"@type":"ListItem","position":1,"name":"Home","item":"https:\/\/skaitytaknyga.lt\/"},{"@type":"ListItem","position":2,"name":"Parduotuv\u0117","item":"https:\/\/skaitytaknyga.lt\/knygu-parduotuve\/"},{"@type":"ListItem","position":3,"name":"Gentin\u0117 lietuvi\u0173 tauta rytuose"}]},{"@type":"WebSite","@id":"https:\/\/skaitytaknyga.lt\/#website","url":"https:\/\/skaitytaknyga.lt\/","name":"skaitytaknyga.lt","description":"Skaitytaknyga.lt \u2013 tai ma\u017eas \u0161eimos verslas, kuris prasid\u0117jo nuo meil\u0117s knygoms ir siekio i\u0161gelb\u0117ti knygas nuo likimo prie konteinerio. Kas vienam nereikalingas daiktas \u2013 kitam lobis, o mes esame tarpininkai, kurie padeda abiems tapti laimingesniems ???? \u017dinome kaip nelengva i\u0161gyventi ma\u017eiems verslams, tad nuo \u0161iol, \u010dia rasite ir kit\u0173, ma\u017e\u0173 \u0161eim\u0173 versl\u0173, rank\u0173 darbo, dovan\u0173 sau ir artimiesiems.","publisher":{"@id":"https:\/\/skaitytaknyga.lt\/#organization"},"potentialAction":[{"@type":"SearchAction","target":{"@type":"EntryPoint","urlTemplate":"https:\/\/skaitytaknyga.lt\/?s={search_term_string}"},"query-input":{"@type":"PropertyValueSpecification","valueRequired":true,"valueName":"search_term_string"}}],"inLanguage":"en-GB"},{"@type":"Organization","@id":"https:\/\/skaitytaknyga.lt\/#organization","name":"skaitytaknyga.lt","url":"https:\/\/skaitytaknyga.lt\/","logo":{"@type":"ImageObject","inLanguage":"en-GB","@id":"https:\/\/skaitytaknyga.lt\/#\/schema\/logo\/image\/","url":"https:\/\/skaitytaknyga.lt\/wp-content\/uploads\/2024\/05\/cropped-cropped-cropped-02_00843_jt3bggkj1j3HLc7SyY6rEUpg.jpeg","contentUrl":"https:\/\/skaitytaknyga.lt\/wp-content\/uploads\/2024\/05\/cropped-cropped-cropped-02_00843_jt3bggkj1j3HLc7SyY6rEUpg.jpeg","width":1600,"height":1600,"caption":"skaitytaknyga.lt"},"image":{"@id":"https:\/\/skaitytaknyga.lt\/#\/schema\/logo\/image\/"},"sameAs":["https:\/\/www.facebook.com\/skaitytaknyga\/"]}]}},"_links":{"self":[{"href":"https:\/\/skaitytaknyga.lt\/en\/wp-json\/wp\/v2\/product\/21858","targetHints":{"allow":["GET"]}}],"collection":[{"href":"https:\/\/skaitytaknyga.lt\/en\/wp-json\/wp\/v2\/product"}],"about":[{"href":"https:\/\/skaitytaknyga.lt\/en\/wp-json\/wp\/v2\/types\/product"}],"replies":[{"embeddable":true,"href":"https:\/\/skaitytaknyga.lt\/en\/wp-json\/wp\/v2\/comments?post=21858"}],"wp:featuredmedia":[{"embeddable":true,"href":"https:\/\/skaitytaknyga.lt\/en\/wp-json\/wp\/v2\/media\/21863"}],"wp:attachment":[{"href":"https:\/\/skaitytaknyga.lt\/en\/wp-json\/wp\/v2\/media?parent=21858"}],"wp:term":[{"taxonomy":"product_brand","embeddable":true,"href":"https:\/\/skaitytaknyga.lt\/en\/wp-json\/wp\/v2\/product_brand?post=21858"},{"taxonomy":"product_cat","embeddable":true,"href":"https:\/\/skaitytaknyga.lt\/en\/wp-json\/wp\/v2\/product_cat?post=21858"},{"taxonomy":"product_tag","embeddable":true,"href":"https:\/\/skaitytaknyga.lt\/en\/wp-json\/wp\/v2\/product_tag?post=21858"}],"curies":[{"name":"wp","href":"https:\/\/api.w.org\/{rel}","templated":true}]}}