{"id":21854,"date":"2025-11-07T17:25:52","date_gmt":"2025-11-07T15:25:52","guid":{"rendered":"https:\/\/skaitytaknyga.lt\/?post_type=product&#038;p=21854"},"modified":"2025-11-13T19:34:26","modified_gmt":"2025-11-13T17:34:26","slug":"popiezius-pranciskus-savais-zodziais","status":"publish","type":"product","link":"https:\/\/skaitytaknyga.lt\/en\/produktas\/popiezius-pranciskus-savais-zodziais\/","title":{"rendered":"Popie\u017eius Pranci\u0161kus. Savais \u017eod\u017eiais"},"content":{"rendered":"<p>Knygoje \u201ePopie\u017eius Pranci\u0161kus. Savais \u017eod\u017eiais\u201c \u2013 popie\u017eiaus Pranci\u0161kaus mintys \u012fvairiais klausimais. Tai puiki galimyb\u0117 geriau pa\u017einti nauj\u0105j\u012f \u017emoni\u0173 jau pamilt\u0105 popie\u017ei\u0173. Knyga \u012fkv\u0117ps naujai pa\u017evelgti ir \u012f savo gyvenim\u0105.<\/p>\n<p>Nusi\u017eeminimas ir tro\u0161kimas bendrauti su \u017emon\u0117mis naujajam Katalik\u0173 Ba\u017eny\u010dios popie\u017eiui jau peln\u0117 daugelio \u017emoni\u0173 meil\u0119.<\/p>\n<p>Popie\u017eius Pranci\u0161kus skaldo anekdotus, nebijo prisipa\u017einti, kad m\u0117gsta tango ir nuo vaikyst\u0117s yra i\u0161tikimas vienam Buenos Airi\u0173 futbolo klubui, nesidrovi savo \u0161alies vadovams u\u017eduoti nepatogi\u0173 klausim\u0173 apie neteisingum\u0105, nor\u0117damas paspausti rankas paprastiems \u017emon\u0117ms atsisako vairuotoj\u0173 bei prabangaus transporto ir sugeba paguosti tuos, kuriuos seniai atst\u016bm\u0117 pa\u010dios \u012fvairiausios Ba\u017eny\u010dios.<\/p>\n<p>2013 met\u0173 kov\u0105 naujuoju Katalik\u0173 Ba\u017eny\u010dios popie\u017eiumi buvo i\u0161rinktas kardinolas i\u0161 Argentinos Chorch\u0117 Marijus Bergoljas. Pranci\u0161kaus vard\u0105 pasirink\u0119s naujasis popie\u017eius d\u0117l savo paprastumo ir nuo\u0161irdumo per labai trump\u0105 laik\u0105 peln\u0117 \u017emoni\u0173 prielankum\u0105, suteik\u0117 optimizmo j\u0173 tik\u0117jimui ir gyvenimui.<\/p>\n<p>\u0160ios knygel\u0117s autoriai i\u0161 gausyb\u0117s \u0161altini\u0173 atrinko naujojo popie\u017eiaus mintis \u012fvairiais klausimais. Skaitytojas gal\u0117s su\u017einoti, k\u0105 popie\u017eius Pranci\u0161kus galvoja apie am\u017ei\u0173 ir sen\u0117jim\u0105, men\u0105 ir menininkus, vilt\u012f ir laisv\u0119, tik\u0117jim\u0105 ir ateistus, kunig\u0173 celibat\u0105 ir nuotakas siaub\u016bnes, charakterio ydas ir pasirinkimus, i\u0161siskyrim\u0105 ir atleidim\u0105, miest\u0105 ir futbol\u0105, ir daugel\u012f kit\u0173 dalyk\u0173.<\/p>\n<p>\u201eTai visai kaip futbole: tenka patirti baudos sm\u016bgius ten, kur jie krinta; negali nuspr\u0119sti, kur jie pataikys. Toks yra ir gyvenimas, ir turi tvarkytis su juo net ir tada, kai tau tai nepatinka.\u201c<\/p>\n","protected":false},"excerpt":{"rendered":"<p>Knygoje \u201ePopie\u017eius Pranci\u0161kus. Savais \u017eod\u017eiais\u201c \u2013 popie\u017eiaus Pranci\u0161kaus mintys \u012fvairiais klausimais. Tai puiki galimyb\u0117 geriau pa\u017einti nauj\u0105j\u012f \u017emoni\u0173 jau pamilt\u0105 popie\u017ei\u0173. Knyga \u012fkv\u0117ps naujai pa\u017evelgti ir \u012f savo gyvenim\u0105. Nusi\u017eeminimas ir tro\u0161kimas bendrauti su \u017emon\u0117mis naujajam Katalik\u0173 Ba\u017eny\u010dios popie\u017eiui jau peln\u0117 daugelio \u017emoni\u0173 meil\u0119. Popie\u017eius Pranci\u0161kus skaldo anekdotus, nebijo prisipa\u017einti, kad m\u0117gsta tango ir nuo vaikyst\u0117s yra i\u0161tikimas vienam Buenos Airi\u0173 futbolo klubui, nesidrovi savo \u0161alies vadovams u\u017eduoti nepatogi\u0173 klausim\u0173 apie neteisingum\u0105, nor\u0117damas paspausti rankas paprastiems \u017emon\u0117ms atsisako vairuotoj\u0173 bei prabangaus transporto ir sugeba paguosti tuos, kuriuos seniai atst\u016bm\u0117 pa\u010dios \u012fvairiausios Ba\u017eny\u010dios. 2013 met\u0173 kov\u0105 naujuoju Katalik\u0173 Ba\u017eny\u010dios popie\u017eiumi buvo i\u0161rinktas kardinolas i\u0161 Argentinos Chorch\u0117 Marijus Bergoljas. Pranci\u0161kaus vard\u0105 pasirink\u0119s naujasis popie\u017eius d\u0117l savo paprastumo ir nuo\u0161irdumo per labai trump\u0105 laik\u0105 peln\u0117 \u017emoni\u0173 prielankum\u0105, suteik\u0117 optimizmo j\u0173 tik\u0117jimui ir gyvenimui. \u0160ios knygel\u0117s autoriai i\u0161 gausyb\u0117s \u0161altini\u0173 atrinko naujojo popie\u017eiaus mintis \u012fvairiais klausimais. Skaitytojas gal\u0117s su\u017einoti, k\u0105 popie\u017eius Pranci\u0161kus galvoja apie am\u017ei\u0173 ir sen\u0117jim\u0105, men\u0105 ir menininkus, vilt\u012f ir laisv\u0119, tik\u0117jim\u0105 ir ateistus, kunig\u0173 celibat\u0105 ir nuotakas siaub\u016bnes, charakterio ydas ir pasirinkimus, i\u0161siskyrim\u0105 ir atleidim\u0105, miest\u0105 ir futbol\u0105, ir daugel\u012f kit\u0173 dalyk\u0173. \u201eTai visai kaip futbole: tenka patirti baudos sm\u016bgius ten, kur jie krinta; negali nuspr\u0119sti, kur jie pataikys. Toks yra ir gyvenimas, ir turi tvarkytis su juo net ir tada, kai tau tai nepatinka.\u201c<\/p>\n","protected":false},"featured_media":21855,"comment_status":"open","ping_status":"closed","template":"","meta":{"_acf_changed":false,"site-sidebar-layout":"default","site-content-layout":"","ast-site-content-layout":"default","site-content-style":"default","site-sidebar-style":"default","ast-global-header-display":"","ast-banner-title-visibility":"","ast-main-header-display":"","ast-hfb-above-header-display":"","ast-hfb-below-header-display":"","ast-hfb-mobile-header-display":"","site-post-title":"","ast-breadcrumbs-content":"","ast-featured-img":"","footer-sml-layout":"","ast-disable-related-posts":"","theme-transparent-header-meta":"","adv-header-id-meta":"","stick-header-meta":"","header-above-stick-meta":"","header-main-stick-meta":"","header-below-stick-meta":"","astra-migrate-meta-layouts":"default","ast-page-background-enabled":"default","ast-page-background-meta":{"desktop":{"background-color":"","background-image":"","background-repeat":"repeat","background-position":"center center","background-size":"auto","background-attachment":"scroll","background-type":"","background-media":"","overlay-type":"","overlay-color":"","overlay-opacity":"","overlay-gradient":""},"tablet":{"background-color":"","background-image":"","background-repeat":"repeat","background-position":"center center","background-size":"auto","background-attachment":"scroll","background-type":"","background-media":"","overlay-type":"","overlay-color":"","overlay-opacity":"","overlay-gradient":""},"mobile":{"background-color":"","background-image":"","background-repeat":"repeat","background-position":"center center","background-size":"auto","background-attachment":"scroll","background-type":"","background-media":"","overlay-type":"","overlay-color":"","overlay-opacity":"","overlay-gradient":""}},"ast-content-background-meta":{"desktop":{"background-color":"var(--ast-global-color-4)","background-image":"","background-repeat":"repeat","background-position":"center center","background-size":"auto","background-attachment":"scroll","background-type":"","background-media":"","overlay-type":"","overlay-color":"","overlay-opacity":"","overlay-gradient":""},"tablet":{"background-color":"var(--ast-global-color-4)","background-image":"","background-repeat":"repeat","background-position":"center center","background-size":"auto","background-attachment":"scroll","background-type":"","background-media":"","overlay-type":"","overlay-color":"","overlay-opacity":"","overlay-gradient":""},"mobile":{"background-color":"var(--ast-global-color-4)","background-image":"","background-repeat":"repeat","background-position":"center center","background-size":"auto","background-attachment":"scroll","background-type":"","background-media":"","overlay-type":"","overlay-color":"","overlay-opacity":"","overlay-gradient":""}}},"product_brand":[],"product_cat":[15],"product_tag":[],"class_list":{"0":"post-21854","1":"product","2":"type-product","3":"status-publish","4":"has-post-thumbnail","6":"product_cat-uncategorized","7":"desktop-align-left","8":"tablet-align-left","9":"mobile-align-left","11":"first","12":"instock","13":"shipping-taxable","14":"purchasable","15":"product-type-simple"},"acf":[],"yoast_head":"<!-- This site is optimized with the Yoast SEO plugin v27.0 - https:\/\/yoast.com\/product\/yoast-seo-wordpress\/ -->\n<title>Popie\u017eius Pranci\u0161kus. Savais \u017eod\u017eiais<\/title>\n<meta name=\"description\" content=\"Knygoje \u201ePopie\u017eius Pranci\u0161kus. Savais \u017eod\u017eiais\u201c \u2013 popie\u017eiaus Pranci\u0161kaus mintys \u012fvairiais klausimais. Tai puiki galimyb\u0117 geriau pa\u017einti nauj\u0105j\u012f \u017emoni\u0173 jau\" \/>\n<meta name=\"robots\" content=\"index, follow, max-snippet:-1, max-image-preview:large, max-video-preview:-1\" \/>\n<link rel=\"canonical\" href=\"https:\/\/skaitytaknyga.lt\/en\/produktas\/popiezius-pranciskus-savais-zodziais\/\" \/>\n<meta property=\"og:locale\" content=\"en_GB\" \/>\n<meta property=\"og:locale:alternate\" content=\"lt_LT\" \/>\n<meta property=\"og:type\" content=\"article\" \/>\n<meta property=\"og:title\" content=\"Popie\u017eius Pranci\u0161kus. Savais \u017eod\u017eiais\" \/>\n<meta property=\"og:description\" content=\"Knygoje \u201ePopie\u017eius Pranci\u0161kus. Savais \u017eod\u017eiais\u201c \u2013 popie\u017eiaus Pranci\u0161kaus mintys \u012fvairiais klausimais. Tai puiki galimyb\u0117 geriau pa\u017einti nauj\u0105j\u012f \u017emoni\u0173 jau\" \/>\n<meta property=\"og:url\" content=\"https:\/\/skaitytaknyga.lt\/en\/produktas\/popiezius-pranciskus-savais-zodziais\/\" \/>\n<meta property=\"og:site_name\" content=\"Skaitytaknyga\" \/>\n<meta property=\"article:publisher\" content=\"https:\/\/www.facebook.com\/skaitytaknyga\/\" \/>\n<meta property=\"article:modified_time\" content=\"2025-11-13T17:34:26+00:00\" \/>\n<meta property=\"og:image\" content=\"https:\/\/skaitytaknyga.lt\/wp-content\/uploads\/2025\/11\/Popiezius-Pranciskus.-Savais-zodziais-1.webp\" \/>\n\t<meta property=\"og:image:width\" content=\"300\" \/>\n\t<meta property=\"og:image:height\" content=\"606\" \/>\n\t<meta property=\"og:image:type\" content=\"image\/webp\" \/>\n<meta name=\"twitter:card\" content=\"summary_large_image\" \/>\n<meta name=\"twitter:label1\" content=\"Estimated reading time\" \/>\n\t<meta name=\"twitter:data1\" content=\"1 minute\" \/>\n<script type=\"application\/ld+json\" class=\"yoast-schema-graph\">{\"@context\":\"https:\/\/schema.org\",\"@graph\":[{\"@type\":\"WebPage\",\"@id\":\"https:\/\/skaitytaknyga.lt\/produktas\/popiezius-pranciskus-savais-zodziais\/\",\"url\":\"https:\/\/skaitytaknyga.lt\/produktas\/popiezius-pranciskus-savais-zodziais\/\",\"name\":\"Popie\u017eius Pranci\u0161kus. Savais \u017eod\u017eiais\",\"isPartOf\":{\"@id\":\"https:\/\/skaitytaknyga.lt\/#website\"},\"primaryImageOfPage\":{\"@id\":\"https:\/\/skaitytaknyga.lt\/produktas\/popiezius-pranciskus-savais-zodziais\/#primaryimage\"},\"image\":{\"@id\":\"https:\/\/skaitytaknyga.lt\/produktas\/popiezius-pranciskus-savais-zodziais\/#primaryimage\"},\"thumbnailUrl\":\"https:\/\/skaitytaknyga.lt\/wp-content\/uploads\/2025\/11\/Popiezius-Pranciskus.-Savais-zodziais-1.webp\",\"datePublished\":\"2025-11-07T15:25:52+00:00\",\"dateModified\":\"2025-11-13T17:34:26+00:00\",\"description\":\"Knygoje \u201ePopie\u017eius Pranci\u0161kus. Savais \u017eod\u017eiais\u201c \u2013 popie\u017eiaus Pranci\u0161kaus mintys \u012fvairiais klausimais. Tai puiki galimyb\u0117 geriau pa\u017einti nauj\u0105j\u012f \u017emoni\u0173 jau\",\"breadcrumb\":{\"@id\":\"https:\/\/skaitytaknyga.lt\/produktas\/popiezius-pranciskus-savais-zodziais\/#breadcrumb\"},\"inLanguage\":\"en-GB\",\"potentialAction\":[{\"@type\":\"ReadAction\",\"target\":[\"https:\/\/skaitytaknyga.lt\/produktas\/popiezius-pranciskus-savais-zodziais\/\"]}]},{\"@type\":\"ImageObject\",\"inLanguage\":\"en-GB\",\"@id\":\"https:\/\/skaitytaknyga.lt\/produktas\/popiezius-pranciskus-savais-zodziais\/#primaryimage\",\"url\":\"https:\/\/skaitytaknyga.lt\/wp-content\/uploads\/2025\/11\/Popiezius-Pranciskus.-Savais-zodziais-1.webp\",\"contentUrl\":\"https:\/\/skaitytaknyga.lt\/wp-content\/uploads\/2025\/11\/Popiezius-Pranciskus.-Savais-zodziais-1.webp\",\"width\":300,\"height\":606},{\"@type\":\"BreadcrumbList\",\"@id\":\"https:\/\/skaitytaknyga.lt\/produktas\/popiezius-pranciskus-savais-zodziais\/#breadcrumb\",\"itemListElement\":[{\"@type\":\"ListItem\",\"position\":1,\"name\":\"Home\",\"item\":\"https:\/\/skaitytaknyga.lt\/\"},{\"@type\":\"ListItem\",\"position\":2,\"name\":\"Parduotuv\u0117\",\"item\":\"https:\/\/skaitytaknyga.lt\/knygu-parduotuve\/\"},{\"@type\":\"ListItem\",\"position\":3,\"name\":\"Popie\u017eius Pranci\u0161kus. Savais \u017eod\u017eiais\"}]},{\"@type\":\"WebSite\",\"@id\":\"https:\/\/skaitytaknyga.lt\/#website\",\"url\":\"https:\/\/skaitytaknyga.lt\/\",\"name\":\"skaitytaknyga.lt\",\"description\":\"Skaitytaknyga.lt \u2013 tai ma\u017eas \u0161eimos verslas, kuris prasid\u0117jo nuo meil\u0117s knygoms ir siekio i\u0161gelb\u0117ti knygas nuo likimo prie konteinerio. Kas vienam nereikalingas daiktas \u2013 kitam lobis, o mes esame tarpininkai, kurie padeda abiems tapti laimingesniems ???? \u017dinome kaip nelengva i\u0161gyventi ma\u017eiems verslams, tad nuo \u0161iol, \u010dia rasite ir kit\u0173, ma\u017e\u0173 \u0161eim\u0173 versl\u0173, rank\u0173 darbo, dovan\u0173 sau ir artimiesiems.\",\"publisher\":{\"@id\":\"https:\/\/skaitytaknyga.lt\/#organization\"},\"potentialAction\":[{\"@type\":\"SearchAction\",\"target\":{\"@type\":\"EntryPoint\",\"urlTemplate\":\"https:\/\/skaitytaknyga.lt\/?s={search_term_string}\"},\"query-input\":{\"@type\":\"PropertyValueSpecification\",\"valueRequired\":true,\"valueName\":\"search_term_string\"}}],\"inLanguage\":\"en-GB\"},{\"@type\":\"Organization\",\"@id\":\"https:\/\/skaitytaknyga.lt\/#organization\",\"name\":\"skaitytaknyga.lt\",\"url\":\"https:\/\/skaitytaknyga.lt\/\",\"logo\":{\"@type\":\"ImageObject\",\"inLanguage\":\"en-GB\",\"@id\":\"https:\/\/skaitytaknyga.lt\/#\/schema\/logo\/image\/\",\"url\":\"https:\/\/skaitytaknyga.lt\/wp-content\/uploads\/2024\/05\/cropped-cropped-cropped-02_00843_jt3bggkj1j3HLc7SyY6rEUpg.jpeg\",\"contentUrl\":\"https:\/\/skaitytaknyga.lt\/wp-content\/uploads\/2024\/05\/cropped-cropped-cropped-02_00843_jt3bggkj1j3HLc7SyY6rEUpg.jpeg\",\"width\":1600,\"height\":1600,\"caption\":\"skaitytaknyga.lt\"},\"image\":{\"@id\":\"https:\/\/skaitytaknyga.lt\/#\/schema\/logo\/image\/\"},\"sameAs\":[\"https:\/\/www.facebook.com\/skaitytaknyga\/\"]}]}<\/script>\n<!-- \/ Yoast SEO plugin. -->","yoast_head_json":{"title":"Popie\u017eius Pranci\u0161kus. Savais \u017eod\u017eiais","description":"Knygoje \u201ePopie\u017eius Pranci\u0161kus. Savais \u017eod\u017eiais\u201c \u2013 popie\u017eiaus Pranci\u0161kaus mintys \u012fvairiais klausimais. Tai puiki galimyb\u0117 geriau pa\u017einti nauj\u0105j\u012f \u017emoni\u0173 jau","robots":{"index":"index","follow":"follow","max-snippet":"max-snippet:-1","max-image-preview":"max-image-preview:large","max-video-preview":"max-video-preview:-1"},"canonical":"https:\/\/skaitytaknyga.lt\/en\/produktas\/popiezius-pranciskus-savais-zodziais\/","og_locale":"en_GB","og_type":"article","og_title":"[:lt]Popie\u017eius Pranci\u0161kus. Savais \u017eod\u017eiais[:] - Skaitytaknyga","og_description":"Knygoje \u201ePopie\u017eius Pranci\u0161kus. Savais \u017eod\u017eiais\u201c \u2013 popie\u017eiaus Pranci\u0161kaus mintys \u012fvairiais klausimais. Tai puiki galimyb\u0117 geriau pa\u017einti nauj\u0105j\u012f \u017emoni\u0173 jau","og_url":"https:\/\/skaitytaknyga.lt\/en\/produktas\/popiezius-pranciskus-savais-zodziais\/","og_site_name":"Skaitytaknyga","article_publisher":"https:\/\/www.facebook.com\/skaitytaknyga\/","article_modified_time":"2025-11-13T17:34:26+00:00","og_image":[{"width":300,"height":606,"url":"https:\/\/skaitytaknyga.lt\/wp-content\/uploads\/2025\/11\/Popiezius-Pranciskus.-Savais-zodziais-1.webp","type":"image\/webp"}],"twitter_card":"summary_large_image","twitter_misc":{"Estimated reading time":"1 minute"},"schema":{"@context":"https:\/\/schema.org","@graph":[{"@type":"WebPage","@id":"https:\/\/skaitytaknyga.lt\/produktas\/popiezius-pranciskus-savais-zodziais\/","url":"https:\/\/skaitytaknyga.lt\/produktas\/popiezius-pranciskus-savais-zodziais\/","name":"Popie\u017eius Pranci\u0161kus. Savais \u017eod\u017eiais","isPartOf":{"@id":"https:\/\/skaitytaknyga.lt\/#website"},"primaryImageOfPage":{"@id":"https:\/\/skaitytaknyga.lt\/produktas\/popiezius-pranciskus-savais-zodziais\/#primaryimage"},"image":{"@id":"https:\/\/skaitytaknyga.lt\/produktas\/popiezius-pranciskus-savais-zodziais\/#primaryimage"},"thumbnailUrl":"https:\/\/skaitytaknyga.lt\/wp-content\/uploads\/2025\/11\/Popiezius-Pranciskus.-Savais-zodziais-1.webp","datePublished":"2025-11-07T15:25:52+00:00","dateModified":"2025-11-13T17:34:26+00:00","description":"Knygoje \u201ePopie\u017eius Pranci\u0161kus. Savais \u017eod\u017eiais\u201c \u2013 popie\u017eiaus Pranci\u0161kaus mintys \u012fvairiais klausimais. Tai puiki galimyb\u0117 geriau pa\u017einti nauj\u0105j\u012f \u017emoni\u0173 jau","breadcrumb":{"@id":"https:\/\/skaitytaknyga.lt\/produktas\/popiezius-pranciskus-savais-zodziais\/#breadcrumb"},"inLanguage":"en-GB","potentialAction":[{"@type":"ReadAction","target":["https:\/\/skaitytaknyga.lt\/produktas\/popiezius-pranciskus-savais-zodziais\/"]}]},{"@type":"ImageObject","inLanguage":"en-GB","@id":"https:\/\/skaitytaknyga.lt\/produktas\/popiezius-pranciskus-savais-zodziais\/#primaryimage","url":"https:\/\/skaitytaknyga.lt\/wp-content\/uploads\/2025\/11\/Popiezius-Pranciskus.-Savais-zodziais-1.webp","contentUrl":"https:\/\/skaitytaknyga.lt\/wp-content\/uploads\/2025\/11\/Popiezius-Pranciskus.-Savais-zodziais-1.webp","width":300,"height":606},{"@type":"BreadcrumbList","@id":"https:\/\/skaitytaknyga.lt\/produktas\/popiezius-pranciskus-savais-zodziais\/#breadcrumb","itemListElement":[{"@type":"ListItem","position":1,"name":"Home","item":"https:\/\/skaitytaknyga.lt\/"},{"@type":"ListItem","position":2,"name":"Parduotuv\u0117","item":"https:\/\/skaitytaknyga.lt\/knygu-parduotuve\/"},{"@type":"ListItem","position":3,"name":"Popie\u017eius Pranci\u0161kus. Savais \u017eod\u017eiais"}]},{"@type":"WebSite","@id":"https:\/\/skaitytaknyga.lt\/#website","url":"https:\/\/skaitytaknyga.lt\/","name":"skaitytaknyga.lt","description":"Skaitytaknyga.lt \u2013 tai ma\u017eas \u0161eimos verslas, kuris prasid\u0117jo nuo meil\u0117s knygoms ir siekio i\u0161gelb\u0117ti knygas nuo likimo prie konteinerio. Kas vienam nereikalingas daiktas \u2013 kitam lobis, o mes esame tarpininkai, kurie padeda abiems tapti laimingesniems ???? \u017dinome kaip nelengva i\u0161gyventi ma\u017eiems verslams, tad nuo \u0161iol, \u010dia rasite ir kit\u0173, ma\u017e\u0173 \u0161eim\u0173 versl\u0173, rank\u0173 darbo, dovan\u0173 sau ir artimiesiems.","publisher":{"@id":"https:\/\/skaitytaknyga.lt\/#organization"},"potentialAction":[{"@type":"SearchAction","target":{"@type":"EntryPoint","urlTemplate":"https:\/\/skaitytaknyga.lt\/?s={search_term_string}"},"query-input":{"@type":"PropertyValueSpecification","valueRequired":true,"valueName":"search_term_string"}}],"inLanguage":"en-GB"},{"@type":"Organization","@id":"https:\/\/skaitytaknyga.lt\/#organization","name":"skaitytaknyga.lt","url":"https:\/\/skaitytaknyga.lt\/","logo":{"@type":"ImageObject","inLanguage":"en-GB","@id":"https:\/\/skaitytaknyga.lt\/#\/schema\/logo\/image\/","url":"https:\/\/skaitytaknyga.lt\/wp-content\/uploads\/2024\/05\/cropped-cropped-cropped-02_00843_jt3bggkj1j3HLc7SyY6rEUpg.jpeg","contentUrl":"https:\/\/skaitytaknyga.lt\/wp-content\/uploads\/2024\/05\/cropped-cropped-cropped-02_00843_jt3bggkj1j3HLc7SyY6rEUpg.jpeg","width":1600,"height":1600,"caption":"skaitytaknyga.lt"},"image":{"@id":"https:\/\/skaitytaknyga.lt\/#\/schema\/logo\/image\/"},"sameAs":["https:\/\/www.facebook.com\/skaitytaknyga\/"]}]}},"_links":{"self":[{"href":"https:\/\/skaitytaknyga.lt\/en\/wp-json\/wp\/v2\/product\/21854","targetHints":{"allow":["GET"]}}],"collection":[{"href":"https:\/\/skaitytaknyga.lt\/en\/wp-json\/wp\/v2\/product"}],"about":[{"href":"https:\/\/skaitytaknyga.lt\/en\/wp-json\/wp\/v2\/types\/product"}],"replies":[{"embeddable":true,"href":"https:\/\/skaitytaknyga.lt\/en\/wp-json\/wp\/v2\/comments?post=21854"}],"wp:featuredmedia":[{"embeddable":true,"href":"https:\/\/skaitytaknyga.lt\/en\/wp-json\/wp\/v2\/media\/21855"}],"wp:attachment":[{"href":"https:\/\/skaitytaknyga.lt\/en\/wp-json\/wp\/v2\/media?parent=21854"}],"wp:term":[{"taxonomy":"product_brand","embeddable":true,"href":"https:\/\/skaitytaknyga.lt\/en\/wp-json\/wp\/v2\/product_brand?post=21854"},{"taxonomy":"product_cat","embeddable":true,"href":"https:\/\/skaitytaknyga.lt\/en\/wp-json\/wp\/v2\/product_cat?post=21854"},{"taxonomy":"product_tag","embeddable":true,"href":"https:\/\/skaitytaknyga.lt\/en\/wp-json\/wp\/v2\/product_tag?post=21854"}],"curies":[{"name":"wp","href":"https:\/\/api.w.org\/{rel}","templated":true}]}}