{"id":21848,"date":"2025-11-07T17:09:32","date_gmt":"2025-11-07T15:09:32","guid":{"rendered":"https:\/\/skaitytaknyga.lt\/?post_type=product&#038;p=21848"},"modified":"2025-11-13T19:34:26","modified_gmt":"2025-11-13T17:34:26","slug":"pranciskonai-lietuvoje-xx-a-sviesa-spindi-tamsoje","status":"publish","type":"product","link":"https:\/\/skaitytaknyga.lt\/en\/produktas\/pranciskonai-lietuvoje-xx-a-sviesa-spindi-tamsoje\/","title":{"rendered":"Pranci\u0161konai Lietuvoje XX a. \u0160viesa spindi tamsoje"},"content":{"rendered":"<p>Pirmieji du \u0161ios serijos tomai skirti ankstyvajai Pranci\u0161kon\u0173 ordino istorijai Lietuvoje (XIII\u2013XIX a.). \u0160i knyga skiriama naujesni\u0173 laik\u0173 \u2013 XX a. \u2013 pranci\u0161konams. Trumpo ir \u017eiauraus am\u017eiaus negandos neaplenk\u0117 ir pranci\u0161kon\u0173, kuri\u0173 po carini\u0173 represij\u0173 atgaivinta veikla buvo brutaliai nutraukta sovietinio re\u017eimo.<\/p>\n<p>Pranci\u0161konams, kaip ir daugumai kit\u0173 s\u0105moning\u0173 m\u016bs\u0173 \u0161alies krik\u0161\u010dioni\u0173, teko pereiti i\u0161m\u0117ginim\u0173 ugn\u012f \u2013 jie buvo Ken\u010dian\u010dios Ba\u017eny\u010dios dalis. Nors Triumfuojanti Ba\u017eny\u010dia pilnai atsiskleid\u017eia Danguje, ta\u010diau ne\u012ftik\u0117tinai atrodan\u010dios permainos, \u012fvykusios XX a. pabaigoje, leid\u017eia nujausti, kad malon\u0117s lietus gali pasiekti \u017eem\u0117s gyventojus net did\u017eiausios sausros s\u0105lygomis. Svarbu, kad b\u016bt\u0173 vilties nepraradusi\u0173 \u017emoni\u0173. Kaip tik toki\u0173 \u017emoni\u0173 tarp pranci\u0161kon\u0173 ir netr\u016bko. Apie juos ir j\u0173 Ordin\u0105 \u0161i knyga.<\/p>\n<p>Knygoje \u201ePranci\u0161konai Lietuvoje XX a. \u0160viesa spindi tamsoje\u201c skaitytojas supa\u017eindinamas su trij\u0173 \u0161v. Pranci\u0161kaus Asy\u017eie\u010dio ordino \u0161eim\u0173 \u2013 bernardin\u0173, konventual\u0173 ir kapucin\u0173 \u2013 istorijos bruo\u017eais Lietuvoje XXa.<\/p>\n","protected":false},"excerpt":{"rendered":"<p>Pirmieji du \u0161ios serijos tomai skirti ankstyvajai Pranci\u0161kon\u0173 ordino istorijai Lietuvoje (XIII\u2013XIX a.). \u0160i knyga skiriama naujesni\u0173 laik\u0173 \u2013 XX a. \u2013 pranci\u0161konams. Trumpo ir \u017eiauraus am\u017eiaus negandos neaplenk\u0117 ir pranci\u0161kon\u0173, kuri\u0173 po carini\u0173 represij\u0173 atgaivinta veikla buvo brutaliai nutraukta sovietinio re\u017eimo. Pranci\u0161konams, kaip ir daugumai kit\u0173 s\u0105moning\u0173 m\u016bs\u0173 \u0161alies krik\u0161\u010dioni\u0173, teko pereiti i\u0161m\u0117ginim\u0173 ugn\u012f \u2013 jie buvo Ken\u010dian\u010dios Ba\u017eny\u010dios dalis. Nors Triumfuojanti Ba\u017eny\u010dia pilnai atsiskleid\u017eia Danguje, ta\u010diau ne\u012ftik\u0117tinai atrodan\u010dios permainos, \u012fvykusios XX a. pabaigoje, leid\u017eia nujausti, kad malon\u0117s lietus gali pasiekti \u017eem\u0117s gyventojus net did\u017eiausios sausros s\u0105lygomis. Svarbu, kad b\u016bt\u0173 vilties nepraradusi\u0173 \u017emoni\u0173. Kaip tik toki\u0173 \u017emoni\u0173 tarp pranci\u0161kon\u0173 ir netr\u016bko. Apie juos ir j\u0173 Ordin\u0105 \u0161i knyga. Knygoje \u201ePranci\u0161konai Lietuvoje XX a. \u0160viesa spindi tamsoje\u201c skaitytojas supa\u017eindinamas su trij\u0173 \u0161v. Pranci\u0161kaus Asy\u017eie\u010dio ordino \u0161eim\u0173 \u2013 bernardin\u0173, konventual\u0173 ir kapucin\u0173 \u2013 istorijos bruo\u017eais Lietuvoje XXa.<\/p>\n","protected":false},"featured_media":21853,"comment_status":"open","ping_status":"closed","template":"","meta":{"_acf_changed":false,"site-sidebar-layout":"default","site-content-layout":"","ast-site-content-layout":"default","site-content-style":"default","site-sidebar-style":"default","ast-global-header-display":"","ast-banner-title-visibility":"","ast-main-header-display":"","ast-hfb-above-header-display":"","ast-hfb-below-header-display":"","ast-hfb-mobile-header-display":"","site-post-title":"","ast-breadcrumbs-content":"","ast-featured-img":"","footer-sml-layout":"","ast-disable-related-posts":"","theme-transparent-header-meta":"","adv-header-id-meta":"","stick-header-meta":"","header-above-stick-meta":"","header-main-stick-meta":"","header-below-stick-meta":"","astra-migrate-meta-layouts":"default","ast-page-background-enabled":"default","ast-page-background-meta":{"desktop":{"background-color":"","background-image":"","background-repeat":"repeat","background-position":"center center","background-size":"auto","background-attachment":"scroll","background-type":"","background-media":"","overlay-type":"","overlay-color":"","overlay-opacity":"","overlay-gradient":""},"tablet":{"background-color":"","background-image":"","background-repeat":"repeat","background-position":"center center","background-size":"auto","background-attachment":"scroll","background-type":"","background-media":"","overlay-type":"","overlay-color":"","overlay-opacity":"","overlay-gradient":""},"mobile":{"background-color":"","background-image":"","background-repeat":"repeat","background-position":"center center","background-size":"auto","background-attachment":"scroll","background-type":"","background-media":"","overlay-type":"","overlay-color":"","overlay-opacity":"","overlay-gradient":""}},"ast-content-background-meta":{"desktop":{"background-color":"var(--ast-global-color-4)","background-image":"","background-repeat":"repeat","background-position":"center center","background-size":"auto","background-attachment":"scroll","background-type":"","background-media":"","overlay-type":"","overlay-color":"","overlay-opacity":"","overlay-gradient":""},"tablet":{"background-color":"var(--ast-global-color-4)","background-image":"","background-repeat":"repeat","background-position":"center center","background-size":"auto","background-attachment":"scroll","background-type":"","background-media":"","overlay-type":"","overlay-color":"","overlay-opacity":"","overlay-gradient":""},"mobile":{"background-color":"var(--ast-global-color-4)","background-image":"","background-repeat":"repeat","background-position":"center center","background-size":"auto","background-attachment":"scroll","background-type":"","background-media":"","overlay-type":"","overlay-color":"","overlay-opacity":"","overlay-gradient":""}}},"product_brand":[],"product_cat":[15],"product_tag":[],"class_list":{"0":"post-21848","1":"product","2":"type-product","3":"status-publish","4":"has-post-thumbnail","6":"product_cat-uncategorized","7":"desktop-align-left","8":"tablet-align-left","9":"mobile-align-left","11":"first","12":"instock","13":"shipping-taxable","14":"purchasable","15":"product-type-simple"},"acf":[],"yoast_head":"<!-- This site is optimized with the Yoast SEO plugin v27.0 - https:\/\/yoast.com\/product\/yoast-seo-wordpress\/ -->\n<title>Pranci\u0161konai Lietuvoje XX a. \u0160viesa spindi tamsoje<\/title>\n<meta name=\"description\" content=\"Pirmieji du \u0161ios serijos tomai skirti ankstyvajai Pranci\u0161kon\u0173 ordino istorijai Lietuvoje (XIII\u2013XIX a.). \u0160i knyga skiriama naujesni\u0173 laik\u0173 \u2013 XX a. \u2013\" \/>\n<meta name=\"robots\" content=\"index, follow, max-snippet:-1, max-image-preview:large, max-video-preview:-1\" \/>\n<link rel=\"canonical\" href=\"https:\/\/skaitytaknyga.lt\/en\/produktas\/pranciskonai-lietuvoje-xx-a-sviesa-spindi-tamsoje\/\" \/>\n<meta property=\"og:locale\" content=\"en_GB\" \/>\n<meta property=\"og:locale:alternate\" content=\"lt_LT\" \/>\n<meta property=\"og:type\" content=\"article\" \/>\n<meta property=\"og:title\" content=\"Pranci\u0161konai Lietuvoje XX a. \u0160viesa spindi tamsoje\" \/>\n<meta property=\"og:description\" content=\"Pirmieji du \u0161ios serijos tomai skirti ankstyvajai Pranci\u0161kon\u0173 ordino istorijai Lietuvoje (XIII\u2013XIX a.). \u0160i knyga skiriama naujesni\u0173 laik\u0173 \u2013 XX a. \u2013\" \/>\n<meta property=\"og:url\" content=\"https:\/\/skaitytaknyga.lt\/en\/produktas\/pranciskonai-lietuvoje-xx-a-sviesa-spindi-tamsoje\/\" \/>\n<meta property=\"og:site_name\" content=\"Skaitytaknyga\" \/>\n<meta property=\"article:publisher\" content=\"https:\/\/www.facebook.com\/skaitytaknyga\/\" \/>\n<meta property=\"article:modified_time\" content=\"2025-11-13T17:34:26+00:00\" \/>\n<meta property=\"og:image\" content=\"https:\/\/skaitytaknyga.lt\/wp-content\/uploads\/2025\/11\/Pranciskonai-Lietuvoje-XX-a.-Sviesa-spindi-tamsoje-1.webp\" \/>\n\t<meta property=\"og:image:width\" content=\"300\" \/>\n\t<meta property=\"og:image:height\" content=\"475\" \/>\n\t<meta property=\"og:image:type\" content=\"image\/webp\" \/>\n<meta name=\"twitter:card\" content=\"summary_large_image\" \/>\n<meta name=\"twitter:label1\" content=\"Estimated reading time\" \/>\n\t<meta name=\"twitter:data1\" content=\"1 minute\" \/>\n<script type=\"application\/ld+json\" class=\"yoast-schema-graph\">{\"@context\":\"https:\/\/schema.org\",\"@graph\":[{\"@type\":\"WebPage\",\"@id\":\"https:\/\/skaitytaknyga.lt\/produktas\/pranciskonai-lietuvoje-xx-a-sviesa-spindi-tamsoje\/\",\"url\":\"https:\/\/skaitytaknyga.lt\/produktas\/pranciskonai-lietuvoje-xx-a-sviesa-spindi-tamsoje\/\",\"name\":\"Pranci\u0161konai Lietuvoje XX a. \u0160viesa spindi tamsoje\",\"isPartOf\":{\"@id\":\"https:\/\/skaitytaknyga.lt\/#website\"},\"primaryImageOfPage\":{\"@id\":\"https:\/\/skaitytaknyga.lt\/produktas\/pranciskonai-lietuvoje-xx-a-sviesa-spindi-tamsoje\/#primaryimage\"},\"image\":{\"@id\":\"https:\/\/skaitytaknyga.lt\/produktas\/pranciskonai-lietuvoje-xx-a-sviesa-spindi-tamsoje\/#primaryimage\"},\"thumbnailUrl\":\"https:\/\/skaitytaknyga.lt\/wp-content\/uploads\/2025\/11\/Pranciskonai-Lietuvoje-XX-a.-Sviesa-spindi-tamsoje-1.webp\",\"datePublished\":\"2025-11-07T15:09:32+00:00\",\"dateModified\":\"2025-11-13T17:34:26+00:00\",\"description\":\"Pirmieji du \u0161ios serijos tomai skirti ankstyvajai Pranci\u0161kon\u0173 ordino istorijai Lietuvoje (XIII\u2013XIX a.). \u0160i knyga skiriama naujesni\u0173 laik\u0173 \u2013 XX a. \u2013\",\"breadcrumb\":{\"@id\":\"https:\/\/skaitytaknyga.lt\/produktas\/pranciskonai-lietuvoje-xx-a-sviesa-spindi-tamsoje\/#breadcrumb\"},\"inLanguage\":\"en-GB\",\"potentialAction\":[{\"@type\":\"ReadAction\",\"target\":[\"https:\/\/skaitytaknyga.lt\/produktas\/pranciskonai-lietuvoje-xx-a-sviesa-spindi-tamsoje\/\"]}]},{\"@type\":\"ImageObject\",\"inLanguage\":\"en-GB\",\"@id\":\"https:\/\/skaitytaknyga.lt\/produktas\/pranciskonai-lietuvoje-xx-a-sviesa-spindi-tamsoje\/#primaryimage\",\"url\":\"https:\/\/skaitytaknyga.lt\/wp-content\/uploads\/2025\/11\/Pranciskonai-Lietuvoje-XX-a.-Sviesa-spindi-tamsoje-1.webp\",\"contentUrl\":\"https:\/\/skaitytaknyga.lt\/wp-content\/uploads\/2025\/11\/Pranciskonai-Lietuvoje-XX-a.-Sviesa-spindi-tamsoje-1.webp\",\"width\":300,\"height\":475},{\"@type\":\"BreadcrumbList\",\"@id\":\"https:\/\/skaitytaknyga.lt\/produktas\/pranciskonai-lietuvoje-xx-a-sviesa-spindi-tamsoje\/#breadcrumb\",\"itemListElement\":[{\"@type\":\"ListItem\",\"position\":1,\"name\":\"Home\",\"item\":\"https:\/\/skaitytaknyga.lt\/\"},{\"@type\":\"ListItem\",\"position\":2,\"name\":\"Parduotuv\u0117\",\"item\":\"https:\/\/skaitytaknyga.lt\/knygu-parduotuve\/\"},{\"@type\":\"ListItem\",\"position\":3,\"name\":\"Pranci\u0161konai Lietuvoje XX a. \u0160viesa spindi tamsoje\"}]},{\"@type\":\"WebSite\",\"@id\":\"https:\/\/skaitytaknyga.lt\/#website\",\"url\":\"https:\/\/skaitytaknyga.lt\/\",\"name\":\"skaitytaknyga.lt\",\"description\":\"Skaitytaknyga.lt \u2013 tai ma\u017eas \u0161eimos verslas, kuris prasid\u0117jo nuo meil\u0117s knygoms ir siekio i\u0161gelb\u0117ti knygas nuo likimo prie konteinerio. Kas vienam nereikalingas daiktas \u2013 kitam lobis, o mes esame tarpininkai, kurie padeda abiems tapti laimingesniems ???? \u017dinome kaip nelengva i\u0161gyventi ma\u017eiems verslams, tad nuo \u0161iol, \u010dia rasite ir kit\u0173, ma\u017e\u0173 \u0161eim\u0173 versl\u0173, rank\u0173 darbo, dovan\u0173 sau ir artimiesiems.\",\"publisher\":{\"@id\":\"https:\/\/skaitytaknyga.lt\/#organization\"},\"potentialAction\":[{\"@type\":\"SearchAction\",\"target\":{\"@type\":\"EntryPoint\",\"urlTemplate\":\"https:\/\/skaitytaknyga.lt\/?s={search_term_string}\"},\"query-input\":{\"@type\":\"PropertyValueSpecification\",\"valueRequired\":true,\"valueName\":\"search_term_string\"}}],\"inLanguage\":\"en-GB\"},{\"@type\":\"Organization\",\"@id\":\"https:\/\/skaitytaknyga.lt\/#organization\",\"name\":\"skaitytaknyga.lt\",\"url\":\"https:\/\/skaitytaknyga.lt\/\",\"logo\":{\"@type\":\"ImageObject\",\"inLanguage\":\"en-GB\",\"@id\":\"https:\/\/skaitytaknyga.lt\/#\/schema\/logo\/image\/\",\"url\":\"https:\/\/skaitytaknyga.lt\/wp-content\/uploads\/2024\/05\/cropped-cropped-cropped-02_00843_jt3bggkj1j3HLc7SyY6rEUpg.jpeg\",\"contentUrl\":\"https:\/\/skaitytaknyga.lt\/wp-content\/uploads\/2024\/05\/cropped-cropped-cropped-02_00843_jt3bggkj1j3HLc7SyY6rEUpg.jpeg\",\"width\":1600,\"height\":1600,\"caption\":\"skaitytaknyga.lt\"},\"image\":{\"@id\":\"https:\/\/skaitytaknyga.lt\/#\/schema\/logo\/image\/\"},\"sameAs\":[\"https:\/\/www.facebook.com\/skaitytaknyga\/\"]}]}<\/script>\n<!-- \/ Yoast SEO plugin. -->","yoast_head_json":{"title":"Pranci\u0161konai Lietuvoje XX a. \u0160viesa spindi tamsoje","description":"Pirmieji du \u0161ios serijos tomai skirti ankstyvajai Pranci\u0161kon\u0173 ordino istorijai Lietuvoje (XIII\u2013XIX a.). \u0160i knyga skiriama naujesni\u0173 laik\u0173 \u2013 XX a. \u2013","robots":{"index":"index","follow":"follow","max-snippet":"max-snippet:-1","max-image-preview":"max-image-preview:large","max-video-preview":"max-video-preview:-1"},"canonical":"https:\/\/skaitytaknyga.lt\/en\/produktas\/pranciskonai-lietuvoje-xx-a-sviesa-spindi-tamsoje\/","og_locale":"en_GB","og_type":"article","og_title":"[:lt]Pranci\u0161konai Lietuvoje XX a. \u0160viesa spindi tamsoje[:] - Skaitytaknyga","og_description":"Pirmieji du \u0161ios serijos tomai skirti ankstyvajai Pranci\u0161kon\u0173 ordino istorijai Lietuvoje (XIII\u2013XIX a.). \u0160i knyga skiriama naujesni\u0173 laik\u0173 \u2013 XX a. \u2013","og_url":"https:\/\/skaitytaknyga.lt\/en\/produktas\/pranciskonai-lietuvoje-xx-a-sviesa-spindi-tamsoje\/","og_site_name":"Skaitytaknyga","article_publisher":"https:\/\/www.facebook.com\/skaitytaknyga\/","article_modified_time":"2025-11-13T17:34:26+00:00","og_image":[{"width":300,"height":475,"url":"https:\/\/skaitytaknyga.lt\/wp-content\/uploads\/2025\/11\/Pranciskonai-Lietuvoje-XX-a.-Sviesa-spindi-tamsoje-1.webp","type":"image\/webp"}],"twitter_card":"summary_large_image","twitter_misc":{"Estimated reading time":"1 minute"},"schema":{"@context":"https:\/\/schema.org","@graph":[{"@type":"WebPage","@id":"https:\/\/skaitytaknyga.lt\/produktas\/pranciskonai-lietuvoje-xx-a-sviesa-spindi-tamsoje\/","url":"https:\/\/skaitytaknyga.lt\/produktas\/pranciskonai-lietuvoje-xx-a-sviesa-spindi-tamsoje\/","name":"Pranci\u0161konai Lietuvoje XX a. \u0160viesa spindi tamsoje","isPartOf":{"@id":"https:\/\/skaitytaknyga.lt\/#website"},"primaryImageOfPage":{"@id":"https:\/\/skaitytaknyga.lt\/produktas\/pranciskonai-lietuvoje-xx-a-sviesa-spindi-tamsoje\/#primaryimage"},"image":{"@id":"https:\/\/skaitytaknyga.lt\/produktas\/pranciskonai-lietuvoje-xx-a-sviesa-spindi-tamsoje\/#primaryimage"},"thumbnailUrl":"https:\/\/skaitytaknyga.lt\/wp-content\/uploads\/2025\/11\/Pranciskonai-Lietuvoje-XX-a.-Sviesa-spindi-tamsoje-1.webp","datePublished":"2025-11-07T15:09:32+00:00","dateModified":"2025-11-13T17:34:26+00:00","description":"Pirmieji du \u0161ios serijos tomai skirti ankstyvajai Pranci\u0161kon\u0173 ordino istorijai Lietuvoje (XIII\u2013XIX a.). \u0160i knyga skiriama naujesni\u0173 laik\u0173 \u2013 XX a. \u2013","breadcrumb":{"@id":"https:\/\/skaitytaknyga.lt\/produktas\/pranciskonai-lietuvoje-xx-a-sviesa-spindi-tamsoje\/#breadcrumb"},"inLanguage":"en-GB","potentialAction":[{"@type":"ReadAction","target":["https:\/\/skaitytaknyga.lt\/produktas\/pranciskonai-lietuvoje-xx-a-sviesa-spindi-tamsoje\/"]}]},{"@type":"ImageObject","inLanguage":"en-GB","@id":"https:\/\/skaitytaknyga.lt\/produktas\/pranciskonai-lietuvoje-xx-a-sviesa-spindi-tamsoje\/#primaryimage","url":"https:\/\/skaitytaknyga.lt\/wp-content\/uploads\/2025\/11\/Pranciskonai-Lietuvoje-XX-a.-Sviesa-spindi-tamsoje-1.webp","contentUrl":"https:\/\/skaitytaknyga.lt\/wp-content\/uploads\/2025\/11\/Pranciskonai-Lietuvoje-XX-a.-Sviesa-spindi-tamsoje-1.webp","width":300,"height":475},{"@type":"BreadcrumbList","@id":"https:\/\/skaitytaknyga.lt\/produktas\/pranciskonai-lietuvoje-xx-a-sviesa-spindi-tamsoje\/#breadcrumb","itemListElement":[{"@type":"ListItem","position":1,"name":"Home","item":"https:\/\/skaitytaknyga.lt\/"},{"@type":"ListItem","position":2,"name":"Parduotuv\u0117","item":"https:\/\/skaitytaknyga.lt\/knygu-parduotuve\/"},{"@type":"ListItem","position":3,"name":"Pranci\u0161konai Lietuvoje XX a. \u0160viesa spindi tamsoje"}]},{"@type":"WebSite","@id":"https:\/\/skaitytaknyga.lt\/#website","url":"https:\/\/skaitytaknyga.lt\/","name":"skaitytaknyga.lt","description":"Skaitytaknyga.lt \u2013 tai ma\u017eas \u0161eimos verslas, kuris prasid\u0117jo nuo meil\u0117s knygoms ir siekio i\u0161gelb\u0117ti knygas nuo likimo prie konteinerio. Kas vienam nereikalingas daiktas \u2013 kitam lobis, o mes esame tarpininkai, kurie padeda abiems tapti laimingesniems ???? \u017dinome kaip nelengva i\u0161gyventi ma\u017eiems verslams, tad nuo \u0161iol, \u010dia rasite ir kit\u0173, ma\u017e\u0173 \u0161eim\u0173 versl\u0173, rank\u0173 darbo, dovan\u0173 sau ir artimiesiems.","publisher":{"@id":"https:\/\/skaitytaknyga.lt\/#organization"},"potentialAction":[{"@type":"SearchAction","target":{"@type":"EntryPoint","urlTemplate":"https:\/\/skaitytaknyga.lt\/?s={search_term_string}"},"query-input":{"@type":"PropertyValueSpecification","valueRequired":true,"valueName":"search_term_string"}}],"inLanguage":"en-GB"},{"@type":"Organization","@id":"https:\/\/skaitytaknyga.lt\/#organization","name":"skaitytaknyga.lt","url":"https:\/\/skaitytaknyga.lt\/","logo":{"@type":"ImageObject","inLanguage":"en-GB","@id":"https:\/\/skaitytaknyga.lt\/#\/schema\/logo\/image\/","url":"https:\/\/skaitytaknyga.lt\/wp-content\/uploads\/2024\/05\/cropped-cropped-cropped-02_00843_jt3bggkj1j3HLc7SyY6rEUpg.jpeg","contentUrl":"https:\/\/skaitytaknyga.lt\/wp-content\/uploads\/2024\/05\/cropped-cropped-cropped-02_00843_jt3bggkj1j3HLc7SyY6rEUpg.jpeg","width":1600,"height":1600,"caption":"skaitytaknyga.lt"},"image":{"@id":"https:\/\/skaitytaknyga.lt\/#\/schema\/logo\/image\/"},"sameAs":["https:\/\/www.facebook.com\/skaitytaknyga\/"]}]}},"_links":{"self":[{"href":"https:\/\/skaitytaknyga.lt\/en\/wp-json\/wp\/v2\/product\/21848","targetHints":{"allow":["GET"]}}],"collection":[{"href":"https:\/\/skaitytaknyga.lt\/en\/wp-json\/wp\/v2\/product"}],"about":[{"href":"https:\/\/skaitytaknyga.lt\/en\/wp-json\/wp\/v2\/types\/product"}],"replies":[{"embeddable":true,"href":"https:\/\/skaitytaknyga.lt\/en\/wp-json\/wp\/v2\/comments?post=21848"}],"wp:featuredmedia":[{"embeddable":true,"href":"https:\/\/skaitytaknyga.lt\/en\/wp-json\/wp\/v2\/media\/21853"}],"wp:attachment":[{"href":"https:\/\/skaitytaknyga.lt\/en\/wp-json\/wp\/v2\/media?parent=21848"}],"wp:term":[{"taxonomy":"product_brand","embeddable":true,"href":"https:\/\/skaitytaknyga.lt\/en\/wp-json\/wp\/v2\/product_brand?post=21848"},{"taxonomy":"product_cat","embeddable":true,"href":"https:\/\/skaitytaknyga.lt\/en\/wp-json\/wp\/v2\/product_cat?post=21848"},{"taxonomy":"product_tag","embeddable":true,"href":"https:\/\/skaitytaknyga.lt\/en\/wp-json\/wp\/v2\/product_tag?post=21848"}],"curies":[{"name":"wp","href":"https:\/\/api.w.org\/{rel}","templated":true}]}}