{"id":21846,"date":"2025-11-07T17:09:32","date_gmt":"2025-11-07T15:09:32","guid":{"rendered":"https:\/\/skaitytaknyga.lt\/?post_type=product&#038;p=21846"},"modified":"2025-11-13T19:34:26","modified_gmt":"2025-11-13T17:34:26","slug":"gyvenimas-sviesoje","status":"publish","type":"product","link":"https:\/\/skaitytaknyga.lt\/en\/produktas\/gyvenimas-sviesoje\/","title":{"rendered":"Gyvenimas \u0161viesoje"},"content":{"rendered":"<p>\u0160akti Gavain milijonams skaitytoj\u0173 pasakoja apie kitok\u012f gyvenimo b\u016bd\u0105 ir moko pasikliauti savo intuicija kaip esmine \u017emogaus b\u016bt\u012f lemian\u010dia j\u0117ga. \u0160ioje knygoje autor\u0117 pabr\u0117\u017eia, kaip svarbu pripa\u017einti egzistavim\u0105 t\u0173 energij\u0173, kurias kitados s\u0105moningai neig\u0117me ar tiesiog j\u0173 nepais\u0117me. Tai yra m\u016bs\u0173 \u0161e\u0161\u0117lin\u0117 dalis, ir j\u0105 dabar mums reikia pa\u017einti i\u0161 naujo.<\/p>\n<p>\u0160is po\u017ei\u016bris suteik\u0117 Gyvenimui \u0161viesoje gilios prasm\u0117s. Remdamiesi knygos id\u0117jomis, mes galime stipr\u0117ti, pa\u017einti iki \u0161iol nepa\u017eintas ir baugias savosios esyb\u0117s dalis ir tokiu b\u016bdu siekti gyvenimo darnos.<\/p>\n<p>Vedami Gyvenimo \u0161viesos, mes galime pasukti dvasios ugdymo keliu, tapti gyvybingesni, k\u016brybingesni. Tereikia priimti \u0161ios knygos id\u0117jas atvira \u0161irdimi.<\/p>\n<p>\u201eKnyga Gyvenimas \u0161viesoje &#8211; galinga. Ji gali pakeisti j\u016bs\u0173 gyvenim\u0105.\u201c<\/p>\n<p>Dr. Wayne Dyer<\/p>\n<p>\u0160akti Gavain jau daugiau kaip 20 met\u0173 visame pasaulyje rengia dvasios ugdymo seminarus, kuriuos lanko milijonai \u017emoni\u0173, taip pat ji yra daugelio populiari\u0173 knyg\u0173 autor\u0117.<\/p>\n","protected":false},"excerpt":{"rendered":"<p>\u0160akti Gavain milijonams skaitytoj\u0173 pasakoja apie kitok\u012f gyvenimo b\u016bd\u0105 ir moko pasikliauti savo intuicija kaip esmine \u017emogaus b\u016bt\u012f lemian\u010dia j\u0117ga. \u0160ioje knygoje autor\u0117 pabr\u0117\u017eia, kaip svarbu pripa\u017einti egzistavim\u0105 t\u0173 energij\u0173, kurias kitados s\u0105moningai neig\u0117me ar tiesiog j\u0173 nepais\u0117me. Tai yra m\u016bs\u0173 \u0161e\u0161\u0117lin\u0117 dalis, ir j\u0105 dabar mums reikia pa\u017einti i\u0161 naujo. \u0160is po\u017ei\u016bris suteik\u0117 Gyvenimui \u0161viesoje gilios prasm\u0117s. Remdamiesi knygos id\u0117jomis, mes galime stipr\u0117ti, pa\u017einti iki \u0161iol nepa\u017eintas ir baugias savosios esyb\u0117s dalis ir tokiu b\u016bdu siekti gyvenimo darnos. Vedami Gyvenimo \u0161viesos, mes galime pasukti dvasios ugdymo keliu, tapti gyvybingesni, k\u016brybingesni. Tereikia priimti \u0161ios knygos id\u0117jas atvira \u0161irdimi. \u201eKnyga Gyvenimas \u0161viesoje &#8211; galinga. Ji gali pakeisti j\u016bs\u0173 gyvenim\u0105.\u201c Dr. Wayne Dyer \u0160akti Gavain jau daugiau kaip 20 met\u0173 visame pasaulyje rengia dvasios ugdymo seminarus, kuriuos lanko milijonai \u017emoni\u0173, taip pat ji yra daugelio populiari\u0173 knyg\u0173 autor\u0117.<\/p>\n","protected":false},"featured_media":21851,"comment_status":"open","ping_status":"closed","template":"","meta":{"_acf_changed":false,"site-sidebar-layout":"default","site-content-layout":"","ast-site-content-layout":"default","site-content-style":"default","site-sidebar-style":"default","ast-global-header-display":"","ast-banner-title-visibility":"","ast-main-header-display":"","ast-hfb-above-header-display":"","ast-hfb-below-header-display":"","ast-hfb-mobile-header-display":"","site-post-title":"","ast-breadcrumbs-content":"","ast-featured-img":"","footer-sml-layout":"","ast-disable-related-posts":"","theme-transparent-header-meta":"","adv-header-id-meta":"","stick-header-meta":"","header-above-stick-meta":"","header-main-stick-meta":"","header-below-stick-meta":"","astra-migrate-meta-layouts":"default","ast-page-background-enabled":"default","ast-page-background-meta":{"desktop":{"background-color":"","background-image":"","background-repeat":"repeat","background-position":"center center","background-size":"auto","background-attachment":"scroll","background-type":"","background-media":"","overlay-type":"","overlay-color":"","overlay-opacity":"","overlay-gradient":""},"tablet":{"background-color":"","background-image":"","background-repeat":"repeat","background-position":"center center","background-size":"auto","background-attachment":"scroll","background-type":"","background-media":"","overlay-type":"","overlay-color":"","overlay-opacity":"","overlay-gradient":""},"mobile":{"background-color":"","background-image":"","background-repeat":"repeat","background-position":"center center","background-size":"auto","background-attachment":"scroll","background-type":"","background-media":"","overlay-type":"","overlay-color":"","overlay-opacity":"","overlay-gradient":""}},"ast-content-background-meta":{"desktop":{"background-color":"var(--ast-global-color-4)","background-image":"","background-repeat":"repeat","background-position":"center center","background-size":"auto","background-attachment":"scroll","background-type":"","background-media":"","overlay-type":"","overlay-color":"","overlay-opacity":"","overlay-gradient":""},"tablet":{"background-color":"var(--ast-global-color-4)","background-image":"","background-repeat":"repeat","background-position":"center center","background-size":"auto","background-attachment":"scroll","background-type":"","background-media":"","overlay-type":"","overlay-color":"","overlay-opacity":"","overlay-gradient":""},"mobile":{"background-color":"var(--ast-global-color-4)","background-image":"","background-repeat":"repeat","background-position":"center center","background-size":"auto","background-attachment":"scroll","background-type":"","background-media":"","overlay-type":"","overlay-color":"","overlay-opacity":"","overlay-gradient":""}}},"product_brand":[],"product_cat":[15],"product_tag":[],"class_list":{"0":"post-21846","1":"product","2":"type-product","3":"status-publish","4":"has-post-thumbnail","6":"product_cat-uncategorized","7":"desktop-align-left","8":"tablet-align-left","9":"mobile-align-left","11":"first","12":"instock","13":"shipping-taxable","14":"purchasable","15":"product-type-simple"},"acf":[],"yoast_head":"<!-- This site is optimized with the Yoast SEO plugin v27.0 - https:\/\/yoast.com\/product\/yoast-seo-wordpress\/ -->\n<title>Gyvenimas \u0161viesoje<\/title>\n<meta name=\"description\" content=\"\u0160akti Gavain milijonams skaitytoj\u0173 pasakoja apie kitok\u012f gyvenimo b\u016bd\u0105 ir moko pasikliauti savo intuicija kaip esmine \u017emogaus b\u016bt\u012f lemian\u010dia j\u0117ga. \u0160ioje\" \/>\n<meta name=\"robots\" content=\"index, follow, max-snippet:-1, max-image-preview:large, max-video-preview:-1\" \/>\n<link rel=\"canonical\" href=\"https:\/\/skaitytaknyga.lt\/en\/produktas\/gyvenimas-sviesoje\/\" \/>\n<meta property=\"og:locale\" content=\"en_GB\" \/>\n<meta property=\"og:locale:alternate\" content=\"lt_LT\" \/>\n<meta property=\"og:type\" content=\"article\" \/>\n<meta property=\"og:title\" content=\"Gyvenimas \u0161viesoje\" \/>\n<meta property=\"og:description\" content=\"\u0160akti Gavain milijonams skaitytoj\u0173 pasakoja apie kitok\u012f gyvenimo b\u016bd\u0105 ir moko pasikliauti savo intuicija kaip esmine \u017emogaus b\u016bt\u012f lemian\u010dia j\u0117ga. \u0160ioje\" \/>\n<meta property=\"og:url\" content=\"https:\/\/skaitytaknyga.lt\/en\/produktas\/gyvenimas-sviesoje\/\" \/>\n<meta property=\"og:site_name\" content=\"Skaitytaknyga\" \/>\n<meta property=\"article:publisher\" content=\"https:\/\/www.facebook.com\/skaitytaknyga\/\" \/>\n<meta property=\"article:modified_time\" content=\"2025-11-13T17:34:26+00:00\" \/>\n<meta property=\"og:image\" content=\"https:\/\/skaitytaknyga.lt\/wp-content\/uploads\/2025\/11\/Gyvenimas-sviesoje-1.webp\" \/>\n\t<meta property=\"og:image:width\" content=\"300\" \/>\n\t<meta property=\"og:image:height\" content=\"462\" \/>\n\t<meta property=\"og:image:type\" content=\"image\/webp\" \/>\n<meta name=\"twitter:card\" content=\"summary_large_image\" \/>\n<meta name=\"twitter:label1\" content=\"Estimated reading time\" \/>\n\t<meta name=\"twitter:data1\" content=\"1 minute\" \/>\n<script type=\"application\/ld+json\" class=\"yoast-schema-graph\">{\"@context\":\"https:\/\/schema.org\",\"@graph\":[{\"@type\":\"WebPage\",\"@id\":\"https:\/\/skaitytaknyga.lt\/produktas\/gyvenimas-sviesoje\/\",\"url\":\"https:\/\/skaitytaknyga.lt\/produktas\/gyvenimas-sviesoje\/\",\"name\":\"Gyvenimas \u0161viesoje\",\"isPartOf\":{\"@id\":\"https:\/\/skaitytaknyga.lt\/#website\"},\"primaryImageOfPage\":{\"@id\":\"https:\/\/skaitytaknyga.lt\/produktas\/gyvenimas-sviesoje\/#primaryimage\"},\"image\":{\"@id\":\"https:\/\/skaitytaknyga.lt\/produktas\/gyvenimas-sviesoje\/#primaryimage\"},\"thumbnailUrl\":\"https:\/\/skaitytaknyga.lt\/wp-content\/uploads\/2025\/11\/Gyvenimas-sviesoje-1.webp\",\"datePublished\":\"2025-11-07T15:09:32+00:00\",\"dateModified\":\"2025-11-13T17:34:26+00:00\",\"description\":\"\u0160akti Gavain milijonams skaitytoj\u0173 pasakoja apie kitok\u012f gyvenimo b\u016bd\u0105 ir moko pasikliauti savo intuicija kaip esmine \u017emogaus b\u016bt\u012f lemian\u010dia j\u0117ga. \u0160ioje\",\"breadcrumb\":{\"@id\":\"https:\/\/skaitytaknyga.lt\/produktas\/gyvenimas-sviesoje\/#breadcrumb\"},\"inLanguage\":\"en-GB\",\"potentialAction\":[{\"@type\":\"ReadAction\",\"target\":[\"https:\/\/skaitytaknyga.lt\/produktas\/gyvenimas-sviesoje\/\"]}]},{\"@type\":\"ImageObject\",\"inLanguage\":\"en-GB\",\"@id\":\"https:\/\/skaitytaknyga.lt\/produktas\/gyvenimas-sviesoje\/#primaryimage\",\"url\":\"https:\/\/skaitytaknyga.lt\/wp-content\/uploads\/2025\/11\/Gyvenimas-sviesoje-1.webp\",\"contentUrl\":\"https:\/\/skaitytaknyga.lt\/wp-content\/uploads\/2025\/11\/Gyvenimas-sviesoje-1.webp\",\"width\":300,\"height\":462,\"caption\":\"Gyvenimas \u0161viesoje\"},{\"@type\":\"BreadcrumbList\",\"@id\":\"https:\/\/skaitytaknyga.lt\/produktas\/gyvenimas-sviesoje\/#breadcrumb\",\"itemListElement\":[{\"@type\":\"ListItem\",\"position\":1,\"name\":\"Home\",\"item\":\"https:\/\/skaitytaknyga.lt\/\"},{\"@type\":\"ListItem\",\"position\":2,\"name\":\"Parduotuv\u0117\",\"item\":\"https:\/\/skaitytaknyga.lt\/knygu-parduotuve\/\"},{\"@type\":\"ListItem\",\"position\":3,\"name\":\"Gyvenimas \u0161viesoje\"}]},{\"@type\":\"WebSite\",\"@id\":\"https:\/\/skaitytaknyga.lt\/#website\",\"url\":\"https:\/\/skaitytaknyga.lt\/\",\"name\":\"skaitytaknyga.lt\",\"description\":\"Skaitytaknyga.lt \u2013 tai ma\u017eas \u0161eimos verslas, kuris prasid\u0117jo nuo meil\u0117s knygoms ir siekio i\u0161gelb\u0117ti knygas nuo likimo prie konteinerio. Kas vienam nereikalingas daiktas \u2013 kitam lobis, o mes esame tarpininkai, kurie padeda abiems tapti laimingesniems ???? \u017dinome kaip nelengva i\u0161gyventi ma\u017eiems verslams, tad nuo \u0161iol, \u010dia rasite ir kit\u0173, ma\u017e\u0173 \u0161eim\u0173 versl\u0173, rank\u0173 darbo, dovan\u0173 sau ir artimiesiems.\",\"publisher\":{\"@id\":\"https:\/\/skaitytaknyga.lt\/#organization\"},\"potentialAction\":[{\"@type\":\"SearchAction\",\"target\":{\"@type\":\"EntryPoint\",\"urlTemplate\":\"https:\/\/skaitytaknyga.lt\/?s={search_term_string}\"},\"query-input\":{\"@type\":\"PropertyValueSpecification\",\"valueRequired\":true,\"valueName\":\"search_term_string\"}}],\"inLanguage\":\"en-GB\"},{\"@type\":\"Organization\",\"@id\":\"https:\/\/skaitytaknyga.lt\/#organization\",\"name\":\"skaitytaknyga.lt\",\"url\":\"https:\/\/skaitytaknyga.lt\/\",\"logo\":{\"@type\":\"ImageObject\",\"inLanguage\":\"en-GB\",\"@id\":\"https:\/\/skaitytaknyga.lt\/#\/schema\/logo\/image\/\",\"url\":\"https:\/\/skaitytaknyga.lt\/wp-content\/uploads\/2024\/05\/cropped-cropped-cropped-02_00843_jt3bggkj1j3HLc7SyY6rEUpg.jpeg\",\"contentUrl\":\"https:\/\/skaitytaknyga.lt\/wp-content\/uploads\/2024\/05\/cropped-cropped-cropped-02_00843_jt3bggkj1j3HLc7SyY6rEUpg.jpeg\",\"width\":1600,\"height\":1600,\"caption\":\"skaitytaknyga.lt\"},\"image\":{\"@id\":\"https:\/\/skaitytaknyga.lt\/#\/schema\/logo\/image\/\"},\"sameAs\":[\"https:\/\/www.facebook.com\/skaitytaknyga\/\"]}]}<\/script>\n<!-- \/ Yoast SEO plugin. -->","yoast_head_json":{"title":"Gyvenimas \u0161viesoje","description":"\u0160akti Gavain milijonams skaitytoj\u0173 pasakoja apie kitok\u012f gyvenimo b\u016bd\u0105 ir moko pasikliauti savo intuicija kaip esmine \u017emogaus b\u016bt\u012f lemian\u010dia j\u0117ga. \u0160ioje","robots":{"index":"index","follow":"follow","max-snippet":"max-snippet:-1","max-image-preview":"max-image-preview:large","max-video-preview":"max-video-preview:-1"},"canonical":"https:\/\/skaitytaknyga.lt\/en\/produktas\/gyvenimas-sviesoje\/","og_locale":"en_GB","og_type":"article","og_title":"[:lt]Gyvenimas \u0161viesoje[:] - Skaitytaknyga","og_description":"\u0160akti Gavain milijonams skaitytoj\u0173 pasakoja apie kitok\u012f gyvenimo b\u016bd\u0105 ir moko pasikliauti savo intuicija kaip esmine \u017emogaus b\u016bt\u012f lemian\u010dia j\u0117ga. \u0160ioje","og_url":"https:\/\/skaitytaknyga.lt\/en\/produktas\/gyvenimas-sviesoje\/","og_site_name":"Skaitytaknyga","article_publisher":"https:\/\/www.facebook.com\/skaitytaknyga\/","article_modified_time":"2025-11-13T17:34:26+00:00","og_image":[{"width":300,"height":462,"url":"https:\/\/skaitytaknyga.lt\/wp-content\/uploads\/2025\/11\/Gyvenimas-sviesoje-1.webp","type":"image\/webp"}],"twitter_card":"summary_large_image","twitter_misc":{"Estimated reading time":"1 minute"},"schema":{"@context":"https:\/\/schema.org","@graph":[{"@type":"WebPage","@id":"https:\/\/skaitytaknyga.lt\/produktas\/gyvenimas-sviesoje\/","url":"https:\/\/skaitytaknyga.lt\/produktas\/gyvenimas-sviesoje\/","name":"Gyvenimas \u0161viesoje","isPartOf":{"@id":"https:\/\/skaitytaknyga.lt\/#website"},"primaryImageOfPage":{"@id":"https:\/\/skaitytaknyga.lt\/produktas\/gyvenimas-sviesoje\/#primaryimage"},"image":{"@id":"https:\/\/skaitytaknyga.lt\/produktas\/gyvenimas-sviesoje\/#primaryimage"},"thumbnailUrl":"https:\/\/skaitytaknyga.lt\/wp-content\/uploads\/2025\/11\/Gyvenimas-sviesoje-1.webp","datePublished":"2025-11-07T15:09:32+00:00","dateModified":"2025-11-13T17:34:26+00:00","description":"\u0160akti Gavain milijonams skaitytoj\u0173 pasakoja apie kitok\u012f gyvenimo b\u016bd\u0105 ir moko pasikliauti savo intuicija kaip esmine \u017emogaus b\u016bt\u012f lemian\u010dia j\u0117ga. \u0160ioje","breadcrumb":{"@id":"https:\/\/skaitytaknyga.lt\/produktas\/gyvenimas-sviesoje\/#breadcrumb"},"inLanguage":"en-GB","potentialAction":[{"@type":"ReadAction","target":["https:\/\/skaitytaknyga.lt\/produktas\/gyvenimas-sviesoje\/"]}]},{"@type":"ImageObject","inLanguage":"en-GB","@id":"https:\/\/skaitytaknyga.lt\/produktas\/gyvenimas-sviesoje\/#primaryimage","url":"https:\/\/skaitytaknyga.lt\/wp-content\/uploads\/2025\/11\/Gyvenimas-sviesoje-1.webp","contentUrl":"https:\/\/skaitytaknyga.lt\/wp-content\/uploads\/2025\/11\/Gyvenimas-sviesoje-1.webp","width":300,"height":462,"caption":"Gyvenimas \u0161viesoje"},{"@type":"BreadcrumbList","@id":"https:\/\/skaitytaknyga.lt\/produktas\/gyvenimas-sviesoje\/#breadcrumb","itemListElement":[{"@type":"ListItem","position":1,"name":"Home","item":"https:\/\/skaitytaknyga.lt\/"},{"@type":"ListItem","position":2,"name":"Parduotuv\u0117","item":"https:\/\/skaitytaknyga.lt\/knygu-parduotuve\/"},{"@type":"ListItem","position":3,"name":"Gyvenimas \u0161viesoje"}]},{"@type":"WebSite","@id":"https:\/\/skaitytaknyga.lt\/#website","url":"https:\/\/skaitytaknyga.lt\/","name":"skaitytaknyga.lt","description":"Skaitytaknyga.lt \u2013 tai ma\u017eas \u0161eimos verslas, kuris prasid\u0117jo nuo meil\u0117s knygoms ir siekio i\u0161gelb\u0117ti knygas nuo likimo prie konteinerio. Kas vienam nereikalingas daiktas \u2013 kitam lobis, o mes esame tarpininkai, kurie padeda abiems tapti laimingesniems ???? \u017dinome kaip nelengva i\u0161gyventi ma\u017eiems verslams, tad nuo \u0161iol, \u010dia rasite ir kit\u0173, ma\u017e\u0173 \u0161eim\u0173 versl\u0173, rank\u0173 darbo, dovan\u0173 sau ir artimiesiems.","publisher":{"@id":"https:\/\/skaitytaknyga.lt\/#organization"},"potentialAction":[{"@type":"SearchAction","target":{"@type":"EntryPoint","urlTemplate":"https:\/\/skaitytaknyga.lt\/?s={search_term_string}"},"query-input":{"@type":"PropertyValueSpecification","valueRequired":true,"valueName":"search_term_string"}}],"inLanguage":"en-GB"},{"@type":"Organization","@id":"https:\/\/skaitytaknyga.lt\/#organization","name":"skaitytaknyga.lt","url":"https:\/\/skaitytaknyga.lt\/","logo":{"@type":"ImageObject","inLanguage":"en-GB","@id":"https:\/\/skaitytaknyga.lt\/#\/schema\/logo\/image\/","url":"https:\/\/skaitytaknyga.lt\/wp-content\/uploads\/2024\/05\/cropped-cropped-cropped-02_00843_jt3bggkj1j3HLc7SyY6rEUpg.jpeg","contentUrl":"https:\/\/skaitytaknyga.lt\/wp-content\/uploads\/2024\/05\/cropped-cropped-cropped-02_00843_jt3bggkj1j3HLc7SyY6rEUpg.jpeg","width":1600,"height":1600,"caption":"skaitytaknyga.lt"},"image":{"@id":"https:\/\/skaitytaknyga.lt\/#\/schema\/logo\/image\/"},"sameAs":["https:\/\/www.facebook.com\/skaitytaknyga\/"]}]}},"_links":{"self":[{"href":"https:\/\/skaitytaknyga.lt\/en\/wp-json\/wp\/v2\/product\/21846","targetHints":{"allow":["GET"]}}],"collection":[{"href":"https:\/\/skaitytaknyga.lt\/en\/wp-json\/wp\/v2\/product"}],"about":[{"href":"https:\/\/skaitytaknyga.lt\/en\/wp-json\/wp\/v2\/types\/product"}],"replies":[{"embeddable":true,"href":"https:\/\/skaitytaknyga.lt\/en\/wp-json\/wp\/v2\/comments?post=21846"}],"wp:featuredmedia":[{"embeddable":true,"href":"https:\/\/skaitytaknyga.lt\/en\/wp-json\/wp\/v2\/media\/21851"}],"wp:attachment":[{"href":"https:\/\/skaitytaknyga.lt\/en\/wp-json\/wp\/v2\/media?parent=21846"}],"wp:term":[{"taxonomy":"product_brand","embeddable":true,"href":"https:\/\/skaitytaknyga.lt\/en\/wp-json\/wp\/v2\/product_brand?post=21846"},{"taxonomy":"product_cat","embeddable":true,"href":"https:\/\/skaitytaknyga.lt\/en\/wp-json\/wp\/v2\/product_cat?post=21846"},{"taxonomy":"product_tag","embeddable":true,"href":"https:\/\/skaitytaknyga.lt\/en\/wp-json\/wp\/v2\/product_tag?post=21846"}],"curies":[{"name":"wp","href":"https:\/\/api.w.org\/{rel}","templated":true}]}}