{"id":21837,"date":"2025-11-04T15:31:14","date_gmt":"2025-11-04T13:31:14","guid":{"rendered":"https:\/\/skaitytaknyga.lt\/?post_type=product&#038;p=21837"},"modified":"2025-11-13T19:34:14","modified_gmt":"2025-11-13T17:34:14","slug":"lietuvos-respublikos-emigracijos-politika-1920-1940-m","status":"publish","type":"product","link":"https:\/\/skaitytaknyga.lt\/en\/produktas\/lietuvos-respublikos-emigracijos-politika-1920-1940-m\/","title":{"rendered":"Lietuvos Respublikos emigracijos politika, 1920-1940 m."},"content":{"rendered":"<p>1922 m. buvo priimtas priimtas pirmasis i\u0161eivyb\u0117s \u012fstatymas. Iki tol emigracijos procesas buvo visi\u0161kai nekontroliuojamas. O kas vyko po \u012fstatymo i\u0161leidimo?<\/p>\n<p>Vykdyt\u0105 politik\u0105 geriausiai atspindi \u012fvair\u016bs vald\u017eios \u012fstaig\u0173 dokumentai \u0161iuo klausimu. \u201eLietuvos Respublikos emigracijos politika 1920-1940 m.\u201c \u2013 rinkinys i\u0161 52 \u012fvairaus pob\u016bd\u017eio dokument\u0173: U\u017esienio Reikal\u0173, Vidaus Reikal\u0173 ministerij\u0173 aktai, reguliuojantys i\u0161eivyb\u0117s \u012fstaig\u0173 veikl\u0105 bei Lietuvos konsulat\u0173 metin\u0117s ataskaitos, atspindin\u010dios lietuvi\u0173 emigrant\u0173 pad\u0117t\u012f u\u017esienyje. Be to, pateikiama ir dalis dokument\u0173, susijusi\u0173 su Draugijos U\u017esienio Lietuviams Remti veikla.<\/p>\n","protected":false},"excerpt":{"rendered":"<p>1922 m. buvo priimtas priimtas pirmasis i\u0161eivyb\u0117s \u012fstatymas. Iki tol emigracijos procesas buvo visi\u0161kai nekontroliuojamas. O kas vyko po \u012fstatymo i\u0161leidimo? Vykdyt\u0105 politik\u0105 geriausiai atspindi \u012fvair\u016bs vald\u017eios \u012fstaig\u0173 dokumentai \u0161iuo klausimu. \u201eLietuvos Respublikos emigracijos politika 1920-1940 m.\u201c \u2013 rinkinys i\u0161 52 \u012fvairaus pob\u016bd\u017eio dokument\u0173: U\u017esienio Reikal\u0173, Vidaus Reikal\u0173 ministerij\u0173 aktai, reguliuojantys i\u0161eivyb\u0117s \u012fstaig\u0173 veikl\u0105 bei Lietuvos konsulat\u0173 metin\u0117s ataskaitos, atspindin\u010dios lietuvi\u0173 emigrant\u0173 pad\u0117t\u012f u\u017esienyje. Be to, pateikiama ir dalis dokument\u0173, susijusi\u0173 su Draugijos U\u017esienio Lietuviams Remti veikla.<\/p>\n","protected":false},"featured_media":21843,"comment_status":"open","ping_status":"closed","template":"","meta":{"_acf_changed":false,"site-sidebar-layout":"default","site-content-layout":"","ast-site-content-layout":"default","site-content-style":"default","site-sidebar-style":"default","ast-global-header-display":"","ast-banner-title-visibility":"","ast-main-header-display":"","ast-hfb-above-header-display":"","ast-hfb-below-header-display":"","ast-hfb-mobile-header-display":"","site-post-title":"","ast-breadcrumbs-content":"","ast-featured-img":"","footer-sml-layout":"","ast-disable-related-posts":"","theme-transparent-header-meta":"","adv-header-id-meta":"","stick-header-meta":"","header-above-stick-meta":"","header-main-stick-meta":"","header-below-stick-meta":"","astra-migrate-meta-layouts":"default","ast-page-background-enabled":"default","ast-page-background-meta":{"desktop":{"background-color":"","background-image":"","background-repeat":"repeat","background-position":"center center","background-size":"auto","background-attachment":"scroll","background-type":"","background-media":"","overlay-type":"","overlay-color":"","overlay-opacity":"","overlay-gradient":""},"tablet":{"background-color":"","background-image":"","background-repeat":"repeat","background-position":"center center","background-size":"auto","background-attachment":"scroll","background-type":"","background-media":"","overlay-type":"","overlay-color":"","overlay-opacity":"","overlay-gradient":""},"mobile":{"background-color":"","background-image":"","background-repeat":"repeat","background-position":"center center","background-size":"auto","background-attachment":"scroll","background-type":"","background-media":"","overlay-type":"","overlay-color":"","overlay-opacity":"","overlay-gradient":""}},"ast-content-background-meta":{"desktop":{"background-color":"var(--ast-global-color-4)","background-image":"","background-repeat":"repeat","background-position":"center center","background-size":"auto","background-attachment":"scroll","background-type":"","background-media":"","overlay-type":"","overlay-color":"","overlay-opacity":"","overlay-gradient":""},"tablet":{"background-color":"var(--ast-global-color-4)","background-image":"","background-repeat":"repeat","background-position":"center center","background-size":"auto","background-attachment":"scroll","background-type":"","background-media":"","overlay-type":"","overlay-color":"","overlay-opacity":"","overlay-gradient":""},"mobile":{"background-color":"var(--ast-global-color-4)","background-image":"","background-repeat":"repeat","background-position":"center center","background-size":"auto","background-attachment":"scroll","background-type":"","background-media":"","overlay-type":"","overlay-color":"","overlay-opacity":"","overlay-gradient":""}}},"product_brand":[],"product_cat":[15],"product_tag":[],"class_list":{"0":"post-21837","1":"product","2":"type-product","3":"status-publish","4":"has-post-thumbnail","6":"product_cat-uncategorized","7":"desktop-align-left","8":"tablet-align-left","9":"mobile-align-left","11":"first","12":"instock","13":"shipping-taxable","14":"purchasable","15":"product-type-simple"},"acf":[],"yoast_head":"<!-- This site is optimized with the Yoast SEO plugin v27.0 - https:\/\/yoast.com\/product\/yoast-seo-wordpress\/ -->\n<title>Lietuvos Respublikos emigracijos politika, 1920-1940 m.<\/title>\n<meta name=\"description\" content=\"1922 m. buvo priimtas priimtas pirmasis i\u0161eivyb\u0117s \u012fstatymas. Iki tol emigracijos procesas buvo visi\u0161kai nekontroliuojamas. O kas vyko po \u012fstatymo\" \/>\n<meta name=\"robots\" content=\"index, follow, max-snippet:-1, max-image-preview:large, max-video-preview:-1\" \/>\n<link rel=\"canonical\" href=\"https:\/\/skaitytaknyga.lt\/en\/produktas\/lietuvos-respublikos-emigracijos-politika-1920-1940-m\/\" \/>\n<meta property=\"og:locale\" content=\"en_GB\" \/>\n<meta property=\"og:locale:alternate\" content=\"lt_LT\" \/>\n<meta property=\"og:type\" content=\"article\" \/>\n<meta property=\"og:title\" content=\"Lietuvos Respublikos emigracijos politika, 1920-1940 m.\" \/>\n<meta property=\"og:description\" content=\"1922 m. buvo priimtas priimtas pirmasis i\u0161eivyb\u0117s \u012fstatymas. Iki tol emigracijos procesas buvo visi\u0161kai nekontroliuojamas. O kas vyko po \u012fstatymo\" \/>\n<meta property=\"og:url\" content=\"https:\/\/skaitytaknyga.lt\/en\/produktas\/lietuvos-respublikos-emigracijos-politika-1920-1940-m\/\" \/>\n<meta property=\"og:site_name\" content=\"Skaitytaknyga\" \/>\n<meta property=\"article:publisher\" content=\"https:\/\/www.facebook.com\/skaitytaknyga\/\" \/>\n<meta property=\"article:modified_time\" content=\"2025-11-13T17:34:14+00:00\" \/>\n<meta property=\"og:image\" content=\"https:\/\/skaitytaknyga.lt\/wp-content\/uploads\/2025\/11\/Lietuvos-Respublikos-emigracijos-politika-1920-1940-m.-1.webp\" \/>\n\t<meta property=\"og:image:width\" content=\"300\" \/>\n\t<meta property=\"og:image:height\" content=\"457\" \/>\n\t<meta property=\"og:image:type\" content=\"image\/webp\" \/>\n<meta name=\"twitter:card\" content=\"summary_large_image\" \/>\n<script type=\"application\/ld+json\" class=\"yoast-schema-graph\">{\"@context\":\"https:\/\/schema.org\",\"@graph\":[{\"@type\":\"WebPage\",\"@id\":\"https:\/\/skaitytaknyga.lt\/produktas\/lietuvos-respublikos-emigracijos-politika-1920-1940-m\/\",\"url\":\"https:\/\/skaitytaknyga.lt\/produktas\/lietuvos-respublikos-emigracijos-politika-1920-1940-m\/\",\"name\":\"Lietuvos Respublikos emigracijos politika, 1920-1940 m.\",\"isPartOf\":{\"@id\":\"https:\/\/skaitytaknyga.lt\/#website\"},\"primaryImageOfPage\":{\"@id\":\"https:\/\/skaitytaknyga.lt\/produktas\/lietuvos-respublikos-emigracijos-politika-1920-1940-m\/#primaryimage\"},\"image\":{\"@id\":\"https:\/\/skaitytaknyga.lt\/produktas\/lietuvos-respublikos-emigracijos-politika-1920-1940-m\/#primaryimage\"},\"thumbnailUrl\":\"https:\/\/skaitytaknyga.lt\/wp-content\/uploads\/2025\/11\/Lietuvos-Respublikos-emigracijos-politika-1920-1940-m.-1.webp\",\"datePublished\":\"2025-11-04T13:31:14+00:00\",\"dateModified\":\"2025-11-13T17:34:14+00:00\",\"description\":\"1922 m. buvo priimtas priimtas pirmasis i\u0161eivyb\u0117s \u012fstatymas. Iki tol emigracijos procesas buvo visi\u0161kai nekontroliuojamas. O kas vyko po \u012fstatymo\",\"breadcrumb\":{\"@id\":\"https:\/\/skaitytaknyga.lt\/produktas\/lietuvos-respublikos-emigracijos-politika-1920-1940-m\/#breadcrumb\"},\"inLanguage\":\"en-GB\",\"potentialAction\":[{\"@type\":\"ReadAction\",\"target\":[\"https:\/\/skaitytaknyga.lt\/produktas\/lietuvos-respublikos-emigracijos-politika-1920-1940-m\/\"]}]},{\"@type\":\"ImageObject\",\"inLanguage\":\"en-GB\",\"@id\":\"https:\/\/skaitytaknyga.lt\/produktas\/lietuvos-respublikos-emigracijos-politika-1920-1940-m\/#primaryimage\",\"url\":\"https:\/\/skaitytaknyga.lt\/wp-content\/uploads\/2025\/11\/Lietuvos-Respublikos-emigracijos-politika-1920-1940-m.-1.webp\",\"contentUrl\":\"https:\/\/skaitytaknyga.lt\/wp-content\/uploads\/2025\/11\/Lietuvos-Respublikos-emigracijos-politika-1920-1940-m.-1.webp\",\"width\":300,\"height\":457,\"caption\":\"Lietuvos Respublikos emigracijos politika, 1920-1940 m.\"},{\"@type\":\"BreadcrumbList\",\"@id\":\"https:\/\/skaitytaknyga.lt\/produktas\/lietuvos-respublikos-emigracijos-politika-1920-1940-m\/#breadcrumb\",\"itemListElement\":[{\"@type\":\"ListItem\",\"position\":1,\"name\":\"Home\",\"item\":\"https:\/\/skaitytaknyga.lt\/\"},{\"@type\":\"ListItem\",\"position\":2,\"name\":\"Parduotuv\u0117\",\"item\":\"https:\/\/skaitytaknyga.lt\/knygu-parduotuve\/\"},{\"@type\":\"ListItem\",\"position\":3,\"name\":\"Lietuvos Respublikos emigracijos politika, 1920-1940 m.\"}]},{\"@type\":\"WebSite\",\"@id\":\"https:\/\/skaitytaknyga.lt\/#website\",\"url\":\"https:\/\/skaitytaknyga.lt\/\",\"name\":\"skaitytaknyga.lt\",\"description\":\"Skaitytaknyga.lt \u2013 tai ma\u017eas \u0161eimos verslas, kuris prasid\u0117jo nuo meil\u0117s knygoms ir siekio i\u0161gelb\u0117ti knygas nuo likimo prie konteinerio. Kas vienam nereikalingas daiktas \u2013 kitam lobis, o mes esame tarpininkai, kurie padeda abiems tapti laimingesniems ???? \u017dinome kaip nelengva i\u0161gyventi ma\u017eiems verslams, tad nuo \u0161iol, \u010dia rasite ir kit\u0173, ma\u017e\u0173 \u0161eim\u0173 versl\u0173, rank\u0173 darbo, dovan\u0173 sau ir artimiesiems.\",\"publisher\":{\"@id\":\"https:\/\/skaitytaknyga.lt\/#organization\"},\"potentialAction\":[{\"@type\":\"SearchAction\",\"target\":{\"@type\":\"EntryPoint\",\"urlTemplate\":\"https:\/\/skaitytaknyga.lt\/?s={search_term_string}\"},\"query-input\":{\"@type\":\"PropertyValueSpecification\",\"valueRequired\":true,\"valueName\":\"search_term_string\"}}],\"inLanguage\":\"en-GB\"},{\"@type\":\"Organization\",\"@id\":\"https:\/\/skaitytaknyga.lt\/#organization\",\"name\":\"skaitytaknyga.lt\",\"url\":\"https:\/\/skaitytaknyga.lt\/\",\"logo\":{\"@type\":\"ImageObject\",\"inLanguage\":\"en-GB\",\"@id\":\"https:\/\/skaitytaknyga.lt\/#\/schema\/logo\/image\/\",\"url\":\"https:\/\/skaitytaknyga.lt\/wp-content\/uploads\/2024\/05\/cropped-cropped-cropped-02_00843_jt3bggkj1j3HLc7SyY6rEUpg.jpeg\",\"contentUrl\":\"https:\/\/skaitytaknyga.lt\/wp-content\/uploads\/2024\/05\/cropped-cropped-cropped-02_00843_jt3bggkj1j3HLc7SyY6rEUpg.jpeg\",\"width\":1600,\"height\":1600,\"caption\":\"skaitytaknyga.lt\"},\"image\":{\"@id\":\"https:\/\/skaitytaknyga.lt\/#\/schema\/logo\/image\/\"},\"sameAs\":[\"https:\/\/www.facebook.com\/skaitytaknyga\/\"]}]}<\/script>\n<!-- \/ Yoast SEO plugin. -->","yoast_head_json":{"title":"Lietuvos Respublikos emigracijos politika, 1920-1940 m.","description":"1922 m. buvo priimtas priimtas pirmasis i\u0161eivyb\u0117s \u012fstatymas. Iki tol emigracijos procesas buvo visi\u0161kai nekontroliuojamas. O kas vyko po \u012fstatymo","robots":{"index":"index","follow":"follow","max-snippet":"max-snippet:-1","max-image-preview":"max-image-preview:large","max-video-preview":"max-video-preview:-1"},"canonical":"https:\/\/skaitytaknyga.lt\/en\/produktas\/lietuvos-respublikos-emigracijos-politika-1920-1940-m\/","og_locale":"en_GB","og_type":"article","og_title":"[:lt]Lietuvos Respublikos emigracijos politika, 1920-1940 m.[:] - Skaitytaknyga","og_description":"1922 m. buvo priimtas priimtas pirmasis i\u0161eivyb\u0117s \u012fstatymas. Iki tol emigracijos procesas buvo visi\u0161kai nekontroliuojamas. O kas vyko po \u012fstatymo","og_url":"https:\/\/skaitytaknyga.lt\/en\/produktas\/lietuvos-respublikos-emigracijos-politika-1920-1940-m\/","og_site_name":"Skaitytaknyga","article_publisher":"https:\/\/www.facebook.com\/skaitytaknyga\/","article_modified_time":"2025-11-13T17:34:14+00:00","og_image":[{"width":300,"height":457,"url":"https:\/\/skaitytaknyga.lt\/wp-content\/uploads\/2025\/11\/Lietuvos-Respublikos-emigracijos-politika-1920-1940-m.-1.webp","type":"image\/webp"}],"twitter_card":"summary_large_image","schema":{"@context":"https:\/\/schema.org","@graph":[{"@type":"WebPage","@id":"https:\/\/skaitytaknyga.lt\/produktas\/lietuvos-respublikos-emigracijos-politika-1920-1940-m\/","url":"https:\/\/skaitytaknyga.lt\/produktas\/lietuvos-respublikos-emigracijos-politika-1920-1940-m\/","name":"Lietuvos Respublikos emigracijos politika, 1920-1940 m.","isPartOf":{"@id":"https:\/\/skaitytaknyga.lt\/#website"},"primaryImageOfPage":{"@id":"https:\/\/skaitytaknyga.lt\/produktas\/lietuvos-respublikos-emigracijos-politika-1920-1940-m\/#primaryimage"},"image":{"@id":"https:\/\/skaitytaknyga.lt\/produktas\/lietuvos-respublikos-emigracijos-politika-1920-1940-m\/#primaryimage"},"thumbnailUrl":"https:\/\/skaitytaknyga.lt\/wp-content\/uploads\/2025\/11\/Lietuvos-Respublikos-emigracijos-politika-1920-1940-m.-1.webp","datePublished":"2025-11-04T13:31:14+00:00","dateModified":"2025-11-13T17:34:14+00:00","description":"1922 m. buvo priimtas priimtas pirmasis i\u0161eivyb\u0117s \u012fstatymas. Iki tol emigracijos procesas buvo visi\u0161kai nekontroliuojamas. O kas vyko po \u012fstatymo","breadcrumb":{"@id":"https:\/\/skaitytaknyga.lt\/produktas\/lietuvos-respublikos-emigracijos-politika-1920-1940-m\/#breadcrumb"},"inLanguage":"en-GB","potentialAction":[{"@type":"ReadAction","target":["https:\/\/skaitytaknyga.lt\/produktas\/lietuvos-respublikos-emigracijos-politika-1920-1940-m\/"]}]},{"@type":"ImageObject","inLanguage":"en-GB","@id":"https:\/\/skaitytaknyga.lt\/produktas\/lietuvos-respublikos-emigracijos-politika-1920-1940-m\/#primaryimage","url":"https:\/\/skaitytaknyga.lt\/wp-content\/uploads\/2025\/11\/Lietuvos-Respublikos-emigracijos-politika-1920-1940-m.-1.webp","contentUrl":"https:\/\/skaitytaknyga.lt\/wp-content\/uploads\/2025\/11\/Lietuvos-Respublikos-emigracijos-politika-1920-1940-m.-1.webp","width":300,"height":457,"caption":"Lietuvos Respublikos emigracijos politika, 1920-1940 m."},{"@type":"BreadcrumbList","@id":"https:\/\/skaitytaknyga.lt\/produktas\/lietuvos-respublikos-emigracijos-politika-1920-1940-m\/#breadcrumb","itemListElement":[{"@type":"ListItem","position":1,"name":"Home","item":"https:\/\/skaitytaknyga.lt\/"},{"@type":"ListItem","position":2,"name":"Parduotuv\u0117","item":"https:\/\/skaitytaknyga.lt\/knygu-parduotuve\/"},{"@type":"ListItem","position":3,"name":"Lietuvos Respublikos emigracijos politika, 1920-1940 m."}]},{"@type":"WebSite","@id":"https:\/\/skaitytaknyga.lt\/#website","url":"https:\/\/skaitytaknyga.lt\/","name":"skaitytaknyga.lt","description":"Skaitytaknyga.lt \u2013 tai ma\u017eas \u0161eimos verslas, kuris prasid\u0117jo nuo meil\u0117s knygoms ir siekio i\u0161gelb\u0117ti knygas nuo likimo prie konteinerio. Kas vienam nereikalingas daiktas \u2013 kitam lobis, o mes esame tarpininkai, kurie padeda abiems tapti laimingesniems ???? \u017dinome kaip nelengva i\u0161gyventi ma\u017eiems verslams, tad nuo \u0161iol, \u010dia rasite ir kit\u0173, ma\u017e\u0173 \u0161eim\u0173 versl\u0173, rank\u0173 darbo, dovan\u0173 sau ir artimiesiems.","publisher":{"@id":"https:\/\/skaitytaknyga.lt\/#organization"},"potentialAction":[{"@type":"SearchAction","target":{"@type":"EntryPoint","urlTemplate":"https:\/\/skaitytaknyga.lt\/?s={search_term_string}"},"query-input":{"@type":"PropertyValueSpecification","valueRequired":true,"valueName":"search_term_string"}}],"inLanguage":"en-GB"},{"@type":"Organization","@id":"https:\/\/skaitytaknyga.lt\/#organization","name":"skaitytaknyga.lt","url":"https:\/\/skaitytaknyga.lt\/","logo":{"@type":"ImageObject","inLanguage":"en-GB","@id":"https:\/\/skaitytaknyga.lt\/#\/schema\/logo\/image\/","url":"https:\/\/skaitytaknyga.lt\/wp-content\/uploads\/2024\/05\/cropped-cropped-cropped-02_00843_jt3bggkj1j3HLc7SyY6rEUpg.jpeg","contentUrl":"https:\/\/skaitytaknyga.lt\/wp-content\/uploads\/2024\/05\/cropped-cropped-cropped-02_00843_jt3bggkj1j3HLc7SyY6rEUpg.jpeg","width":1600,"height":1600,"caption":"skaitytaknyga.lt"},"image":{"@id":"https:\/\/skaitytaknyga.lt\/#\/schema\/logo\/image\/"},"sameAs":["https:\/\/www.facebook.com\/skaitytaknyga\/"]}]}},"_links":{"self":[{"href":"https:\/\/skaitytaknyga.lt\/en\/wp-json\/wp\/v2\/product\/21837","targetHints":{"allow":["GET"]}}],"collection":[{"href":"https:\/\/skaitytaknyga.lt\/en\/wp-json\/wp\/v2\/product"}],"about":[{"href":"https:\/\/skaitytaknyga.lt\/en\/wp-json\/wp\/v2\/types\/product"}],"replies":[{"embeddable":true,"href":"https:\/\/skaitytaknyga.lt\/en\/wp-json\/wp\/v2\/comments?post=21837"}],"wp:featuredmedia":[{"embeddable":true,"href":"https:\/\/skaitytaknyga.lt\/en\/wp-json\/wp\/v2\/media\/21843"}],"wp:attachment":[{"href":"https:\/\/skaitytaknyga.lt\/en\/wp-json\/wp\/v2\/media?parent=21837"}],"wp:term":[{"taxonomy":"product_brand","embeddable":true,"href":"https:\/\/skaitytaknyga.lt\/en\/wp-json\/wp\/v2\/product_brand?post=21837"},{"taxonomy":"product_cat","embeddable":true,"href":"https:\/\/skaitytaknyga.lt\/en\/wp-json\/wp\/v2\/product_cat?post=21837"},{"taxonomy":"product_tag","embeddable":true,"href":"https:\/\/skaitytaknyga.lt\/en\/wp-json\/wp\/v2\/product_tag?post=21837"}],"curies":[{"name":"wp","href":"https:\/\/api.w.org\/{rel}","templated":true}]}}