{"id":21835,"date":"2025-11-04T15:31:14","date_gmt":"2025-11-04T13:31:14","guid":{"rendered":"https:\/\/skaitytaknyga.lt\/?post_type=product&#038;p=21835"},"modified":"2025-11-13T19:34:14","modified_gmt":"2025-11-13T17:34:14","slug":"po-vasaros","status":"publish","type":"product","link":"https:\/\/skaitytaknyga.lt\/en\/produktas\/po-vasaros\/","title":{"rendered":"Po vasaros"},"content":{"rendered":"<p>Bogut\u00e1it\u0117-Kebl\ue00den\u0117 Vitalija 1934 04 11Krak\u0117s, lietuvi\u0173 poet\u0117. 1944 su t\u0117vais pasitrauk\u0117 \u012f Vokietij\u0105, v\u0117liau \u012f Jungtines Amerikos Valstijas. 1956 baig\u0117 chemij\u0105 Notre Dame\u2019o universitete Baltimor\u0117je. Mokytojavo. Poezijoje (rinkiniai Veidrodis j\u016bros dugne 1960, Lietus ir laikas 1969, Po vasaros 1978, Apm\u0105stymai, arba pokalbis su savimi 2000, Vilnius) rei\u0161k\u0117 be\u017eemi\u0173 kartos pasaul\u0117jaut\u0105; lietuvi\u0173 i\u0161eivijos ir k\u016brybos gimt\u0105ja kalba lemtis svetimoje \u017eem\u0117je suvokiama ir kaip universali 20 a. \u017emogaus b\u016bsena. Eil\u0117ra\u0161\u010diai lakoni\u0161ki, sant\u016br\u016bs, juose gausu Lietuvos istorijos, tautosakos \u012fvaizd\u017ei\u0173, konkre\u010di\u0173 kasdienyb\u0117s detali\u0173, \u012fgyjan\u010di\u0173 simbolin\u0119 prasm\u0119. Para\u0161\u0117 libret\u0105 D. Lapinsko operai Lokys (pastatyta 1966). Lietuvoje i\u0161leista poezijos rinktin\u0117 Kelion\u0117 (1989).<\/p>\n","protected":false},"excerpt":{"rendered":"<p>Bogut\u00e1it\u0117-Kebl\ue00den\u0117 Vitalija 1934 04 11Krak\u0117s, lietuvi\u0173 poet\u0117. 1944 su t\u0117vais pasitrauk\u0117 \u012f Vokietij\u0105, v\u0117liau \u012f Jungtines Amerikos Valstijas. 1956 baig\u0117 chemij\u0105 Notre Dame\u2019o universitete Baltimor\u0117je. Mokytojavo. Poezijoje (rinkiniai Veidrodis j\u016bros dugne 1960, Lietus ir laikas 1969, Po vasaros 1978, Apm\u0105stymai, arba pokalbis su savimi 2000, Vilnius) rei\u0161k\u0117 be\u017eemi\u0173 kartos pasaul\u0117jaut\u0105; lietuvi\u0173 i\u0161eivijos ir k\u016brybos gimt\u0105ja kalba lemtis svetimoje \u017eem\u0117je suvokiama ir kaip universali 20 a. \u017emogaus b\u016bsena. Eil\u0117ra\u0161\u010diai lakoni\u0161ki, sant\u016br\u016bs, juose gausu Lietuvos istorijos, tautosakos \u012fvaizd\u017ei\u0173, konkre\u010di\u0173 kasdienyb\u0117s detali\u0173, \u012fgyjan\u010di\u0173 simbolin\u0119 prasm\u0119. Para\u0161\u0117 libret\u0105 D. Lapinsko operai Lokys (pastatyta 1966). Lietuvoje i\u0161leista poezijos rinktin\u0117 Kelion\u0117 (1989).<\/p>\n","protected":false},"featured_media":21841,"comment_status":"open","ping_status":"closed","template":"","meta":{"_acf_changed":false,"site-sidebar-layout":"default","site-content-layout":"","ast-site-content-layout":"default","site-content-style":"default","site-sidebar-style":"default","ast-global-header-display":"","ast-banner-title-visibility":"","ast-main-header-display":"","ast-hfb-above-header-display":"","ast-hfb-below-header-display":"","ast-hfb-mobile-header-display":"","site-post-title":"","ast-breadcrumbs-content":"","ast-featured-img":"","footer-sml-layout":"","ast-disable-related-posts":"","theme-transparent-header-meta":"","adv-header-id-meta":"","stick-header-meta":"","header-above-stick-meta":"","header-main-stick-meta":"","header-below-stick-meta":"","astra-migrate-meta-layouts":"default","ast-page-background-enabled":"default","ast-page-background-meta":{"desktop":{"background-color":"","background-image":"","background-repeat":"repeat","background-position":"center center","background-size":"auto","background-attachment":"scroll","background-type":"","background-media":"","overlay-type":"","overlay-color":"","overlay-opacity":"","overlay-gradient":""},"tablet":{"background-color":"","background-image":"","background-repeat":"repeat","background-position":"center center","background-size":"auto","background-attachment":"scroll","background-type":"","background-media":"","overlay-type":"","overlay-color":"","overlay-opacity":"","overlay-gradient":""},"mobile":{"background-color":"","background-image":"","background-repeat":"repeat","background-position":"center center","background-size":"auto","background-attachment":"scroll","background-type":"","background-media":"","overlay-type":"","overlay-color":"","overlay-opacity":"","overlay-gradient":""}},"ast-content-background-meta":{"desktop":{"background-color":"var(--ast-global-color-4)","background-image":"","background-repeat":"repeat","background-position":"center center","background-size":"auto","background-attachment":"scroll","background-type":"","background-media":"","overlay-type":"","overlay-color":"","overlay-opacity":"","overlay-gradient":""},"tablet":{"background-color":"var(--ast-global-color-4)","background-image":"","background-repeat":"repeat","background-position":"center center","background-size":"auto","background-attachment":"scroll","background-type":"","background-media":"","overlay-type":"","overlay-color":"","overlay-opacity":"","overlay-gradient":""},"mobile":{"background-color":"var(--ast-global-color-4)","background-image":"","background-repeat":"repeat","background-position":"center center","background-size":"auto","background-attachment":"scroll","background-type":"","background-media":"","overlay-type":"","overlay-color":"","overlay-opacity":"","overlay-gradient":""}}},"product_brand":[],"product_cat":[1085],"product_tag":[],"class_list":{"0":"post-21835","1":"product","2":"type-product","3":"status-publish","4":"has-post-thumbnail","6":"product_cat-poezija","7":"desktop-align-left","8":"tablet-align-left","9":"mobile-align-left","11":"first","12":"instock","13":"shipping-taxable","14":"purchasable","15":"product-type-simple"},"acf":[],"yoast_head":"<!-- This site is optimized with the Yoast SEO plugin v27.0 - https:\/\/yoast.com\/product\/yoast-seo-wordpress\/ -->\n<title>Po vasaros<\/title>\n<meta name=\"description\" content=\"Bogut\u00e1it\u0117-Kebl\ue00den\u0117 Vitalija 1934 04 11Krak\u0117s, lietuvi\u0173 poet\u0117. 1944 su t\u0117vais pasitrauk\u0117 \u012f Vokietij\u0105, v\u0117liau \u012f Jungtines Amerikos Valstijas. 1956 baig\u0117\" \/>\n<meta name=\"robots\" content=\"index, follow, max-snippet:-1, max-image-preview:large, max-video-preview:-1\" \/>\n<link rel=\"canonical\" href=\"https:\/\/skaitytaknyga.lt\/en\/produktas\/po-vasaros\/\" \/>\n<meta property=\"og:locale\" content=\"en_GB\" \/>\n<meta property=\"og:locale:alternate\" content=\"lt_LT\" \/>\n<meta property=\"og:type\" content=\"article\" \/>\n<meta property=\"og:title\" content=\"Po vasaros\" \/>\n<meta property=\"og:description\" content=\"Bogut\u00e1it\u0117-Kebl\ue00den\u0117 Vitalija 1934 04 11Krak\u0117s, lietuvi\u0173 poet\u0117. 1944 su t\u0117vais pasitrauk\u0117 \u012f Vokietij\u0105, v\u0117liau \u012f Jungtines Amerikos Valstijas. 1956 baig\u0117\" \/>\n<meta property=\"og:url\" content=\"https:\/\/skaitytaknyga.lt\/en\/produktas\/po-vasaros\/\" \/>\n<meta property=\"og:site_name\" content=\"Skaitytaknyga\" \/>\n<meta property=\"article:publisher\" content=\"https:\/\/www.facebook.com\/skaitytaknyga\/\" \/>\n<meta property=\"article:modified_time\" content=\"2025-11-13T17:34:14+00:00\" \/>\n<meta property=\"og:image\" content=\"https:\/\/skaitytaknyga.lt\/wp-content\/uploads\/2025\/11\/po-vasaros-1.webp\" \/>\n\t<meta property=\"og:image:width\" content=\"300\" \/>\n\t<meta property=\"og:image:height\" content=\"460\" \/>\n\t<meta property=\"og:image:type\" content=\"image\/webp\" \/>\n<meta name=\"twitter:card\" content=\"summary_large_image\" \/>\n<meta name=\"twitter:label1\" content=\"Estimated reading time\" \/>\n\t<meta name=\"twitter:data1\" content=\"1 minute\" \/>\n<script type=\"application\/ld+json\" class=\"yoast-schema-graph\">{\"@context\":\"https:\/\/schema.org\",\"@graph\":[{\"@type\":\"WebPage\",\"@id\":\"https:\/\/skaitytaknyga.lt\/produktas\/po-vasaros\/\",\"url\":\"https:\/\/skaitytaknyga.lt\/produktas\/po-vasaros\/\",\"name\":\"Po vasaros\",\"isPartOf\":{\"@id\":\"https:\/\/skaitytaknyga.lt\/#website\"},\"primaryImageOfPage\":{\"@id\":\"https:\/\/skaitytaknyga.lt\/produktas\/po-vasaros\/#primaryimage\"},\"image\":{\"@id\":\"https:\/\/skaitytaknyga.lt\/produktas\/po-vasaros\/#primaryimage\"},\"thumbnailUrl\":\"https:\/\/skaitytaknyga.lt\/wp-content\/uploads\/2025\/11\/po-vasaros-1.webp\",\"datePublished\":\"2025-11-04T13:31:14+00:00\",\"dateModified\":\"2025-11-13T17:34:14+00:00\",\"description\":\"Bogut\u00e1it\u0117-Kebl\ue00den\u0117 Vitalija 1934 04 11Krak\u0117s, lietuvi\u0173 poet\u0117. 1944 su t\u0117vais pasitrauk\u0117 \u012f Vokietij\u0105, v\u0117liau \u012f Jungtines Amerikos Valstijas. 1956 baig\u0117\",\"breadcrumb\":{\"@id\":\"https:\/\/skaitytaknyga.lt\/produktas\/po-vasaros\/#breadcrumb\"},\"inLanguage\":\"en-GB\",\"potentialAction\":[{\"@type\":\"ReadAction\",\"target\":[\"https:\/\/skaitytaknyga.lt\/produktas\/po-vasaros\/\"]}]},{\"@type\":\"ImageObject\",\"inLanguage\":\"en-GB\",\"@id\":\"https:\/\/skaitytaknyga.lt\/produktas\/po-vasaros\/#primaryimage\",\"url\":\"https:\/\/skaitytaknyga.lt\/wp-content\/uploads\/2025\/11\/po-vasaros-1.webp\",\"contentUrl\":\"https:\/\/skaitytaknyga.lt\/wp-content\/uploads\/2025\/11\/po-vasaros-1.webp\",\"width\":300,\"height\":460,\"caption\":\"po vasaros\"},{\"@type\":\"BreadcrumbList\",\"@id\":\"https:\/\/skaitytaknyga.lt\/produktas\/po-vasaros\/#breadcrumb\",\"itemListElement\":[{\"@type\":\"ListItem\",\"position\":1,\"name\":\"Home\",\"item\":\"https:\/\/skaitytaknyga.lt\/\"},{\"@type\":\"ListItem\",\"position\":2,\"name\":\"Parduotuv\u0117\",\"item\":\"https:\/\/skaitytaknyga.lt\/knygu-parduotuve\/\"},{\"@type\":\"ListItem\",\"position\":3,\"name\":\"Po vasaros\"}]},{\"@type\":\"WebSite\",\"@id\":\"https:\/\/skaitytaknyga.lt\/#website\",\"url\":\"https:\/\/skaitytaknyga.lt\/\",\"name\":\"skaitytaknyga.lt\",\"description\":\"Skaitytaknyga.lt \u2013 tai ma\u017eas \u0161eimos verslas, kuris prasid\u0117jo nuo meil\u0117s knygoms ir siekio i\u0161gelb\u0117ti knygas nuo likimo prie konteinerio. Kas vienam nereikalingas daiktas \u2013 kitam lobis, o mes esame tarpininkai, kurie padeda abiems tapti laimingesniems ???? \u017dinome kaip nelengva i\u0161gyventi ma\u017eiems verslams, tad nuo \u0161iol, \u010dia rasite ir kit\u0173, ma\u017e\u0173 \u0161eim\u0173 versl\u0173, rank\u0173 darbo, dovan\u0173 sau ir artimiesiems.\",\"publisher\":{\"@id\":\"https:\/\/skaitytaknyga.lt\/#organization\"},\"potentialAction\":[{\"@type\":\"SearchAction\",\"target\":{\"@type\":\"EntryPoint\",\"urlTemplate\":\"https:\/\/skaitytaknyga.lt\/?s={search_term_string}\"},\"query-input\":{\"@type\":\"PropertyValueSpecification\",\"valueRequired\":true,\"valueName\":\"search_term_string\"}}],\"inLanguage\":\"en-GB\"},{\"@type\":\"Organization\",\"@id\":\"https:\/\/skaitytaknyga.lt\/#organization\",\"name\":\"skaitytaknyga.lt\",\"url\":\"https:\/\/skaitytaknyga.lt\/\",\"logo\":{\"@type\":\"ImageObject\",\"inLanguage\":\"en-GB\",\"@id\":\"https:\/\/skaitytaknyga.lt\/#\/schema\/logo\/image\/\",\"url\":\"https:\/\/skaitytaknyga.lt\/wp-content\/uploads\/2024\/05\/cropped-cropped-cropped-02_00843_jt3bggkj1j3HLc7SyY6rEUpg.jpeg\",\"contentUrl\":\"https:\/\/skaitytaknyga.lt\/wp-content\/uploads\/2024\/05\/cropped-cropped-cropped-02_00843_jt3bggkj1j3HLc7SyY6rEUpg.jpeg\",\"width\":1600,\"height\":1600,\"caption\":\"skaitytaknyga.lt\"},\"image\":{\"@id\":\"https:\/\/skaitytaknyga.lt\/#\/schema\/logo\/image\/\"},\"sameAs\":[\"https:\/\/www.facebook.com\/skaitytaknyga\/\"]}]}<\/script>\n<!-- \/ Yoast SEO plugin. -->","yoast_head_json":{"title":"Po vasaros","description":"Bogut\u00e1it\u0117-Kebl\ue00den\u0117 Vitalija 1934 04 11Krak\u0117s, lietuvi\u0173 poet\u0117. 1944 su t\u0117vais pasitrauk\u0117 \u012f Vokietij\u0105, v\u0117liau \u012f Jungtines Amerikos Valstijas. 1956 baig\u0117","robots":{"index":"index","follow":"follow","max-snippet":"max-snippet:-1","max-image-preview":"max-image-preview:large","max-video-preview":"max-video-preview:-1"},"canonical":"https:\/\/skaitytaknyga.lt\/en\/produktas\/po-vasaros\/","og_locale":"en_GB","og_type":"article","og_title":"[:lt]Po vasaros[:] - Skaitytaknyga","og_description":"Bogut\u00e1it\u0117-Kebl\ue00den\u0117 Vitalija 1934 04 11Krak\u0117s, lietuvi\u0173 poet\u0117. 1944 su t\u0117vais pasitrauk\u0117 \u012f Vokietij\u0105, v\u0117liau \u012f Jungtines Amerikos Valstijas. 1956 baig\u0117","og_url":"https:\/\/skaitytaknyga.lt\/en\/produktas\/po-vasaros\/","og_site_name":"Skaitytaknyga","article_publisher":"https:\/\/www.facebook.com\/skaitytaknyga\/","article_modified_time":"2025-11-13T17:34:14+00:00","og_image":[{"width":300,"height":460,"url":"https:\/\/skaitytaknyga.lt\/wp-content\/uploads\/2025\/11\/po-vasaros-1.webp","type":"image\/webp"}],"twitter_card":"summary_large_image","twitter_misc":{"Estimated reading time":"1 minute"},"schema":{"@context":"https:\/\/schema.org","@graph":[{"@type":"WebPage","@id":"https:\/\/skaitytaknyga.lt\/produktas\/po-vasaros\/","url":"https:\/\/skaitytaknyga.lt\/produktas\/po-vasaros\/","name":"Po vasaros","isPartOf":{"@id":"https:\/\/skaitytaknyga.lt\/#website"},"primaryImageOfPage":{"@id":"https:\/\/skaitytaknyga.lt\/produktas\/po-vasaros\/#primaryimage"},"image":{"@id":"https:\/\/skaitytaknyga.lt\/produktas\/po-vasaros\/#primaryimage"},"thumbnailUrl":"https:\/\/skaitytaknyga.lt\/wp-content\/uploads\/2025\/11\/po-vasaros-1.webp","datePublished":"2025-11-04T13:31:14+00:00","dateModified":"2025-11-13T17:34:14+00:00","description":"Bogut\u00e1it\u0117-Kebl\ue00den\u0117 Vitalija 1934 04 11Krak\u0117s, lietuvi\u0173 poet\u0117. 1944 su t\u0117vais pasitrauk\u0117 \u012f Vokietij\u0105, v\u0117liau \u012f Jungtines Amerikos Valstijas. 1956 baig\u0117","breadcrumb":{"@id":"https:\/\/skaitytaknyga.lt\/produktas\/po-vasaros\/#breadcrumb"},"inLanguage":"en-GB","potentialAction":[{"@type":"ReadAction","target":["https:\/\/skaitytaknyga.lt\/produktas\/po-vasaros\/"]}]},{"@type":"ImageObject","inLanguage":"en-GB","@id":"https:\/\/skaitytaknyga.lt\/produktas\/po-vasaros\/#primaryimage","url":"https:\/\/skaitytaknyga.lt\/wp-content\/uploads\/2025\/11\/po-vasaros-1.webp","contentUrl":"https:\/\/skaitytaknyga.lt\/wp-content\/uploads\/2025\/11\/po-vasaros-1.webp","width":300,"height":460,"caption":"po vasaros"},{"@type":"BreadcrumbList","@id":"https:\/\/skaitytaknyga.lt\/produktas\/po-vasaros\/#breadcrumb","itemListElement":[{"@type":"ListItem","position":1,"name":"Home","item":"https:\/\/skaitytaknyga.lt\/"},{"@type":"ListItem","position":2,"name":"Parduotuv\u0117","item":"https:\/\/skaitytaknyga.lt\/knygu-parduotuve\/"},{"@type":"ListItem","position":3,"name":"Po vasaros"}]},{"@type":"WebSite","@id":"https:\/\/skaitytaknyga.lt\/#website","url":"https:\/\/skaitytaknyga.lt\/","name":"skaitytaknyga.lt","description":"Skaitytaknyga.lt \u2013 tai ma\u017eas \u0161eimos verslas, kuris prasid\u0117jo nuo meil\u0117s knygoms ir siekio i\u0161gelb\u0117ti knygas nuo likimo prie konteinerio. Kas vienam nereikalingas daiktas \u2013 kitam lobis, o mes esame tarpininkai, kurie padeda abiems tapti laimingesniems ???? \u017dinome kaip nelengva i\u0161gyventi ma\u017eiems verslams, tad nuo \u0161iol, \u010dia rasite ir kit\u0173, ma\u017e\u0173 \u0161eim\u0173 versl\u0173, rank\u0173 darbo, dovan\u0173 sau ir artimiesiems.","publisher":{"@id":"https:\/\/skaitytaknyga.lt\/#organization"},"potentialAction":[{"@type":"SearchAction","target":{"@type":"EntryPoint","urlTemplate":"https:\/\/skaitytaknyga.lt\/?s={search_term_string}"},"query-input":{"@type":"PropertyValueSpecification","valueRequired":true,"valueName":"search_term_string"}}],"inLanguage":"en-GB"},{"@type":"Organization","@id":"https:\/\/skaitytaknyga.lt\/#organization","name":"skaitytaknyga.lt","url":"https:\/\/skaitytaknyga.lt\/","logo":{"@type":"ImageObject","inLanguage":"en-GB","@id":"https:\/\/skaitytaknyga.lt\/#\/schema\/logo\/image\/","url":"https:\/\/skaitytaknyga.lt\/wp-content\/uploads\/2024\/05\/cropped-cropped-cropped-02_00843_jt3bggkj1j3HLc7SyY6rEUpg.jpeg","contentUrl":"https:\/\/skaitytaknyga.lt\/wp-content\/uploads\/2024\/05\/cropped-cropped-cropped-02_00843_jt3bggkj1j3HLc7SyY6rEUpg.jpeg","width":1600,"height":1600,"caption":"skaitytaknyga.lt"},"image":{"@id":"https:\/\/skaitytaknyga.lt\/#\/schema\/logo\/image\/"},"sameAs":["https:\/\/www.facebook.com\/skaitytaknyga\/"]}]}},"_links":{"self":[{"href":"https:\/\/skaitytaknyga.lt\/en\/wp-json\/wp\/v2\/product\/21835","targetHints":{"allow":["GET"]}}],"collection":[{"href":"https:\/\/skaitytaknyga.lt\/en\/wp-json\/wp\/v2\/product"}],"about":[{"href":"https:\/\/skaitytaknyga.lt\/en\/wp-json\/wp\/v2\/types\/product"}],"replies":[{"embeddable":true,"href":"https:\/\/skaitytaknyga.lt\/en\/wp-json\/wp\/v2\/comments?post=21835"}],"wp:featuredmedia":[{"embeddable":true,"href":"https:\/\/skaitytaknyga.lt\/en\/wp-json\/wp\/v2\/media\/21841"}],"wp:attachment":[{"href":"https:\/\/skaitytaknyga.lt\/en\/wp-json\/wp\/v2\/media?parent=21835"}],"wp:term":[{"taxonomy":"product_brand","embeddable":true,"href":"https:\/\/skaitytaknyga.lt\/en\/wp-json\/wp\/v2\/product_brand?post=21835"},{"taxonomy":"product_cat","embeddable":true,"href":"https:\/\/skaitytaknyga.lt\/en\/wp-json\/wp\/v2\/product_cat?post=21835"},{"taxonomy":"product_tag","embeddable":true,"href":"https:\/\/skaitytaknyga.lt\/en\/wp-json\/wp\/v2\/product_tag?post=21835"}],"curies":[{"name":"wp","href":"https:\/\/api.w.org\/{rel}","templated":true}]}}