{"id":21834,"date":"2025-11-04T15:31:14","date_gmt":"2025-11-04T13:31:14","guid":{"rendered":"https:\/\/skaitytaknyga.lt\/?post_type=product&#038;p=21834"},"modified":"2025-11-12T17:47:11","modified_gmt":"2025-11-12T15:47:11","slug":"koncertas","status":"publish","type":"product","link":"https:\/\/skaitytaknyga.lt\/en\/produktas\/koncertas\/","title":{"rendered":"Koncertas"},"content":{"rendered":"<p>\u0160iais laikais knygas ra\u0161o visi. Politikai, kulinarai, ai\u0161kiaregiai, kareiviai, kosmonautai, artistai, kaliniai, netgi ra\u0161ytojai. Viena literat\u0117 tvirtino, kad apie epoch\u0105 ainiai spr\u0119s ne i\u0161 publikacij\u0173 dabartiniuose laikra\u0161\u010diuose, o i\u0161 autobiografini\u0173 knyg\u0173, kuriose lieka u\u017efiksuotas visai kitoks ir turb\u016bt gerokai tikresnis gyvenimas nei apra\u0161ytas dienra\u0161\u010diuose ar \u017eurnaluose. T\u0105 patyriau ir a\u0161, ir toji \u017einia buvo viena i\u0161 daugelio prie\u017eas\u010di\u0173, paskatinusi\u0173 s\u0117sti prie kompiuterio klaviat\u016bros.<\/p>\n<p>Pirmiausia nor\u0117jau u\u017era\u0161yti ir paskelbti tuos faktus ir j\u0173 apm\u0105stymus, kurie \u017einiasklaidos nebedomina. Be to, knygoje galima kalb\u0117ti savo kalba ir b\u016bti ramiam, kad liks tavo kontekstas, stilius ir esm\u0117. Taip pat knygoje galima sutelktai kalb\u0117ti apie tave jaudinan\u010dius rei\u0161kinius ir \u017emones, palikusius tavo gyvenime ry\u0161k\u0173 ir svarb\u0173 p\u0117dsak\u0105. Knyga leid\u017eia pasakyti daugiau nei straipsnis ar interviu, kurie man jau nebe\u012fdom\u016bs, nes kiekgi galima kalb\u0117ti apie tai, kas neturi nieko bendra nei su tavo darbais, nei su id\u0117jomis. Kaune man\u0119s klausia nuomon\u0117s prie duobes gatv\u0117se, Vilniuje \u2013 ar gerai jau\u010diuosi Kaune, o Klaip\u0117doje \u2013 kada paskutin\u012f kart\u0105 \u010dia buvau. Argi d\u0117l to reik\u0117jo baigti konservatorij\u0105?<\/p>\n<p>Knyg\u0105 pavadinau \u201eKoncertu\u201c, nes ji ir yra koncertas, mano gyvenimo koncertas, su mano muzika, jos atlik\u0117jais, manimi besidomin\u010dia publika, kritika, aplinka, kurioje formavausi, klydau, \u0161ven\u010diau pergales ir galiausiai esu laimingas. Joje daug veik\u0117j\u0173, kurie kaip valse sukasi poromis, kai kada \u2013 gausiame ratelyje, o kit\u0105kart, \u017ei\u016br\u0117k, tenka jud\u0117ti ir vienam&#8230; \u201eKoncerte\u201c lankosi ir mano \u0161eima, prot\u0117viai, draugai ir dienos sapn\u0173 herojai. \u010cia patikrinti faktai susipina su kompozitoriui b\u016bdingomis fantazijomis ir reg\u0117jimais, kuriuose nema\u017eai gal kiek kitokios tiesos arba u\u017euomin\u0173, skirt\u0173 \u012f\u017evalgesniems ir atidesniems, o ne vien pikanterijos i\u0161tro\u0161kusiems kult\u016bros vartotojams.<\/p>\n<p>Tad tiems, kurie skaitys knyg\u0105, palink\u0117\u010diau bent jau skaitymo valandomis pab\u016bti koncerte, kuriame skamba vieno \u017emogaus i\u0161girsta, pajausta ir pagarsinta muzika, sud\u0117ta i\u0161 \u012fvairiagarsio gyvenimo sulipdyt\u0173 dien\u0173, \u012fvyki\u0173 ir j\u0173 interpretacijos.<\/p>\n","protected":false},"excerpt":{"rendered":"<p>\u0160iais laikais knygas ra\u0161o visi. Politikai, kulinarai, ai\u0161kiaregiai, kareiviai, kosmonautai, artistai, kaliniai, netgi ra\u0161ytojai. Viena literat\u0117 tvirtino, kad apie epoch\u0105 ainiai spr\u0119s ne i\u0161 publikacij\u0173 dabartiniuose laikra\u0161\u010diuose, o i\u0161 autobiografini\u0173 knyg\u0173, kuriose lieka u\u017efiksuotas visai kitoks ir turb\u016bt gerokai tikresnis gyvenimas nei apra\u0161ytas dienra\u0161\u010diuose ar \u017eurnaluose. T\u0105 patyriau ir a\u0161, ir toji \u017einia buvo viena i\u0161 daugelio prie\u017eas\u010di\u0173, paskatinusi\u0173 s\u0117sti prie kompiuterio klaviat\u016bros. Pirmiausia nor\u0117jau u\u017era\u0161yti ir paskelbti tuos faktus ir j\u0173 apm\u0105stymus, kurie \u017einiasklaidos nebedomina. Be to, knygoje galima kalb\u0117ti savo kalba ir b\u016bti ramiam, kad liks tavo kontekstas, stilius ir esm\u0117. Taip pat knygoje galima sutelktai kalb\u0117ti apie tave jaudinan\u010dius rei\u0161kinius ir \u017emones, palikusius tavo gyvenime ry\u0161k\u0173 ir svarb\u0173 p\u0117dsak\u0105. Knyga leid\u017eia pasakyti daugiau nei straipsnis ar interviu, kurie man jau nebe\u012fdom\u016bs, nes kiekgi galima kalb\u0117ti apie tai, kas neturi nieko bendra nei su tavo darbais, nei su id\u0117jomis. Kaune man\u0119s klausia nuomon\u0117s prie duobes gatv\u0117se, Vilniuje \u2013 ar gerai jau\u010diuosi Kaune, o Klaip\u0117doje \u2013 kada paskutin\u012f kart\u0105 \u010dia buvau. Argi d\u0117l to reik\u0117jo baigti konservatorij\u0105? Knyg\u0105 pavadinau \u201eKoncertu\u201c, nes ji ir yra koncertas, mano gyvenimo koncertas, su mano muzika, jos atlik\u0117jais, manimi besidomin\u010dia publika, kritika, aplinka, kurioje formavausi, klydau, \u0161ven\u010diau pergales ir galiausiai esu laimingas. Joje daug veik\u0117j\u0173, kurie kaip valse sukasi poromis, kai kada \u2013 gausiame ratelyje, o kit\u0105kart, \u017ei\u016br\u0117k, tenka jud\u0117ti ir vienam&#8230; \u201eKoncerte\u201c lankosi ir mano \u0161eima, prot\u0117viai, draugai ir dienos sapn\u0173 herojai. \u010cia patikrinti faktai susipina su kompozitoriui b\u016bdingomis fantazijomis ir reg\u0117jimais, kuriuose nema\u017eai gal kiek kitokios tiesos arba u\u017euomin\u0173, skirt\u0173 \u012f\u017evalgesniems ir atidesniems, o ne vien pikanterijos i\u0161tro\u0161kusiems kult\u016bros vartotojams. Tad tiems, kurie skaitys knyg\u0105, palink\u0117\u010diau bent jau skaitymo valandomis pab\u016bti koncerte, kuriame skamba vieno \u017emogaus i\u0161girsta, pajausta ir pagarsinta muzika, sud\u0117ta i\u0161 \u012fvairiagarsio gyvenimo sulipdyt\u0173 dien\u0173, \u012fvyki\u0173 ir j\u0173 interpretacijos.<\/p>\n","protected":false},"featured_media":21839,"comment_status":"open","ping_status":"closed","template":"","meta":{"_acf_changed":false,"site-sidebar-layout":"default","site-content-layout":"","ast-site-content-layout":"default","site-content-style":"default","site-sidebar-style":"default","ast-global-header-display":"","ast-banner-title-visibility":"","ast-main-header-display":"","ast-hfb-above-header-display":"","ast-hfb-below-header-display":"","ast-hfb-mobile-header-display":"","site-post-title":"","ast-breadcrumbs-content":"","ast-featured-img":"","footer-sml-layout":"","ast-disable-related-posts":"","theme-transparent-header-meta":"","adv-header-id-meta":"","stick-header-meta":"","header-above-stick-meta":"","header-main-stick-meta":"","header-below-stick-meta":"","astra-migrate-meta-layouts":"default","ast-page-background-enabled":"default","ast-page-background-meta":{"desktop":{"background-color":"","background-image":"","background-repeat":"repeat","background-position":"center center","background-size":"auto","background-attachment":"scroll","background-type":"","background-media":"","overlay-type":"","overlay-color":"","overlay-opacity":"","overlay-gradient":""},"tablet":{"background-color":"","background-image":"","background-repeat":"repeat","background-position":"center center","background-size":"auto","background-attachment":"scroll","background-type":"","background-media":"","overlay-type":"","overlay-color":"","overlay-opacity":"","overlay-gradient":""},"mobile":{"background-color":"","background-image":"","background-repeat":"repeat","background-position":"center center","background-size":"auto","background-attachment":"scroll","background-type":"","background-media":"","overlay-type":"","overlay-color":"","overlay-opacity":"","overlay-gradient":""}},"ast-content-background-meta":{"desktop":{"background-color":"var(--ast-global-color-4)","background-image":"","background-repeat":"repeat","background-position":"center center","background-size":"auto","background-attachment":"scroll","background-type":"","background-media":"","overlay-type":"","overlay-color":"","overlay-opacity":"","overlay-gradient":""},"tablet":{"background-color":"var(--ast-global-color-4)","background-image":"","background-repeat":"repeat","background-position":"center center","background-size":"auto","background-attachment":"scroll","background-type":"","background-media":"","overlay-type":"","overlay-color":"","overlay-opacity":"","overlay-gradient":""},"mobile":{"background-color":"var(--ast-global-color-4)","background-image":"","background-repeat":"repeat","background-position":"center center","background-size":"auto","background-attachment":"scroll","background-type":"","background-media":"","overlay-type":"","overlay-color":"","overlay-opacity":"","overlay-gradient":""}}},"product_brand":[],"product_cat":[15],"product_tag":[],"class_list":{"0":"post-21834","1":"product","2":"type-product","3":"status-publish","4":"has-post-thumbnail","6":"product_cat-uncategorized","7":"desktop-align-left","8":"tablet-align-left","9":"mobile-align-left","11":"first","12":"instock","13":"shipping-taxable","14":"purchasable","15":"product-type-simple"},"acf":[],"yoast_head":"<!-- This site is optimized with the Yoast SEO plugin v27.0 - https:\/\/yoast.com\/product\/yoast-seo-wordpress\/ -->\n<title>Koncertas<\/title>\n<meta name=\"description\" content=\"\u0160iais laikais knygas ra\u0161o visi. Politikai, kulinarai, ai\u0161kiaregiai, kareiviai, kosmonautai, artistai, kaliniai, netgi ra\u0161ytojai. Viena literat\u0117 tvirtino,\" \/>\n<meta name=\"robots\" content=\"index, follow, max-snippet:-1, max-image-preview:large, max-video-preview:-1\" \/>\n<link rel=\"canonical\" href=\"https:\/\/skaitytaknyga.lt\/en\/produktas\/koncertas\/\" \/>\n<meta property=\"og:locale\" content=\"en_GB\" \/>\n<meta property=\"og:locale:alternate\" content=\"lt_LT\" \/>\n<meta property=\"og:type\" content=\"article\" \/>\n<meta property=\"og:title\" content=\"Koncertas\" \/>\n<meta property=\"og:description\" content=\"\u0160iais laikais knygas ra\u0161o visi. Politikai, kulinarai, ai\u0161kiaregiai, kareiviai, kosmonautai, artistai, kaliniai, netgi ra\u0161ytojai. Viena literat\u0117 tvirtino,\" \/>\n<meta property=\"og:url\" content=\"https:\/\/skaitytaknyga.lt\/en\/produktas\/koncertas\/\" \/>\n<meta property=\"og:site_name\" content=\"Skaitytaknyga\" \/>\n<meta property=\"article:publisher\" content=\"https:\/\/www.facebook.com\/skaitytaknyga\/\" \/>\n<meta property=\"article:modified_time\" content=\"2025-11-12T15:47:11+00:00\" \/>\n<meta property=\"og:image\" content=\"https:\/\/skaitytaknyga.lt\/wp-content\/uploads\/2025\/11\/Koncertas-1.webp\" \/>\n\t<meta property=\"og:image:width\" content=\"300\" \/>\n\t<meta property=\"og:image:height\" content=\"427\" \/>\n\t<meta property=\"og:image:type\" content=\"image\/webp\" \/>\n<meta name=\"twitter:card\" content=\"summary_large_image\" \/>\n<meta name=\"twitter:label1\" content=\"Estimated reading time\" \/>\n\t<meta name=\"twitter:data1\" content=\"2 minutes\" \/>\n<script type=\"application\/ld+json\" class=\"yoast-schema-graph\">{\"@context\":\"https:\/\/schema.org\",\"@graph\":[{\"@type\":\"WebPage\",\"@id\":\"https:\/\/skaitytaknyga.lt\/produktas\/koncertas\/\",\"url\":\"https:\/\/skaitytaknyga.lt\/produktas\/koncertas\/\",\"name\":\"Koncertas\",\"isPartOf\":{\"@id\":\"https:\/\/skaitytaknyga.lt\/#website\"},\"primaryImageOfPage\":{\"@id\":\"https:\/\/skaitytaknyga.lt\/produktas\/koncertas\/#primaryimage\"},\"image\":{\"@id\":\"https:\/\/skaitytaknyga.lt\/produktas\/koncertas\/#primaryimage\"},\"thumbnailUrl\":\"https:\/\/skaitytaknyga.lt\/wp-content\/uploads\/2025\/11\/Koncertas-1.webp\",\"datePublished\":\"2025-11-04T13:31:14+00:00\",\"dateModified\":\"2025-11-12T15:47:11+00:00\",\"description\":\"\u0160iais laikais knygas ra\u0161o visi. Politikai, kulinarai, ai\u0161kiaregiai, kareiviai, kosmonautai, artistai, kaliniai, netgi ra\u0161ytojai. Viena literat\u0117 tvirtino,\",\"breadcrumb\":{\"@id\":\"https:\/\/skaitytaknyga.lt\/produktas\/koncertas\/#breadcrumb\"},\"inLanguage\":\"en-GB\",\"potentialAction\":[{\"@type\":\"ReadAction\",\"target\":[\"https:\/\/skaitytaknyga.lt\/produktas\/koncertas\/\"]}]},{\"@type\":\"ImageObject\",\"inLanguage\":\"en-GB\",\"@id\":\"https:\/\/skaitytaknyga.lt\/produktas\/koncertas\/#primaryimage\",\"url\":\"https:\/\/skaitytaknyga.lt\/wp-content\/uploads\/2025\/11\/Koncertas-1.webp\",\"contentUrl\":\"https:\/\/skaitytaknyga.lt\/wp-content\/uploads\/2025\/11\/Koncertas-1.webp\",\"width\":300,\"height\":427,\"caption\":\"Koncertas\"},{\"@type\":\"BreadcrumbList\",\"@id\":\"https:\/\/skaitytaknyga.lt\/produktas\/koncertas\/#breadcrumb\",\"itemListElement\":[{\"@type\":\"ListItem\",\"position\":1,\"name\":\"Home\",\"item\":\"https:\/\/skaitytaknyga.lt\/\"},{\"@type\":\"ListItem\",\"position\":2,\"name\":\"Parduotuv\u0117\",\"item\":\"https:\/\/skaitytaknyga.lt\/knygu-parduotuve\/\"},{\"@type\":\"ListItem\",\"position\":3,\"name\":\"Koncertas\"}]},{\"@type\":\"WebSite\",\"@id\":\"https:\/\/skaitytaknyga.lt\/#website\",\"url\":\"https:\/\/skaitytaknyga.lt\/\",\"name\":\"skaitytaknyga.lt\",\"description\":\"Skaitytaknyga.lt \u2013 tai ma\u017eas \u0161eimos verslas, kuris prasid\u0117jo nuo meil\u0117s knygoms ir siekio i\u0161gelb\u0117ti knygas nuo likimo prie konteinerio. Kas vienam nereikalingas daiktas \u2013 kitam lobis, o mes esame tarpininkai, kurie padeda abiems tapti laimingesniems ???? \u017dinome kaip nelengva i\u0161gyventi ma\u017eiems verslams, tad nuo \u0161iol, \u010dia rasite ir kit\u0173, ma\u017e\u0173 \u0161eim\u0173 versl\u0173, rank\u0173 darbo, dovan\u0173 sau ir artimiesiems.\",\"publisher\":{\"@id\":\"https:\/\/skaitytaknyga.lt\/#organization\"},\"potentialAction\":[{\"@type\":\"SearchAction\",\"target\":{\"@type\":\"EntryPoint\",\"urlTemplate\":\"https:\/\/skaitytaknyga.lt\/?s={search_term_string}\"},\"query-input\":{\"@type\":\"PropertyValueSpecification\",\"valueRequired\":true,\"valueName\":\"search_term_string\"}}],\"inLanguage\":\"en-GB\"},{\"@type\":\"Organization\",\"@id\":\"https:\/\/skaitytaknyga.lt\/#organization\",\"name\":\"skaitytaknyga.lt\",\"url\":\"https:\/\/skaitytaknyga.lt\/\",\"logo\":{\"@type\":\"ImageObject\",\"inLanguage\":\"en-GB\",\"@id\":\"https:\/\/skaitytaknyga.lt\/#\/schema\/logo\/image\/\",\"url\":\"https:\/\/skaitytaknyga.lt\/wp-content\/uploads\/2024\/05\/cropped-cropped-cropped-02_00843_jt3bggkj1j3HLc7SyY6rEUpg.jpeg\",\"contentUrl\":\"https:\/\/skaitytaknyga.lt\/wp-content\/uploads\/2024\/05\/cropped-cropped-cropped-02_00843_jt3bggkj1j3HLc7SyY6rEUpg.jpeg\",\"width\":1600,\"height\":1600,\"caption\":\"skaitytaknyga.lt\"},\"image\":{\"@id\":\"https:\/\/skaitytaknyga.lt\/#\/schema\/logo\/image\/\"},\"sameAs\":[\"https:\/\/www.facebook.com\/skaitytaknyga\/\"]}]}<\/script>\n<!-- \/ Yoast SEO plugin. -->","yoast_head_json":{"title":"Koncertas","description":"\u0160iais laikais knygas ra\u0161o visi. Politikai, kulinarai, ai\u0161kiaregiai, kareiviai, kosmonautai, artistai, kaliniai, netgi ra\u0161ytojai. Viena literat\u0117 tvirtino,","robots":{"index":"index","follow":"follow","max-snippet":"max-snippet:-1","max-image-preview":"max-image-preview:large","max-video-preview":"max-video-preview:-1"},"canonical":"https:\/\/skaitytaknyga.lt\/en\/produktas\/koncertas\/","og_locale":"en_GB","og_type":"article","og_title":"[:lt]Koncertas[:] - Skaitytaknyga","og_description":"\u0160iais laikais knygas ra\u0161o visi. Politikai, kulinarai, ai\u0161kiaregiai, kareiviai, kosmonautai, artistai, kaliniai, netgi ra\u0161ytojai. Viena literat\u0117 tvirtino,","og_url":"https:\/\/skaitytaknyga.lt\/en\/produktas\/koncertas\/","og_site_name":"Skaitytaknyga","article_publisher":"https:\/\/www.facebook.com\/skaitytaknyga\/","article_modified_time":"2025-11-12T15:47:11+00:00","og_image":[{"width":300,"height":427,"url":"https:\/\/skaitytaknyga.lt\/wp-content\/uploads\/2025\/11\/Koncertas-1.webp","type":"image\/webp"}],"twitter_card":"summary_large_image","twitter_misc":{"Estimated reading time":"2 minutes"},"schema":{"@context":"https:\/\/schema.org","@graph":[{"@type":"WebPage","@id":"https:\/\/skaitytaknyga.lt\/produktas\/koncertas\/","url":"https:\/\/skaitytaknyga.lt\/produktas\/koncertas\/","name":"Koncertas","isPartOf":{"@id":"https:\/\/skaitytaknyga.lt\/#website"},"primaryImageOfPage":{"@id":"https:\/\/skaitytaknyga.lt\/produktas\/koncertas\/#primaryimage"},"image":{"@id":"https:\/\/skaitytaknyga.lt\/produktas\/koncertas\/#primaryimage"},"thumbnailUrl":"https:\/\/skaitytaknyga.lt\/wp-content\/uploads\/2025\/11\/Koncertas-1.webp","datePublished":"2025-11-04T13:31:14+00:00","dateModified":"2025-11-12T15:47:11+00:00","description":"\u0160iais laikais knygas ra\u0161o visi. Politikai, kulinarai, ai\u0161kiaregiai, kareiviai, kosmonautai, artistai, kaliniai, netgi ra\u0161ytojai. Viena literat\u0117 tvirtino,","breadcrumb":{"@id":"https:\/\/skaitytaknyga.lt\/produktas\/koncertas\/#breadcrumb"},"inLanguage":"en-GB","potentialAction":[{"@type":"ReadAction","target":["https:\/\/skaitytaknyga.lt\/produktas\/koncertas\/"]}]},{"@type":"ImageObject","inLanguage":"en-GB","@id":"https:\/\/skaitytaknyga.lt\/produktas\/koncertas\/#primaryimage","url":"https:\/\/skaitytaknyga.lt\/wp-content\/uploads\/2025\/11\/Koncertas-1.webp","contentUrl":"https:\/\/skaitytaknyga.lt\/wp-content\/uploads\/2025\/11\/Koncertas-1.webp","width":300,"height":427,"caption":"Koncertas"},{"@type":"BreadcrumbList","@id":"https:\/\/skaitytaknyga.lt\/produktas\/koncertas\/#breadcrumb","itemListElement":[{"@type":"ListItem","position":1,"name":"Home","item":"https:\/\/skaitytaknyga.lt\/"},{"@type":"ListItem","position":2,"name":"Parduotuv\u0117","item":"https:\/\/skaitytaknyga.lt\/knygu-parduotuve\/"},{"@type":"ListItem","position":3,"name":"Koncertas"}]},{"@type":"WebSite","@id":"https:\/\/skaitytaknyga.lt\/#website","url":"https:\/\/skaitytaknyga.lt\/","name":"skaitytaknyga.lt","description":"Skaitytaknyga.lt \u2013 tai ma\u017eas \u0161eimos verslas, kuris prasid\u0117jo nuo meil\u0117s knygoms ir siekio i\u0161gelb\u0117ti knygas nuo likimo prie konteinerio. Kas vienam nereikalingas daiktas \u2013 kitam lobis, o mes esame tarpininkai, kurie padeda abiems tapti laimingesniems ???? \u017dinome kaip nelengva i\u0161gyventi ma\u017eiems verslams, tad nuo \u0161iol, \u010dia rasite ir kit\u0173, ma\u017e\u0173 \u0161eim\u0173 versl\u0173, rank\u0173 darbo, dovan\u0173 sau ir artimiesiems.","publisher":{"@id":"https:\/\/skaitytaknyga.lt\/#organization"},"potentialAction":[{"@type":"SearchAction","target":{"@type":"EntryPoint","urlTemplate":"https:\/\/skaitytaknyga.lt\/?s={search_term_string}"},"query-input":{"@type":"PropertyValueSpecification","valueRequired":true,"valueName":"search_term_string"}}],"inLanguage":"en-GB"},{"@type":"Organization","@id":"https:\/\/skaitytaknyga.lt\/#organization","name":"skaitytaknyga.lt","url":"https:\/\/skaitytaknyga.lt\/","logo":{"@type":"ImageObject","inLanguage":"en-GB","@id":"https:\/\/skaitytaknyga.lt\/#\/schema\/logo\/image\/","url":"https:\/\/skaitytaknyga.lt\/wp-content\/uploads\/2024\/05\/cropped-cropped-cropped-02_00843_jt3bggkj1j3HLc7SyY6rEUpg.jpeg","contentUrl":"https:\/\/skaitytaknyga.lt\/wp-content\/uploads\/2024\/05\/cropped-cropped-cropped-02_00843_jt3bggkj1j3HLc7SyY6rEUpg.jpeg","width":1600,"height":1600,"caption":"skaitytaknyga.lt"},"image":{"@id":"https:\/\/skaitytaknyga.lt\/#\/schema\/logo\/image\/"},"sameAs":["https:\/\/www.facebook.com\/skaitytaknyga\/"]}]}},"_links":{"self":[{"href":"https:\/\/skaitytaknyga.lt\/en\/wp-json\/wp\/v2\/product\/21834","targetHints":{"allow":["GET"]}}],"collection":[{"href":"https:\/\/skaitytaknyga.lt\/en\/wp-json\/wp\/v2\/product"}],"about":[{"href":"https:\/\/skaitytaknyga.lt\/en\/wp-json\/wp\/v2\/types\/product"}],"replies":[{"embeddable":true,"href":"https:\/\/skaitytaknyga.lt\/en\/wp-json\/wp\/v2\/comments?post=21834"}],"wp:featuredmedia":[{"embeddable":true,"href":"https:\/\/skaitytaknyga.lt\/en\/wp-json\/wp\/v2\/media\/21839"}],"wp:attachment":[{"href":"https:\/\/skaitytaknyga.lt\/en\/wp-json\/wp\/v2\/media?parent=21834"}],"wp:term":[{"taxonomy":"product_brand","embeddable":true,"href":"https:\/\/skaitytaknyga.lt\/en\/wp-json\/wp\/v2\/product_brand?post=21834"},{"taxonomy":"product_cat","embeddable":true,"href":"https:\/\/skaitytaknyga.lt\/en\/wp-json\/wp\/v2\/product_cat?post=21834"},{"taxonomy":"product_tag","embeddable":true,"href":"https:\/\/skaitytaknyga.lt\/en\/wp-json\/wp\/v2\/product_tag?post=21834"}],"curies":[{"name":"wp","href":"https:\/\/api.w.org\/{rel}","templated":true}]}}