{"id":21825,"date":"2025-11-04T14:26:37","date_gmt":"2025-11-04T12:26:37","guid":{"rendered":"https:\/\/skaitytaknyga.lt\/?post_type=product&#038;p=21825"},"modified":"2026-02-26T10:10:24","modified_gmt":"2026-02-26T08:10:24","slug":"subito-beato-jau-palaimintasis","status":"publish","type":"product","link":"https:\/\/skaitytaknyga.lt\/en\/produktas\/subito-beato-jau-palaimintasis\/","title":{"rendered":"Subito Beato. Jau palaimintasis"},"content":{"rendered":"<p>Knyga \u201eSubito Beato. Jau palaimintasis\u201c \u2013 viena paskutini\u0173j\u0173 2012 m. i\u0161leist\u0173j\u0173 dr. kun. K. Ambraso knyg\u0173 SJ. Knygos anotacijoje ra\u0161oma: \u201eNuo 1990 met\u0173 dirb\u0119s Vatikano radijuje, \u0161ioje knygoje, pavart\u0119s prie\u0161 ketvirt\u012f am\u017eiaus kadaise ra\u0161ytus Romoje lapus, gerokai pakeden\u0119s savo atmint\u012f, i\u0161judin\u0119s dar nesp\u0117jusius visi\u0161kai i\u0161bl\u0117sti \u012fsp\u016bd\u017eius ir slaptus i\u0161gyvenimus, tarsi apibendrino savo \u012fvairiabriaun\u0119 \u017eurnalistin\u0119 patirt\u012f. Vaizdinga kalba para\u0161ytoji knyga apima tris viena su kita artimai persipinan\u010dias, \u012fdomias ir svarbias temas: I. Popie\u017eiaus Jono Pauliaus II gyvenimas, maldos, kelion\u0117s, beatifikacija; II. Autoriaus darbas Vatikano radijuje, dienora\u0161\u010diai, susira\u0161in\u0117jimas, \u010dia sutikti \u017emon\u0117s; III. Atidus, \u012fd\u0117mus \u017evilgsnis i\u0161 u\u017esienio \u012f lietuvi\u0173 kov\u0105 u\u017e Laisv\u0119 ir ilgai siekt\u0105j\u0105 Nepriklausomyb\u0119\u201c. Knyg\u0105 para\u0161yti paskatino 2011 m. gegu\u017e\u0117s 1 d. Vatikane vykusi popie\u017eiaus Jono Pauliaus II beatifikacija, palaimintuoju paskelbimo \u0161vent\u0117, autoriaus dalyvavimas \u0161ioje \u0161vent\u0117je bei ekskursija po Italij\u0105. Kunigas K. Ambrasas po keleri\u0173 met\u0173 pertraukos po min\u0117to darbo Vatikano radijuje (1990\u20131992) v\u0117l gal\u0117jo g\u0117r\u0117tis Am\u017einuoju miestu, prisiminti daugsyk lankytas \u0161vent\u0105sias vietas, susitikimus su \u0160ventuoju T\u0117vu. Knyga primena Popie\u017eiaus Jono Pauliaus II kelion\u0119 \u012f Lietuv\u0105, Vatikano radijo metais i\u0161 ital\u0173 \u012f lietuvi\u0173 kalb\u0105 verstuosius ir Popie\u017eiaus kelion\u0117s po m\u016bs\u0173 kra\u0161t\u0105 1993 m. rugs\u0117jo m\u0117n. 4\u20138dienomis pasakytus Jo pamokslus. \u010cia u\u017esiminta ir apie tai, kaip knygos autorius savo balsu \u012fra\u0161\u0119s \u012f magnetofono juost\u0105 visus tuos lietuvi\u0161kus vertimus, kuri\u0173 \u012fra\u0161us prie\u0161 kelion\u0119 \u0160ventasis T\u0117vas Jonas Paulius II, skyr\u0119s likdavusius nuo \u012fvairiausi\u0173 darb\u0173 laiko mirksnius, atsid\u0117j\u0119s klausydavosi \u0161i\u0173 \u012fra\u0161\u0173, nes, anot \u0161io pontifikato \u017eod\u017ei\u0173, Jis ne tik nor\u0117j\u0119s taisyklingai perskaityti lietuvi\u0173 kalbos \u017eod\u017eius, bet ir suprasti, k\u0105 Jis skait\u0105s. \u0160iuos pirmuosius savo pamokslus Popie\u017eius buvo para\u0161\u0119s jau prie\u0161 pusantr\u0173 met\u0173, kai prad\u0117jo rengtis kelionei \u012f tris Baltijos kra\u0161tus. Knygoje skaitome Palaimintojo Jono Pauliaus II mald\u0173 i\u0161traukas, i\u0161 \u012fvairi\u0173 leidini\u0173 perspausdintus K. Ambraso ra\u0161ytus straipsnius (P. 179\u2013236) (kuri\u0173 dauguma apie \u0161\u012f Popie\u017ei\u0173), reporta\u017eus.<\/p>\n","protected":false},"excerpt":{"rendered":"<p>Knyga \u201eSubito Beato. Jau palaimintasis\u201c \u2013 viena paskutini\u0173j\u0173 2012 m. i\u0161leist\u0173j\u0173 dr. kun. K. Ambraso knyg\u0173 SJ. Knygos anotacijoje ra\u0161oma: \u201eNuo 1990 met\u0173 dirb\u0119s Vatikano radijuje, \u0161ioje knygoje, pavart\u0119s prie\u0161 ketvirt\u012f am\u017eiaus kadaise ra\u0161ytus Romoje lapus, gerokai pakeden\u0119s savo atmint\u012f, i\u0161judin\u0119s dar nesp\u0117jusius visi\u0161kai i\u0161bl\u0117sti \u012fsp\u016bd\u017eius ir slaptus i\u0161gyvenimus, tarsi apibendrino savo \u012fvairiabriaun\u0119 \u017eurnalistin\u0119 patirt\u012f. Vaizdinga kalba para\u0161ytoji knyga apima tris viena su kita artimai persipinan\u010dias, \u012fdomias ir svarbias temas: I. Popie\u017eiaus Jono Pauliaus II gyvenimas, maldos, kelion\u0117s, beatifikacija; II. Autoriaus darbas Vatikano radijuje, dienora\u0161\u010diai, susira\u0161in\u0117jimas, \u010dia sutikti \u017emon\u0117s; III. Atidus, \u012fd\u0117mus \u017evilgsnis i\u0161 u\u017esienio \u012f lietuvi\u0173 kov\u0105 u\u017e Laisv\u0119 ir ilgai siekt\u0105j\u0105 Nepriklausomyb\u0119\u201c. Knyg\u0105 para\u0161yti paskatino 2011 m. gegu\u017e\u0117s 1 d. Vatikane vykusi popie\u017eiaus Jono Pauliaus II beatifikacija, palaimintuoju paskelbimo \u0161vent\u0117, autoriaus dalyvavimas \u0161ioje \u0161vent\u0117je bei ekskursija po Italij\u0105. Kunigas K. Ambrasas po keleri\u0173 met\u0173 pertraukos po min\u0117to darbo Vatikano radijuje (1990\u20131992) v\u0117l gal\u0117jo g\u0117r\u0117tis Am\u017einuoju miestu, prisiminti daugsyk lankytas \u0161vent\u0105sias vietas, susitikimus su \u0160ventuoju T\u0117vu. Knyga primena Popie\u017eiaus Jono Pauliaus II kelion\u0119 \u012f Lietuv\u0105, Vatikano radijo metais i\u0161 ital\u0173 \u012f lietuvi\u0173 kalb\u0105 verstuosius ir Popie\u017eiaus kelion\u0117s po m\u016bs\u0173 kra\u0161t\u0105 1993 m. rugs\u0117jo m\u0117n. 4\u20138dienomis pasakytus Jo pamokslus. \u010cia u\u017esiminta ir apie tai, kaip knygos autorius savo balsu \u012fra\u0161\u0119s \u012f magnetofono juost\u0105 visus tuos lietuvi\u0161kus vertimus, kuri\u0173 \u012fra\u0161us prie\u0161 kelion\u0119 \u0160ventasis T\u0117vas Jonas Paulius II, skyr\u0119s likdavusius nuo \u012fvairiausi\u0173 darb\u0173 laiko mirksnius, atsid\u0117j\u0119s klausydavosi \u0161i\u0173 \u012fra\u0161\u0173, nes, anot \u0161io pontifikato \u017eod\u017ei\u0173, Jis ne tik nor\u0117j\u0119s taisyklingai perskaityti lietuvi\u0173 kalbos \u017eod\u017eius, bet ir suprasti, k\u0105 Jis skait\u0105s. \u0160iuos pirmuosius savo pamokslus Popie\u017eius buvo para\u0161\u0119s jau prie\u0161 pusantr\u0173 met\u0173, kai prad\u0117jo rengtis kelionei \u012f tris Baltijos kra\u0161tus. Knygoje skaitome Palaimintojo Jono Pauliaus II mald\u0173 i\u0161traukas, i\u0161 \u012fvairi\u0173 leidini\u0173 perspausdintus K. Ambraso ra\u0161ytus straipsnius (P. 179\u2013236) (kuri\u0173 dauguma apie \u0161\u012f Popie\u017ei\u0173), reporta\u017eus.<\/p>\n","protected":false},"featured_media":21831,"comment_status":"open","ping_status":"closed","template":"","meta":{"_acf_changed":false,"site-sidebar-layout":"default","site-content-layout":"","ast-site-content-layout":"default","site-content-style":"default","site-sidebar-style":"default","ast-global-header-display":"","ast-banner-title-visibility":"","ast-main-header-display":"","ast-hfb-above-header-display":"","ast-hfb-below-header-display":"","ast-hfb-mobile-header-display":"","site-post-title":"","ast-breadcrumbs-content":"","ast-featured-img":"","footer-sml-layout":"","ast-disable-related-posts":"","theme-transparent-header-meta":"","adv-header-id-meta":"","stick-header-meta":"","header-above-stick-meta":"","header-main-stick-meta":"","header-below-stick-meta":"","astra-migrate-meta-layouts":"default","ast-page-background-enabled":"default","ast-page-background-meta":{"desktop":{"background-color":"","background-image":"","background-repeat":"repeat","background-position":"center center","background-size":"auto","background-attachment":"scroll","background-type":"","background-media":"","overlay-type":"","overlay-color":"","overlay-opacity":"","overlay-gradient":""},"tablet":{"background-color":"","background-image":"","background-repeat":"repeat","background-position":"center center","background-size":"auto","background-attachment":"scroll","background-type":"","background-media":"","overlay-type":"","overlay-color":"","overlay-opacity":"","overlay-gradient":""},"mobile":{"background-color":"","background-image":"","background-repeat":"repeat","background-position":"center center","background-size":"auto","background-attachment":"scroll","background-type":"","background-media":"","overlay-type":"","overlay-color":"","overlay-opacity":"","overlay-gradient":""}},"ast-content-background-meta":{"desktop":{"background-color":"var(--ast-global-color-4)","background-image":"","background-repeat":"repeat","background-position":"center center","background-size":"auto","background-attachment":"scroll","background-type":"","background-media":"","overlay-type":"","overlay-color":"","overlay-opacity":"","overlay-gradient":""},"tablet":{"background-color":"var(--ast-global-color-4)","background-image":"","background-repeat":"repeat","background-position":"center center","background-size":"auto","background-attachment":"scroll","background-type":"","background-media":"","overlay-type":"","overlay-color":"","overlay-opacity":"","overlay-gradient":""},"mobile":{"background-color":"var(--ast-global-color-4)","background-image":"","background-repeat":"repeat","background-position":"center center","background-size":"auto","background-attachment":"scroll","background-type":"","background-media":"","overlay-type":"","overlay-color":"","overlay-opacity":"","overlay-gradient":""}}},"product_brand":[],"product_cat":[165],"product_tag":[],"class_list":{"0":"post-21825","1":"product","2":"type-product","3":"status-publish","4":"has-post-thumbnail","6":"product_cat-religija-filosofija-ir-ezoterika","7":"desktop-align-left","8":"tablet-align-left","9":"mobile-align-left","11":"first","12":"instock","13":"shipping-taxable","14":"purchasable","15":"product-type-simple"},"acf":[],"yoast_head":"<!-- This site is optimized with the Yoast SEO plugin v27.0 - https:\/\/yoast.com\/product\/yoast-seo-wordpress\/ -->\n<title>Subito Beato. Jau palaimintasis<\/title>\n<meta name=\"description\" content=\"Knyga \u201eSubito Beato. Jau palaimintasis\u201c \u2013 viena paskutini\u0173j\u0173 2012 m. i\u0161leist\u0173j\u0173 dr. kun. K. Ambraso knyg\u0173 SJ. Knygos anotacijoje ra\u0161oma: \u201eNuo 1990 met\u0173\" \/>\n<meta name=\"robots\" content=\"index, follow, max-snippet:-1, max-image-preview:large, max-video-preview:-1\" \/>\n<link rel=\"canonical\" href=\"https:\/\/skaitytaknyga.lt\/en\/produktas\/subito-beato-jau-palaimintasis\/\" \/>\n<meta property=\"og:locale\" content=\"en_GB\" \/>\n<meta property=\"og:locale:alternate\" content=\"lt_LT\" \/>\n<meta property=\"og:type\" content=\"article\" \/>\n<meta property=\"og:title\" content=\"Subito Beato. Jau palaimintasis\" \/>\n<meta property=\"og:description\" content=\"Knyga \u201eSubito Beato. Jau palaimintasis\u201c \u2013 viena paskutini\u0173j\u0173 2012 m. i\u0161leist\u0173j\u0173 dr. kun. K. Ambraso knyg\u0173 SJ. Knygos anotacijoje ra\u0161oma: \u201eNuo 1990 met\u0173\" \/>\n<meta property=\"og:url\" content=\"https:\/\/skaitytaknyga.lt\/en\/produktas\/subito-beato-jau-palaimintasis\/\" \/>\n<meta property=\"og:site_name\" content=\"Skaitytaknyga\" \/>\n<meta property=\"article:publisher\" content=\"https:\/\/www.facebook.com\/skaitytaknyga\/\" \/>\n<meta property=\"article:modified_time\" content=\"2026-02-26T08:10:24+00:00\" \/>\n<meta property=\"og:image\" content=\"https:\/\/skaitytaknyga.lt\/wp-content\/uploads\/2025\/11\/Subito-Beato.-Jau-palaimintasis-e1762262124685.webp\" \/>\n\t<meta property=\"og:image:width\" content=\"282\" \/>\n\t<meta property=\"og:image:height\" content=\"407\" \/>\n\t<meta property=\"og:image:type\" content=\"image\/webp\" \/>\n<meta name=\"twitter:card\" content=\"summary_large_image\" \/>\n<meta name=\"twitter:label1\" content=\"Estimated reading time\" \/>\n\t<meta name=\"twitter:data1\" content=\"2 minutes\" \/>\n<script type=\"application\/ld+json\" class=\"yoast-schema-graph\">{\"@context\":\"https:\/\/schema.org\",\"@graph\":[{\"@type\":\"WebPage\",\"@id\":\"https:\/\/skaitytaknyga.lt\/produktas\/subito-beato-jau-palaimintasis\/\",\"url\":\"https:\/\/skaitytaknyga.lt\/produktas\/subito-beato-jau-palaimintasis\/\",\"name\":\"Subito Beato. Jau palaimintasis\",\"isPartOf\":{\"@id\":\"https:\/\/skaitytaknyga.lt\/#website\"},\"primaryImageOfPage\":{\"@id\":\"https:\/\/skaitytaknyga.lt\/produktas\/subito-beato-jau-palaimintasis\/#primaryimage\"},\"image\":{\"@id\":\"https:\/\/skaitytaknyga.lt\/produktas\/subito-beato-jau-palaimintasis\/#primaryimage\"},\"thumbnailUrl\":\"https:\/\/skaitytaknyga.lt\/wp-content\/uploads\/2025\/11\/Subito-Beato.-Jau-palaimintasis-e1762262124685.webp\",\"datePublished\":\"2025-11-04T12:26:37+00:00\",\"dateModified\":\"2026-02-26T08:10:24+00:00\",\"description\":\"Knyga \u201eSubito Beato. Jau palaimintasis\u201c \u2013 viena paskutini\u0173j\u0173 2012 m. i\u0161leist\u0173j\u0173 dr. kun. K. Ambraso knyg\u0173 SJ. Knygos anotacijoje ra\u0161oma: \u201eNuo 1990 met\u0173\",\"breadcrumb\":{\"@id\":\"https:\/\/skaitytaknyga.lt\/produktas\/subito-beato-jau-palaimintasis\/#breadcrumb\"},\"inLanguage\":\"en-GB\",\"potentialAction\":[{\"@type\":\"ReadAction\",\"target\":[\"https:\/\/skaitytaknyga.lt\/produktas\/subito-beato-jau-palaimintasis\/\"]}]},{\"@type\":\"ImageObject\",\"inLanguage\":\"en-GB\",\"@id\":\"https:\/\/skaitytaknyga.lt\/produktas\/subito-beato-jau-palaimintasis\/#primaryimage\",\"url\":\"https:\/\/skaitytaknyga.lt\/wp-content\/uploads\/2025\/11\/Subito-Beato.-Jau-palaimintasis-e1762262124685.webp\",\"contentUrl\":\"https:\/\/skaitytaknyga.lt\/wp-content\/uploads\/2025\/11\/Subito-Beato.-Jau-palaimintasis-e1762262124685.webp\",\"width\":282,\"height\":407,\"caption\":\"Subito Beato. Jau palaimintasis\"},{\"@type\":\"BreadcrumbList\",\"@id\":\"https:\/\/skaitytaknyga.lt\/produktas\/subito-beato-jau-palaimintasis\/#breadcrumb\",\"itemListElement\":[{\"@type\":\"ListItem\",\"position\":1,\"name\":\"Home\",\"item\":\"https:\/\/skaitytaknyga.lt\/\"},{\"@type\":\"ListItem\",\"position\":2,\"name\":\"Parduotuv\u0117\",\"item\":\"https:\/\/skaitytaknyga.lt\/knygu-parduotuve\/\"},{\"@type\":\"ListItem\",\"position\":3,\"name\":\"Subito Beato. Jau palaimintasis\"}]},{\"@type\":\"WebSite\",\"@id\":\"https:\/\/skaitytaknyga.lt\/#website\",\"url\":\"https:\/\/skaitytaknyga.lt\/\",\"name\":\"skaitytaknyga.lt\",\"description\":\"Skaitytaknyga.lt \u2013 tai ma\u017eas \u0161eimos verslas, kuris prasid\u0117jo nuo meil\u0117s knygoms ir siekio i\u0161gelb\u0117ti knygas nuo likimo prie konteinerio. Kas vienam nereikalingas daiktas \u2013 kitam lobis, o mes esame tarpininkai, kurie padeda abiems tapti laimingesniems ???? \u017dinome kaip nelengva i\u0161gyventi ma\u017eiems verslams, tad nuo \u0161iol, \u010dia rasite ir kit\u0173, ma\u017e\u0173 \u0161eim\u0173 versl\u0173, rank\u0173 darbo, dovan\u0173 sau ir artimiesiems.\",\"publisher\":{\"@id\":\"https:\/\/skaitytaknyga.lt\/#organization\"},\"potentialAction\":[{\"@type\":\"SearchAction\",\"target\":{\"@type\":\"EntryPoint\",\"urlTemplate\":\"https:\/\/skaitytaknyga.lt\/?s={search_term_string}\"},\"query-input\":{\"@type\":\"PropertyValueSpecification\",\"valueRequired\":true,\"valueName\":\"search_term_string\"}}],\"inLanguage\":\"en-GB\"},{\"@type\":\"Organization\",\"@id\":\"https:\/\/skaitytaknyga.lt\/#organization\",\"name\":\"skaitytaknyga.lt\",\"url\":\"https:\/\/skaitytaknyga.lt\/\",\"logo\":{\"@type\":\"ImageObject\",\"inLanguage\":\"en-GB\",\"@id\":\"https:\/\/skaitytaknyga.lt\/#\/schema\/logo\/image\/\",\"url\":\"https:\/\/skaitytaknyga.lt\/wp-content\/uploads\/2024\/05\/cropped-cropped-cropped-02_00843_jt3bggkj1j3HLc7SyY6rEUpg.jpeg\",\"contentUrl\":\"https:\/\/skaitytaknyga.lt\/wp-content\/uploads\/2024\/05\/cropped-cropped-cropped-02_00843_jt3bggkj1j3HLc7SyY6rEUpg.jpeg\",\"width\":1600,\"height\":1600,\"caption\":\"skaitytaknyga.lt\"},\"image\":{\"@id\":\"https:\/\/skaitytaknyga.lt\/#\/schema\/logo\/image\/\"},\"sameAs\":[\"https:\/\/www.facebook.com\/skaitytaknyga\/\"]}]}<\/script>\n<!-- \/ Yoast SEO plugin. -->","yoast_head_json":{"title":"Subito Beato. Jau palaimintasis","description":"Knyga \u201eSubito Beato. Jau palaimintasis\u201c \u2013 viena paskutini\u0173j\u0173 2012 m. i\u0161leist\u0173j\u0173 dr. kun. K. Ambraso knyg\u0173 SJ. Knygos anotacijoje ra\u0161oma: \u201eNuo 1990 met\u0173","robots":{"index":"index","follow":"follow","max-snippet":"max-snippet:-1","max-image-preview":"max-image-preview:large","max-video-preview":"max-video-preview:-1"},"canonical":"https:\/\/skaitytaknyga.lt\/en\/produktas\/subito-beato-jau-palaimintasis\/","og_locale":"en_GB","og_type":"article","og_title":"[:lt]Subito Beato. Jau palaimintasis[:] - Skaitytaknyga","og_description":"Knyga \u201eSubito Beato. Jau palaimintasis\u201c \u2013 viena paskutini\u0173j\u0173 2012 m. i\u0161leist\u0173j\u0173 dr. kun. K. Ambraso knyg\u0173 SJ. Knygos anotacijoje ra\u0161oma: \u201eNuo 1990 met\u0173","og_url":"https:\/\/skaitytaknyga.lt\/en\/produktas\/subito-beato-jau-palaimintasis\/","og_site_name":"Skaitytaknyga","article_publisher":"https:\/\/www.facebook.com\/skaitytaknyga\/","article_modified_time":"2026-02-26T08:10:24+00:00","og_image":[{"width":282,"height":407,"url":"https:\/\/skaitytaknyga.lt\/wp-content\/uploads\/2025\/11\/Subito-Beato.-Jau-palaimintasis-e1762262124685.webp","type":"image\/webp"}],"twitter_card":"summary_large_image","twitter_misc":{"Estimated reading time":"2 minutes"},"schema":{"@context":"https:\/\/schema.org","@graph":[{"@type":"WebPage","@id":"https:\/\/skaitytaknyga.lt\/produktas\/subito-beato-jau-palaimintasis\/","url":"https:\/\/skaitytaknyga.lt\/produktas\/subito-beato-jau-palaimintasis\/","name":"Subito Beato. Jau palaimintasis","isPartOf":{"@id":"https:\/\/skaitytaknyga.lt\/#website"},"primaryImageOfPage":{"@id":"https:\/\/skaitytaknyga.lt\/produktas\/subito-beato-jau-palaimintasis\/#primaryimage"},"image":{"@id":"https:\/\/skaitytaknyga.lt\/produktas\/subito-beato-jau-palaimintasis\/#primaryimage"},"thumbnailUrl":"https:\/\/skaitytaknyga.lt\/wp-content\/uploads\/2025\/11\/Subito-Beato.-Jau-palaimintasis-e1762262124685.webp","datePublished":"2025-11-04T12:26:37+00:00","dateModified":"2026-02-26T08:10:24+00:00","description":"Knyga \u201eSubito Beato. Jau palaimintasis\u201c \u2013 viena paskutini\u0173j\u0173 2012 m. i\u0161leist\u0173j\u0173 dr. kun. K. Ambraso knyg\u0173 SJ. Knygos anotacijoje ra\u0161oma: \u201eNuo 1990 met\u0173","breadcrumb":{"@id":"https:\/\/skaitytaknyga.lt\/produktas\/subito-beato-jau-palaimintasis\/#breadcrumb"},"inLanguage":"en-GB","potentialAction":[{"@type":"ReadAction","target":["https:\/\/skaitytaknyga.lt\/produktas\/subito-beato-jau-palaimintasis\/"]}]},{"@type":"ImageObject","inLanguage":"en-GB","@id":"https:\/\/skaitytaknyga.lt\/produktas\/subito-beato-jau-palaimintasis\/#primaryimage","url":"https:\/\/skaitytaknyga.lt\/wp-content\/uploads\/2025\/11\/Subito-Beato.-Jau-palaimintasis-e1762262124685.webp","contentUrl":"https:\/\/skaitytaknyga.lt\/wp-content\/uploads\/2025\/11\/Subito-Beato.-Jau-palaimintasis-e1762262124685.webp","width":282,"height":407,"caption":"Subito Beato. Jau palaimintasis"},{"@type":"BreadcrumbList","@id":"https:\/\/skaitytaknyga.lt\/produktas\/subito-beato-jau-palaimintasis\/#breadcrumb","itemListElement":[{"@type":"ListItem","position":1,"name":"Home","item":"https:\/\/skaitytaknyga.lt\/"},{"@type":"ListItem","position":2,"name":"Parduotuv\u0117","item":"https:\/\/skaitytaknyga.lt\/knygu-parduotuve\/"},{"@type":"ListItem","position":3,"name":"Subito Beato. Jau palaimintasis"}]},{"@type":"WebSite","@id":"https:\/\/skaitytaknyga.lt\/#website","url":"https:\/\/skaitytaknyga.lt\/","name":"skaitytaknyga.lt","description":"Skaitytaknyga.lt \u2013 tai ma\u017eas \u0161eimos verslas, kuris prasid\u0117jo nuo meil\u0117s knygoms ir siekio i\u0161gelb\u0117ti knygas nuo likimo prie konteinerio. Kas vienam nereikalingas daiktas \u2013 kitam lobis, o mes esame tarpininkai, kurie padeda abiems tapti laimingesniems ???? \u017dinome kaip nelengva i\u0161gyventi ma\u017eiems verslams, tad nuo \u0161iol, \u010dia rasite ir kit\u0173, ma\u017e\u0173 \u0161eim\u0173 versl\u0173, rank\u0173 darbo, dovan\u0173 sau ir artimiesiems.","publisher":{"@id":"https:\/\/skaitytaknyga.lt\/#organization"},"potentialAction":[{"@type":"SearchAction","target":{"@type":"EntryPoint","urlTemplate":"https:\/\/skaitytaknyga.lt\/?s={search_term_string}"},"query-input":{"@type":"PropertyValueSpecification","valueRequired":true,"valueName":"search_term_string"}}],"inLanguage":"en-GB"},{"@type":"Organization","@id":"https:\/\/skaitytaknyga.lt\/#organization","name":"skaitytaknyga.lt","url":"https:\/\/skaitytaknyga.lt\/","logo":{"@type":"ImageObject","inLanguage":"en-GB","@id":"https:\/\/skaitytaknyga.lt\/#\/schema\/logo\/image\/","url":"https:\/\/skaitytaknyga.lt\/wp-content\/uploads\/2024\/05\/cropped-cropped-cropped-02_00843_jt3bggkj1j3HLc7SyY6rEUpg.jpeg","contentUrl":"https:\/\/skaitytaknyga.lt\/wp-content\/uploads\/2024\/05\/cropped-cropped-cropped-02_00843_jt3bggkj1j3HLc7SyY6rEUpg.jpeg","width":1600,"height":1600,"caption":"skaitytaknyga.lt"},"image":{"@id":"https:\/\/skaitytaknyga.lt\/#\/schema\/logo\/image\/"},"sameAs":["https:\/\/www.facebook.com\/skaitytaknyga\/"]}]}},"_links":{"self":[{"href":"https:\/\/skaitytaknyga.lt\/en\/wp-json\/wp\/v2\/product\/21825","targetHints":{"allow":["GET"]}}],"collection":[{"href":"https:\/\/skaitytaknyga.lt\/en\/wp-json\/wp\/v2\/product"}],"about":[{"href":"https:\/\/skaitytaknyga.lt\/en\/wp-json\/wp\/v2\/types\/product"}],"replies":[{"embeddable":true,"href":"https:\/\/skaitytaknyga.lt\/en\/wp-json\/wp\/v2\/comments?post=21825"}],"wp:featuredmedia":[{"embeddable":true,"href":"https:\/\/skaitytaknyga.lt\/en\/wp-json\/wp\/v2\/media\/21831"}],"wp:attachment":[{"href":"https:\/\/skaitytaknyga.lt\/en\/wp-json\/wp\/v2\/media?parent=21825"}],"wp:term":[{"taxonomy":"product_brand","embeddable":true,"href":"https:\/\/skaitytaknyga.lt\/en\/wp-json\/wp\/v2\/product_brand?post=21825"},{"taxonomy":"product_cat","embeddable":true,"href":"https:\/\/skaitytaknyga.lt\/en\/wp-json\/wp\/v2\/product_cat?post=21825"},{"taxonomy":"product_tag","embeddable":true,"href":"https:\/\/skaitytaknyga.lt\/en\/wp-json\/wp\/v2\/product_tag?post=21825"}],"curies":[{"name":"wp","href":"https:\/\/api.w.org\/{rel}","templated":true}]}}