{"id":21824,"date":"2025-11-04T14:26:36","date_gmt":"2025-11-04T12:26:36","guid":{"rendered":"https:\/\/skaitytaknyga.lt\/?post_type=product&#038;p=21824"},"modified":"2026-02-26T10:10:24","modified_gmt":"2026-02-26T08:10:24","slug":"kataliku-dvasininkijos-rengimas-seinu-kunigu-seminarijoje-xix-a-xx-a-pradzia","status":"publish","type":"product","link":"https:\/\/skaitytaknyga.lt\/en\/produktas\/kataliku-dvasininkijos-rengimas-seinu-kunigu-seminarijoje-xix-a-xx-a-pradzia\/","title":{"rendered":"Katalik\u0173 dvasininkijos rengimas Sein\u0173 kunig\u0173 seminarijoje XIX a. \u2013 XX a. prad\u017eia)"},"content":{"rendered":"<p>Knygoje ra\u0161oma apie Sein\u0173 kunig\u0173 seminarijoje buvusi\u0105 katalik\u0173 dvasinink\u0173 edukacijos sistem\u0105 \u2013 nuo mokslo vyskupijos kunig\u0173 seminarijoje iki auk\u0161t\u0173j\u0173 studij\u0173 Vakar\u0173 Europos kataliki\u0161kuose universitetuose. Aptariama seminarijos \u012fsteigimo motyvai, civilin\u0117s vald\u017eios politika, seminarijos vadovyb\u0117 ir pedagoginis personalas, seminarijos mokymo programa. Analizuojami duomenys apie klierik\u0173 socialin\u0119 ir geografin\u0119 kilm\u0119, i\u0161silavinim\u0105 prie\u0161 \u012fstojant \u012f seminarij\u0105, tautin\u0119 sud\u0117t\u012f, kunigyst\u0117s \u0161ventimus ir \u0161alinim\u0105 i\u0161 seminarijos. Kalbama apie Sein\u0173 kunig\u0173 seminarijos aukl\u0117tini\u0173 auk\u0161t\u0105sias studijas Var\u0161uvoje, Sankt Peterburge ir ypa\u010d Vakar\u0173 Europoje..<\/p>\n","protected":false},"excerpt":{"rendered":"<p>Knygoje ra\u0161oma apie Sein\u0173 kunig\u0173 seminarijoje buvusi\u0105 katalik\u0173 dvasinink\u0173 edukacijos sistem\u0105 \u2013 nuo mokslo vyskupijos kunig\u0173 seminarijoje iki auk\u0161t\u0173j\u0173 studij\u0173 Vakar\u0173 Europos kataliki\u0161kuose universitetuose. Aptariama seminarijos \u012fsteigimo motyvai, civilin\u0117s vald\u017eios politika, seminarijos vadovyb\u0117 ir pedagoginis personalas, seminarijos mokymo programa. Analizuojami duomenys apie klierik\u0173 socialin\u0119 ir geografin\u0119 kilm\u0119, i\u0161silavinim\u0105 prie\u0161 \u012fstojant \u012f seminarij\u0105, tautin\u0119 sud\u0117t\u012f, kunigyst\u0117s \u0161ventimus ir \u0161alinim\u0105 i\u0161 seminarijos. Kalbama apie Sein\u0173 kunig\u0173 seminarijos aukl\u0117tini\u0173 auk\u0161t\u0105sias studijas Var\u0161uvoje, Sankt Peterburge ir ypa\u010d Vakar\u0173 Europoje..<\/p>\n","protected":false},"featured_media":21830,"comment_status":"open","ping_status":"closed","template":"","meta":{"_acf_changed":false,"site-sidebar-layout":"default","site-content-layout":"","ast-site-content-layout":"default","site-content-style":"default","site-sidebar-style":"default","ast-global-header-display":"","ast-banner-title-visibility":"","ast-main-header-display":"","ast-hfb-above-header-display":"","ast-hfb-below-header-display":"","ast-hfb-mobile-header-display":"","site-post-title":"","ast-breadcrumbs-content":"","ast-featured-img":"","footer-sml-layout":"","ast-disable-related-posts":"","theme-transparent-header-meta":"","adv-header-id-meta":"","stick-header-meta":"","header-above-stick-meta":"","header-main-stick-meta":"","header-below-stick-meta":"","astra-migrate-meta-layouts":"default","ast-page-background-enabled":"default","ast-page-background-meta":{"desktop":{"background-color":"","background-image":"","background-repeat":"repeat","background-position":"center center","background-size":"auto","background-attachment":"scroll","background-type":"","background-media":"","overlay-type":"","overlay-color":"","overlay-opacity":"","overlay-gradient":""},"tablet":{"background-color":"","background-image":"","background-repeat":"repeat","background-position":"center center","background-size":"auto","background-attachment":"scroll","background-type":"","background-media":"","overlay-type":"","overlay-color":"","overlay-opacity":"","overlay-gradient":""},"mobile":{"background-color":"","background-image":"","background-repeat":"repeat","background-position":"center center","background-size":"auto","background-attachment":"scroll","background-type":"","background-media":"","overlay-type":"","overlay-color":"","overlay-opacity":"","overlay-gradient":""}},"ast-content-background-meta":{"desktop":{"background-color":"var(--ast-global-color-4)","background-image":"","background-repeat":"repeat","background-position":"center center","background-size":"auto","background-attachment":"scroll","background-type":"","background-media":"","overlay-type":"","overlay-color":"","overlay-opacity":"","overlay-gradient":""},"tablet":{"background-color":"var(--ast-global-color-4)","background-image":"","background-repeat":"repeat","background-position":"center center","background-size":"auto","background-attachment":"scroll","background-type":"","background-media":"","overlay-type":"","overlay-color":"","overlay-opacity":"","overlay-gradient":""},"mobile":{"background-color":"var(--ast-global-color-4)","background-image":"","background-repeat":"repeat","background-position":"center center","background-size":"auto","background-attachment":"scroll","background-type":"","background-media":"","overlay-type":"","overlay-color":"","overlay-opacity":"","overlay-gradient":""}}},"product_brand":[],"product_cat":[165],"product_tag":[],"class_list":{"0":"post-21824","1":"product","2":"type-product","3":"status-publish","4":"has-post-thumbnail","6":"product_cat-religija-filosofija-ir-ezoterika","7":"desktop-align-left","8":"tablet-align-left","9":"mobile-align-left","11":"first","12":"instock","13":"shipping-taxable","14":"purchasable","15":"product-type-simple"},"acf":[],"yoast_head":"<!-- This site is optimized with the Yoast SEO plugin v27.0 - https:\/\/yoast.com\/product\/yoast-seo-wordpress\/ -->\n<title>Katalik\u0173 dvasininkijos rengimas Sein\u0173 kunig\u0173 seminarijoje XIX a. \u2013 XX a. prad\u017eia)<\/title>\n<meta name=\"description\" content=\"Knygoje ra\u0161oma apie Sein\u0173 kunig\u0173 seminarijoje buvusi\u0105 katalik\u0173 dvasinink\u0173 edukacijos sistem\u0105 \u2013 nuo mokslo vyskupijos kunig\u0173 seminarijoje iki auk\u0161t\u0173j\u0173\" \/>\n<meta name=\"robots\" content=\"index, follow, max-snippet:-1, max-image-preview:large, max-video-preview:-1\" \/>\n<link rel=\"canonical\" href=\"https:\/\/skaitytaknyga.lt\/en\/produktas\/kataliku-dvasininkijos-rengimas-seinu-kunigu-seminarijoje-xix-a-xx-a-pradzia\/\" \/>\n<meta property=\"og:locale\" content=\"en_GB\" \/>\n<meta property=\"og:locale:alternate\" content=\"lt_LT\" \/>\n<meta property=\"og:type\" content=\"article\" \/>\n<meta property=\"og:title\" content=\"Katalik\u0173 dvasininkijos rengimas Sein\u0173 kunig\u0173 seminarijoje XIX a. \u2013 XX a. prad\u017eia)\" \/>\n<meta property=\"og:description\" content=\"Knygoje ra\u0161oma apie Sein\u0173 kunig\u0173 seminarijoje buvusi\u0105 katalik\u0173 dvasinink\u0173 edukacijos sistem\u0105 \u2013 nuo mokslo vyskupijos kunig\u0173 seminarijoje iki auk\u0161t\u0173j\u0173\" \/>\n<meta property=\"og:url\" content=\"https:\/\/skaitytaknyga.lt\/en\/produktas\/kataliku-dvasininkijos-rengimas-seinu-kunigu-seminarijoje-xix-a-xx-a-pradzia\/\" \/>\n<meta property=\"og:site_name\" content=\"Skaitytaknyga\" \/>\n<meta property=\"article:publisher\" content=\"https:\/\/www.facebook.com\/skaitytaknyga\/\" \/>\n<meta property=\"article:modified_time\" content=\"2026-02-26T08:10:24+00:00\" \/>\n<meta property=\"og:image\" content=\"https:\/\/skaitytaknyga.lt\/wp-content\/uploads\/2025\/11\/Be-pavadinimo.webp\" \/>\n\t<meta property=\"og:image:width\" content=\"395\" \/>\n\t<meta property=\"og:image:height\" content=\"480\" \/>\n\t<meta property=\"og:image:type\" content=\"image\/webp\" \/>\n<meta name=\"twitter:card\" content=\"summary_large_image\" \/>\n<script type=\"application\/ld+json\" class=\"yoast-schema-graph\">{\"@context\":\"https:\/\/schema.org\",\"@graph\":[{\"@type\":\"WebPage\",\"@id\":\"https:\/\/skaitytaknyga.lt\/produktas\/kataliku-dvasininkijos-rengimas-seinu-kunigu-seminarijoje-xix-a-xx-a-pradzia\/\",\"url\":\"https:\/\/skaitytaknyga.lt\/produktas\/kataliku-dvasininkijos-rengimas-seinu-kunigu-seminarijoje-xix-a-xx-a-pradzia\/\",\"name\":\"Katalik\u0173 dvasininkijos rengimas Sein\u0173 kunig\u0173 seminarijoje XIX a. \u2013 XX a. prad\u017eia)\",\"isPartOf\":{\"@id\":\"https:\/\/skaitytaknyga.lt\/#website\"},\"primaryImageOfPage\":{\"@id\":\"https:\/\/skaitytaknyga.lt\/produktas\/kataliku-dvasininkijos-rengimas-seinu-kunigu-seminarijoje-xix-a-xx-a-pradzia\/#primaryimage\"},\"image\":{\"@id\":\"https:\/\/skaitytaknyga.lt\/produktas\/kataliku-dvasininkijos-rengimas-seinu-kunigu-seminarijoje-xix-a-xx-a-pradzia\/#primaryimage\"},\"thumbnailUrl\":\"https:\/\/skaitytaknyga.lt\/wp-content\/uploads\/2025\/11\/Be-pavadinimo.webp\",\"datePublished\":\"2025-11-04T12:26:36+00:00\",\"dateModified\":\"2026-02-26T08:10:24+00:00\",\"description\":\"Knygoje ra\u0161oma apie Sein\u0173 kunig\u0173 seminarijoje buvusi\u0105 katalik\u0173 dvasinink\u0173 edukacijos sistem\u0105 \u2013 nuo mokslo vyskupijos kunig\u0173 seminarijoje iki auk\u0161t\u0173j\u0173\",\"breadcrumb\":{\"@id\":\"https:\/\/skaitytaknyga.lt\/produktas\/kataliku-dvasininkijos-rengimas-seinu-kunigu-seminarijoje-xix-a-xx-a-pradzia\/#breadcrumb\"},\"inLanguage\":\"en-GB\",\"potentialAction\":[{\"@type\":\"ReadAction\",\"target\":[\"https:\/\/skaitytaknyga.lt\/produktas\/kataliku-dvasininkijos-rengimas-seinu-kunigu-seminarijoje-xix-a-xx-a-pradzia\/\"]}]},{\"@type\":\"ImageObject\",\"inLanguage\":\"en-GB\",\"@id\":\"https:\/\/skaitytaknyga.lt\/produktas\/kataliku-dvasininkijos-rengimas-seinu-kunigu-seminarijoje-xix-a-xx-a-pradzia\/#primaryimage\",\"url\":\"https:\/\/skaitytaknyga.lt\/wp-content\/uploads\/2025\/11\/Be-pavadinimo.webp\",\"contentUrl\":\"https:\/\/skaitytaknyga.lt\/wp-content\/uploads\/2025\/11\/Be-pavadinimo.webp\",\"width\":395,\"height\":480,\"caption\":\"Katalik\u0173 dvasininkijos rengimas Sein\u0173 kunig\u0173 seminarijoje XIX a. \u2013 XX a. prad\u017eia)\"},{\"@type\":\"BreadcrumbList\",\"@id\":\"https:\/\/skaitytaknyga.lt\/produktas\/kataliku-dvasininkijos-rengimas-seinu-kunigu-seminarijoje-xix-a-xx-a-pradzia\/#breadcrumb\",\"itemListElement\":[{\"@type\":\"ListItem\",\"position\":1,\"name\":\"Home\",\"item\":\"https:\/\/skaitytaknyga.lt\/\"},{\"@type\":\"ListItem\",\"position\":2,\"name\":\"Parduotuv\u0117\",\"item\":\"https:\/\/skaitytaknyga.lt\/knygu-parduotuve\/\"},{\"@type\":\"ListItem\",\"position\":3,\"name\":\"Katalik\u0173 dvasininkijos rengimas Sein\u0173 kunig\u0173 seminarijoje XIX a. \u2013 XX a. prad\u017eia)\"}]},{\"@type\":\"WebSite\",\"@id\":\"https:\/\/skaitytaknyga.lt\/#website\",\"url\":\"https:\/\/skaitytaknyga.lt\/\",\"name\":\"skaitytaknyga.lt\",\"description\":\"Skaitytaknyga.lt \u2013 tai ma\u017eas \u0161eimos verslas, kuris prasid\u0117jo nuo meil\u0117s knygoms ir siekio i\u0161gelb\u0117ti knygas nuo likimo prie konteinerio. Kas vienam nereikalingas daiktas \u2013 kitam lobis, o mes esame tarpininkai, kurie padeda abiems tapti laimingesniems ???? \u017dinome kaip nelengva i\u0161gyventi ma\u017eiems verslams, tad nuo \u0161iol, \u010dia rasite ir kit\u0173, ma\u017e\u0173 \u0161eim\u0173 versl\u0173, rank\u0173 darbo, dovan\u0173 sau ir artimiesiems.\",\"publisher\":{\"@id\":\"https:\/\/skaitytaknyga.lt\/#organization\"},\"potentialAction\":[{\"@type\":\"SearchAction\",\"target\":{\"@type\":\"EntryPoint\",\"urlTemplate\":\"https:\/\/skaitytaknyga.lt\/?s={search_term_string}\"},\"query-input\":{\"@type\":\"PropertyValueSpecification\",\"valueRequired\":true,\"valueName\":\"search_term_string\"}}],\"inLanguage\":\"en-GB\"},{\"@type\":\"Organization\",\"@id\":\"https:\/\/skaitytaknyga.lt\/#organization\",\"name\":\"skaitytaknyga.lt\",\"url\":\"https:\/\/skaitytaknyga.lt\/\",\"logo\":{\"@type\":\"ImageObject\",\"inLanguage\":\"en-GB\",\"@id\":\"https:\/\/skaitytaknyga.lt\/#\/schema\/logo\/image\/\",\"url\":\"https:\/\/skaitytaknyga.lt\/wp-content\/uploads\/2024\/05\/cropped-cropped-cropped-02_00843_jt3bggkj1j3HLc7SyY6rEUpg.jpeg\",\"contentUrl\":\"https:\/\/skaitytaknyga.lt\/wp-content\/uploads\/2024\/05\/cropped-cropped-cropped-02_00843_jt3bggkj1j3HLc7SyY6rEUpg.jpeg\",\"width\":1600,\"height\":1600,\"caption\":\"skaitytaknyga.lt\"},\"image\":{\"@id\":\"https:\/\/skaitytaknyga.lt\/#\/schema\/logo\/image\/\"},\"sameAs\":[\"https:\/\/www.facebook.com\/skaitytaknyga\/\"]}]}<\/script>\n<!-- \/ Yoast SEO plugin. -->","yoast_head_json":{"title":"Katalik\u0173 dvasininkijos rengimas Sein\u0173 kunig\u0173 seminarijoje XIX a. \u2013 XX a. prad\u017eia)","description":"Knygoje ra\u0161oma apie Sein\u0173 kunig\u0173 seminarijoje buvusi\u0105 katalik\u0173 dvasinink\u0173 edukacijos sistem\u0105 \u2013 nuo mokslo vyskupijos kunig\u0173 seminarijoje iki auk\u0161t\u0173j\u0173","robots":{"index":"index","follow":"follow","max-snippet":"max-snippet:-1","max-image-preview":"max-image-preview:large","max-video-preview":"max-video-preview:-1"},"canonical":"https:\/\/skaitytaknyga.lt\/en\/produktas\/kataliku-dvasininkijos-rengimas-seinu-kunigu-seminarijoje-xix-a-xx-a-pradzia\/","og_locale":"en_GB","og_type":"article","og_title":"[:lt]Katalik\u0173 dvasininkijos rengimas Sein\u0173 kunig\u0173 seminarijoje XIX a. \u2013 XX a. prad\u017eia)[:] - Skaitytaknyga","og_description":"Knygoje ra\u0161oma apie Sein\u0173 kunig\u0173 seminarijoje buvusi\u0105 katalik\u0173 dvasinink\u0173 edukacijos sistem\u0105 \u2013 nuo mokslo vyskupijos kunig\u0173 seminarijoje iki auk\u0161t\u0173j\u0173","og_url":"https:\/\/skaitytaknyga.lt\/en\/produktas\/kataliku-dvasininkijos-rengimas-seinu-kunigu-seminarijoje-xix-a-xx-a-pradzia\/","og_site_name":"Skaitytaknyga","article_publisher":"https:\/\/www.facebook.com\/skaitytaknyga\/","article_modified_time":"2026-02-26T08:10:24+00:00","og_image":[{"width":395,"height":480,"url":"https:\/\/skaitytaknyga.lt\/wp-content\/uploads\/2025\/11\/Be-pavadinimo.webp","type":"image\/webp"}],"twitter_card":"summary_large_image","schema":{"@context":"https:\/\/schema.org","@graph":[{"@type":"WebPage","@id":"https:\/\/skaitytaknyga.lt\/produktas\/kataliku-dvasininkijos-rengimas-seinu-kunigu-seminarijoje-xix-a-xx-a-pradzia\/","url":"https:\/\/skaitytaknyga.lt\/produktas\/kataliku-dvasininkijos-rengimas-seinu-kunigu-seminarijoje-xix-a-xx-a-pradzia\/","name":"Katalik\u0173 dvasininkijos rengimas Sein\u0173 kunig\u0173 seminarijoje XIX a. \u2013 XX a. prad\u017eia)","isPartOf":{"@id":"https:\/\/skaitytaknyga.lt\/#website"},"primaryImageOfPage":{"@id":"https:\/\/skaitytaknyga.lt\/produktas\/kataliku-dvasininkijos-rengimas-seinu-kunigu-seminarijoje-xix-a-xx-a-pradzia\/#primaryimage"},"image":{"@id":"https:\/\/skaitytaknyga.lt\/produktas\/kataliku-dvasininkijos-rengimas-seinu-kunigu-seminarijoje-xix-a-xx-a-pradzia\/#primaryimage"},"thumbnailUrl":"https:\/\/skaitytaknyga.lt\/wp-content\/uploads\/2025\/11\/Be-pavadinimo.webp","datePublished":"2025-11-04T12:26:36+00:00","dateModified":"2026-02-26T08:10:24+00:00","description":"Knygoje ra\u0161oma apie Sein\u0173 kunig\u0173 seminarijoje buvusi\u0105 katalik\u0173 dvasinink\u0173 edukacijos sistem\u0105 \u2013 nuo mokslo vyskupijos kunig\u0173 seminarijoje iki auk\u0161t\u0173j\u0173","breadcrumb":{"@id":"https:\/\/skaitytaknyga.lt\/produktas\/kataliku-dvasininkijos-rengimas-seinu-kunigu-seminarijoje-xix-a-xx-a-pradzia\/#breadcrumb"},"inLanguage":"en-GB","potentialAction":[{"@type":"ReadAction","target":["https:\/\/skaitytaknyga.lt\/produktas\/kataliku-dvasininkijos-rengimas-seinu-kunigu-seminarijoje-xix-a-xx-a-pradzia\/"]}]},{"@type":"ImageObject","inLanguage":"en-GB","@id":"https:\/\/skaitytaknyga.lt\/produktas\/kataliku-dvasininkijos-rengimas-seinu-kunigu-seminarijoje-xix-a-xx-a-pradzia\/#primaryimage","url":"https:\/\/skaitytaknyga.lt\/wp-content\/uploads\/2025\/11\/Be-pavadinimo.webp","contentUrl":"https:\/\/skaitytaknyga.lt\/wp-content\/uploads\/2025\/11\/Be-pavadinimo.webp","width":395,"height":480,"caption":"Katalik\u0173 dvasininkijos rengimas Sein\u0173 kunig\u0173 seminarijoje XIX a. \u2013 XX a. prad\u017eia)"},{"@type":"BreadcrumbList","@id":"https:\/\/skaitytaknyga.lt\/produktas\/kataliku-dvasininkijos-rengimas-seinu-kunigu-seminarijoje-xix-a-xx-a-pradzia\/#breadcrumb","itemListElement":[{"@type":"ListItem","position":1,"name":"Home","item":"https:\/\/skaitytaknyga.lt\/"},{"@type":"ListItem","position":2,"name":"Parduotuv\u0117","item":"https:\/\/skaitytaknyga.lt\/knygu-parduotuve\/"},{"@type":"ListItem","position":3,"name":"Katalik\u0173 dvasininkijos rengimas Sein\u0173 kunig\u0173 seminarijoje XIX a. \u2013 XX a. prad\u017eia)"}]},{"@type":"WebSite","@id":"https:\/\/skaitytaknyga.lt\/#website","url":"https:\/\/skaitytaknyga.lt\/","name":"skaitytaknyga.lt","description":"Skaitytaknyga.lt \u2013 tai ma\u017eas \u0161eimos verslas, kuris prasid\u0117jo nuo meil\u0117s knygoms ir siekio i\u0161gelb\u0117ti knygas nuo likimo prie konteinerio. Kas vienam nereikalingas daiktas \u2013 kitam lobis, o mes esame tarpininkai, kurie padeda abiems tapti laimingesniems ???? \u017dinome kaip nelengva i\u0161gyventi ma\u017eiems verslams, tad nuo \u0161iol, \u010dia rasite ir kit\u0173, ma\u017e\u0173 \u0161eim\u0173 versl\u0173, rank\u0173 darbo, dovan\u0173 sau ir artimiesiems.","publisher":{"@id":"https:\/\/skaitytaknyga.lt\/#organization"},"potentialAction":[{"@type":"SearchAction","target":{"@type":"EntryPoint","urlTemplate":"https:\/\/skaitytaknyga.lt\/?s={search_term_string}"},"query-input":{"@type":"PropertyValueSpecification","valueRequired":true,"valueName":"search_term_string"}}],"inLanguage":"en-GB"},{"@type":"Organization","@id":"https:\/\/skaitytaknyga.lt\/#organization","name":"skaitytaknyga.lt","url":"https:\/\/skaitytaknyga.lt\/","logo":{"@type":"ImageObject","inLanguage":"en-GB","@id":"https:\/\/skaitytaknyga.lt\/#\/schema\/logo\/image\/","url":"https:\/\/skaitytaknyga.lt\/wp-content\/uploads\/2024\/05\/cropped-cropped-cropped-02_00843_jt3bggkj1j3HLc7SyY6rEUpg.jpeg","contentUrl":"https:\/\/skaitytaknyga.lt\/wp-content\/uploads\/2024\/05\/cropped-cropped-cropped-02_00843_jt3bggkj1j3HLc7SyY6rEUpg.jpeg","width":1600,"height":1600,"caption":"skaitytaknyga.lt"},"image":{"@id":"https:\/\/skaitytaknyga.lt\/#\/schema\/logo\/image\/"},"sameAs":["https:\/\/www.facebook.com\/skaitytaknyga\/"]}]}},"_links":{"self":[{"href":"https:\/\/skaitytaknyga.lt\/en\/wp-json\/wp\/v2\/product\/21824","targetHints":{"allow":["GET"]}}],"collection":[{"href":"https:\/\/skaitytaknyga.lt\/en\/wp-json\/wp\/v2\/product"}],"about":[{"href":"https:\/\/skaitytaknyga.lt\/en\/wp-json\/wp\/v2\/types\/product"}],"replies":[{"embeddable":true,"href":"https:\/\/skaitytaknyga.lt\/en\/wp-json\/wp\/v2\/comments?post=21824"}],"wp:featuredmedia":[{"embeddable":true,"href":"https:\/\/skaitytaknyga.lt\/en\/wp-json\/wp\/v2\/media\/21830"}],"wp:attachment":[{"href":"https:\/\/skaitytaknyga.lt\/en\/wp-json\/wp\/v2\/media?parent=21824"}],"wp:term":[{"taxonomy":"product_brand","embeddable":true,"href":"https:\/\/skaitytaknyga.lt\/en\/wp-json\/wp\/v2\/product_brand?post=21824"},{"taxonomy":"product_cat","embeddable":true,"href":"https:\/\/skaitytaknyga.lt\/en\/wp-json\/wp\/v2\/product_cat?post=21824"},{"taxonomy":"product_tag","embeddable":true,"href":"https:\/\/skaitytaknyga.lt\/en\/wp-json\/wp\/v2\/product_tag?post=21824"}],"curies":[{"name":"wp","href":"https:\/\/api.w.org\/{rel}","templated":true}]}}