{"id":21823,"date":"2025-11-04T14:26:36","date_gmt":"2025-11-04T12:26:36","guid":{"rendered":"https:\/\/skaitytaknyga.lt\/?post_type=product&#038;p=21823"},"modified":"2025-11-13T19:34:14","modified_gmt":"2025-11-13T17:34:14","slug":"ideali-organizmo-bukle","status":"publish","type":"product","link":"https:\/\/skaitytaknyga.lt\/en\/produktas\/ideali-organizmo-bukle\/","title":{"rendered":"Ideali organizmo b\u016bkl\u0117"},"content":{"rendered":"<p>\u201eIr kod\u0117l man taip pu\u010dia pilv\u0105?\u201c Tai klausimas, kur\u012f versdamasi gastroenterologijos praktika gird\u017eiu beveik kasdien. Daugyb\u0119 \u017emoni\u0173 kamuoja kasdieniai, nenumaldomi ir gyvenimo kokyb\u0119 gadinantys simptomai, bet net ir tuomet, kai sutrikimai n\u0117ra tokie sunk\u016bs, jie vis tiek vargina.<\/p>\n<p>Pilvo p\u016btimo prie\u017eas\u010di\u0173 daugyb\u0117, nuo da\u017en\u0173 gerybini\u0173 b\u016bkli\u0173 iki ret\u0173 ir gyvybei pavojing\u0173 lig\u0173. Kai kurios prie\u017eastys gali b\u016bti susijusios su tokiais J\u016bs\u0173 \u012fpro\u010diais, apie kuriuos galb\u016bt net nesusim\u0105stote. Tarkim, ar m\u0117gstate kalb\u0117ti, kai J\u016bs\u0173 burna pilna? Tuomet galite prisiryti tiek oro, kad teks pakeisti suknel\u0117s dyd\u012f! Apie kai kurias i\u0161 \u0161i\u0173 prie\u017eas\u010di\u0173 J\u016bs galb\u016bt gird\u0117jote, ta\u010diau Jums reik\u0117t\u0173 daugiau informacijos \u2013 ar tikrai verta nerimauti? Ar celiakija ir glitimo netoleravimas yra tas pats? Kai kas galb\u016bt Jus nustebins \u2013 jei i\u0161gersite antacid\u0173 skrand\u017eio r\u016bg\u0161tingumui suma\u017einti, galite nebeu\u017esisegti savo d\u017eins\u0173 u\u017etrauktuko!<\/p>\n<p>Perskait\u0119 \u0161i\u0105 knyg\u0105 su\u017einosite \u0161iuos ir daugyb\u0119 kit\u0173 dalyk\u0173, suprasite, ar J\u016bs\u0173 pilvo p\u016btimas susij\u0119s su rimtomis problemomis\u2026 o gal Jums tiesiog stipriai pu\u010dia pilv\u0105.<\/p>\n<p>Daugelis i\u0161 m\u016bs\u0173 susiduria su problema, kai u\u017elipus ant svarstykli\u0173 paai\u0161k\u0117ja \u2013 jos rodo keliais kilogramais daugiau nei prie\u0161 por\u0105 dien\u0173. Arba vargais negalais spraud\u017eiam\u0117s \u012f d\u017einsus, nors prie\u0161 savait\u0119 jie puikiai tiko. Kokios prie\u017eastys lemia tokius nemalonius poky\u010dius? Kod\u0117l taip pu\u010dia pilv\u0105?<\/p>\n<p>Atsakym\u0173 \u012f \u0161iuos klausimus da\u017eniausiai ie\u0161kome internete ir i\u0161sig\u0105stame, kad prie\u017eastis gali b\u016bti labai rimta, pavyzd\u017eiui, laktoz\u0117s netoleravimas arba alergija maistui. Ta\u010diau nevert\u0117t\u0173 be reikalo baimintis. Knyga \u201eIdeali organizmo b\u016bkl\u0117\u201c paprasta ir suprantama kalba paai\u0161kins, nuo ko pu\u010dia pilv\u0105, kod\u0117l \u0161is rei\u0161kinys b\u016bdingesnis moterims, ir pasi\u016blys efektyvius sprendimus, kaip pasijausti geriau, k\u0105 valgyti ir ko vengti, kad organizmas b\u016bt\u0173 sveikas.<\/p>\n<p>Knygoje taip pat aptarsime:<br \/>\n\u2022 Kas sudaro sveikos vir\u0161kinimo sistemos pagrind\u0105 ir kod\u0117l jis toks svarbus.<br \/>\n\u2022 Kokios da\u017eniausiai pasitaikan\u010dios nedarnaus \u017earnyno prie\u017eastys.<br \/>\n\u2022 Po\u017eymius, kurie pad\u0117s atpa\u017einti rimtas ligas, kai reikia gydytoj\u0173 pagalbos.<br \/>\n\u2022 10 dien\u0173 plan\u0105, kuris pad\u0117s i\u0161valyti sukaupt\u0105 baga\u017e\u0105 ir atkurti ideali\u0105 \u017earnyno b\u016bkl\u0119.<\/p>\n","protected":false},"excerpt":{"rendered":"<p>\u201eIr kod\u0117l man taip pu\u010dia pilv\u0105?\u201c Tai klausimas, kur\u012f versdamasi gastroenterologijos praktika gird\u017eiu beveik kasdien. Daugyb\u0119 \u017emoni\u0173 kamuoja kasdieniai, nenumaldomi ir gyvenimo kokyb\u0119 gadinantys simptomai, bet net ir tuomet, kai sutrikimai n\u0117ra tokie sunk\u016bs, jie vis tiek vargina. Pilvo p\u016btimo prie\u017eas\u010di\u0173 daugyb\u0117, nuo da\u017en\u0173 gerybini\u0173 b\u016bkli\u0173 iki ret\u0173 ir gyvybei pavojing\u0173 lig\u0173. Kai kurios prie\u017eastys gali b\u016bti susijusios su tokiais J\u016bs\u0173 \u012fpro\u010diais, apie kuriuos galb\u016bt net nesusim\u0105stote. Tarkim, ar m\u0117gstate kalb\u0117ti, kai J\u016bs\u0173 burna pilna? Tuomet galite prisiryti tiek oro, kad teks pakeisti suknel\u0117s dyd\u012f! Apie kai kurias i\u0161 \u0161i\u0173 prie\u017eas\u010di\u0173 J\u016bs galb\u016bt gird\u0117jote, ta\u010diau Jums reik\u0117t\u0173 daugiau informacijos \u2013 ar tikrai verta nerimauti? Ar celiakija ir glitimo netoleravimas yra tas pats? Kai kas galb\u016bt Jus nustebins \u2013 jei i\u0161gersite antacid\u0173 skrand\u017eio r\u016bg\u0161tingumui suma\u017einti, galite nebeu\u017esisegti savo d\u017eins\u0173 u\u017etrauktuko! Perskait\u0119 \u0161i\u0105 knyg\u0105 su\u017einosite \u0161iuos ir daugyb\u0119 kit\u0173 dalyk\u0173, suprasite, ar J\u016bs\u0173 pilvo p\u016btimas susij\u0119s su rimtomis problemomis\u2026 o gal Jums tiesiog stipriai pu\u010dia pilv\u0105. Daugelis i\u0161 m\u016bs\u0173 susiduria su problema, kai u\u017elipus ant svarstykli\u0173 paai\u0161k\u0117ja \u2013 jos rodo keliais kilogramais daugiau nei prie\u0161 por\u0105 dien\u0173. Arba vargais negalais spraud\u017eiam\u0117s \u012f d\u017einsus, nors prie\u0161 savait\u0119 jie puikiai tiko. Kokios prie\u017eastys lemia tokius nemalonius poky\u010dius? Kod\u0117l taip pu\u010dia pilv\u0105? Atsakym\u0173 \u012f \u0161iuos klausimus da\u017eniausiai ie\u0161kome internete ir i\u0161sig\u0105stame, kad prie\u017eastis gali b\u016bti labai rimta, pavyzd\u017eiui, laktoz\u0117s netoleravimas arba alergija maistui. Ta\u010diau nevert\u0117t\u0173 be reikalo baimintis. Knyga \u201eIdeali organizmo b\u016bkl\u0117\u201c paprasta ir suprantama kalba paai\u0161kins, nuo ko pu\u010dia pilv\u0105, kod\u0117l \u0161is rei\u0161kinys b\u016bdingesnis moterims, ir pasi\u016blys efektyvius sprendimus, kaip pasijausti geriau, k\u0105 valgyti ir ko vengti, kad organizmas b\u016bt\u0173 sveikas. Knygoje taip pat aptarsime: \u2022 Kas sudaro sveikos vir\u0161kinimo sistemos pagrind\u0105 ir kod\u0117l jis toks svarbus. \u2022 Kokios da\u017eniausiai pasitaikan\u010dios nedarnaus \u017earnyno prie\u017eastys. \u2022 Po\u017eymius, kurie pad\u0117s atpa\u017einti rimtas ligas, kai reikia gydytoj\u0173 pagalbos. \u2022 10 dien\u0173 plan\u0105, kuris pad\u0117s i\u0161valyti sukaupt\u0105 baga\u017e\u0105 ir atkurti ideali\u0105 \u017earnyno b\u016bkl\u0119.<\/p>\n","protected":false},"featured_media":21828,"comment_status":"open","ping_status":"closed","template":"","meta":{"_acf_changed":false,"site-sidebar-layout":"default","site-content-layout":"","ast-site-content-layout":"default","site-content-style":"default","site-sidebar-style":"default","ast-global-header-display":"","ast-banner-title-visibility":"","ast-main-header-display":"","ast-hfb-above-header-display":"","ast-hfb-below-header-display":"","ast-hfb-mobile-header-display":"","site-post-title":"","ast-breadcrumbs-content":"","ast-featured-img":"","footer-sml-layout":"","ast-disable-related-posts":"","theme-transparent-header-meta":"","adv-header-id-meta":"","stick-header-meta":"","header-above-stick-meta":"","header-main-stick-meta":"","header-below-stick-meta":"","astra-migrate-meta-layouts":"default","ast-page-background-enabled":"default","ast-page-background-meta":{"desktop":{"background-color":"","background-image":"","background-repeat":"repeat","background-position":"center center","background-size":"auto","background-attachment":"scroll","background-type":"","background-media":"","overlay-type":"","overlay-color":"","overlay-opacity":"","overlay-gradient":""},"tablet":{"background-color":"","background-image":"","background-repeat":"repeat","background-position":"center center","background-size":"auto","background-attachment":"scroll","background-type":"","background-media":"","overlay-type":"","overlay-color":"","overlay-opacity":"","overlay-gradient":""},"mobile":{"background-color":"","background-image":"","background-repeat":"repeat","background-position":"center center","background-size":"auto","background-attachment":"scroll","background-type":"","background-media":"","overlay-type":"","overlay-color":"","overlay-opacity":"","overlay-gradient":""}},"ast-content-background-meta":{"desktop":{"background-color":"var(--ast-global-color-4)","background-image":"","background-repeat":"repeat","background-position":"center center","background-size":"auto","background-attachment":"scroll","background-type":"","background-media":"","overlay-type":"","overlay-color":"","overlay-opacity":"","overlay-gradient":""},"tablet":{"background-color":"var(--ast-global-color-4)","background-image":"","background-repeat":"repeat","background-position":"center center","background-size":"auto","background-attachment":"scroll","background-type":"","background-media":"","overlay-type":"","overlay-color":"","overlay-opacity":"","overlay-gradient":""},"mobile":{"background-color":"var(--ast-global-color-4)","background-image":"","background-repeat":"repeat","background-position":"center center","background-size":"auto","background-attachment":"scroll","background-type":"","background-media":"","overlay-type":"","overlay-color":"","overlay-opacity":"","overlay-gradient":""}}},"product_brand":[],"product_cat":[55],"product_tag":[],"class_list":{"0":"post-21823","1":"product","2":"type-product","3":"status-publish","4":"has-post-thumbnail","6":"product_cat-sveikata-ir-sveika-mityba","7":"desktop-align-left","8":"tablet-align-left","9":"mobile-align-left","11":"first","12":"instock","13":"shipping-taxable","14":"purchasable","15":"product-type-simple"},"acf":[],"yoast_head":"<!-- This site is optimized with the Yoast SEO plugin v27.0 - https:\/\/yoast.com\/product\/yoast-seo-wordpress\/ -->\n<title>Ideali organizmo b\u016bkl\u0117<\/title>\n<meta name=\"description\" content=\"\u201eIr kod\u0117l man taip pu\u010dia pilv\u0105?\u201c Tai klausimas, kur\u012f versdamasi gastroenterologijos praktika gird\u017eiu beveik kasdien. Daugyb\u0119 \u017emoni\u0173 kamuoja kasdieniai,\" \/>\n<meta name=\"robots\" content=\"index, follow, max-snippet:-1, max-image-preview:large, max-video-preview:-1\" \/>\n<link rel=\"canonical\" href=\"https:\/\/skaitytaknyga.lt\/en\/produktas\/ideali-organizmo-bukle\/\" \/>\n<meta property=\"og:locale\" content=\"en_GB\" \/>\n<meta property=\"og:locale:alternate\" content=\"lt_LT\" \/>\n<meta property=\"og:type\" content=\"article\" \/>\n<meta property=\"og:title\" content=\"Ideali organizmo b\u016bkl\u0117\" \/>\n<meta property=\"og:description\" content=\"\u201eIr kod\u0117l man taip pu\u010dia pilv\u0105?\u201c Tai klausimas, kur\u012f versdamasi gastroenterologijos praktika gird\u017eiu beveik kasdien. Daugyb\u0119 \u017emoni\u0173 kamuoja kasdieniai,\" \/>\n<meta property=\"og:url\" content=\"https:\/\/skaitytaknyga.lt\/en\/produktas\/ideali-organizmo-bukle\/\" \/>\n<meta property=\"og:site_name\" content=\"Skaitytaknyga\" \/>\n<meta property=\"article:publisher\" content=\"https:\/\/www.facebook.com\/skaitytaknyga\/\" \/>\n<meta property=\"article:modified_time\" content=\"2025-11-13T17:34:14+00:00\" \/>\n<meta property=\"og:image\" content=\"https:\/\/skaitytaknyga.lt\/wp-content\/uploads\/2025\/11\/Ideali-organizmo-bukle-1.webp\" \/>\n\t<meta property=\"og:image:width\" content=\"300\" \/>\n\t<meta property=\"og:image:height\" content=\"450\" \/>\n\t<meta property=\"og:image:type\" content=\"image\/webp\" \/>\n<meta name=\"twitter:card\" content=\"summary_large_image\" \/>\n<meta name=\"twitter:label1\" content=\"Estimated reading time\" \/>\n\t<meta name=\"twitter:data1\" content=\"2 minutes\" \/>\n<script type=\"application\/ld+json\" class=\"yoast-schema-graph\">{\"@context\":\"https:\/\/schema.org\",\"@graph\":[{\"@type\":\"WebPage\",\"@id\":\"https:\/\/skaitytaknyga.lt\/produktas\/ideali-organizmo-bukle\/\",\"url\":\"https:\/\/skaitytaknyga.lt\/produktas\/ideali-organizmo-bukle\/\",\"name\":\"Ideali organizmo b\u016bkl\u0117\",\"isPartOf\":{\"@id\":\"https:\/\/skaitytaknyga.lt\/#website\"},\"primaryImageOfPage\":{\"@id\":\"https:\/\/skaitytaknyga.lt\/produktas\/ideali-organizmo-bukle\/#primaryimage\"},\"image\":{\"@id\":\"https:\/\/skaitytaknyga.lt\/produktas\/ideali-organizmo-bukle\/#primaryimage\"},\"thumbnailUrl\":\"https:\/\/skaitytaknyga.lt\/wp-content\/uploads\/2025\/11\/Ideali-organizmo-bukle-1.webp\",\"datePublished\":\"2025-11-04T12:26:36+00:00\",\"dateModified\":\"2025-11-13T17:34:14+00:00\",\"description\":\"\u201eIr kod\u0117l man taip pu\u010dia pilv\u0105?\u201c Tai klausimas, kur\u012f versdamasi gastroenterologijos praktika gird\u017eiu beveik kasdien. Daugyb\u0119 \u017emoni\u0173 kamuoja kasdieniai,\",\"breadcrumb\":{\"@id\":\"https:\/\/skaitytaknyga.lt\/produktas\/ideali-organizmo-bukle\/#breadcrumb\"},\"inLanguage\":\"en-GB\",\"potentialAction\":[{\"@type\":\"ReadAction\",\"target\":[\"https:\/\/skaitytaknyga.lt\/produktas\/ideali-organizmo-bukle\/\"]}]},{\"@type\":\"ImageObject\",\"inLanguage\":\"en-GB\",\"@id\":\"https:\/\/skaitytaknyga.lt\/produktas\/ideali-organizmo-bukle\/#primaryimage\",\"url\":\"https:\/\/skaitytaknyga.lt\/wp-content\/uploads\/2025\/11\/Ideali-organizmo-bukle-1.webp\",\"contentUrl\":\"https:\/\/skaitytaknyga.lt\/wp-content\/uploads\/2025\/11\/Ideali-organizmo-bukle-1.webp\",\"width\":300,\"height\":450},{\"@type\":\"BreadcrumbList\",\"@id\":\"https:\/\/skaitytaknyga.lt\/produktas\/ideali-organizmo-bukle\/#breadcrumb\",\"itemListElement\":[{\"@type\":\"ListItem\",\"position\":1,\"name\":\"Home\",\"item\":\"https:\/\/skaitytaknyga.lt\/\"},{\"@type\":\"ListItem\",\"position\":2,\"name\":\"Parduotuv\u0117\",\"item\":\"https:\/\/skaitytaknyga.lt\/knygu-parduotuve\/\"},{\"@type\":\"ListItem\",\"position\":3,\"name\":\"Ideali organizmo b\u016bkl\u0117\"}]},{\"@type\":\"WebSite\",\"@id\":\"https:\/\/skaitytaknyga.lt\/#website\",\"url\":\"https:\/\/skaitytaknyga.lt\/\",\"name\":\"skaitytaknyga.lt\",\"description\":\"Skaitytaknyga.lt \u2013 tai ma\u017eas \u0161eimos verslas, kuris prasid\u0117jo nuo meil\u0117s knygoms ir siekio i\u0161gelb\u0117ti knygas nuo likimo prie konteinerio. Kas vienam nereikalingas daiktas \u2013 kitam lobis, o mes esame tarpininkai, kurie padeda abiems tapti laimingesniems ???? \u017dinome kaip nelengva i\u0161gyventi ma\u017eiems verslams, tad nuo \u0161iol, \u010dia rasite ir kit\u0173, ma\u017e\u0173 \u0161eim\u0173 versl\u0173, rank\u0173 darbo, dovan\u0173 sau ir artimiesiems.\",\"publisher\":{\"@id\":\"https:\/\/skaitytaknyga.lt\/#organization\"},\"potentialAction\":[{\"@type\":\"SearchAction\",\"target\":{\"@type\":\"EntryPoint\",\"urlTemplate\":\"https:\/\/skaitytaknyga.lt\/?s={search_term_string}\"},\"query-input\":{\"@type\":\"PropertyValueSpecification\",\"valueRequired\":true,\"valueName\":\"search_term_string\"}}],\"inLanguage\":\"en-GB\"},{\"@type\":\"Organization\",\"@id\":\"https:\/\/skaitytaknyga.lt\/#organization\",\"name\":\"skaitytaknyga.lt\",\"url\":\"https:\/\/skaitytaknyga.lt\/\",\"logo\":{\"@type\":\"ImageObject\",\"inLanguage\":\"en-GB\",\"@id\":\"https:\/\/skaitytaknyga.lt\/#\/schema\/logo\/image\/\",\"url\":\"https:\/\/skaitytaknyga.lt\/wp-content\/uploads\/2024\/05\/cropped-cropped-cropped-02_00843_jt3bggkj1j3HLc7SyY6rEUpg.jpeg\",\"contentUrl\":\"https:\/\/skaitytaknyga.lt\/wp-content\/uploads\/2024\/05\/cropped-cropped-cropped-02_00843_jt3bggkj1j3HLc7SyY6rEUpg.jpeg\",\"width\":1600,\"height\":1600,\"caption\":\"skaitytaknyga.lt\"},\"image\":{\"@id\":\"https:\/\/skaitytaknyga.lt\/#\/schema\/logo\/image\/\"},\"sameAs\":[\"https:\/\/www.facebook.com\/skaitytaknyga\/\"]}]}<\/script>\n<!-- \/ Yoast SEO plugin. -->","yoast_head_json":{"title":"Ideali organizmo b\u016bkl\u0117","description":"\u201eIr kod\u0117l man taip pu\u010dia pilv\u0105?\u201c Tai klausimas, kur\u012f versdamasi gastroenterologijos praktika gird\u017eiu beveik kasdien. Daugyb\u0119 \u017emoni\u0173 kamuoja kasdieniai,","robots":{"index":"index","follow":"follow","max-snippet":"max-snippet:-1","max-image-preview":"max-image-preview:large","max-video-preview":"max-video-preview:-1"},"canonical":"https:\/\/skaitytaknyga.lt\/en\/produktas\/ideali-organizmo-bukle\/","og_locale":"en_GB","og_type":"article","og_title":"[:lt]Ideali organizmo b\u016bkl\u0117[:] - Skaitytaknyga","og_description":"\u201eIr kod\u0117l man taip pu\u010dia pilv\u0105?\u201c Tai klausimas, kur\u012f versdamasi gastroenterologijos praktika gird\u017eiu beveik kasdien. Daugyb\u0119 \u017emoni\u0173 kamuoja kasdieniai,","og_url":"https:\/\/skaitytaknyga.lt\/en\/produktas\/ideali-organizmo-bukle\/","og_site_name":"Skaitytaknyga","article_publisher":"https:\/\/www.facebook.com\/skaitytaknyga\/","article_modified_time":"2025-11-13T17:34:14+00:00","og_image":[{"width":300,"height":450,"url":"https:\/\/skaitytaknyga.lt\/wp-content\/uploads\/2025\/11\/Ideali-organizmo-bukle-1.webp","type":"image\/webp"}],"twitter_card":"summary_large_image","twitter_misc":{"Estimated reading time":"2 minutes"},"schema":{"@context":"https:\/\/schema.org","@graph":[{"@type":"WebPage","@id":"https:\/\/skaitytaknyga.lt\/produktas\/ideali-organizmo-bukle\/","url":"https:\/\/skaitytaknyga.lt\/produktas\/ideali-organizmo-bukle\/","name":"Ideali organizmo b\u016bkl\u0117","isPartOf":{"@id":"https:\/\/skaitytaknyga.lt\/#website"},"primaryImageOfPage":{"@id":"https:\/\/skaitytaknyga.lt\/produktas\/ideali-organizmo-bukle\/#primaryimage"},"image":{"@id":"https:\/\/skaitytaknyga.lt\/produktas\/ideali-organizmo-bukle\/#primaryimage"},"thumbnailUrl":"https:\/\/skaitytaknyga.lt\/wp-content\/uploads\/2025\/11\/Ideali-organizmo-bukle-1.webp","datePublished":"2025-11-04T12:26:36+00:00","dateModified":"2025-11-13T17:34:14+00:00","description":"\u201eIr kod\u0117l man taip pu\u010dia pilv\u0105?\u201c Tai klausimas, kur\u012f versdamasi gastroenterologijos praktika gird\u017eiu beveik kasdien. Daugyb\u0119 \u017emoni\u0173 kamuoja kasdieniai,","breadcrumb":{"@id":"https:\/\/skaitytaknyga.lt\/produktas\/ideali-organizmo-bukle\/#breadcrumb"},"inLanguage":"en-GB","potentialAction":[{"@type":"ReadAction","target":["https:\/\/skaitytaknyga.lt\/produktas\/ideali-organizmo-bukle\/"]}]},{"@type":"ImageObject","inLanguage":"en-GB","@id":"https:\/\/skaitytaknyga.lt\/produktas\/ideali-organizmo-bukle\/#primaryimage","url":"https:\/\/skaitytaknyga.lt\/wp-content\/uploads\/2025\/11\/Ideali-organizmo-bukle-1.webp","contentUrl":"https:\/\/skaitytaknyga.lt\/wp-content\/uploads\/2025\/11\/Ideali-organizmo-bukle-1.webp","width":300,"height":450},{"@type":"BreadcrumbList","@id":"https:\/\/skaitytaknyga.lt\/produktas\/ideali-organizmo-bukle\/#breadcrumb","itemListElement":[{"@type":"ListItem","position":1,"name":"Home","item":"https:\/\/skaitytaknyga.lt\/"},{"@type":"ListItem","position":2,"name":"Parduotuv\u0117","item":"https:\/\/skaitytaknyga.lt\/knygu-parduotuve\/"},{"@type":"ListItem","position":3,"name":"Ideali organizmo b\u016bkl\u0117"}]},{"@type":"WebSite","@id":"https:\/\/skaitytaknyga.lt\/#website","url":"https:\/\/skaitytaknyga.lt\/","name":"skaitytaknyga.lt","description":"Skaitytaknyga.lt \u2013 tai ma\u017eas \u0161eimos verslas, kuris prasid\u0117jo nuo meil\u0117s knygoms ir siekio i\u0161gelb\u0117ti knygas nuo likimo prie konteinerio. Kas vienam nereikalingas daiktas \u2013 kitam lobis, o mes esame tarpininkai, kurie padeda abiems tapti laimingesniems ???? \u017dinome kaip nelengva i\u0161gyventi ma\u017eiems verslams, tad nuo \u0161iol, \u010dia rasite ir kit\u0173, ma\u017e\u0173 \u0161eim\u0173 versl\u0173, rank\u0173 darbo, dovan\u0173 sau ir artimiesiems.","publisher":{"@id":"https:\/\/skaitytaknyga.lt\/#organization"},"potentialAction":[{"@type":"SearchAction","target":{"@type":"EntryPoint","urlTemplate":"https:\/\/skaitytaknyga.lt\/?s={search_term_string}"},"query-input":{"@type":"PropertyValueSpecification","valueRequired":true,"valueName":"search_term_string"}}],"inLanguage":"en-GB"},{"@type":"Organization","@id":"https:\/\/skaitytaknyga.lt\/#organization","name":"skaitytaknyga.lt","url":"https:\/\/skaitytaknyga.lt\/","logo":{"@type":"ImageObject","inLanguage":"en-GB","@id":"https:\/\/skaitytaknyga.lt\/#\/schema\/logo\/image\/","url":"https:\/\/skaitytaknyga.lt\/wp-content\/uploads\/2024\/05\/cropped-cropped-cropped-02_00843_jt3bggkj1j3HLc7SyY6rEUpg.jpeg","contentUrl":"https:\/\/skaitytaknyga.lt\/wp-content\/uploads\/2024\/05\/cropped-cropped-cropped-02_00843_jt3bggkj1j3HLc7SyY6rEUpg.jpeg","width":1600,"height":1600,"caption":"skaitytaknyga.lt"},"image":{"@id":"https:\/\/skaitytaknyga.lt\/#\/schema\/logo\/image\/"},"sameAs":["https:\/\/www.facebook.com\/skaitytaknyga\/"]}]}},"_links":{"self":[{"href":"https:\/\/skaitytaknyga.lt\/en\/wp-json\/wp\/v2\/product\/21823","targetHints":{"allow":["GET"]}}],"collection":[{"href":"https:\/\/skaitytaknyga.lt\/en\/wp-json\/wp\/v2\/product"}],"about":[{"href":"https:\/\/skaitytaknyga.lt\/en\/wp-json\/wp\/v2\/types\/product"}],"replies":[{"embeddable":true,"href":"https:\/\/skaitytaknyga.lt\/en\/wp-json\/wp\/v2\/comments?post=21823"}],"wp:featuredmedia":[{"embeddable":true,"href":"https:\/\/skaitytaknyga.lt\/en\/wp-json\/wp\/v2\/media\/21828"}],"wp:attachment":[{"href":"https:\/\/skaitytaknyga.lt\/en\/wp-json\/wp\/v2\/media?parent=21823"}],"wp:term":[{"taxonomy":"product_brand","embeddable":true,"href":"https:\/\/skaitytaknyga.lt\/en\/wp-json\/wp\/v2\/product_brand?post=21823"},{"taxonomy":"product_cat","embeddable":true,"href":"https:\/\/skaitytaknyga.lt\/en\/wp-json\/wp\/v2\/product_cat?post=21823"},{"taxonomy":"product_tag","embeddable":true,"href":"https:\/\/skaitytaknyga.lt\/en\/wp-json\/wp\/v2\/product_tag?post=21823"}],"curies":[{"name":"wp","href":"https:\/\/api.w.org\/{rel}","templated":true}]}}