{"id":21813,"date":"2025-11-04T13:53:21","date_gmt":"2025-11-04T11:53:21","guid":{"rendered":"https:\/\/skaitytaknyga.lt\/?post_type=product&#038;p=21813"},"modified":"2026-03-05T12:47:13","modified_gmt":"2026-03-05T10:47:13","slug":"ziedu-valdovas-dvi-tvirtoves-antra-dalis-2","status":"publish","type":"product","link":"https:\/\/skaitytaknyga.lt\/en\/produktas\/ziedu-valdovas-dvi-tvirtoves-antra-dalis-2\/","title":{"rendered":"\u017died\u0173 valdovas. Dvi tvirtov\u0117s. Antra dalis"},"content":{"rendered":"<p>\u201e\u017died\u0173 valdovas\u201c i\u0161verstas \u012f daugiau kaip 40 kalb\u0173, i\u0161pirkti milijoniniai knygos tira\u017eai, sukurtas filmas, o Johno Ronaldo Reuelo Tolkieno vardas am\u017einai \u012fra\u0161ytas \u012f pasaulin\u0117s literat\u016bros istorij\u0105.<\/p>\n<p>J. R. R. Tolkienas, Oksfordo universiteto profesorius, folkloristas, puikus viduram\u017ei\u0173 \u017einovas, sugalvojo savo pasaul\u012f \u2013 Vidur\u017eem\u012f, jo istorij\u0105, mitologij\u0105 ir geografij\u0105, hobitus, elfus, nyk\u0161tukus, goblinus ir j\u0173 kalbas.<\/p>\n<p>\u201e\u017died\u0173 valdove\u201c yra 350 veik\u0117j\u0173, 6000 met\u0173 istorijos, daugiau kaip 60 puiki\u0173 dain\u0173, balad\u017ei\u0173, \u201ei\u0161verst\u0173\u201c i\u0161 stebukling\u0173 Vidur\u017eemio taut\u0173 kalb\u0173.<\/p>\n<p>Kai visas pasaulis \u0117m\u0117 kraustytis i\u0161 proto d\u0117l elf\u0173 ir hobit\u0173, profesorius Tolkienas, u\u017euot k\u016br\u0119s romano t\u0119sinius, tik ramiai paps\u0117jo savo pypk\u0119 ir neskub\u0117damas tikslino Vidur\u017eemio istorij\u0105&#8230;<\/p>\n<p>Pasaulinio garso sulaukusios fantastin\u0117s trilogijos \u201e\u017died\u0173 Valdovas\u201c antroje dalyje \u201eDvi tvirtov\u0117s\u201c pasakojama apie tolesnius i\u0161irusios \u201e\u017diedo Brolijos\u201c nuotykius. Frodas su Semu patraukia \u012f Mordor\u0105 sunaikinti \u017diedo, tuo tarpu blogio valdovai Sarumanas ir Sauronas vienijasi. Dvi tvirtov\u0117s \u2013 tai dviej\u0173 galing\u0173 blogio valdov\u0173 s\u0105junga. Sarumanas turi nugal\u0117ti \u017emoni\u0173 \u2013 rohirim\u0173 \u2013 karalyst\u0119, o Sauronas \u2013 i\u0161naikinti gondorie\u010dius. Dr\u0105susis karys Aragornas stengiasi suvienyti rohirimus ir gondorie\u010dius, kad \u0161ie pasiprie\u0161int\u0173 blogio valdov\u0173 planams.<\/p>\n","protected":false},"excerpt":{"rendered":"<p>\u201e\u017died\u0173 valdovas\u201c i\u0161verstas \u012f daugiau kaip 40 kalb\u0173, i\u0161pirkti milijoniniai knygos tira\u017eai, sukurtas filmas, o Johno Ronaldo Reuelo Tolkieno vardas am\u017einai \u012fra\u0161ytas \u012f pasaulin\u0117s literat\u016bros istorij\u0105. J. R. R. Tolkienas, Oksfordo universiteto profesorius, folkloristas, puikus viduram\u017ei\u0173 \u017einovas, sugalvojo savo pasaul\u012f \u2013 Vidur\u017eem\u012f, jo istorij\u0105, mitologij\u0105 ir geografij\u0105, hobitus, elfus, nyk\u0161tukus, goblinus ir j\u0173 kalbas. \u201e\u017died\u0173 valdove\u201c yra 350 veik\u0117j\u0173, 6000 met\u0173 istorijos, daugiau kaip 60 puiki\u0173 dain\u0173, balad\u017ei\u0173, \u201ei\u0161verst\u0173\u201c i\u0161 stebukling\u0173 Vidur\u017eemio taut\u0173 kalb\u0173. Kai visas pasaulis \u0117m\u0117 kraustytis i\u0161 proto d\u0117l elf\u0173 ir hobit\u0173, profesorius Tolkienas, u\u017euot k\u016br\u0119s romano t\u0119sinius, tik ramiai paps\u0117jo savo pypk\u0119 ir neskub\u0117damas tikslino Vidur\u017eemio istorij\u0105&#8230; Pasaulinio garso sulaukusios fantastin\u0117s trilogijos \u201e\u017died\u0173 Valdovas\u201c antroje dalyje \u201eDvi tvirtov\u0117s\u201c pasakojama apie tolesnius i\u0161irusios \u201e\u017diedo Brolijos\u201c nuotykius. Frodas su Semu patraukia \u012f Mordor\u0105 sunaikinti \u017diedo, tuo tarpu blogio valdovai Sarumanas ir Sauronas vienijasi. Dvi tvirtov\u0117s \u2013 tai dviej\u0173 galing\u0173 blogio valdov\u0173 s\u0105junga. Sarumanas turi nugal\u0117ti \u017emoni\u0173 \u2013 rohirim\u0173 \u2013 karalyst\u0119, o Sauronas \u2013 i\u0161naikinti gondorie\u010dius. Dr\u0105susis karys Aragornas stengiasi suvienyti rohirimus ir gondorie\u010dius, kad \u0161ie pasiprie\u0161int\u0173 blogio valdov\u0173 planams.<\/p>\n","protected":false},"featured_media":21819,"comment_status":"open","ping_status":"closed","template":"","meta":{"_acf_changed":false,"site-sidebar-layout":"default","site-content-layout":"","ast-site-content-layout":"default","site-content-style":"default","site-sidebar-style":"default","ast-global-header-display":"","ast-banner-title-visibility":"","ast-main-header-display":"","ast-hfb-above-header-display":"","ast-hfb-below-header-display":"","ast-hfb-mobile-header-display":"","site-post-title":"","ast-breadcrumbs-content":"","ast-featured-img":"","footer-sml-layout":"","ast-disable-related-posts":"","theme-transparent-header-meta":"","adv-header-id-meta":"","stick-header-meta":"","header-above-stick-meta":"","header-main-stick-meta":"","header-below-stick-meta":"","astra-migrate-meta-layouts":"default","ast-page-background-enabled":"default","ast-page-background-meta":{"desktop":{"background-color":"","background-image":"","background-repeat":"repeat","background-position":"center center","background-size":"auto","background-attachment":"scroll","background-type":"","background-media":"","overlay-type":"","overlay-color":"","overlay-opacity":"","overlay-gradient":""},"tablet":{"background-color":"","background-image":"","background-repeat":"repeat","background-position":"center center","background-size":"auto","background-attachment":"scroll","background-type":"","background-media":"","overlay-type":"","overlay-color":"","overlay-opacity":"","overlay-gradient":""},"mobile":{"background-color":"","background-image":"","background-repeat":"repeat","background-position":"center center","background-size":"auto","background-attachment":"scroll","background-type":"","background-media":"","overlay-type":"","overlay-color":"","overlay-opacity":"","overlay-gradient":""}},"ast-content-background-meta":{"desktop":{"background-color":"var(--ast-global-color-4)","background-image":"","background-repeat":"repeat","background-position":"center center","background-size":"auto","background-attachment":"scroll","background-type":"","background-media":"","overlay-type":"","overlay-color":"","overlay-opacity":"","overlay-gradient":""},"tablet":{"background-color":"var(--ast-global-color-4)","background-image":"","background-repeat":"repeat","background-position":"center center","background-size":"auto","background-attachment":"scroll","background-type":"","background-media":"","overlay-type":"","overlay-color":"","overlay-opacity":"","overlay-gradient":""},"mobile":{"background-color":"var(--ast-global-color-4)","background-image":"","background-repeat":"repeat","background-position":"center center","background-size":"auto","background-attachment":"scroll","background-type":"","background-media":"","overlay-type":"","overlay-color":"","overlay-opacity":"","overlay-gradient":""}}},"product_brand":[],"product_cat":[9621],"product_tag":[],"class_list":{"0":"post-21813","1":"product","2":"type-product","3":"status-publish","4":"has-post-thumbnail","6":"product_cat-fantastika-fantastika","7":"desktop-align-left","8":"tablet-align-left","9":"mobile-align-left","11":"first","12":"instock","13":"shipping-taxable","14":"purchasable","15":"product-type-simple"},"acf":[],"yoast_head":"<!-- This site is optimized with the Yoast SEO plugin v27.0 - https:\/\/yoast.com\/product\/yoast-seo-wordpress\/ -->\n<title>\u017died\u0173 valdovas. Dvi tvirtov\u0117s. Antra dalis<\/title>\n<meta name=\"description\" content=\"\u201e\u017died\u0173 valdovas\u201c i\u0161verstas \u012f daugiau kaip 40 kalb\u0173, i\u0161pirkti milijoniniai knygos tira\u017eai, sukurtas filmas, o Johno Ronaldo Reuelo Tolkieno vardas am\u017einai\" \/>\n<meta name=\"robots\" content=\"index, follow, max-snippet:-1, max-image-preview:large, max-video-preview:-1\" \/>\n<link rel=\"canonical\" href=\"https:\/\/skaitytaknyga.lt\/en\/produktas\/ziedu-valdovas-dvi-tvirtoves-antra-dalis-2\/\" \/>\n<meta property=\"og:locale\" content=\"en_GB\" \/>\n<meta property=\"og:locale:alternate\" content=\"lt_LT\" \/>\n<meta property=\"og:type\" content=\"article\" \/>\n<meta property=\"og:title\" content=\"\u017died\u0173 valdovas. Dvi tvirtov\u0117s. Antra dalis\" \/>\n<meta property=\"og:description\" content=\"\u201e\u017died\u0173 valdovas\u201c i\u0161verstas \u012f daugiau kaip 40 kalb\u0173, i\u0161pirkti milijoniniai knygos tira\u017eai, sukurtas filmas, o Johno Ronaldo Reuelo Tolkieno vardas am\u017einai\" \/>\n<meta property=\"og:url\" content=\"https:\/\/skaitytaknyga.lt\/en\/produktas\/ziedu-valdovas-dvi-tvirtoves-antra-dalis-2\/\" \/>\n<meta property=\"og:site_name\" content=\"Skaitytaknyga\" \/>\n<meta property=\"article:publisher\" content=\"https:\/\/www.facebook.com\/skaitytaknyga\/\" \/>\n<meta property=\"article:modified_time\" content=\"2026-03-05T10:47:13+00:00\" \/>\n<meta property=\"og:image\" content=\"https:\/\/skaitytaknyga.lt\/wp-content\/uploads\/2025\/11\/Ziedu-valdovas.-Dvi-tvirtoves.-Antra-dalis-1.webp\" \/>\n\t<meta property=\"og:image:width\" content=\"300\" \/>\n\t<meta property=\"og:image:height\" content=\"504\" \/>\n\t<meta property=\"og:image:type\" content=\"image\/webp\" \/>\n<meta name=\"twitter:card\" content=\"summary_large_image\" \/>\n<meta name=\"twitter:label1\" content=\"Estimated reading time\" \/>\n\t<meta name=\"twitter:data1\" content=\"1 minute\" \/>\n<script type=\"application\/ld+json\" class=\"yoast-schema-graph\">{\"@context\":\"https:\/\/schema.org\",\"@graph\":[{\"@type\":\"WebPage\",\"@id\":\"https:\/\/skaitytaknyga.lt\/produktas\/ziedu-valdovas-dvi-tvirtoves-antra-dalis-2\/\",\"url\":\"https:\/\/skaitytaknyga.lt\/produktas\/ziedu-valdovas-dvi-tvirtoves-antra-dalis-2\/\",\"name\":\"\u017died\u0173 valdovas. Dvi tvirtov\u0117s. Antra dalis\",\"isPartOf\":{\"@id\":\"https:\/\/skaitytaknyga.lt\/#website\"},\"primaryImageOfPage\":{\"@id\":\"https:\/\/skaitytaknyga.lt\/produktas\/ziedu-valdovas-dvi-tvirtoves-antra-dalis-2\/#primaryimage\"},\"image\":{\"@id\":\"https:\/\/skaitytaknyga.lt\/produktas\/ziedu-valdovas-dvi-tvirtoves-antra-dalis-2\/#primaryimage\"},\"thumbnailUrl\":\"https:\/\/skaitytaknyga.lt\/wp-content\/uploads\/2025\/11\/Ziedu-valdovas.-Dvi-tvirtoves.-Antra-dalis-1.webp\",\"datePublished\":\"2025-11-04T11:53:21+00:00\",\"dateModified\":\"2026-03-05T10:47:13+00:00\",\"description\":\"\u201e\u017died\u0173 valdovas\u201c i\u0161verstas \u012f daugiau kaip 40 kalb\u0173, i\u0161pirkti milijoniniai knygos tira\u017eai, sukurtas filmas, o Johno Ronaldo Reuelo Tolkieno vardas am\u017einai\",\"breadcrumb\":{\"@id\":\"https:\/\/skaitytaknyga.lt\/produktas\/ziedu-valdovas-dvi-tvirtoves-antra-dalis-2\/#breadcrumb\"},\"inLanguage\":\"en-GB\",\"potentialAction\":[{\"@type\":\"ReadAction\",\"target\":[\"https:\/\/skaitytaknyga.lt\/produktas\/ziedu-valdovas-dvi-tvirtoves-antra-dalis-2\/\"]}]},{\"@type\":\"ImageObject\",\"inLanguage\":\"en-GB\",\"@id\":\"https:\/\/skaitytaknyga.lt\/produktas\/ziedu-valdovas-dvi-tvirtoves-antra-dalis-2\/#primaryimage\",\"url\":\"https:\/\/skaitytaknyga.lt\/wp-content\/uploads\/2025\/11\/Ziedu-valdovas.-Dvi-tvirtoves.-Antra-dalis-1.webp\",\"contentUrl\":\"https:\/\/skaitytaknyga.lt\/wp-content\/uploads\/2025\/11\/Ziedu-valdovas.-Dvi-tvirtoves.-Antra-dalis-1.webp\",\"width\":300,\"height\":504,\"caption\":\"\u017died\u0173 valdovas. Dvi tvirtov\u0117s. Antra dalis\"},{\"@type\":\"BreadcrumbList\",\"@id\":\"https:\/\/skaitytaknyga.lt\/produktas\/ziedu-valdovas-dvi-tvirtoves-antra-dalis-2\/#breadcrumb\",\"itemListElement\":[{\"@type\":\"ListItem\",\"position\":1,\"name\":\"Home\",\"item\":\"https:\/\/skaitytaknyga.lt\/\"},{\"@type\":\"ListItem\",\"position\":2,\"name\":\"Parduotuv\u0117\",\"item\":\"https:\/\/skaitytaknyga.lt\/knygu-parduotuve\/\"},{\"@type\":\"ListItem\",\"position\":3,\"name\":\"\u017died\u0173 valdovas. Dvi tvirtov\u0117s. Antra dalis\"}]},{\"@type\":\"WebSite\",\"@id\":\"https:\/\/skaitytaknyga.lt\/#website\",\"url\":\"https:\/\/skaitytaknyga.lt\/\",\"name\":\"skaitytaknyga.lt\",\"description\":\"Skaitytaknyga.lt \u2013 tai ma\u017eas \u0161eimos verslas, kuris prasid\u0117jo nuo meil\u0117s knygoms ir siekio i\u0161gelb\u0117ti knygas nuo likimo prie konteinerio. Kas vienam nereikalingas daiktas \u2013 kitam lobis, o mes esame tarpininkai, kurie padeda abiems tapti laimingesniems ???? \u017dinome kaip nelengva i\u0161gyventi ma\u017eiems verslams, tad nuo \u0161iol, \u010dia rasite ir kit\u0173, ma\u017e\u0173 \u0161eim\u0173 versl\u0173, rank\u0173 darbo, dovan\u0173 sau ir artimiesiems.\",\"publisher\":{\"@id\":\"https:\/\/skaitytaknyga.lt\/#organization\"},\"potentialAction\":[{\"@type\":\"SearchAction\",\"target\":{\"@type\":\"EntryPoint\",\"urlTemplate\":\"https:\/\/skaitytaknyga.lt\/?s={search_term_string}\"},\"query-input\":{\"@type\":\"PropertyValueSpecification\",\"valueRequired\":true,\"valueName\":\"search_term_string\"}}],\"inLanguage\":\"en-GB\"},{\"@type\":\"Organization\",\"@id\":\"https:\/\/skaitytaknyga.lt\/#organization\",\"name\":\"skaitytaknyga.lt\",\"url\":\"https:\/\/skaitytaknyga.lt\/\",\"logo\":{\"@type\":\"ImageObject\",\"inLanguage\":\"en-GB\",\"@id\":\"https:\/\/skaitytaknyga.lt\/#\/schema\/logo\/image\/\",\"url\":\"https:\/\/skaitytaknyga.lt\/wp-content\/uploads\/2024\/05\/cropped-cropped-cropped-02_00843_jt3bggkj1j3HLc7SyY6rEUpg.jpeg\",\"contentUrl\":\"https:\/\/skaitytaknyga.lt\/wp-content\/uploads\/2024\/05\/cropped-cropped-cropped-02_00843_jt3bggkj1j3HLc7SyY6rEUpg.jpeg\",\"width\":1600,\"height\":1600,\"caption\":\"skaitytaknyga.lt\"},\"image\":{\"@id\":\"https:\/\/skaitytaknyga.lt\/#\/schema\/logo\/image\/\"},\"sameAs\":[\"https:\/\/www.facebook.com\/skaitytaknyga\/\"]}]}<\/script>\n<!-- \/ Yoast SEO plugin. -->","yoast_head_json":{"title":"\u017died\u0173 valdovas. Dvi tvirtov\u0117s. Antra dalis","description":"\u201e\u017died\u0173 valdovas\u201c i\u0161verstas \u012f daugiau kaip 40 kalb\u0173, i\u0161pirkti milijoniniai knygos tira\u017eai, sukurtas filmas, o Johno Ronaldo Reuelo Tolkieno vardas am\u017einai","robots":{"index":"index","follow":"follow","max-snippet":"max-snippet:-1","max-image-preview":"max-image-preview:large","max-video-preview":"max-video-preview:-1"},"canonical":"https:\/\/skaitytaknyga.lt\/en\/produktas\/ziedu-valdovas-dvi-tvirtoves-antra-dalis-2\/","og_locale":"en_GB","og_type":"article","og_title":"[:lt]\u017died\u0173 valdovas. Dvi tvirtov\u0117s. Antra dalis[:] - Skaitytaknyga","og_description":"\u201e\u017died\u0173 valdovas\u201c i\u0161verstas \u012f daugiau kaip 40 kalb\u0173, i\u0161pirkti milijoniniai knygos tira\u017eai, sukurtas filmas, o Johno Ronaldo Reuelo Tolkieno vardas am\u017einai","og_url":"https:\/\/skaitytaknyga.lt\/en\/produktas\/ziedu-valdovas-dvi-tvirtoves-antra-dalis-2\/","og_site_name":"Skaitytaknyga","article_publisher":"https:\/\/www.facebook.com\/skaitytaknyga\/","article_modified_time":"2026-03-05T10:47:13+00:00","og_image":[{"width":300,"height":504,"url":"https:\/\/skaitytaknyga.lt\/wp-content\/uploads\/2025\/11\/Ziedu-valdovas.-Dvi-tvirtoves.-Antra-dalis-1.webp","type":"image\/webp"}],"twitter_card":"summary_large_image","twitter_misc":{"Estimated reading time":"1 minute"},"schema":{"@context":"https:\/\/schema.org","@graph":[{"@type":"WebPage","@id":"https:\/\/skaitytaknyga.lt\/produktas\/ziedu-valdovas-dvi-tvirtoves-antra-dalis-2\/","url":"https:\/\/skaitytaknyga.lt\/produktas\/ziedu-valdovas-dvi-tvirtoves-antra-dalis-2\/","name":"\u017died\u0173 valdovas. Dvi tvirtov\u0117s. Antra dalis","isPartOf":{"@id":"https:\/\/skaitytaknyga.lt\/#website"},"primaryImageOfPage":{"@id":"https:\/\/skaitytaknyga.lt\/produktas\/ziedu-valdovas-dvi-tvirtoves-antra-dalis-2\/#primaryimage"},"image":{"@id":"https:\/\/skaitytaknyga.lt\/produktas\/ziedu-valdovas-dvi-tvirtoves-antra-dalis-2\/#primaryimage"},"thumbnailUrl":"https:\/\/skaitytaknyga.lt\/wp-content\/uploads\/2025\/11\/Ziedu-valdovas.-Dvi-tvirtoves.-Antra-dalis-1.webp","datePublished":"2025-11-04T11:53:21+00:00","dateModified":"2026-03-05T10:47:13+00:00","description":"\u201e\u017died\u0173 valdovas\u201c i\u0161verstas \u012f daugiau kaip 40 kalb\u0173, i\u0161pirkti milijoniniai knygos tira\u017eai, sukurtas filmas, o Johno Ronaldo Reuelo Tolkieno vardas am\u017einai","breadcrumb":{"@id":"https:\/\/skaitytaknyga.lt\/produktas\/ziedu-valdovas-dvi-tvirtoves-antra-dalis-2\/#breadcrumb"},"inLanguage":"en-GB","potentialAction":[{"@type":"ReadAction","target":["https:\/\/skaitytaknyga.lt\/produktas\/ziedu-valdovas-dvi-tvirtoves-antra-dalis-2\/"]}]},{"@type":"ImageObject","inLanguage":"en-GB","@id":"https:\/\/skaitytaknyga.lt\/produktas\/ziedu-valdovas-dvi-tvirtoves-antra-dalis-2\/#primaryimage","url":"https:\/\/skaitytaknyga.lt\/wp-content\/uploads\/2025\/11\/Ziedu-valdovas.-Dvi-tvirtoves.-Antra-dalis-1.webp","contentUrl":"https:\/\/skaitytaknyga.lt\/wp-content\/uploads\/2025\/11\/Ziedu-valdovas.-Dvi-tvirtoves.-Antra-dalis-1.webp","width":300,"height":504,"caption":"\u017died\u0173 valdovas. Dvi tvirtov\u0117s. Antra dalis"},{"@type":"BreadcrumbList","@id":"https:\/\/skaitytaknyga.lt\/produktas\/ziedu-valdovas-dvi-tvirtoves-antra-dalis-2\/#breadcrumb","itemListElement":[{"@type":"ListItem","position":1,"name":"Home","item":"https:\/\/skaitytaknyga.lt\/"},{"@type":"ListItem","position":2,"name":"Parduotuv\u0117","item":"https:\/\/skaitytaknyga.lt\/knygu-parduotuve\/"},{"@type":"ListItem","position":3,"name":"\u017died\u0173 valdovas. Dvi tvirtov\u0117s. Antra dalis"}]},{"@type":"WebSite","@id":"https:\/\/skaitytaknyga.lt\/#website","url":"https:\/\/skaitytaknyga.lt\/","name":"skaitytaknyga.lt","description":"Skaitytaknyga.lt \u2013 tai ma\u017eas \u0161eimos verslas, kuris prasid\u0117jo nuo meil\u0117s knygoms ir siekio i\u0161gelb\u0117ti knygas nuo likimo prie konteinerio. Kas vienam nereikalingas daiktas \u2013 kitam lobis, o mes esame tarpininkai, kurie padeda abiems tapti laimingesniems ???? \u017dinome kaip nelengva i\u0161gyventi ma\u017eiems verslams, tad nuo \u0161iol, \u010dia rasite ir kit\u0173, ma\u017e\u0173 \u0161eim\u0173 versl\u0173, rank\u0173 darbo, dovan\u0173 sau ir artimiesiems.","publisher":{"@id":"https:\/\/skaitytaknyga.lt\/#organization"},"potentialAction":[{"@type":"SearchAction","target":{"@type":"EntryPoint","urlTemplate":"https:\/\/skaitytaknyga.lt\/?s={search_term_string}"},"query-input":{"@type":"PropertyValueSpecification","valueRequired":true,"valueName":"search_term_string"}}],"inLanguage":"en-GB"},{"@type":"Organization","@id":"https:\/\/skaitytaknyga.lt\/#organization","name":"skaitytaknyga.lt","url":"https:\/\/skaitytaknyga.lt\/","logo":{"@type":"ImageObject","inLanguage":"en-GB","@id":"https:\/\/skaitytaknyga.lt\/#\/schema\/logo\/image\/","url":"https:\/\/skaitytaknyga.lt\/wp-content\/uploads\/2024\/05\/cropped-cropped-cropped-02_00843_jt3bggkj1j3HLc7SyY6rEUpg.jpeg","contentUrl":"https:\/\/skaitytaknyga.lt\/wp-content\/uploads\/2024\/05\/cropped-cropped-cropped-02_00843_jt3bggkj1j3HLc7SyY6rEUpg.jpeg","width":1600,"height":1600,"caption":"skaitytaknyga.lt"},"image":{"@id":"https:\/\/skaitytaknyga.lt\/#\/schema\/logo\/image\/"},"sameAs":["https:\/\/www.facebook.com\/skaitytaknyga\/"]}]}},"_links":{"self":[{"href":"https:\/\/skaitytaknyga.lt\/en\/wp-json\/wp\/v2\/product\/21813","targetHints":{"allow":["GET"]}}],"collection":[{"href":"https:\/\/skaitytaknyga.lt\/en\/wp-json\/wp\/v2\/product"}],"about":[{"href":"https:\/\/skaitytaknyga.lt\/en\/wp-json\/wp\/v2\/types\/product"}],"replies":[{"embeddable":true,"href":"https:\/\/skaitytaknyga.lt\/en\/wp-json\/wp\/v2\/comments?post=21813"}],"wp:featuredmedia":[{"embeddable":true,"href":"https:\/\/skaitytaknyga.lt\/en\/wp-json\/wp\/v2\/media\/21819"}],"wp:attachment":[{"href":"https:\/\/skaitytaknyga.lt\/en\/wp-json\/wp\/v2\/media?parent=21813"}],"wp:term":[{"taxonomy":"product_brand","embeddable":true,"href":"https:\/\/skaitytaknyga.lt\/en\/wp-json\/wp\/v2\/product_brand?post=21813"},{"taxonomy":"product_cat","embeddable":true,"href":"https:\/\/skaitytaknyga.lt\/en\/wp-json\/wp\/v2\/product_cat?post=21813"},{"taxonomy":"product_tag","embeddable":true,"href":"https:\/\/skaitytaknyga.lt\/en\/wp-json\/wp\/v2\/product_tag?post=21813"}],"curies":[{"name":"wp","href":"https:\/\/api.w.org\/{rel}","templated":true}]}}