{"id":21805,"date":"2025-11-04T10:57:43","date_gmt":"2025-11-04T08:57:43","guid":{"rendered":"https:\/\/skaitytaknyga.lt\/?post_type=product&#038;p=21805"},"modified":"2025-11-04T15:20:31","modified_gmt":"2025-11-04T13:20:31","slug":"nepazistamas-sutuoktinis","status":"publish","type":"product","link":"https:\/\/skaitytaknyga.lt\/en\/produktas\/nepazistamas-sutuoktinis\/","title":{"rendered":"Nepa\u017e\u012fstamas sutuoktinis"},"content":{"rendered":"<p>Tai atrod\u0117 vien patogus susitarimas.<\/p>\n<p>Vyr\u0173 d\u0117mesio nestokojanti gra\u017euol\u0117 na\u0161l\u0117 Izabel\u0117 Pelham nebetrok\u0161ta vedyb\u0173. O markizui D\u017eerardui Folkneriui reikalinga \u017emona. Ir Izabel\u0117, ir D\u017eerardas, skandalingai pagars\u0117j\u0119 savo meil\u0117s ry\u0161iais, turi asmenini\u0173 sumetim\u0173: abu puikiai suvokia, kad j\u0173dviej\u0173 vedybos b\u016bt\u0173 abipusi\u0161kai naudingas susitarimas. Deja, netrukus po \u0161ios \u201epatogios\u201c santuokos paslaptingas tragi\u0161kas \u012fvykis priver\u010dia D\u017eerard\u0105 i\u0161vykti i\u0161 Londono ir palikti \u017emon\u0105. Kai jis gr\u012f\u017eta po ketveri\u0173 met\u0173, tai jau nebe tas \u017eavingas palaid\u016bnas, u\u017e kurio i\u0161tek\u0117jo Izabel\u0117. Surimt\u0117jusio, ry\u017etingo, paslaptingo vyro nebetenkina santuoka, gr\u012fsta vien i\u0161skai\u010diavimu.<br \/>\nAr moteris, apsisprendusi nebeatverti \u0161irdies meilei, i\u0161laikys sau duot\u0105 pa\u017ead\u0105? Ar ji pasitiki D\u017eerardu tiek, kad visi\u0161kai atsiskleist\u0173 sutuoktiniui, kuris gr\u012f\u017eo kaip \u017eavus nepa\u017e\u012fstamasis?<\/p>\n","protected":false},"excerpt":{"rendered":"<p>Tai atrod\u0117 vien patogus susitarimas. Vyr\u0173 d\u0117mesio nestokojanti gra\u017euol\u0117 na\u0161l\u0117 Izabel\u0117 Pelham nebetrok\u0161ta vedyb\u0173. O markizui D\u017eerardui Folkneriui reikalinga \u017emona. Ir Izabel\u0117, ir D\u017eerardas, skandalingai pagars\u0117j\u0119 savo meil\u0117s ry\u0161iais, turi asmenini\u0173 sumetim\u0173: abu puikiai suvokia, kad j\u0173dviej\u0173 vedybos b\u016bt\u0173 abipusi\u0161kai naudingas susitarimas. Deja, netrukus po \u0161ios \u201epatogios\u201c santuokos paslaptingas tragi\u0161kas \u012fvykis priver\u010dia D\u017eerard\u0105 i\u0161vykti i\u0161 Londono ir palikti \u017emon\u0105. Kai jis gr\u012f\u017eta po ketveri\u0173 met\u0173, tai jau nebe tas \u017eavingas palaid\u016bnas, u\u017e kurio i\u0161tek\u0117jo Izabel\u0117. Surimt\u0117jusio, ry\u017etingo, paslaptingo vyro nebetenkina santuoka, gr\u012fsta vien i\u0161skai\u010diavimu. Ar moteris, apsisprendusi nebeatverti \u0161irdies meilei, i\u0161laikys sau duot\u0105 pa\u017ead\u0105? Ar ji pasitiki D\u017eerardu tiek, kad visi\u0161kai atsiskleist\u0173 sutuoktiniui, kuris gr\u012f\u017eo kaip \u017eavus nepa\u017e\u012fstamasis?<\/p>\n","protected":false},"featured_media":21810,"comment_status":"open","ping_status":"closed","template":"","meta":{"_acf_changed":false,"site-sidebar-layout":"default","site-content-layout":"","ast-site-content-layout":"default","site-content-style":"default","site-sidebar-style":"default","ast-global-header-display":"","ast-banner-title-visibility":"","ast-main-header-display":"","ast-hfb-above-header-display":"","ast-hfb-below-header-display":"","ast-hfb-mobile-header-display":"","site-post-title":"","ast-breadcrumbs-content":"","ast-featured-img":"","footer-sml-layout":"","ast-disable-related-posts":"","theme-transparent-header-meta":"","adv-header-id-meta":"","stick-header-meta":"","header-above-stick-meta":"","header-main-stick-meta":"","header-below-stick-meta":"","astra-migrate-meta-layouts":"default","ast-page-background-enabled":"default","ast-page-background-meta":{"desktop":{"background-color":"","background-image":"","background-repeat":"repeat","background-position":"center center","background-size":"auto","background-attachment":"scroll","background-type":"","background-media":"","overlay-type":"","overlay-color":"","overlay-opacity":"","overlay-gradient":""},"tablet":{"background-color":"","background-image":"","background-repeat":"repeat","background-position":"center center","background-size":"auto","background-attachment":"scroll","background-type":"","background-media":"","overlay-type":"","overlay-color":"","overlay-opacity":"","overlay-gradient":""},"mobile":{"background-color":"","background-image":"","background-repeat":"repeat","background-position":"center center","background-size":"auto","background-attachment":"scroll","background-type":"","background-media":"","overlay-type":"","overlay-color":"","overlay-opacity":"","overlay-gradient":""}},"ast-content-background-meta":{"desktop":{"background-color":"var(--ast-global-color-4)","background-image":"","background-repeat":"repeat","background-position":"center center","background-size":"auto","background-attachment":"scroll","background-type":"","background-media":"","overlay-type":"","overlay-color":"","overlay-opacity":"","overlay-gradient":""},"tablet":{"background-color":"var(--ast-global-color-4)","background-image":"","background-repeat":"repeat","background-position":"center center","background-size":"auto","background-attachment":"scroll","background-type":"","background-media":"","overlay-type":"","overlay-color":"","overlay-opacity":"","overlay-gradient":""},"mobile":{"background-color":"var(--ast-global-color-4)","background-image":"","background-repeat":"repeat","background-position":"center center","background-size":"auto","background-attachment":"scroll","background-type":"","background-media":"","overlay-type":"","overlay-color":"","overlay-opacity":"","overlay-gradient":""}}},"product_brand":[],"product_cat":[31],"product_tag":[],"class_list":{"0":"post-21805","1":"product","2":"type-product","3":"status-publish","4":"has-post-thumbnail","6":"product_cat-grozine-literatura","7":"desktop-align-left","8":"tablet-align-left","9":"mobile-align-left","11":"first","12":"instock","13":"shipping-taxable","14":"purchasable","15":"product-type-simple"},"acf":[],"yoast_head":"<!-- This site is optimized with the Yoast SEO plugin v27.0 - https:\/\/yoast.com\/product\/yoast-seo-wordpress\/ -->\n<title>Nepa\u017e\u012fstamas sutuoktinis<\/title>\n<meta name=\"description\" content=\"Tai atrod\u0117 vien patogus susitarimas. Vyr\u0173 d\u0117mesio nestokojanti gra\u017euol\u0117 na\u0161l\u0117 Izabel\u0117 Pelham nebetrok\u0161ta vedyb\u0173. O markizui D\u017eerardui Folkneriui\" \/>\n<meta name=\"robots\" content=\"index, follow, max-snippet:-1, max-image-preview:large, max-video-preview:-1\" \/>\n<link rel=\"canonical\" href=\"https:\/\/skaitytaknyga.lt\/en\/produktas\/nepazistamas-sutuoktinis\/\" \/>\n<meta property=\"og:locale\" content=\"en_GB\" \/>\n<meta property=\"og:locale:alternate\" content=\"lt_LT\" \/>\n<meta property=\"og:type\" content=\"article\" \/>\n<meta property=\"og:title\" content=\"Nepa\u017e\u012fstamas sutuoktinis\" \/>\n<meta property=\"og:description\" content=\"Tai atrod\u0117 vien patogus susitarimas. Vyr\u0173 d\u0117mesio nestokojanti gra\u017euol\u0117 na\u0161l\u0117 Izabel\u0117 Pelham nebetrok\u0161ta vedyb\u0173. O markizui D\u017eerardui Folkneriui\" \/>\n<meta property=\"og:url\" content=\"https:\/\/skaitytaknyga.lt\/en\/produktas\/nepazistamas-sutuoktinis\/\" \/>\n<meta property=\"og:site_name\" content=\"Skaitytaknyga\" \/>\n<meta property=\"article:publisher\" content=\"https:\/\/www.facebook.com\/skaitytaknyga\/\" \/>\n<meta property=\"article:modified_time\" content=\"2025-11-04T13:20:31+00:00\" \/>\n<meta property=\"og:image\" content=\"https:\/\/skaitytaknyga.lt\/wp-content\/uploads\/2025\/11\/Nepazistamas-sutuoktinis.webp\" \/>\n\t<meta property=\"og:image:width\" content=\"295\" \/>\n\t<meta property=\"og:image:height\" content=\"412\" \/>\n\t<meta property=\"og:image:type\" content=\"image\/webp\" \/>\n<meta name=\"twitter:card\" content=\"summary_large_image\" \/>\n<meta name=\"twitter:label1\" content=\"Estimated reading time\" \/>\n\t<meta name=\"twitter:data1\" content=\"1 minute\" \/>\n<script type=\"application\/ld+json\" class=\"yoast-schema-graph\">{\"@context\":\"https:\/\/schema.org\",\"@graph\":[{\"@type\":\"WebPage\",\"@id\":\"https:\/\/skaitytaknyga.lt\/produktas\/nepazistamas-sutuoktinis\/\",\"url\":\"https:\/\/skaitytaknyga.lt\/produktas\/nepazistamas-sutuoktinis\/\",\"name\":\"Nepa\u017e\u012fstamas sutuoktinis\",\"isPartOf\":{\"@id\":\"https:\/\/skaitytaknyga.lt\/#website\"},\"primaryImageOfPage\":{\"@id\":\"https:\/\/skaitytaknyga.lt\/produktas\/nepazistamas-sutuoktinis\/#primaryimage\"},\"image\":{\"@id\":\"https:\/\/skaitytaknyga.lt\/produktas\/nepazistamas-sutuoktinis\/#primaryimage\"},\"thumbnailUrl\":\"https:\/\/skaitytaknyga.lt\/wp-content\/uploads\/2025\/11\/Nepazistamas-sutuoktinis.webp\",\"datePublished\":\"2025-11-04T08:57:43+00:00\",\"dateModified\":\"2025-11-04T13:20:31+00:00\",\"description\":\"Tai atrod\u0117 vien patogus susitarimas. Vyr\u0173 d\u0117mesio nestokojanti gra\u017euol\u0117 na\u0161l\u0117 Izabel\u0117 Pelham nebetrok\u0161ta vedyb\u0173. O markizui D\u017eerardui Folkneriui\",\"breadcrumb\":{\"@id\":\"https:\/\/skaitytaknyga.lt\/produktas\/nepazistamas-sutuoktinis\/#breadcrumb\"},\"inLanguage\":\"en-GB\",\"potentialAction\":[{\"@type\":\"ReadAction\",\"target\":[\"https:\/\/skaitytaknyga.lt\/produktas\/nepazistamas-sutuoktinis\/\"]}]},{\"@type\":\"ImageObject\",\"inLanguage\":\"en-GB\",\"@id\":\"https:\/\/skaitytaknyga.lt\/produktas\/nepazistamas-sutuoktinis\/#primaryimage\",\"url\":\"https:\/\/skaitytaknyga.lt\/wp-content\/uploads\/2025\/11\/Nepazistamas-sutuoktinis.webp\",\"contentUrl\":\"https:\/\/skaitytaknyga.lt\/wp-content\/uploads\/2025\/11\/Nepazistamas-sutuoktinis.webp\",\"width\":295,\"height\":412,\"caption\":\"Nepa\u017e\u012fstamas sutuoktinis\"},{\"@type\":\"BreadcrumbList\",\"@id\":\"https:\/\/skaitytaknyga.lt\/produktas\/nepazistamas-sutuoktinis\/#breadcrumb\",\"itemListElement\":[{\"@type\":\"ListItem\",\"position\":1,\"name\":\"Home\",\"item\":\"https:\/\/skaitytaknyga.lt\/\"},{\"@type\":\"ListItem\",\"position\":2,\"name\":\"Parduotuv\u0117\",\"item\":\"https:\/\/skaitytaknyga.lt\/knygu-parduotuve\/\"},{\"@type\":\"ListItem\",\"position\":3,\"name\":\"Nepa\u017e\u012fstamas sutuoktinis\"}]},{\"@type\":\"WebSite\",\"@id\":\"https:\/\/skaitytaknyga.lt\/#website\",\"url\":\"https:\/\/skaitytaknyga.lt\/\",\"name\":\"skaitytaknyga.lt\",\"description\":\"Skaitytaknyga.lt \u2013 tai ma\u017eas \u0161eimos verslas, kuris prasid\u0117jo nuo meil\u0117s knygoms ir siekio i\u0161gelb\u0117ti knygas nuo likimo prie konteinerio. Kas vienam nereikalingas daiktas \u2013 kitam lobis, o mes esame tarpininkai, kurie padeda abiems tapti laimingesniems ???? \u017dinome kaip nelengva i\u0161gyventi ma\u017eiems verslams, tad nuo \u0161iol, \u010dia rasite ir kit\u0173, ma\u017e\u0173 \u0161eim\u0173 versl\u0173, rank\u0173 darbo, dovan\u0173 sau ir artimiesiems.\",\"publisher\":{\"@id\":\"https:\/\/skaitytaknyga.lt\/#organization\"},\"potentialAction\":[{\"@type\":\"SearchAction\",\"target\":{\"@type\":\"EntryPoint\",\"urlTemplate\":\"https:\/\/skaitytaknyga.lt\/?s={search_term_string}\"},\"query-input\":{\"@type\":\"PropertyValueSpecification\",\"valueRequired\":true,\"valueName\":\"search_term_string\"}}],\"inLanguage\":\"en-GB\"},{\"@type\":\"Organization\",\"@id\":\"https:\/\/skaitytaknyga.lt\/#organization\",\"name\":\"skaitytaknyga.lt\",\"url\":\"https:\/\/skaitytaknyga.lt\/\",\"logo\":{\"@type\":\"ImageObject\",\"inLanguage\":\"en-GB\",\"@id\":\"https:\/\/skaitytaknyga.lt\/#\/schema\/logo\/image\/\",\"url\":\"https:\/\/skaitytaknyga.lt\/wp-content\/uploads\/2024\/05\/cropped-cropped-cropped-02_00843_jt3bggkj1j3HLc7SyY6rEUpg.jpeg\",\"contentUrl\":\"https:\/\/skaitytaknyga.lt\/wp-content\/uploads\/2024\/05\/cropped-cropped-cropped-02_00843_jt3bggkj1j3HLc7SyY6rEUpg.jpeg\",\"width\":1600,\"height\":1600,\"caption\":\"skaitytaknyga.lt\"},\"image\":{\"@id\":\"https:\/\/skaitytaknyga.lt\/#\/schema\/logo\/image\/\"},\"sameAs\":[\"https:\/\/www.facebook.com\/skaitytaknyga\/\"]}]}<\/script>\n<!-- \/ Yoast SEO plugin. -->","yoast_head_json":{"title":"Nepa\u017e\u012fstamas sutuoktinis","description":"Tai atrod\u0117 vien patogus susitarimas. Vyr\u0173 d\u0117mesio nestokojanti gra\u017euol\u0117 na\u0161l\u0117 Izabel\u0117 Pelham nebetrok\u0161ta vedyb\u0173. O markizui D\u017eerardui Folkneriui","robots":{"index":"index","follow":"follow","max-snippet":"max-snippet:-1","max-image-preview":"max-image-preview:large","max-video-preview":"max-video-preview:-1"},"canonical":"https:\/\/skaitytaknyga.lt\/en\/produktas\/nepazistamas-sutuoktinis\/","og_locale":"en_GB","og_type":"article","og_title":"[:lt]Nepa\u017e\u012fstamas sutuoktinis[:] - Skaitytaknyga","og_description":"Tai atrod\u0117 vien patogus susitarimas. Vyr\u0173 d\u0117mesio nestokojanti gra\u017euol\u0117 na\u0161l\u0117 Izabel\u0117 Pelham nebetrok\u0161ta vedyb\u0173. O markizui D\u017eerardui Folkneriui","og_url":"https:\/\/skaitytaknyga.lt\/en\/produktas\/nepazistamas-sutuoktinis\/","og_site_name":"Skaitytaknyga","article_publisher":"https:\/\/www.facebook.com\/skaitytaknyga\/","article_modified_time":"2025-11-04T13:20:31+00:00","og_image":[{"width":295,"height":412,"url":"https:\/\/skaitytaknyga.lt\/wp-content\/uploads\/2025\/11\/Nepazistamas-sutuoktinis.webp","type":"image\/webp"}],"twitter_card":"summary_large_image","twitter_misc":{"Estimated reading time":"1 minute"},"schema":{"@context":"https:\/\/schema.org","@graph":[{"@type":"WebPage","@id":"https:\/\/skaitytaknyga.lt\/produktas\/nepazistamas-sutuoktinis\/","url":"https:\/\/skaitytaknyga.lt\/produktas\/nepazistamas-sutuoktinis\/","name":"Nepa\u017e\u012fstamas sutuoktinis","isPartOf":{"@id":"https:\/\/skaitytaknyga.lt\/#website"},"primaryImageOfPage":{"@id":"https:\/\/skaitytaknyga.lt\/produktas\/nepazistamas-sutuoktinis\/#primaryimage"},"image":{"@id":"https:\/\/skaitytaknyga.lt\/produktas\/nepazistamas-sutuoktinis\/#primaryimage"},"thumbnailUrl":"https:\/\/skaitytaknyga.lt\/wp-content\/uploads\/2025\/11\/Nepazistamas-sutuoktinis.webp","datePublished":"2025-11-04T08:57:43+00:00","dateModified":"2025-11-04T13:20:31+00:00","description":"Tai atrod\u0117 vien patogus susitarimas. Vyr\u0173 d\u0117mesio nestokojanti gra\u017euol\u0117 na\u0161l\u0117 Izabel\u0117 Pelham nebetrok\u0161ta vedyb\u0173. O markizui D\u017eerardui Folkneriui","breadcrumb":{"@id":"https:\/\/skaitytaknyga.lt\/produktas\/nepazistamas-sutuoktinis\/#breadcrumb"},"inLanguage":"en-GB","potentialAction":[{"@type":"ReadAction","target":["https:\/\/skaitytaknyga.lt\/produktas\/nepazistamas-sutuoktinis\/"]}]},{"@type":"ImageObject","inLanguage":"en-GB","@id":"https:\/\/skaitytaknyga.lt\/produktas\/nepazistamas-sutuoktinis\/#primaryimage","url":"https:\/\/skaitytaknyga.lt\/wp-content\/uploads\/2025\/11\/Nepazistamas-sutuoktinis.webp","contentUrl":"https:\/\/skaitytaknyga.lt\/wp-content\/uploads\/2025\/11\/Nepazistamas-sutuoktinis.webp","width":295,"height":412,"caption":"Nepa\u017e\u012fstamas sutuoktinis"},{"@type":"BreadcrumbList","@id":"https:\/\/skaitytaknyga.lt\/produktas\/nepazistamas-sutuoktinis\/#breadcrumb","itemListElement":[{"@type":"ListItem","position":1,"name":"Home","item":"https:\/\/skaitytaknyga.lt\/"},{"@type":"ListItem","position":2,"name":"Parduotuv\u0117","item":"https:\/\/skaitytaknyga.lt\/knygu-parduotuve\/"},{"@type":"ListItem","position":3,"name":"Nepa\u017e\u012fstamas sutuoktinis"}]},{"@type":"WebSite","@id":"https:\/\/skaitytaknyga.lt\/#website","url":"https:\/\/skaitytaknyga.lt\/","name":"skaitytaknyga.lt","description":"Skaitytaknyga.lt \u2013 tai ma\u017eas \u0161eimos verslas, kuris prasid\u0117jo nuo meil\u0117s knygoms ir siekio i\u0161gelb\u0117ti knygas nuo likimo prie konteinerio. Kas vienam nereikalingas daiktas \u2013 kitam lobis, o mes esame tarpininkai, kurie padeda abiems tapti laimingesniems ???? \u017dinome kaip nelengva i\u0161gyventi ma\u017eiems verslams, tad nuo \u0161iol, \u010dia rasite ir kit\u0173, ma\u017e\u0173 \u0161eim\u0173 versl\u0173, rank\u0173 darbo, dovan\u0173 sau ir artimiesiems.","publisher":{"@id":"https:\/\/skaitytaknyga.lt\/#organization"},"potentialAction":[{"@type":"SearchAction","target":{"@type":"EntryPoint","urlTemplate":"https:\/\/skaitytaknyga.lt\/?s={search_term_string}"},"query-input":{"@type":"PropertyValueSpecification","valueRequired":true,"valueName":"search_term_string"}}],"inLanguage":"en-GB"},{"@type":"Organization","@id":"https:\/\/skaitytaknyga.lt\/#organization","name":"skaitytaknyga.lt","url":"https:\/\/skaitytaknyga.lt\/","logo":{"@type":"ImageObject","inLanguage":"en-GB","@id":"https:\/\/skaitytaknyga.lt\/#\/schema\/logo\/image\/","url":"https:\/\/skaitytaknyga.lt\/wp-content\/uploads\/2024\/05\/cropped-cropped-cropped-02_00843_jt3bggkj1j3HLc7SyY6rEUpg.jpeg","contentUrl":"https:\/\/skaitytaknyga.lt\/wp-content\/uploads\/2024\/05\/cropped-cropped-cropped-02_00843_jt3bggkj1j3HLc7SyY6rEUpg.jpeg","width":1600,"height":1600,"caption":"skaitytaknyga.lt"},"image":{"@id":"https:\/\/skaitytaknyga.lt\/#\/schema\/logo\/image\/"},"sameAs":["https:\/\/www.facebook.com\/skaitytaknyga\/"]}]}},"_links":{"self":[{"href":"https:\/\/skaitytaknyga.lt\/en\/wp-json\/wp\/v2\/product\/21805","targetHints":{"allow":["GET"]}}],"collection":[{"href":"https:\/\/skaitytaknyga.lt\/en\/wp-json\/wp\/v2\/product"}],"about":[{"href":"https:\/\/skaitytaknyga.lt\/en\/wp-json\/wp\/v2\/types\/product"}],"replies":[{"embeddable":true,"href":"https:\/\/skaitytaknyga.lt\/en\/wp-json\/wp\/v2\/comments?post=21805"}],"wp:featuredmedia":[{"embeddable":true,"href":"https:\/\/skaitytaknyga.lt\/en\/wp-json\/wp\/v2\/media\/21810"}],"wp:attachment":[{"href":"https:\/\/skaitytaknyga.lt\/en\/wp-json\/wp\/v2\/media?parent=21805"}],"wp:term":[{"taxonomy":"product_brand","embeddable":true,"href":"https:\/\/skaitytaknyga.lt\/en\/wp-json\/wp\/v2\/product_brand?post=21805"},{"taxonomy":"product_cat","embeddable":true,"href":"https:\/\/skaitytaknyga.lt\/en\/wp-json\/wp\/v2\/product_cat?post=21805"},{"taxonomy":"product_tag","embeddable":true,"href":"https:\/\/skaitytaknyga.lt\/en\/wp-json\/wp\/v2\/product_tag?post=21805"}],"curies":[{"name":"wp","href":"https:\/\/api.w.org\/{rel}","templated":true}]}}