{"id":21802,"date":"2025-11-04T10:57:42","date_gmt":"2025-11-04T08:57:42","guid":{"rendered":"https:\/\/skaitytaknyga.lt\/?post_type=product&#038;p=21802"},"modified":"2025-11-04T15:11:09","modified_gmt":"2025-11-04T13:11:09","slug":"moksliniu-tyrimu-metodologija-ir-metodai","status":"publish","type":"product","link":"https:\/\/skaitytaknyga.lt\/en\/produktas\/moksliniu-tyrimu-metodologija-ir-metodai\/","title":{"rendered":"Mokslini\u0173 tyrim\u0173 metodologija ir metodai"},"content":{"rendered":"<p>Spar\u010diai tobul\u0117jant visuomen\u0117je vykstantiems procesams, vis labiau akcentuojama investicij\u0173 \u012f mokslinius tyrimus, kaip \u012f prioritetin\u0119 visuomen\u0117s raidos krypt\u012f, svarba. Kartu pabr\u0117\u017eiama, jog gyvenimo kokyb\u0117 ger\u0117ja per mokslinius tyrimus visuomenei r\u016bpimais klausimais. Tai savo ruo\u017etu reikalauja auk\u0161tos tyrim\u0173 atlikimo kokyb\u0117s, jie turi b\u016bti subalansuoti ir patikimi, atitikti etinius ir moralinius principus. Savaime suprantama, jog kartu did\u0117ja ir tyrim\u0173 metodologijos svarba bei jos d\u0117stymo kokyb\u0117.<\/p>\n","protected":false},"excerpt":{"rendered":"<p>Spar\u010diai tobul\u0117jant visuomen\u0117je vykstantiems procesams, vis labiau akcentuojama investicij\u0173 \u012f mokslinius tyrimus, kaip \u012f prioritetin\u0119 visuomen\u0117s raidos krypt\u012f, svarba. Kartu pabr\u0117\u017eiama, jog gyvenimo kokyb\u0117 ger\u0117ja per mokslinius tyrimus visuomenei r\u016bpimais klausimais. Tai savo ruo\u017etu reikalauja auk\u0161tos tyrim\u0173 atlikimo kokyb\u0117s, jie turi b\u016bti subalansuoti ir patikimi, atitikti etinius ir moralinius principus. Savaime suprantama, jog kartu did\u0117ja ir tyrim\u0173 metodologijos svarba bei jos d\u0117stymo kokyb\u0117.<\/p>\n","protected":false},"featured_media":21807,"comment_status":"open","ping_status":"closed","template":"","meta":{"_acf_changed":false,"site-sidebar-layout":"default","site-content-layout":"","ast-site-content-layout":"default","site-content-style":"default","site-sidebar-style":"default","ast-global-header-display":"","ast-banner-title-visibility":"","ast-main-header-display":"","ast-hfb-above-header-display":"","ast-hfb-below-header-display":"","ast-hfb-mobile-header-display":"","site-post-title":"","ast-breadcrumbs-content":"","ast-featured-img":"","footer-sml-layout":"","ast-disable-related-posts":"","theme-transparent-header-meta":"","adv-header-id-meta":"","stick-header-meta":"","header-above-stick-meta":"","header-main-stick-meta":"","header-below-stick-meta":"","astra-migrate-meta-layouts":"default","ast-page-background-enabled":"default","ast-page-background-meta":{"desktop":{"background-color":"","background-image":"","background-repeat":"repeat","background-position":"center center","background-size":"auto","background-attachment":"scroll","background-type":"","background-media":"","overlay-type":"","overlay-color":"","overlay-opacity":"","overlay-gradient":""},"tablet":{"background-color":"","background-image":"","background-repeat":"repeat","background-position":"center center","background-size":"auto","background-attachment":"scroll","background-type":"","background-media":"","overlay-type":"","overlay-color":"","overlay-opacity":"","overlay-gradient":""},"mobile":{"background-color":"","background-image":"","background-repeat":"repeat","background-position":"center center","background-size":"auto","background-attachment":"scroll","background-type":"","background-media":"","overlay-type":"","overlay-color":"","overlay-opacity":"","overlay-gradient":""}},"ast-content-background-meta":{"desktop":{"background-color":"var(--ast-global-color-4)","background-image":"","background-repeat":"repeat","background-position":"center center","background-size":"auto","background-attachment":"scroll","background-type":"","background-media":"","overlay-type":"","overlay-color":"","overlay-opacity":"","overlay-gradient":""},"tablet":{"background-color":"var(--ast-global-color-4)","background-image":"","background-repeat":"repeat","background-position":"center center","background-size":"auto","background-attachment":"scroll","background-type":"","background-media":"","overlay-type":"","overlay-color":"","overlay-opacity":"","overlay-gradient":""},"mobile":{"background-color":"var(--ast-global-color-4)","background-image":"","background-repeat":"repeat","background-position":"center center","background-size":"auto","background-attachment":"scroll","background-type":"","background-media":"","overlay-type":"","overlay-color":"","overlay-opacity":"","overlay-gradient":""}}},"product_brand":[],"product_cat":[15],"product_tag":[],"class_list":{"0":"post-21802","1":"product","2":"type-product","3":"status-publish","4":"has-post-thumbnail","6":"product_cat-uncategorized","7":"desktop-align-left","8":"tablet-align-left","9":"mobile-align-left","11":"first","12":"instock","13":"shipping-taxable","14":"purchasable","15":"product-type-simple"},"acf":[],"yoast_head":"<!-- This site is optimized with the Yoast SEO plugin v27.0 - https:\/\/yoast.com\/product\/yoast-seo-wordpress\/ -->\n<title>Mokslini\u0173 tyrim\u0173 metodologija ir metodai<\/title>\n<meta name=\"description\" content=\"Spar\u010diai tobul\u0117jant visuomen\u0117je vykstantiems procesams, vis labiau akcentuojama investicij\u0173 \u012f mokslinius tyrimus, kaip \u012f prioritetin\u0119 visuomen\u0117s raidos\" \/>\n<meta name=\"robots\" content=\"index, follow, max-snippet:-1, max-image-preview:large, max-video-preview:-1\" \/>\n<link rel=\"canonical\" href=\"https:\/\/skaitytaknyga.lt\/en\/produktas\/moksliniu-tyrimu-metodologija-ir-metodai\/\" \/>\n<meta property=\"og:locale\" content=\"en_GB\" \/>\n<meta property=\"og:locale:alternate\" content=\"lt_LT\" \/>\n<meta property=\"og:type\" content=\"article\" \/>\n<meta property=\"og:title\" content=\"Mokslini\u0173 tyrim\u0173 metodologija ir metodai\" \/>\n<meta property=\"og:description\" content=\"Spar\u010diai tobul\u0117jant visuomen\u0117je vykstantiems procesams, vis labiau akcentuojama investicij\u0173 \u012f mokslinius tyrimus, kaip \u012f prioritetin\u0119 visuomen\u0117s raidos\" \/>\n<meta property=\"og:url\" content=\"https:\/\/skaitytaknyga.lt\/en\/produktas\/moksliniu-tyrimu-metodologija-ir-metodai\/\" \/>\n<meta property=\"og:site_name\" content=\"Skaitytaknyga\" \/>\n<meta property=\"article:publisher\" content=\"https:\/\/www.facebook.com\/skaitytaknyga\/\" \/>\n<meta property=\"article:modified_time\" content=\"2025-11-04T13:11:09+00:00\" \/>\n<meta property=\"og:image\" content=\"https:\/\/skaitytaknyga.lt\/wp-content\/uploads\/2025\/11\/Moksliniu-tyrimu-metodologija-ir-metodai-1.webp\" \/>\n\t<meta property=\"og:image:width\" content=\"300\" \/>\n\t<meta property=\"og:image:height\" content=\"409\" \/>\n\t<meta property=\"og:image:type\" content=\"image\/webp\" \/>\n<meta name=\"twitter:card\" content=\"summary_large_image\" \/>\n<script type=\"application\/ld+json\" class=\"yoast-schema-graph\">{\"@context\":\"https:\/\/schema.org\",\"@graph\":[{\"@type\":\"WebPage\",\"@id\":\"https:\/\/skaitytaknyga.lt\/produktas\/moksliniu-tyrimu-metodologija-ir-metodai\/\",\"url\":\"https:\/\/skaitytaknyga.lt\/produktas\/moksliniu-tyrimu-metodologija-ir-metodai\/\",\"name\":\"Mokslini\u0173 tyrim\u0173 metodologija ir metodai\",\"isPartOf\":{\"@id\":\"https:\/\/skaitytaknyga.lt\/#website\"},\"primaryImageOfPage\":{\"@id\":\"https:\/\/skaitytaknyga.lt\/produktas\/moksliniu-tyrimu-metodologija-ir-metodai\/#primaryimage\"},\"image\":{\"@id\":\"https:\/\/skaitytaknyga.lt\/produktas\/moksliniu-tyrimu-metodologija-ir-metodai\/#primaryimage\"},\"thumbnailUrl\":\"https:\/\/skaitytaknyga.lt\/wp-content\/uploads\/2025\/11\/Moksliniu-tyrimu-metodologija-ir-metodai-1.webp\",\"datePublished\":\"2025-11-04T08:57:42+00:00\",\"dateModified\":\"2025-11-04T13:11:09+00:00\",\"description\":\"Spar\u010diai tobul\u0117jant visuomen\u0117je vykstantiems procesams, vis labiau akcentuojama investicij\u0173 \u012f mokslinius tyrimus, kaip \u012f prioritetin\u0119 visuomen\u0117s raidos\",\"breadcrumb\":{\"@id\":\"https:\/\/skaitytaknyga.lt\/produktas\/moksliniu-tyrimu-metodologija-ir-metodai\/#breadcrumb\"},\"inLanguage\":\"en-GB\",\"potentialAction\":[{\"@type\":\"ReadAction\",\"target\":[\"https:\/\/skaitytaknyga.lt\/produktas\/moksliniu-tyrimu-metodologija-ir-metodai\/\"]}]},{\"@type\":\"ImageObject\",\"inLanguage\":\"en-GB\",\"@id\":\"https:\/\/skaitytaknyga.lt\/produktas\/moksliniu-tyrimu-metodologija-ir-metodai\/#primaryimage\",\"url\":\"https:\/\/skaitytaknyga.lt\/wp-content\/uploads\/2025\/11\/Moksliniu-tyrimu-metodologija-ir-metodai-1.webp\",\"contentUrl\":\"https:\/\/skaitytaknyga.lt\/wp-content\/uploads\/2025\/11\/Moksliniu-tyrimu-metodologija-ir-metodai-1.webp\",\"width\":300,\"height\":409,\"caption\":\"Mokslini\u0173 tyrim\u0173 metodologija ir metodai\"},{\"@type\":\"BreadcrumbList\",\"@id\":\"https:\/\/skaitytaknyga.lt\/produktas\/moksliniu-tyrimu-metodologija-ir-metodai\/#breadcrumb\",\"itemListElement\":[{\"@type\":\"ListItem\",\"position\":1,\"name\":\"Home\",\"item\":\"https:\/\/skaitytaknyga.lt\/\"},{\"@type\":\"ListItem\",\"position\":2,\"name\":\"Parduotuv\u0117\",\"item\":\"https:\/\/skaitytaknyga.lt\/knygu-parduotuve\/\"},{\"@type\":\"ListItem\",\"position\":3,\"name\":\"Mokslini\u0173 tyrim\u0173 metodologija ir metodai\"}]},{\"@type\":\"WebSite\",\"@id\":\"https:\/\/skaitytaknyga.lt\/#website\",\"url\":\"https:\/\/skaitytaknyga.lt\/\",\"name\":\"skaitytaknyga.lt\",\"description\":\"Skaitytaknyga.lt \u2013 tai ma\u017eas \u0161eimos verslas, kuris prasid\u0117jo nuo meil\u0117s knygoms ir siekio i\u0161gelb\u0117ti knygas nuo likimo prie konteinerio. Kas vienam nereikalingas daiktas \u2013 kitam lobis, o mes esame tarpininkai, kurie padeda abiems tapti laimingesniems ???? \u017dinome kaip nelengva i\u0161gyventi ma\u017eiems verslams, tad nuo \u0161iol, \u010dia rasite ir kit\u0173, ma\u017e\u0173 \u0161eim\u0173 versl\u0173, rank\u0173 darbo, dovan\u0173 sau ir artimiesiems.\",\"publisher\":{\"@id\":\"https:\/\/skaitytaknyga.lt\/#organization\"},\"potentialAction\":[{\"@type\":\"SearchAction\",\"target\":{\"@type\":\"EntryPoint\",\"urlTemplate\":\"https:\/\/skaitytaknyga.lt\/?s={search_term_string}\"},\"query-input\":{\"@type\":\"PropertyValueSpecification\",\"valueRequired\":true,\"valueName\":\"search_term_string\"}}],\"inLanguage\":\"en-GB\"},{\"@type\":\"Organization\",\"@id\":\"https:\/\/skaitytaknyga.lt\/#organization\",\"name\":\"skaitytaknyga.lt\",\"url\":\"https:\/\/skaitytaknyga.lt\/\",\"logo\":{\"@type\":\"ImageObject\",\"inLanguage\":\"en-GB\",\"@id\":\"https:\/\/skaitytaknyga.lt\/#\/schema\/logo\/image\/\",\"url\":\"https:\/\/skaitytaknyga.lt\/wp-content\/uploads\/2024\/05\/cropped-cropped-cropped-02_00843_jt3bggkj1j3HLc7SyY6rEUpg.jpeg\",\"contentUrl\":\"https:\/\/skaitytaknyga.lt\/wp-content\/uploads\/2024\/05\/cropped-cropped-cropped-02_00843_jt3bggkj1j3HLc7SyY6rEUpg.jpeg\",\"width\":1600,\"height\":1600,\"caption\":\"skaitytaknyga.lt\"},\"image\":{\"@id\":\"https:\/\/skaitytaknyga.lt\/#\/schema\/logo\/image\/\"},\"sameAs\":[\"https:\/\/www.facebook.com\/skaitytaknyga\/\"]}]}<\/script>\n<!-- \/ Yoast SEO plugin. -->","yoast_head_json":{"title":"Mokslini\u0173 tyrim\u0173 metodologija ir metodai","description":"Spar\u010diai tobul\u0117jant visuomen\u0117je vykstantiems procesams, vis labiau akcentuojama investicij\u0173 \u012f mokslinius tyrimus, kaip \u012f prioritetin\u0119 visuomen\u0117s raidos","robots":{"index":"index","follow":"follow","max-snippet":"max-snippet:-1","max-image-preview":"max-image-preview:large","max-video-preview":"max-video-preview:-1"},"canonical":"https:\/\/skaitytaknyga.lt\/en\/produktas\/moksliniu-tyrimu-metodologija-ir-metodai\/","og_locale":"en_GB","og_type":"article","og_title":"[:lt]Mokslini\u0173 tyrim\u0173 metodologija ir metodai[:] - Skaitytaknyga","og_description":"Spar\u010diai tobul\u0117jant visuomen\u0117je vykstantiems procesams, vis labiau akcentuojama investicij\u0173 \u012f mokslinius tyrimus, kaip \u012f prioritetin\u0119 visuomen\u0117s raidos","og_url":"https:\/\/skaitytaknyga.lt\/en\/produktas\/moksliniu-tyrimu-metodologija-ir-metodai\/","og_site_name":"Skaitytaknyga","article_publisher":"https:\/\/www.facebook.com\/skaitytaknyga\/","article_modified_time":"2025-11-04T13:11:09+00:00","og_image":[{"width":300,"height":409,"url":"https:\/\/skaitytaknyga.lt\/wp-content\/uploads\/2025\/11\/Moksliniu-tyrimu-metodologija-ir-metodai-1.webp","type":"image\/webp"}],"twitter_card":"summary_large_image","schema":{"@context":"https:\/\/schema.org","@graph":[{"@type":"WebPage","@id":"https:\/\/skaitytaknyga.lt\/produktas\/moksliniu-tyrimu-metodologija-ir-metodai\/","url":"https:\/\/skaitytaknyga.lt\/produktas\/moksliniu-tyrimu-metodologija-ir-metodai\/","name":"Mokslini\u0173 tyrim\u0173 metodologija ir metodai","isPartOf":{"@id":"https:\/\/skaitytaknyga.lt\/#website"},"primaryImageOfPage":{"@id":"https:\/\/skaitytaknyga.lt\/produktas\/moksliniu-tyrimu-metodologija-ir-metodai\/#primaryimage"},"image":{"@id":"https:\/\/skaitytaknyga.lt\/produktas\/moksliniu-tyrimu-metodologija-ir-metodai\/#primaryimage"},"thumbnailUrl":"https:\/\/skaitytaknyga.lt\/wp-content\/uploads\/2025\/11\/Moksliniu-tyrimu-metodologija-ir-metodai-1.webp","datePublished":"2025-11-04T08:57:42+00:00","dateModified":"2025-11-04T13:11:09+00:00","description":"Spar\u010diai tobul\u0117jant visuomen\u0117je vykstantiems procesams, vis labiau akcentuojama investicij\u0173 \u012f mokslinius tyrimus, kaip \u012f prioritetin\u0119 visuomen\u0117s raidos","breadcrumb":{"@id":"https:\/\/skaitytaknyga.lt\/produktas\/moksliniu-tyrimu-metodologija-ir-metodai\/#breadcrumb"},"inLanguage":"en-GB","potentialAction":[{"@type":"ReadAction","target":["https:\/\/skaitytaknyga.lt\/produktas\/moksliniu-tyrimu-metodologija-ir-metodai\/"]}]},{"@type":"ImageObject","inLanguage":"en-GB","@id":"https:\/\/skaitytaknyga.lt\/produktas\/moksliniu-tyrimu-metodologija-ir-metodai\/#primaryimage","url":"https:\/\/skaitytaknyga.lt\/wp-content\/uploads\/2025\/11\/Moksliniu-tyrimu-metodologija-ir-metodai-1.webp","contentUrl":"https:\/\/skaitytaknyga.lt\/wp-content\/uploads\/2025\/11\/Moksliniu-tyrimu-metodologija-ir-metodai-1.webp","width":300,"height":409,"caption":"Mokslini\u0173 tyrim\u0173 metodologija ir metodai"},{"@type":"BreadcrumbList","@id":"https:\/\/skaitytaknyga.lt\/produktas\/moksliniu-tyrimu-metodologija-ir-metodai\/#breadcrumb","itemListElement":[{"@type":"ListItem","position":1,"name":"Home","item":"https:\/\/skaitytaknyga.lt\/"},{"@type":"ListItem","position":2,"name":"Parduotuv\u0117","item":"https:\/\/skaitytaknyga.lt\/knygu-parduotuve\/"},{"@type":"ListItem","position":3,"name":"Mokslini\u0173 tyrim\u0173 metodologija ir metodai"}]},{"@type":"WebSite","@id":"https:\/\/skaitytaknyga.lt\/#website","url":"https:\/\/skaitytaknyga.lt\/","name":"skaitytaknyga.lt","description":"Skaitytaknyga.lt \u2013 tai ma\u017eas \u0161eimos verslas, kuris prasid\u0117jo nuo meil\u0117s knygoms ir siekio i\u0161gelb\u0117ti knygas nuo likimo prie konteinerio. Kas vienam nereikalingas daiktas \u2013 kitam lobis, o mes esame tarpininkai, kurie padeda abiems tapti laimingesniems ???? \u017dinome kaip nelengva i\u0161gyventi ma\u017eiems verslams, tad nuo \u0161iol, \u010dia rasite ir kit\u0173, ma\u017e\u0173 \u0161eim\u0173 versl\u0173, rank\u0173 darbo, dovan\u0173 sau ir artimiesiems.","publisher":{"@id":"https:\/\/skaitytaknyga.lt\/#organization"},"potentialAction":[{"@type":"SearchAction","target":{"@type":"EntryPoint","urlTemplate":"https:\/\/skaitytaknyga.lt\/?s={search_term_string}"},"query-input":{"@type":"PropertyValueSpecification","valueRequired":true,"valueName":"search_term_string"}}],"inLanguage":"en-GB"},{"@type":"Organization","@id":"https:\/\/skaitytaknyga.lt\/#organization","name":"skaitytaknyga.lt","url":"https:\/\/skaitytaknyga.lt\/","logo":{"@type":"ImageObject","inLanguage":"en-GB","@id":"https:\/\/skaitytaknyga.lt\/#\/schema\/logo\/image\/","url":"https:\/\/skaitytaknyga.lt\/wp-content\/uploads\/2024\/05\/cropped-cropped-cropped-02_00843_jt3bggkj1j3HLc7SyY6rEUpg.jpeg","contentUrl":"https:\/\/skaitytaknyga.lt\/wp-content\/uploads\/2024\/05\/cropped-cropped-cropped-02_00843_jt3bggkj1j3HLc7SyY6rEUpg.jpeg","width":1600,"height":1600,"caption":"skaitytaknyga.lt"},"image":{"@id":"https:\/\/skaitytaknyga.lt\/#\/schema\/logo\/image\/"},"sameAs":["https:\/\/www.facebook.com\/skaitytaknyga\/"]}]}},"_links":{"self":[{"href":"https:\/\/skaitytaknyga.lt\/en\/wp-json\/wp\/v2\/product\/21802","targetHints":{"allow":["GET"]}}],"collection":[{"href":"https:\/\/skaitytaknyga.lt\/en\/wp-json\/wp\/v2\/product"}],"about":[{"href":"https:\/\/skaitytaknyga.lt\/en\/wp-json\/wp\/v2\/types\/product"}],"replies":[{"embeddable":true,"href":"https:\/\/skaitytaknyga.lt\/en\/wp-json\/wp\/v2\/comments?post=21802"}],"wp:featuredmedia":[{"embeddable":true,"href":"https:\/\/skaitytaknyga.lt\/en\/wp-json\/wp\/v2\/media\/21807"}],"wp:attachment":[{"href":"https:\/\/skaitytaknyga.lt\/en\/wp-json\/wp\/v2\/media?parent=21802"}],"wp:term":[{"taxonomy":"product_brand","embeddable":true,"href":"https:\/\/skaitytaknyga.lt\/en\/wp-json\/wp\/v2\/product_brand?post=21802"},{"taxonomy":"product_cat","embeddable":true,"href":"https:\/\/skaitytaknyga.lt\/en\/wp-json\/wp\/v2\/product_cat?post=21802"},{"taxonomy":"product_tag","embeddable":true,"href":"https:\/\/skaitytaknyga.lt\/en\/wp-json\/wp\/v2\/product_tag?post=21802"}],"curies":[{"name":"wp","href":"https:\/\/api.w.org\/{rel}","templated":true}]}}