{"id":21801,"date":"2025-11-04T10:57:42","date_gmt":"2025-11-04T08:57:42","guid":{"rendered":"https:\/\/skaitytaknyga.lt\/?post_type=product&#038;p=21801"},"modified":"2026-02-26T10:10:24","modified_gmt":"2026-02-26T08:10:24","slug":"kunigas-jonas-steponavicius-svietejas-ir-lietuvybes-puoseletojas","status":"publish","type":"product","link":"https:\/\/skaitytaknyga.lt\/en\/produktas\/kunigas-jonas-steponavicius-svietejas-ir-lietuvybes-puoseletojas\/","title":{"rendered":"Kunigas Jonas Steponavi\u010dius \u2013 \u0161viet\u0117jas ir lietuvyb\u0117s puosel\u0117tojas"},"content":{"rendered":"<p>Mokslin\u0117 biografija \u201eKunigas Jonas Steponavi\u010dius \u2013 \u0161viet\u0117jas ir lietuvyb\u0117s puosel\u0117tojas\u201c skirta dvasininkui, mokslininkui, pedagogui, visuomenininkui, politiniam veik\u0117jui, aktyviam kovotojui d\u0117l lietuvi\u0173 kalbos Vilnijos kra\u0161te, pirmajam lietuvi\u0173 \u0161vietimo draugijos \u201eRytas\u201c pirmininkui, kareivi\u0173 Kaukazo fronte dvasios stiprintojui, vis\u0173 Lietuvos Respublikos Seim\u0173 aktyviam nariui, administratoriui, Zaras\u0173 gimnazijos k\u016br\u0117jui ir statytojui, vienam tautin\u0117s mokyklos Lietuvoje k\u016br\u0117j\u0173, vienam T\u0117vyn\u0117s apsaugos rinktin\u0117s k\u016br\u0117j\u0173, aktyviam krik\u0161\u010dioni\u0161k\u0173 ideal\u0173 puosel\u0117tojui ir skleid\u0117jui.<\/p>\n<p>Pirm\u0105 kart\u0105 pateikiamoje mokslin\u0117je biografijoje, remiantis archyvine bei publikuota med\u017eiaga, autor\u0117s u\u017era\u0161ytais atsiminimais, ap\u017evelgiama kun. dr. J. Steponavi\u010diaus gyvenimas ir veikla pradedant gimtaisiais Zokoriais. Iliustruota.<\/p>\n","protected":false},"excerpt":{"rendered":"<p>Mokslin\u0117 biografija \u201eKunigas Jonas Steponavi\u010dius \u2013 \u0161viet\u0117jas ir lietuvyb\u0117s puosel\u0117tojas\u201c skirta dvasininkui, mokslininkui, pedagogui, visuomenininkui, politiniam veik\u0117jui, aktyviam kovotojui d\u0117l lietuvi\u0173 kalbos Vilnijos kra\u0161te, pirmajam lietuvi\u0173 \u0161vietimo draugijos \u201eRytas\u201c pirmininkui, kareivi\u0173 Kaukazo fronte dvasios stiprintojui, vis\u0173 Lietuvos Respublikos Seim\u0173 aktyviam nariui, administratoriui, Zaras\u0173 gimnazijos k\u016br\u0117jui ir statytojui, vienam tautin\u0117s mokyklos Lietuvoje k\u016br\u0117j\u0173, vienam T\u0117vyn\u0117s apsaugos rinktin\u0117s k\u016br\u0117j\u0173, aktyviam krik\u0161\u010dioni\u0161k\u0173 ideal\u0173 puosel\u0117tojui ir skleid\u0117jui. Pirm\u0105 kart\u0105 pateikiamoje mokslin\u0117je biografijoje, remiantis archyvine bei publikuota med\u017eiaga, autor\u0117s u\u017era\u0161ytais atsiminimais, ap\u017evelgiama kun. dr. J. Steponavi\u010diaus gyvenimas ir veikla pradedant gimtaisiais Zokoriais. Iliustruota.<\/p>\n","protected":false},"featured_media":21806,"comment_status":"open","ping_status":"closed","template":"","meta":{"_acf_changed":false,"site-sidebar-layout":"default","site-content-layout":"","ast-site-content-layout":"default","site-content-style":"default","site-sidebar-style":"default","ast-global-header-display":"","ast-banner-title-visibility":"","ast-main-header-display":"","ast-hfb-above-header-display":"","ast-hfb-below-header-display":"","ast-hfb-mobile-header-display":"","site-post-title":"","ast-breadcrumbs-content":"","ast-featured-img":"","footer-sml-layout":"","ast-disable-related-posts":"","theme-transparent-header-meta":"","adv-header-id-meta":"","stick-header-meta":"","header-above-stick-meta":"","header-main-stick-meta":"","header-below-stick-meta":"","astra-migrate-meta-layouts":"default","ast-page-background-enabled":"default","ast-page-background-meta":{"desktop":{"background-color":"","background-image":"","background-repeat":"repeat","background-position":"center center","background-size":"auto","background-attachment":"scroll","background-type":"","background-media":"","overlay-type":"","overlay-color":"","overlay-opacity":"","overlay-gradient":""},"tablet":{"background-color":"","background-image":"","background-repeat":"repeat","background-position":"center center","background-size":"auto","background-attachment":"scroll","background-type":"","background-media":"","overlay-type":"","overlay-color":"","overlay-opacity":"","overlay-gradient":""},"mobile":{"background-color":"","background-image":"","background-repeat":"repeat","background-position":"center center","background-size":"auto","background-attachment":"scroll","background-type":"","background-media":"","overlay-type":"","overlay-color":"","overlay-opacity":"","overlay-gradient":""}},"ast-content-background-meta":{"desktop":{"background-color":"var(--ast-global-color-4)","background-image":"","background-repeat":"repeat","background-position":"center center","background-size":"auto","background-attachment":"scroll","background-type":"","background-media":"","overlay-type":"","overlay-color":"","overlay-opacity":"","overlay-gradient":""},"tablet":{"background-color":"var(--ast-global-color-4)","background-image":"","background-repeat":"repeat","background-position":"center center","background-size":"auto","background-attachment":"scroll","background-type":"","background-media":"","overlay-type":"","overlay-color":"","overlay-opacity":"","overlay-gradient":""},"mobile":{"background-color":"var(--ast-global-color-4)","background-image":"","background-repeat":"repeat","background-position":"center center","background-size":"auto","background-attachment":"scroll","background-type":"","background-media":"","overlay-type":"","overlay-color":"","overlay-opacity":"","overlay-gradient":""}}},"product_brand":[],"product_cat":[165],"product_tag":[],"class_list":{"0":"post-21801","1":"product","2":"type-product","3":"status-publish","4":"has-post-thumbnail","6":"product_cat-religija-filosofija-ir-ezoterika","7":"desktop-align-left","8":"tablet-align-left","9":"mobile-align-left","11":"first","12":"instock","13":"shipping-taxable","14":"purchasable","15":"product-type-simple"},"acf":[],"yoast_head":"<!-- This site is optimized with the Yoast SEO plugin v27.0 - https:\/\/yoast.com\/product\/yoast-seo-wordpress\/ -->\n<title>Kunigas Jonas Steponavi\u010dius \u2013 \u0161viet\u0117jas ir lietuvyb\u0117s puosel\u0117tojas<\/title>\n<meta name=\"description\" content=\"Mokslin\u0117 biografija \u201eKunigas Jonas Steponavi\u010dius \u2013 \u0161viet\u0117jas ir lietuvyb\u0117s puosel\u0117tojas\u201c skirta dvasininkui, mokslininkui, pedagogui, visuomenininkui,\" \/>\n<meta name=\"robots\" content=\"index, follow, max-snippet:-1, max-image-preview:large, max-video-preview:-1\" \/>\n<link rel=\"canonical\" href=\"https:\/\/skaitytaknyga.lt\/en\/produktas\/kunigas-jonas-steponavicius-svietejas-ir-lietuvybes-puoseletojas\/\" \/>\n<meta property=\"og:locale\" content=\"en_GB\" \/>\n<meta property=\"og:locale:alternate\" content=\"lt_LT\" \/>\n<meta property=\"og:type\" content=\"article\" \/>\n<meta property=\"og:title\" content=\"Kunigas Jonas Steponavi\u010dius \u2013 \u0161viet\u0117jas ir lietuvyb\u0117s puosel\u0117tojas\" \/>\n<meta property=\"og:description\" content=\"Mokslin\u0117 biografija \u201eKunigas Jonas Steponavi\u010dius \u2013 \u0161viet\u0117jas ir lietuvyb\u0117s puosel\u0117tojas\u201c skirta dvasininkui, mokslininkui, pedagogui, visuomenininkui,\" \/>\n<meta property=\"og:url\" content=\"https:\/\/skaitytaknyga.lt\/en\/produktas\/kunigas-jonas-steponavicius-svietejas-ir-lietuvybes-puoseletojas\/\" \/>\n<meta property=\"og:site_name\" content=\"Skaitytaknyga\" \/>\n<meta property=\"article:publisher\" content=\"https:\/\/www.facebook.com\/skaitytaknyga\/\" \/>\n<meta property=\"article:modified_time\" content=\"2026-02-26T08:10:24+00:00\" \/>\n<meta property=\"og:image\" content=\"https:\/\/skaitytaknyga.lt\/wp-content\/uploads\/2025\/11\/Kunigas-Jonas-Steponavicius-1.webp\" \/>\n\t<meta property=\"og:image:width\" content=\"300\" \/>\n\t<meta property=\"og:image:height\" content=\"479\" \/>\n\t<meta property=\"og:image:type\" content=\"image\/webp\" \/>\n<meta name=\"twitter:card\" content=\"summary_large_image\" \/>\n<meta name=\"twitter:label1\" content=\"Estimated reading time\" \/>\n\t<meta name=\"twitter:data1\" content=\"1 minute\" \/>\n<script type=\"application\/ld+json\" class=\"yoast-schema-graph\">{\"@context\":\"https:\/\/schema.org\",\"@graph\":[{\"@type\":\"WebPage\",\"@id\":\"https:\/\/skaitytaknyga.lt\/produktas\/kunigas-jonas-steponavicius-svietejas-ir-lietuvybes-puoseletojas\/\",\"url\":\"https:\/\/skaitytaknyga.lt\/produktas\/kunigas-jonas-steponavicius-svietejas-ir-lietuvybes-puoseletojas\/\",\"name\":\"Kunigas Jonas Steponavi\u010dius \u2013 \u0161viet\u0117jas ir lietuvyb\u0117s puosel\u0117tojas\",\"isPartOf\":{\"@id\":\"https:\/\/skaitytaknyga.lt\/#website\"},\"primaryImageOfPage\":{\"@id\":\"https:\/\/skaitytaknyga.lt\/produktas\/kunigas-jonas-steponavicius-svietejas-ir-lietuvybes-puoseletojas\/#primaryimage\"},\"image\":{\"@id\":\"https:\/\/skaitytaknyga.lt\/produktas\/kunigas-jonas-steponavicius-svietejas-ir-lietuvybes-puoseletojas\/#primaryimage\"},\"thumbnailUrl\":\"https:\/\/skaitytaknyga.lt\/wp-content\/uploads\/2025\/11\/Kunigas-Jonas-Steponavicius-1.webp\",\"datePublished\":\"2025-11-04T08:57:42+00:00\",\"dateModified\":\"2026-02-26T08:10:24+00:00\",\"description\":\"Mokslin\u0117 biografija \u201eKunigas Jonas Steponavi\u010dius \u2013 \u0161viet\u0117jas ir lietuvyb\u0117s puosel\u0117tojas\u201c skirta dvasininkui, mokslininkui, pedagogui, visuomenininkui,\",\"breadcrumb\":{\"@id\":\"https:\/\/skaitytaknyga.lt\/produktas\/kunigas-jonas-steponavicius-svietejas-ir-lietuvybes-puoseletojas\/#breadcrumb\"},\"inLanguage\":\"en-GB\",\"potentialAction\":[{\"@type\":\"ReadAction\",\"target\":[\"https:\/\/skaitytaknyga.lt\/produktas\/kunigas-jonas-steponavicius-svietejas-ir-lietuvybes-puoseletojas\/\"]}]},{\"@type\":\"ImageObject\",\"inLanguage\":\"en-GB\",\"@id\":\"https:\/\/skaitytaknyga.lt\/produktas\/kunigas-jonas-steponavicius-svietejas-ir-lietuvybes-puoseletojas\/#primaryimage\",\"url\":\"https:\/\/skaitytaknyga.lt\/wp-content\/uploads\/2025\/11\/Kunigas-Jonas-Steponavicius-1.webp\",\"contentUrl\":\"https:\/\/skaitytaknyga.lt\/wp-content\/uploads\/2025\/11\/Kunigas-Jonas-Steponavicius-1.webp\",\"width\":300,\"height\":479,\"caption\":\"Kunigas Jonas Steponavi\u010dius \u2013 \u0161viet\u0117jas ir lietuvyb\u0117s puosel\u0117tojas\"},{\"@type\":\"BreadcrumbList\",\"@id\":\"https:\/\/skaitytaknyga.lt\/produktas\/kunigas-jonas-steponavicius-svietejas-ir-lietuvybes-puoseletojas\/#breadcrumb\",\"itemListElement\":[{\"@type\":\"ListItem\",\"position\":1,\"name\":\"Home\",\"item\":\"https:\/\/skaitytaknyga.lt\/\"},{\"@type\":\"ListItem\",\"position\":2,\"name\":\"Parduotuv\u0117\",\"item\":\"https:\/\/skaitytaknyga.lt\/knygu-parduotuve\/\"},{\"@type\":\"ListItem\",\"position\":3,\"name\":\"Kunigas Jonas Steponavi\u010dius \u2013 \u0161viet\u0117jas ir lietuvyb\u0117s puosel\u0117tojas\"}]},{\"@type\":\"WebSite\",\"@id\":\"https:\/\/skaitytaknyga.lt\/#website\",\"url\":\"https:\/\/skaitytaknyga.lt\/\",\"name\":\"skaitytaknyga.lt\",\"description\":\"Skaitytaknyga.lt \u2013 tai ma\u017eas \u0161eimos verslas, kuris prasid\u0117jo nuo meil\u0117s knygoms ir siekio i\u0161gelb\u0117ti knygas nuo likimo prie konteinerio. Kas vienam nereikalingas daiktas \u2013 kitam lobis, o mes esame tarpininkai, kurie padeda abiems tapti laimingesniems ???? \u017dinome kaip nelengva i\u0161gyventi ma\u017eiems verslams, tad nuo \u0161iol, \u010dia rasite ir kit\u0173, ma\u017e\u0173 \u0161eim\u0173 versl\u0173, rank\u0173 darbo, dovan\u0173 sau ir artimiesiems.\",\"publisher\":{\"@id\":\"https:\/\/skaitytaknyga.lt\/#organization\"},\"potentialAction\":[{\"@type\":\"SearchAction\",\"target\":{\"@type\":\"EntryPoint\",\"urlTemplate\":\"https:\/\/skaitytaknyga.lt\/?s={search_term_string}\"},\"query-input\":{\"@type\":\"PropertyValueSpecification\",\"valueRequired\":true,\"valueName\":\"search_term_string\"}}],\"inLanguage\":\"en-GB\"},{\"@type\":\"Organization\",\"@id\":\"https:\/\/skaitytaknyga.lt\/#organization\",\"name\":\"skaitytaknyga.lt\",\"url\":\"https:\/\/skaitytaknyga.lt\/\",\"logo\":{\"@type\":\"ImageObject\",\"inLanguage\":\"en-GB\",\"@id\":\"https:\/\/skaitytaknyga.lt\/#\/schema\/logo\/image\/\",\"url\":\"https:\/\/skaitytaknyga.lt\/wp-content\/uploads\/2024\/05\/cropped-cropped-cropped-02_00843_jt3bggkj1j3HLc7SyY6rEUpg.jpeg\",\"contentUrl\":\"https:\/\/skaitytaknyga.lt\/wp-content\/uploads\/2024\/05\/cropped-cropped-cropped-02_00843_jt3bggkj1j3HLc7SyY6rEUpg.jpeg\",\"width\":1600,\"height\":1600,\"caption\":\"skaitytaknyga.lt\"},\"image\":{\"@id\":\"https:\/\/skaitytaknyga.lt\/#\/schema\/logo\/image\/\"},\"sameAs\":[\"https:\/\/www.facebook.com\/skaitytaknyga\/\"]}]}<\/script>\n<!-- \/ Yoast SEO plugin. -->","yoast_head_json":{"title":"Kunigas Jonas Steponavi\u010dius \u2013 \u0161viet\u0117jas ir lietuvyb\u0117s puosel\u0117tojas","description":"Mokslin\u0117 biografija \u201eKunigas Jonas Steponavi\u010dius \u2013 \u0161viet\u0117jas ir lietuvyb\u0117s puosel\u0117tojas\u201c skirta dvasininkui, mokslininkui, pedagogui, visuomenininkui,","robots":{"index":"index","follow":"follow","max-snippet":"max-snippet:-1","max-image-preview":"max-image-preview:large","max-video-preview":"max-video-preview:-1"},"canonical":"https:\/\/skaitytaknyga.lt\/en\/produktas\/kunigas-jonas-steponavicius-svietejas-ir-lietuvybes-puoseletojas\/","og_locale":"en_GB","og_type":"article","og_title":"[:lt]Kunigas Jonas Steponavi\u010dius \u2013 \u0161viet\u0117jas ir lietuvyb\u0117s puosel\u0117tojas[:] - Skaitytaknyga","og_description":"Mokslin\u0117 biografija \u201eKunigas Jonas Steponavi\u010dius \u2013 \u0161viet\u0117jas ir lietuvyb\u0117s puosel\u0117tojas\u201c skirta dvasininkui, mokslininkui, pedagogui, visuomenininkui,","og_url":"https:\/\/skaitytaknyga.lt\/en\/produktas\/kunigas-jonas-steponavicius-svietejas-ir-lietuvybes-puoseletojas\/","og_site_name":"Skaitytaknyga","article_publisher":"https:\/\/www.facebook.com\/skaitytaknyga\/","article_modified_time":"2026-02-26T08:10:24+00:00","og_image":[{"width":300,"height":479,"url":"https:\/\/skaitytaknyga.lt\/wp-content\/uploads\/2025\/11\/Kunigas-Jonas-Steponavicius-1.webp","type":"image\/webp"}],"twitter_card":"summary_large_image","twitter_misc":{"Estimated reading time":"1 minute"},"schema":{"@context":"https:\/\/schema.org","@graph":[{"@type":"WebPage","@id":"https:\/\/skaitytaknyga.lt\/produktas\/kunigas-jonas-steponavicius-svietejas-ir-lietuvybes-puoseletojas\/","url":"https:\/\/skaitytaknyga.lt\/produktas\/kunigas-jonas-steponavicius-svietejas-ir-lietuvybes-puoseletojas\/","name":"Kunigas Jonas Steponavi\u010dius \u2013 \u0161viet\u0117jas ir lietuvyb\u0117s puosel\u0117tojas","isPartOf":{"@id":"https:\/\/skaitytaknyga.lt\/#website"},"primaryImageOfPage":{"@id":"https:\/\/skaitytaknyga.lt\/produktas\/kunigas-jonas-steponavicius-svietejas-ir-lietuvybes-puoseletojas\/#primaryimage"},"image":{"@id":"https:\/\/skaitytaknyga.lt\/produktas\/kunigas-jonas-steponavicius-svietejas-ir-lietuvybes-puoseletojas\/#primaryimage"},"thumbnailUrl":"https:\/\/skaitytaknyga.lt\/wp-content\/uploads\/2025\/11\/Kunigas-Jonas-Steponavicius-1.webp","datePublished":"2025-11-04T08:57:42+00:00","dateModified":"2026-02-26T08:10:24+00:00","description":"Mokslin\u0117 biografija \u201eKunigas Jonas Steponavi\u010dius \u2013 \u0161viet\u0117jas ir lietuvyb\u0117s puosel\u0117tojas\u201c skirta dvasininkui, mokslininkui, pedagogui, visuomenininkui,","breadcrumb":{"@id":"https:\/\/skaitytaknyga.lt\/produktas\/kunigas-jonas-steponavicius-svietejas-ir-lietuvybes-puoseletojas\/#breadcrumb"},"inLanguage":"en-GB","potentialAction":[{"@type":"ReadAction","target":["https:\/\/skaitytaknyga.lt\/produktas\/kunigas-jonas-steponavicius-svietejas-ir-lietuvybes-puoseletojas\/"]}]},{"@type":"ImageObject","inLanguage":"en-GB","@id":"https:\/\/skaitytaknyga.lt\/produktas\/kunigas-jonas-steponavicius-svietejas-ir-lietuvybes-puoseletojas\/#primaryimage","url":"https:\/\/skaitytaknyga.lt\/wp-content\/uploads\/2025\/11\/Kunigas-Jonas-Steponavicius-1.webp","contentUrl":"https:\/\/skaitytaknyga.lt\/wp-content\/uploads\/2025\/11\/Kunigas-Jonas-Steponavicius-1.webp","width":300,"height":479,"caption":"Kunigas Jonas Steponavi\u010dius \u2013 \u0161viet\u0117jas ir lietuvyb\u0117s puosel\u0117tojas"},{"@type":"BreadcrumbList","@id":"https:\/\/skaitytaknyga.lt\/produktas\/kunigas-jonas-steponavicius-svietejas-ir-lietuvybes-puoseletojas\/#breadcrumb","itemListElement":[{"@type":"ListItem","position":1,"name":"Home","item":"https:\/\/skaitytaknyga.lt\/"},{"@type":"ListItem","position":2,"name":"Parduotuv\u0117","item":"https:\/\/skaitytaknyga.lt\/knygu-parduotuve\/"},{"@type":"ListItem","position":3,"name":"Kunigas Jonas Steponavi\u010dius \u2013 \u0161viet\u0117jas ir lietuvyb\u0117s puosel\u0117tojas"}]},{"@type":"WebSite","@id":"https:\/\/skaitytaknyga.lt\/#website","url":"https:\/\/skaitytaknyga.lt\/","name":"skaitytaknyga.lt","description":"Skaitytaknyga.lt \u2013 tai ma\u017eas \u0161eimos verslas, kuris prasid\u0117jo nuo meil\u0117s knygoms ir siekio i\u0161gelb\u0117ti knygas nuo likimo prie konteinerio. Kas vienam nereikalingas daiktas \u2013 kitam lobis, o mes esame tarpininkai, kurie padeda abiems tapti laimingesniems ???? \u017dinome kaip nelengva i\u0161gyventi ma\u017eiems verslams, tad nuo \u0161iol, \u010dia rasite ir kit\u0173, ma\u017e\u0173 \u0161eim\u0173 versl\u0173, rank\u0173 darbo, dovan\u0173 sau ir artimiesiems.","publisher":{"@id":"https:\/\/skaitytaknyga.lt\/#organization"},"potentialAction":[{"@type":"SearchAction","target":{"@type":"EntryPoint","urlTemplate":"https:\/\/skaitytaknyga.lt\/?s={search_term_string}"},"query-input":{"@type":"PropertyValueSpecification","valueRequired":true,"valueName":"search_term_string"}}],"inLanguage":"en-GB"},{"@type":"Organization","@id":"https:\/\/skaitytaknyga.lt\/#organization","name":"skaitytaknyga.lt","url":"https:\/\/skaitytaknyga.lt\/","logo":{"@type":"ImageObject","inLanguage":"en-GB","@id":"https:\/\/skaitytaknyga.lt\/#\/schema\/logo\/image\/","url":"https:\/\/skaitytaknyga.lt\/wp-content\/uploads\/2024\/05\/cropped-cropped-cropped-02_00843_jt3bggkj1j3HLc7SyY6rEUpg.jpeg","contentUrl":"https:\/\/skaitytaknyga.lt\/wp-content\/uploads\/2024\/05\/cropped-cropped-cropped-02_00843_jt3bggkj1j3HLc7SyY6rEUpg.jpeg","width":1600,"height":1600,"caption":"skaitytaknyga.lt"},"image":{"@id":"https:\/\/skaitytaknyga.lt\/#\/schema\/logo\/image\/"},"sameAs":["https:\/\/www.facebook.com\/skaitytaknyga\/"]}]}},"_links":{"self":[{"href":"https:\/\/skaitytaknyga.lt\/en\/wp-json\/wp\/v2\/product\/21801","targetHints":{"allow":["GET"]}}],"collection":[{"href":"https:\/\/skaitytaknyga.lt\/en\/wp-json\/wp\/v2\/product"}],"about":[{"href":"https:\/\/skaitytaknyga.lt\/en\/wp-json\/wp\/v2\/types\/product"}],"replies":[{"embeddable":true,"href":"https:\/\/skaitytaknyga.lt\/en\/wp-json\/wp\/v2\/comments?post=21801"}],"wp:featuredmedia":[{"embeddable":true,"href":"https:\/\/skaitytaknyga.lt\/en\/wp-json\/wp\/v2\/media\/21806"}],"wp:attachment":[{"href":"https:\/\/skaitytaknyga.lt\/en\/wp-json\/wp\/v2\/media?parent=21801"}],"wp:term":[{"taxonomy":"product_brand","embeddable":true,"href":"https:\/\/skaitytaknyga.lt\/en\/wp-json\/wp\/v2\/product_brand?post=21801"},{"taxonomy":"product_cat","embeddable":true,"href":"https:\/\/skaitytaknyga.lt\/en\/wp-json\/wp\/v2\/product_cat?post=21801"},{"taxonomy":"product_tag","embeddable":true,"href":"https:\/\/skaitytaknyga.lt\/en\/wp-json\/wp\/v2\/product_tag?post=21801"}],"curies":[{"name":"wp","href":"https:\/\/api.w.org\/{rel}","templated":true}]}}