{"id":21792,"date":"2025-11-04T10:18:54","date_gmt":"2025-11-04T08:18:54","guid":{"rendered":"https:\/\/skaitytaknyga.lt\/?post_type=product&#038;p=21792"},"modified":"2025-11-04T15:20:19","modified_gmt":"2025-11-04T13:20:19","slug":"p-s-atvaziuok-i-italija","status":"publish","type":"product","link":"https:\/\/skaitytaknyga.lt\/en\/produktas\/p-s-atvaziuok-i-italija\/","title":{"rendered":"P. S. Atva\u017eiuok \u012f Italij\u0105"},"content":{"rendered":"<p>P. S. Atva\u017eiuok \u012f Italij\u0105, Bela, atva\u017eiuok pasid\u017eiaugti saule ir makaronais, ir raudonuoju vynu, ir ilgais pasivaik\u0161\u010diojimais; atva\u017eiuok ir pasilik, kiek nor\u0117si.<\/p>\n<p>Kai ramus, idili\u0161kas Belos gyvenimas Naujojoje Zelandijoje ima byr\u0117ti, guod\u017eiant\u012f gl\u0117b\u012f jai pasi\u016blo nepa\u017e\u012fstamasis, gyvenantis u\u017e t\u016bkstan\u010di\u0173 kilometr\u0173, saul\u0117toje Piet\u0173 Italijoje. Jis atsiun\u010dia rank\u0173 darbo dovan\u0105 ir lai\u0161kel\u012f su eilute \u201eP. S. Atva\u017eiuok \u012f Italij\u0105!\u201c, ir moteris, nusprendusi klausyti \u0161irdies balso, leid\u017eiasi \u012f kelion\u0119.<\/p>\n<p>Atvykusi \u012f Enriko palazzo Apulijoje, \u017eavingame \u0161imtme\u010di\u0173 istorija alsuojan\u010diame Ostunyje, Bela pamato, kad vyri\u0161kio gyvenimas n\u0117 kiek nepana\u0161us \u012f t\u0105, kok\u012f ji paliko namie. Vis d\u0117lto, nepaisant jo prabangi\u0173 automobili\u0173 ir turtingos, nuolat besikivir\u010dijan\u010dios \u0161eimos su valdinga nonna prie\u0161akyje, paai\u0161k\u0117ja, kad jiedu su Enriku gerokai artimesni, nei atrod\u0117 i\u0161 pirmo \u017evilgsnio.<\/p>\n<p>\u012e gyvenimo kelion\u0119 Bela i\u0161vyko nesitik\u0117dama \u012fsimyl\u0117ti, bet po saul\u0117s nutviekstais alyvmed\u017eiais gali nutikti bet kas&#8230;<\/p>\n<p>Nicky Pellegrino gim\u0117 Liverpulyje, bet vaikyst\u0117je su \u0161eima atostogaudavo Italijoje. Jos pasakojimus pagardina t\u0173 vasar\u0173 prisiminimai \u2013 aistros, kivir\u010dai ir, svarbiausia, maistas. \u0160iuo metu Nicky gyvena Oklande, Naujojoje Zelandijoje, su vyru, kurt\u0173 veisl\u0117s \u0161unimi Hariu ir \u017eirgu Uno.<\/p>\n","protected":false},"excerpt":{"rendered":"<p>P. S. Atva\u017eiuok \u012f Italij\u0105, Bela, atva\u017eiuok pasid\u017eiaugti saule ir makaronais, ir raudonuoju vynu, ir ilgais pasivaik\u0161\u010diojimais; atva\u017eiuok ir pasilik, kiek nor\u0117si. Kai ramus, idili\u0161kas Belos gyvenimas Naujojoje Zelandijoje ima byr\u0117ti, guod\u017eiant\u012f gl\u0117b\u012f jai pasi\u016blo nepa\u017e\u012fstamasis, gyvenantis u\u017e t\u016bkstan\u010di\u0173 kilometr\u0173, saul\u0117toje Piet\u0173 Italijoje. Jis atsiun\u010dia rank\u0173 darbo dovan\u0105 ir lai\u0161kel\u012f su eilute \u201eP. S. Atva\u017eiuok \u012f Italij\u0105!\u201c, ir moteris, nusprendusi klausyti \u0161irdies balso, leid\u017eiasi \u012f kelion\u0119. Atvykusi \u012f Enriko palazzo Apulijoje, \u017eavingame \u0161imtme\u010di\u0173 istorija alsuojan\u010diame Ostunyje, Bela pamato, kad vyri\u0161kio gyvenimas n\u0117 kiek nepana\u0161us \u012f t\u0105, kok\u012f ji paliko namie. Vis d\u0117lto, nepaisant jo prabangi\u0173 automobili\u0173 ir turtingos, nuolat besikivir\u010dijan\u010dios \u0161eimos su valdinga nonna prie\u0161akyje, paai\u0161k\u0117ja, kad jiedu su Enriku gerokai artimesni, nei atrod\u0117 i\u0161 pirmo \u017evilgsnio. \u012e gyvenimo kelion\u0119 Bela i\u0161vyko nesitik\u0117dama \u012fsimyl\u0117ti, bet po saul\u0117s nutviekstais alyvmed\u017eiais gali nutikti bet kas&#8230; Nicky Pellegrino gim\u0117 Liverpulyje, bet vaikyst\u0117je su \u0161eima atostogaudavo Italijoje. Jos pasakojimus pagardina t\u0173 vasar\u0173 prisiminimai \u2013 aistros, kivir\u010dai ir, svarbiausia, maistas. \u0160iuo metu Nicky gyvena Oklande, Naujojoje Zelandijoje, su vyru, kurt\u0173 veisl\u0117s \u0161unimi Hariu ir \u017eirgu Uno.<\/p>\n","protected":false},"featured_media":21797,"comment_status":"open","ping_status":"closed","template":"","meta":{"_acf_changed":false,"site-sidebar-layout":"default","site-content-layout":"","ast-site-content-layout":"default","site-content-style":"default","site-sidebar-style":"default","ast-global-header-display":"","ast-banner-title-visibility":"","ast-main-header-display":"","ast-hfb-above-header-display":"","ast-hfb-below-header-display":"","ast-hfb-mobile-header-display":"","site-post-title":"","ast-breadcrumbs-content":"","ast-featured-img":"","footer-sml-layout":"","ast-disable-related-posts":"","theme-transparent-header-meta":"","adv-header-id-meta":"","stick-header-meta":"","header-above-stick-meta":"","header-main-stick-meta":"","header-below-stick-meta":"","astra-migrate-meta-layouts":"default","ast-page-background-enabled":"default","ast-page-background-meta":{"desktop":{"background-color":"","background-image":"","background-repeat":"repeat","background-position":"center center","background-size":"auto","background-attachment":"scroll","background-type":"","background-media":"","overlay-type":"","overlay-color":"","overlay-opacity":"","overlay-gradient":""},"tablet":{"background-color":"","background-image":"","background-repeat":"repeat","background-position":"center center","background-size":"auto","background-attachment":"scroll","background-type":"","background-media":"","overlay-type":"","overlay-color":"","overlay-opacity":"","overlay-gradient":""},"mobile":{"background-color":"","background-image":"","background-repeat":"repeat","background-position":"center center","background-size":"auto","background-attachment":"scroll","background-type":"","background-media":"","overlay-type":"","overlay-color":"","overlay-opacity":"","overlay-gradient":""}},"ast-content-background-meta":{"desktop":{"background-color":"var(--ast-global-color-4)","background-image":"","background-repeat":"repeat","background-position":"center center","background-size":"auto","background-attachment":"scroll","background-type":"","background-media":"","overlay-type":"","overlay-color":"","overlay-opacity":"","overlay-gradient":""},"tablet":{"background-color":"var(--ast-global-color-4)","background-image":"","background-repeat":"repeat","background-position":"center center","background-size":"auto","background-attachment":"scroll","background-type":"","background-media":"","overlay-type":"","overlay-color":"","overlay-opacity":"","overlay-gradient":""},"mobile":{"background-color":"var(--ast-global-color-4)","background-image":"","background-repeat":"repeat","background-position":"center center","background-size":"auto","background-attachment":"scroll","background-type":"","background-media":"","overlay-type":"","overlay-color":"","overlay-opacity":"","overlay-gradient":""}}},"product_brand":[],"product_cat":[31],"product_tag":[],"class_list":{"0":"post-21792","1":"product","2":"type-product","3":"status-publish","4":"has-post-thumbnail","6":"product_cat-grozine-literatura","7":"desktop-align-left","8":"tablet-align-left","9":"mobile-align-left","11":"first","12":"instock","13":"shipping-taxable","14":"purchasable","15":"product-type-simple"},"acf":[],"yoast_head":"<!-- This site is optimized with the Yoast SEO plugin v27.0 - https:\/\/yoast.com\/product\/yoast-seo-wordpress\/ -->\n<title>P. S. Atva\u017eiuok \u012f Italij\u0105<\/title>\n<meta name=\"description\" content=\"P. S. Atva\u017eiuok \u012f Italij\u0105, Bela, atva\u017eiuok pasid\u017eiaugti saule ir makaronais, ir raudonuoju vynu, ir ilgais pasivaik\u0161\u010diojimais; atva\u017eiuok ir pasilik, kiek\" \/>\n<meta name=\"robots\" content=\"index, follow, max-snippet:-1, max-image-preview:large, max-video-preview:-1\" \/>\n<link rel=\"canonical\" href=\"https:\/\/skaitytaknyga.lt\/en\/produktas\/p-s-atvaziuok-i-italija\/\" \/>\n<meta property=\"og:locale\" content=\"en_GB\" \/>\n<meta property=\"og:locale:alternate\" content=\"lt_LT\" \/>\n<meta property=\"og:type\" content=\"article\" \/>\n<meta property=\"og:title\" content=\"P. S. Atva\u017eiuok \u012f Italij\u0105\" \/>\n<meta property=\"og:description\" content=\"P. S. Atva\u017eiuok \u012f Italij\u0105, Bela, atva\u017eiuok pasid\u017eiaugti saule ir makaronais, ir raudonuoju vynu, ir ilgais pasivaik\u0161\u010diojimais; atva\u017eiuok ir pasilik, kiek\" \/>\n<meta property=\"og:url\" content=\"https:\/\/skaitytaknyga.lt\/en\/produktas\/p-s-atvaziuok-i-italija\/\" \/>\n<meta property=\"og:site_name\" content=\"Skaitytaknyga\" \/>\n<meta property=\"article:publisher\" content=\"https:\/\/www.facebook.com\/skaitytaknyga\/\" \/>\n<meta property=\"article:modified_time\" content=\"2025-11-04T13:20:19+00:00\" \/>\n<meta property=\"og:image\" content=\"https:\/\/skaitytaknyga.lt\/wp-content\/uploads\/2025\/11\/P.-S.-Atvaziuok-i-Italija-1.webp\" \/>\n\t<meta property=\"og:image:width\" content=\"300\" \/>\n\t<meta property=\"og:image:height\" content=\"450\" \/>\n\t<meta property=\"og:image:type\" content=\"image\/webp\" \/>\n<meta name=\"twitter:card\" content=\"summary_large_image\" \/>\n<meta name=\"twitter:label1\" content=\"Estimated reading time\" \/>\n\t<meta name=\"twitter:data1\" content=\"1 minute\" \/>\n<script type=\"application\/ld+json\" class=\"yoast-schema-graph\">{\"@context\":\"https:\/\/schema.org\",\"@graph\":[{\"@type\":\"WebPage\",\"@id\":\"https:\/\/skaitytaknyga.lt\/produktas\/p-s-atvaziuok-i-italija\/\",\"url\":\"https:\/\/skaitytaknyga.lt\/produktas\/p-s-atvaziuok-i-italija\/\",\"name\":\"P. S. Atva\u017eiuok \u012f Italij\u0105\",\"isPartOf\":{\"@id\":\"https:\/\/skaitytaknyga.lt\/#website\"},\"primaryImageOfPage\":{\"@id\":\"https:\/\/skaitytaknyga.lt\/produktas\/p-s-atvaziuok-i-italija\/#primaryimage\"},\"image\":{\"@id\":\"https:\/\/skaitytaknyga.lt\/produktas\/p-s-atvaziuok-i-italija\/#primaryimage\"},\"thumbnailUrl\":\"https:\/\/skaitytaknyga.lt\/wp-content\/uploads\/2025\/11\/P.-S.-Atvaziuok-i-Italija-1.webp\",\"datePublished\":\"2025-11-04T08:18:54+00:00\",\"dateModified\":\"2025-11-04T13:20:19+00:00\",\"description\":\"P. S. Atva\u017eiuok \u012f Italij\u0105, Bela, atva\u017eiuok pasid\u017eiaugti saule ir makaronais, ir raudonuoju vynu, ir ilgais pasivaik\u0161\u010diojimais; atva\u017eiuok ir pasilik, kiek\",\"breadcrumb\":{\"@id\":\"https:\/\/skaitytaknyga.lt\/produktas\/p-s-atvaziuok-i-italija\/#breadcrumb\"},\"inLanguage\":\"en-GB\",\"potentialAction\":[{\"@type\":\"ReadAction\",\"target\":[\"https:\/\/skaitytaknyga.lt\/produktas\/p-s-atvaziuok-i-italija\/\"]}]},{\"@type\":\"ImageObject\",\"inLanguage\":\"en-GB\",\"@id\":\"https:\/\/skaitytaknyga.lt\/produktas\/p-s-atvaziuok-i-italija\/#primaryimage\",\"url\":\"https:\/\/skaitytaknyga.lt\/wp-content\/uploads\/2025\/11\/P.-S.-Atvaziuok-i-Italija-1.webp\",\"contentUrl\":\"https:\/\/skaitytaknyga.lt\/wp-content\/uploads\/2025\/11\/P.-S.-Atvaziuok-i-Italija-1.webp\",\"width\":300,\"height\":450,\"caption\":\"P. S. Atva\u017eiuok \u012f Italij\u0105\"},{\"@type\":\"BreadcrumbList\",\"@id\":\"https:\/\/skaitytaknyga.lt\/produktas\/p-s-atvaziuok-i-italija\/#breadcrumb\",\"itemListElement\":[{\"@type\":\"ListItem\",\"position\":1,\"name\":\"Home\",\"item\":\"https:\/\/skaitytaknyga.lt\/\"},{\"@type\":\"ListItem\",\"position\":2,\"name\":\"Parduotuv\u0117\",\"item\":\"https:\/\/skaitytaknyga.lt\/knygu-parduotuve\/\"},{\"@type\":\"ListItem\",\"position\":3,\"name\":\"P. S. Atva\u017eiuok \u012f Italij\u0105\"}]},{\"@type\":\"WebSite\",\"@id\":\"https:\/\/skaitytaknyga.lt\/#website\",\"url\":\"https:\/\/skaitytaknyga.lt\/\",\"name\":\"skaitytaknyga.lt\",\"description\":\"Skaitytaknyga.lt \u2013 tai ma\u017eas \u0161eimos verslas, kuris prasid\u0117jo nuo meil\u0117s knygoms ir siekio i\u0161gelb\u0117ti knygas nuo likimo prie konteinerio. Kas vienam nereikalingas daiktas \u2013 kitam lobis, o mes esame tarpininkai, kurie padeda abiems tapti laimingesniems ???? \u017dinome kaip nelengva i\u0161gyventi ma\u017eiems verslams, tad nuo \u0161iol, \u010dia rasite ir kit\u0173, ma\u017e\u0173 \u0161eim\u0173 versl\u0173, rank\u0173 darbo, dovan\u0173 sau ir artimiesiems.\",\"publisher\":{\"@id\":\"https:\/\/skaitytaknyga.lt\/#organization\"},\"potentialAction\":[{\"@type\":\"SearchAction\",\"target\":{\"@type\":\"EntryPoint\",\"urlTemplate\":\"https:\/\/skaitytaknyga.lt\/?s={search_term_string}\"},\"query-input\":{\"@type\":\"PropertyValueSpecification\",\"valueRequired\":true,\"valueName\":\"search_term_string\"}}],\"inLanguage\":\"en-GB\"},{\"@type\":\"Organization\",\"@id\":\"https:\/\/skaitytaknyga.lt\/#organization\",\"name\":\"skaitytaknyga.lt\",\"url\":\"https:\/\/skaitytaknyga.lt\/\",\"logo\":{\"@type\":\"ImageObject\",\"inLanguage\":\"en-GB\",\"@id\":\"https:\/\/skaitytaknyga.lt\/#\/schema\/logo\/image\/\",\"url\":\"https:\/\/skaitytaknyga.lt\/wp-content\/uploads\/2024\/05\/cropped-cropped-cropped-02_00843_jt3bggkj1j3HLc7SyY6rEUpg.jpeg\",\"contentUrl\":\"https:\/\/skaitytaknyga.lt\/wp-content\/uploads\/2024\/05\/cropped-cropped-cropped-02_00843_jt3bggkj1j3HLc7SyY6rEUpg.jpeg\",\"width\":1600,\"height\":1600,\"caption\":\"skaitytaknyga.lt\"},\"image\":{\"@id\":\"https:\/\/skaitytaknyga.lt\/#\/schema\/logo\/image\/\"},\"sameAs\":[\"https:\/\/www.facebook.com\/skaitytaknyga\/\"]}]}<\/script>\n<!-- \/ Yoast SEO plugin. -->","yoast_head_json":{"title":"P. S. Atva\u017eiuok \u012f Italij\u0105","description":"P. S. Atva\u017eiuok \u012f Italij\u0105, Bela, atva\u017eiuok pasid\u017eiaugti saule ir makaronais, ir raudonuoju vynu, ir ilgais pasivaik\u0161\u010diojimais; atva\u017eiuok ir pasilik, kiek","robots":{"index":"index","follow":"follow","max-snippet":"max-snippet:-1","max-image-preview":"max-image-preview:large","max-video-preview":"max-video-preview:-1"},"canonical":"https:\/\/skaitytaknyga.lt\/en\/produktas\/p-s-atvaziuok-i-italija\/","og_locale":"en_GB","og_type":"article","og_title":"[:lt]P. S. Atva\u017eiuok \u012f Italij\u0105[:] - Skaitytaknyga","og_description":"P. S. Atva\u017eiuok \u012f Italij\u0105, Bela, atva\u017eiuok pasid\u017eiaugti saule ir makaronais, ir raudonuoju vynu, ir ilgais pasivaik\u0161\u010diojimais; atva\u017eiuok ir pasilik, kiek","og_url":"https:\/\/skaitytaknyga.lt\/en\/produktas\/p-s-atvaziuok-i-italija\/","og_site_name":"Skaitytaknyga","article_publisher":"https:\/\/www.facebook.com\/skaitytaknyga\/","article_modified_time":"2025-11-04T13:20:19+00:00","og_image":[{"width":300,"height":450,"url":"https:\/\/skaitytaknyga.lt\/wp-content\/uploads\/2025\/11\/P.-S.-Atvaziuok-i-Italija-1.webp","type":"image\/webp"}],"twitter_card":"summary_large_image","twitter_misc":{"Estimated reading time":"1 minute"},"schema":{"@context":"https:\/\/schema.org","@graph":[{"@type":"WebPage","@id":"https:\/\/skaitytaknyga.lt\/produktas\/p-s-atvaziuok-i-italija\/","url":"https:\/\/skaitytaknyga.lt\/produktas\/p-s-atvaziuok-i-italija\/","name":"P. S. Atva\u017eiuok \u012f Italij\u0105","isPartOf":{"@id":"https:\/\/skaitytaknyga.lt\/#website"},"primaryImageOfPage":{"@id":"https:\/\/skaitytaknyga.lt\/produktas\/p-s-atvaziuok-i-italija\/#primaryimage"},"image":{"@id":"https:\/\/skaitytaknyga.lt\/produktas\/p-s-atvaziuok-i-italija\/#primaryimage"},"thumbnailUrl":"https:\/\/skaitytaknyga.lt\/wp-content\/uploads\/2025\/11\/P.-S.-Atvaziuok-i-Italija-1.webp","datePublished":"2025-11-04T08:18:54+00:00","dateModified":"2025-11-04T13:20:19+00:00","description":"P. S. Atva\u017eiuok \u012f Italij\u0105, Bela, atva\u017eiuok pasid\u017eiaugti saule ir makaronais, ir raudonuoju vynu, ir ilgais pasivaik\u0161\u010diojimais; atva\u017eiuok ir pasilik, kiek","breadcrumb":{"@id":"https:\/\/skaitytaknyga.lt\/produktas\/p-s-atvaziuok-i-italija\/#breadcrumb"},"inLanguage":"en-GB","potentialAction":[{"@type":"ReadAction","target":["https:\/\/skaitytaknyga.lt\/produktas\/p-s-atvaziuok-i-italija\/"]}]},{"@type":"ImageObject","inLanguage":"en-GB","@id":"https:\/\/skaitytaknyga.lt\/produktas\/p-s-atvaziuok-i-italija\/#primaryimage","url":"https:\/\/skaitytaknyga.lt\/wp-content\/uploads\/2025\/11\/P.-S.-Atvaziuok-i-Italija-1.webp","contentUrl":"https:\/\/skaitytaknyga.lt\/wp-content\/uploads\/2025\/11\/P.-S.-Atvaziuok-i-Italija-1.webp","width":300,"height":450,"caption":"P. S. Atva\u017eiuok \u012f Italij\u0105"},{"@type":"BreadcrumbList","@id":"https:\/\/skaitytaknyga.lt\/produktas\/p-s-atvaziuok-i-italija\/#breadcrumb","itemListElement":[{"@type":"ListItem","position":1,"name":"Home","item":"https:\/\/skaitytaknyga.lt\/"},{"@type":"ListItem","position":2,"name":"Parduotuv\u0117","item":"https:\/\/skaitytaknyga.lt\/knygu-parduotuve\/"},{"@type":"ListItem","position":3,"name":"P. S. Atva\u017eiuok \u012f Italij\u0105"}]},{"@type":"WebSite","@id":"https:\/\/skaitytaknyga.lt\/#website","url":"https:\/\/skaitytaknyga.lt\/","name":"skaitytaknyga.lt","description":"Skaitytaknyga.lt \u2013 tai ma\u017eas \u0161eimos verslas, kuris prasid\u0117jo nuo meil\u0117s knygoms ir siekio i\u0161gelb\u0117ti knygas nuo likimo prie konteinerio. Kas vienam nereikalingas daiktas \u2013 kitam lobis, o mes esame tarpininkai, kurie padeda abiems tapti laimingesniems ???? \u017dinome kaip nelengva i\u0161gyventi ma\u017eiems verslams, tad nuo \u0161iol, \u010dia rasite ir kit\u0173, ma\u017e\u0173 \u0161eim\u0173 versl\u0173, rank\u0173 darbo, dovan\u0173 sau ir artimiesiems.","publisher":{"@id":"https:\/\/skaitytaknyga.lt\/#organization"},"potentialAction":[{"@type":"SearchAction","target":{"@type":"EntryPoint","urlTemplate":"https:\/\/skaitytaknyga.lt\/?s={search_term_string}"},"query-input":{"@type":"PropertyValueSpecification","valueRequired":true,"valueName":"search_term_string"}}],"inLanguage":"en-GB"},{"@type":"Organization","@id":"https:\/\/skaitytaknyga.lt\/#organization","name":"skaitytaknyga.lt","url":"https:\/\/skaitytaknyga.lt\/","logo":{"@type":"ImageObject","inLanguage":"en-GB","@id":"https:\/\/skaitytaknyga.lt\/#\/schema\/logo\/image\/","url":"https:\/\/skaitytaknyga.lt\/wp-content\/uploads\/2024\/05\/cropped-cropped-cropped-02_00843_jt3bggkj1j3HLc7SyY6rEUpg.jpeg","contentUrl":"https:\/\/skaitytaknyga.lt\/wp-content\/uploads\/2024\/05\/cropped-cropped-cropped-02_00843_jt3bggkj1j3HLc7SyY6rEUpg.jpeg","width":1600,"height":1600,"caption":"skaitytaknyga.lt"},"image":{"@id":"https:\/\/skaitytaknyga.lt\/#\/schema\/logo\/image\/"},"sameAs":["https:\/\/www.facebook.com\/skaitytaknyga\/"]}]}},"_links":{"self":[{"href":"https:\/\/skaitytaknyga.lt\/en\/wp-json\/wp\/v2\/product\/21792","targetHints":{"allow":["GET"]}}],"collection":[{"href":"https:\/\/skaitytaknyga.lt\/en\/wp-json\/wp\/v2\/product"}],"about":[{"href":"https:\/\/skaitytaknyga.lt\/en\/wp-json\/wp\/v2\/types\/product"}],"replies":[{"embeddable":true,"href":"https:\/\/skaitytaknyga.lt\/en\/wp-json\/wp\/v2\/comments?post=21792"}],"wp:featuredmedia":[{"embeddable":true,"href":"https:\/\/skaitytaknyga.lt\/en\/wp-json\/wp\/v2\/media\/21797"}],"wp:attachment":[{"href":"https:\/\/skaitytaknyga.lt\/en\/wp-json\/wp\/v2\/media?parent=21792"}],"wp:term":[{"taxonomy":"product_brand","embeddable":true,"href":"https:\/\/skaitytaknyga.lt\/en\/wp-json\/wp\/v2\/product_brand?post=21792"},{"taxonomy":"product_cat","embeddable":true,"href":"https:\/\/skaitytaknyga.lt\/en\/wp-json\/wp\/v2\/product_cat?post=21792"},{"taxonomy":"product_tag","embeddable":true,"href":"https:\/\/skaitytaknyga.lt\/en\/wp-json\/wp\/v2\/product_tag?post=21792"}],"curies":[{"name":"wp","href":"https:\/\/api.w.org\/{rel}","templated":true}]}}