{"id":21791,"date":"2025-11-04T10:18:54","date_gmt":"2025-11-04T08:18:54","guid":{"rendered":"https:\/\/skaitytaknyga.lt\/?post_type=product&#038;p=21791"},"modified":"2025-11-04T15:20:19","modified_gmt":"2025-11-04T13:20:19","slug":"menulis-ir-skatikas","status":"publish","type":"product","link":"https:\/\/skaitytaknyga.lt\/en\/produktas\/menulis-ir-skatikas\/","title":{"rendered":"M\u0117nulis ir skatikas"},"content":{"rendered":"<p>Ry\u0161kusis pranc\u016bz\u0173 postimpresionistas Paulis Gauguinas gim\u0117 1848-\u0173j\u0173 revoliucijos Pranc\u016bzijoje metais ir nerami to laiko dvasia nepaliko k\u016br\u0117jo vis\u0105 gyvenim\u0105. Myl\u0117tas arba nek\u0119stas, savit\u0105 po\u017ei\u016br\u012f \u012f pasaul\u012f ir tapyb\u0105 rei\u0161k\u0119s menininkas i\u0161gars\u0117jo pirmyk\u0161t\u0117s idil\u0117s paie\u0161komis, gyva vaizduote ir ry\u0161kia palete. Ne ma\u017eiau \u017eymus angl\u0173 ra\u0161ytojas ir dramaturgas Williamas Somersetas Maughamas (1874\u20131965) pasiskolino jos spalv\u0173. Taip, remiantis Paulio Gauguino gyvenimo ir k\u016brybos faktais, gim\u0117 vienas ry\u0161kiausi\u0173 ra\u0161ytojo roman\u0173 \u201eM\u0117nulis ir skatikas&#8221;.<\/p>\n<p>Jaudinan\u010dios istorijos apie genialum\u0105, menininko siel\u0105 ir likimus, kuriuos ji palie\u010dia, centre \u2013 dramati\u0161ka \u010carlio Striklendo gyvenimo ir k\u016brybos istorija. Vis\u0105 gyvenim\u0105 dirb\u0119s Londono bir\u017eoje, sulauk\u0119s brandaus am\u017eiaus jis vien\u0105 dien\u0105 paliko \u017emon\u0105 ir vaikus, met\u0117 turtus ir presti\u017ein\u012f darb\u0105 bei atsidav\u0117 nenumaldomai aistrai tapyti. Paskui savo menin\u0119 vizij\u0105 i\u0161vyko \u012f bohemi\u0161k\u0105j\u012f Pary\u017ei\u0173, v\u0117liau \u012fsik\u016br\u0117 Taityje, kur apsigyveno su \u010diabuve moterimi, ir, nepaisant skurdo bei ligos, suk\u016br\u0117 nuostabiausius ir misti\u0161kiausius savo paveikslus.<\/p>\n","protected":false},"excerpt":{"rendered":"<p>Ry\u0161kusis pranc\u016bz\u0173 postimpresionistas Paulis Gauguinas gim\u0117 1848-\u0173j\u0173 revoliucijos Pranc\u016bzijoje metais ir nerami to laiko dvasia nepaliko k\u016br\u0117jo vis\u0105 gyvenim\u0105. Myl\u0117tas arba nek\u0119stas, savit\u0105 po\u017ei\u016br\u012f \u012f pasaul\u012f ir tapyb\u0105 rei\u0161k\u0119s menininkas i\u0161gars\u0117jo pirmyk\u0161t\u0117s idil\u0117s paie\u0161komis, gyva vaizduote ir ry\u0161kia palete. Ne ma\u017eiau \u017eymus angl\u0173 ra\u0161ytojas ir dramaturgas Williamas Somersetas Maughamas (1874\u20131965) pasiskolino jos spalv\u0173. Taip, remiantis Paulio Gauguino gyvenimo ir k\u016brybos faktais, gim\u0117 vienas ry\u0161kiausi\u0173 ra\u0161ytojo roman\u0173 \u201eM\u0117nulis ir skatikas&#8221;. Jaudinan\u010dios istorijos apie genialum\u0105, menininko siel\u0105 ir likimus, kuriuos ji palie\u010dia, centre \u2013 dramati\u0161ka \u010carlio Striklendo gyvenimo ir k\u016brybos istorija. Vis\u0105 gyvenim\u0105 dirb\u0119s Londono bir\u017eoje, sulauk\u0119s brandaus am\u017eiaus jis vien\u0105 dien\u0105 paliko \u017emon\u0105 ir vaikus, met\u0117 turtus ir presti\u017ein\u012f darb\u0105 bei atsidav\u0117 nenumaldomai aistrai tapyti. Paskui savo menin\u0119 vizij\u0105 i\u0161vyko \u012f bohemi\u0161k\u0105j\u012f Pary\u017ei\u0173, v\u0117liau \u012fsik\u016br\u0117 Taityje, kur apsigyveno su \u010diabuve moterimi, ir, nepaisant skurdo bei ligos, suk\u016br\u0117 nuostabiausius ir misti\u0161kiausius savo paveikslus.<\/p>\n","protected":false},"featured_media":21796,"comment_status":"open","ping_status":"closed","template":"","meta":{"_acf_changed":false,"site-sidebar-layout":"default","site-content-layout":"","ast-site-content-layout":"default","site-content-style":"default","site-sidebar-style":"default","ast-global-header-display":"","ast-banner-title-visibility":"","ast-main-header-display":"","ast-hfb-above-header-display":"","ast-hfb-below-header-display":"","ast-hfb-mobile-header-display":"","site-post-title":"","ast-breadcrumbs-content":"","ast-featured-img":"","footer-sml-layout":"","ast-disable-related-posts":"","theme-transparent-header-meta":"","adv-header-id-meta":"","stick-header-meta":"","header-above-stick-meta":"","header-main-stick-meta":"","header-below-stick-meta":"","astra-migrate-meta-layouts":"default","ast-page-background-enabled":"default","ast-page-background-meta":{"desktop":{"background-color":"","background-image":"","background-repeat":"repeat","background-position":"center center","background-size":"auto","background-attachment":"scroll","background-type":"","background-media":"","overlay-type":"","overlay-color":"","overlay-opacity":"","overlay-gradient":""},"tablet":{"background-color":"","background-image":"","background-repeat":"repeat","background-position":"center center","background-size":"auto","background-attachment":"scroll","background-type":"","background-media":"","overlay-type":"","overlay-color":"","overlay-opacity":"","overlay-gradient":""},"mobile":{"background-color":"","background-image":"","background-repeat":"repeat","background-position":"center center","background-size":"auto","background-attachment":"scroll","background-type":"","background-media":"","overlay-type":"","overlay-color":"","overlay-opacity":"","overlay-gradient":""}},"ast-content-background-meta":{"desktop":{"background-color":"var(--ast-global-color-4)","background-image":"","background-repeat":"repeat","background-position":"center center","background-size":"auto","background-attachment":"scroll","background-type":"","background-media":"","overlay-type":"","overlay-color":"","overlay-opacity":"","overlay-gradient":""},"tablet":{"background-color":"var(--ast-global-color-4)","background-image":"","background-repeat":"repeat","background-position":"center center","background-size":"auto","background-attachment":"scroll","background-type":"","background-media":"","overlay-type":"","overlay-color":"","overlay-opacity":"","overlay-gradient":""},"mobile":{"background-color":"var(--ast-global-color-4)","background-image":"","background-repeat":"repeat","background-position":"center center","background-size":"auto","background-attachment":"scroll","background-type":"","background-media":"","overlay-type":"","overlay-color":"","overlay-opacity":"","overlay-gradient":""}}},"product_brand":[],"product_cat":[31],"product_tag":[],"class_list":{"0":"post-21791","1":"product","2":"type-product","3":"status-publish","4":"has-post-thumbnail","6":"product_cat-grozine-literatura","7":"desktop-align-left","8":"tablet-align-left","9":"mobile-align-left","11":"first","12":"instock","13":"shipping-taxable","14":"purchasable","15":"product-type-simple"},"acf":[],"yoast_head":"<!-- This site is optimized with the Yoast SEO plugin v27.0 - https:\/\/yoast.com\/product\/yoast-seo-wordpress\/ -->\n<title>M\u0117nulis ir skatikas<\/title>\n<meta name=\"description\" content=\"Ry\u0161kusis pranc\u016bz\u0173 postimpresionistas Paulis Gauguinas gim\u0117 1848-\u0173j\u0173 revoliucijos Pranc\u016bzijoje metais ir nerami to laiko dvasia nepaliko k\u016br\u0117jo vis\u0105\" \/>\n<meta name=\"robots\" content=\"index, follow, max-snippet:-1, max-image-preview:large, max-video-preview:-1\" \/>\n<link rel=\"canonical\" href=\"https:\/\/skaitytaknyga.lt\/en\/produktas\/menulis-ir-skatikas\/\" \/>\n<meta property=\"og:locale\" content=\"en_GB\" \/>\n<meta property=\"og:locale:alternate\" content=\"lt_LT\" \/>\n<meta property=\"og:type\" content=\"article\" \/>\n<meta property=\"og:title\" content=\"M\u0117nulis ir skatikas\" \/>\n<meta property=\"og:description\" content=\"Ry\u0161kusis pranc\u016bz\u0173 postimpresionistas Paulis Gauguinas gim\u0117 1848-\u0173j\u0173 revoliucijos Pranc\u016bzijoje metais ir nerami to laiko dvasia nepaliko k\u016br\u0117jo vis\u0105\" \/>\n<meta property=\"og:url\" content=\"https:\/\/skaitytaknyga.lt\/en\/produktas\/menulis-ir-skatikas\/\" \/>\n<meta property=\"og:site_name\" content=\"Skaitytaknyga\" \/>\n<meta property=\"article:publisher\" content=\"https:\/\/www.facebook.com\/skaitytaknyga\/\" \/>\n<meta property=\"article:modified_time\" content=\"2025-11-04T13:20:19+00:00\" \/>\n<meta property=\"og:image\" content=\"https:\/\/skaitytaknyga.lt\/wp-content\/uploads\/2025\/11\/Menulis-ir-skatikas-1.webp\" \/>\n\t<meta property=\"og:image:width\" content=\"300\" \/>\n\t<meta property=\"og:image:height\" content=\"450\" \/>\n\t<meta property=\"og:image:type\" content=\"image\/webp\" \/>\n<meta name=\"twitter:card\" content=\"summary_large_image\" \/>\n<meta name=\"twitter:label1\" content=\"Estimated reading time\" \/>\n\t<meta name=\"twitter:data1\" content=\"1 minute\" \/>\n<script type=\"application\/ld+json\" class=\"yoast-schema-graph\">{\"@context\":\"https:\/\/schema.org\",\"@graph\":[{\"@type\":\"WebPage\",\"@id\":\"https:\/\/skaitytaknyga.lt\/produktas\/menulis-ir-skatikas\/\",\"url\":\"https:\/\/skaitytaknyga.lt\/produktas\/menulis-ir-skatikas\/\",\"name\":\"M\u0117nulis ir skatikas\",\"isPartOf\":{\"@id\":\"https:\/\/skaitytaknyga.lt\/#website\"},\"primaryImageOfPage\":{\"@id\":\"https:\/\/skaitytaknyga.lt\/produktas\/menulis-ir-skatikas\/#primaryimage\"},\"image\":{\"@id\":\"https:\/\/skaitytaknyga.lt\/produktas\/menulis-ir-skatikas\/#primaryimage\"},\"thumbnailUrl\":\"https:\/\/skaitytaknyga.lt\/wp-content\/uploads\/2025\/11\/Menulis-ir-skatikas-1.webp\",\"datePublished\":\"2025-11-04T08:18:54+00:00\",\"dateModified\":\"2025-11-04T13:20:19+00:00\",\"description\":\"Ry\u0161kusis pranc\u016bz\u0173 postimpresionistas Paulis Gauguinas gim\u0117 1848-\u0173j\u0173 revoliucijos Pranc\u016bzijoje metais ir nerami to laiko dvasia nepaliko k\u016br\u0117jo vis\u0105\",\"breadcrumb\":{\"@id\":\"https:\/\/skaitytaknyga.lt\/produktas\/menulis-ir-skatikas\/#breadcrumb\"},\"inLanguage\":\"en-GB\",\"potentialAction\":[{\"@type\":\"ReadAction\",\"target\":[\"https:\/\/skaitytaknyga.lt\/produktas\/menulis-ir-skatikas\/\"]}]},{\"@type\":\"ImageObject\",\"inLanguage\":\"en-GB\",\"@id\":\"https:\/\/skaitytaknyga.lt\/produktas\/menulis-ir-skatikas\/#primaryimage\",\"url\":\"https:\/\/skaitytaknyga.lt\/wp-content\/uploads\/2025\/11\/Menulis-ir-skatikas-1.webp\",\"contentUrl\":\"https:\/\/skaitytaknyga.lt\/wp-content\/uploads\/2025\/11\/Menulis-ir-skatikas-1.webp\",\"width\":300,\"height\":450,\"caption\":\"M\u0117nulis ir skatikas\"},{\"@type\":\"BreadcrumbList\",\"@id\":\"https:\/\/skaitytaknyga.lt\/produktas\/menulis-ir-skatikas\/#breadcrumb\",\"itemListElement\":[{\"@type\":\"ListItem\",\"position\":1,\"name\":\"Home\",\"item\":\"https:\/\/skaitytaknyga.lt\/\"},{\"@type\":\"ListItem\",\"position\":2,\"name\":\"Parduotuv\u0117\",\"item\":\"https:\/\/skaitytaknyga.lt\/knygu-parduotuve\/\"},{\"@type\":\"ListItem\",\"position\":3,\"name\":\"M\u0117nulis ir skatikas\"}]},{\"@type\":\"WebSite\",\"@id\":\"https:\/\/skaitytaknyga.lt\/#website\",\"url\":\"https:\/\/skaitytaknyga.lt\/\",\"name\":\"skaitytaknyga.lt\",\"description\":\"Skaitytaknyga.lt \u2013 tai ma\u017eas \u0161eimos verslas, kuris prasid\u0117jo nuo meil\u0117s knygoms ir siekio i\u0161gelb\u0117ti knygas nuo likimo prie konteinerio. Kas vienam nereikalingas daiktas \u2013 kitam lobis, o mes esame tarpininkai, kurie padeda abiems tapti laimingesniems ???? \u017dinome kaip nelengva i\u0161gyventi ma\u017eiems verslams, tad nuo \u0161iol, \u010dia rasite ir kit\u0173, ma\u017e\u0173 \u0161eim\u0173 versl\u0173, rank\u0173 darbo, dovan\u0173 sau ir artimiesiems.\",\"publisher\":{\"@id\":\"https:\/\/skaitytaknyga.lt\/#organization\"},\"potentialAction\":[{\"@type\":\"SearchAction\",\"target\":{\"@type\":\"EntryPoint\",\"urlTemplate\":\"https:\/\/skaitytaknyga.lt\/?s={search_term_string}\"},\"query-input\":{\"@type\":\"PropertyValueSpecification\",\"valueRequired\":true,\"valueName\":\"search_term_string\"}}],\"inLanguage\":\"en-GB\"},{\"@type\":\"Organization\",\"@id\":\"https:\/\/skaitytaknyga.lt\/#organization\",\"name\":\"skaitytaknyga.lt\",\"url\":\"https:\/\/skaitytaknyga.lt\/\",\"logo\":{\"@type\":\"ImageObject\",\"inLanguage\":\"en-GB\",\"@id\":\"https:\/\/skaitytaknyga.lt\/#\/schema\/logo\/image\/\",\"url\":\"https:\/\/skaitytaknyga.lt\/wp-content\/uploads\/2024\/05\/cropped-cropped-cropped-02_00843_jt3bggkj1j3HLc7SyY6rEUpg.jpeg\",\"contentUrl\":\"https:\/\/skaitytaknyga.lt\/wp-content\/uploads\/2024\/05\/cropped-cropped-cropped-02_00843_jt3bggkj1j3HLc7SyY6rEUpg.jpeg\",\"width\":1600,\"height\":1600,\"caption\":\"skaitytaknyga.lt\"},\"image\":{\"@id\":\"https:\/\/skaitytaknyga.lt\/#\/schema\/logo\/image\/\"},\"sameAs\":[\"https:\/\/www.facebook.com\/skaitytaknyga\/\"]}]}<\/script>\n<!-- \/ Yoast SEO plugin. -->","yoast_head_json":{"title":"M\u0117nulis ir skatikas","description":"Ry\u0161kusis pranc\u016bz\u0173 postimpresionistas Paulis Gauguinas gim\u0117 1848-\u0173j\u0173 revoliucijos Pranc\u016bzijoje metais ir nerami to laiko dvasia nepaliko k\u016br\u0117jo vis\u0105","robots":{"index":"index","follow":"follow","max-snippet":"max-snippet:-1","max-image-preview":"max-image-preview:large","max-video-preview":"max-video-preview:-1"},"canonical":"https:\/\/skaitytaknyga.lt\/en\/produktas\/menulis-ir-skatikas\/","og_locale":"en_GB","og_type":"article","og_title":"[:lt]M\u0117nulis ir skatikas[:] - Skaitytaknyga","og_description":"Ry\u0161kusis pranc\u016bz\u0173 postimpresionistas Paulis Gauguinas gim\u0117 1848-\u0173j\u0173 revoliucijos Pranc\u016bzijoje metais ir nerami to laiko dvasia nepaliko k\u016br\u0117jo vis\u0105","og_url":"https:\/\/skaitytaknyga.lt\/en\/produktas\/menulis-ir-skatikas\/","og_site_name":"Skaitytaknyga","article_publisher":"https:\/\/www.facebook.com\/skaitytaknyga\/","article_modified_time":"2025-11-04T13:20:19+00:00","og_image":[{"width":300,"height":450,"url":"https:\/\/skaitytaknyga.lt\/wp-content\/uploads\/2025\/11\/Menulis-ir-skatikas-1.webp","type":"image\/webp"}],"twitter_card":"summary_large_image","twitter_misc":{"Estimated reading time":"1 minute"},"schema":{"@context":"https:\/\/schema.org","@graph":[{"@type":"WebPage","@id":"https:\/\/skaitytaknyga.lt\/produktas\/menulis-ir-skatikas\/","url":"https:\/\/skaitytaknyga.lt\/produktas\/menulis-ir-skatikas\/","name":"M\u0117nulis ir skatikas","isPartOf":{"@id":"https:\/\/skaitytaknyga.lt\/#website"},"primaryImageOfPage":{"@id":"https:\/\/skaitytaknyga.lt\/produktas\/menulis-ir-skatikas\/#primaryimage"},"image":{"@id":"https:\/\/skaitytaknyga.lt\/produktas\/menulis-ir-skatikas\/#primaryimage"},"thumbnailUrl":"https:\/\/skaitytaknyga.lt\/wp-content\/uploads\/2025\/11\/Menulis-ir-skatikas-1.webp","datePublished":"2025-11-04T08:18:54+00:00","dateModified":"2025-11-04T13:20:19+00:00","description":"Ry\u0161kusis pranc\u016bz\u0173 postimpresionistas Paulis Gauguinas gim\u0117 1848-\u0173j\u0173 revoliucijos Pranc\u016bzijoje metais ir nerami to laiko dvasia nepaliko k\u016br\u0117jo vis\u0105","breadcrumb":{"@id":"https:\/\/skaitytaknyga.lt\/produktas\/menulis-ir-skatikas\/#breadcrumb"},"inLanguage":"en-GB","potentialAction":[{"@type":"ReadAction","target":["https:\/\/skaitytaknyga.lt\/produktas\/menulis-ir-skatikas\/"]}]},{"@type":"ImageObject","inLanguage":"en-GB","@id":"https:\/\/skaitytaknyga.lt\/produktas\/menulis-ir-skatikas\/#primaryimage","url":"https:\/\/skaitytaknyga.lt\/wp-content\/uploads\/2025\/11\/Menulis-ir-skatikas-1.webp","contentUrl":"https:\/\/skaitytaknyga.lt\/wp-content\/uploads\/2025\/11\/Menulis-ir-skatikas-1.webp","width":300,"height":450,"caption":"M\u0117nulis ir skatikas"},{"@type":"BreadcrumbList","@id":"https:\/\/skaitytaknyga.lt\/produktas\/menulis-ir-skatikas\/#breadcrumb","itemListElement":[{"@type":"ListItem","position":1,"name":"Home","item":"https:\/\/skaitytaknyga.lt\/"},{"@type":"ListItem","position":2,"name":"Parduotuv\u0117","item":"https:\/\/skaitytaknyga.lt\/knygu-parduotuve\/"},{"@type":"ListItem","position":3,"name":"M\u0117nulis ir skatikas"}]},{"@type":"WebSite","@id":"https:\/\/skaitytaknyga.lt\/#website","url":"https:\/\/skaitytaknyga.lt\/","name":"skaitytaknyga.lt","description":"Skaitytaknyga.lt \u2013 tai ma\u017eas \u0161eimos verslas, kuris prasid\u0117jo nuo meil\u0117s knygoms ir siekio i\u0161gelb\u0117ti knygas nuo likimo prie konteinerio. Kas vienam nereikalingas daiktas \u2013 kitam lobis, o mes esame tarpininkai, kurie padeda abiems tapti laimingesniems ???? \u017dinome kaip nelengva i\u0161gyventi ma\u017eiems verslams, tad nuo \u0161iol, \u010dia rasite ir kit\u0173, ma\u017e\u0173 \u0161eim\u0173 versl\u0173, rank\u0173 darbo, dovan\u0173 sau ir artimiesiems.","publisher":{"@id":"https:\/\/skaitytaknyga.lt\/#organization"},"potentialAction":[{"@type":"SearchAction","target":{"@type":"EntryPoint","urlTemplate":"https:\/\/skaitytaknyga.lt\/?s={search_term_string}"},"query-input":{"@type":"PropertyValueSpecification","valueRequired":true,"valueName":"search_term_string"}}],"inLanguage":"en-GB"},{"@type":"Organization","@id":"https:\/\/skaitytaknyga.lt\/#organization","name":"skaitytaknyga.lt","url":"https:\/\/skaitytaknyga.lt\/","logo":{"@type":"ImageObject","inLanguage":"en-GB","@id":"https:\/\/skaitytaknyga.lt\/#\/schema\/logo\/image\/","url":"https:\/\/skaitytaknyga.lt\/wp-content\/uploads\/2024\/05\/cropped-cropped-cropped-02_00843_jt3bggkj1j3HLc7SyY6rEUpg.jpeg","contentUrl":"https:\/\/skaitytaknyga.lt\/wp-content\/uploads\/2024\/05\/cropped-cropped-cropped-02_00843_jt3bggkj1j3HLc7SyY6rEUpg.jpeg","width":1600,"height":1600,"caption":"skaitytaknyga.lt"},"image":{"@id":"https:\/\/skaitytaknyga.lt\/#\/schema\/logo\/image\/"},"sameAs":["https:\/\/www.facebook.com\/skaitytaknyga\/"]}]}},"_links":{"self":[{"href":"https:\/\/skaitytaknyga.lt\/en\/wp-json\/wp\/v2\/product\/21791","targetHints":{"allow":["GET"]}}],"collection":[{"href":"https:\/\/skaitytaknyga.lt\/en\/wp-json\/wp\/v2\/product"}],"about":[{"href":"https:\/\/skaitytaknyga.lt\/en\/wp-json\/wp\/v2\/types\/product"}],"replies":[{"embeddable":true,"href":"https:\/\/skaitytaknyga.lt\/en\/wp-json\/wp\/v2\/comments?post=21791"}],"wp:featuredmedia":[{"embeddable":true,"href":"https:\/\/skaitytaknyga.lt\/en\/wp-json\/wp\/v2\/media\/21796"}],"wp:attachment":[{"href":"https:\/\/skaitytaknyga.lt\/en\/wp-json\/wp\/v2\/media?parent=21791"}],"wp:term":[{"taxonomy":"product_brand","embeddable":true,"href":"https:\/\/skaitytaknyga.lt\/en\/wp-json\/wp\/v2\/product_brand?post=21791"},{"taxonomy":"product_cat","embeddable":true,"href":"https:\/\/skaitytaknyga.lt\/en\/wp-json\/wp\/v2\/product_cat?post=21791"},{"taxonomy":"product_tag","embeddable":true,"href":"https:\/\/skaitytaknyga.lt\/en\/wp-json\/wp\/v2\/product_tag?post=21791"}],"curies":[{"name":"wp","href":"https:\/\/api.w.org\/{rel}","templated":true}]}}