{"id":21790,"date":"2025-11-04T10:18:54","date_gmt":"2025-11-04T08:18:54","guid":{"rendered":"https:\/\/skaitytaknyga.lt\/?post_type=product&#038;p=21790"},"modified":"2025-11-04T15:20:19","modified_gmt":"2025-11-04T13:20:19","slug":"suvedziotojo-dienorastis","status":"publish","type":"product","link":"https:\/\/skaitytaknyga.lt\/en\/produktas\/suvedziotojo-dienorastis\/","title":{"rendered":"Suved\u017eiotojo dienora\u0161tis"},"content":{"rendered":"<p>\u201eSuved\u017eiotojo dienora\u0161tis\u201c \u2013 paskutinis dan\u0173 ra\u0161ytojo, filosofo, teologo S\u00f8reno Kierkegaardo knygos \u201eArba, arba\u201c skyrius, sudarytas i\u0161 suved\u017eiotoju save laikan\u010dio jaunuolio Johaneso ir jo suved\u017eiojimo auka tapusios jaunos merginos Kordelijos lai\u0161k\u0173 bei Johaneso refleksij\u0173. Subtilus suved\u017eiotojo metodi\u0161kumas, detaliai suplanuotas b\u016bdas apsukti nieko ne\u012ftaran\u010di\u0105 ir nekalt\u0105 Kordelij\u0105 aplink savo pir\u0161t\u0105 yra persmelktas dvilypumo. Dvilypumo m\u0117gautis akimirka, ir tos m\u0117gavimosi akimirkos refleksija. Lai\u0161kuose eroti\u0161ki motyvai persipina ir painiojasi su vulgarumu, geidulys su g\u0117da, trauka su pasidyg\u0117jimu.<\/p>\n<p>S\u00f8renas Kierkegaardas gim\u0117 1813 metais gegu\u017e\u0117s 5 dien\u0105 Kopenhagoje, turtingoje Ane&#8217;os S\u00f8rensdatter Lund Kierkegaard (1768\u20131834) ir prekybininko Michaelio Pederseno Kierkegaardo (1756\u20131838) \u0161eimoje. Kierkegaardas buvo septintas, jauniausias vaikas \u0161eimoje. S\u00f8renui gimus, jo motinai buvo 45, o t\u0117vui 56 metai. Su t\u0117vu j\u012f siejo \u0161alti, grie\u017eti, \u012f dvasin\u012f ir intelektualin\u012f ugdym\u0105 nukreipti santykiai, kuriuose asmenin\u0117ms emocijoms buvo ma\u017ea vietos, o su motina, atvirk\u0161\u010diai \u2013 \u0161ilti.<\/p>\n<p>Europa Kierkegaardo gyvenimo laikotarpiu keit\u0117si neatpa\u017e\u012fstamai. 1803\u20131815 metais Sen\u0105j\u012f \u017eemyn\u0105 bando u\u017ekariauti Napoleonas, o jau 1848\u20131849 metais per Europ\u0105 nuvilnija revoliucij\u0173 banga, nukreipta prie\u0161 sen\u0105sias monarchijas. Kierkegaardas buvo artimas Danijos karaliaus Kristijono VIII draugas, savo politin\u0117mis pa\u017ei\u016bromis konservatorius, elitistas, gyn\u0117 monarchij\u0105, bet nei politikos, nei \u017einiasklaidos nem\u0117go. Lankydamasis Berlyne dalyvavo Georgo Wilhelmo Friedricho Hegelio, Friedricho Wilhelmo Josepho von Schellingo paskaitose. Europoje su hegelizmo \u012ftaka ir jo sukeltomis problemomis kovoti kilo visa m\u0105stytoj\u0173 karta: Karlas Marxas, Friedrichas Nietzsche, Arthuras Schopenhaueris ir kiti. Kierkegaardas buvo vienas i\u0161 j\u0173.<\/p>\n","protected":false},"excerpt":{"rendered":"<p>\u201eSuved\u017eiotojo dienora\u0161tis\u201c \u2013 paskutinis dan\u0173 ra\u0161ytojo, filosofo, teologo S\u00f8reno Kierkegaardo knygos \u201eArba, arba\u201c skyrius, sudarytas i\u0161 suved\u017eiotoju save laikan\u010dio jaunuolio Johaneso ir jo suved\u017eiojimo auka tapusios jaunos merginos Kordelijos lai\u0161k\u0173 bei Johaneso refleksij\u0173. Subtilus suved\u017eiotojo metodi\u0161kumas, detaliai suplanuotas b\u016bdas apsukti nieko ne\u012ftaran\u010di\u0105 ir nekalt\u0105 Kordelij\u0105 aplink savo pir\u0161t\u0105 yra persmelktas dvilypumo. Dvilypumo m\u0117gautis akimirka, ir tos m\u0117gavimosi akimirkos refleksija. Lai\u0161kuose eroti\u0161ki motyvai persipina ir painiojasi su vulgarumu, geidulys su g\u0117da, trauka su pasidyg\u0117jimu. S\u00f8renas Kierkegaardas gim\u0117 1813 metais gegu\u017e\u0117s 5 dien\u0105 Kopenhagoje, turtingoje Ane&#8217;os S\u00f8rensdatter Lund Kierkegaard (1768\u20131834) ir prekybininko Michaelio Pederseno Kierkegaardo (1756\u20131838) \u0161eimoje. Kierkegaardas buvo septintas, jauniausias vaikas \u0161eimoje. S\u00f8renui gimus, jo motinai buvo 45, o t\u0117vui 56 metai. Su t\u0117vu j\u012f siejo \u0161alti, grie\u017eti, \u012f dvasin\u012f ir intelektualin\u012f ugdym\u0105 nukreipti santykiai, kuriuose asmenin\u0117ms emocijoms buvo ma\u017ea vietos, o su motina, atvirk\u0161\u010diai \u2013 \u0161ilti. Europa Kierkegaardo gyvenimo laikotarpiu keit\u0117si neatpa\u017e\u012fstamai. 1803\u20131815 metais Sen\u0105j\u012f \u017eemyn\u0105 bando u\u017ekariauti Napoleonas, o jau 1848\u20131849 metais per Europ\u0105 nuvilnija revoliucij\u0173 banga, nukreipta prie\u0161 sen\u0105sias monarchijas. Kierkegaardas buvo artimas Danijos karaliaus Kristijono VIII draugas, savo politin\u0117mis pa\u017ei\u016bromis konservatorius, elitistas, gyn\u0117 monarchij\u0105, bet nei politikos, nei \u017einiasklaidos nem\u0117go. Lankydamasis Berlyne dalyvavo Georgo Wilhelmo Friedricho Hegelio, Friedricho Wilhelmo Josepho von Schellingo paskaitose. Europoje su hegelizmo \u012ftaka ir jo sukeltomis problemomis kovoti kilo visa m\u0105stytoj\u0173 karta: Karlas Marxas, Friedrichas Nietzsche, Arthuras Schopenhaueris ir kiti. Kierkegaardas buvo vienas i\u0161 j\u0173.<\/p>\n","protected":false},"featured_media":21795,"comment_status":"open","ping_status":"closed","template":"","meta":{"_acf_changed":false,"site-sidebar-layout":"default","site-content-layout":"","ast-site-content-layout":"default","site-content-style":"default","site-sidebar-style":"default","ast-global-header-display":"","ast-banner-title-visibility":"","ast-main-header-display":"","ast-hfb-above-header-display":"","ast-hfb-below-header-display":"","ast-hfb-mobile-header-display":"","site-post-title":"","ast-breadcrumbs-content":"","ast-featured-img":"","footer-sml-layout":"","ast-disable-related-posts":"","theme-transparent-header-meta":"","adv-header-id-meta":"","stick-header-meta":"","header-above-stick-meta":"","header-main-stick-meta":"","header-below-stick-meta":"","astra-migrate-meta-layouts":"default","ast-page-background-enabled":"default","ast-page-background-meta":{"desktop":{"background-color":"","background-image":"","background-repeat":"repeat","background-position":"center center","background-size":"auto","background-attachment":"scroll","background-type":"","background-media":"","overlay-type":"","overlay-color":"","overlay-opacity":"","overlay-gradient":""},"tablet":{"background-color":"","background-image":"","background-repeat":"repeat","background-position":"center center","background-size":"auto","background-attachment":"scroll","background-type":"","background-media":"","overlay-type":"","overlay-color":"","overlay-opacity":"","overlay-gradient":""},"mobile":{"background-color":"","background-image":"","background-repeat":"repeat","background-position":"center center","background-size":"auto","background-attachment":"scroll","background-type":"","background-media":"","overlay-type":"","overlay-color":"","overlay-opacity":"","overlay-gradient":""}},"ast-content-background-meta":{"desktop":{"background-color":"var(--ast-global-color-4)","background-image":"","background-repeat":"repeat","background-position":"center center","background-size":"auto","background-attachment":"scroll","background-type":"","background-media":"","overlay-type":"","overlay-color":"","overlay-opacity":"","overlay-gradient":""},"tablet":{"background-color":"var(--ast-global-color-4)","background-image":"","background-repeat":"repeat","background-position":"center center","background-size":"auto","background-attachment":"scroll","background-type":"","background-media":"","overlay-type":"","overlay-color":"","overlay-opacity":"","overlay-gradient":""},"mobile":{"background-color":"var(--ast-global-color-4)","background-image":"","background-repeat":"repeat","background-position":"center center","background-size":"auto","background-attachment":"scroll","background-type":"","background-media":"","overlay-type":"","overlay-color":"","overlay-opacity":"","overlay-gradient":""}}},"product_brand":[],"product_cat":[31],"product_tag":[],"class_list":{"0":"post-21790","1":"product","2":"type-product","3":"status-publish","4":"has-post-thumbnail","6":"product_cat-grozine-literatura","7":"desktop-align-left","8":"tablet-align-left","9":"mobile-align-left","11":"first","12":"instock","13":"shipping-taxable","14":"purchasable","15":"product-type-simple"},"acf":[],"yoast_head":"<!-- This site is optimized with the Yoast SEO plugin v27.0 - https:\/\/yoast.com\/product\/yoast-seo-wordpress\/ -->\n<title>Suved\u017eiotojo dienora\u0161tis<\/title>\n<meta name=\"description\" content=\"\u201eSuved\u017eiotojo dienora\u0161tis\u201c \u2013 paskutinis dan\u0173 ra\u0161ytojo, filosofo, teologo S\u00f8reno Kierkegaardo knygos \u201eArba, arba\u201c skyrius, sudarytas i\u0161 suved\u017eiotoju save\" \/>\n<meta name=\"robots\" content=\"index, follow, max-snippet:-1, max-image-preview:large, max-video-preview:-1\" \/>\n<link rel=\"canonical\" href=\"https:\/\/skaitytaknyga.lt\/en\/produktas\/suvedziotojo-dienorastis\/\" \/>\n<meta property=\"og:locale\" content=\"en_GB\" \/>\n<meta property=\"og:locale:alternate\" content=\"lt_LT\" \/>\n<meta property=\"og:type\" content=\"article\" \/>\n<meta property=\"og:title\" content=\"Suved\u017eiotojo dienora\u0161tis\" \/>\n<meta property=\"og:description\" content=\"\u201eSuved\u017eiotojo dienora\u0161tis\u201c \u2013 paskutinis dan\u0173 ra\u0161ytojo, filosofo, teologo S\u00f8reno Kierkegaardo knygos \u201eArba, arba\u201c skyrius, sudarytas i\u0161 suved\u017eiotoju save\" \/>\n<meta property=\"og:url\" content=\"https:\/\/skaitytaknyga.lt\/en\/produktas\/suvedziotojo-dienorastis\/\" \/>\n<meta property=\"og:site_name\" content=\"Skaitytaknyga\" \/>\n<meta property=\"article:publisher\" content=\"https:\/\/www.facebook.com\/skaitytaknyga\/\" \/>\n<meta property=\"article:modified_time\" content=\"2025-11-04T13:20:19+00:00\" \/>\n<meta property=\"og:image\" content=\"https:\/\/skaitytaknyga.lt\/wp-content\/uploads\/2025\/11\/Suvedziotojo-dienorastis-1.webp\" \/>\n\t<meta property=\"og:image:width\" content=\"300\" \/>\n\t<meta property=\"og:image:height\" content=\"455\" \/>\n\t<meta property=\"og:image:type\" content=\"image\/webp\" \/>\n<meta name=\"twitter:card\" content=\"summary_large_image\" \/>\n<meta name=\"twitter:label1\" content=\"Estimated reading time\" \/>\n\t<meta name=\"twitter:data1\" content=\"1 minute\" \/>\n<script type=\"application\/ld+json\" class=\"yoast-schema-graph\">{\"@context\":\"https:\/\/schema.org\",\"@graph\":[{\"@type\":\"WebPage\",\"@id\":\"https:\/\/skaitytaknyga.lt\/produktas\/suvedziotojo-dienorastis\/\",\"url\":\"https:\/\/skaitytaknyga.lt\/produktas\/suvedziotojo-dienorastis\/\",\"name\":\"Suved\u017eiotojo dienora\u0161tis\",\"isPartOf\":{\"@id\":\"https:\/\/skaitytaknyga.lt\/#website\"},\"primaryImageOfPage\":{\"@id\":\"https:\/\/skaitytaknyga.lt\/produktas\/suvedziotojo-dienorastis\/#primaryimage\"},\"image\":{\"@id\":\"https:\/\/skaitytaknyga.lt\/produktas\/suvedziotojo-dienorastis\/#primaryimage\"},\"thumbnailUrl\":\"https:\/\/skaitytaknyga.lt\/wp-content\/uploads\/2025\/11\/Suvedziotojo-dienorastis-1.webp\",\"datePublished\":\"2025-11-04T08:18:54+00:00\",\"dateModified\":\"2025-11-04T13:20:19+00:00\",\"description\":\"\u201eSuved\u017eiotojo dienora\u0161tis\u201c \u2013 paskutinis dan\u0173 ra\u0161ytojo, filosofo, teologo S\u00f8reno Kierkegaardo knygos \u201eArba, arba\u201c skyrius, sudarytas i\u0161 suved\u017eiotoju save\",\"breadcrumb\":{\"@id\":\"https:\/\/skaitytaknyga.lt\/produktas\/suvedziotojo-dienorastis\/#breadcrumb\"},\"inLanguage\":\"en-GB\",\"potentialAction\":[{\"@type\":\"ReadAction\",\"target\":[\"https:\/\/skaitytaknyga.lt\/produktas\/suvedziotojo-dienorastis\/\"]}]},{\"@type\":\"ImageObject\",\"inLanguage\":\"en-GB\",\"@id\":\"https:\/\/skaitytaknyga.lt\/produktas\/suvedziotojo-dienorastis\/#primaryimage\",\"url\":\"https:\/\/skaitytaknyga.lt\/wp-content\/uploads\/2025\/11\/Suvedziotojo-dienorastis-1.webp\",\"contentUrl\":\"https:\/\/skaitytaknyga.lt\/wp-content\/uploads\/2025\/11\/Suvedziotojo-dienorastis-1.webp\",\"width\":300,\"height\":455,\"caption\":\"Suved\u017eiotojo dienora\u0161tis\"},{\"@type\":\"BreadcrumbList\",\"@id\":\"https:\/\/skaitytaknyga.lt\/produktas\/suvedziotojo-dienorastis\/#breadcrumb\",\"itemListElement\":[{\"@type\":\"ListItem\",\"position\":1,\"name\":\"Home\",\"item\":\"https:\/\/skaitytaknyga.lt\/\"},{\"@type\":\"ListItem\",\"position\":2,\"name\":\"Parduotuv\u0117\",\"item\":\"https:\/\/skaitytaknyga.lt\/knygu-parduotuve\/\"},{\"@type\":\"ListItem\",\"position\":3,\"name\":\"Suved\u017eiotojo dienora\u0161tis\"}]},{\"@type\":\"WebSite\",\"@id\":\"https:\/\/skaitytaknyga.lt\/#website\",\"url\":\"https:\/\/skaitytaknyga.lt\/\",\"name\":\"skaitytaknyga.lt\",\"description\":\"Skaitytaknyga.lt \u2013 tai ma\u017eas \u0161eimos verslas, kuris prasid\u0117jo nuo meil\u0117s knygoms ir siekio i\u0161gelb\u0117ti knygas nuo likimo prie konteinerio. Kas vienam nereikalingas daiktas \u2013 kitam lobis, o mes esame tarpininkai, kurie padeda abiems tapti laimingesniems ???? \u017dinome kaip nelengva i\u0161gyventi ma\u017eiems verslams, tad nuo \u0161iol, \u010dia rasite ir kit\u0173, ma\u017e\u0173 \u0161eim\u0173 versl\u0173, rank\u0173 darbo, dovan\u0173 sau ir artimiesiems.\",\"publisher\":{\"@id\":\"https:\/\/skaitytaknyga.lt\/#organization\"},\"potentialAction\":[{\"@type\":\"SearchAction\",\"target\":{\"@type\":\"EntryPoint\",\"urlTemplate\":\"https:\/\/skaitytaknyga.lt\/?s={search_term_string}\"},\"query-input\":{\"@type\":\"PropertyValueSpecification\",\"valueRequired\":true,\"valueName\":\"search_term_string\"}}],\"inLanguage\":\"en-GB\"},{\"@type\":\"Organization\",\"@id\":\"https:\/\/skaitytaknyga.lt\/#organization\",\"name\":\"skaitytaknyga.lt\",\"url\":\"https:\/\/skaitytaknyga.lt\/\",\"logo\":{\"@type\":\"ImageObject\",\"inLanguage\":\"en-GB\",\"@id\":\"https:\/\/skaitytaknyga.lt\/#\/schema\/logo\/image\/\",\"url\":\"https:\/\/skaitytaknyga.lt\/wp-content\/uploads\/2024\/05\/cropped-cropped-cropped-02_00843_jt3bggkj1j3HLc7SyY6rEUpg.jpeg\",\"contentUrl\":\"https:\/\/skaitytaknyga.lt\/wp-content\/uploads\/2024\/05\/cropped-cropped-cropped-02_00843_jt3bggkj1j3HLc7SyY6rEUpg.jpeg\",\"width\":1600,\"height\":1600,\"caption\":\"skaitytaknyga.lt\"},\"image\":{\"@id\":\"https:\/\/skaitytaknyga.lt\/#\/schema\/logo\/image\/\"},\"sameAs\":[\"https:\/\/www.facebook.com\/skaitytaknyga\/\"]}]}<\/script>\n<!-- \/ Yoast SEO plugin. -->","yoast_head_json":{"title":"Suved\u017eiotojo dienora\u0161tis","description":"\u201eSuved\u017eiotojo dienora\u0161tis\u201c \u2013 paskutinis dan\u0173 ra\u0161ytojo, filosofo, teologo S\u00f8reno Kierkegaardo knygos \u201eArba, arba\u201c skyrius, sudarytas i\u0161 suved\u017eiotoju save","robots":{"index":"index","follow":"follow","max-snippet":"max-snippet:-1","max-image-preview":"max-image-preview:large","max-video-preview":"max-video-preview:-1"},"canonical":"https:\/\/skaitytaknyga.lt\/en\/produktas\/suvedziotojo-dienorastis\/","og_locale":"en_GB","og_type":"article","og_title":"[:lt]Suved\u017eiotojo dienora\u0161tis[:] - Skaitytaknyga","og_description":"\u201eSuved\u017eiotojo dienora\u0161tis\u201c \u2013 paskutinis dan\u0173 ra\u0161ytojo, filosofo, teologo S\u00f8reno Kierkegaardo knygos \u201eArba, arba\u201c skyrius, sudarytas i\u0161 suved\u017eiotoju save","og_url":"https:\/\/skaitytaknyga.lt\/en\/produktas\/suvedziotojo-dienorastis\/","og_site_name":"Skaitytaknyga","article_publisher":"https:\/\/www.facebook.com\/skaitytaknyga\/","article_modified_time":"2025-11-04T13:20:19+00:00","og_image":[{"width":300,"height":455,"url":"https:\/\/skaitytaknyga.lt\/wp-content\/uploads\/2025\/11\/Suvedziotojo-dienorastis-1.webp","type":"image\/webp"}],"twitter_card":"summary_large_image","twitter_misc":{"Estimated reading time":"1 minute"},"schema":{"@context":"https:\/\/schema.org","@graph":[{"@type":"WebPage","@id":"https:\/\/skaitytaknyga.lt\/produktas\/suvedziotojo-dienorastis\/","url":"https:\/\/skaitytaknyga.lt\/produktas\/suvedziotojo-dienorastis\/","name":"Suved\u017eiotojo dienora\u0161tis","isPartOf":{"@id":"https:\/\/skaitytaknyga.lt\/#website"},"primaryImageOfPage":{"@id":"https:\/\/skaitytaknyga.lt\/produktas\/suvedziotojo-dienorastis\/#primaryimage"},"image":{"@id":"https:\/\/skaitytaknyga.lt\/produktas\/suvedziotojo-dienorastis\/#primaryimage"},"thumbnailUrl":"https:\/\/skaitytaknyga.lt\/wp-content\/uploads\/2025\/11\/Suvedziotojo-dienorastis-1.webp","datePublished":"2025-11-04T08:18:54+00:00","dateModified":"2025-11-04T13:20:19+00:00","description":"\u201eSuved\u017eiotojo dienora\u0161tis\u201c \u2013 paskutinis dan\u0173 ra\u0161ytojo, filosofo, teologo S\u00f8reno Kierkegaardo knygos \u201eArba, arba\u201c skyrius, sudarytas i\u0161 suved\u017eiotoju save","breadcrumb":{"@id":"https:\/\/skaitytaknyga.lt\/produktas\/suvedziotojo-dienorastis\/#breadcrumb"},"inLanguage":"en-GB","potentialAction":[{"@type":"ReadAction","target":["https:\/\/skaitytaknyga.lt\/produktas\/suvedziotojo-dienorastis\/"]}]},{"@type":"ImageObject","inLanguage":"en-GB","@id":"https:\/\/skaitytaknyga.lt\/produktas\/suvedziotojo-dienorastis\/#primaryimage","url":"https:\/\/skaitytaknyga.lt\/wp-content\/uploads\/2025\/11\/Suvedziotojo-dienorastis-1.webp","contentUrl":"https:\/\/skaitytaknyga.lt\/wp-content\/uploads\/2025\/11\/Suvedziotojo-dienorastis-1.webp","width":300,"height":455,"caption":"Suved\u017eiotojo dienora\u0161tis"},{"@type":"BreadcrumbList","@id":"https:\/\/skaitytaknyga.lt\/produktas\/suvedziotojo-dienorastis\/#breadcrumb","itemListElement":[{"@type":"ListItem","position":1,"name":"Home","item":"https:\/\/skaitytaknyga.lt\/"},{"@type":"ListItem","position":2,"name":"Parduotuv\u0117","item":"https:\/\/skaitytaknyga.lt\/knygu-parduotuve\/"},{"@type":"ListItem","position":3,"name":"Suved\u017eiotojo dienora\u0161tis"}]},{"@type":"WebSite","@id":"https:\/\/skaitytaknyga.lt\/#website","url":"https:\/\/skaitytaknyga.lt\/","name":"skaitytaknyga.lt","description":"Skaitytaknyga.lt \u2013 tai ma\u017eas \u0161eimos verslas, kuris prasid\u0117jo nuo meil\u0117s knygoms ir siekio i\u0161gelb\u0117ti knygas nuo likimo prie konteinerio. Kas vienam nereikalingas daiktas \u2013 kitam lobis, o mes esame tarpininkai, kurie padeda abiems tapti laimingesniems ???? \u017dinome kaip nelengva i\u0161gyventi ma\u017eiems verslams, tad nuo \u0161iol, \u010dia rasite ir kit\u0173, ma\u017e\u0173 \u0161eim\u0173 versl\u0173, rank\u0173 darbo, dovan\u0173 sau ir artimiesiems.","publisher":{"@id":"https:\/\/skaitytaknyga.lt\/#organization"},"potentialAction":[{"@type":"SearchAction","target":{"@type":"EntryPoint","urlTemplate":"https:\/\/skaitytaknyga.lt\/?s={search_term_string}"},"query-input":{"@type":"PropertyValueSpecification","valueRequired":true,"valueName":"search_term_string"}}],"inLanguage":"en-GB"},{"@type":"Organization","@id":"https:\/\/skaitytaknyga.lt\/#organization","name":"skaitytaknyga.lt","url":"https:\/\/skaitytaknyga.lt\/","logo":{"@type":"ImageObject","inLanguage":"en-GB","@id":"https:\/\/skaitytaknyga.lt\/#\/schema\/logo\/image\/","url":"https:\/\/skaitytaknyga.lt\/wp-content\/uploads\/2024\/05\/cropped-cropped-cropped-02_00843_jt3bggkj1j3HLc7SyY6rEUpg.jpeg","contentUrl":"https:\/\/skaitytaknyga.lt\/wp-content\/uploads\/2024\/05\/cropped-cropped-cropped-02_00843_jt3bggkj1j3HLc7SyY6rEUpg.jpeg","width":1600,"height":1600,"caption":"skaitytaknyga.lt"},"image":{"@id":"https:\/\/skaitytaknyga.lt\/#\/schema\/logo\/image\/"},"sameAs":["https:\/\/www.facebook.com\/skaitytaknyga\/"]}]}},"_links":{"self":[{"href":"https:\/\/skaitytaknyga.lt\/en\/wp-json\/wp\/v2\/product\/21790","targetHints":{"allow":["GET"]}}],"collection":[{"href":"https:\/\/skaitytaknyga.lt\/en\/wp-json\/wp\/v2\/product"}],"about":[{"href":"https:\/\/skaitytaknyga.lt\/en\/wp-json\/wp\/v2\/types\/product"}],"replies":[{"embeddable":true,"href":"https:\/\/skaitytaknyga.lt\/en\/wp-json\/wp\/v2\/comments?post=21790"}],"wp:featuredmedia":[{"embeddable":true,"href":"https:\/\/skaitytaknyga.lt\/en\/wp-json\/wp\/v2\/media\/21795"}],"wp:attachment":[{"href":"https:\/\/skaitytaknyga.lt\/en\/wp-json\/wp\/v2\/media?parent=21790"}],"wp:term":[{"taxonomy":"product_brand","embeddable":true,"href":"https:\/\/skaitytaknyga.lt\/en\/wp-json\/wp\/v2\/product_brand?post=21790"},{"taxonomy":"product_cat","embeddable":true,"href":"https:\/\/skaitytaknyga.lt\/en\/wp-json\/wp\/v2\/product_cat?post=21790"},{"taxonomy":"product_tag","embeddable":true,"href":"https:\/\/skaitytaknyga.lt\/en\/wp-json\/wp\/v2\/product_tag?post=21790"}],"curies":[{"name":"wp","href":"https:\/\/api.w.org\/{rel}","templated":true}]}}