{"id":21784,"date":"2025-11-04T08:57:54","date_gmt":"2025-11-04T06:57:54","guid":{"rendered":"https:\/\/skaitytaknyga.lt\/?post_type=product&#038;p=21784"},"modified":"2025-11-04T15:20:19","modified_gmt":"2025-11-04T13:20:19","slug":"pries-liutis","status":"publish","type":"product","link":"https:\/\/skaitytaknyga.lt\/en\/produktas\/pries-liutis\/","title":{"rendered":"Prie\u0161 li\u016btis"},"content":{"rendered":"<p>1930 metai, Did\u017eiosios Britanijos valdoma Indija. Eliza sugr\u012f\u017eta \u012f \u0161al\u012f, kurioje prie\u0161 18 met\u0173 \u017euvo jos t\u0117tis. Ji ry\u017etingai siekia fotograf\u0117s karjeros ir viena svarbiausi\u0173 jos u\u017eduo\u010di\u0173 \u010dia \u2013 Britanijos archyvams \u012fam\u017einti Rad\u017eputanos karali\u0161k\u0105j\u0105 \u0161eim\u0105 ir \u0161alies gyvenim\u0105. Nepaisant skaud\u017ei\u0173 atsiminim\u0173, Eliza pamilsta egzoti\u0161k\u0105 \u0161al\u012f. J\u0105 u\u017eburia ore tvyrantis jazmin\u0173 ir kardamono aromatas, \u0161lamantys fikusai, paslaptingais pilies koridoriais aidintys \u017eingsniai, skambantys \u0161ventykl\u0173 varpai ir gatv\u0117se \u0161\u016bkaujantys skard\u017eiabalsiai prekeiviai.<\/p>\n<p>Fiksuodama karali\u0161kosios \u0161eimos gyvenim\u0105, Eliza sutinka princ\u0105 D\u017e\u0117j\u0173. Savo nuo\u0161irdumu ir noru pad\u0117ti vargstantiems princas u\u017ekariauja jos \u0161ird\u012f. Ta\u010diau Eliza XX a. moteris, kovojanti u\u017e savo teises, o tai vargiai priimtina \u0161imtme\u010di\u0173 tradicijoms pakl\u016bstan\u010dioje Indijoje. Be to, jos rankos siekia snobi\u0161kasis Klifordas, tod\u0117l pilyje nuolatos rezgamos intrigos, slapta klausomasi ir sekamas kiekvienas Elizos \u017eingsnis. Nei\u0161vengiamai art\u0117ja akimirka, kai jai ir princui D\u017e\u0117jui reik\u0117s rinktis tarp jausm\u0173 vienas kitam ir grie\u017et\u0173 Indijos visuomen\u0117s tradicij\u0173.<\/p>\n","protected":false},"excerpt":{"rendered":"<p>1930 metai, Did\u017eiosios Britanijos valdoma Indija. Eliza sugr\u012f\u017eta \u012f \u0161al\u012f, kurioje prie\u0161 18 met\u0173 \u017euvo jos t\u0117tis. Ji ry\u017etingai siekia fotograf\u0117s karjeros ir viena svarbiausi\u0173 jos u\u017eduo\u010di\u0173 \u010dia \u2013 Britanijos archyvams \u012fam\u017einti Rad\u017eputanos karali\u0161k\u0105j\u0105 \u0161eim\u0105 ir \u0161alies gyvenim\u0105. Nepaisant skaud\u017ei\u0173 atsiminim\u0173, Eliza pamilsta egzoti\u0161k\u0105 \u0161al\u012f. J\u0105 u\u017eburia ore tvyrantis jazmin\u0173 ir kardamono aromatas, \u0161lamantys fikusai, paslaptingais pilies koridoriais aidintys \u017eingsniai, skambantys \u0161ventykl\u0173 varpai ir gatv\u0117se \u0161\u016bkaujantys skard\u017eiabalsiai prekeiviai. Fiksuodama karali\u0161kosios \u0161eimos gyvenim\u0105, Eliza sutinka princ\u0105 D\u017e\u0117j\u0173. Savo nuo\u0161irdumu ir noru pad\u0117ti vargstantiems princas u\u017ekariauja jos \u0161ird\u012f. Ta\u010diau Eliza XX a. moteris, kovojanti u\u017e savo teises, o tai vargiai priimtina \u0161imtme\u010di\u0173 tradicijoms pakl\u016bstan\u010dioje Indijoje. Be to, jos rankos siekia snobi\u0161kasis Klifordas, tod\u0117l pilyje nuolatos rezgamos intrigos, slapta klausomasi ir sekamas kiekvienas Elizos \u017eingsnis. Nei\u0161vengiamai art\u0117ja akimirka, kai jai ir princui D\u017e\u0117jui reik\u0117s rinktis tarp jausm\u0173 vienas kitam ir grie\u017et\u0173 Indijos visuomen\u0117s tradicij\u0173.<\/p>\n","protected":false},"featured_media":21789,"comment_status":"open","ping_status":"closed","template":"","meta":{"_acf_changed":false,"site-sidebar-layout":"default","site-content-layout":"","ast-site-content-layout":"default","site-content-style":"default","site-sidebar-style":"default","ast-global-header-display":"","ast-banner-title-visibility":"","ast-main-header-display":"","ast-hfb-above-header-display":"","ast-hfb-below-header-display":"","ast-hfb-mobile-header-display":"","site-post-title":"","ast-breadcrumbs-content":"","ast-featured-img":"","footer-sml-layout":"","ast-disable-related-posts":"","theme-transparent-header-meta":"","adv-header-id-meta":"","stick-header-meta":"","header-above-stick-meta":"","header-main-stick-meta":"","header-below-stick-meta":"","astra-migrate-meta-layouts":"default","ast-page-background-enabled":"default","ast-page-background-meta":{"desktop":{"background-color":"","background-image":"","background-repeat":"repeat","background-position":"center center","background-size":"auto","background-attachment":"scroll","background-type":"","background-media":"","overlay-type":"","overlay-color":"","overlay-opacity":"","overlay-gradient":""},"tablet":{"background-color":"","background-image":"","background-repeat":"repeat","background-position":"center center","background-size":"auto","background-attachment":"scroll","background-type":"","background-media":"","overlay-type":"","overlay-color":"","overlay-opacity":"","overlay-gradient":""},"mobile":{"background-color":"","background-image":"","background-repeat":"repeat","background-position":"center center","background-size":"auto","background-attachment":"scroll","background-type":"","background-media":"","overlay-type":"","overlay-color":"","overlay-opacity":"","overlay-gradient":""}},"ast-content-background-meta":{"desktop":{"background-color":"var(--ast-global-color-4)","background-image":"","background-repeat":"repeat","background-position":"center center","background-size":"auto","background-attachment":"scroll","background-type":"","background-media":"","overlay-type":"","overlay-color":"","overlay-opacity":"","overlay-gradient":""},"tablet":{"background-color":"var(--ast-global-color-4)","background-image":"","background-repeat":"repeat","background-position":"center center","background-size":"auto","background-attachment":"scroll","background-type":"","background-media":"","overlay-type":"","overlay-color":"","overlay-opacity":"","overlay-gradient":""},"mobile":{"background-color":"var(--ast-global-color-4)","background-image":"","background-repeat":"repeat","background-position":"center center","background-size":"auto","background-attachment":"scroll","background-type":"","background-media":"","overlay-type":"","overlay-color":"","overlay-opacity":"","overlay-gradient":""}}},"product_brand":[],"product_cat":[31],"product_tag":[],"class_list":{"0":"post-21784","1":"product","2":"type-product","3":"status-publish","4":"has-post-thumbnail","6":"product_cat-grozine-literatura","7":"desktop-align-left","8":"tablet-align-left","9":"mobile-align-left","11":"first","12":"instock","13":"shipping-taxable","14":"purchasable","15":"product-type-simple"},"acf":[],"yoast_head":"<!-- This site is optimized with the Yoast SEO plugin v27.0 - https:\/\/yoast.com\/product\/yoast-seo-wordpress\/ -->\n<title>Prie\u0161 li\u016btis<\/title>\n<meta name=\"description\" content=\"1930 metai, Did\u017eiosios Britanijos valdoma Indija. Eliza sugr\u012f\u017eta \u012f \u0161al\u012f, kurioje prie\u0161 18 met\u0173 \u017euvo jos t\u0117tis. Ji ry\u017etingai siekia fotograf\u0117s karjeros ir\" \/>\n<meta name=\"robots\" content=\"index, follow, max-snippet:-1, max-image-preview:large, max-video-preview:-1\" \/>\n<link rel=\"canonical\" href=\"https:\/\/skaitytaknyga.lt\/en\/produktas\/pries-liutis\/\" \/>\n<meta property=\"og:locale\" content=\"en_GB\" \/>\n<meta property=\"og:locale:alternate\" content=\"lt_LT\" \/>\n<meta property=\"og:type\" content=\"article\" \/>\n<meta property=\"og:title\" content=\"Prie\u0161 li\u016btis\" \/>\n<meta property=\"og:description\" content=\"1930 metai, Did\u017eiosios Britanijos valdoma Indija. Eliza sugr\u012f\u017eta \u012f \u0161al\u012f, kurioje prie\u0161 18 met\u0173 \u017euvo jos t\u0117tis. Ji ry\u017etingai siekia fotograf\u0117s karjeros ir\" \/>\n<meta property=\"og:url\" content=\"https:\/\/skaitytaknyga.lt\/en\/produktas\/pries-liutis\/\" \/>\n<meta property=\"og:site_name\" content=\"Skaitytaknyga\" \/>\n<meta property=\"article:publisher\" content=\"https:\/\/www.facebook.com\/skaitytaknyga\/\" \/>\n<meta property=\"article:modified_time\" content=\"2025-11-04T13:20:19+00:00\" \/>\n<meta property=\"og:image\" content=\"https:\/\/skaitytaknyga.lt\/wp-content\/uploads\/2025\/11\/Pries-liutis-1.webp\" \/>\n\t<meta property=\"og:image:width\" content=\"300\" \/>\n\t<meta property=\"og:image:height\" content=\"416\" \/>\n\t<meta property=\"og:image:type\" content=\"image\/webp\" \/>\n<meta name=\"twitter:card\" content=\"summary_large_image\" \/>\n<meta name=\"twitter:label1\" content=\"Estimated reading time\" \/>\n\t<meta name=\"twitter:data1\" content=\"1 minute\" \/>\n<script type=\"application\/ld+json\" class=\"yoast-schema-graph\">{\"@context\":\"https:\/\/schema.org\",\"@graph\":[{\"@type\":\"WebPage\",\"@id\":\"https:\/\/skaitytaknyga.lt\/produktas\/pries-liutis\/\",\"url\":\"https:\/\/skaitytaknyga.lt\/produktas\/pries-liutis\/\",\"name\":\"Prie\u0161 li\u016btis\",\"isPartOf\":{\"@id\":\"https:\/\/skaitytaknyga.lt\/#website\"},\"primaryImageOfPage\":{\"@id\":\"https:\/\/skaitytaknyga.lt\/produktas\/pries-liutis\/#primaryimage\"},\"image\":{\"@id\":\"https:\/\/skaitytaknyga.lt\/produktas\/pries-liutis\/#primaryimage\"},\"thumbnailUrl\":\"https:\/\/skaitytaknyga.lt\/wp-content\/uploads\/2025\/11\/Pries-liutis-1.webp\",\"datePublished\":\"2025-11-04T06:57:54+00:00\",\"dateModified\":\"2025-11-04T13:20:19+00:00\",\"description\":\"1930 metai, Did\u017eiosios Britanijos valdoma Indija. Eliza sugr\u012f\u017eta \u012f \u0161al\u012f, kurioje prie\u0161 18 met\u0173 \u017euvo jos t\u0117tis. Ji ry\u017etingai siekia fotograf\u0117s karjeros ir\",\"breadcrumb\":{\"@id\":\"https:\/\/skaitytaknyga.lt\/produktas\/pries-liutis\/#breadcrumb\"},\"inLanguage\":\"en-GB\",\"potentialAction\":[{\"@type\":\"ReadAction\",\"target\":[\"https:\/\/skaitytaknyga.lt\/produktas\/pries-liutis\/\"]}]},{\"@type\":\"ImageObject\",\"inLanguage\":\"en-GB\",\"@id\":\"https:\/\/skaitytaknyga.lt\/produktas\/pries-liutis\/#primaryimage\",\"url\":\"https:\/\/skaitytaknyga.lt\/wp-content\/uploads\/2025\/11\/Pries-liutis-1.webp\",\"contentUrl\":\"https:\/\/skaitytaknyga.lt\/wp-content\/uploads\/2025\/11\/Pries-liutis-1.webp\",\"width\":300,\"height\":416,\"caption\":\"Prie\u0161 li\u016btis\"},{\"@type\":\"BreadcrumbList\",\"@id\":\"https:\/\/skaitytaknyga.lt\/produktas\/pries-liutis\/#breadcrumb\",\"itemListElement\":[{\"@type\":\"ListItem\",\"position\":1,\"name\":\"Home\",\"item\":\"https:\/\/skaitytaknyga.lt\/\"},{\"@type\":\"ListItem\",\"position\":2,\"name\":\"Parduotuv\u0117\",\"item\":\"https:\/\/skaitytaknyga.lt\/knygu-parduotuve\/\"},{\"@type\":\"ListItem\",\"position\":3,\"name\":\"Prie\u0161 li\u016btis\"}]},{\"@type\":\"WebSite\",\"@id\":\"https:\/\/skaitytaknyga.lt\/#website\",\"url\":\"https:\/\/skaitytaknyga.lt\/\",\"name\":\"skaitytaknyga.lt\",\"description\":\"Skaitytaknyga.lt \u2013 tai ma\u017eas \u0161eimos verslas, kuris prasid\u0117jo nuo meil\u0117s knygoms ir siekio i\u0161gelb\u0117ti knygas nuo likimo prie konteinerio. Kas vienam nereikalingas daiktas \u2013 kitam lobis, o mes esame tarpininkai, kurie padeda abiems tapti laimingesniems ???? \u017dinome kaip nelengva i\u0161gyventi ma\u017eiems verslams, tad nuo \u0161iol, \u010dia rasite ir kit\u0173, ma\u017e\u0173 \u0161eim\u0173 versl\u0173, rank\u0173 darbo, dovan\u0173 sau ir artimiesiems.\",\"publisher\":{\"@id\":\"https:\/\/skaitytaknyga.lt\/#organization\"},\"potentialAction\":[{\"@type\":\"SearchAction\",\"target\":{\"@type\":\"EntryPoint\",\"urlTemplate\":\"https:\/\/skaitytaknyga.lt\/?s={search_term_string}\"},\"query-input\":{\"@type\":\"PropertyValueSpecification\",\"valueRequired\":true,\"valueName\":\"search_term_string\"}}],\"inLanguage\":\"en-GB\"},{\"@type\":\"Organization\",\"@id\":\"https:\/\/skaitytaknyga.lt\/#organization\",\"name\":\"skaitytaknyga.lt\",\"url\":\"https:\/\/skaitytaknyga.lt\/\",\"logo\":{\"@type\":\"ImageObject\",\"inLanguage\":\"en-GB\",\"@id\":\"https:\/\/skaitytaknyga.lt\/#\/schema\/logo\/image\/\",\"url\":\"https:\/\/skaitytaknyga.lt\/wp-content\/uploads\/2024\/05\/cropped-cropped-cropped-02_00843_jt3bggkj1j3HLc7SyY6rEUpg.jpeg\",\"contentUrl\":\"https:\/\/skaitytaknyga.lt\/wp-content\/uploads\/2024\/05\/cropped-cropped-cropped-02_00843_jt3bggkj1j3HLc7SyY6rEUpg.jpeg\",\"width\":1600,\"height\":1600,\"caption\":\"skaitytaknyga.lt\"},\"image\":{\"@id\":\"https:\/\/skaitytaknyga.lt\/#\/schema\/logo\/image\/\"},\"sameAs\":[\"https:\/\/www.facebook.com\/skaitytaknyga\/\"]}]}<\/script>\n<!-- \/ Yoast SEO plugin. -->","yoast_head_json":{"title":"Prie\u0161 li\u016btis","description":"1930 metai, Did\u017eiosios Britanijos valdoma Indija. Eliza sugr\u012f\u017eta \u012f \u0161al\u012f, kurioje prie\u0161 18 met\u0173 \u017euvo jos t\u0117tis. Ji ry\u017etingai siekia fotograf\u0117s karjeros ir","robots":{"index":"index","follow":"follow","max-snippet":"max-snippet:-1","max-image-preview":"max-image-preview:large","max-video-preview":"max-video-preview:-1"},"canonical":"https:\/\/skaitytaknyga.lt\/en\/produktas\/pries-liutis\/","og_locale":"en_GB","og_type":"article","og_title":"[:lt]Prie\u0161 li\u016btis[:] - Skaitytaknyga","og_description":"1930 metai, Did\u017eiosios Britanijos valdoma Indija. Eliza sugr\u012f\u017eta \u012f \u0161al\u012f, kurioje prie\u0161 18 met\u0173 \u017euvo jos t\u0117tis. Ji ry\u017etingai siekia fotograf\u0117s karjeros ir","og_url":"https:\/\/skaitytaknyga.lt\/en\/produktas\/pries-liutis\/","og_site_name":"Skaitytaknyga","article_publisher":"https:\/\/www.facebook.com\/skaitytaknyga\/","article_modified_time":"2025-11-04T13:20:19+00:00","og_image":[{"width":300,"height":416,"url":"https:\/\/skaitytaknyga.lt\/wp-content\/uploads\/2025\/11\/Pries-liutis-1.webp","type":"image\/webp"}],"twitter_card":"summary_large_image","twitter_misc":{"Estimated reading time":"1 minute"},"schema":{"@context":"https:\/\/schema.org","@graph":[{"@type":"WebPage","@id":"https:\/\/skaitytaknyga.lt\/produktas\/pries-liutis\/","url":"https:\/\/skaitytaknyga.lt\/produktas\/pries-liutis\/","name":"Prie\u0161 li\u016btis","isPartOf":{"@id":"https:\/\/skaitytaknyga.lt\/#website"},"primaryImageOfPage":{"@id":"https:\/\/skaitytaknyga.lt\/produktas\/pries-liutis\/#primaryimage"},"image":{"@id":"https:\/\/skaitytaknyga.lt\/produktas\/pries-liutis\/#primaryimage"},"thumbnailUrl":"https:\/\/skaitytaknyga.lt\/wp-content\/uploads\/2025\/11\/Pries-liutis-1.webp","datePublished":"2025-11-04T06:57:54+00:00","dateModified":"2025-11-04T13:20:19+00:00","description":"1930 metai, Did\u017eiosios Britanijos valdoma Indija. Eliza sugr\u012f\u017eta \u012f \u0161al\u012f, kurioje prie\u0161 18 met\u0173 \u017euvo jos t\u0117tis. Ji ry\u017etingai siekia fotograf\u0117s karjeros ir","breadcrumb":{"@id":"https:\/\/skaitytaknyga.lt\/produktas\/pries-liutis\/#breadcrumb"},"inLanguage":"en-GB","potentialAction":[{"@type":"ReadAction","target":["https:\/\/skaitytaknyga.lt\/produktas\/pries-liutis\/"]}]},{"@type":"ImageObject","inLanguage":"en-GB","@id":"https:\/\/skaitytaknyga.lt\/produktas\/pries-liutis\/#primaryimage","url":"https:\/\/skaitytaknyga.lt\/wp-content\/uploads\/2025\/11\/Pries-liutis-1.webp","contentUrl":"https:\/\/skaitytaknyga.lt\/wp-content\/uploads\/2025\/11\/Pries-liutis-1.webp","width":300,"height":416,"caption":"Prie\u0161 li\u016btis"},{"@type":"BreadcrumbList","@id":"https:\/\/skaitytaknyga.lt\/produktas\/pries-liutis\/#breadcrumb","itemListElement":[{"@type":"ListItem","position":1,"name":"Home","item":"https:\/\/skaitytaknyga.lt\/"},{"@type":"ListItem","position":2,"name":"Parduotuv\u0117","item":"https:\/\/skaitytaknyga.lt\/knygu-parduotuve\/"},{"@type":"ListItem","position":3,"name":"Prie\u0161 li\u016btis"}]},{"@type":"WebSite","@id":"https:\/\/skaitytaknyga.lt\/#website","url":"https:\/\/skaitytaknyga.lt\/","name":"skaitytaknyga.lt","description":"Skaitytaknyga.lt \u2013 tai ma\u017eas \u0161eimos verslas, kuris prasid\u0117jo nuo meil\u0117s knygoms ir siekio i\u0161gelb\u0117ti knygas nuo likimo prie konteinerio. Kas vienam nereikalingas daiktas \u2013 kitam lobis, o mes esame tarpininkai, kurie padeda abiems tapti laimingesniems ???? \u017dinome kaip nelengva i\u0161gyventi ma\u017eiems verslams, tad nuo \u0161iol, \u010dia rasite ir kit\u0173, ma\u017e\u0173 \u0161eim\u0173 versl\u0173, rank\u0173 darbo, dovan\u0173 sau ir artimiesiems.","publisher":{"@id":"https:\/\/skaitytaknyga.lt\/#organization"},"potentialAction":[{"@type":"SearchAction","target":{"@type":"EntryPoint","urlTemplate":"https:\/\/skaitytaknyga.lt\/?s={search_term_string}"},"query-input":{"@type":"PropertyValueSpecification","valueRequired":true,"valueName":"search_term_string"}}],"inLanguage":"en-GB"},{"@type":"Organization","@id":"https:\/\/skaitytaknyga.lt\/#organization","name":"skaitytaknyga.lt","url":"https:\/\/skaitytaknyga.lt\/","logo":{"@type":"ImageObject","inLanguage":"en-GB","@id":"https:\/\/skaitytaknyga.lt\/#\/schema\/logo\/image\/","url":"https:\/\/skaitytaknyga.lt\/wp-content\/uploads\/2024\/05\/cropped-cropped-cropped-02_00843_jt3bggkj1j3HLc7SyY6rEUpg.jpeg","contentUrl":"https:\/\/skaitytaknyga.lt\/wp-content\/uploads\/2024\/05\/cropped-cropped-cropped-02_00843_jt3bggkj1j3HLc7SyY6rEUpg.jpeg","width":1600,"height":1600,"caption":"skaitytaknyga.lt"},"image":{"@id":"https:\/\/skaitytaknyga.lt\/#\/schema\/logo\/image\/"},"sameAs":["https:\/\/www.facebook.com\/skaitytaknyga\/"]}]}},"_links":{"self":[{"href":"https:\/\/skaitytaknyga.lt\/en\/wp-json\/wp\/v2\/product\/21784","targetHints":{"allow":["GET"]}}],"collection":[{"href":"https:\/\/skaitytaknyga.lt\/en\/wp-json\/wp\/v2\/product"}],"about":[{"href":"https:\/\/skaitytaknyga.lt\/en\/wp-json\/wp\/v2\/types\/product"}],"replies":[{"embeddable":true,"href":"https:\/\/skaitytaknyga.lt\/en\/wp-json\/wp\/v2\/comments?post=21784"}],"wp:featuredmedia":[{"embeddable":true,"href":"https:\/\/skaitytaknyga.lt\/en\/wp-json\/wp\/v2\/media\/21789"}],"wp:attachment":[{"href":"https:\/\/skaitytaknyga.lt\/en\/wp-json\/wp\/v2\/media?parent=21784"}],"wp:term":[{"taxonomy":"product_brand","embeddable":true,"href":"https:\/\/skaitytaknyga.lt\/en\/wp-json\/wp\/v2\/product_brand?post=21784"},{"taxonomy":"product_cat","embeddable":true,"href":"https:\/\/skaitytaknyga.lt\/en\/wp-json\/wp\/v2\/product_cat?post=21784"},{"taxonomy":"product_tag","embeddable":true,"href":"https:\/\/skaitytaknyga.lt\/en\/wp-json\/wp\/v2\/product_tag?post=21784"}],"curies":[{"name":"wp","href":"https:\/\/api.w.org\/{rel}","templated":true}]}}