{"id":21782,"date":"2025-11-04T08:57:54","date_gmt":"2025-11-04T06:57:54","guid":{"rendered":"https:\/\/skaitytaknyga.lt\/?post_type=product&#038;p=21782"},"modified":"2026-03-17T11:49:03","modified_gmt":"2026-03-17T09:49:03","slug":"kaktusu-gyvatvore","status":"publish","type":"product","link":"https:\/\/skaitytaknyga.lt\/en\/produktas\/kaktusu-gyvatvore\/","title":{"rendered":"Kaktus\u0173 gyvatvor\u0117"},"content":{"rendered":"<p>\u0160tai ir toji siena, jau nuo pirm\u0173j\u0173 pa\u017einties akimirk\u0173 mudu skyrusi, tvora, kuri\u0105 mintyse visada reg\u0117jau kaip dygi\u0173 kaktus\u0173 gyvatvor\u0119: kadaise tokia \u017eym\u0117davo rib\u0105, kur baigiasi vienas kaimas ir prasideda kitas.<\/p>\n<p>Pra\u0117jus dvejiems metams po 2001-\u0173j\u0173 rugs\u0117jo 11-osios \u012fvyki\u0173, du jauni \u017emon\u0117s susipa\u017e\u012fsta Niujorke ir i\u0161kart pajunta vienas kitam trauk\u0105. Liat \u2013 student\u0117 i\u0161 Tel Avivo, atvykusi \u012f JAV pusme\u010diui, Chilmis \u2013 pradedantis dailininkas i\u0161 Ramalos. Nors abu supranta, kad j\u0173 meil\u0117 galima tik toli nuo gimt\u0173j\u0173 nam\u0173, ne\u012fstengia jai atsispirti. Kartu jie tyrin\u0117ja miest\u0105, dalijasi prisiminimais, o u\u017eklupus ne\u012fprastai \u0161altai \u017eiemai, ilgisi Artim\u0173j\u0173 Ryt\u0173 saul\u0117s. Deja, Liat laim\u0119 temdo kalt\u0117, kad savo meil\u0119 slepia nuo \u0161eimos. Nenumaldomai art\u0117jant laikui i\u0161vykti, j\u0105 ima persekioti slogi nuotaika d\u0117l i\u0161siskyrimo, akis \u012f ak\u012f tenka susidurti su skaud\u017eia b\u016btinybe rinktis.<\/p>\n<p>\u201eKaktus\u0173 gyvatvor\u0117&#8221; \u2013 tai prie\u0161taringai vertinamas k\u016brinys apie izraeliet\u0117s ir palestinie\u010dio meil\u0119. \u012etikinamai ir jautriai papasakota istorija vos pasirod\u017eiusi rekomenduota Izraelio vyresni\u0173j\u0173 klasi\u0173 moksleiviams, bet i\u0161populiar\u0117jusi u\u017edrausta kaip galinti skatinti santuokas su kitatau\u010diais. Sulaukus palaikymo i\u0161 toki\u0173 garsi\u0173 Izraelio ra\u0161ytoj\u0173, kaip Davidas Grossmanas, A. B. Yehoshua, Amosas Ozas, po ilg\u0173 svarstym\u0173 ir netgi protest\u0173 nuspr\u0119sta, kad k\u016brinys gali b\u016bti skaitomas ir nagrin\u0117jamas mokyklose.<\/p>\n","protected":false},"excerpt":{"rendered":"<p>\u0160tai ir toji siena, jau nuo pirm\u0173j\u0173 pa\u017einties akimirk\u0173 mudu skyrusi, tvora, kuri\u0105 mintyse visada reg\u0117jau kaip dygi\u0173 kaktus\u0173 gyvatvor\u0119: kadaise tokia \u017eym\u0117davo rib\u0105, kur baigiasi vienas kaimas ir prasideda kitas. Pra\u0117jus dvejiems metams po 2001-\u0173j\u0173 rugs\u0117jo 11-osios \u012fvyki\u0173, du jauni \u017emon\u0117s susipa\u017e\u012fsta Niujorke ir i\u0161kart pajunta vienas kitam trauk\u0105. Liat \u2013 student\u0117 i\u0161 Tel Avivo, atvykusi \u012f JAV pusme\u010diui, Chilmis \u2013 pradedantis dailininkas i\u0161 Ramalos. Nors abu supranta, kad j\u0173 meil\u0117 galima tik toli nuo gimt\u0173j\u0173 nam\u0173, ne\u012fstengia jai atsispirti. Kartu jie tyrin\u0117ja miest\u0105, dalijasi prisiminimais, o u\u017eklupus ne\u012fprastai \u0161altai \u017eiemai, ilgisi Artim\u0173j\u0173 Ryt\u0173 saul\u0117s. Deja, Liat laim\u0119 temdo kalt\u0117, kad savo meil\u0119 slepia nuo \u0161eimos. Nenumaldomai art\u0117jant laikui i\u0161vykti, j\u0105 ima persekioti slogi nuotaika d\u0117l i\u0161siskyrimo, akis \u012f ak\u012f tenka susidurti su skaud\u017eia b\u016btinybe rinktis. \u201eKaktus\u0173 gyvatvor\u0117&#8221; \u2013 tai prie\u0161taringai vertinamas k\u016brinys apie izraeliet\u0117s ir palestinie\u010dio meil\u0119. \u012etikinamai ir jautriai papasakota istorija vos pasirod\u017eiusi rekomenduota Izraelio vyresni\u0173j\u0173 klasi\u0173 moksleiviams, bet i\u0161populiar\u0117jusi u\u017edrausta kaip galinti skatinti santuokas su kitatau\u010diais. Sulaukus palaikymo i\u0161 toki\u0173 garsi\u0173 Izraelio ra\u0161ytoj\u0173, kaip Davidas Grossmanas, A. B. Yehoshua, Amosas Ozas, po ilg\u0173 svarstym\u0173 ir netgi protest\u0173 nuspr\u0119sta, kad k\u016brinys gali b\u016bti skaitomas ir nagrin\u0117jamas mokyklose.<\/p>\n","protected":false},"featured_media":21787,"comment_status":"open","ping_status":"closed","template":"","meta":{"_acf_changed":false,"site-sidebar-layout":"default","site-content-layout":"","ast-site-content-layout":"default","site-content-style":"default","site-sidebar-style":"default","ast-global-header-display":"","ast-banner-title-visibility":"","ast-main-header-display":"","ast-hfb-above-header-display":"","ast-hfb-below-header-display":"","ast-hfb-mobile-header-display":"","site-post-title":"","ast-breadcrumbs-content":"","ast-featured-img":"","footer-sml-layout":"","ast-disable-related-posts":"","theme-transparent-header-meta":"","adv-header-id-meta":"","stick-header-meta":"","header-above-stick-meta":"","header-main-stick-meta":"","header-below-stick-meta":"","astra-migrate-meta-layouts":"default","ast-page-background-enabled":"default","ast-page-background-meta":{"desktop":{"background-color":"","background-image":"","background-repeat":"repeat","background-position":"center center","background-size":"auto","background-attachment":"scroll","background-type":"","background-media":"","overlay-type":"","overlay-color":"","overlay-opacity":"","overlay-gradient":""},"tablet":{"background-color":"","background-image":"","background-repeat":"repeat","background-position":"center center","background-size":"auto","background-attachment":"scroll","background-type":"","background-media":"","overlay-type":"","overlay-color":"","overlay-opacity":"","overlay-gradient":""},"mobile":{"background-color":"","background-image":"","background-repeat":"repeat","background-position":"center center","background-size":"auto","background-attachment":"scroll","background-type":"","background-media":"","overlay-type":"","overlay-color":"","overlay-opacity":"","overlay-gradient":""}},"ast-content-background-meta":{"desktop":{"background-color":"var(--ast-global-color-4)","background-image":"","background-repeat":"repeat","background-position":"center center","background-size":"auto","background-attachment":"scroll","background-type":"","background-media":"","overlay-type":"","overlay-color":"","overlay-opacity":"","overlay-gradient":""},"tablet":{"background-color":"var(--ast-global-color-4)","background-image":"","background-repeat":"repeat","background-position":"center center","background-size":"auto","background-attachment":"scroll","background-type":"","background-media":"","overlay-type":"","overlay-color":"","overlay-opacity":"","overlay-gradient":""},"mobile":{"background-color":"var(--ast-global-color-4)","background-image":"","background-repeat":"repeat","background-position":"center center","background-size":"auto","background-attachment":"scroll","background-type":"","background-media":"","overlay-type":"","overlay-color":"","overlay-opacity":"","overlay-gradient":""}}},"product_brand":[],"product_cat":[9734],"product_tag":[],"class_list":{"0":"post-21782","1":"product","2":"type-product","3":"status-publish","4":"has-post-thumbnail","6":"product_cat-romanai","7":"desktop-align-left","8":"tablet-align-left","9":"mobile-align-left","11":"first","12":"instock","13":"shipping-taxable","14":"purchasable","15":"product-type-simple"},"acf":[],"yoast_head":"<!-- This site is optimized with the Yoast SEO plugin v27.0 - https:\/\/yoast.com\/product\/yoast-seo-wordpress\/ -->\n<title>Kaktus\u0173 gyvatvor\u0117<\/title>\n<meta name=\"description\" content=\"\u0160tai ir toji siena, jau nuo pirm\u0173j\u0173 pa\u017einties akimirk\u0173 mudu skyrusi, tvora, kuri\u0105 mintyse visada reg\u0117jau kaip dygi\u0173 kaktus\u0173 gyvatvor\u0119: kadaise tokia\" \/>\n<meta name=\"robots\" content=\"index, follow, max-snippet:-1, max-image-preview:large, max-video-preview:-1\" \/>\n<link rel=\"canonical\" href=\"https:\/\/skaitytaknyga.lt\/en\/produktas\/kaktusu-gyvatvore\/\" \/>\n<meta property=\"og:locale\" content=\"en_GB\" \/>\n<meta property=\"og:locale:alternate\" content=\"lt_LT\" \/>\n<meta property=\"og:type\" content=\"article\" \/>\n<meta property=\"og:title\" content=\"Kaktus\u0173 gyvatvor\u0117\" \/>\n<meta property=\"og:description\" content=\"\u0160tai ir toji siena, jau nuo pirm\u0173j\u0173 pa\u017einties akimirk\u0173 mudu skyrusi, tvora, kuri\u0105 mintyse visada reg\u0117jau kaip dygi\u0173 kaktus\u0173 gyvatvor\u0119: kadaise tokia\" \/>\n<meta property=\"og:url\" content=\"https:\/\/skaitytaknyga.lt\/en\/produktas\/kaktusu-gyvatvore\/\" \/>\n<meta property=\"og:site_name\" content=\"Skaitytaknyga\" \/>\n<meta property=\"article:publisher\" content=\"https:\/\/www.facebook.com\/skaitytaknyga\/\" \/>\n<meta property=\"article:modified_time\" content=\"2026-03-17T09:49:03+00:00\" \/>\n<meta property=\"og:image\" content=\"https:\/\/skaitytaknyga.lt\/wp-content\/uploads\/2025\/11\/Kaktusu-gyvatvore-1.webp\" \/>\n\t<meta property=\"og:image:width\" content=\"300\" \/>\n\t<meta property=\"og:image:height\" content=\"450\" \/>\n\t<meta property=\"og:image:type\" content=\"image\/webp\" \/>\n<meta name=\"twitter:card\" content=\"summary_large_image\" \/>\n<meta name=\"twitter:label1\" content=\"Estimated reading time\" \/>\n\t<meta name=\"twitter:data1\" content=\"1 minute\" \/>\n<script type=\"application\/ld+json\" class=\"yoast-schema-graph\">{\"@context\":\"https:\/\/schema.org\",\"@graph\":[{\"@type\":\"WebPage\",\"@id\":\"https:\/\/skaitytaknyga.lt\/produktas\/kaktusu-gyvatvore\/\",\"url\":\"https:\/\/skaitytaknyga.lt\/produktas\/kaktusu-gyvatvore\/\",\"name\":\"Kaktus\u0173 gyvatvor\u0117\",\"isPartOf\":{\"@id\":\"https:\/\/skaitytaknyga.lt\/#website\"},\"primaryImageOfPage\":{\"@id\":\"https:\/\/skaitytaknyga.lt\/produktas\/kaktusu-gyvatvore\/#primaryimage\"},\"image\":{\"@id\":\"https:\/\/skaitytaknyga.lt\/produktas\/kaktusu-gyvatvore\/#primaryimage\"},\"thumbnailUrl\":\"https:\/\/skaitytaknyga.lt\/wp-content\/uploads\/2025\/11\/Kaktusu-gyvatvore-1.webp\",\"datePublished\":\"2025-11-04T06:57:54+00:00\",\"dateModified\":\"2026-03-17T09:49:03+00:00\",\"description\":\"\u0160tai ir toji siena, jau nuo pirm\u0173j\u0173 pa\u017einties akimirk\u0173 mudu skyrusi, tvora, kuri\u0105 mintyse visada reg\u0117jau kaip dygi\u0173 kaktus\u0173 gyvatvor\u0119: kadaise tokia\",\"breadcrumb\":{\"@id\":\"https:\/\/skaitytaknyga.lt\/produktas\/kaktusu-gyvatvore\/#breadcrumb\"},\"inLanguage\":\"en-GB\",\"potentialAction\":[{\"@type\":\"ReadAction\",\"target\":[\"https:\/\/skaitytaknyga.lt\/produktas\/kaktusu-gyvatvore\/\"]}]},{\"@type\":\"ImageObject\",\"inLanguage\":\"en-GB\",\"@id\":\"https:\/\/skaitytaknyga.lt\/produktas\/kaktusu-gyvatvore\/#primaryimage\",\"url\":\"https:\/\/skaitytaknyga.lt\/wp-content\/uploads\/2025\/11\/Kaktusu-gyvatvore-1.webp\",\"contentUrl\":\"https:\/\/skaitytaknyga.lt\/wp-content\/uploads\/2025\/11\/Kaktusu-gyvatvore-1.webp\",\"width\":300,\"height\":450,\"caption\":\"Kaktus\u0173 gyvatvor\u0117\"},{\"@type\":\"BreadcrumbList\",\"@id\":\"https:\/\/skaitytaknyga.lt\/produktas\/kaktusu-gyvatvore\/#breadcrumb\",\"itemListElement\":[{\"@type\":\"ListItem\",\"position\":1,\"name\":\"Home\",\"item\":\"https:\/\/skaitytaknyga.lt\/\"},{\"@type\":\"ListItem\",\"position\":2,\"name\":\"Parduotuv\u0117\",\"item\":\"https:\/\/skaitytaknyga.lt\/knygu-parduotuve\/\"},{\"@type\":\"ListItem\",\"position\":3,\"name\":\"Kaktus\u0173 gyvatvor\u0117\"}]},{\"@type\":\"WebSite\",\"@id\":\"https:\/\/skaitytaknyga.lt\/#website\",\"url\":\"https:\/\/skaitytaknyga.lt\/\",\"name\":\"skaitytaknyga.lt\",\"description\":\"Skaitytaknyga.lt \u2013 tai ma\u017eas \u0161eimos verslas, kuris prasid\u0117jo nuo meil\u0117s knygoms ir siekio i\u0161gelb\u0117ti knygas nuo likimo prie konteinerio. Kas vienam nereikalingas daiktas \u2013 kitam lobis, o mes esame tarpininkai, kurie padeda abiems tapti laimingesniems ???? \u017dinome kaip nelengva i\u0161gyventi ma\u017eiems verslams, tad nuo \u0161iol, \u010dia rasite ir kit\u0173, ma\u017e\u0173 \u0161eim\u0173 versl\u0173, rank\u0173 darbo, dovan\u0173 sau ir artimiesiems.\",\"publisher\":{\"@id\":\"https:\/\/skaitytaknyga.lt\/#organization\"},\"potentialAction\":[{\"@type\":\"SearchAction\",\"target\":{\"@type\":\"EntryPoint\",\"urlTemplate\":\"https:\/\/skaitytaknyga.lt\/?s={search_term_string}\"},\"query-input\":{\"@type\":\"PropertyValueSpecification\",\"valueRequired\":true,\"valueName\":\"search_term_string\"}}],\"inLanguage\":\"en-GB\"},{\"@type\":\"Organization\",\"@id\":\"https:\/\/skaitytaknyga.lt\/#organization\",\"name\":\"skaitytaknyga.lt\",\"url\":\"https:\/\/skaitytaknyga.lt\/\",\"logo\":{\"@type\":\"ImageObject\",\"inLanguage\":\"en-GB\",\"@id\":\"https:\/\/skaitytaknyga.lt\/#\/schema\/logo\/image\/\",\"url\":\"https:\/\/skaitytaknyga.lt\/wp-content\/uploads\/2024\/05\/cropped-cropped-cropped-02_00843_jt3bggkj1j3HLc7SyY6rEUpg.jpeg\",\"contentUrl\":\"https:\/\/skaitytaknyga.lt\/wp-content\/uploads\/2024\/05\/cropped-cropped-cropped-02_00843_jt3bggkj1j3HLc7SyY6rEUpg.jpeg\",\"width\":1600,\"height\":1600,\"caption\":\"skaitytaknyga.lt\"},\"image\":{\"@id\":\"https:\/\/skaitytaknyga.lt\/#\/schema\/logo\/image\/\"},\"sameAs\":[\"https:\/\/www.facebook.com\/skaitytaknyga\/\"]}]}<\/script>\n<!-- \/ Yoast SEO plugin. -->","yoast_head_json":{"title":"Kaktus\u0173 gyvatvor\u0117","description":"\u0160tai ir toji siena, jau nuo pirm\u0173j\u0173 pa\u017einties akimirk\u0173 mudu skyrusi, tvora, kuri\u0105 mintyse visada reg\u0117jau kaip dygi\u0173 kaktus\u0173 gyvatvor\u0119: kadaise tokia","robots":{"index":"index","follow":"follow","max-snippet":"max-snippet:-1","max-image-preview":"max-image-preview:large","max-video-preview":"max-video-preview:-1"},"canonical":"https:\/\/skaitytaknyga.lt\/en\/produktas\/kaktusu-gyvatvore\/","og_locale":"en_GB","og_type":"article","og_title":"[:lt]Kaktus\u0173 gyvatvor\u0117[:] - Skaitytaknyga","og_description":"\u0160tai ir toji siena, jau nuo pirm\u0173j\u0173 pa\u017einties akimirk\u0173 mudu skyrusi, tvora, kuri\u0105 mintyse visada reg\u0117jau kaip dygi\u0173 kaktus\u0173 gyvatvor\u0119: kadaise tokia","og_url":"https:\/\/skaitytaknyga.lt\/en\/produktas\/kaktusu-gyvatvore\/","og_site_name":"Skaitytaknyga","article_publisher":"https:\/\/www.facebook.com\/skaitytaknyga\/","article_modified_time":"2026-03-17T09:49:03+00:00","og_image":[{"width":300,"height":450,"url":"https:\/\/skaitytaknyga.lt\/wp-content\/uploads\/2025\/11\/Kaktusu-gyvatvore-1.webp","type":"image\/webp"}],"twitter_card":"summary_large_image","twitter_misc":{"Estimated reading time":"1 minute"},"schema":{"@context":"https:\/\/schema.org","@graph":[{"@type":"WebPage","@id":"https:\/\/skaitytaknyga.lt\/produktas\/kaktusu-gyvatvore\/","url":"https:\/\/skaitytaknyga.lt\/produktas\/kaktusu-gyvatvore\/","name":"Kaktus\u0173 gyvatvor\u0117","isPartOf":{"@id":"https:\/\/skaitytaknyga.lt\/#website"},"primaryImageOfPage":{"@id":"https:\/\/skaitytaknyga.lt\/produktas\/kaktusu-gyvatvore\/#primaryimage"},"image":{"@id":"https:\/\/skaitytaknyga.lt\/produktas\/kaktusu-gyvatvore\/#primaryimage"},"thumbnailUrl":"https:\/\/skaitytaknyga.lt\/wp-content\/uploads\/2025\/11\/Kaktusu-gyvatvore-1.webp","datePublished":"2025-11-04T06:57:54+00:00","dateModified":"2026-03-17T09:49:03+00:00","description":"\u0160tai ir toji siena, jau nuo pirm\u0173j\u0173 pa\u017einties akimirk\u0173 mudu skyrusi, tvora, kuri\u0105 mintyse visada reg\u0117jau kaip dygi\u0173 kaktus\u0173 gyvatvor\u0119: kadaise tokia","breadcrumb":{"@id":"https:\/\/skaitytaknyga.lt\/produktas\/kaktusu-gyvatvore\/#breadcrumb"},"inLanguage":"en-GB","potentialAction":[{"@type":"ReadAction","target":["https:\/\/skaitytaknyga.lt\/produktas\/kaktusu-gyvatvore\/"]}]},{"@type":"ImageObject","inLanguage":"en-GB","@id":"https:\/\/skaitytaknyga.lt\/produktas\/kaktusu-gyvatvore\/#primaryimage","url":"https:\/\/skaitytaknyga.lt\/wp-content\/uploads\/2025\/11\/Kaktusu-gyvatvore-1.webp","contentUrl":"https:\/\/skaitytaknyga.lt\/wp-content\/uploads\/2025\/11\/Kaktusu-gyvatvore-1.webp","width":300,"height":450,"caption":"Kaktus\u0173 gyvatvor\u0117"},{"@type":"BreadcrumbList","@id":"https:\/\/skaitytaknyga.lt\/produktas\/kaktusu-gyvatvore\/#breadcrumb","itemListElement":[{"@type":"ListItem","position":1,"name":"Home","item":"https:\/\/skaitytaknyga.lt\/"},{"@type":"ListItem","position":2,"name":"Parduotuv\u0117","item":"https:\/\/skaitytaknyga.lt\/knygu-parduotuve\/"},{"@type":"ListItem","position":3,"name":"Kaktus\u0173 gyvatvor\u0117"}]},{"@type":"WebSite","@id":"https:\/\/skaitytaknyga.lt\/#website","url":"https:\/\/skaitytaknyga.lt\/","name":"skaitytaknyga.lt","description":"Skaitytaknyga.lt \u2013 tai ma\u017eas \u0161eimos verslas, kuris prasid\u0117jo nuo meil\u0117s knygoms ir siekio i\u0161gelb\u0117ti knygas nuo likimo prie konteinerio. Kas vienam nereikalingas daiktas \u2013 kitam lobis, o mes esame tarpininkai, kurie padeda abiems tapti laimingesniems ???? \u017dinome kaip nelengva i\u0161gyventi ma\u017eiems verslams, tad nuo \u0161iol, \u010dia rasite ir kit\u0173, ma\u017e\u0173 \u0161eim\u0173 versl\u0173, rank\u0173 darbo, dovan\u0173 sau ir artimiesiems.","publisher":{"@id":"https:\/\/skaitytaknyga.lt\/#organization"},"potentialAction":[{"@type":"SearchAction","target":{"@type":"EntryPoint","urlTemplate":"https:\/\/skaitytaknyga.lt\/?s={search_term_string}"},"query-input":{"@type":"PropertyValueSpecification","valueRequired":true,"valueName":"search_term_string"}}],"inLanguage":"en-GB"},{"@type":"Organization","@id":"https:\/\/skaitytaknyga.lt\/#organization","name":"skaitytaknyga.lt","url":"https:\/\/skaitytaknyga.lt\/","logo":{"@type":"ImageObject","inLanguage":"en-GB","@id":"https:\/\/skaitytaknyga.lt\/#\/schema\/logo\/image\/","url":"https:\/\/skaitytaknyga.lt\/wp-content\/uploads\/2024\/05\/cropped-cropped-cropped-02_00843_jt3bggkj1j3HLc7SyY6rEUpg.jpeg","contentUrl":"https:\/\/skaitytaknyga.lt\/wp-content\/uploads\/2024\/05\/cropped-cropped-cropped-02_00843_jt3bggkj1j3HLc7SyY6rEUpg.jpeg","width":1600,"height":1600,"caption":"skaitytaknyga.lt"},"image":{"@id":"https:\/\/skaitytaknyga.lt\/#\/schema\/logo\/image\/"},"sameAs":["https:\/\/www.facebook.com\/skaitytaknyga\/"]}]}},"_links":{"self":[{"href":"https:\/\/skaitytaknyga.lt\/en\/wp-json\/wp\/v2\/product\/21782","targetHints":{"allow":["GET"]}}],"collection":[{"href":"https:\/\/skaitytaknyga.lt\/en\/wp-json\/wp\/v2\/product"}],"about":[{"href":"https:\/\/skaitytaknyga.lt\/en\/wp-json\/wp\/v2\/types\/product"}],"replies":[{"embeddable":true,"href":"https:\/\/skaitytaknyga.lt\/en\/wp-json\/wp\/v2\/comments?post=21782"}],"wp:featuredmedia":[{"embeddable":true,"href":"https:\/\/skaitytaknyga.lt\/en\/wp-json\/wp\/v2\/media\/21787"}],"wp:attachment":[{"href":"https:\/\/skaitytaknyga.lt\/en\/wp-json\/wp\/v2\/media?parent=21782"}],"wp:term":[{"taxonomy":"product_brand","embeddable":true,"href":"https:\/\/skaitytaknyga.lt\/en\/wp-json\/wp\/v2\/product_brand?post=21782"},{"taxonomy":"product_cat","embeddable":true,"href":"https:\/\/skaitytaknyga.lt\/en\/wp-json\/wp\/v2\/product_cat?post=21782"},{"taxonomy":"product_tag","embeddable":true,"href":"https:\/\/skaitytaknyga.lt\/en\/wp-json\/wp\/v2\/product_tag?post=21782"}],"curies":[{"name":"wp","href":"https:\/\/api.w.org\/{rel}","templated":true}]}}