{"id":21781,"date":"2025-11-04T08:57:53","date_gmt":"2025-11-04T06:57:53","guid":{"rendered":"https:\/\/skaitytaknyga.lt\/?post_type=product&#038;p=21781"},"modified":"2025-11-04T15:20:19","modified_gmt":"2025-11-04T13:20:19","slug":"laimingas-vaikas","status":"publish","type":"product","link":"https:\/\/skaitytaknyga.lt\/en\/produktas\/laimingas-vaikas\/","title":{"rendered":"Laimingas vaikas"},"content":{"rendered":"<p>Tai dar viena serijos \u201eMamos biblioteka\u201c knyga, suteiksianti daug verting\u0173 \u017eini\u0173 apie k\u016bdiki\u0173 sveikat\u0105, maitinim\u0105, negalavim\u0173 prie\u017eastis, j\u0173 gydym\u0105 ir kt.<\/p>\n<p>Knyg\u0105 para\u0161\u0117 ital\u0173 gydytojas &#8211; pediatras Giuseppe Ferrari, \u017eymus Italijos pediatras, Turino universitetin\u0117s pediatrin\u0117s ligonin\u0117s docentas. \u0160i knyga paprastai ir suprantamai pasakoja apie vaiko auginim\u0105 nuo jo gimimo iki \u0161e\u0161eri\u0173 met\u0173 am\u017eiaus.<\/p>\n<p>Knygoje yra atsakym\u0173 \u012f klausimus, kuriuos t\u0117vai da\u017enai u\u017eduoda apie vaiko maitinim\u0105, mieg\u0105, verksm\u0105, blogus \u012fpro\u010dius, dantuk\u0173 augim\u0105, dieglius ir pan. Knyga neiliustruota, yra keletas grafik\u0173 (pvz., svorio ir \u016bgio santykis). Kadangi apima didel\u012f vaiko am\u017eiaus tarpsn\u012f, \u0161i knyga yra paranki t\u0117vams, norintiems visko vienoje nebrangioje knygoje. Kai kuri\u0173 skaitytoj\u0173 nuomone, \u0161i knyga \u2013 tai naujas daktaro Spoko knygos analogas.<\/p>\n","protected":false},"excerpt":{"rendered":"<p>Tai dar viena serijos \u201eMamos biblioteka\u201c knyga, suteiksianti daug verting\u0173 \u017eini\u0173 apie k\u016bdiki\u0173 sveikat\u0105, maitinim\u0105, negalavim\u0173 prie\u017eastis, j\u0173 gydym\u0105 ir kt. Knyg\u0105 para\u0161\u0117 ital\u0173 gydytojas &#8211; pediatras Giuseppe Ferrari, \u017eymus Italijos pediatras, Turino universitetin\u0117s pediatrin\u0117s ligonin\u0117s docentas. \u0160i knyga paprastai ir suprantamai pasakoja apie vaiko auginim\u0105 nuo jo gimimo iki \u0161e\u0161eri\u0173 met\u0173 am\u017eiaus. Knygoje yra atsakym\u0173 \u012f klausimus, kuriuos t\u0117vai da\u017enai u\u017eduoda apie vaiko maitinim\u0105, mieg\u0105, verksm\u0105, blogus \u012fpro\u010dius, dantuk\u0173 augim\u0105, dieglius ir pan. Knyga neiliustruota, yra keletas grafik\u0173 (pvz., svorio ir \u016bgio santykis). Kadangi apima didel\u012f vaiko am\u017eiaus tarpsn\u012f, \u0161i knyga yra paranki t\u0117vams, norintiems visko vienoje nebrangioje knygoje. Kai kuri\u0173 skaitytoj\u0173 nuomone, \u0161i knyga \u2013 tai naujas daktaro Spoko knygos analogas.<\/p>\n","protected":false},"featured_media":21786,"comment_status":"open","ping_status":"closed","template":"","meta":{"_acf_changed":false,"site-sidebar-layout":"default","site-content-layout":"","ast-site-content-layout":"default","site-content-style":"default","site-sidebar-style":"default","ast-global-header-display":"","ast-banner-title-visibility":"","ast-main-header-display":"","ast-hfb-above-header-display":"","ast-hfb-below-header-display":"","ast-hfb-mobile-header-display":"","site-post-title":"","ast-breadcrumbs-content":"","ast-featured-img":"","footer-sml-layout":"","ast-disable-related-posts":"","theme-transparent-header-meta":"","adv-header-id-meta":"","stick-header-meta":"","header-above-stick-meta":"","header-main-stick-meta":"","header-below-stick-meta":"","astra-migrate-meta-layouts":"default","ast-page-background-enabled":"default","ast-page-background-meta":{"desktop":{"background-color":"","background-image":"","background-repeat":"repeat","background-position":"center center","background-size":"auto","background-attachment":"scroll","background-type":"","background-media":"","overlay-type":"","overlay-color":"","overlay-opacity":"","overlay-gradient":""},"tablet":{"background-color":"","background-image":"","background-repeat":"repeat","background-position":"center center","background-size":"auto","background-attachment":"scroll","background-type":"","background-media":"","overlay-type":"","overlay-color":"","overlay-opacity":"","overlay-gradient":""},"mobile":{"background-color":"","background-image":"","background-repeat":"repeat","background-position":"center center","background-size":"auto","background-attachment":"scroll","background-type":"","background-media":"","overlay-type":"","overlay-color":"","overlay-opacity":"","overlay-gradient":""}},"ast-content-background-meta":{"desktop":{"background-color":"var(--ast-global-color-4)","background-image":"","background-repeat":"repeat","background-position":"center center","background-size":"auto","background-attachment":"scroll","background-type":"","background-media":"","overlay-type":"","overlay-color":"","overlay-opacity":"","overlay-gradient":""},"tablet":{"background-color":"var(--ast-global-color-4)","background-image":"","background-repeat":"repeat","background-position":"center center","background-size":"auto","background-attachment":"scroll","background-type":"","background-media":"","overlay-type":"","overlay-color":"","overlay-opacity":"","overlay-gradient":""},"mobile":{"background-color":"var(--ast-global-color-4)","background-image":"","background-repeat":"repeat","background-position":"center center","background-size":"auto","background-attachment":"scroll","background-type":"","background-media":"","overlay-type":"","overlay-color":"","overlay-opacity":"","overlay-gradient":""}}},"product_brand":[],"product_cat":[15],"product_tag":[],"class_list":{"0":"post-21781","1":"product","2":"type-product","3":"status-publish","4":"has-post-thumbnail","6":"product_cat-uncategorized","7":"desktop-align-left","8":"tablet-align-left","9":"mobile-align-left","11":"first","12":"instock","13":"shipping-taxable","14":"purchasable","15":"product-type-simple"},"acf":[],"yoast_head":"<!-- This site is optimized with the Yoast SEO plugin v27.0 - https:\/\/yoast.com\/product\/yoast-seo-wordpress\/ -->\n<title>Laimingas vaikas<\/title>\n<meta name=\"description\" content=\"Tai dar viena serijos \u201eMamos biblioteka\u201c knyga, suteiksianti daug verting\u0173 \u017eini\u0173 apie k\u016bdiki\u0173 sveikat\u0105, maitinim\u0105, negalavim\u0173 prie\u017eastis, j\u0173 gydym\u0105 ir kt.\" \/>\n<meta name=\"robots\" content=\"index, follow, max-snippet:-1, max-image-preview:large, max-video-preview:-1\" \/>\n<link rel=\"canonical\" href=\"https:\/\/skaitytaknyga.lt\/en\/produktas\/laimingas-vaikas\/\" \/>\n<meta property=\"og:locale\" content=\"en_GB\" \/>\n<meta property=\"og:locale:alternate\" content=\"lt_LT\" \/>\n<meta property=\"og:type\" content=\"article\" \/>\n<meta property=\"og:title\" content=\"Laimingas vaikas\" \/>\n<meta property=\"og:description\" content=\"Tai dar viena serijos \u201eMamos biblioteka\u201c knyga, suteiksianti daug verting\u0173 \u017eini\u0173 apie k\u016bdiki\u0173 sveikat\u0105, maitinim\u0105, negalavim\u0173 prie\u017eastis, j\u0173 gydym\u0105 ir kt.\" \/>\n<meta property=\"og:url\" content=\"https:\/\/skaitytaknyga.lt\/en\/produktas\/laimingas-vaikas\/\" \/>\n<meta property=\"og:site_name\" content=\"Skaitytaknyga\" \/>\n<meta property=\"article:publisher\" content=\"https:\/\/www.facebook.com\/skaitytaknyga\/\" \/>\n<meta property=\"article:modified_time\" content=\"2025-11-04T13:20:19+00:00\" \/>\n<meta property=\"og:image\" content=\"https:\/\/skaitytaknyga.lt\/wp-content\/uploads\/2025\/11\/Laimingas-vaikas-1.webp\" \/>\n\t<meta property=\"og:image:width\" content=\"300\" \/>\n\t<meta property=\"og:image:height\" content=\"437\" \/>\n\t<meta property=\"og:image:type\" content=\"image\/webp\" \/>\n<meta name=\"twitter:card\" content=\"summary_large_image\" \/>\n<meta name=\"twitter:label1\" content=\"Estimated reading time\" \/>\n\t<meta name=\"twitter:data1\" content=\"1 minute\" \/>\n<script type=\"application\/ld+json\" class=\"yoast-schema-graph\">{\"@context\":\"https:\/\/schema.org\",\"@graph\":[{\"@type\":\"WebPage\",\"@id\":\"https:\/\/skaitytaknyga.lt\/produktas\/laimingas-vaikas\/\",\"url\":\"https:\/\/skaitytaknyga.lt\/produktas\/laimingas-vaikas\/\",\"name\":\"Laimingas vaikas\",\"isPartOf\":{\"@id\":\"https:\/\/skaitytaknyga.lt\/#website\"},\"primaryImageOfPage\":{\"@id\":\"https:\/\/skaitytaknyga.lt\/produktas\/laimingas-vaikas\/#primaryimage\"},\"image\":{\"@id\":\"https:\/\/skaitytaknyga.lt\/produktas\/laimingas-vaikas\/#primaryimage\"},\"thumbnailUrl\":\"https:\/\/skaitytaknyga.lt\/wp-content\/uploads\/2025\/11\/Laimingas-vaikas-1.webp\",\"datePublished\":\"2025-11-04T06:57:53+00:00\",\"dateModified\":\"2025-11-04T13:20:19+00:00\",\"description\":\"Tai dar viena serijos \u201eMamos biblioteka\u201c knyga, suteiksianti daug verting\u0173 \u017eini\u0173 apie k\u016bdiki\u0173 sveikat\u0105, maitinim\u0105, negalavim\u0173 prie\u017eastis, j\u0173 gydym\u0105 ir kt.\",\"breadcrumb\":{\"@id\":\"https:\/\/skaitytaknyga.lt\/produktas\/laimingas-vaikas\/#breadcrumb\"},\"inLanguage\":\"en-GB\",\"potentialAction\":[{\"@type\":\"ReadAction\",\"target\":[\"https:\/\/skaitytaknyga.lt\/produktas\/laimingas-vaikas\/\"]}]},{\"@type\":\"ImageObject\",\"inLanguage\":\"en-GB\",\"@id\":\"https:\/\/skaitytaknyga.lt\/produktas\/laimingas-vaikas\/#primaryimage\",\"url\":\"https:\/\/skaitytaknyga.lt\/wp-content\/uploads\/2025\/11\/Laimingas-vaikas-1.webp\",\"contentUrl\":\"https:\/\/skaitytaknyga.lt\/wp-content\/uploads\/2025\/11\/Laimingas-vaikas-1.webp\",\"width\":300,\"height\":437,\"caption\":\"Laimingas vaikas\"},{\"@type\":\"BreadcrumbList\",\"@id\":\"https:\/\/skaitytaknyga.lt\/produktas\/laimingas-vaikas\/#breadcrumb\",\"itemListElement\":[{\"@type\":\"ListItem\",\"position\":1,\"name\":\"Home\",\"item\":\"https:\/\/skaitytaknyga.lt\/\"},{\"@type\":\"ListItem\",\"position\":2,\"name\":\"Parduotuv\u0117\",\"item\":\"https:\/\/skaitytaknyga.lt\/knygu-parduotuve\/\"},{\"@type\":\"ListItem\",\"position\":3,\"name\":\"Laimingas vaikas\"}]},{\"@type\":\"WebSite\",\"@id\":\"https:\/\/skaitytaknyga.lt\/#website\",\"url\":\"https:\/\/skaitytaknyga.lt\/\",\"name\":\"skaitytaknyga.lt\",\"description\":\"Skaitytaknyga.lt \u2013 tai ma\u017eas \u0161eimos verslas, kuris prasid\u0117jo nuo meil\u0117s knygoms ir siekio i\u0161gelb\u0117ti knygas nuo likimo prie konteinerio. Kas vienam nereikalingas daiktas \u2013 kitam lobis, o mes esame tarpininkai, kurie padeda abiems tapti laimingesniems ???? \u017dinome kaip nelengva i\u0161gyventi ma\u017eiems verslams, tad nuo \u0161iol, \u010dia rasite ir kit\u0173, ma\u017e\u0173 \u0161eim\u0173 versl\u0173, rank\u0173 darbo, dovan\u0173 sau ir artimiesiems.\",\"publisher\":{\"@id\":\"https:\/\/skaitytaknyga.lt\/#organization\"},\"potentialAction\":[{\"@type\":\"SearchAction\",\"target\":{\"@type\":\"EntryPoint\",\"urlTemplate\":\"https:\/\/skaitytaknyga.lt\/?s={search_term_string}\"},\"query-input\":{\"@type\":\"PropertyValueSpecification\",\"valueRequired\":true,\"valueName\":\"search_term_string\"}}],\"inLanguage\":\"en-GB\"},{\"@type\":\"Organization\",\"@id\":\"https:\/\/skaitytaknyga.lt\/#organization\",\"name\":\"skaitytaknyga.lt\",\"url\":\"https:\/\/skaitytaknyga.lt\/\",\"logo\":{\"@type\":\"ImageObject\",\"inLanguage\":\"en-GB\",\"@id\":\"https:\/\/skaitytaknyga.lt\/#\/schema\/logo\/image\/\",\"url\":\"https:\/\/skaitytaknyga.lt\/wp-content\/uploads\/2024\/05\/cropped-cropped-cropped-02_00843_jt3bggkj1j3HLc7SyY6rEUpg.jpeg\",\"contentUrl\":\"https:\/\/skaitytaknyga.lt\/wp-content\/uploads\/2024\/05\/cropped-cropped-cropped-02_00843_jt3bggkj1j3HLc7SyY6rEUpg.jpeg\",\"width\":1600,\"height\":1600,\"caption\":\"skaitytaknyga.lt\"},\"image\":{\"@id\":\"https:\/\/skaitytaknyga.lt\/#\/schema\/logo\/image\/\"},\"sameAs\":[\"https:\/\/www.facebook.com\/skaitytaknyga\/\"]}]}<\/script>\n<!-- \/ Yoast SEO plugin. -->","yoast_head_json":{"title":"Laimingas vaikas","description":"Tai dar viena serijos \u201eMamos biblioteka\u201c knyga, suteiksianti daug verting\u0173 \u017eini\u0173 apie k\u016bdiki\u0173 sveikat\u0105, maitinim\u0105, negalavim\u0173 prie\u017eastis, j\u0173 gydym\u0105 ir kt.","robots":{"index":"index","follow":"follow","max-snippet":"max-snippet:-1","max-image-preview":"max-image-preview:large","max-video-preview":"max-video-preview:-1"},"canonical":"https:\/\/skaitytaknyga.lt\/en\/produktas\/laimingas-vaikas\/","og_locale":"en_GB","og_type":"article","og_title":"[:lt]Laimingas vaikas[:] - Skaitytaknyga","og_description":"Tai dar viena serijos \u201eMamos biblioteka\u201c knyga, suteiksianti daug verting\u0173 \u017eini\u0173 apie k\u016bdiki\u0173 sveikat\u0105, maitinim\u0105, negalavim\u0173 prie\u017eastis, j\u0173 gydym\u0105 ir kt.","og_url":"https:\/\/skaitytaknyga.lt\/en\/produktas\/laimingas-vaikas\/","og_site_name":"Skaitytaknyga","article_publisher":"https:\/\/www.facebook.com\/skaitytaknyga\/","article_modified_time":"2025-11-04T13:20:19+00:00","og_image":[{"width":300,"height":437,"url":"https:\/\/skaitytaknyga.lt\/wp-content\/uploads\/2025\/11\/Laimingas-vaikas-1.webp","type":"image\/webp"}],"twitter_card":"summary_large_image","twitter_misc":{"Estimated reading time":"1 minute"},"schema":{"@context":"https:\/\/schema.org","@graph":[{"@type":"WebPage","@id":"https:\/\/skaitytaknyga.lt\/produktas\/laimingas-vaikas\/","url":"https:\/\/skaitytaknyga.lt\/produktas\/laimingas-vaikas\/","name":"Laimingas vaikas","isPartOf":{"@id":"https:\/\/skaitytaknyga.lt\/#website"},"primaryImageOfPage":{"@id":"https:\/\/skaitytaknyga.lt\/produktas\/laimingas-vaikas\/#primaryimage"},"image":{"@id":"https:\/\/skaitytaknyga.lt\/produktas\/laimingas-vaikas\/#primaryimage"},"thumbnailUrl":"https:\/\/skaitytaknyga.lt\/wp-content\/uploads\/2025\/11\/Laimingas-vaikas-1.webp","datePublished":"2025-11-04T06:57:53+00:00","dateModified":"2025-11-04T13:20:19+00:00","description":"Tai dar viena serijos \u201eMamos biblioteka\u201c knyga, suteiksianti daug verting\u0173 \u017eini\u0173 apie k\u016bdiki\u0173 sveikat\u0105, maitinim\u0105, negalavim\u0173 prie\u017eastis, j\u0173 gydym\u0105 ir kt.","breadcrumb":{"@id":"https:\/\/skaitytaknyga.lt\/produktas\/laimingas-vaikas\/#breadcrumb"},"inLanguage":"en-GB","potentialAction":[{"@type":"ReadAction","target":["https:\/\/skaitytaknyga.lt\/produktas\/laimingas-vaikas\/"]}]},{"@type":"ImageObject","inLanguage":"en-GB","@id":"https:\/\/skaitytaknyga.lt\/produktas\/laimingas-vaikas\/#primaryimage","url":"https:\/\/skaitytaknyga.lt\/wp-content\/uploads\/2025\/11\/Laimingas-vaikas-1.webp","contentUrl":"https:\/\/skaitytaknyga.lt\/wp-content\/uploads\/2025\/11\/Laimingas-vaikas-1.webp","width":300,"height":437,"caption":"Laimingas vaikas"},{"@type":"BreadcrumbList","@id":"https:\/\/skaitytaknyga.lt\/produktas\/laimingas-vaikas\/#breadcrumb","itemListElement":[{"@type":"ListItem","position":1,"name":"Home","item":"https:\/\/skaitytaknyga.lt\/"},{"@type":"ListItem","position":2,"name":"Parduotuv\u0117","item":"https:\/\/skaitytaknyga.lt\/knygu-parduotuve\/"},{"@type":"ListItem","position":3,"name":"Laimingas vaikas"}]},{"@type":"WebSite","@id":"https:\/\/skaitytaknyga.lt\/#website","url":"https:\/\/skaitytaknyga.lt\/","name":"skaitytaknyga.lt","description":"Skaitytaknyga.lt \u2013 tai ma\u017eas \u0161eimos verslas, kuris prasid\u0117jo nuo meil\u0117s knygoms ir siekio i\u0161gelb\u0117ti knygas nuo likimo prie konteinerio. Kas vienam nereikalingas daiktas \u2013 kitam lobis, o mes esame tarpininkai, kurie padeda abiems tapti laimingesniems ???? \u017dinome kaip nelengva i\u0161gyventi ma\u017eiems verslams, tad nuo \u0161iol, \u010dia rasite ir kit\u0173, ma\u017e\u0173 \u0161eim\u0173 versl\u0173, rank\u0173 darbo, dovan\u0173 sau ir artimiesiems.","publisher":{"@id":"https:\/\/skaitytaknyga.lt\/#organization"},"potentialAction":[{"@type":"SearchAction","target":{"@type":"EntryPoint","urlTemplate":"https:\/\/skaitytaknyga.lt\/?s={search_term_string}"},"query-input":{"@type":"PropertyValueSpecification","valueRequired":true,"valueName":"search_term_string"}}],"inLanguage":"en-GB"},{"@type":"Organization","@id":"https:\/\/skaitytaknyga.lt\/#organization","name":"skaitytaknyga.lt","url":"https:\/\/skaitytaknyga.lt\/","logo":{"@type":"ImageObject","inLanguage":"en-GB","@id":"https:\/\/skaitytaknyga.lt\/#\/schema\/logo\/image\/","url":"https:\/\/skaitytaknyga.lt\/wp-content\/uploads\/2024\/05\/cropped-cropped-cropped-02_00843_jt3bggkj1j3HLc7SyY6rEUpg.jpeg","contentUrl":"https:\/\/skaitytaknyga.lt\/wp-content\/uploads\/2024\/05\/cropped-cropped-cropped-02_00843_jt3bggkj1j3HLc7SyY6rEUpg.jpeg","width":1600,"height":1600,"caption":"skaitytaknyga.lt"},"image":{"@id":"https:\/\/skaitytaknyga.lt\/#\/schema\/logo\/image\/"},"sameAs":["https:\/\/www.facebook.com\/skaitytaknyga\/"]}]}},"_links":{"self":[{"href":"https:\/\/skaitytaknyga.lt\/en\/wp-json\/wp\/v2\/product\/21781","targetHints":{"allow":["GET"]}}],"collection":[{"href":"https:\/\/skaitytaknyga.lt\/en\/wp-json\/wp\/v2\/product"}],"about":[{"href":"https:\/\/skaitytaknyga.lt\/en\/wp-json\/wp\/v2\/types\/product"}],"replies":[{"embeddable":true,"href":"https:\/\/skaitytaknyga.lt\/en\/wp-json\/wp\/v2\/comments?post=21781"}],"wp:featuredmedia":[{"embeddable":true,"href":"https:\/\/skaitytaknyga.lt\/en\/wp-json\/wp\/v2\/media\/21786"}],"wp:attachment":[{"href":"https:\/\/skaitytaknyga.lt\/en\/wp-json\/wp\/v2\/media?parent=21781"}],"wp:term":[{"taxonomy":"product_brand","embeddable":true,"href":"https:\/\/skaitytaknyga.lt\/en\/wp-json\/wp\/v2\/product_brand?post=21781"},{"taxonomy":"product_cat","embeddable":true,"href":"https:\/\/skaitytaknyga.lt\/en\/wp-json\/wp\/v2\/product_cat?post=21781"},{"taxonomy":"product_tag","embeddable":true,"href":"https:\/\/skaitytaknyga.lt\/en\/wp-json\/wp\/v2\/product_tag?post=21781"}],"curies":[{"name":"wp","href":"https:\/\/api.w.org\/{rel}","templated":true}]}}