{"id":21780,"date":"2025-11-04T08:57:53","date_gmt":"2025-11-04T06:57:53","guid":{"rendered":"https:\/\/skaitytaknyga.lt\/?post_type=product&#038;p=21780"},"modified":"2025-11-04T15:10:57","modified_gmt":"2025-11-04T13:10:57","slug":"tai-ne-as-tai-tu","status":"publish","type":"product","link":"https:\/\/skaitytaknyga.lt\/en\/produktas\/tai-ne-as-tai-tu\/","title":{"rendered":"Tai ne a\u0161, tai tu"},"content":{"rendered":"<p>Nostalgi\u0161ka ir linksma bestselerio \u201eI\u0161 pirmo \u017evilgsnio&#8221; autor\u0117s istorija apie tai, kaip i\u0161likti stipriam, kai gyvenimas, rodos, slysta i\u0161 po koj\u0173.<\/p>\n<p>Buvo taip: Delija pasipir\u0161o. Polas pasak\u0117 taip. Ir tai tebuvo istorijos prad\u017eia.<\/p>\n<p>Delija n\u0117ra visi\u0161kai tikra d\u0117l to, kur klydo.<\/p>\n<p>Pasipir\u0161usi draugui, o po to su\u017einojusi, kad jis miega su kita, Delija mano, jog tai jos kalt\u0117.<\/p>\n<p>Supratusi, kad gyvenimas niekada nebebus toks, kaip anks\u010diau, ji v\u0117lgi kaltina save.<\/p>\n<p>O kai draugas nori Delij\u0105 susigr\u0105\u017einti tarsi niekas neb\u016bt\u0173 pasikeit\u0119, moteris pradeda galvoti, jog galb\u016bt ji vis d\u0117lto neklydo&#8230;<\/p>\n<p>Ir kai gyvenimas blo\u0161kia Delij\u0105 nauja kryptimi, ar ji bus pakankamai dr\u0105si pasakyti: tai ne a\u0161, tai tu?<\/p>\n<p>Nuo Niukaslo iki Londono ir v\u0117l atgal&#8230; Dirbdama \u012ftampos nestokojant\u012f darb\u0105, patirdama ekscentri\u0161ko boso elges\u012f ir \u012fkyraus gra\u017euolio \u017eurnalisto asistavim\u0105, Delija turi i\u0161siai\u0161kinti, kas ji yra i\u0161 ties\u0173, ko nori i\u0161 gyvenimo ir ar apskritai senoji tikroji Delija kada nors dar sugr\u012f\u0161<\/p>\n","protected":false},"excerpt":{"rendered":"<p>Nostalgi\u0161ka ir linksma bestselerio \u201eI\u0161 pirmo \u017evilgsnio&#8221; autor\u0117s istorija apie tai, kaip i\u0161likti stipriam, kai gyvenimas, rodos, slysta i\u0161 po koj\u0173. Buvo taip: Delija pasipir\u0161o. Polas pasak\u0117 taip. Ir tai tebuvo istorijos prad\u017eia. Delija n\u0117ra visi\u0161kai tikra d\u0117l to, kur klydo. Pasipir\u0161usi draugui, o po to su\u017einojusi, kad jis miega su kita, Delija mano, jog tai jos kalt\u0117. Supratusi, kad gyvenimas niekada nebebus toks, kaip anks\u010diau, ji v\u0117lgi kaltina save. O kai draugas nori Delij\u0105 susigr\u0105\u017einti tarsi niekas neb\u016bt\u0173 pasikeit\u0119, moteris pradeda galvoti, jog galb\u016bt ji vis d\u0117lto neklydo&#8230; Ir kai gyvenimas blo\u0161kia Delij\u0105 nauja kryptimi, ar ji bus pakankamai dr\u0105si pasakyti: tai ne a\u0161, tai tu? Nuo Niukaslo iki Londono ir v\u0117l atgal&#8230; Dirbdama \u012ftampos nestokojant\u012f darb\u0105, patirdama ekscentri\u0161ko boso elges\u012f ir \u012fkyraus gra\u017euolio \u017eurnalisto asistavim\u0105, Delija turi i\u0161siai\u0161kinti, kas ji yra i\u0161 ties\u0173, ko nori i\u0161 gyvenimo ir ar apskritai senoji tikroji Delija kada nors dar sugr\u012f\u0161<\/p>\n","protected":false},"featured_media":21785,"comment_status":"open","ping_status":"closed","template":"","meta":{"_acf_changed":false,"site-sidebar-layout":"default","site-content-layout":"","ast-site-content-layout":"default","site-content-style":"default","site-sidebar-style":"default","ast-global-header-display":"","ast-banner-title-visibility":"","ast-main-header-display":"","ast-hfb-above-header-display":"","ast-hfb-below-header-display":"","ast-hfb-mobile-header-display":"","site-post-title":"","ast-breadcrumbs-content":"","ast-featured-img":"","footer-sml-layout":"","ast-disable-related-posts":"","theme-transparent-header-meta":"","adv-header-id-meta":"","stick-header-meta":"","header-above-stick-meta":"","header-main-stick-meta":"","header-below-stick-meta":"","astra-migrate-meta-layouts":"default","ast-page-background-enabled":"default","ast-page-background-meta":{"desktop":{"background-color":"","background-image":"","background-repeat":"repeat","background-position":"center center","background-size":"auto","background-attachment":"scroll","background-type":"","background-media":"","overlay-type":"","overlay-color":"","overlay-opacity":"","overlay-gradient":""},"tablet":{"background-color":"","background-image":"","background-repeat":"repeat","background-position":"center center","background-size":"auto","background-attachment":"scroll","background-type":"","background-media":"","overlay-type":"","overlay-color":"","overlay-opacity":"","overlay-gradient":""},"mobile":{"background-color":"","background-image":"","background-repeat":"repeat","background-position":"center center","background-size":"auto","background-attachment":"scroll","background-type":"","background-media":"","overlay-type":"","overlay-color":"","overlay-opacity":"","overlay-gradient":""}},"ast-content-background-meta":{"desktop":{"background-color":"var(--ast-global-color-4)","background-image":"","background-repeat":"repeat","background-position":"center center","background-size":"auto","background-attachment":"scroll","background-type":"","background-media":"","overlay-type":"","overlay-color":"","overlay-opacity":"","overlay-gradient":""},"tablet":{"background-color":"var(--ast-global-color-4)","background-image":"","background-repeat":"repeat","background-position":"center center","background-size":"auto","background-attachment":"scroll","background-type":"","background-media":"","overlay-type":"","overlay-color":"","overlay-opacity":"","overlay-gradient":""},"mobile":{"background-color":"var(--ast-global-color-4)","background-image":"","background-repeat":"repeat","background-position":"center center","background-size":"auto","background-attachment":"scroll","background-type":"","background-media":"","overlay-type":"","overlay-color":"","overlay-opacity":"","overlay-gradient":""}}},"product_brand":[],"product_cat":[15],"product_tag":[],"class_list":{"0":"post-21780","1":"product","2":"type-product","3":"status-publish","4":"has-post-thumbnail","6":"product_cat-uncategorized","7":"desktop-align-left","8":"tablet-align-left","9":"mobile-align-left","11":"first","12":"instock","13":"shipping-taxable","14":"purchasable","15":"product-type-simple"},"acf":[],"yoast_head":"<!-- This site is optimized with the Yoast SEO plugin v27.0 - https:\/\/yoast.com\/product\/yoast-seo-wordpress\/ -->\n<title>Tai ne a\u0161, tai tu<\/title>\n<meta name=\"description\" content=\"Nostalgi\u0161ka ir linksma bestselerio \u201eI\u0161 pirmo \u017evilgsnio&quot; autor\u0117s istorija apie tai, kaip i\u0161likti stipriam, kai gyvenimas, rodos, slysta i\u0161 po koj\u0173. Buvo\" \/>\n<meta name=\"robots\" content=\"index, follow, max-snippet:-1, max-image-preview:large, max-video-preview:-1\" \/>\n<link rel=\"canonical\" href=\"https:\/\/skaitytaknyga.lt\/en\/produktas\/tai-ne-as-tai-tu\/\" \/>\n<meta property=\"og:locale\" content=\"en_GB\" \/>\n<meta property=\"og:locale:alternate\" content=\"lt_LT\" \/>\n<meta property=\"og:type\" content=\"article\" \/>\n<meta property=\"og:title\" content=\"Tai ne a\u0161, tai tu\" \/>\n<meta property=\"og:description\" content=\"Nostalgi\u0161ka ir linksma bestselerio \u201eI\u0161 pirmo \u017evilgsnio&quot; autor\u0117s istorija apie tai, kaip i\u0161likti stipriam, kai gyvenimas, rodos, slysta i\u0161 po koj\u0173. Buvo\" \/>\n<meta property=\"og:url\" content=\"https:\/\/skaitytaknyga.lt\/en\/produktas\/tai-ne-as-tai-tu\/\" \/>\n<meta property=\"og:site_name\" content=\"Skaitytaknyga\" \/>\n<meta property=\"article:publisher\" content=\"https:\/\/www.facebook.com\/skaitytaknyga\/\" \/>\n<meta property=\"article:modified_time\" content=\"2025-11-04T13:10:57+00:00\" \/>\n<meta property=\"og:image\" content=\"https:\/\/skaitytaknyga.lt\/wp-content\/uploads\/2025\/11\/Tai-ne-as-tai-tu-1.webp\" \/>\n\t<meta property=\"og:image:width\" content=\"300\" \/>\n\t<meta property=\"og:image:height\" content=\"454\" \/>\n\t<meta property=\"og:image:type\" content=\"image\/webp\" \/>\n<meta name=\"twitter:card\" content=\"summary_large_image\" \/>\n<meta name=\"twitter:label1\" content=\"Estimated reading time\" \/>\n\t<meta name=\"twitter:data1\" content=\"1 minute\" \/>\n<script type=\"application\/ld+json\" class=\"yoast-schema-graph\">{\"@context\":\"https:\/\/schema.org\",\"@graph\":[{\"@type\":\"WebPage\",\"@id\":\"https:\/\/skaitytaknyga.lt\/produktas\/tai-ne-as-tai-tu\/\",\"url\":\"https:\/\/skaitytaknyga.lt\/produktas\/tai-ne-as-tai-tu\/\",\"name\":\"Tai ne a\u0161, tai tu\",\"isPartOf\":{\"@id\":\"https:\/\/skaitytaknyga.lt\/#website\"},\"primaryImageOfPage\":{\"@id\":\"https:\/\/skaitytaknyga.lt\/produktas\/tai-ne-as-tai-tu\/#primaryimage\"},\"image\":{\"@id\":\"https:\/\/skaitytaknyga.lt\/produktas\/tai-ne-as-tai-tu\/#primaryimage\"},\"thumbnailUrl\":\"https:\/\/skaitytaknyga.lt\/wp-content\/uploads\/2025\/11\/Tai-ne-as-tai-tu-1.webp\",\"datePublished\":\"2025-11-04T06:57:53+00:00\",\"dateModified\":\"2025-11-04T13:10:57+00:00\",\"description\":\"Nostalgi\u0161ka ir linksma bestselerio \u201eI\u0161 pirmo \u017evilgsnio\\\" autor\u0117s istorija apie tai, kaip i\u0161likti stipriam, kai gyvenimas, rodos, slysta i\u0161 po koj\u0173. Buvo\",\"breadcrumb\":{\"@id\":\"https:\/\/skaitytaknyga.lt\/produktas\/tai-ne-as-tai-tu\/#breadcrumb\"},\"inLanguage\":\"en-GB\",\"potentialAction\":[{\"@type\":\"ReadAction\",\"target\":[\"https:\/\/skaitytaknyga.lt\/produktas\/tai-ne-as-tai-tu\/\"]}]},{\"@type\":\"ImageObject\",\"inLanguage\":\"en-GB\",\"@id\":\"https:\/\/skaitytaknyga.lt\/produktas\/tai-ne-as-tai-tu\/#primaryimage\",\"url\":\"https:\/\/skaitytaknyga.lt\/wp-content\/uploads\/2025\/11\/Tai-ne-as-tai-tu-1.webp\",\"contentUrl\":\"https:\/\/skaitytaknyga.lt\/wp-content\/uploads\/2025\/11\/Tai-ne-as-tai-tu-1.webp\",\"width\":300,\"height\":454,\"caption\":\"Tai ne a\u0161, tai tu\"},{\"@type\":\"BreadcrumbList\",\"@id\":\"https:\/\/skaitytaknyga.lt\/produktas\/tai-ne-as-tai-tu\/#breadcrumb\",\"itemListElement\":[{\"@type\":\"ListItem\",\"position\":1,\"name\":\"Home\",\"item\":\"https:\/\/skaitytaknyga.lt\/\"},{\"@type\":\"ListItem\",\"position\":2,\"name\":\"Parduotuv\u0117\",\"item\":\"https:\/\/skaitytaknyga.lt\/knygu-parduotuve\/\"},{\"@type\":\"ListItem\",\"position\":3,\"name\":\"Tai ne a\u0161, tai tu\"}]},{\"@type\":\"WebSite\",\"@id\":\"https:\/\/skaitytaknyga.lt\/#website\",\"url\":\"https:\/\/skaitytaknyga.lt\/\",\"name\":\"skaitytaknyga.lt\",\"description\":\"Skaitytaknyga.lt \u2013 tai ma\u017eas \u0161eimos verslas, kuris prasid\u0117jo nuo meil\u0117s knygoms ir siekio i\u0161gelb\u0117ti knygas nuo likimo prie konteinerio. Kas vienam nereikalingas daiktas \u2013 kitam lobis, o mes esame tarpininkai, kurie padeda abiems tapti laimingesniems ???? \u017dinome kaip nelengva i\u0161gyventi ma\u017eiems verslams, tad nuo \u0161iol, \u010dia rasite ir kit\u0173, ma\u017e\u0173 \u0161eim\u0173 versl\u0173, rank\u0173 darbo, dovan\u0173 sau ir artimiesiems.\",\"publisher\":{\"@id\":\"https:\/\/skaitytaknyga.lt\/#organization\"},\"potentialAction\":[{\"@type\":\"SearchAction\",\"target\":{\"@type\":\"EntryPoint\",\"urlTemplate\":\"https:\/\/skaitytaknyga.lt\/?s={search_term_string}\"},\"query-input\":{\"@type\":\"PropertyValueSpecification\",\"valueRequired\":true,\"valueName\":\"search_term_string\"}}],\"inLanguage\":\"en-GB\"},{\"@type\":\"Organization\",\"@id\":\"https:\/\/skaitytaknyga.lt\/#organization\",\"name\":\"skaitytaknyga.lt\",\"url\":\"https:\/\/skaitytaknyga.lt\/\",\"logo\":{\"@type\":\"ImageObject\",\"inLanguage\":\"en-GB\",\"@id\":\"https:\/\/skaitytaknyga.lt\/#\/schema\/logo\/image\/\",\"url\":\"https:\/\/skaitytaknyga.lt\/wp-content\/uploads\/2024\/05\/cropped-cropped-cropped-02_00843_jt3bggkj1j3HLc7SyY6rEUpg.jpeg\",\"contentUrl\":\"https:\/\/skaitytaknyga.lt\/wp-content\/uploads\/2024\/05\/cropped-cropped-cropped-02_00843_jt3bggkj1j3HLc7SyY6rEUpg.jpeg\",\"width\":1600,\"height\":1600,\"caption\":\"skaitytaknyga.lt\"},\"image\":{\"@id\":\"https:\/\/skaitytaknyga.lt\/#\/schema\/logo\/image\/\"},\"sameAs\":[\"https:\/\/www.facebook.com\/skaitytaknyga\/\"]}]}<\/script>\n<!-- \/ Yoast SEO plugin. -->","yoast_head_json":{"title":"Tai ne a\u0161, tai tu","description":"Nostalgi\u0161ka ir linksma bestselerio \u201eI\u0161 pirmo \u017evilgsnio\" autor\u0117s istorija apie tai, kaip i\u0161likti stipriam, kai gyvenimas, rodos, slysta i\u0161 po koj\u0173. Buvo","robots":{"index":"index","follow":"follow","max-snippet":"max-snippet:-1","max-image-preview":"max-image-preview:large","max-video-preview":"max-video-preview:-1"},"canonical":"https:\/\/skaitytaknyga.lt\/en\/produktas\/tai-ne-as-tai-tu\/","og_locale":"en_GB","og_type":"article","og_title":"[:lt]Tai ne a\u0161, tai tu[:] - Skaitytaknyga","og_description":"Nostalgi\u0161ka ir linksma bestselerio \u201eI\u0161 pirmo \u017evilgsnio\" autor\u0117s istorija apie tai, kaip i\u0161likti stipriam, kai gyvenimas, rodos, slysta i\u0161 po koj\u0173. Buvo","og_url":"https:\/\/skaitytaknyga.lt\/en\/produktas\/tai-ne-as-tai-tu\/","og_site_name":"Skaitytaknyga","article_publisher":"https:\/\/www.facebook.com\/skaitytaknyga\/","article_modified_time":"2025-11-04T13:10:57+00:00","og_image":[{"width":300,"height":454,"url":"https:\/\/skaitytaknyga.lt\/wp-content\/uploads\/2025\/11\/Tai-ne-as-tai-tu-1.webp","type":"image\/webp"}],"twitter_card":"summary_large_image","twitter_misc":{"Estimated reading time":"1 minute"},"schema":{"@context":"https:\/\/schema.org","@graph":[{"@type":"WebPage","@id":"https:\/\/skaitytaknyga.lt\/produktas\/tai-ne-as-tai-tu\/","url":"https:\/\/skaitytaknyga.lt\/produktas\/tai-ne-as-tai-tu\/","name":"Tai ne a\u0161, tai tu","isPartOf":{"@id":"https:\/\/skaitytaknyga.lt\/#website"},"primaryImageOfPage":{"@id":"https:\/\/skaitytaknyga.lt\/produktas\/tai-ne-as-tai-tu\/#primaryimage"},"image":{"@id":"https:\/\/skaitytaknyga.lt\/produktas\/tai-ne-as-tai-tu\/#primaryimage"},"thumbnailUrl":"https:\/\/skaitytaknyga.lt\/wp-content\/uploads\/2025\/11\/Tai-ne-as-tai-tu-1.webp","datePublished":"2025-11-04T06:57:53+00:00","dateModified":"2025-11-04T13:10:57+00:00","description":"Nostalgi\u0161ka ir linksma bestselerio \u201eI\u0161 pirmo \u017evilgsnio\" autor\u0117s istorija apie tai, kaip i\u0161likti stipriam, kai gyvenimas, rodos, slysta i\u0161 po koj\u0173. Buvo","breadcrumb":{"@id":"https:\/\/skaitytaknyga.lt\/produktas\/tai-ne-as-tai-tu\/#breadcrumb"},"inLanguage":"en-GB","potentialAction":[{"@type":"ReadAction","target":["https:\/\/skaitytaknyga.lt\/produktas\/tai-ne-as-tai-tu\/"]}]},{"@type":"ImageObject","inLanguage":"en-GB","@id":"https:\/\/skaitytaknyga.lt\/produktas\/tai-ne-as-tai-tu\/#primaryimage","url":"https:\/\/skaitytaknyga.lt\/wp-content\/uploads\/2025\/11\/Tai-ne-as-tai-tu-1.webp","contentUrl":"https:\/\/skaitytaknyga.lt\/wp-content\/uploads\/2025\/11\/Tai-ne-as-tai-tu-1.webp","width":300,"height":454,"caption":"Tai ne a\u0161, tai tu"},{"@type":"BreadcrumbList","@id":"https:\/\/skaitytaknyga.lt\/produktas\/tai-ne-as-tai-tu\/#breadcrumb","itemListElement":[{"@type":"ListItem","position":1,"name":"Home","item":"https:\/\/skaitytaknyga.lt\/"},{"@type":"ListItem","position":2,"name":"Parduotuv\u0117","item":"https:\/\/skaitytaknyga.lt\/knygu-parduotuve\/"},{"@type":"ListItem","position":3,"name":"Tai ne a\u0161, tai tu"}]},{"@type":"WebSite","@id":"https:\/\/skaitytaknyga.lt\/#website","url":"https:\/\/skaitytaknyga.lt\/","name":"skaitytaknyga.lt","description":"Skaitytaknyga.lt \u2013 tai ma\u017eas \u0161eimos verslas, kuris prasid\u0117jo nuo meil\u0117s knygoms ir siekio i\u0161gelb\u0117ti knygas nuo likimo prie konteinerio. Kas vienam nereikalingas daiktas \u2013 kitam lobis, o mes esame tarpininkai, kurie padeda abiems tapti laimingesniems ???? \u017dinome kaip nelengva i\u0161gyventi ma\u017eiems verslams, tad nuo \u0161iol, \u010dia rasite ir kit\u0173, ma\u017e\u0173 \u0161eim\u0173 versl\u0173, rank\u0173 darbo, dovan\u0173 sau ir artimiesiems.","publisher":{"@id":"https:\/\/skaitytaknyga.lt\/#organization"},"potentialAction":[{"@type":"SearchAction","target":{"@type":"EntryPoint","urlTemplate":"https:\/\/skaitytaknyga.lt\/?s={search_term_string}"},"query-input":{"@type":"PropertyValueSpecification","valueRequired":true,"valueName":"search_term_string"}}],"inLanguage":"en-GB"},{"@type":"Organization","@id":"https:\/\/skaitytaknyga.lt\/#organization","name":"skaitytaknyga.lt","url":"https:\/\/skaitytaknyga.lt\/","logo":{"@type":"ImageObject","inLanguage":"en-GB","@id":"https:\/\/skaitytaknyga.lt\/#\/schema\/logo\/image\/","url":"https:\/\/skaitytaknyga.lt\/wp-content\/uploads\/2024\/05\/cropped-cropped-cropped-02_00843_jt3bggkj1j3HLc7SyY6rEUpg.jpeg","contentUrl":"https:\/\/skaitytaknyga.lt\/wp-content\/uploads\/2024\/05\/cropped-cropped-cropped-02_00843_jt3bggkj1j3HLc7SyY6rEUpg.jpeg","width":1600,"height":1600,"caption":"skaitytaknyga.lt"},"image":{"@id":"https:\/\/skaitytaknyga.lt\/#\/schema\/logo\/image\/"},"sameAs":["https:\/\/www.facebook.com\/skaitytaknyga\/"]}]}},"_links":{"self":[{"href":"https:\/\/skaitytaknyga.lt\/en\/wp-json\/wp\/v2\/product\/21780","targetHints":{"allow":["GET"]}}],"collection":[{"href":"https:\/\/skaitytaknyga.lt\/en\/wp-json\/wp\/v2\/product"}],"about":[{"href":"https:\/\/skaitytaknyga.lt\/en\/wp-json\/wp\/v2\/types\/product"}],"replies":[{"embeddable":true,"href":"https:\/\/skaitytaknyga.lt\/en\/wp-json\/wp\/v2\/comments?post=21780"}],"wp:featuredmedia":[{"embeddable":true,"href":"https:\/\/skaitytaknyga.lt\/en\/wp-json\/wp\/v2\/media\/21785"}],"wp:attachment":[{"href":"https:\/\/skaitytaknyga.lt\/en\/wp-json\/wp\/v2\/media?parent=21780"}],"wp:term":[{"taxonomy":"product_brand","embeddable":true,"href":"https:\/\/skaitytaknyga.lt\/en\/wp-json\/wp\/v2\/product_brand?post=21780"},{"taxonomy":"product_cat","embeddable":true,"href":"https:\/\/skaitytaknyga.lt\/en\/wp-json\/wp\/v2\/product_cat?post=21780"},{"taxonomy":"product_tag","embeddable":true,"href":"https:\/\/skaitytaknyga.lt\/en\/wp-json\/wp\/v2\/product_tag?post=21780"}],"curies":[{"name":"wp","href":"https:\/\/api.w.org\/{rel}","templated":true}]}}