{"id":21730,"date":"2025-10-30T14:22:36","date_gmt":"2025-10-30T12:22:36","guid":{"rendered":"https:\/\/skaitytaknyga.lt\/?post_type=product&#038;p=21730"},"modified":"2025-11-04T15:10:57","modified_gmt":"2025-11-04T13:10:57","slug":"patarimu-knyga-namams-nuo-a-iki-z","status":"publish","type":"product","link":"https:\/\/skaitytaknyga.lt\/en\/produktas\/patarimu-knyga-namams-nuo-a-iki-z\/","title":{"rendered":"Patarim\u0173 knyga namams nuo A iki \u017d"},"content":{"rendered":"<p>\u0160iuolaiki\u0161koje knygoje rasite visk\u0105, kas telpa \u012f m\u016bs\u0173 buiti\u0161k\u0105 (o gal romanti\u0161k\u0105?) kasdien\u0105: nuo ajurvedin\u0117s mitybos iki \u017euvies ruo\u0161imo taisykli\u0173.<\/p>\n<p>Knygoje temos i\u0161d\u0117stytos ab\u0117c\u0117line tvarka, tad prireikus nesunku rasti reikiam\u0105 tem\u0105 i\u0161 pa\u010di\u0173 \u012fvairiausi\u0173 sri\u010di\u0173: kaip kurti interjer\u0105, ko reikia remontui, kaip namuose palaikyti \u0161var\u0105, kokius augalus rinktis, kaip ruo\u0161ti maist\u0105 ir ko reikia subalansuotai mitybai, drabu\u017ei\u0173 prie\u017ei\u016bra, \u0161ven\u010di\u0173 rengimas, sveikatos ir gro\u017eio puosel\u0117jimas ir daugyb\u0117 kit\u0173.<\/p>\n<p>Knyg\u0105 ruo\u0161\u0117 10 lietuvi\u0173 autori\u0173, \u012fvairiausi\u0173 sri\u010di\u0173 \u017einov\u0173.<\/p>\n","protected":false},"excerpt":{"rendered":"<p>\u0160iuolaiki\u0161koje knygoje rasite visk\u0105, kas telpa \u012f m\u016bs\u0173 buiti\u0161k\u0105 (o gal romanti\u0161k\u0105?) kasdien\u0105: nuo ajurvedin\u0117s mitybos iki \u017euvies ruo\u0161imo taisykli\u0173. Knygoje temos i\u0161d\u0117stytos ab\u0117c\u0117line tvarka, tad prireikus nesunku rasti reikiam\u0105 tem\u0105 i\u0161 pa\u010di\u0173 \u012fvairiausi\u0173 sri\u010di\u0173: kaip kurti interjer\u0105, ko reikia remontui, kaip namuose palaikyti \u0161var\u0105, kokius augalus rinktis, kaip ruo\u0161ti maist\u0105 ir ko reikia subalansuotai mitybai, drabu\u017ei\u0173 prie\u017ei\u016bra, \u0161ven\u010di\u0173 rengimas, sveikatos ir gro\u017eio puosel\u0117jimas ir daugyb\u0117 kit\u0173. Knyg\u0105 ruo\u0161\u0117 10 lietuvi\u0173 autori\u0173, \u012fvairiausi\u0173 sri\u010di\u0173 \u017einov\u0173.<\/p>\n","protected":false},"featured_media":21779,"comment_status":"open","ping_status":"closed","template":"","meta":{"_acf_changed":false,"site-sidebar-layout":"default","site-content-layout":"","ast-site-content-layout":"default","site-content-style":"default","site-sidebar-style":"default","ast-global-header-display":"","ast-banner-title-visibility":"","ast-main-header-display":"","ast-hfb-above-header-display":"","ast-hfb-below-header-display":"","ast-hfb-mobile-header-display":"","site-post-title":"","ast-breadcrumbs-content":"","ast-featured-img":"","footer-sml-layout":"","ast-disable-related-posts":"","theme-transparent-header-meta":"","adv-header-id-meta":"","stick-header-meta":"","header-above-stick-meta":"","header-main-stick-meta":"","header-below-stick-meta":"","astra-migrate-meta-layouts":"default","ast-page-background-enabled":"default","ast-page-background-meta":{"desktop":{"background-color":"","background-image":"","background-repeat":"repeat","background-position":"center center","background-size":"auto","background-attachment":"scroll","background-type":"","background-media":"","overlay-type":"","overlay-color":"","overlay-opacity":"","overlay-gradient":""},"tablet":{"background-color":"","background-image":"","background-repeat":"repeat","background-position":"center center","background-size":"auto","background-attachment":"scroll","background-type":"","background-media":"","overlay-type":"","overlay-color":"","overlay-opacity":"","overlay-gradient":""},"mobile":{"background-color":"","background-image":"","background-repeat":"repeat","background-position":"center center","background-size":"auto","background-attachment":"scroll","background-type":"","background-media":"","overlay-type":"","overlay-color":"","overlay-opacity":"","overlay-gradient":""}},"ast-content-background-meta":{"desktop":{"background-color":"var(--ast-global-color-4)","background-image":"","background-repeat":"repeat","background-position":"center center","background-size":"auto","background-attachment":"scroll","background-type":"","background-media":"","overlay-type":"","overlay-color":"","overlay-opacity":"","overlay-gradient":""},"tablet":{"background-color":"var(--ast-global-color-4)","background-image":"","background-repeat":"repeat","background-position":"center center","background-size":"auto","background-attachment":"scroll","background-type":"","background-media":"","overlay-type":"","overlay-color":"","overlay-opacity":"","overlay-gradient":""},"mobile":{"background-color":"var(--ast-global-color-4)","background-image":"","background-repeat":"repeat","background-position":"center center","background-size":"auto","background-attachment":"scroll","background-type":"","background-media":"","overlay-type":"","overlay-color":"","overlay-opacity":"","overlay-gradient":""}}},"product_brand":[],"product_cat":[15],"product_tag":[],"class_list":{"0":"post-21730","1":"product","2":"type-product","3":"status-publish","4":"has-post-thumbnail","6":"product_cat-uncategorized","7":"desktop-align-left","8":"tablet-align-left","9":"mobile-align-left","11":"first","12":"instock","13":"shipping-taxable","14":"purchasable","15":"product-type-simple"},"acf":[],"yoast_head":"<!-- This site is optimized with the Yoast SEO plugin v27.0 - https:\/\/yoast.com\/product\/yoast-seo-wordpress\/ -->\n<title>Patarim\u0173 knyga namams nuo A iki \u017d<\/title>\n<meta name=\"description\" content=\"\u0160iuolaiki\u0161koje knygoje rasite visk\u0105, kas telpa \u012f m\u016bs\u0173 buiti\u0161k\u0105 (o gal romanti\u0161k\u0105?) kasdien\u0105: nuo ajurvedin\u0117s mitybos iki \u017euvies ruo\u0161imo taisykli\u0173. Knygoje\" \/>\n<meta name=\"robots\" content=\"index, follow, max-snippet:-1, max-image-preview:large, max-video-preview:-1\" \/>\n<link rel=\"canonical\" href=\"https:\/\/skaitytaknyga.lt\/en\/produktas\/patarimu-knyga-namams-nuo-a-iki-z\/\" \/>\n<meta property=\"og:locale\" content=\"en_GB\" \/>\n<meta property=\"og:locale:alternate\" content=\"lt_LT\" \/>\n<meta property=\"og:type\" content=\"article\" \/>\n<meta property=\"og:title\" content=\"Patarim\u0173 knyga namams nuo A iki \u017d\" \/>\n<meta property=\"og:description\" content=\"\u0160iuolaiki\u0161koje knygoje rasite visk\u0105, kas telpa \u012f m\u016bs\u0173 buiti\u0161k\u0105 (o gal romanti\u0161k\u0105?) kasdien\u0105: nuo ajurvedin\u0117s mitybos iki \u017euvies ruo\u0161imo taisykli\u0173. Knygoje\" \/>\n<meta property=\"og:url\" content=\"https:\/\/skaitytaknyga.lt\/en\/produktas\/patarimu-knyga-namams-nuo-a-iki-z\/\" \/>\n<meta property=\"og:site_name\" content=\"Skaitytaknyga\" \/>\n<meta property=\"article:publisher\" content=\"https:\/\/www.facebook.com\/skaitytaknyga\/\" \/>\n<meta property=\"article:modified_time\" content=\"2025-11-04T13:10:57+00:00\" \/>\n<meta property=\"og:image\" content=\"https:\/\/skaitytaknyga.lt\/wp-content\/uploads\/2025\/11\/Patarimu-knyga-namams-nuo-A-iki-Z-1.webp\" \/>\n\t<meta property=\"og:image:width\" content=\"300\" \/>\n\t<meta property=\"og:image:height\" content=\"408\" \/>\n\t<meta property=\"og:image:type\" content=\"image\/webp\" \/>\n<meta name=\"twitter:card\" content=\"summary_large_image\" \/>\n<script type=\"application\/ld+json\" class=\"yoast-schema-graph\">{\"@context\":\"https:\/\/schema.org\",\"@graph\":[{\"@type\":\"WebPage\",\"@id\":\"https:\/\/skaitytaknyga.lt\/produktas\/patarimu-knyga-namams-nuo-a-iki-z\/\",\"url\":\"https:\/\/skaitytaknyga.lt\/produktas\/patarimu-knyga-namams-nuo-a-iki-z\/\",\"name\":\"Patarim\u0173 knyga namams nuo A iki \u017d\",\"isPartOf\":{\"@id\":\"https:\/\/skaitytaknyga.lt\/#website\"},\"primaryImageOfPage\":{\"@id\":\"https:\/\/skaitytaknyga.lt\/produktas\/patarimu-knyga-namams-nuo-a-iki-z\/#primaryimage\"},\"image\":{\"@id\":\"https:\/\/skaitytaknyga.lt\/produktas\/patarimu-knyga-namams-nuo-a-iki-z\/#primaryimage\"},\"thumbnailUrl\":\"https:\/\/skaitytaknyga.lt\/wp-content\/uploads\/2025\/11\/Patarimu-knyga-namams-nuo-A-iki-Z-1.webp\",\"datePublished\":\"2025-10-30T12:22:36+00:00\",\"dateModified\":\"2025-11-04T13:10:57+00:00\",\"description\":\"\u0160iuolaiki\u0161koje knygoje rasite visk\u0105, kas telpa \u012f m\u016bs\u0173 buiti\u0161k\u0105 (o gal romanti\u0161k\u0105?) kasdien\u0105: nuo ajurvedin\u0117s mitybos iki \u017euvies ruo\u0161imo taisykli\u0173. Knygoje\",\"breadcrumb\":{\"@id\":\"https:\/\/skaitytaknyga.lt\/produktas\/patarimu-knyga-namams-nuo-a-iki-z\/#breadcrumb\"},\"inLanguage\":\"en-GB\",\"potentialAction\":[{\"@type\":\"ReadAction\",\"target\":[\"https:\/\/skaitytaknyga.lt\/produktas\/patarimu-knyga-namams-nuo-a-iki-z\/\"]}]},{\"@type\":\"ImageObject\",\"inLanguage\":\"en-GB\",\"@id\":\"https:\/\/skaitytaknyga.lt\/produktas\/patarimu-knyga-namams-nuo-a-iki-z\/#primaryimage\",\"url\":\"https:\/\/skaitytaknyga.lt\/wp-content\/uploads\/2025\/11\/Patarimu-knyga-namams-nuo-A-iki-Z-1.webp\",\"contentUrl\":\"https:\/\/skaitytaknyga.lt\/wp-content\/uploads\/2025\/11\/Patarimu-knyga-namams-nuo-A-iki-Z-1.webp\",\"width\":300,\"height\":408,\"caption\":\"Patarim\u0173 knyga namams nuo A iki \u017d\"},{\"@type\":\"BreadcrumbList\",\"@id\":\"https:\/\/skaitytaknyga.lt\/produktas\/patarimu-knyga-namams-nuo-a-iki-z\/#breadcrumb\",\"itemListElement\":[{\"@type\":\"ListItem\",\"position\":1,\"name\":\"Home\",\"item\":\"https:\/\/skaitytaknyga.lt\/\"},{\"@type\":\"ListItem\",\"position\":2,\"name\":\"Parduotuv\u0117\",\"item\":\"https:\/\/skaitytaknyga.lt\/knygu-parduotuve\/\"},{\"@type\":\"ListItem\",\"position\":3,\"name\":\"Patarim\u0173 knyga namams nuo A iki \u017d\"}]},{\"@type\":\"WebSite\",\"@id\":\"https:\/\/skaitytaknyga.lt\/#website\",\"url\":\"https:\/\/skaitytaknyga.lt\/\",\"name\":\"skaitytaknyga.lt\",\"description\":\"Skaitytaknyga.lt \u2013 tai ma\u017eas \u0161eimos verslas, kuris prasid\u0117jo nuo meil\u0117s knygoms ir siekio i\u0161gelb\u0117ti knygas nuo likimo prie konteinerio. Kas vienam nereikalingas daiktas \u2013 kitam lobis, o mes esame tarpininkai, kurie padeda abiems tapti laimingesniems ???? \u017dinome kaip nelengva i\u0161gyventi ma\u017eiems verslams, tad nuo \u0161iol, \u010dia rasite ir kit\u0173, ma\u017e\u0173 \u0161eim\u0173 versl\u0173, rank\u0173 darbo, dovan\u0173 sau ir artimiesiems.\",\"publisher\":{\"@id\":\"https:\/\/skaitytaknyga.lt\/#organization\"},\"potentialAction\":[{\"@type\":\"SearchAction\",\"target\":{\"@type\":\"EntryPoint\",\"urlTemplate\":\"https:\/\/skaitytaknyga.lt\/?s={search_term_string}\"},\"query-input\":{\"@type\":\"PropertyValueSpecification\",\"valueRequired\":true,\"valueName\":\"search_term_string\"}}],\"inLanguage\":\"en-GB\"},{\"@type\":\"Organization\",\"@id\":\"https:\/\/skaitytaknyga.lt\/#organization\",\"name\":\"skaitytaknyga.lt\",\"url\":\"https:\/\/skaitytaknyga.lt\/\",\"logo\":{\"@type\":\"ImageObject\",\"inLanguage\":\"en-GB\",\"@id\":\"https:\/\/skaitytaknyga.lt\/#\/schema\/logo\/image\/\",\"url\":\"https:\/\/skaitytaknyga.lt\/wp-content\/uploads\/2024\/05\/cropped-cropped-cropped-02_00843_jt3bggkj1j3HLc7SyY6rEUpg.jpeg\",\"contentUrl\":\"https:\/\/skaitytaknyga.lt\/wp-content\/uploads\/2024\/05\/cropped-cropped-cropped-02_00843_jt3bggkj1j3HLc7SyY6rEUpg.jpeg\",\"width\":1600,\"height\":1600,\"caption\":\"skaitytaknyga.lt\"},\"image\":{\"@id\":\"https:\/\/skaitytaknyga.lt\/#\/schema\/logo\/image\/\"},\"sameAs\":[\"https:\/\/www.facebook.com\/skaitytaknyga\/\"]}]}<\/script>\n<!-- \/ Yoast SEO plugin. -->","yoast_head_json":{"title":"Patarim\u0173 knyga namams nuo A iki \u017d","description":"\u0160iuolaiki\u0161koje knygoje rasite visk\u0105, kas telpa \u012f m\u016bs\u0173 buiti\u0161k\u0105 (o gal romanti\u0161k\u0105?) kasdien\u0105: nuo ajurvedin\u0117s mitybos iki \u017euvies ruo\u0161imo taisykli\u0173. Knygoje","robots":{"index":"index","follow":"follow","max-snippet":"max-snippet:-1","max-image-preview":"max-image-preview:large","max-video-preview":"max-video-preview:-1"},"canonical":"https:\/\/skaitytaknyga.lt\/en\/produktas\/patarimu-knyga-namams-nuo-a-iki-z\/","og_locale":"en_GB","og_type":"article","og_title":"[:lt]Patarim\u0173 knyga namams nuo A iki \u017d[:] - Skaitytaknyga","og_description":"\u0160iuolaiki\u0161koje knygoje rasite visk\u0105, kas telpa \u012f m\u016bs\u0173 buiti\u0161k\u0105 (o gal romanti\u0161k\u0105?) kasdien\u0105: nuo ajurvedin\u0117s mitybos iki \u017euvies ruo\u0161imo taisykli\u0173. Knygoje","og_url":"https:\/\/skaitytaknyga.lt\/en\/produktas\/patarimu-knyga-namams-nuo-a-iki-z\/","og_site_name":"Skaitytaknyga","article_publisher":"https:\/\/www.facebook.com\/skaitytaknyga\/","article_modified_time":"2025-11-04T13:10:57+00:00","og_image":[{"width":300,"height":408,"url":"https:\/\/skaitytaknyga.lt\/wp-content\/uploads\/2025\/11\/Patarimu-knyga-namams-nuo-A-iki-Z-1.webp","type":"image\/webp"}],"twitter_card":"summary_large_image","schema":{"@context":"https:\/\/schema.org","@graph":[{"@type":"WebPage","@id":"https:\/\/skaitytaknyga.lt\/produktas\/patarimu-knyga-namams-nuo-a-iki-z\/","url":"https:\/\/skaitytaknyga.lt\/produktas\/patarimu-knyga-namams-nuo-a-iki-z\/","name":"Patarim\u0173 knyga namams nuo A iki \u017d","isPartOf":{"@id":"https:\/\/skaitytaknyga.lt\/#website"},"primaryImageOfPage":{"@id":"https:\/\/skaitytaknyga.lt\/produktas\/patarimu-knyga-namams-nuo-a-iki-z\/#primaryimage"},"image":{"@id":"https:\/\/skaitytaknyga.lt\/produktas\/patarimu-knyga-namams-nuo-a-iki-z\/#primaryimage"},"thumbnailUrl":"https:\/\/skaitytaknyga.lt\/wp-content\/uploads\/2025\/11\/Patarimu-knyga-namams-nuo-A-iki-Z-1.webp","datePublished":"2025-10-30T12:22:36+00:00","dateModified":"2025-11-04T13:10:57+00:00","description":"\u0160iuolaiki\u0161koje knygoje rasite visk\u0105, kas telpa \u012f m\u016bs\u0173 buiti\u0161k\u0105 (o gal romanti\u0161k\u0105?) kasdien\u0105: nuo ajurvedin\u0117s mitybos iki \u017euvies ruo\u0161imo taisykli\u0173. Knygoje","breadcrumb":{"@id":"https:\/\/skaitytaknyga.lt\/produktas\/patarimu-knyga-namams-nuo-a-iki-z\/#breadcrumb"},"inLanguage":"en-GB","potentialAction":[{"@type":"ReadAction","target":["https:\/\/skaitytaknyga.lt\/produktas\/patarimu-knyga-namams-nuo-a-iki-z\/"]}]},{"@type":"ImageObject","inLanguage":"en-GB","@id":"https:\/\/skaitytaknyga.lt\/produktas\/patarimu-knyga-namams-nuo-a-iki-z\/#primaryimage","url":"https:\/\/skaitytaknyga.lt\/wp-content\/uploads\/2025\/11\/Patarimu-knyga-namams-nuo-A-iki-Z-1.webp","contentUrl":"https:\/\/skaitytaknyga.lt\/wp-content\/uploads\/2025\/11\/Patarimu-knyga-namams-nuo-A-iki-Z-1.webp","width":300,"height":408,"caption":"Patarim\u0173 knyga namams nuo A iki \u017d"},{"@type":"BreadcrumbList","@id":"https:\/\/skaitytaknyga.lt\/produktas\/patarimu-knyga-namams-nuo-a-iki-z\/#breadcrumb","itemListElement":[{"@type":"ListItem","position":1,"name":"Home","item":"https:\/\/skaitytaknyga.lt\/"},{"@type":"ListItem","position":2,"name":"Parduotuv\u0117","item":"https:\/\/skaitytaknyga.lt\/knygu-parduotuve\/"},{"@type":"ListItem","position":3,"name":"Patarim\u0173 knyga namams nuo A iki \u017d"}]},{"@type":"WebSite","@id":"https:\/\/skaitytaknyga.lt\/#website","url":"https:\/\/skaitytaknyga.lt\/","name":"skaitytaknyga.lt","description":"Skaitytaknyga.lt \u2013 tai ma\u017eas \u0161eimos verslas, kuris prasid\u0117jo nuo meil\u0117s knygoms ir siekio i\u0161gelb\u0117ti knygas nuo likimo prie konteinerio. Kas vienam nereikalingas daiktas \u2013 kitam lobis, o mes esame tarpininkai, kurie padeda abiems tapti laimingesniems ???? \u017dinome kaip nelengva i\u0161gyventi ma\u017eiems verslams, tad nuo \u0161iol, \u010dia rasite ir kit\u0173, ma\u017e\u0173 \u0161eim\u0173 versl\u0173, rank\u0173 darbo, dovan\u0173 sau ir artimiesiems.","publisher":{"@id":"https:\/\/skaitytaknyga.lt\/#organization"},"potentialAction":[{"@type":"SearchAction","target":{"@type":"EntryPoint","urlTemplate":"https:\/\/skaitytaknyga.lt\/?s={search_term_string}"},"query-input":{"@type":"PropertyValueSpecification","valueRequired":true,"valueName":"search_term_string"}}],"inLanguage":"en-GB"},{"@type":"Organization","@id":"https:\/\/skaitytaknyga.lt\/#organization","name":"skaitytaknyga.lt","url":"https:\/\/skaitytaknyga.lt\/","logo":{"@type":"ImageObject","inLanguage":"en-GB","@id":"https:\/\/skaitytaknyga.lt\/#\/schema\/logo\/image\/","url":"https:\/\/skaitytaknyga.lt\/wp-content\/uploads\/2024\/05\/cropped-cropped-cropped-02_00843_jt3bggkj1j3HLc7SyY6rEUpg.jpeg","contentUrl":"https:\/\/skaitytaknyga.lt\/wp-content\/uploads\/2024\/05\/cropped-cropped-cropped-02_00843_jt3bggkj1j3HLc7SyY6rEUpg.jpeg","width":1600,"height":1600,"caption":"skaitytaknyga.lt"},"image":{"@id":"https:\/\/skaitytaknyga.lt\/#\/schema\/logo\/image\/"},"sameAs":["https:\/\/www.facebook.com\/skaitytaknyga\/"]}]}},"_links":{"self":[{"href":"https:\/\/skaitytaknyga.lt\/en\/wp-json\/wp\/v2\/product\/21730","targetHints":{"allow":["GET"]}}],"collection":[{"href":"https:\/\/skaitytaknyga.lt\/en\/wp-json\/wp\/v2\/product"}],"about":[{"href":"https:\/\/skaitytaknyga.lt\/en\/wp-json\/wp\/v2\/types\/product"}],"replies":[{"embeddable":true,"href":"https:\/\/skaitytaknyga.lt\/en\/wp-json\/wp\/v2\/comments?post=21730"}],"wp:featuredmedia":[{"embeddable":true,"href":"https:\/\/skaitytaknyga.lt\/en\/wp-json\/wp\/v2\/media\/21779"}],"wp:attachment":[{"href":"https:\/\/skaitytaknyga.lt\/en\/wp-json\/wp\/v2\/media?parent=21730"}],"wp:term":[{"taxonomy":"product_brand","embeddable":true,"href":"https:\/\/skaitytaknyga.lt\/en\/wp-json\/wp\/v2\/product_brand?post=21730"},{"taxonomy":"product_cat","embeddable":true,"href":"https:\/\/skaitytaknyga.lt\/en\/wp-json\/wp\/v2\/product_cat?post=21730"},{"taxonomy":"product_tag","embeddable":true,"href":"https:\/\/skaitytaknyga.lt\/en\/wp-json\/wp\/v2\/product_tag?post=21730"}],"curies":[{"name":"wp","href":"https:\/\/api.w.org\/{rel}","templated":true}]}}