{"id":21729,"date":"2025-10-30T14:22:35","date_gmt":"2025-10-30T12:22:35","guid":{"rendered":"https:\/\/skaitytaknyga.lt\/?post_type=product&#038;p=21729"},"modified":"2025-11-04T15:10:57","modified_gmt":"2025-11-04T13:10:57","slug":"duburys","status":"publish","type":"product","link":"https:\/\/skaitytaknyga.lt\/en\/produktas\/duburys\/","title":{"rendered":"Duburys"},"content":{"rendered":"<p>\u0160is romanas tiesiog pasmerktas skaityti.<\/p>\n<p>Valentinas Sventickas<\/p>\n<p>Klasikin\u0117s menin\u0117s kalbos romanas apr\u0117pia vis\u0105 svarbiausiojo persona\u017eo gyvenim\u0105. Vaikyst\u0117 kaime, skaitymo kvaitulys, tikra draugyst\u0117, kariuomen\u0117, papras\u010diausias darbas sovietme\u010dio Klaip\u0117doje, statybinink\u0173 bendrabu\u010dio \u0161iurpas, svaigi erotika ir staiga u\u017eklumpanti lemtinga meil\u0117 \u2013 \u010dia visa taip tikra ir paprasta, kad jaudinantis pasakojimas auga tartum savaime. Prozos menas kartu augina dramati\u0161k\u0173 likim\u0173 med\u012f, egzistencin\u0119 k\u016brinio \u012ftamp\u0105.<\/p>\n<p>Jis atsimena tik jausmus: baim\u0119, nevilt\u012f, kent\u0117jim\u0105, nusiminim\u0105, nerim\u0105, alk\u012f, \u0161alt\u012f, dar daug k\u0105, o d\u017eiaugsmas \u2013 kas? Jis toks trumpas, jis tarp kit\u0173 jausm\u0173 tartum ir visai nesvarbus: pasid\u017eiaugei \u2013 ir tiek, pats \u017einai, kad tuoj viskas baigsis, atsitiks kas nors didesnis, svarbesnis, baisesnis&#8230; Jau vien to baisesnio laukimas yra baisus, d\u0117l to baisus pasidaro ir visas gyvenimas. Kadangi baisus \u2013 tai ir svarbus, nes tik svarb\u016bs dalykai, kurie dedasi aplink tave, toliau nuo tav\u0119s, gal net visai toli, art\u0117ja, art\u0117ja, supa, gniau\u017eia, u\u017espaud\u017eia \u0161ird\u012f ir alsavim\u0105, \u2013 \u0161tai t\u0105 ir reik\u0117t\u0173 sura\u0161yti \u012f knygas, kad neprapult\u0173 be p\u0117dsako n\u0117 vienas jokio \u017emogaus kent\u0117jimas, antraip n\u0117ra ant svieto nei tiesos, nei teisyb\u0117s, ir apskritai tada nereikia nei gimti, nei gyventi.<\/p>\n","protected":false},"excerpt":{"rendered":"<p>\u0160is romanas tiesiog pasmerktas skaityti. Valentinas Sventickas Klasikin\u0117s menin\u0117s kalbos romanas apr\u0117pia vis\u0105 svarbiausiojo persona\u017eo gyvenim\u0105. Vaikyst\u0117 kaime, skaitymo kvaitulys, tikra draugyst\u0117, kariuomen\u0117, papras\u010diausias darbas sovietme\u010dio Klaip\u0117doje, statybinink\u0173 bendrabu\u010dio \u0161iurpas, svaigi erotika ir staiga u\u017eklumpanti lemtinga meil\u0117 \u2013 \u010dia visa taip tikra ir paprasta, kad jaudinantis pasakojimas auga tartum savaime. Prozos menas kartu augina dramati\u0161k\u0173 likim\u0173 med\u012f, egzistencin\u0119 k\u016brinio \u012ftamp\u0105. Jis atsimena tik jausmus: baim\u0119, nevilt\u012f, kent\u0117jim\u0105, nusiminim\u0105, nerim\u0105, alk\u012f, \u0161alt\u012f, dar daug k\u0105, o d\u017eiaugsmas \u2013 kas? Jis toks trumpas, jis tarp kit\u0173 jausm\u0173 tartum ir visai nesvarbus: pasid\u017eiaugei \u2013 ir tiek, pats \u017einai, kad tuoj viskas baigsis, atsitiks kas nors didesnis, svarbesnis, baisesnis&#8230; Jau vien to baisesnio laukimas yra baisus, d\u0117l to baisus pasidaro ir visas gyvenimas. Kadangi baisus \u2013 tai ir svarbus, nes tik svarb\u016bs dalykai, kurie dedasi aplink tave, toliau nuo tav\u0119s, gal net visai toli, art\u0117ja, art\u0117ja, supa, gniau\u017eia, u\u017espaud\u017eia \u0161ird\u012f ir alsavim\u0105, \u2013 \u0161tai t\u0105 ir reik\u0117t\u0173 sura\u0161yti \u012f knygas, kad neprapult\u0173 be p\u0117dsako n\u0117 vienas jokio \u017emogaus kent\u0117jimas, antraip n\u0117ra ant svieto nei tiesos, nei teisyb\u0117s, ir apskritai tada nereikia nei gimti, nei gyventi.<\/p>\n","protected":false},"featured_media":21778,"comment_status":"open","ping_status":"closed","template":"","meta":{"_acf_changed":false,"site-sidebar-layout":"default","site-content-layout":"","ast-site-content-layout":"default","site-content-style":"default","site-sidebar-style":"default","ast-global-header-display":"","ast-banner-title-visibility":"","ast-main-header-display":"","ast-hfb-above-header-display":"","ast-hfb-below-header-display":"","ast-hfb-mobile-header-display":"","site-post-title":"","ast-breadcrumbs-content":"","ast-featured-img":"","footer-sml-layout":"","ast-disable-related-posts":"","theme-transparent-header-meta":"","adv-header-id-meta":"","stick-header-meta":"","header-above-stick-meta":"","header-main-stick-meta":"","header-below-stick-meta":"","astra-migrate-meta-layouts":"default","ast-page-background-enabled":"default","ast-page-background-meta":{"desktop":{"background-color":"","background-image":"","background-repeat":"repeat","background-position":"center center","background-size":"auto","background-attachment":"scroll","background-type":"","background-media":"","overlay-type":"","overlay-color":"","overlay-opacity":"","overlay-gradient":""},"tablet":{"background-color":"","background-image":"","background-repeat":"repeat","background-position":"center center","background-size":"auto","background-attachment":"scroll","background-type":"","background-media":"","overlay-type":"","overlay-color":"","overlay-opacity":"","overlay-gradient":""},"mobile":{"background-color":"","background-image":"","background-repeat":"repeat","background-position":"center center","background-size":"auto","background-attachment":"scroll","background-type":"","background-media":"","overlay-type":"","overlay-color":"","overlay-opacity":"","overlay-gradient":""}},"ast-content-background-meta":{"desktop":{"background-color":"var(--ast-global-color-4)","background-image":"","background-repeat":"repeat","background-position":"center center","background-size":"auto","background-attachment":"scroll","background-type":"","background-media":"","overlay-type":"","overlay-color":"","overlay-opacity":"","overlay-gradient":""},"tablet":{"background-color":"var(--ast-global-color-4)","background-image":"","background-repeat":"repeat","background-position":"center center","background-size":"auto","background-attachment":"scroll","background-type":"","background-media":"","overlay-type":"","overlay-color":"","overlay-opacity":"","overlay-gradient":""},"mobile":{"background-color":"var(--ast-global-color-4)","background-image":"","background-repeat":"repeat","background-position":"center center","background-size":"auto","background-attachment":"scroll","background-type":"","background-media":"","overlay-type":"","overlay-color":"","overlay-opacity":"","overlay-gradient":""}}},"product_brand":[],"product_cat":[15],"product_tag":[],"class_list":{"0":"post-21729","1":"product","2":"type-product","3":"status-publish","4":"has-post-thumbnail","6":"product_cat-uncategorized","7":"desktop-align-left","8":"tablet-align-left","9":"mobile-align-left","11":"first","12":"instock","13":"shipping-taxable","14":"purchasable","15":"product-type-simple"},"acf":[],"yoast_head":"<!-- This site is optimized with the Yoast SEO plugin v27.0 - https:\/\/yoast.com\/product\/yoast-seo-wordpress\/ -->\n<title>Duburys<\/title>\n<meta name=\"description\" content=\"\u0160is romanas tiesiog pasmerktas skaityti. Valentinas Sventickas Klasikin\u0117s menin\u0117s kalbos romanas apr\u0117pia vis\u0105 svarbiausiojo persona\u017eo gyvenim\u0105. Vaikyst\u0117\" \/>\n<meta name=\"robots\" content=\"index, follow, max-snippet:-1, max-image-preview:large, max-video-preview:-1\" \/>\n<link rel=\"canonical\" href=\"https:\/\/skaitytaknyga.lt\/en\/produktas\/duburys\/\" \/>\n<meta property=\"og:locale\" content=\"en_GB\" \/>\n<meta property=\"og:locale:alternate\" content=\"lt_LT\" \/>\n<meta property=\"og:type\" content=\"article\" \/>\n<meta property=\"og:title\" content=\"Duburys\" \/>\n<meta property=\"og:description\" content=\"\u0160is romanas tiesiog pasmerktas skaityti. Valentinas Sventickas Klasikin\u0117s menin\u0117s kalbos romanas apr\u0117pia vis\u0105 svarbiausiojo persona\u017eo gyvenim\u0105. Vaikyst\u0117\" \/>\n<meta property=\"og:url\" content=\"https:\/\/skaitytaknyga.lt\/en\/produktas\/duburys\/\" \/>\n<meta property=\"og:site_name\" content=\"Skaitytaknyga\" \/>\n<meta property=\"article:publisher\" content=\"https:\/\/www.facebook.com\/skaitytaknyga\/\" \/>\n<meta property=\"article:modified_time\" content=\"2025-11-04T13:10:57+00:00\" \/>\n<meta property=\"og:image\" content=\"https:\/\/skaitytaknyga.lt\/wp-content\/uploads\/2025\/11\/Duburys-1.webp\" \/>\n\t<meta property=\"og:image:width\" content=\"300\" \/>\n\t<meta property=\"og:image:height\" content=\"468\" \/>\n\t<meta property=\"og:image:type\" content=\"image\/webp\" \/>\n<meta name=\"twitter:card\" content=\"summary_large_image\" \/>\n<meta name=\"twitter:label1\" content=\"Estimated reading time\" \/>\n\t<meta name=\"twitter:data1\" content=\"1 minute\" \/>\n<script type=\"application\/ld+json\" class=\"yoast-schema-graph\">{\"@context\":\"https:\/\/schema.org\",\"@graph\":[{\"@type\":\"WebPage\",\"@id\":\"https:\/\/skaitytaknyga.lt\/produktas\/duburys\/\",\"url\":\"https:\/\/skaitytaknyga.lt\/produktas\/duburys\/\",\"name\":\"Duburys\",\"isPartOf\":{\"@id\":\"https:\/\/skaitytaknyga.lt\/#website\"},\"primaryImageOfPage\":{\"@id\":\"https:\/\/skaitytaknyga.lt\/produktas\/duburys\/#primaryimage\"},\"image\":{\"@id\":\"https:\/\/skaitytaknyga.lt\/produktas\/duburys\/#primaryimage\"},\"thumbnailUrl\":\"https:\/\/skaitytaknyga.lt\/wp-content\/uploads\/2025\/11\/Duburys-1.webp\",\"datePublished\":\"2025-10-30T12:22:35+00:00\",\"dateModified\":\"2025-11-04T13:10:57+00:00\",\"description\":\"\u0160is romanas tiesiog pasmerktas skaityti. Valentinas Sventickas Klasikin\u0117s menin\u0117s kalbos romanas apr\u0117pia vis\u0105 svarbiausiojo persona\u017eo gyvenim\u0105. Vaikyst\u0117\",\"breadcrumb\":{\"@id\":\"https:\/\/skaitytaknyga.lt\/produktas\/duburys\/#breadcrumb\"},\"inLanguage\":\"en-GB\",\"potentialAction\":[{\"@type\":\"ReadAction\",\"target\":[\"https:\/\/skaitytaknyga.lt\/produktas\/duburys\/\"]}]},{\"@type\":\"ImageObject\",\"inLanguage\":\"en-GB\",\"@id\":\"https:\/\/skaitytaknyga.lt\/produktas\/duburys\/#primaryimage\",\"url\":\"https:\/\/skaitytaknyga.lt\/wp-content\/uploads\/2025\/11\/Duburys-1.webp\",\"contentUrl\":\"https:\/\/skaitytaknyga.lt\/wp-content\/uploads\/2025\/11\/Duburys-1.webp\",\"width\":300,\"height\":468,\"caption\":\"Duburys\"},{\"@type\":\"BreadcrumbList\",\"@id\":\"https:\/\/skaitytaknyga.lt\/produktas\/duburys\/#breadcrumb\",\"itemListElement\":[{\"@type\":\"ListItem\",\"position\":1,\"name\":\"Home\",\"item\":\"https:\/\/skaitytaknyga.lt\/\"},{\"@type\":\"ListItem\",\"position\":2,\"name\":\"Parduotuv\u0117\",\"item\":\"https:\/\/skaitytaknyga.lt\/knygu-parduotuve\/\"},{\"@type\":\"ListItem\",\"position\":3,\"name\":\"Duburys\"}]},{\"@type\":\"WebSite\",\"@id\":\"https:\/\/skaitytaknyga.lt\/#website\",\"url\":\"https:\/\/skaitytaknyga.lt\/\",\"name\":\"skaitytaknyga.lt\",\"description\":\"Skaitytaknyga.lt \u2013 tai ma\u017eas \u0161eimos verslas, kuris prasid\u0117jo nuo meil\u0117s knygoms ir siekio i\u0161gelb\u0117ti knygas nuo likimo prie konteinerio. Kas vienam nereikalingas daiktas \u2013 kitam lobis, o mes esame tarpininkai, kurie padeda abiems tapti laimingesniems ???? \u017dinome kaip nelengva i\u0161gyventi ma\u017eiems verslams, tad nuo \u0161iol, \u010dia rasite ir kit\u0173, ma\u017e\u0173 \u0161eim\u0173 versl\u0173, rank\u0173 darbo, dovan\u0173 sau ir artimiesiems.\",\"publisher\":{\"@id\":\"https:\/\/skaitytaknyga.lt\/#organization\"},\"potentialAction\":[{\"@type\":\"SearchAction\",\"target\":{\"@type\":\"EntryPoint\",\"urlTemplate\":\"https:\/\/skaitytaknyga.lt\/?s={search_term_string}\"},\"query-input\":{\"@type\":\"PropertyValueSpecification\",\"valueRequired\":true,\"valueName\":\"search_term_string\"}}],\"inLanguage\":\"en-GB\"},{\"@type\":\"Organization\",\"@id\":\"https:\/\/skaitytaknyga.lt\/#organization\",\"name\":\"skaitytaknyga.lt\",\"url\":\"https:\/\/skaitytaknyga.lt\/\",\"logo\":{\"@type\":\"ImageObject\",\"inLanguage\":\"en-GB\",\"@id\":\"https:\/\/skaitytaknyga.lt\/#\/schema\/logo\/image\/\",\"url\":\"https:\/\/skaitytaknyga.lt\/wp-content\/uploads\/2024\/05\/cropped-cropped-cropped-02_00843_jt3bggkj1j3HLc7SyY6rEUpg.jpeg\",\"contentUrl\":\"https:\/\/skaitytaknyga.lt\/wp-content\/uploads\/2024\/05\/cropped-cropped-cropped-02_00843_jt3bggkj1j3HLc7SyY6rEUpg.jpeg\",\"width\":1600,\"height\":1600,\"caption\":\"skaitytaknyga.lt\"},\"image\":{\"@id\":\"https:\/\/skaitytaknyga.lt\/#\/schema\/logo\/image\/\"},\"sameAs\":[\"https:\/\/www.facebook.com\/skaitytaknyga\/\"]}]}<\/script>\n<!-- \/ Yoast SEO plugin. -->","yoast_head_json":{"title":"Duburys","description":"\u0160is romanas tiesiog pasmerktas skaityti. Valentinas Sventickas Klasikin\u0117s menin\u0117s kalbos romanas apr\u0117pia vis\u0105 svarbiausiojo persona\u017eo gyvenim\u0105. Vaikyst\u0117","robots":{"index":"index","follow":"follow","max-snippet":"max-snippet:-1","max-image-preview":"max-image-preview:large","max-video-preview":"max-video-preview:-1"},"canonical":"https:\/\/skaitytaknyga.lt\/en\/produktas\/duburys\/","og_locale":"en_GB","og_type":"article","og_title":"[:lt]Duburys[:] - Skaitytaknyga","og_description":"\u0160is romanas tiesiog pasmerktas skaityti. Valentinas Sventickas Klasikin\u0117s menin\u0117s kalbos romanas apr\u0117pia vis\u0105 svarbiausiojo persona\u017eo gyvenim\u0105. Vaikyst\u0117","og_url":"https:\/\/skaitytaknyga.lt\/en\/produktas\/duburys\/","og_site_name":"Skaitytaknyga","article_publisher":"https:\/\/www.facebook.com\/skaitytaknyga\/","article_modified_time":"2025-11-04T13:10:57+00:00","og_image":[{"width":300,"height":468,"url":"https:\/\/skaitytaknyga.lt\/wp-content\/uploads\/2025\/11\/Duburys-1.webp","type":"image\/webp"}],"twitter_card":"summary_large_image","twitter_misc":{"Estimated reading time":"1 minute"},"schema":{"@context":"https:\/\/schema.org","@graph":[{"@type":"WebPage","@id":"https:\/\/skaitytaknyga.lt\/produktas\/duburys\/","url":"https:\/\/skaitytaknyga.lt\/produktas\/duburys\/","name":"Duburys","isPartOf":{"@id":"https:\/\/skaitytaknyga.lt\/#website"},"primaryImageOfPage":{"@id":"https:\/\/skaitytaknyga.lt\/produktas\/duburys\/#primaryimage"},"image":{"@id":"https:\/\/skaitytaknyga.lt\/produktas\/duburys\/#primaryimage"},"thumbnailUrl":"https:\/\/skaitytaknyga.lt\/wp-content\/uploads\/2025\/11\/Duburys-1.webp","datePublished":"2025-10-30T12:22:35+00:00","dateModified":"2025-11-04T13:10:57+00:00","description":"\u0160is romanas tiesiog pasmerktas skaityti. Valentinas Sventickas Klasikin\u0117s menin\u0117s kalbos romanas apr\u0117pia vis\u0105 svarbiausiojo persona\u017eo gyvenim\u0105. Vaikyst\u0117","breadcrumb":{"@id":"https:\/\/skaitytaknyga.lt\/produktas\/duburys\/#breadcrumb"},"inLanguage":"en-GB","potentialAction":[{"@type":"ReadAction","target":["https:\/\/skaitytaknyga.lt\/produktas\/duburys\/"]}]},{"@type":"ImageObject","inLanguage":"en-GB","@id":"https:\/\/skaitytaknyga.lt\/produktas\/duburys\/#primaryimage","url":"https:\/\/skaitytaknyga.lt\/wp-content\/uploads\/2025\/11\/Duburys-1.webp","contentUrl":"https:\/\/skaitytaknyga.lt\/wp-content\/uploads\/2025\/11\/Duburys-1.webp","width":300,"height":468,"caption":"Duburys"},{"@type":"BreadcrumbList","@id":"https:\/\/skaitytaknyga.lt\/produktas\/duburys\/#breadcrumb","itemListElement":[{"@type":"ListItem","position":1,"name":"Home","item":"https:\/\/skaitytaknyga.lt\/"},{"@type":"ListItem","position":2,"name":"Parduotuv\u0117","item":"https:\/\/skaitytaknyga.lt\/knygu-parduotuve\/"},{"@type":"ListItem","position":3,"name":"Duburys"}]},{"@type":"WebSite","@id":"https:\/\/skaitytaknyga.lt\/#website","url":"https:\/\/skaitytaknyga.lt\/","name":"skaitytaknyga.lt","description":"Skaitytaknyga.lt \u2013 tai ma\u017eas \u0161eimos verslas, kuris prasid\u0117jo nuo meil\u0117s knygoms ir siekio i\u0161gelb\u0117ti knygas nuo likimo prie konteinerio. Kas vienam nereikalingas daiktas \u2013 kitam lobis, o mes esame tarpininkai, kurie padeda abiems tapti laimingesniems ???? \u017dinome kaip nelengva i\u0161gyventi ma\u017eiems verslams, tad nuo \u0161iol, \u010dia rasite ir kit\u0173, ma\u017e\u0173 \u0161eim\u0173 versl\u0173, rank\u0173 darbo, dovan\u0173 sau ir artimiesiems.","publisher":{"@id":"https:\/\/skaitytaknyga.lt\/#organization"},"potentialAction":[{"@type":"SearchAction","target":{"@type":"EntryPoint","urlTemplate":"https:\/\/skaitytaknyga.lt\/?s={search_term_string}"},"query-input":{"@type":"PropertyValueSpecification","valueRequired":true,"valueName":"search_term_string"}}],"inLanguage":"en-GB"},{"@type":"Organization","@id":"https:\/\/skaitytaknyga.lt\/#organization","name":"skaitytaknyga.lt","url":"https:\/\/skaitytaknyga.lt\/","logo":{"@type":"ImageObject","inLanguage":"en-GB","@id":"https:\/\/skaitytaknyga.lt\/#\/schema\/logo\/image\/","url":"https:\/\/skaitytaknyga.lt\/wp-content\/uploads\/2024\/05\/cropped-cropped-cropped-02_00843_jt3bggkj1j3HLc7SyY6rEUpg.jpeg","contentUrl":"https:\/\/skaitytaknyga.lt\/wp-content\/uploads\/2024\/05\/cropped-cropped-cropped-02_00843_jt3bggkj1j3HLc7SyY6rEUpg.jpeg","width":1600,"height":1600,"caption":"skaitytaknyga.lt"},"image":{"@id":"https:\/\/skaitytaknyga.lt\/#\/schema\/logo\/image\/"},"sameAs":["https:\/\/www.facebook.com\/skaitytaknyga\/"]}]}},"_links":{"self":[{"href":"https:\/\/skaitytaknyga.lt\/en\/wp-json\/wp\/v2\/product\/21729","targetHints":{"allow":["GET"]}}],"collection":[{"href":"https:\/\/skaitytaknyga.lt\/en\/wp-json\/wp\/v2\/product"}],"about":[{"href":"https:\/\/skaitytaknyga.lt\/en\/wp-json\/wp\/v2\/types\/product"}],"replies":[{"embeddable":true,"href":"https:\/\/skaitytaknyga.lt\/en\/wp-json\/wp\/v2\/comments?post=21729"}],"wp:featuredmedia":[{"embeddable":true,"href":"https:\/\/skaitytaknyga.lt\/en\/wp-json\/wp\/v2\/media\/21778"}],"wp:attachment":[{"href":"https:\/\/skaitytaknyga.lt\/en\/wp-json\/wp\/v2\/media?parent=21729"}],"wp:term":[{"taxonomy":"product_brand","embeddable":true,"href":"https:\/\/skaitytaknyga.lt\/en\/wp-json\/wp\/v2\/product_brand?post=21729"},{"taxonomy":"product_cat","embeddable":true,"href":"https:\/\/skaitytaknyga.lt\/en\/wp-json\/wp\/v2\/product_cat?post=21729"},{"taxonomy":"product_tag","embeddable":true,"href":"https:\/\/skaitytaknyga.lt\/en\/wp-json\/wp\/v2\/product_tag?post=21729"}],"curies":[{"name":"wp","href":"https:\/\/api.w.org\/{rel}","templated":true}]}}