{"id":21728,"date":"2025-10-30T14:22:35","date_gmt":"2025-10-30T12:22:35","guid":{"rendered":"https:\/\/skaitytaknyga.lt\/?post_type=product&#038;p=21728"},"modified":"2025-11-04T15:10:57","modified_gmt":"2025-11-04T13:10:57","slug":"lietuva-isejo-is-mados-pokalbiai-su-donatu-katkumi","status":"publish","type":"product","link":"https:\/\/skaitytaknyga.lt\/en\/produktas\/lietuva-isejo-is-mados-pokalbiai-su-donatu-katkumi\/","title":{"rendered":"Lietuva i\u0161\u0117jo i\u0161 mados. Pokalbiai su Donatu Katkumi"},"content":{"rendered":"<p>\u0160i knyga-ne dienora\u0161tis, ne nuoseklus gyvenimo apra\u0161ymas arba muzikalumo ugdymo, \u017eini\u0173 kaupimo, visuomeninio veikimo ar karjeros paveikslas. Tai laisvos asociacijos, tai \u017eurnalistinis paveikslas. Jame nema\u017eai ply\u0161i\u0173, u\u017emar\u0161umo, bet bijau, kad kalbantis prie kavut\u0117s tai nei\u0161vengiama.<\/p>\n","protected":false},"excerpt":{"rendered":"<p>\u0160i knyga-ne dienora\u0161tis, ne nuoseklus gyvenimo apra\u0161ymas arba muzikalumo ugdymo, \u017eini\u0173 kaupimo, visuomeninio veikimo ar karjeros paveikslas. Tai laisvos asociacijos, tai \u017eurnalistinis paveikslas. Jame nema\u017eai ply\u0161i\u0173, u\u017emar\u0161umo, bet bijau, kad kalbantis prie kavut\u0117s tai nei\u0161vengiama.<\/p>\n","protected":false},"featured_media":21733,"comment_status":"open","ping_status":"closed","template":"","meta":{"_acf_changed":false,"site-sidebar-layout":"default","site-content-layout":"","ast-site-content-layout":"default","site-content-style":"default","site-sidebar-style":"default","ast-global-header-display":"","ast-banner-title-visibility":"","ast-main-header-display":"","ast-hfb-above-header-display":"","ast-hfb-below-header-display":"","ast-hfb-mobile-header-display":"","site-post-title":"","ast-breadcrumbs-content":"","ast-featured-img":"","footer-sml-layout":"","ast-disable-related-posts":"","theme-transparent-header-meta":"","adv-header-id-meta":"","stick-header-meta":"","header-above-stick-meta":"","header-main-stick-meta":"","header-below-stick-meta":"","astra-migrate-meta-layouts":"default","ast-page-background-enabled":"default","ast-page-background-meta":{"desktop":{"background-color":"","background-image":"","background-repeat":"repeat","background-position":"center center","background-size":"auto","background-attachment":"scroll","background-type":"","background-media":"","overlay-type":"","overlay-color":"","overlay-opacity":"","overlay-gradient":""},"tablet":{"background-color":"","background-image":"","background-repeat":"repeat","background-position":"center center","background-size":"auto","background-attachment":"scroll","background-type":"","background-media":"","overlay-type":"","overlay-color":"","overlay-opacity":"","overlay-gradient":""},"mobile":{"background-color":"","background-image":"","background-repeat":"repeat","background-position":"center center","background-size":"auto","background-attachment":"scroll","background-type":"","background-media":"","overlay-type":"","overlay-color":"","overlay-opacity":"","overlay-gradient":""}},"ast-content-background-meta":{"desktop":{"background-color":"var(--ast-global-color-4)","background-image":"","background-repeat":"repeat","background-position":"center center","background-size":"auto","background-attachment":"scroll","background-type":"","background-media":"","overlay-type":"","overlay-color":"","overlay-opacity":"","overlay-gradient":""},"tablet":{"background-color":"var(--ast-global-color-4)","background-image":"","background-repeat":"repeat","background-position":"center center","background-size":"auto","background-attachment":"scroll","background-type":"","background-media":"","overlay-type":"","overlay-color":"","overlay-opacity":"","overlay-gradient":""},"mobile":{"background-color":"var(--ast-global-color-4)","background-image":"","background-repeat":"repeat","background-position":"center center","background-size":"auto","background-attachment":"scroll","background-type":"","background-media":"","overlay-type":"","overlay-color":"","overlay-opacity":"","overlay-gradient":""}}},"product_brand":[],"product_cat":[15],"product_tag":[],"class_list":{"0":"post-21728","1":"product","2":"type-product","3":"status-publish","4":"has-post-thumbnail","6":"product_cat-uncategorized","7":"desktop-align-left","8":"tablet-align-left","9":"mobile-align-left","11":"first","12":"instock","13":"shipping-taxable","14":"purchasable","15":"product-type-simple"},"acf":[],"yoast_head":"<!-- This site is optimized with the Yoast SEO plugin v27.0 - https:\/\/yoast.com\/product\/yoast-seo-wordpress\/ -->\n<title>Lietuva i\u0161\u0117jo i\u0161 mados. Pokalbiai su Donatu Katkumi<\/title>\n<meta name=\"description\" content=\"\u0160i knyga-ne dienora\u0161tis, ne nuoseklus gyvenimo apra\u0161ymas arba muzikalumo ugdymo, \u017eini\u0173 kaupimo, visuomeninio veikimo ar karjeros paveikslas. Tai laisvos\" \/>\n<meta name=\"robots\" content=\"index, follow, max-snippet:-1, max-image-preview:large, max-video-preview:-1\" \/>\n<link rel=\"canonical\" href=\"https:\/\/skaitytaknyga.lt\/en\/produktas\/lietuva-isejo-is-mados-pokalbiai-su-donatu-katkumi\/\" \/>\n<meta property=\"og:locale\" content=\"en_GB\" \/>\n<meta property=\"og:locale:alternate\" content=\"lt_LT\" \/>\n<meta property=\"og:type\" content=\"article\" \/>\n<meta property=\"og:title\" content=\"Lietuva i\u0161\u0117jo i\u0161 mados. Pokalbiai su Donatu Katkumi\" \/>\n<meta property=\"og:description\" content=\"\u0160i knyga-ne dienora\u0161tis, ne nuoseklus gyvenimo apra\u0161ymas arba muzikalumo ugdymo, \u017eini\u0173 kaupimo, visuomeninio veikimo ar karjeros paveikslas. Tai laisvos\" \/>\n<meta property=\"og:url\" content=\"https:\/\/skaitytaknyga.lt\/en\/produktas\/lietuva-isejo-is-mados-pokalbiai-su-donatu-katkumi\/\" \/>\n<meta property=\"og:site_name\" content=\"Skaitytaknyga\" \/>\n<meta property=\"article:publisher\" content=\"https:\/\/www.facebook.com\/skaitytaknyga\/\" \/>\n<meta property=\"article:modified_time\" content=\"2025-11-04T13:10:57+00:00\" \/>\n<meta property=\"og:image\" content=\"https:\/\/skaitytaknyga.lt\/wp-content\/uploads\/2025\/10\/Lietuva-isejo-is-mados.-Pokalbiai-su-Donatu-Katkumi-1.webp\" \/>\n\t<meta property=\"og:image:width\" content=\"300\" \/>\n\t<meta property=\"og:image:height\" content=\"462\" \/>\n\t<meta property=\"og:image:type\" content=\"image\/webp\" \/>\n<meta name=\"twitter:card\" content=\"summary_large_image\" \/>\n<script type=\"application\/ld+json\" class=\"yoast-schema-graph\">{\"@context\":\"https:\/\/schema.org\",\"@graph\":[{\"@type\":\"WebPage\",\"@id\":\"https:\/\/skaitytaknyga.lt\/produktas\/lietuva-isejo-is-mados-pokalbiai-su-donatu-katkumi\/\",\"url\":\"https:\/\/skaitytaknyga.lt\/produktas\/lietuva-isejo-is-mados-pokalbiai-su-donatu-katkumi\/\",\"name\":\"Lietuva i\u0161\u0117jo i\u0161 mados. Pokalbiai su Donatu Katkumi\",\"isPartOf\":{\"@id\":\"https:\/\/skaitytaknyga.lt\/#website\"},\"primaryImageOfPage\":{\"@id\":\"https:\/\/skaitytaknyga.lt\/produktas\/lietuva-isejo-is-mados-pokalbiai-su-donatu-katkumi\/#primaryimage\"},\"image\":{\"@id\":\"https:\/\/skaitytaknyga.lt\/produktas\/lietuva-isejo-is-mados-pokalbiai-su-donatu-katkumi\/#primaryimage\"},\"thumbnailUrl\":\"https:\/\/skaitytaknyga.lt\/wp-content\/uploads\/2025\/10\/Lietuva-isejo-is-mados.-Pokalbiai-su-Donatu-Katkumi-1.webp\",\"datePublished\":\"2025-10-30T12:22:35+00:00\",\"dateModified\":\"2025-11-04T13:10:57+00:00\",\"description\":\"\u0160i knyga-ne dienora\u0161tis, ne nuoseklus gyvenimo apra\u0161ymas arba muzikalumo ugdymo, \u017eini\u0173 kaupimo, visuomeninio veikimo ar karjeros paveikslas. Tai laisvos\",\"breadcrumb\":{\"@id\":\"https:\/\/skaitytaknyga.lt\/produktas\/lietuva-isejo-is-mados-pokalbiai-su-donatu-katkumi\/#breadcrumb\"},\"inLanguage\":\"en-GB\",\"potentialAction\":[{\"@type\":\"ReadAction\",\"target\":[\"https:\/\/skaitytaknyga.lt\/produktas\/lietuva-isejo-is-mados-pokalbiai-su-donatu-katkumi\/\"]}]},{\"@type\":\"ImageObject\",\"inLanguage\":\"en-GB\",\"@id\":\"https:\/\/skaitytaknyga.lt\/produktas\/lietuva-isejo-is-mados-pokalbiai-su-donatu-katkumi\/#primaryimage\",\"url\":\"https:\/\/skaitytaknyga.lt\/wp-content\/uploads\/2025\/10\/Lietuva-isejo-is-mados.-Pokalbiai-su-Donatu-Katkumi-1.webp\",\"contentUrl\":\"https:\/\/skaitytaknyga.lt\/wp-content\/uploads\/2025\/10\/Lietuva-isejo-is-mados.-Pokalbiai-su-Donatu-Katkumi-1.webp\",\"width\":300,\"height\":462},{\"@type\":\"BreadcrumbList\",\"@id\":\"https:\/\/skaitytaknyga.lt\/produktas\/lietuva-isejo-is-mados-pokalbiai-su-donatu-katkumi\/#breadcrumb\",\"itemListElement\":[{\"@type\":\"ListItem\",\"position\":1,\"name\":\"Home\",\"item\":\"https:\/\/skaitytaknyga.lt\/\"},{\"@type\":\"ListItem\",\"position\":2,\"name\":\"Parduotuv\u0117\",\"item\":\"https:\/\/skaitytaknyga.lt\/knygu-parduotuve\/\"},{\"@type\":\"ListItem\",\"position\":3,\"name\":\"Lietuva i\u0161\u0117jo i\u0161 mados. Pokalbiai su Donatu Katkumi\"}]},{\"@type\":\"WebSite\",\"@id\":\"https:\/\/skaitytaknyga.lt\/#website\",\"url\":\"https:\/\/skaitytaknyga.lt\/\",\"name\":\"skaitytaknyga.lt\",\"description\":\"Skaitytaknyga.lt \u2013 tai ma\u017eas \u0161eimos verslas, kuris prasid\u0117jo nuo meil\u0117s knygoms ir siekio i\u0161gelb\u0117ti knygas nuo likimo prie konteinerio. Kas vienam nereikalingas daiktas \u2013 kitam lobis, o mes esame tarpininkai, kurie padeda abiems tapti laimingesniems ???? \u017dinome kaip nelengva i\u0161gyventi ma\u017eiems verslams, tad nuo \u0161iol, \u010dia rasite ir kit\u0173, ma\u017e\u0173 \u0161eim\u0173 versl\u0173, rank\u0173 darbo, dovan\u0173 sau ir artimiesiems.\",\"publisher\":{\"@id\":\"https:\/\/skaitytaknyga.lt\/#organization\"},\"potentialAction\":[{\"@type\":\"SearchAction\",\"target\":{\"@type\":\"EntryPoint\",\"urlTemplate\":\"https:\/\/skaitytaknyga.lt\/?s={search_term_string}\"},\"query-input\":{\"@type\":\"PropertyValueSpecification\",\"valueRequired\":true,\"valueName\":\"search_term_string\"}}],\"inLanguage\":\"en-GB\"},{\"@type\":\"Organization\",\"@id\":\"https:\/\/skaitytaknyga.lt\/#organization\",\"name\":\"skaitytaknyga.lt\",\"url\":\"https:\/\/skaitytaknyga.lt\/\",\"logo\":{\"@type\":\"ImageObject\",\"inLanguage\":\"en-GB\",\"@id\":\"https:\/\/skaitytaknyga.lt\/#\/schema\/logo\/image\/\",\"url\":\"https:\/\/skaitytaknyga.lt\/wp-content\/uploads\/2024\/05\/cropped-cropped-cropped-02_00843_jt3bggkj1j3HLc7SyY6rEUpg.jpeg\",\"contentUrl\":\"https:\/\/skaitytaknyga.lt\/wp-content\/uploads\/2024\/05\/cropped-cropped-cropped-02_00843_jt3bggkj1j3HLc7SyY6rEUpg.jpeg\",\"width\":1600,\"height\":1600,\"caption\":\"skaitytaknyga.lt\"},\"image\":{\"@id\":\"https:\/\/skaitytaknyga.lt\/#\/schema\/logo\/image\/\"},\"sameAs\":[\"https:\/\/www.facebook.com\/skaitytaknyga\/\"]}]}<\/script>\n<!-- \/ Yoast SEO plugin. -->","yoast_head_json":{"title":"Lietuva i\u0161\u0117jo i\u0161 mados. Pokalbiai su Donatu Katkumi","description":"\u0160i knyga-ne dienora\u0161tis, ne nuoseklus gyvenimo apra\u0161ymas arba muzikalumo ugdymo, \u017eini\u0173 kaupimo, visuomeninio veikimo ar karjeros paveikslas. Tai laisvos","robots":{"index":"index","follow":"follow","max-snippet":"max-snippet:-1","max-image-preview":"max-image-preview:large","max-video-preview":"max-video-preview:-1"},"canonical":"https:\/\/skaitytaknyga.lt\/en\/produktas\/lietuva-isejo-is-mados-pokalbiai-su-donatu-katkumi\/","og_locale":"en_GB","og_type":"article","og_title":"[:lt]Lietuva i\u0161\u0117jo i\u0161 mados. Pokalbiai su Donatu Katkumi[:] - Skaitytaknyga","og_description":"\u0160i knyga-ne dienora\u0161tis, ne nuoseklus gyvenimo apra\u0161ymas arba muzikalumo ugdymo, \u017eini\u0173 kaupimo, visuomeninio veikimo ar karjeros paveikslas. Tai laisvos","og_url":"https:\/\/skaitytaknyga.lt\/en\/produktas\/lietuva-isejo-is-mados-pokalbiai-su-donatu-katkumi\/","og_site_name":"Skaitytaknyga","article_publisher":"https:\/\/www.facebook.com\/skaitytaknyga\/","article_modified_time":"2025-11-04T13:10:57+00:00","og_image":[{"width":300,"height":462,"url":"https:\/\/skaitytaknyga.lt\/wp-content\/uploads\/2025\/10\/Lietuva-isejo-is-mados.-Pokalbiai-su-Donatu-Katkumi-1.webp","type":"image\/webp"}],"twitter_card":"summary_large_image","schema":{"@context":"https:\/\/schema.org","@graph":[{"@type":"WebPage","@id":"https:\/\/skaitytaknyga.lt\/produktas\/lietuva-isejo-is-mados-pokalbiai-su-donatu-katkumi\/","url":"https:\/\/skaitytaknyga.lt\/produktas\/lietuva-isejo-is-mados-pokalbiai-su-donatu-katkumi\/","name":"Lietuva i\u0161\u0117jo i\u0161 mados. Pokalbiai su Donatu Katkumi","isPartOf":{"@id":"https:\/\/skaitytaknyga.lt\/#website"},"primaryImageOfPage":{"@id":"https:\/\/skaitytaknyga.lt\/produktas\/lietuva-isejo-is-mados-pokalbiai-su-donatu-katkumi\/#primaryimage"},"image":{"@id":"https:\/\/skaitytaknyga.lt\/produktas\/lietuva-isejo-is-mados-pokalbiai-su-donatu-katkumi\/#primaryimage"},"thumbnailUrl":"https:\/\/skaitytaknyga.lt\/wp-content\/uploads\/2025\/10\/Lietuva-isejo-is-mados.-Pokalbiai-su-Donatu-Katkumi-1.webp","datePublished":"2025-10-30T12:22:35+00:00","dateModified":"2025-11-04T13:10:57+00:00","description":"\u0160i knyga-ne dienora\u0161tis, ne nuoseklus gyvenimo apra\u0161ymas arba muzikalumo ugdymo, \u017eini\u0173 kaupimo, visuomeninio veikimo ar karjeros paveikslas. Tai laisvos","breadcrumb":{"@id":"https:\/\/skaitytaknyga.lt\/produktas\/lietuva-isejo-is-mados-pokalbiai-su-donatu-katkumi\/#breadcrumb"},"inLanguage":"en-GB","potentialAction":[{"@type":"ReadAction","target":["https:\/\/skaitytaknyga.lt\/produktas\/lietuva-isejo-is-mados-pokalbiai-su-donatu-katkumi\/"]}]},{"@type":"ImageObject","inLanguage":"en-GB","@id":"https:\/\/skaitytaknyga.lt\/produktas\/lietuva-isejo-is-mados-pokalbiai-su-donatu-katkumi\/#primaryimage","url":"https:\/\/skaitytaknyga.lt\/wp-content\/uploads\/2025\/10\/Lietuva-isejo-is-mados.-Pokalbiai-su-Donatu-Katkumi-1.webp","contentUrl":"https:\/\/skaitytaknyga.lt\/wp-content\/uploads\/2025\/10\/Lietuva-isejo-is-mados.-Pokalbiai-su-Donatu-Katkumi-1.webp","width":300,"height":462},{"@type":"BreadcrumbList","@id":"https:\/\/skaitytaknyga.lt\/produktas\/lietuva-isejo-is-mados-pokalbiai-su-donatu-katkumi\/#breadcrumb","itemListElement":[{"@type":"ListItem","position":1,"name":"Home","item":"https:\/\/skaitytaknyga.lt\/"},{"@type":"ListItem","position":2,"name":"Parduotuv\u0117","item":"https:\/\/skaitytaknyga.lt\/knygu-parduotuve\/"},{"@type":"ListItem","position":3,"name":"Lietuva i\u0161\u0117jo i\u0161 mados. Pokalbiai su Donatu Katkumi"}]},{"@type":"WebSite","@id":"https:\/\/skaitytaknyga.lt\/#website","url":"https:\/\/skaitytaknyga.lt\/","name":"skaitytaknyga.lt","description":"Skaitytaknyga.lt \u2013 tai ma\u017eas \u0161eimos verslas, kuris prasid\u0117jo nuo meil\u0117s knygoms ir siekio i\u0161gelb\u0117ti knygas nuo likimo prie konteinerio. Kas vienam nereikalingas daiktas \u2013 kitam lobis, o mes esame tarpininkai, kurie padeda abiems tapti laimingesniems ???? \u017dinome kaip nelengva i\u0161gyventi ma\u017eiems verslams, tad nuo \u0161iol, \u010dia rasite ir kit\u0173, ma\u017e\u0173 \u0161eim\u0173 versl\u0173, rank\u0173 darbo, dovan\u0173 sau ir artimiesiems.","publisher":{"@id":"https:\/\/skaitytaknyga.lt\/#organization"},"potentialAction":[{"@type":"SearchAction","target":{"@type":"EntryPoint","urlTemplate":"https:\/\/skaitytaknyga.lt\/?s={search_term_string}"},"query-input":{"@type":"PropertyValueSpecification","valueRequired":true,"valueName":"search_term_string"}}],"inLanguage":"en-GB"},{"@type":"Organization","@id":"https:\/\/skaitytaknyga.lt\/#organization","name":"skaitytaknyga.lt","url":"https:\/\/skaitytaknyga.lt\/","logo":{"@type":"ImageObject","inLanguage":"en-GB","@id":"https:\/\/skaitytaknyga.lt\/#\/schema\/logo\/image\/","url":"https:\/\/skaitytaknyga.lt\/wp-content\/uploads\/2024\/05\/cropped-cropped-cropped-02_00843_jt3bggkj1j3HLc7SyY6rEUpg.jpeg","contentUrl":"https:\/\/skaitytaknyga.lt\/wp-content\/uploads\/2024\/05\/cropped-cropped-cropped-02_00843_jt3bggkj1j3HLc7SyY6rEUpg.jpeg","width":1600,"height":1600,"caption":"skaitytaknyga.lt"},"image":{"@id":"https:\/\/skaitytaknyga.lt\/#\/schema\/logo\/image\/"},"sameAs":["https:\/\/www.facebook.com\/skaitytaknyga\/"]}]}},"_links":{"self":[{"href":"https:\/\/skaitytaknyga.lt\/en\/wp-json\/wp\/v2\/product\/21728","targetHints":{"allow":["GET"]}}],"collection":[{"href":"https:\/\/skaitytaknyga.lt\/en\/wp-json\/wp\/v2\/product"}],"about":[{"href":"https:\/\/skaitytaknyga.lt\/en\/wp-json\/wp\/v2\/types\/product"}],"replies":[{"embeddable":true,"href":"https:\/\/skaitytaknyga.lt\/en\/wp-json\/wp\/v2\/comments?post=21728"}],"wp:featuredmedia":[{"embeddable":true,"href":"https:\/\/skaitytaknyga.lt\/en\/wp-json\/wp\/v2\/media\/21733"}],"wp:attachment":[{"href":"https:\/\/skaitytaknyga.lt\/en\/wp-json\/wp\/v2\/media?parent=21728"}],"wp:term":[{"taxonomy":"product_brand","embeddable":true,"href":"https:\/\/skaitytaknyga.lt\/en\/wp-json\/wp\/v2\/product_brand?post=21728"},{"taxonomy":"product_cat","embeddable":true,"href":"https:\/\/skaitytaknyga.lt\/en\/wp-json\/wp\/v2\/product_cat?post=21728"},{"taxonomy":"product_tag","embeddable":true,"href":"https:\/\/skaitytaknyga.lt\/en\/wp-json\/wp\/v2\/product_tag?post=21728"}],"curies":[{"name":"wp","href":"https:\/\/api.w.org\/{rel}","templated":true}]}}