{"id":21726,"date":"2025-10-30T14:22:35","date_gmt":"2025-10-30T12:22:35","guid":{"rendered":"https:\/\/skaitytaknyga.lt\/?post_type=product&#038;p=21726"},"modified":"2025-10-30T14:50:50","modified_gmt":"2025-10-30T12:50:50","slug":"losejas","status":"publish","type":"product","link":"https:\/\/skaitytaknyga.lt\/en\/produktas\/losejas\/","title":{"rendered":"Lo\u0161\u0117jas"},"content":{"rendered":"<p>\u201eLO\u0160\u0116JAS\u201c \u2013 ypatingas Fiodoro Dostojevskio romanas, paremtas tikrais autoriaus gyvenimo \u012fvykiais! K\u0105 prarasti skaud\u017eiau? Pinigus? O gal vis d\u0117lto meil\u0119?<\/p>\n<p>Jaunas mokytojas Aleksejus Ivanovi\u010dius, tarnaujantis nusigyvenusiam generolui, m\u0117gina laim\u0117ti jo podukros Polinos meil\u0119, ta\u010diau \u012fsivelia \u012f niekur nevedan\u010dius, \u017elugdan\u010dius santykius. Aik\u0161tinga moteris manipuliuoja Aleksejaus jausmais, si\u016blo savo \u0161ird\u012f mainais \u012f turtus. I\u0161 prad\u017ei\u0173 Aleksejus neketina u\u017etrukti prie rulet\u0117s stalo, jo tikslas \u2013 pagerinti savo finansin\u0119 pad\u0117t\u012f, kad \u012fsiteikt\u0173 Polinai. Ta\u010diau \u017eaidimas tampa vis azarti\u0161kesnis, adrenalinas stipriau pl\u016bsta venomis, ir vyras visi\u0161kai atsiduoda fatali\u0161kam tro\u0161kimui lo\u0161ti ir laim\u0117ti. Godumo u\u017evaldytas, \u017eiaurios gundytojos Polinos ker\u0173 apakintas Aleksejus praranda geb\u0117jim\u0105 atskirti g\u0117r\u012f nuo blogio&#8230; Tamsus ir nepaprastai \u012ftraukiantis romanas. <\/p>\n<p>\u201eLO\u0160\u0116JAS\u201c \u2013 ne tik pasauline klasika tap\u0119s rus\u0173 literat\u016bros \u0161edevras, bet kartu ir romanas, kuris atspindi autenti\u0161k\u0105 autoriaus gyvenimo patirt\u012f \u2013 keliaudamas po Vakar\u0173 Europa kartu su mylima moterimi, Fiodoras Dostojevskis tikrai buvo tap\u0119s rulet\u0117s \u012fkaitu. Romane autorius atskleid\u017eia ne tik neeilinius geb\u0117jimus sukurti nepaprastai dramati\u0161k\u0105 istorij\u0105, bet ir priblo\u0161kia stipriais psichologiniais veik\u0117j\u0173 portretais.<\/p>\n<p>\u201eNeto\u010dka Nezvanova\u201c. Po aistring\u0173 vyri\u0161k\u0173 rulet\u0117s lo\u0161im\u0173 patekau \u012f visi\u0161kai prie\u0161ing\u0105 \u2013 a\u0161aring\u0105 moteri\u0161k\u0105 pasaul\u012f. \u010cia viskas kitaip \u2013 pagrindin\u0117 heroj\u0117 Neto\u010dka (Ana) pasakoja savo gyvenimo istorij\u0105. O ta istorija jau nuo ma\u017e\u0173 dien\u0173 buvo sunki, skurdi, pilna vargo ir, \u017einoma, a\u0161ar\u0173. Ir net kai Neto\u010dkos gyvenimas netik\u0117tai pasikei\u010dia, na\u0161laitei likusiai mergaitei ir toliau ne ma\u017eiau skauda \u0161ird\u012f\u2026<\/p>\n","protected":false},"excerpt":{"rendered":"<p>\u201eLO\u0160\u0116JAS\u201c \u2013 ypatingas Fiodoro Dostojevskio romanas, paremtas tikrais autoriaus gyvenimo \u012fvykiais! K\u0105 prarasti skaud\u017eiau? Pinigus? O gal vis d\u0117lto meil\u0119? Jaunas mokytojas Aleksejus Ivanovi\u010dius, tarnaujantis nusigyvenusiam generolui, m\u0117gina laim\u0117ti jo podukros Polinos meil\u0119, ta\u010diau \u012fsivelia \u012f niekur nevedan\u010dius, \u017elugdan\u010dius santykius. Aik\u0161tinga moteris manipuliuoja Aleksejaus jausmais, si\u016blo savo \u0161ird\u012f mainais \u012f turtus. I\u0161 prad\u017ei\u0173 Aleksejus neketina u\u017etrukti prie rulet\u0117s stalo, jo tikslas \u2013 pagerinti savo finansin\u0119 pad\u0117t\u012f, kad \u012fsiteikt\u0173 Polinai. Ta\u010diau \u017eaidimas tampa vis azarti\u0161kesnis, adrenalinas stipriau pl\u016bsta venomis, ir vyras visi\u0161kai atsiduoda fatali\u0161kam tro\u0161kimui lo\u0161ti ir laim\u0117ti. Godumo u\u017evaldytas, \u017eiaurios gundytojos Polinos ker\u0173 apakintas Aleksejus praranda geb\u0117jim\u0105 atskirti g\u0117r\u012f nuo blogio&#8230; Tamsus ir nepaprastai \u012ftraukiantis romanas. \u201eLO\u0160\u0116JAS\u201c \u2013 ne tik pasauline klasika tap\u0119s rus\u0173 literat\u016bros \u0161edevras, bet kartu ir romanas, kuris atspindi autenti\u0161k\u0105 autoriaus gyvenimo patirt\u012f \u2013 keliaudamas po Vakar\u0173 Europa kartu su mylima moterimi, Fiodoras Dostojevskis tikrai buvo tap\u0119s rulet\u0117s \u012fkaitu. Romane autorius atskleid\u017eia ne tik neeilinius geb\u0117jimus sukurti nepaprastai dramati\u0161k\u0105 istorij\u0105, bet ir priblo\u0161kia stipriais psichologiniais veik\u0117j\u0173 portretais. \u201eNeto\u010dka Nezvanova\u201c. Po aistring\u0173 vyri\u0161k\u0173 rulet\u0117s lo\u0161im\u0173 patekau \u012f visi\u0161kai prie\u0161ing\u0105 \u2013 a\u0161aring\u0105 moteri\u0161k\u0105 pasaul\u012f. \u010cia viskas kitaip \u2013 pagrindin\u0117 heroj\u0117 Neto\u010dka (Ana) pasakoja savo gyvenimo istorij\u0105. O ta istorija jau nuo ma\u017e\u0173 dien\u0173 buvo sunki, skurdi, pilna vargo ir, \u017einoma, a\u0161ar\u0173. Ir net kai Neto\u010dkos gyvenimas netik\u0117tai pasikei\u010dia, na\u0161laitei likusiai mergaitei ir toliau ne ma\u017eiau skauda \u0161ird\u012f\u2026<\/p>\n","protected":false},"featured_media":21731,"comment_status":"open","ping_status":"closed","template":"","meta":{"_acf_changed":false,"site-sidebar-layout":"default","site-content-layout":"","ast-site-content-layout":"default","site-content-style":"default","site-sidebar-style":"default","ast-global-header-display":"","ast-banner-title-visibility":"","ast-main-header-display":"","ast-hfb-above-header-display":"","ast-hfb-below-header-display":"","ast-hfb-mobile-header-display":"","site-post-title":"","ast-breadcrumbs-content":"","ast-featured-img":"","footer-sml-layout":"","ast-disable-related-posts":"","theme-transparent-header-meta":"","adv-header-id-meta":"","stick-header-meta":"","header-above-stick-meta":"","header-main-stick-meta":"","header-below-stick-meta":"","astra-migrate-meta-layouts":"default","ast-page-background-enabled":"default","ast-page-background-meta":{"desktop":{"background-color":"","background-image":"","background-repeat":"repeat","background-position":"center center","background-size":"auto","background-attachment":"scroll","background-type":"","background-media":"","overlay-type":"","overlay-color":"","overlay-opacity":"","overlay-gradient":""},"tablet":{"background-color":"","background-image":"","background-repeat":"repeat","background-position":"center center","background-size":"auto","background-attachment":"scroll","background-type":"","background-media":"","overlay-type":"","overlay-color":"","overlay-opacity":"","overlay-gradient":""},"mobile":{"background-color":"","background-image":"","background-repeat":"repeat","background-position":"center center","background-size":"auto","background-attachment":"scroll","background-type":"","background-media":"","overlay-type":"","overlay-color":"","overlay-opacity":"","overlay-gradient":""}},"ast-content-background-meta":{"desktop":{"background-color":"var(--ast-global-color-4)","background-image":"","background-repeat":"repeat","background-position":"center center","background-size":"auto","background-attachment":"scroll","background-type":"","background-media":"","overlay-type":"","overlay-color":"","overlay-opacity":"","overlay-gradient":""},"tablet":{"background-color":"var(--ast-global-color-4)","background-image":"","background-repeat":"repeat","background-position":"center center","background-size":"auto","background-attachment":"scroll","background-type":"","background-media":"","overlay-type":"","overlay-color":"","overlay-opacity":"","overlay-gradient":""},"mobile":{"background-color":"var(--ast-global-color-4)","background-image":"","background-repeat":"repeat","background-position":"center center","background-size":"auto","background-attachment":"scroll","background-type":"","background-media":"","overlay-type":"","overlay-color":"","overlay-opacity":"","overlay-gradient":""}}},"product_brand":[],"product_cat":[15],"product_tag":[],"class_list":{"0":"post-21726","1":"product","2":"type-product","3":"status-publish","4":"has-post-thumbnail","6":"product_cat-uncategorized","7":"desktop-align-left","8":"tablet-align-left","9":"mobile-align-left","11":"first","12":"instock","13":"shipping-taxable","14":"purchasable","15":"product-type-simple"},"acf":[],"yoast_head":"<!-- This site is optimized with the Yoast SEO plugin v27.0 - https:\/\/yoast.com\/product\/yoast-seo-wordpress\/ -->\n<title>Lo\u0161\u0117jas<\/title>\n<meta name=\"description\" content=\"\u201eLO\u0160\u0116JAS\u201c \u2013 ypatingas Fiodoro Dostojevskio romanas, paremtas tikrais autoriaus gyvenimo \u012fvykiais! K\u0105 prarasti skaud\u017eiau? Pinigus? O gal vis d\u0117lto meil\u0119?\" \/>\n<meta name=\"robots\" content=\"index, follow, max-snippet:-1, max-image-preview:large, max-video-preview:-1\" \/>\n<link rel=\"canonical\" href=\"https:\/\/skaitytaknyga.lt\/en\/produktas\/losejas\/\" \/>\n<meta property=\"og:locale\" content=\"en_GB\" \/>\n<meta property=\"og:locale:alternate\" content=\"lt_LT\" \/>\n<meta property=\"og:type\" content=\"article\" \/>\n<meta property=\"og:title\" content=\"Lo\u0161\u0117jas\" \/>\n<meta property=\"og:description\" content=\"\u201eLO\u0160\u0116JAS\u201c \u2013 ypatingas Fiodoro Dostojevskio romanas, paremtas tikrais autoriaus gyvenimo \u012fvykiais! K\u0105 prarasti skaud\u017eiau? Pinigus? O gal vis d\u0117lto meil\u0119?\" \/>\n<meta property=\"og:url\" content=\"https:\/\/skaitytaknyga.lt\/en\/produktas\/losejas\/\" \/>\n<meta property=\"og:site_name\" content=\"Skaitytaknyga\" \/>\n<meta property=\"article:publisher\" content=\"https:\/\/www.facebook.com\/skaitytaknyga\/\" \/>\n<meta property=\"article:modified_time\" content=\"2025-10-30T12:50:50+00:00\" \/>\n<meta property=\"og:image\" content=\"https:\/\/skaitytaknyga.lt\/wp-content\/uploads\/2025\/10\/Losejas-1.webp\" \/>\n\t<meta property=\"og:image:width\" content=\"300\" \/>\n\t<meta property=\"og:image:height\" content=\"448\" \/>\n\t<meta property=\"og:image:type\" content=\"image\/webp\" \/>\n<meta name=\"twitter:card\" content=\"summary_large_image\" \/>\n<meta name=\"twitter:label1\" content=\"Estimated reading time\" \/>\n\t<meta name=\"twitter:data1\" content=\"1 minute\" \/>\n<script type=\"application\/ld+json\" class=\"yoast-schema-graph\">{\"@context\":\"https:\/\/schema.org\",\"@graph\":[{\"@type\":\"WebPage\",\"@id\":\"https:\/\/skaitytaknyga.lt\/produktas\/losejas\/\",\"url\":\"https:\/\/skaitytaknyga.lt\/produktas\/losejas\/\",\"name\":\"Lo\u0161\u0117jas\",\"isPartOf\":{\"@id\":\"https:\/\/skaitytaknyga.lt\/#website\"},\"primaryImageOfPage\":{\"@id\":\"https:\/\/skaitytaknyga.lt\/produktas\/losejas\/#primaryimage\"},\"image\":{\"@id\":\"https:\/\/skaitytaknyga.lt\/produktas\/losejas\/#primaryimage\"},\"thumbnailUrl\":\"https:\/\/skaitytaknyga.lt\/wp-content\/uploads\/2025\/10\/Losejas-1.webp\",\"datePublished\":\"2025-10-30T12:22:35+00:00\",\"dateModified\":\"2025-10-30T12:50:50+00:00\",\"description\":\"\u201eLO\u0160\u0116JAS\u201c \u2013 ypatingas Fiodoro Dostojevskio romanas, paremtas tikrais autoriaus gyvenimo \u012fvykiais! K\u0105 prarasti skaud\u017eiau? Pinigus? O gal vis d\u0117lto meil\u0119?\",\"breadcrumb\":{\"@id\":\"https:\/\/skaitytaknyga.lt\/produktas\/losejas\/#breadcrumb\"},\"inLanguage\":\"en-GB\",\"potentialAction\":[{\"@type\":\"ReadAction\",\"target\":[\"https:\/\/skaitytaknyga.lt\/produktas\/losejas\/\"]}]},{\"@type\":\"ImageObject\",\"inLanguage\":\"en-GB\",\"@id\":\"https:\/\/skaitytaknyga.lt\/produktas\/losejas\/#primaryimage\",\"url\":\"https:\/\/skaitytaknyga.lt\/wp-content\/uploads\/2025\/10\/Losejas-1.webp\",\"contentUrl\":\"https:\/\/skaitytaknyga.lt\/wp-content\/uploads\/2025\/10\/Losejas-1.webp\",\"width\":300,\"height\":448},{\"@type\":\"BreadcrumbList\",\"@id\":\"https:\/\/skaitytaknyga.lt\/produktas\/losejas\/#breadcrumb\",\"itemListElement\":[{\"@type\":\"ListItem\",\"position\":1,\"name\":\"Home\",\"item\":\"https:\/\/skaitytaknyga.lt\/\"},{\"@type\":\"ListItem\",\"position\":2,\"name\":\"Parduotuv\u0117\",\"item\":\"https:\/\/skaitytaknyga.lt\/knygu-parduotuve\/\"},{\"@type\":\"ListItem\",\"position\":3,\"name\":\"Lo\u0161\u0117jas\"}]},{\"@type\":\"WebSite\",\"@id\":\"https:\/\/skaitytaknyga.lt\/#website\",\"url\":\"https:\/\/skaitytaknyga.lt\/\",\"name\":\"skaitytaknyga.lt\",\"description\":\"Skaitytaknyga.lt \u2013 tai ma\u017eas \u0161eimos verslas, kuris prasid\u0117jo nuo meil\u0117s knygoms ir siekio i\u0161gelb\u0117ti knygas nuo likimo prie konteinerio. Kas vienam nereikalingas daiktas \u2013 kitam lobis, o mes esame tarpininkai, kurie padeda abiems tapti laimingesniems ???? \u017dinome kaip nelengva i\u0161gyventi ma\u017eiems verslams, tad nuo \u0161iol, \u010dia rasite ir kit\u0173, ma\u017e\u0173 \u0161eim\u0173 versl\u0173, rank\u0173 darbo, dovan\u0173 sau ir artimiesiems.\",\"publisher\":{\"@id\":\"https:\/\/skaitytaknyga.lt\/#organization\"},\"potentialAction\":[{\"@type\":\"SearchAction\",\"target\":{\"@type\":\"EntryPoint\",\"urlTemplate\":\"https:\/\/skaitytaknyga.lt\/?s={search_term_string}\"},\"query-input\":{\"@type\":\"PropertyValueSpecification\",\"valueRequired\":true,\"valueName\":\"search_term_string\"}}],\"inLanguage\":\"en-GB\"},{\"@type\":\"Organization\",\"@id\":\"https:\/\/skaitytaknyga.lt\/#organization\",\"name\":\"skaitytaknyga.lt\",\"url\":\"https:\/\/skaitytaknyga.lt\/\",\"logo\":{\"@type\":\"ImageObject\",\"inLanguage\":\"en-GB\",\"@id\":\"https:\/\/skaitytaknyga.lt\/#\/schema\/logo\/image\/\",\"url\":\"https:\/\/skaitytaknyga.lt\/wp-content\/uploads\/2024\/05\/cropped-cropped-cropped-02_00843_jt3bggkj1j3HLc7SyY6rEUpg.jpeg\",\"contentUrl\":\"https:\/\/skaitytaknyga.lt\/wp-content\/uploads\/2024\/05\/cropped-cropped-cropped-02_00843_jt3bggkj1j3HLc7SyY6rEUpg.jpeg\",\"width\":1600,\"height\":1600,\"caption\":\"skaitytaknyga.lt\"},\"image\":{\"@id\":\"https:\/\/skaitytaknyga.lt\/#\/schema\/logo\/image\/\"},\"sameAs\":[\"https:\/\/www.facebook.com\/skaitytaknyga\/\"]}]}<\/script>\n<!-- \/ Yoast SEO plugin. -->","yoast_head_json":{"title":"Lo\u0161\u0117jas","description":"\u201eLO\u0160\u0116JAS\u201c \u2013 ypatingas Fiodoro Dostojevskio romanas, paremtas tikrais autoriaus gyvenimo \u012fvykiais! K\u0105 prarasti skaud\u017eiau? Pinigus? O gal vis d\u0117lto meil\u0119?","robots":{"index":"index","follow":"follow","max-snippet":"max-snippet:-1","max-image-preview":"max-image-preview:large","max-video-preview":"max-video-preview:-1"},"canonical":"https:\/\/skaitytaknyga.lt\/en\/produktas\/losejas\/","og_locale":"en_GB","og_type":"article","og_title":"[:lt]Lo\u0161\u0117jas[:] - Skaitytaknyga","og_description":"\u201eLO\u0160\u0116JAS\u201c \u2013 ypatingas Fiodoro Dostojevskio romanas, paremtas tikrais autoriaus gyvenimo \u012fvykiais! K\u0105 prarasti skaud\u017eiau? Pinigus? O gal vis d\u0117lto meil\u0119?","og_url":"https:\/\/skaitytaknyga.lt\/en\/produktas\/losejas\/","og_site_name":"Skaitytaknyga","article_publisher":"https:\/\/www.facebook.com\/skaitytaknyga\/","article_modified_time":"2025-10-30T12:50:50+00:00","og_image":[{"width":300,"height":448,"url":"https:\/\/skaitytaknyga.lt\/wp-content\/uploads\/2025\/10\/Losejas-1.webp","type":"image\/webp"}],"twitter_card":"summary_large_image","twitter_misc":{"Estimated reading time":"1 minute"},"schema":{"@context":"https:\/\/schema.org","@graph":[{"@type":"WebPage","@id":"https:\/\/skaitytaknyga.lt\/produktas\/losejas\/","url":"https:\/\/skaitytaknyga.lt\/produktas\/losejas\/","name":"Lo\u0161\u0117jas","isPartOf":{"@id":"https:\/\/skaitytaknyga.lt\/#website"},"primaryImageOfPage":{"@id":"https:\/\/skaitytaknyga.lt\/produktas\/losejas\/#primaryimage"},"image":{"@id":"https:\/\/skaitytaknyga.lt\/produktas\/losejas\/#primaryimage"},"thumbnailUrl":"https:\/\/skaitytaknyga.lt\/wp-content\/uploads\/2025\/10\/Losejas-1.webp","datePublished":"2025-10-30T12:22:35+00:00","dateModified":"2025-10-30T12:50:50+00:00","description":"\u201eLO\u0160\u0116JAS\u201c \u2013 ypatingas Fiodoro Dostojevskio romanas, paremtas tikrais autoriaus gyvenimo \u012fvykiais! K\u0105 prarasti skaud\u017eiau? Pinigus? O gal vis d\u0117lto meil\u0119?","breadcrumb":{"@id":"https:\/\/skaitytaknyga.lt\/produktas\/losejas\/#breadcrumb"},"inLanguage":"en-GB","potentialAction":[{"@type":"ReadAction","target":["https:\/\/skaitytaknyga.lt\/produktas\/losejas\/"]}]},{"@type":"ImageObject","inLanguage":"en-GB","@id":"https:\/\/skaitytaknyga.lt\/produktas\/losejas\/#primaryimage","url":"https:\/\/skaitytaknyga.lt\/wp-content\/uploads\/2025\/10\/Losejas-1.webp","contentUrl":"https:\/\/skaitytaknyga.lt\/wp-content\/uploads\/2025\/10\/Losejas-1.webp","width":300,"height":448},{"@type":"BreadcrumbList","@id":"https:\/\/skaitytaknyga.lt\/produktas\/losejas\/#breadcrumb","itemListElement":[{"@type":"ListItem","position":1,"name":"Home","item":"https:\/\/skaitytaknyga.lt\/"},{"@type":"ListItem","position":2,"name":"Parduotuv\u0117","item":"https:\/\/skaitytaknyga.lt\/knygu-parduotuve\/"},{"@type":"ListItem","position":3,"name":"Lo\u0161\u0117jas"}]},{"@type":"WebSite","@id":"https:\/\/skaitytaknyga.lt\/#website","url":"https:\/\/skaitytaknyga.lt\/","name":"skaitytaknyga.lt","description":"Skaitytaknyga.lt \u2013 tai ma\u017eas \u0161eimos verslas, kuris prasid\u0117jo nuo meil\u0117s knygoms ir siekio i\u0161gelb\u0117ti knygas nuo likimo prie konteinerio. Kas vienam nereikalingas daiktas \u2013 kitam lobis, o mes esame tarpininkai, kurie padeda abiems tapti laimingesniems ???? \u017dinome kaip nelengva i\u0161gyventi ma\u017eiems verslams, tad nuo \u0161iol, \u010dia rasite ir kit\u0173, ma\u017e\u0173 \u0161eim\u0173 versl\u0173, rank\u0173 darbo, dovan\u0173 sau ir artimiesiems.","publisher":{"@id":"https:\/\/skaitytaknyga.lt\/#organization"},"potentialAction":[{"@type":"SearchAction","target":{"@type":"EntryPoint","urlTemplate":"https:\/\/skaitytaknyga.lt\/?s={search_term_string}"},"query-input":{"@type":"PropertyValueSpecification","valueRequired":true,"valueName":"search_term_string"}}],"inLanguage":"en-GB"},{"@type":"Organization","@id":"https:\/\/skaitytaknyga.lt\/#organization","name":"skaitytaknyga.lt","url":"https:\/\/skaitytaknyga.lt\/","logo":{"@type":"ImageObject","inLanguage":"en-GB","@id":"https:\/\/skaitytaknyga.lt\/#\/schema\/logo\/image\/","url":"https:\/\/skaitytaknyga.lt\/wp-content\/uploads\/2024\/05\/cropped-cropped-cropped-02_00843_jt3bggkj1j3HLc7SyY6rEUpg.jpeg","contentUrl":"https:\/\/skaitytaknyga.lt\/wp-content\/uploads\/2024\/05\/cropped-cropped-cropped-02_00843_jt3bggkj1j3HLc7SyY6rEUpg.jpeg","width":1600,"height":1600,"caption":"skaitytaknyga.lt"},"image":{"@id":"https:\/\/skaitytaknyga.lt\/#\/schema\/logo\/image\/"},"sameAs":["https:\/\/www.facebook.com\/skaitytaknyga\/"]}]}},"_links":{"self":[{"href":"https:\/\/skaitytaknyga.lt\/en\/wp-json\/wp\/v2\/product\/21726","targetHints":{"allow":["GET"]}}],"collection":[{"href":"https:\/\/skaitytaknyga.lt\/en\/wp-json\/wp\/v2\/product"}],"about":[{"href":"https:\/\/skaitytaknyga.lt\/en\/wp-json\/wp\/v2\/types\/product"}],"replies":[{"embeddable":true,"href":"https:\/\/skaitytaknyga.lt\/en\/wp-json\/wp\/v2\/comments?post=21726"}],"wp:featuredmedia":[{"embeddable":true,"href":"https:\/\/skaitytaknyga.lt\/en\/wp-json\/wp\/v2\/media\/21731"}],"wp:attachment":[{"href":"https:\/\/skaitytaknyga.lt\/en\/wp-json\/wp\/v2\/media?parent=21726"}],"wp:term":[{"taxonomy":"product_brand","embeddable":true,"href":"https:\/\/skaitytaknyga.lt\/en\/wp-json\/wp\/v2\/product_brand?post=21726"},{"taxonomy":"product_cat","embeddable":true,"href":"https:\/\/skaitytaknyga.lt\/en\/wp-json\/wp\/v2\/product_cat?post=21726"},{"taxonomy":"product_tag","embeddable":true,"href":"https:\/\/skaitytaknyga.lt\/en\/wp-json\/wp\/v2\/product_tag?post=21726"}],"curies":[{"name":"wp","href":"https:\/\/api.w.org\/{rel}","templated":true}]}}