{"id":21716,"date":"2025-10-30T13:00:59","date_gmt":"2025-10-30T11:00:59","guid":{"rendered":"https:\/\/skaitytaknyga.lt\/?post_type=product&#038;p=21716"},"modified":"2025-10-30T14:50:50","modified_gmt":"2025-10-30T12:50:50","slug":"scenos-is-vedybinio-gyvenimo","status":"publish","type":"product","link":"https:\/\/skaitytaknyga.lt\/en\/produktas\/scenos-is-vedybinio-gyvenimo\/","title":{"rendered":"Scenos i\u0161 vedybinio gyvenimo"},"content":{"rendered":"<p>Skaitytojai Ingmar\u0105 Bergman\u0105 pa\u017e\u012fsta i\u0161 jo kino film\u0173 ir roman\u0173 (keturis yra i\u0161leidusi leidykla \u201eAlma littera\u201c: \u201eLaterna magica\u201c, \u201eIntym\u016bs pokalbiai\u201c, \u201eGeri ketinimai\u201c, \u201eNei\u0161tikimoji\u201c). \u0160eima, vedybinis gyvenimas, nei\u0161tikimyb\u0117, \u017emogaus ie\u0161kojimai ir bla\u0161kymasis \u2013 m\u0117gstamiausios autoriaus temos. I. Bergmanas per savo gyvenim\u0105 (g. 1918 m.) tur\u0117jo daug moter\u0173, kelis kartus ved\u0117 ir skyr\u0117si&#8230; Knygose, filmuose jis da\u017eniausiai vaizduoja savo ar artim\u0173j\u0173 i\u0161gyvenimus, stebindamas mus ypatingu talentu, atvirumu, \u017emoni\u0173 psichologijos i\u0161manymu.<\/p>\n<p>\u201eScenos i\u0161 vedybinio gyvenimo\u201c herojai \u2013 psichologas Johanas ir advokat\u0117 Marian\u0117. Jie jau de\u0161imt met\u0173 ved\u0119, augina dvi dukras. Abu \u2013 \u017emoni\u0173 tarpusavio santyki\u0173 specialistai, diplomuoti \u017emogaus siel\u0173 ekspertai. Tad kod\u0117l i\u0161yra toji darni j\u0173 \u0161eima? Kod\u0117l jie nebe\u012fstengia susikalb\u0117ti, skaudina vienas kit\u0105? O \u017eaizdoms u\u017egydyti jiems prireikia beveik tiek pat met\u0173, kiek jie gyveno santuokoj&#8230;<\/p>\n<p>Prab\u0117gus trisde\u0161im\u010diai met\u0173 po \u201eScen\u0173 i\u0161 vedybinio gyvenimo\u201c autorius sukuria \u201eSaraband\u0105\u201c \u2013 tie patys herojai, Johanas ir Marian\u0117, jau gerokai senstel\u0117j\u0119, abu seniai i\u0161siskyr\u0119, gyvenimo m\u0117tyti ir v\u0117tyti, v\u0117l susitinka&#8230;<\/p>\n","protected":false},"excerpt":{"rendered":"<p>Skaitytojai Ingmar\u0105 Bergman\u0105 pa\u017e\u012fsta i\u0161 jo kino film\u0173 ir roman\u0173 (keturis yra i\u0161leidusi leidykla \u201eAlma littera\u201c: \u201eLaterna magica\u201c, \u201eIntym\u016bs pokalbiai\u201c, \u201eGeri ketinimai\u201c, \u201eNei\u0161tikimoji\u201c). \u0160eima, vedybinis gyvenimas, nei\u0161tikimyb\u0117, \u017emogaus ie\u0161kojimai ir bla\u0161kymasis \u2013 m\u0117gstamiausios autoriaus temos. I. Bergmanas per savo gyvenim\u0105 (g. 1918 m.) tur\u0117jo daug moter\u0173, kelis kartus ved\u0117 ir skyr\u0117si&#8230; Knygose, filmuose jis da\u017eniausiai vaizduoja savo ar artim\u0173j\u0173 i\u0161gyvenimus, stebindamas mus ypatingu talentu, atvirumu, \u017emoni\u0173 psichologijos i\u0161manymu. \u201eScenos i\u0161 vedybinio gyvenimo\u201c herojai \u2013 psichologas Johanas ir advokat\u0117 Marian\u0117. Jie jau de\u0161imt met\u0173 ved\u0119, augina dvi dukras. Abu \u2013 \u017emoni\u0173 tarpusavio santyki\u0173 specialistai, diplomuoti \u017emogaus siel\u0173 ekspertai. Tad kod\u0117l i\u0161yra toji darni j\u0173 \u0161eima? Kod\u0117l jie nebe\u012fstengia susikalb\u0117ti, skaudina vienas kit\u0105? O \u017eaizdoms u\u017egydyti jiems prireikia beveik tiek pat met\u0173, kiek jie gyveno santuokoj&#8230; Prab\u0117gus trisde\u0161im\u010diai met\u0173 po \u201eScen\u0173 i\u0161 vedybinio gyvenimo\u201c autorius sukuria \u201eSaraband\u0105\u201c \u2013 tie patys herojai, Johanas ir Marian\u0117, jau gerokai senstel\u0117j\u0119, abu seniai i\u0161siskyr\u0119, gyvenimo m\u0117tyti ir v\u0117tyti, v\u0117l susitinka&#8230;<\/p>\n","protected":false},"featured_media":21721,"comment_status":"open","ping_status":"closed","template":"","meta":{"_acf_changed":false,"site-sidebar-layout":"default","site-content-layout":"","ast-site-content-layout":"default","site-content-style":"default","site-sidebar-style":"default","ast-global-header-display":"","ast-banner-title-visibility":"","ast-main-header-display":"","ast-hfb-above-header-display":"","ast-hfb-below-header-display":"","ast-hfb-mobile-header-display":"","site-post-title":"","ast-breadcrumbs-content":"","ast-featured-img":"","footer-sml-layout":"","ast-disable-related-posts":"","theme-transparent-header-meta":"","adv-header-id-meta":"","stick-header-meta":"","header-above-stick-meta":"","header-main-stick-meta":"","header-below-stick-meta":"","astra-migrate-meta-layouts":"default","ast-page-background-enabled":"default","ast-page-background-meta":{"desktop":{"background-color":"","background-image":"","background-repeat":"repeat","background-position":"center center","background-size":"auto","background-attachment":"scroll","background-type":"","background-media":"","overlay-type":"","overlay-color":"","overlay-opacity":"","overlay-gradient":""},"tablet":{"background-color":"","background-image":"","background-repeat":"repeat","background-position":"center center","background-size":"auto","background-attachment":"scroll","background-type":"","background-media":"","overlay-type":"","overlay-color":"","overlay-opacity":"","overlay-gradient":""},"mobile":{"background-color":"","background-image":"","background-repeat":"repeat","background-position":"center center","background-size":"auto","background-attachment":"scroll","background-type":"","background-media":"","overlay-type":"","overlay-color":"","overlay-opacity":"","overlay-gradient":""}},"ast-content-background-meta":{"desktop":{"background-color":"var(--ast-global-color-4)","background-image":"","background-repeat":"repeat","background-position":"center center","background-size":"auto","background-attachment":"scroll","background-type":"","background-media":"","overlay-type":"","overlay-color":"","overlay-opacity":"","overlay-gradient":""},"tablet":{"background-color":"var(--ast-global-color-4)","background-image":"","background-repeat":"repeat","background-position":"center center","background-size":"auto","background-attachment":"scroll","background-type":"","background-media":"","overlay-type":"","overlay-color":"","overlay-opacity":"","overlay-gradient":""},"mobile":{"background-color":"var(--ast-global-color-4)","background-image":"","background-repeat":"repeat","background-position":"center center","background-size":"auto","background-attachment":"scroll","background-type":"","background-media":"","overlay-type":"","overlay-color":"","overlay-opacity":"","overlay-gradient":""}}},"product_brand":[],"product_cat":[15],"product_tag":[],"class_list":{"0":"post-21716","1":"product","2":"type-product","3":"status-publish","4":"has-post-thumbnail","6":"product_cat-uncategorized","7":"desktop-align-left","8":"tablet-align-left","9":"mobile-align-left","11":"first","12":"instock","13":"shipping-taxable","14":"purchasable","15":"product-type-simple"},"acf":[],"yoast_head":"<!-- This site is optimized with the Yoast SEO plugin v27.0 - https:\/\/yoast.com\/product\/yoast-seo-wordpress\/ -->\n<title>Scenos i\u0161 vedybinio gyvenimo<\/title>\n<meta name=\"description\" content=\"Skaitytojai Ingmar\u0105 Bergman\u0105 pa\u017e\u012fsta i\u0161 jo kino film\u0173 ir roman\u0173 (keturis yra i\u0161leidusi leidykla \u201eAlma littera\u201c: \u201eLaterna magica\u201c, \u201eIntym\u016bs pokalbiai\u201c,\" \/>\n<meta name=\"robots\" content=\"index, follow, max-snippet:-1, max-image-preview:large, max-video-preview:-1\" \/>\n<link rel=\"canonical\" href=\"https:\/\/skaitytaknyga.lt\/en\/produktas\/scenos-is-vedybinio-gyvenimo\/\" \/>\n<meta property=\"og:locale\" content=\"en_GB\" \/>\n<meta property=\"og:locale:alternate\" content=\"lt_LT\" \/>\n<meta property=\"og:type\" content=\"article\" \/>\n<meta property=\"og:title\" content=\"Scenos i\u0161 vedybinio gyvenimo\" \/>\n<meta property=\"og:description\" content=\"Skaitytojai Ingmar\u0105 Bergman\u0105 pa\u017e\u012fsta i\u0161 jo kino film\u0173 ir roman\u0173 (keturis yra i\u0161leidusi leidykla \u201eAlma littera\u201c: \u201eLaterna magica\u201c, \u201eIntym\u016bs pokalbiai\u201c,\" \/>\n<meta property=\"og:url\" content=\"https:\/\/skaitytaknyga.lt\/en\/produktas\/scenos-is-vedybinio-gyvenimo\/\" \/>\n<meta property=\"og:site_name\" content=\"Skaitytaknyga\" \/>\n<meta property=\"article:publisher\" content=\"https:\/\/www.facebook.com\/skaitytaknyga\/\" \/>\n<meta property=\"article:modified_time\" content=\"2025-10-30T12:50:50+00:00\" \/>\n<meta property=\"og:image\" content=\"https:\/\/skaitytaknyga.lt\/wp-content\/uploads\/2025\/10\/Scenos-is-vedybinio-gyvenimo-1.webp\" \/>\n\t<meta property=\"og:image:width\" content=\"300\" \/>\n\t<meta property=\"og:image:height\" content=\"508\" \/>\n\t<meta property=\"og:image:type\" content=\"image\/webp\" \/>\n<meta name=\"twitter:card\" content=\"summary_large_image\" \/>\n<meta name=\"twitter:label1\" content=\"Estimated reading time\" \/>\n\t<meta name=\"twitter:data1\" content=\"1 minute\" \/>\n<script type=\"application\/ld+json\" class=\"yoast-schema-graph\">{\"@context\":\"https:\/\/schema.org\",\"@graph\":[{\"@type\":\"WebPage\",\"@id\":\"https:\/\/skaitytaknyga.lt\/produktas\/scenos-is-vedybinio-gyvenimo\/\",\"url\":\"https:\/\/skaitytaknyga.lt\/produktas\/scenos-is-vedybinio-gyvenimo\/\",\"name\":\"Scenos i\u0161 vedybinio gyvenimo\",\"isPartOf\":{\"@id\":\"https:\/\/skaitytaknyga.lt\/#website\"},\"primaryImageOfPage\":{\"@id\":\"https:\/\/skaitytaknyga.lt\/produktas\/scenos-is-vedybinio-gyvenimo\/#primaryimage\"},\"image\":{\"@id\":\"https:\/\/skaitytaknyga.lt\/produktas\/scenos-is-vedybinio-gyvenimo\/#primaryimage\"},\"thumbnailUrl\":\"https:\/\/skaitytaknyga.lt\/wp-content\/uploads\/2025\/10\/Scenos-is-vedybinio-gyvenimo-1.webp\",\"datePublished\":\"2025-10-30T11:00:59+00:00\",\"dateModified\":\"2025-10-30T12:50:50+00:00\",\"description\":\"Skaitytojai Ingmar\u0105 Bergman\u0105 pa\u017e\u012fsta i\u0161 jo kino film\u0173 ir roman\u0173 (keturis yra i\u0161leidusi leidykla \u201eAlma littera\u201c: \u201eLaterna magica\u201c, \u201eIntym\u016bs pokalbiai\u201c,\",\"breadcrumb\":{\"@id\":\"https:\/\/skaitytaknyga.lt\/produktas\/scenos-is-vedybinio-gyvenimo\/#breadcrumb\"},\"inLanguage\":\"en-GB\",\"potentialAction\":[{\"@type\":\"ReadAction\",\"target\":[\"https:\/\/skaitytaknyga.lt\/produktas\/scenos-is-vedybinio-gyvenimo\/\"]}]},{\"@type\":\"ImageObject\",\"inLanguage\":\"en-GB\",\"@id\":\"https:\/\/skaitytaknyga.lt\/produktas\/scenos-is-vedybinio-gyvenimo\/#primaryimage\",\"url\":\"https:\/\/skaitytaknyga.lt\/wp-content\/uploads\/2025\/10\/Scenos-is-vedybinio-gyvenimo-1.webp\",\"contentUrl\":\"https:\/\/skaitytaknyga.lt\/wp-content\/uploads\/2025\/10\/Scenos-is-vedybinio-gyvenimo-1.webp\",\"width\":300,\"height\":508},{\"@type\":\"BreadcrumbList\",\"@id\":\"https:\/\/skaitytaknyga.lt\/produktas\/scenos-is-vedybinio-gyvenimo\/#breadcrumb\",\"itemListElement\":[{\"@type\":\"ListItem\",\"position\":1,\"name\":\"Home\",\"item\":\"https:\/\/skaitytaknyga.lt\/\"},{\"@type\":\"ListItem\",\"position\":2,\"name\":\"Parduotuv\u0117\",\"item\":\"https:\/\/skaitytaknyga.lt\/knygu-parduotuve\/\"},{\"@type\":\"ListItem\",\"position\":3,\"name\":\"Scenos i\u0161 vedybinio gyvenimo\"}]},{\"@type\":\"WebSite\",\"@id\":\"https:\/\/skaitytaknyga.lt\/#website\",\"url\":\"https:\/\/skaitytaknyga.lt\/\",\"name\":\"skaitytaknyga.lt\",\"description\":\"Skaitytaknyga.lt \u2013 tai ma\u017eas \u0161eimos verslas, kuris prasid\u0117jo nuo meil\u0117s knygoms ir siekio i\u0161gelb\u0117ti knygas nuo likimo prie konteinerio. Kas vienam nereikalingas daiktas \u2013 kitam lobis, o mes esame tarpininkai, kurie padeda abiems tapti laimingesniems ???? \u017dinome kaip nelengva i\u0161gyventi ma\u017eiems verslams, tad nuo \u0161iol, \u010dia rasite ir kit\u0173, ma\u017e\u0173 \u0161eim\u0173 versl\u0173, rank\u0173 darbo, dovan\u0173 sau ir artimiesiems.\",\"publisher\":{\"@id\":\"https:\/\/skaitytaknyga.lt\/#organization\"},\"potentialAction\":[{\"@type\":\"SearchAction\",\"target\":{\"@type\":\"EntryPoint\",\"urlTemplate\":\"https:\/\/skaitytaknyga.lt\/?s={search_term_string}\"},\"query-input\":{\"@type\":\"PropertyValueSpecification\",\"valueRequired\":true,\"valueName\":\"search_term_string\"}}],\"inLanguage\":\"en-GB\"},{\"@type\":\"Organization\",\"@id\":\"https:\/\/skaitytaknyga.lt\/#organization\",\"name\":\"skaitytaknyga.lt\",\"url\":\"https:\/\/skaitytaknyga.lt\/\",\"logo\":{\"@type\":\"ImageObject\",\"inLanguage\":\"en-GB\",\"@id\":\"https:\/\/skaitytaknyga.lt\/#\/schema\/logo\/image\/\",\"url\":\"https:\/\/skaitytaknyga.lt\/wp-content\/uploads\/2024\/05\/cropped-cropped-cropped-02_00843_jt3bggkj1j3HLc7SyY6rEUpg.jpeg\",\"contentUrl\":\"https:\/\/skaitytaknyga.lt\/wp-content\/uploads\/2024\/05\/cropped-cropped-cropped-02_00843_jt3bggkj1j3HLc7SyY6rEUpg.jpeg\",\"width\":1600,\"height\":1600,\"caption\":\"skaitytaknyga.lt\"},\"image\":{\"@id\":\"https:\/\/skaitytaknyga.lt\/#\/schema\/logo\/image\/\"},\"sameAs\":[\"https:\/\/www.facebook.com\/skaitytaknyga\/\"]}]}<\/script>\n<!-- \/ Yoast SEO plugin. -->","yoast_head_json":{"title":"Scenos i\u0161 vedybinio gyvenimo","description":"Skaitytojai Ingmar\u0105 Bergman\u0105 pa\u017e\u012fsta i\u0161 jo kino film\u0173 ir roman\u0173 (keturis yra i\u0161leidusi leidykla \u201eAlma littera\u201c: \u201eLaterna magica\u201c, \u201eIntym\u016bs pokalbiai\u201c,","robots":{"index":"index","follow":"follow","max-snippet":"max-snippet:-1","max-image-preview":"max-image-preview:large","max-video-preview":"max-video-preview:-1"},"canonical":"https:\/\/skaitytaknyga.lt\/en\/produktas\/scenos-is-vedybinio-gyvenimo\/","og_locale":"en_GB","og_type":"article","og_title":"[:lt]Scenos i\u0161 vedybinio gyvenimo[:] - Skaitytaknyga","og_description":"Skaitytojai Ingmar\u0105 Bergman\u0105 pa\u017e\u012fsta i\u0161 jo kino film\u0173 ir roman\u0173 (keturis yra i\u0161leidusi leidykla \u201eAlma littera\u201c: \u201eLaterna magica\u201c, \u201eIntym\u016bs pokalbiai\u201c,","og_url":"https:\/\/skaitytaknyga.lt\/en\/produktas\/scenos-is-vedybinio-gyvenimo\/","og_site_name":"Skaitytaknyga","article_publisher":"https:\/\/www.facebook.com\/skaitytaknyga\/","article_modified_time":"2025-10-30T12:50:50+00:00","og_image":[{"width":300,"height":508,"url":"https:\/\/skaitytaknyga.lt\/wp-content\/uploads\/2025\/10\/Scenos-is-vedybinio-gyvenimo-1.webp","type":"image\/webp"}],"twitter_card":"summary_large_image","twitter_misc":{"Estimated reading time":"1 minute"},"schema":{"@context":"https:\/\/schema.org","@graph":[{"@type":"WebPage","@id":"https:\/\/skaitytaknyga.lt\/produktas\/scenos-is-vedybinio-gyvenimo\/","url":"https:\/\/skaitytaknyga.lt\/produktas\/scenos-is-vedybinio-gyvenimo\/","name":"Scenos i\u0161 vedybinio gyvenimo","isPartOf":{"@id":"https:\/\/skaitytaknyga.lt\/#website"},"primaryImageOfPage":{"@id":"https:\/\/skaitytaknyga.lt\/produktas\/scenos-is-vedybinio-gyvenimo\/#primaryimage"},"image":{"@id":"https:\/\/skaitytaknyga.lt\/produktas\/scenos-is-vedybinio-gyvenimo\/#primaryimage"},"thumbnailUrl":"https:\/\/skaitytaknyga.lt\/wp-content\/uploads\/2025\/10\/Scenos-is-vedybinio-gyvenimo-1.webp","datePublished":"2025-10-30T11:00:59+00:00","dateModified":"2025-10-30T12:50:50+00:00","description":"Skaitytojai Ingmar\u0105 Bergman\u0105 pa\u017e\u012fsta i\u0161 jo kino film\u0173 ir roman\u0173 (keturis yra i\u0161leidusi leidykla \u201eAlma littera\u201c: \u201eLaterna magica\u201c, \u201eIntym\u016bs pokalbiai\u201c,","breadcrumb":{"@id":"https:\/\/skaitytaknyga.lt\/produktas\/scenos-is-vedybinio-gyvenimo\/#breadcrumb"},"inLanguage":"en-GB","potentialAction":[{"@type":"ReadAction","target":["https:\/\/skaitytaknyga.lt\/produktas\/scenos-is-vedybinio-gyvenimo\/"]}]},{"@type":"ImageObject","inLanguage":"en-GB","@id":"https:\/\/skaitytaknyga.lt\/produktas\/scenos-is-vedybinio-gyvenimo\/#primaryimage","url":"https:\/\/skaitytaknyga.lt\/wp-content\/uploads\/2025\/10\/Scenos-is-vedybinio-gyvenimo-1.webp","contentUrl":"https:\/\/skaitytaknyga.lt\/wp-content\/uploads\/2025\/10\/Scenos-is-vedybinio-gyvenimo-1.webp","width":300,"height":508},{"@type":"BreadcrumbList","@id":"https:\/\/skaitytaknyga.lt\/produktas\/scenos-is-vedybinio-gyvenimo\/#breadcrumb","itemListElement":[{"@type":"ListItem","position":1,"name":"Home","item":"https:\/\/skaitytaknyga.lt\/"},{"@type":"ListItem","position":2,"name":"Parduotuv\u0117","item":"https:\/\/skaitytaknyga.lt\/knygu-parduotuve\/"},{"@type":"ListItem","position":3,"name":"Scenos i\u0161 vedybinio gyvenimo"}]},{"@type":"WebSite","@id":"https:\/\/skaitytaknyga.lt\/#website","url":"https:\/\/skaitytaknyga.lt\/","name":"skaitytaknyga.lt","description":"Skaitytaknyga.lt \u2013 tai ma\u017eas \u0161eimos verslas, kuris prasid\u0117jo nuo meil\u0117s knygoms ir siekio i\u0161gelb\u0117ti knygas nuo likimo prie konteinerio. Kas vienam nereikalingas daiktas \u2013 kitam lobis, o mes esame tarpininkai, kurie padeda abiems tapti laimingesniems ???? \u017dinome kaip nelengva i\u0161gyventi ma\u017eiems verslams, tad nuo \u0161iol, \u010dia rasite ir kit\u0173, ma\u017e\u0173 \u0161eim\u0173 versl\u0173, rank\u0173 darbo, dovan\u0173 sau ir artimiesiems.","publisher":{"@id":"https:\/\/skaitytaknyga.lt\/#organization"},"potentialAction":[{"@type":"SearchAction","target":{"@type":"EntryPoint","urlTemplate":"https:\/\/skaitytaknyga.lt\/?s={search_term_string}"},"query-input":{"@type":"PropertyValueSpecification","valueRequired":true,"valueName":"search_term_string"}}],"inLanguage":"en-GB"},{"@type":"Organization","@id":"https:\/\/skaitytaknyga.lt\/#organization","name":"skaitytaknyga.lt","url":"https:\/\/skaitytaknyga.lt\/","logo":{"@type":"ImageObject","inLanguage":"en-GB","@id":"https:\/\/skaitytaknyga.lt\/#\/schema\/logo\/image\/","url":"https:\/\/skaitytaknyga.lt\/wp-content\/uploads\/2024\/05\/cropped-cropped-cropped-02_00843_jt3bggkj1j3HLc7SyY6rEUpg.jpeg","contentUrl":"https:\/\/skaitytaknyga.lt\/wp-content\/uploads\/2024\/05\/cropped-cropped-cropped-02_00843_jt3bggkj1j3HLc7SyY6rEUpg.jpeg","width":1600,"height":1600,"caption":"skaitytaknyga.lt"},"image":{"@id":"https:\/\/skaitytaknyga.lt\/#\/schema\/logo\/image\/"},"sameAs":["https:\/\/www.facebook.com\/skaitytaknyga\/"]}]}},"_links":{"self":[{"href":"https:\/\/skaitytaknyga.lt\/en\/wp-json\/wp\/v2\/product\/21716","targetHints":{"allow":["GET"]}}],"collection":[{"href":"https:\/\/skaitytaknyga.lt\/en\/wp-json\/wp\/v2\/product"}],"about":[{"href":"https:\/\/skaitytaknyga.lt\/en\/wp-json\/wp\/v2\/types\/product"}],"replies":[{"embeddable":true,"href":"https:\/\/skaitytaknyga.lt\/en\/wp-json\/wp\/v2\/comments?post=21716"}],"wp:featuredmedia":[{"embeddable":true,"href":"https:\/\/skaitytaknyga.lt\/en\/wp-json\/wp\/v2\/media\/21721"}],"wp:attachment":[{"href":"https:\/\/skaitytaknyga.lt\/en\/wp-json\/wp\/v2\/media?parent=21716"}],"wp:term":[{"taxonomy":"product_brand","embeddable":true,"href":"https:\/\/skaitytaknyga.lt\/en\/wp-json\/wp\/v2\/product_brand?post=21716"},{"taxonomy":"product_cat","embeddable":true,"href":"https:\/\/skaitytaknyga.lt\/en\/wp-json\/wp\/v2\/product_cat?post=21716"},{"taxonomy":"product_tag","embeddable":true,"href":"https:\/\/skaitytaknyga.lt\/en\/wp-json\/wp\/v2\/product_tag?post=21716"}],"curies":[{"name":"wp","href":"https:\/\/api.w.org\/{rel}","templated":true}]}}