{"id":21703,"date":"2025-10-30T11:55:36","date_gmt":"2025-10-30T09:55:36","guid":{"rendered":"https:\/\/skaitytaknyga.lt\/?post_type=product&#038;p=21703"},"modified":"2025-10-30T14:50:41","modified_gmt":"2025-10-30T12:50:41","slug":"sazines-ugdymas","status":"publish","type":"product","link":"https:\/\/skaitytaknyga.lt\/en\/produktas\/sazines-ugdymas\/","title":{"rendered":"S\u0105\u017ein\u0117s ugdymas"},"content":{"rendered":"<p>Lynn Stout knyga \u201eS\u0105\u017ein\u0117s ugdymas\u201c mus moko, jog gyvenime ne viskas juoda, ir pateikia verting\u0173 \u012f\u017evalg\u0173, kaip pl\u0117toti \u0161viesiuosius visuomen\u0117s gyvenimo aspektus. Vienas j\u0173 susij\u0119s su \u012fstatym\u0173 leidyba: ji turi sudaryti s\u0105lygas skleistis gerosioms \u017emoni\u0173 savyb\u0117ms. Kita vertus, teismai savo sprendimuose turi pateikti s\u0105\u017einingo, socialiai reik\u0161mingo elgesio modelius.<\/p>\n<p>\u0160i knyga tur\u0117t\u0173 sudominti ne tik dabartin\u012f Lietuvos politikos ir teis\u0117s elit\u0105, bet ir vis\u0173 pirma jaun\u0105j\u0105 kart\u0105, kurios atstovai netruks taps \u012fstatym\u0173 leid\u0117jais, teis\u0117jais, prokurorais ir pan. Ji skatina pakeisti ir Lietuvos teis\u0117s doktrin\u0105 \u2013 nuo teisini\u0173 i\u0161ved\u017eiojim\u0173 pereiti prie empirini\u0173 teisin\u0117s praktikos tyrim\u0173. Galiausiai \u0161i knyga tur\u0117t\u0173 paskatinti tiriam\u0105j\u0105 \u017eurnalistik\u0105 analizuoti, kaip vienas ar kitas konkretus teis\u0117s aktas, teismo sprendimas veikia \u017emoni\u0173 elges\u012f.<\/p>\n","protected":false},"excerpt":{"rendered":"<p>Lynn Stout knyga \u201eS\u0105\u017ein\u0117s ugdymas\u201c mus moko, jog gyvenime ne viskas juoda, ir pateikia verting\u0173 \u012f\u017evalg\u0173, kaip pl\u0117toti \u0161viesiuosius visuomen\u0117s gyvenimo aspektus. Vienas j\u0173 susij\u0119s su \u012fstatym\u0173 leidyba: ji turi sudaryti s\u0105lygas skleistis gerosioms \u017emoni\u0173 savyb\u0117ms. Kita vertus, teismai savo sprendimuose turi pateikti s\u0105\u017einingo, socialiai reik\u0161mingo elgesio modelius. \u0160i knyga tur\u0117t\u0173 sudominti ne tik dabartin\u012f Lietuvos politikos ir teis\u0117s elit\u0105, bet ir vis\u0173 pirma jaun\u0105j\u0105 kart\u0105, kurios atstovai netruks taps \u012fstatym\u0173 leid\u0117jais, teis\u0117jais, prokurorais ir pan. Ji skatina pakeisti ir Lietuvos teis\u0117s doktrin\u0105 \u2013 nuo teisini\u0173 i\u0161ved\u017eiojim\u0173 pereiti prie empirini\u0173 teisin\u0117s praktikos tyrim\u0173. Galiausiai \u0161i knyga tur\u0117t\u0173 paskatinti tiriam\u0105j\u0105 \u017eurnalistik\u0105 analizuoti, kaip vienas ar kitas konkretus teis\u0117s aktas, teismo sprendimas veikia \u017emoni\u0173 elges\u012f.<\/p>\n","protected":false},"featured_media":21708,"comment_status":"open","ping_status":"closed","template":"","meta":{"_acf_changed":false,"site-sidebar-layout":"default","site-content-layout":"","ast-site-content-layout":"default","site-content-style":"default","site-sidebar-style":"default","ast-global-header-display":"","ast-banner-title-visibility":"","ast-main-header-display":"","ast-hfb-above-header-display":"","ast-hfb-below-header-display":"","ast-hfb-mobile-header-display":"","site-post-title":"","ast-breadcrumbs-content":"","ast-featured-img":"","footer-sml-layout":"","ast-disable-related-posts":"","theme-transparent-header-meta":"","adv-header-id-meta":"","stick-header-meta":"","header-above-stick-meta":"","header-main-stick-meta":"","header-below-stick-meta":"","astra-migrate-meta-layouts":"default","ast-page-background-enabled":"default","ast-page-background-meta":{"desktop":{"background-color":"","background-image":"","background-repeat":"repeat","background-position":"center center","background-size":"auto","background-attachment":"scroll","background-type":"","background-media":"","overlay-type":"","overlay-color":"","overlay-opacity":"","overlay-gradient":""},"tablet":{"background-color":"","background-image":"","background-repeat":"repeat","background-position":"center center","background-size":"auto","background-attachment":"scroll","background-type":"","background-media":"","overlay-type":"","overlay-color":"","overlay-opacity":"","overlay-gradient":""},"mobile":{"background-color":"","background-image":"","background-repeat":"repeat","background-position":"center center","background-size":"auto","background-attachment":"scroll","background-type":"","background-media":"","overlay-type":"","overlay-color":"","overlay-opacity":"","overlay-gradient":""}},"ast-content-background-meta":{"desktop":{"background-color":"var(--ast-global-color-4)","background-image":"","background-repeat":"repeat","background-position":"center center","background-size":"auto","background-attachment":"scroll","background-type":"","background-media":"","overlay-type":"","overlay-color":"","overlay-opacity":"","overlay-gradient":""},"tablet":{"background-color":"var(--ast-global-color-4)","background-image":"","background-repeat":"repeat","background-position":"center center","background-size":"auto","background-attachment":"scroll","background-type":"","background-media":"","overlay-type":"","overlay-color":"","overlay-opacity":"","overlay-gradient":""},"mobile":{"background-color":"var(--ast-global-color-4)","background-image":"","background-repeat":"repeat","background-position":"center center","background-size":"auto","background-attachment":"scroll","background-type":"","background-media":"","overlay-type":"","overlay-color":"","overlay-opacity":"","overlay-gradient":""}}},"product_brand":[],"product_cat":[15],"product_tag":[],"class_list":{"0":"post-21703","1":"product","2":"type-product","3":"status-publish","4":"has-post-thumbnail","6":"product_cat-uncategorized","7":"desktop-align-left","8":"tablet-align-left","9":"mobile-align-left","11":"first","12":"instock","13":"shipping-taxable","14":"purchasable","15":"product-type-simple"},"acf":[],"yoast_head":"<!-- This site is optimized with the Yoast SEO plugin v27.0 - https:\/\/yoast.com\/product\/yoast-seo-wordpress\/ -->\n<title>S\u0105\u017ein\u0117s ugdymas<\/title>\n<meta name=\"description\" content=\"Lynn Stout knyga \u201eS\u0105\u017ein\u0117s ugdymas\u201c mus moko, jog gyvenime ne viskas juoda, ir pateikia verting\u0173 \u012f\u017evalg\u0173, kaip pl\u0117toti \u0161viesiuosius visuomen\u0117s gyvenimo\" \/>\n<meta name=\"robots\" content=\"index, follow, max-snippet:-1, max-image-preview:large, max-video-preview:-1\" \/>\n<link rel=\"canonical\" href=\"https:\/\/skaitytaknyga.lt\/en\/produktas\/sazines-ugdymas\/\" \/>\n<meta property=\"og:locale\" content=\"en_GB\" \/>\n<meta property=\"og:locale:alternate\" content=\"lt_LT\" \/>\n<meta property=\"og:type\" content=\"article\" \/>\n<meta property=\"og:title\" content=\"S\u0105\u017ein\u0117s ugdymas\" \/>\n<meta property=\"og:description\" content=\"Lynn Stout knyga \u201eS\u0105\u017ein\u0117s ugdymas\u201c mus moko, jog gyvenime ne viskas juoda, ir pateikia verting\u0173 \u012f\u017evalg\u0173, kaip pl\u0117toti \u0161viesiuosius visuomen\u0117s gyvenimo\" \/>\n<meta property=\"og:url\" content=\"https:\/\/skaitytaknyga.lt\/en\/produktas\/sazines-ugdymas\/\" \/>\n<meta property=\"og:site_name\" content=\"Skaitytaknyga\" \/>\n<meta property=\"article:publisher\" content=\"https:\/\/www.facebook.com\/skaitytaknyga\/\" \/>\n<meta property=\"article:modified_time\" content=\"2025-10-30T12:50:41+00:00\" \/>\n<meta property=\"og:image\" content=\"https:\/\/skaitytaknyga.lt\/wp-content\/uploads\/2025\/10\/Sazines-ugdymas-1.webp\" \/>\n\t<meta property=\"og:image:width\" content=\"300\" \/>\n\t<meta property=\"og:image:height\" content=\"482\" \/>\n\t<meta property=\"og:image:type\" content=\"image\/webp\" \/>\n<meta name=\"twitter:card\" content=\"summary_large_image\" \/>\n<meta name=\"twitter:label1\" content=\"Estimated reading time\" \/>\n\t<meta name=\"twitter:data1\" content=\"1 minute\" \/>\n<script type=\"application\/ld+json\" class=\"yoast-schema-graph\">{\"@context\":\"https:\/\/schema.org\",\"@graph\":[{\"@type\":\"WebPage\",\"@id\":\"https:\/\/skaitytaknyga.lt\/produktas\/sazines-ugdymas\/\",\"url\":\"https:\/\/skaitytaknyga.lt\/produktas\/sazines-ugdymas\/\",\"name\":\"S\u0105\u017ein\u0117s ugdymas\",\"isPartOf\":{\"@id\":\"https:\/\/skaitytaknyga.lt\/#website\"},\"primaryImageOfPage\":{\"@id\":\"https:\/\/skaitytaknyga.lt\/produktas\/sazines-ugdymas\/#primaryimage\"},\"image\":{\"@id\":\"https:\/\/skaitytaknyga.lt\/produktas\/sazines-ugdymas\/#primaryimage\"},\"thumbnailUrl\":\"https:\/\/skaitytaknyga.lt\/wp-content\/uploads\/2025\/10\/Sazines-ugdymas-1.webp\",\"datePublished\":\"2025-10-30T09:55:36+00:00\",\"dateModified\":\"2025-10-30T12:50:41+00:00\",\"description\":\"Lynn Stout knyga \u201eS\u0105\u017ein\u0117s ugdymas\u201c mus moko, jog gyvenime ne viskas juoda, ir pateikia verting\u0173 \u012f\u017evalg\u0173, kaip pl\u0117toti \u0161viesiuosius visuomen\u0117s gyvenimo\",\"breadcrumb\":{\"@id\":\"https:\/\/skaitytaknyga.lt\/produktas\/sazines-ugdymas\/#breadcrumb\"},\"inLanguage\":\"en-GB\",\"potentialAction\":[{\"@type\":\"ReadAction\",\"target\":[\"https:\/\/skaitytaknyga.lt\/produktas\/sazines-ugdymas\/\"]}]},{\"@type\":\"ImageObject\",\"inLanguage\":\"en-GB\",\"@id\":\"https:\/\/skaitytaknyga.lt\/produktas\/sazines-ugdymas\/#primaryimage\",\"url\":\"https:\/\/skaitytaknyga.lt\/wp-content\/uploads\/2025\/10\/Sazines-ugdymas-1.webp\",\"contentUrl\":\"https:\/\/skaitytaknyga.lt\/wp-content\/uploads\/2025\/10\/Sazines-ugdymas-1.webp\",\"width\":300,\"height\":482,\"caption\":\"S\u0105\u017ein\u0117s ugdymas\"},{\"@type\":\"BreadcrumbList\",\"@id\":\"https:\/\/skaitytaknyga.lt\/produktas\/sazines-ugdymas\/#breadcrumb\",\"itemListElement\":[{\"@type\":\"ListItem\",\"position\":1,\"name\":\"Home\",\"item\":\"https:\/\/skaitytaknyga.lt\/\"},{\"@type\":\"ListItem\",\"position\":2,\"name\":\"Parduotuv\u0117\",\"item\":\"https:\/\/skaitytaknyga.lt\/knygu-parduotuve\/\"},{\"@type\":\"ListItem\",\"position\":3,\"name\":\"S\u0105\u017ein\u0117s ugdymas\"}]},{\"@type\":\"WebSite\",\"@id\":\"https:\/\/skaitytaknyga.lt\/#website\",\"url\":\"https:\/\/skaitytaknyga.lt\/\",\"name\":\"skaitytaknyga.lt\",\"description\":\"Skaitytaknyga.lt \u2013 tai ma\u017eas \u0161eimos verslas, kuris prasid\u0117jo nuo meil\u0117s knygoms ir siekio i\u0161gelb\u0117ti knygas nuo likimo prie konteinerio. Kas vienam nereikalingas daiktas \u2013 kitam lobis, o mes esame tarpininkai, kurie padeda abiems tapti laimingesniems ???? \u017dinome kaip nelengva i\u0161gyventi ma\u017eiems verslams, tad nuo \u0161iol, \u010dia rasite ir kit\u0173, ma\u017e\u0173 \u0161eim\u0173 versl\u0173, rank\u0173 darbo, dovan\u0173 sau ir artimiesiems.\",\"publisher\":{\"@id\":\"https:\/\/skaitytaknyga.lt\/#organization\"},\"potentialAction\":[{\"@type\":\"SearchAction\",\"target\":{\"@type\":\"EntryPoint\",\"urlTemplate\":\"https:\/\/skaitytaknyga.lt\/?s={search_term_string}\"},\"query-input\":{\"@type\":\"PropertyValueSpecification\",\"valueRequired\":true,\"valueName\":\"search_term_string\"}}],\"inLanguage\":\"en-GB\"},{\"@type\":\"Organization\",\"@id\":\"https:\/\/skaitytaknyga.lt\/#organization\",\"name\":\"skaitytaknyga.lt\",\"url\":\"https:\/\/skaitytaknyga.lt\/\",\"logo\":{\"@type\":\"ImageObject\",\"inLanguage\":\"en-GB\",\"@id\":\"https:\/\/skaitytaknyga.lt\/#\/schema\/logo\/image\/\",\"url\":\"https:\/\/skaitytaknyga.lt\/wp-content\/uploads\/2024\/05\/cropped-cropped-cropped-02_00843_jt3bggkj1j3HLc7SyY6rEUpg.jpeg\",\"contentUrl\":\"https:\/\/skaitytaknyga.lt\/wp-content\/uploads\/2024\/05\/cropped-cropped-cropped-02_00843_jt3bggkj1j3HLc7SyY6rEUpg.jpeg\",\"width\":1600,\"height\":1600,\"caption\":\"skaitytaknyga.lt\"},\"image\":{\"@id\":\"https:\/\/skaitytaknyga.lt\/#\/schema\/logo\/image\/\"},\"sameAs\":[\"https:\/\/www.facebook.com\/skaitytaknyga\/\"]}]}<\/script>\n<!-- \/ Yoast SEO plugin. -->","yoast_head_json":{"title":"S\u0105\u017ein\u0117s ugdymas","description":"Lynn Stout knyga \u201eS\u0105\u017ein\u0117s ugdymas\u201c mus moko, jog gyvenime ne viskas juoda, ir pateikia verting\u0173 \u012f\u017evalg\u0173, kaip pl\u0117toti \u0161viesiuosius visuomen\u0117s gyvenimo","robots":{"index":"index","follow":"follow","max-snippet":"max-snippet:-1","max-image-preview":"max-image-preview:large","max-video-preview":"max-video-preview:-1"},"canonical":"https:\/\/skaitytaknyga.lt\/en\/produktas\/sazines-ugdymas\/","og_locale":"en_GB","og_type":"article","og_title":"[:lt]S\u0105\u017ein\u0117s ugdymas[:] - Skaitytaknyga","og_description":"Lynn Stout knyga \u201eS\u0105\u017ein\u0117s ugdymas\u201c mus moko, jog gyvenime ne viskas juoda, ir pateikia verting\u0173 \u012f\u017evalg\u0173, kaip pl\u0117toti \u0161viesiuosius visuomen\u0117s gyvenimo","og_url":"https:\/\/skaitytaknyga.lt\/en\/produktas\/sazines-ugdymas\/","og_site_name":"Skaitytaknyga","article_publisher":"https:\/\/www.facebook.com\/skaitytaknyga\/","article_modified_time":"2025-10-30T12:50:41+00:00","og_image":[{"width":300,"height":482,"url":"https:\/\/skaitytaknyga.lt\/wp-content\/uploads\/2025\/10\/Sazines-ugdymas-1.webp","type":"image\/webp"}],"twitter_card":"summary_large_image","twitter_misc":{"Estimated reading time":"1 minute"},"schema":{"@context":"https:\/\/schema.org","@graph":[{"@type":"WebPage","@id":"https:\/\/skaitytaknyga.lt\/produktas\/sazines-ugdymas\/","url":"https:\/\/skaitytaknyga.lt\/produktas\/sazines-ugdymas\/","name":"S\u0105\u017ein\u0117s ugdymas","isPartOf":{"@id":"https:\/\/skaitytaknyga.lt\/#website"},"primaryImageOfPage":{"@id":"https:\/\/skaitytaknyga.lt\/produktas\/sazines-ugdymas\/#primaryimage"},"image":{"@id":"https:\/\/skaitytaknyga.lt\/produktas\/sazines-ugdymas\/#primaryimage"},"thumbnailUrl":"https:\/\/skaitytaknyga.lt\/wp-content\/uploads\/2025\/10\/Sazines-ugdymas-1.webp","datePublished":"2025-10-30T09:55:36+00:00","dateModified":"2025-10-30T12:50:41+00:00","description":"Lynn Stout knyga \u201eS\u0105\u017ein\u0117s ugdymas\u201c mus moko, jog gyvenime ne viskas juoda, ir pateikia verting\u0173 \u012f\u017evalg\u0173, kaip pl\u0117toti \u0161viesiuosius visuomen\u0117s gyvenimo","breadcrumb":{"@id":"https:\/\/skaitytaknyga.lt\/produktas\/sazines-ugdymas\/#breadcrumb"},"inLanguage":"en-GB","potentialAction":[{"@type":"ReadAction","target":["https:\/\/skaitytaknyga.lt\/produktas\/sazines-ugdymas\/"]}]},{"@type":"ImageObject","inLanguage":"en-GB","@id":"https:\/\/skaitytaknyga.lt\/produktas\/sazines-ugdymas\/#primaryimage","url":"https:\/\/skaitytaknyga.lt\/wp-content\/uploads\/2025\/10\/Sazines-ugdymas-1.webp","contentUrl":"https:\/\/skaitytaknyga.lt\/wp-content\/uploads\/2025\/10\/Sazines-ugdymas-1.webp","width":300,"height":482,"caption":"S\u0105\u017ein\u0117s ugdymas"},{"@type":"BreadcrumbList","@id":"https:\/\/skaitytaknyga.lt\/produktas\/sazines-ugdymas\/#breadcrumb","itemListElement":[{"@type":"ListItem","position":1,"name":"Home","item":"https:\/\/skaitytaknyga.lt\/"},{"@type":"ListItem","position":2,"name":"Parduotuv\u0117","item":"https:\/\/skaitytaknyga.lt\/knygu-parduotuve\/"},{"@type":"ListItem","position":3,"name":"S\u0105\u017ein\u0117s ugdymas"}]},{"@type":"WebSite","@id":"https:\/\/skaitytaknyga.lt\/#website","url":"https:\/\/skaitytaknyga.lt\/","name":"skaitytaknyga.lt","description":"Skaitytaknyga.lt \u2013 tai ma\u017eas \u0161eimos verslas, kuris prasid\u0117jo nuo meil\u0117s knygoms ir siekio i\u0161gelb\u0117ti knygas nuo likimo prie konteinerio. Kas vienam nereikalingas daiktas \u2013 kitam lobis, o mes esame tarpininkai, kurie padeda abiems tapti laimingesniems ???? \u017dinome kaip nelengva i\u0161gyventi ma\u017eiems verslams, tad nuo \u0161iol, \u010dia rasite ir kit\u0173, ma\u017e\u0173 \u0161eim\u0173 versl\u0173, rank\u0173 darbo, dovan\u0173 sau ir artimiesiems.","publisher":{"@id":"https:\/\/skaitytaknyga.lt\/#organization"},"potentialAction":[{"@type":"SearchAction","target":{"@type":"EntryPoint","urlTemplate":"https:\/\/skaitytaknyga.lt\/?s={search_term_string}"},"query-input":{"@type":"PropertyValueSpecification","valueRequired":true,"valueName":"search_term_string"}}],"inLanguage":"en-GB"},{"@type":"Organization","@id":"https:\/\/skaitytaknyga.lt\/#organization","name":"skaitytaknyga.lt","url":"https:\/\/skaitytaknyga.lt\/","logo":{"@type":"ImageObject","inLanguage":"en-GB","@id":"https:\/\/skaitytaknyga.lt\/#\/schema\/logo\/image\/","url":"https:\/\/skaitytaknyga.lt\/wp-content\/uploads\/2024\/05\/cropped-cropped-cropped-02_00843_jt3bggkj1j3HLc7SyY6rEUpg.jpeg","contentUrl":"https:\/\/skaitytaknyga.lt\/wp-content\/uploads\/2024\/05\/cropped-cropped-cropped-02_00843_jt3bggkj1j3HLc7SyY6rEUpg.jpeg","width":1600,"height":1600,"caption":"skaitytaknyga.lt"},"image":{"@id":"https:\/\/skaitytaknyga.lt\/#\/schema\/logo\/image\/"},"sameAs":["https:\/\/www.facebook.com\/skaitytaknyga\/"]}]}},"_links":{"self":[{"href":"https:\/\/skaitytaknyga.lt\/en\/wp-json\/wp\/v2\/product\/21703","targetHints":{"allow":["GET"]}}],"collection":[{"href":"https:\/\/skaitytaknyga.lt\/en\/wp-json\/wp\/v2\/product"}],"about":[{"href":"https:\/\/skaitytaknyga.lt\/en\/wp-json\/wp\/v2\/types\/product"}],"replies":[{"embeddable":true,"href":"https:\/\/skaitytaknyga.lt\/en\/wp-json\/wp\/v2\/comments?post=21703"}],"wp:featuredmedia":[{"embeddable":true,"href":"https:\/\/skaitytaknyga.lt\/en\/wp-json\/wp\/v2\/media\/21708"}],"wp:attachment":[{"href":"https:\/\/skaitytaknyga.lt\/en\/wp-json\/wp\/v2\/media?parent=21703"}],"wp:term":[{"taxonomy":"product_brand","embeddable":true,"href":"https:\/\/skaitytaknyga.lt\/en\/wp-json\/wp\/v2\/product_brand?post=21703"},{"taxonomy":"product_cat","embeddable":true,"href":"https:\/\/skaitytaknyga.lt\/en\/wp-json\/wp\/v2\/product_cat?post=21703"},{"taxonomy":"product_tag","embeddable":true,"href":"https:\/\/skaitytaknyga.lt\/en\/wp-json\/wp\/v2\/product_tag?post=21703"}],"curies":[{"name":"wp","href":"https:\/\/api.w.org\/{rel}","templated":true}]}}