{"id":21702,"date":"2025-10-30T11:55:35","date_gmt":"2025-10-30T09:55:35","guid":{"rendered":"https:\/\/skaitytaknyga.lt\/?post_type=product&#038;p=21702"},"modified":"2025-10-30T14:50:41","modified_gmt":"2025-10-30T12:50:41","slug":"zmogus-masina","status":"publish","type":"product","link":"https:\/\/skaitytaknyga.lt\/en\/produktas\/zmogus-masina\/","title":{"rendered":"\u017dmogus ma\u0161ina"},"content":{"rendered":"<p>Nauj\u0173j\u0173 laik\u0173 filosofija i\u0161k\u0117l\u0117 problem\u0105, jog gamtos mokslai turi ai\u0161kinti ir pat\u012f \u017emog\u0173. Atskleisti \u017emoguje vie\u0161pataujan\u010dius gamtos d\u0117snius buvo vienas i\u0161 svarbiausi\u0173 to meto mokslo ir filosofijos u\u017edavini\u0173. Tad garsaus to meto pranc\u016bz\u0173 mokslininko, filosofo ir ateisto Julien Offray de La Mettrie (1709\u20131751) teiginys, jog visatoje egzistuoja tik materiali substancija ir \u017emogus yra tobuliausia jo dalis \u2013 buvo laikme\u010dio i\u0161keltas u\u017edavinys, suk\u016br\u0119s atitinkamas prielaidas jam spr\u0119sti. Garsiausiame savo veikale \u201e\u017dmogus-ma\u0161ina\u201c materializmo atstovas Julien Offray de La Mettrie (\u017diuljenas Ofre de Lametri) neig\u0117 sielos ir k\u016bno dualizm\u0105, pristat\u0117 \u017emogaus, veikian\u010dio kaip fizinis mechanizmas, metafor\u0105.<\/p>\n<p>K\u016brinyje d\u0117stomos id\u0117jos \u0161i\u0173 dien\u0173 filosofin\u0117s minties kontekste gali atrodyti pasenusios ar net naivios. Ir vis d\u0117lto J. O. de La Mettrie pateikta \u017emogaus-ma\u0161inos id\u0117ja i\u0161lieka \u012fdomi savo marginalumu.<\/p>\n","protected":false},"excerpt":{"rendered":"<p>Nauj\u0173j\u0173 laik\u0173 filosofija i\u0161k\u0117l\u0117 problem\u0105, jog gamtos mokslai turi ai\u0161kinti ir pat\u012f \u017emog\u0173. Atskleisti \u017emoguje vie\u0161pataujan\u010dius gamtos d\u0117snius buvo vienas i\u0161 svarbiausi\u0173 to meto mokslo ir filosofijos u\u017edavini\u0173. Tad garsaus to meto pranc\u016bz\u0173 mokslininko, filosofo ir ateisto Julien Offray de La Mettrie (1709\u20131751) teiginys, jog visatoje egzistuoja tik materiali substancija ir \u017emogus yra tobuliausia jo dalis \u2013 buvo laikme\u010dio i\u0161keltas u\u017edavinys, suk\u016br\u0119s atitinkamas prielaidas jam spr\u0119sti. Garsiausiame savo veikale \u201e\u017dmogus-ma\u0161ina\u201c materializmo atstovas Julien Offray de La Mettrie (\u017diuljenas Ofre de Lametri) neig\u0117 sielos ir k\u016bno dualizm\u0105, pristat\u0117 \u017emogaus, veikian\u010dio kaip fizinis mechanizmas, metafor\u0105. K\u016brinyje d\u0117stomos id\u0117jos \u0161i\u0173 dien\u0173 filosofin\u0117s minties kontekste gali atrodyti pasenusios ar net naivios. Ir vis d\u0117lto J. O. de La Mettrie pateikta \u017emogaus-ma\u0161inos id\u0117ja i\u0161lieka \u012fdomi savo marginalumu.<\/p>\n","protected":false},"featured_media":21707,"comment_status":"open","ping_status":"closed","template":"","meta":{"_acf_changed":false,"site-sidebar-layout":"default","site-content-layout":"","ast-site-content-layout":"default","site-content-style":"default","site-sidebar-style":"default","ast-global-header-display":"","ast-banner-title-visibility":"","ast-main-header-display":"","ast-hfb-above-header-display":"","ast-hfb-below-header-display":"","ast-hfb-mobile-header-display":"","site-post-title":"","ast-breadcrumbs-content":"","ast-featured-img":"","footer-sml-layout":"","ast-disable-related-posts":"","theme-transparent-header-meta":"","adv-header-id-meta":"","stick-header-meta":"","header-above-stick-meta":"","header-main-stick-meta":"","header-below-stick-meta":"","astra-migrate-meta-layouts":"default","ast-page-background-enabled":"default","ast-page-background-meta":{"desktop":{"background-color":"","background-image":"","background-repeat":"repeat","background-position":"center center","background-size":"auto","background-attachment":"scroll","background-type":"","background-media":"","overlay-type":"","overlay-color":"","overlay-opacity":"","overlay-gradient":""},"tablet":{"background-color":"","background-image":"","background-repeat":"repeat","background-position":"center center","background-size":"auto","background-attachment":"scroll","background-type":"","background-media":"","overlay-type":"","overlay-color":"","overlay-opacity":"","overlay-gradient":""},"mobile":{"background-color":"","background-image":"","background-repeat":"repeat","background-position":"center center","background-size":"auto","background-attachment":"scroll","background-type":"","background-media":"","overlay-type":"","overlay-color":"","overlay-opacity":"","overlay-gradient":""}},"ast-content-background-meta":{"desktop":{"background-color":"var(--ast-global-color-4)","background-image":"","background-repeat":"repeat","background-position":"center center","background-size":"auto","background-attachment":"scroll","background-type":"","background-media":"","overlay-type":"","overlay-color":"","overlay-opacity":"","overlay-gradient":""},"tablet":{"background-color":"var(--ast-global-color-4)","background-image":"","background-repeat":"repeat","background-position":"center center","background-size":"auto","background-attachment":"scroll","background-type":"","background-media":"","overlay-type":"","overlay-color":"","overlay-opacity":"","overlay-gradient":""},"mobile":{"background-color":"var(--ast-global-color-4)","background-image":"","background-repeat":"repeat","background-position":"center center","background-size":"auto","background-attachment":"scroll","background-type":"","background-media":"","overlay-type":"","overlay-color":"","overlay-opacity":"","overlay-gradient":""}}},"product_brand":[],"product_cat":[15],"product_tag":[],"class_list":{"0":"post-21702","1":"product","2":"type-product","3":"status-publish","4":"has-post-thumbnail","6":"product_cat-uncategorized","7":"desktop-align-left","8":"tablet-align-left","9":"mobile-align-left","11":"first","12":"instock","13":"shipping-taxable","14":"purchasable","15":"product-type-simple"},"acf":[],"yoast_head":"<!-- This site is optimized with the Yoast SEO plugin v27.0 - https:\/\/yoast.com\/product\/yoast-seo-wordpress\/ -->\n<title>\u017dmogus ma\u0161ina<\/title>\n<meta name=\"description\" content=\"Nauj\u0173j\u0173 laik\u0173 filosofija i\u0161k\u0117l\u0117 problem\u0105, jog gamtos mokslai turi ai\u0161kinti ir pat\u012f \u017emog\u0173. Atskleisti \u017emoguje vie\u0161pataujan\u010dius gamtos d\u0117snius buvo vienas\" \/>\n<meta name=\"robots\" content=\"index, follow, max-snippet:-1, max-image-preview:large, max-video-preview:-1\" \/>\n<link rel=\"canonical\" href=\"https:\/\/skaitytaknyga.lt\/en\/produktas\/zmogus-masina\/\" \/>\n<meta property=\"og:locale\" content=\"en_GB\" \/>\n<meta property=\"og:locale:alternate\" content=\"lt_LT\" \/>\n<meta property=\"og:type\" content=\"article\" \/>\n<meta property=\"og:title\" content=\"\u017dmogus ma\u0161ina\" \/>\n<meta property=\"og:description\" content=\"Nauj\u0173j\u0173 laik\u0173 filosofija i\u0161k\u0117l\u0117 problem\u0105, jog gamtos mokslai turi ai\u0161kinti ir pat\u012f \u017emog\u0173. Atskleisti \u017emoguje vie\u0161pataujan\u010dius gamtos d\u0117snius buvo vienas\" \/>\n<meta property=\"og:url\" content=\"https:\/\/skaitytaknyga.lt\/en\/produktas\/zmogus-masina\/\" \/>\n<meta property=\"og:site_name\" content=\"Skaitytaknyga\" \/>\n<meta property=\"article:publisher\" content=\"https:\/\/www.facebook.com\/skaitytaknyga\/\" \/>\n<meta property=\"article:modified_time\" content=\"2025-10-30T12:50:41+00:00\" \/>\n<meta property=\"og:image\" content=\"https:\/\/skaitytaknyga.lt\/wp-content\/uploads\/2025\/10\/Zmogus-masina-1.webp\" \/>\n\t<meta property=\"og:image:width\" content=\"300\" \/>\n\t<meta property=\"og:image:height\" content=\"473\" \/>\n\t<meta property=\"og:image:type\" content=\"image\/webp\" \/>\n<meta name=\"twitter:card\" content=\"summary_large_image\" \/>\n<meta name=\"twitter:label1\" content=\"Estimated reading time\" \/>\n\t<meta name=\"twitter:data1\" content=\"1 minute\" \/>\n<script type=\"application\/ld+json\" class=\"yoast-schema-graph\">{\"@context\":\"https:\/\/schema.org\",\"@graph\":[{\"@type\":\"WebPage\",\"@id\":\"https:\/\/skaitytaknyga.lt\/produktas\/zmogus-masina\/\",\"url\":\"https:\/\/skaitytaknyga.lt\/produktas\/zmogus-masina\/\",\"name\":\"\u017dmogus ma\u0161ina\",\"isPartOf\":{\"@id\":\"https:\/\/skaitytaknyga.lt\/#website\"},\"primaryImageOfPage\":{\"@id\":\"https:\/\/skaitytaknyga.lt\/produktas\/zmogus-masina\/#primaryimage\"},\"image\":{\"@id\":\"https:\/\/skaitytaknyga.lt\/produktas\/zmogus-masina\/#primaryimage\"},\"thumbnailUrl\":\"https:\/\/skaitytaknyga.lt\/wp-content\/uploads\/2025\/10\/Zmogus-masina-1.webp\",\"datePublished\":\"2025-10-30T09:55:35+00:00\",\"dateModified\":\"2025-10-30T12:50:41+00:00\",\"description\":\"Nauj\u0173j\u0173 laik\u0173 filosofija i\u0161k\u0117l\u0117 problem\u0105, jog gamtos mokslai turi ai\u0161kinti ir pat\u012f \u017emog\u0173. Atskleisti \u017emoguje vie\u0161pataujan\u010dius gamtos d\u0117snius buvo vienas\",\"breadcrumb\":{\"@id\":\"https:\/\/skaitytaknyga.lt\/produktas\/zmogus-masina\/#breadcrumb\"},\"inLanguage\":\"en-GB\",\"potentialAction\":[{\"@type\":\"ReadAction\",\"target\":[\"https:\/\/skaitytaknyga.lt\/produktas\/zmogus-masina\/\"]}]},{\"@type\":\"ImageObject\",\"inLanguage\":\"en-GB\",\"@id\":\"https:\/\/skaitytaknyga.lt\/produktas\/zmogus-masina\/#primaryimage\",\"url\":\"https:\/\/skaitytaknyga.lt\/wp-content\/uploads\/2025\/10\/Zmogus-masina-1.webp\",\"contentUrl\":\"https:\/\/skaitytaknyga.lt\/wp-content\/uploads\/2025\/10\/Zmogus-masina-1.webp\",\"width\":300,\"height\":473,\"caption\":\"\u017dmogus ma\u0161ina\"},{\"@type\":\"BreadcrumbList\",\"@id\":\"https:\/\/skaitytaknyga.lt\/produktas\/zmogus-masina\/#breadcrumb\",\"itemListElement\":[{\"@type\":\"ListItem\",\"position\":1,\"name\":\"Home\",\"item\":\"https:\/\/skaitytaknyga.lt\/\"},{\"@type\":\"ListItem\",\"position\":2,\"name\":\"Parduotuv\u0117\",\"item\":\"https:\/\/skaitytaknyga.lt\/knygu-parduotuve\/\"},{\"@type\":\"ListItem\",\"position\":3,\"name\":\"\u017dmogus ma\u0161ina\"}]},{\"@type\":\"WebSite\",\"@id\":\"https:\/\/skaitytaknyga.lt\/#website\",\"url\":\"https:\/\/skaitytaknyga.lt\/\",\"name\":\"skaitytaknyga.lt\",\"description\":\"Skaitytaknyga.lt \u2013 tai ma\u017eas \u0161eimos verslas, kuris prasid\u0117jo nuo meil\u0117s knygoms ir siekio i\u0161gelb\u0117ti knygas nuo likimo prie konteinerio. Kas vienam nereikalingas daiktas \u2013 kitam lobis, o mes esame tarpininkai, kurie padeda abiems tapti laimingesniems ???? \u017dinome kaip nelengva i\u0161gyventi ma\u017eiems verslams, tad nuo \u0161iol, \u010dia rasite ir kit\u0173, ma\u017e\u0173 \u0161eim\u0173 versl\u0173, rank\u0173 darbo, dovan\u0173 sau ir artimiesiems.\",\"publisher\":{\"@id\":\"https:\/\/skaitytaknyga.lt\/#organization\"},\"potentialAction\":[{\"@type\":\"SearchAction\",\"target\":{\"@type\":\"EntryPoint\",\"urlTemplate\":\"https:\/\/skaitytaknyga.lt\/?s={search_term_string}\"},\"query-input\":{\"@type\":\"PropertyValueSpecification\",\"valueRequired\":true,\"valueName\":\"search_term_string\"}}],\"inLanguage\":\"en-GB\"},{\"@type\":\"Organization\",\"@id\":\"https:\/\/skaitytaknyga.lt\/#organization\",\"name\":\"skaitytaknyga.lt\",\"url\":\"https:\/\/skaitytaknyga.lt\/\",\"logo\":{\"@type\":\"ImageObject\",\"inLanguage\":\"en-GB\",\"@id\":\"https:\/\/skaitytaknyga.lt\/#\/schema\/logo\/image\/\",\"url\":\"https:\/\/skaitytaknyga.lt\/wp-content\/uploads\/2024\/05\/cropped-cropped-cropped-02_00843_jt3bggkj1j3HLc7SyY6rEUpg.jpeg\",\"contentUrl\":\"https:\/\/skaitytaknyga.lt\/wp-content\/uploads\/2024\/05\/cropped-cropped-cropped-02_00843_jt3bggkj1j3HLc7SyY6rEUpg.jpeg\",\"width\":1600,\"height\":1600,\"caption\":\"skaitytaknyga.lt\"},\"image\":{\"@id\":\"https:\/\/skaitytaknyga.lt\/#\/schema\/logo\/image\/\"},\"sameAs\":[\"https:\/\/www.facebook.com\/skaitytaknyga\/\"]}]}<\/script>\n<!-- \/ Yoast SEO plugin. -->","yoast_head_json":{"title":"\u017dmogus ma\u0161ina","description":"Nauj\u0173j\u0173 laik\u0173 filosofija i\u0161k\u0117l\u0117 problem\u0105, jog gamtos mokslai turi ai\u0161kinti ir pat\u012f \u017emog\u0173. Atskleisti \u017emoguje vie\u0161pataujan\u010dius gamtos d\u0117snius buvo vienas","robots":{"index":"index","follow":"follow","max-snippet":"max-snippet:-1","max-image-preview":"max-image-preview:large","max-video-preview":"max-video-preview:-1"},"canonical":"https:\/\/skaitytaknyga.lt\/en\/produktas\/zmogus-masina\/","og_locale":"en_GB","og_type":"article","og_title":"[:lt]\u017dmogus ma\u0161ina[:] - Skaitytaknyga","og_description":"Nauj\u0173j\u0173 laik\u0173 filosofija i\u0161k\u0117l\u0117 problem\u0105, jog gamtos mokslai turi ai\u0161kinti ir pat\u012f \u017emog\u0173. Atskleisti \u017emoguje vie\u0161pataujan\u010dius gamtos d\u0117snius buvo vienas","og_url":"https:\/\/skaitytaknyga.lt\/en\/produktas\/zmogus-masina\/","og_site_name":"Skaitytaknyga","article_publisher":"https:\/\/www.facebook.com\/skaitytaknyga\/","article_modified_time":"2025-10-30T12:50:41+00:00","og_image":[{"width":300,"height":473,"url":"https:\/\/skaitytaknyga.lt\/wp-content\/uploads\/2025\/10\/Zmogus-masina-1.webp","type":"image\/webp"}],"twitter_card":"summary_large_image","twitter_misc":{"Estimated reading time":"1 minute"},"schema":{"@context":"https:\/\/schema.org","@graph":[{"@type":"WebPage","@id":"https:\/\/skaitytaknyga.lt\/produktas\/zmogus-masina\/","url":"https:\/\/skaitytaknyga.lt\/produktas\/zmogus-masina\/","name":"\u017dmogus ma\u0161ina","isPartOf":{"@id":"https:\/\/skaitytaknyga.lt\/#website"},"primaryImageOfPage":{"@id":"https:\/\/skaitytaknyga.lt\/produktas\/zmogus-masina\/#primaryimage"},"image":{"@id":"https:\/\/skaitytaknyga.lt\/produktas\/zmogus-masina\/#primaryimage"},"thumbnailUrl":"https:\/\/skaitytaknyga.lt\/wp-content\/uploads\/2025\/10\/Zmogus-masina-1.webp","datePublished":"2025-10-30T09:55:35+00:00","dateModified":"2025-10-30T12:50:41+00:00","description":"Nauj\u0173j\u0173 laik\u0173 filosofija i\u0161k\u0117l\u0117 problem\u0105, jog gamtos mokslai turi ai\u0161kinti ir pat\u012f \u017emog\u0173. Atskleisti \u017emoguje vie\u0161pataujan\u010dius gamtos d\u0117snius buvo vienas","breadcrumb":{"@id":"https:\/\/skaitytaknyga.lt\/produktas\/zmogus-masina\/#breadcrumb"},"inLanguage":"en-GB","potentialAction":[{"@type":"ReadAction","target":["https:\/\/skaitytaknyga.lt\/produktas\/zmogus-masina\/"]}]},{"@type":"ImageObject","inLanguage":"en-GB","@id":"https:\/\/skaitytaknyga.lt\/produktas\/zmogus-masina\/#primaryimage","url":"https:\/\/skaitytaknyga.lt\/wp-content\/uploads\/2025\/10\/Zmogus-masina-1.webp","contentUrl":"https:\/\/skaitytaknyga.lt\/wp-content\/uploads\/2025\/10\/Zmogus-masina-1.webp","width":300,"height":473,"caption":"\u017dmogus ma\u0161ina"},{"@type":"BreadcrumbList","@id":"https:\/\/skaitytaknyga.lt\/produktas\/zmogus-masina\/#breadcrumb","itemListElement":[{"@type":"ListItem","position":1,"name":"Home","item":"https:\/\/skaitytaknyga.lt\/"},{"@type":"ListItem","position":2,"name":"Parduotuv\u0117","item":"https:\/\/skaitytaknyga.lt\/knygu-parduotuve\/"},{"@type":"ListItem","position":3,"name":"\u017dmogus ma\u0161ina"}]},{"@type":"WebSite","@id":"https:\/\/skaitytaknyga.lt\/#website","url":"https:\/\/skaitytaknyga.lt\/","name":"skaitytaknyga.lt","description":"Skaitytaknyga.lt \u2013 tai ma\u017eas \u0161eimos verslas, kuris prasid\u0117jo nuo meil\u0117s knygoms ir siekio i\u0161gelb\u0117ti knygas nuo likimo prie konteinerio. Kas vienam nereikalingas daiktas \u2013 kitam lobis, o mes esame tarpininkai, kurie padeda abiems tapti laimingesniems ???? \u017dinome kaip nelengva i\u0161gyventi ma\u017eiems verslams, tad nuo \u0161iol, \u010dia rasite ir kit\u0173, ma\u017e\u0173 \u0161eim\u0173 versl\u0173, rank\u0173 darbo, dovan\u0173 sau ir artimiesiems.","publisher":{"@id":"https:\/\/skaitytaknyga.lt\/#organization"},"potentialAction":[{"@type":"SearchAction","target":{"@type":"EntryPoint","urlTemplate":"https:\/\/skaitytaknyga.lt\/?s={search_term_string}"},"query-input":{"@type":"PropertyValueSpecification","valueRequired":true,"valueName":"search_term_string"}}],"inLanguage":"en-GB"},{"@type":"Organization","@id":"https:\/\/skaitytaknyga.lt\/#organization","name":"skaitytaknyga.lt","url":"https:\/\/skaitytaknyga.lt\/","logo":{"@type":"ImageObject","inLanguage":"en-GB","@id":"https:\/\/skaitytaknyga.lt\/#\/schema\/logo\/image\/","url":"https:\/\/skaitytaknyga.lt\/wp-content\/uploads\/2024\/05\/cropped-cropped-cropped-02_00843_jt3bggkj1j3HLc7SyY6rEUpg.jpeg","contentUrl":"https:\/\/skaitytaknyga.lt\/wp-content\/uploads\/2024\/05\/cropped-cropped-cropped-02_00843_jt3bggkj1j3HLc7SyY6rEUpg.jpeg","width":1600,"height":1600,"caption":"skaitytaknyga.lt"},"image":{"@id":"https:\/\/skaitytaknyga.lt\/#\/schema\/logo\/image\/"},"sameAs":["https:\/\/www.facebook.com\/skaitytaknyga\/"]}]}},"_links":{"self":[{"href":"https:\/\/skaitytaknyga.lt\/en\/wp-json\/wp\/v2\/product\/21702","targetHints":{"allow":["GET"]}}],"collection":[{"href":"https:\/\/skaitytaknyga.lt\/en\/wp-json\/wp\/v2\/product"}],"about":[{"href":"https:\/\/skaitytaknyga.lt\/en\/wp-json\/wp\/v2\/types\/product"}],"replies":[{"embeddable":true,"href":"https:\/\/skaitytaknyga.lt\/en\/wp-json\/wp\/v2\/comments?post=21702"}],"wp:featuredmedia":[{"embeddable":true,"href":"https:\/\/skaitytaknyga.lt\/en\/wp-json\/wp\/v2\/media\/21707"}],"wp:attachment":[{"href":"https:\/\/skaitytaknyga.lt\/en\/wp-json\/wp\/v2\/media?parent=21702"}],"wp:term":[{"taxonomy":"product_brand","embeddable":true,"href":"https:\/\/skaitytaknyga.lt\/en\/wp-json\/wp\/v2\/product_brand?post=21702"},{"taxonomy":"product_cat","embeddable":true,"href":"https:\/\/skaitytaknyga.lt\/en\/wp-json\/wp\/v2\/product_cat?post=21702"},{"taxonomy":"product_tag","embeddable":true,"href":"https:\/\/skaitytaknyga.lt\/en\/wp-json\/wp\/v2\/product_tag?post=21702"}],"curies":[{"name":"wp","href":"https:\/\/api.w.org\/{rel}","templated":true}]}}