{"id":21693,"date":"2025-10-30T11:47:27","date_gmt":"2025-10-30T09:47:27","guid":{"rendered":"https:\/\/skaitytaknyga.lt\/?post_type=product&#038;p=21693"},"modified":"2025-10-30T14:50:41","modified_gmt":"2025-10-30T12:50:41","slug":"romualdas-granauskas-duonos-valgytojai-jaucio-aukojimas-gyvenimas-po-klevu","status":"publish","type":"product","link":"https:\/\/skaitytaknyga.lt\/en\/produktas\/romualdas-granauskas-duonos-valgytojai-jaucio-aukojimas-gyvenimas-po-klevu\/","title":{"rendered":"Romualdas Granauskas. Duonos valgytojai. Jau\u010dio aukojimas. Gyvenimas po klevu"},"content":{"rendered":"<p>\u0160i knygel\u0117 \u2013 antroji i\u0161 serijos \u201e\u012e pagalb\u0105 mokiniui (pirmoji \u2013 A. Vai\u010diulai\u010dio \u201eValentina\u201c). Ji skirta vyresni\u0173j\u0173 klasi\u0173 moksleiviams, studentams, mokytojams ir visiems, kurie domisi lietuvi\u0173 literat\u016bra.<\/p>\n<p>\u0160ioje mokymo priemon\u0117je nagrin\u0117jami Romualdo Granausko k\u016briniai: apsakymas \u201eDuonos valgytojai\u201c, apysakos \u201eJau\u010dio aukojimas\u201c ir \u201eGyvenimas po klevu\u201c.<\/p>\n<p>K\u016briniai pateikti netrumpinti. J\u0173 komentarai duoti net tik kiekvienos apysakos ar apsakymo prad\u017eioje ir pabaigoje, bet ir po kiekvieno skyriaus ar svarbiausio epizodo. Nurodytos taiklios, talpios, ry\u0161kios detal\u0117s, metaforiniai vaizdai, peiza\u017e\u0173 spalv\u0173 reik\u0161m\u0117s. Atskleid\u017eiamas v\u0117ik\u0117j\u0173 jausm\u0173 ir i\u0161gyvenim\u0173 pasaulis, \u017emogaus ir gamtos s\u0105sajos, autoriaus ra\u0161ymo maniera, pateikiami apibendrinimai.<\/p>\n","protected":false},"excerpt":{"rendered":"<p>\u0160i knygel\u0117 \u2013 antroji i\u0161 serijos \u201e\u012e pagalb\u0105 mokiniui (pirmoji \u2013 A. Vai\u010diulai\u010dio \u201eValentina\u201c). Ji skirta vyresni\u0173j\u0173 klasi\u0173 moksleiviams, studentams, mokytojams ir visiems, kurie domisi lietuvi\u0173 literat\u016bra. \u0160ioje mokymo priemon\u0117je nagrin\u0117jami Romualdo Granausko k\u016briniai: apsakymas \u201eDuonos valgytojai\u201c, apysakos \u201eJau\u010dio aukojimas\u201c ir \u201eGyvenimas po klevu\u201c. K\u016briniai pateikti netrumpinti. J\u0173 komentarai duoti net tik kiekvienos apysakos ar apsakymo prad\u017eioje ir pabaigoje, bet ir po kiekvieno skyriaus ar svarbiausio epizodo. Nurodytos taiklios, talpios, ry\u0161kios detal\u0117s, metaforiniai vaizdai, peiza\u017e\u0173 spalv\u0173 reik\u0161m\u0117s. Atskleid\u017eiamas v\u0117ik\u0117j\u0173 jausm\u0173 ir i\u0161gyvenim\u0173 pasaulis, \u017emogaus ir gamtos s\u0105sajos, autoriaus ra\u0161ymo maniera, pateikiami apibendrinimai.<\/p>\n","protected":false},"featured_media":21698,"comment_status":"open","ping_status":"closed","template":"","meta":{"_acf_changed":false,"site-sidebar-layout":"default","site-content-layout":"","ast-site-content-layout":"default","site-content-style":"default","site-sidebar-style":"default","ast-global-header-display":"","ast-banner-title-visibility":"","ast-main-header-display":"","ast-hfb-above-header-display":"","ast-hfb-below-header-display":"","ast-hfb-mobile-header-display":"","site-post-title":"","ast-breadcrumbs-content":"","ast-featured-img":"","footer-sml-layout":"","ast-disable-related-posts":"","theme-transparent-header-meta":"","adv-header-id-meta":"","stick-header-meta":"","header-above-stick-meta":"","header-main-stick-meta":"","header-below-stick-meta":"","astra-migrate-meta-layouts":"default","ast-page-background-enabled":"default","ast-page-background-meta":{"desktop":{"background-color":"","background-image":"","background-repeat":"repeat","background-position":"center center","background-size":"auto","background-attachment":"scroll","background-type":"","background-media":"","overlay-type":"","overlay-color":"","overlay-opacity":"","overlay-gradient":""},"tablet":{"background-color":"","background-image":"","background-repeat":"repeat","background-position":"center center","background-size":"auto","background-attachment":"scroll","background-type":"","background-media":"","overlay-type":"","overlay-color":"","overlay-opacity":"","overlay-gradient":""},"mobile":{"background-color":"","background-image":"","background-repeat":"repeat","background-position":"center center","background-size":"auto","background-attachment":"scroll","background-type":"","background-media":"","overlay-type":"","overlay-color":"","overlay-opacity":"","overlay-gradient":""}},"ast-content-background-meta":{"desktop":{"background-color":"var(--ast-global-color-4)","background-image":"","background-repeat":"repeat","background-position":"center center","background-size":"auto","background-attachment":"scroll","background-type":"","background-media":"","overlay-type":"","overlay-color":"","overlay-opacity":"","overlay-gradient":""},"tablet":{"background-color":"var(--ast-global-color-4)","background-image":"","background-repeat":"repeat","background-position":"center center","background-size":"auto","background-attachment":"scroll","background-type":"","background-media":"","overlay-type":"","overlay-color":"","overlay-opacity":"","overlay-gradient":""},"mobile":{"background-color":"var(--ast-global-color-4)","background-image":"","background-repeat":"repeat","background-position":"center center","background-size":"auto","background-attachment":"scroll","background-type":"","background-media":"","overlay-type":"","overlay-color":"","overlay-opacity":"","overlay-gradient":""}}},"product_brand":[],"product_cat":[15],"product_tag":[],"class_list":{"0":"post-21693","1":"product","2":"type-product","3":"status-publish","4":"has-post-thumbnail","6":"product_cat-uncategorized","7":"desktop-align-left","8":"tablet-align-left","9":"mobile-align-left","11":"first","12":"instock","13":"shipping-taxable","14":"purchasable","15":"product-type-simple"},"acf":[],"yoast_head":"<!-- This site is optimized with the Yoast SEO plugin v27.0 - https:\/\/yoast.com\/product\/yoast-seo-wordpress\/ -->\n<title>Romualdas Granauskas. Duonos valgytojai. Jau\u010dio aukojimas. Gyvenimas po klevu<\/title>\n<meta name=\"description\" content=\"\u0160i knygel\u0117 \u2013 antroji i\u0161 serijos \u201e\u012e pagalb\u0105 mokiniui (pirmoji \u2013 A. Vai\u010diulai\u010dio \u201eValentina\u201c). Ji skirta vyresni\u0173j\u0173 klasi\u0173 moksleiviams, studentams,\" \/>\n<meta name=\"robots\" content=\"index, follow, max-snippet:-1, max-image-preview:large, max-video-preview:-1\" \/>\n<link rel=\"canonical\" href=\"https:\/\/skaitytaknyga.lt\/en\/produktas\/romualdas-granauskas-duonos-valgytojai-jaucio-aukojimas-gyvenimas-po-klevu\/\" \/>\n<meta property=\"og:locale\" content=\"en_GB\" \/>\n<meta property=\"og:locale:alternate\" content=\"lt_LT\" \/>\n<meta property=\"og:type\" content=\"article\" \/>\n<meta property=\"og:title\" content=\"Romualdas Granauskas. Duonos valgytojai. Jau\u010dio aukojimas. Gyvenimas po klevu\" \/>\n<meta property=\"og:description\" content=\"\u0160i knygel\u0117 \u2013 antroji i\u0161 serijos \u201e\u012e pagalb\u0105 mokiniui (pirmoji \u2013 A. Vai\u010diulai\u010dio \u201eValentina\u201c). Ji skirta vyresni\u0173j\u0173 klasi\u0173 moksleiviams, studentams,\" \/>\n<meta property=\"og:url\" content=\"https:\/\/skaitytaknyga.lt\/en\/produktas\/romualdas-granauskas-duonos-valgytojai-jaucio-aukojimas-gyvenimas-po-klevu\/\" \/>\n<meta property=\"og:site_name\" content=\"Skaitytaknyga\" \/>\n<meta property=\"article:publisher\" content=\"https:\/\/www.facebook.com\/skaitytaknyga\/\" \/>\n<meta property=\"article:modified_time\" content=\"2025-10-30T12:50:41+00:00\" \/>\n<meta property=\"og:image\" content=\"https:\/\/skaitytaknyga.lt\/wp-content\/uploads\/2025\/10\/Romualdas-Granauskas.-Duonos-valgytojai.-Jaucio-aukojimas.-Gyvenimas-po-klevu-1.webp\" \/>\n\t<meta property=\"og:image:width\" content=\"300\" \/>\n\t<meta property=\"og:image:height\" content=\"478\" \/>\n\t<meta property=\"og:image:type\" content=\"image\/webp\" \/>\n<meta name=\"twitter:card\" content=\"summary_large_image\" \/>\n<meta name=\"twitter:label1\" content=\"Estimated reading time\" \/>\n\t<meta name=\"twitter:data1\" content=\"1 minute\" \/>\n<script type=\"application\/ld+json\" class=\"yoast-schema-graph\">{\"@context\":\"https:\/\/schema.org\",\"@graph\":[{\"@type\":\"WebPage\",\"@id\":\"https:\/\/skaitytaknyga.lt\/produktas\/romualdas-granauskas-duonos-valgytojai-jaucio-aukojimas-gyvenimas-po-klevu\/\",\"url\":\"https:\/\/skaitytaknyga.lt\/produktas\/romualdas-granauskas-duonos-valgytojai-jaucio-aukojimas-gyvenimas-po-klevu\/\",\"name\":\"Romualdas Granauskas. Duonos valgytojai. Jau\u010dio aukojimas. Gyvenimas po klevu\",\"isPartOf\":{\"@id\":\"https:\/\/skaitytaknyga.lt\/#website\"},\"primaryImageOfPage\":{\"@id\":\"https:\/\/skaitytaknyga.lt\/produktas\/romualdas-granauskas-duonos-valgytojai-jaucio-aukojimas-gyvenimas-po-klevu\/#primaryimage\"},\"image\":{\"@id\":\"https:\/\/skaitytaknyga.lt\/produktas\/romualdas-granauskas-duonos-valgytojai-jaucio-aukojimas-gyvenimas-po-klevu\/#primaryimage\"},\"thumbnailUrl\":\"https:\/\/skaitytaknyga.lt\/wp-content\/uploads\/2025\/10\/Romualdas-Granauskas.-Duonos-valgytojai.-Jaucio-aukojimas.-Gyvenimas-po-klevu-1.webp\",\"datePublished\":\"2025-10-30T09:47:27+00:00\",\"dateModified\":\"2025-10-30T12:50:41+00:00\",\"description\":\"\u0160i knygel\u0117 \u2013 antroji i\u0161 serijos \u201e\u012e pagalb\u0105 mokiniui (pirmoji \u2013 A. Vai\u010diulai\u010dio \u201eValentina\u201c). Ji skirta vyresni\u0173j\u0173 klasi\u0173 moksleiviams, studentams,\",\"breadcrumb\":{\"@id\":\"https:\/\/skaitytaknyga.lt\/produktas\/romualdas-granauskas-duonos-valgytojai-jaucio-aukojimas-gyvenimas-po-klevu\/#breadcrumb\"},\"inLanguage\":\"en-GB\",\"potentialAction\":[{\"@type\":\"ReadAction\",\"target\":[\"https:\/\/skaitytaknyga.lt\/produktas\/romualdas-granauskas-duonos-valgytojai-jaucio-aukojimas-gyvenimas-po-klevu\/\"]}]},{\"@type\":\"ImageObject\",\"inLanguage\":\"en-GB\",\"@id\":\"https:\/\/skaitytaknyga.lt\/produktas\/romualdas-granauskas-duonos-valgytojai-jaucio-aukojimas-gyvenimas-po-klevu\/#primaryimage\",\"url\":\"https:\/\/skaitytaknyga.lt\/wp-content\/uploads\/2025\/10\/Romualdas-Granauskas.-Duonos-valgytojai.-Jaucio-aukojimas.-Gyvenimas-po-klevu-1.webp\",\"contentUrl\":\"https:\/\/skaitytaknyga.lt\/wp-content\/uploads\/2025\/10\/Romualdas-Granauskas.-Duonos-valgytojai.-Jaucio-aukojimas.-Gyvenimas-po-klevu-1.webp\",\"width\":300,\"height\":478,\"caption\":\"Romualdas Granauskas. Duonos valgytojai. Jau\u010dio aukojimas. Gyvenimas po klevu\"},{\"@type\":\"BreadcrumbList\",\"@id\":\"https:\/\/skaitytaknyga.lt\/produktas\/romualdas-granauskas-duonos-valgytojai-jaucio-aukojimas-gyvenimas-po-klevu\/#breadcrumb\",\"itemListElement\":[{\"@type\":\"ListItem\",\"position\":1,\"name\":\"Home\",\"item\":\"https:\/\/skaitytaknyga.lt\/\"},{\"@type\":\"ListItem\",\"position\":2,\"name\":\"Parduotuv\u0117\",\"item\":\"https:\/\/skaitytaknyga.lt\/knygu-parduotuve\/\"},{\"@type\":\"ListItem\",\"position\":3,\"name\":\"Romualdas Granauskas. Duonos valgytojai. Jau\u010dio aukojimas. Gyvenimas po klevu\"}]},{\"@type\":\"WebSite\",\"@id\":\"https:\/\/skaitytaknyga.lt\/#website\",\"url\":\"https:\/\/skaitytaknyga.lt\/\",\"name\":\"skaitytaknyga.lt\",\"description\":\"Skaitytaknyga.lt \u2013 tai ma\u017eas \u0161eimos verslas, kuris prasid\u0117jo nuo meil\u0117s knygoms ir siekio i\u0161gelb\u0117ti knygas nuo likimo prie konteinerio. Kas vienam nereikalingas daiktas \u2013 kitam lobis, o mes esame tarpininkai, kurie padeda abiems tapti laimingesniems ???? \u017dinome kaip nelengva i\u0161gyventi ma\u017eiems verslams, tad nuo \u0161iol, \u010dia rasite ir kit\u0173, ma\u017e\u0173 \u0161eim\u0173 versl\u0173, rank\u0173 darbo, dovan\u0173 sau ir artimiesiems.\",\"publisher\":{\"@id\":\"https:\/\/skaitytaknyga.lt\/#organization\"},\"potentialAction\":[{\"@type\":\"SearchAction\",\"target\":{\"@type\":\"EntryPoint\",\"urlTemplate\":\"https:\/\/skaitytaknyga.lt\/?s={search_term_string}\"},\"query-input\":{\"@type\":\"PropertyValueSpecification\",\"valueRequired\":true,\"valueName\":\"search_term_string\"}}],\"inLanguage\":\"en-GB\"},{\"@type\":\"Organization\",\"@id\":\"https:\/\/skaitytaknyga.lt\/#organization\",\"name\":\"skaitytaknyga.lt\",\"url\":\"https:\/\/skaitytaknyga.lt\/\",\"logo\":{\"@type\":\"ImageObject\",\"inLanguage\":\"en-GB\",\"@id\":\"https:\/\/skaitytaknyga.lt\/#\/schema\/logo\/image\/\",\"url\":\"https:\/\/skaitytaknyga.lt\/wp-content\/uploads\/2024\/05\/cropped-cropped-cropped-02_00843_jt3bggkj1j3HLc7SyY6rEUpg.jpeg\",\"contentUrl\":\"https:\/\/skaitytaknyga.lt\/wp-content\/uploads\/2024\/05\/cropped-cropped-cropped-02_00843_jt3bggkj1j3HLc7SyY6rEUpg.jpeg\",\"width\":1600,\"height\":1600,\"caption\":\"skaitytaknyga.lt\"},\"image\":{\"@id\":\"https:\/\/skaitytaknyga.lt\/#\/schema\/logo\/image\/\"},\"sameAs\":[\"https:\/\/www.facebook.com\/skaitytaknyga\/\"]}]}<\/script>\n<!-- \/ Yoast SEO plugin. -->","yoast_head_json":{"title":"Romualdas Granauskas. Duonos valgytojai. Jau\u010dio aukojimas. Gyvenimas po klevu","description":"\u0160i knygel\u0117 \u2013 antroji i\u0161 serijos \u201e\u012e pagalb\u0105 mokiniui (pirmoji \u2013 A. Vai\u010diulai\u010dio \u201eValentina\u201c). Ji skirta vyresni\u0173j\u0173 klasi\u0173 moksleiviams, studentams,","robots":{"index":"index","follow":"follow","max-snippet":"max-snippet:-1","max-image-preview":"max-image-preview:large","max-video-preview":"max-video-preview:-1"},"canonical":"https:\/\/skaitytaknyga.lt\/en\/produktas\/romualdas-granauskas-duonos-valgytojai-jaucio-aukojimas-gyvenimas-po-klevu\/","og_locale":"en_GB","og_type":"article","og_title":"[:lt]Romualdas Granauskas. Duonos valgytojai. Jau\u010dio aukojimas. Gyvenimas po klevu[:] - Skaitytaknyga","og_description":"\u0160i knygel\u0117 \u2013 antroji i\u0161 serijos \u201e\u012e pagalb\u0105 mokiniui (pirmoji \u2013 A. Vai\u010diulai\u010dio \u201eValentina\u201c). Ji skirta vyresni\u0173j\u0173 klasi\u0173 moksleiviams, studentams,","og_url":"https:\/\/skaitytaknyga.lt\/en\/produktas\/romualdas-granauskas-duonos-valgytojai-jaucio-aukojimas-gyvenimas-po-klevu\/","og_site_name":"Skaitytaknyga","article_publisher":"https:\/\/www.facebook.com\/skaitytaknyga\/","article_modified_time":"2025-10-30T12:50:41+00:00","og_image":[{"width":300,"height":478,"url":"https:\/\/skaitytaknyga.lt\/wp-content\/uploads\/2025\/10\/Romualdas-Granauskas.-Duonos-valgytojai.-Jaucio-aukojimas.-Gyvenimas-po-klevu-1.webp","type":"image\/webp"}],"twitter_card":"summary_large_image","twitter_misc":{"Estimated reading time":"1 minute"},"schema":{"@context":"https:\/\/schema.org","@graph":[{"@type":"WebPage","@id":"https:\/\/skaitytaknyga.lt\/produktas\/romualdas-granauskas-duonos-valgytojai-jaucio-aukojimas-gyvenimas-po-klevu\/","url":"https:\/\/skaitytaknyga.lt\/produktas\/romualdas-granauskas-duonos-valgytojai-jaucio-aukojimas-gyvenimas-po-klevu\/","name":"Romualdas Granauskas. Duonos valgytojai. Jau\u010dio aukojimas. Gyvenimas po klevu","isPartOf":{"@id":"https:\/\/skaitytaknyga.lt\/#website"},"primaryImageOfPage":{"@id":"https:\/\/skaitytaknyga.lt\/produktas\/romualdas-granauskas-duonos-valgytojai-jaucio-aukojimas-gyvenimas-po-klevu\/#primaryimage"},"image":{"@id":"https:\/\/skaitytaknyga.lt\/produktas\/romualdas-granauskas-duonos-valgytojai-jaucio-aukojimas-gyvenimas-po-klevu\/#primaryimage"},"thumbnailUrl":"https:\/\/skaitytaknyga.lt\/wp-content\/uploads\/2025\/10\/Romualdas-Granauskas.-Duonos-valgytojai.-Jaucio-aukojimas.-Gyvenimas-po-klevu-1.webp","datePublished":"2025-10-30T09:47:27+00:00","dateModified":"2025-10-30T12:50:41+00:00","description":"\u0160i knygel\u0117 \u2013 antroji i\u0161 serijos \u201e\u012e pagalb\u0105 mokiniui (pirmoji \u2013 A. Vai\u010diulai\u010dio \u201eValentina\u201c). Ji skirta vyresni\u0173j\u0173 klasi\u0173 moksleiviams, studentams,","breadcrumb":{"@id":"https:\/\/skaitytaknyga.lt\/produktas\/romualdas-granauskas-duonos-valgytojai-jaucio-aukojimas-gyvenimas-po-klevu\/#breadcrumb"},"inLanguage":"en-GB","potentialAction":[{"@type":"ReadAction","target":["https:\/\/skaitytaknyga.lt\/produktas\/romualdas-granauskas-duonos-valgytojai-jaucio-aukojimas-gyvenimas-po-klevu\/"]}]},{"@type":"ImageObject","inLanguage":"en-GB","@id":"https:\/\/skaitytaknyga.lt\/produktas\/romualdas-granauskas-duonos-valgytojai-jaucio-aukojimas-gyvenimas-po-klevu\/#primaryimage","url":"https:\/\/skaitytaknyga.lt\/wp-content\/uploads\/2025\/10\/Romualdas-Granauskas.-Duonos-valgytojai.-Jaucio-aukojimas.-Gyvenimas-po-klevu-1.webp","contentUrl":"https:\/\/skaitytaknyga.lt\/wp-content\/uploads\/2025\/10\/Romualdas-Granauskas.-Duonos-valgytojai.-Jaucio-aukojimas.-Gyvenimas-po-klevu-1.webp","width":300,"height":478,"caption":"Romualdas Granauskas. Duonos valgytojai. Jau\u010dio aukojimas. Gyvenimas po klevu"},{"@type":"BreadcrumbList","@id":"https:\/\/skaitytaknyga.lt\/produktas\/romualdas-granauskas-duonos-valgytojai-jaucio-aukojimas-gyvenimas-po-klevu\/#breadcrumb","itemListElement":[{"@type":"ListItem","position":1,"name":"Home","item":"https:\/\/skaitytaknyga.lt\/"},{"@type":"ListItem","position":2,"name":"Parduotuv\u0117","item":"https:\/\/skaitytaknyga.lt\/knygu-parduotuve\/"},{"@type":"ListItem","position":3,"name":"Romualdas Granauskas. Duonos valgytojai. Jau\u010dio aukojimas. Gyvenimas po klevu"}]},{"@type":"WebSite","@id":"https:\/\/skaitytaknyga.lt\/#website","url":"https:\/\/skaitytaknyga.lt\/","name":"skaitytaknyga.lt","description":"Skaitytaknyga.lt \u2013 tai ma\u017eas \u0161eimos verslas, kuris prasid\u0117jo nuo meil\u0117s knygoms ir siekio i\u0161gelb\u0117ti knygas nuo likimo prie konteinerio. Kas vienam nereikalingas daiktas \u2013 kitam lobis, o mes esame tarpininkai, kurie padeda abiems tapti laimingesniems ???? \u017dinome kaip nelengva i\u0161gyventi ma\u017eiems verslams, tad nuo \u0161iol, \u010dia rasite ir kit\u0173, ma\u017e\u0173 \u0161eim\u0173 versl\u0173, rank\u0173 darbo, dovan\u0173 sau ir artimiesiems.","publisher":{"@id":"https:\/\/skaitytaknyga.lt\/#organization"},"potentialAction":[{"@type":"SearchAction","target":{"@type":"EntryPoint","urlTemplate":"https:\/\/skaitytaknyga.lt\/?s={search_term_string}"},"query-input":{"@type":"PropertyValueSpecification","valueRequired":true,"valueName":"search_term_string"}}],"inLanguage":"en-GB"},{"@type":"Organization","@id":"https:\/\/skaitytaknyga.lt\/#organization","name":"skaitytaknyga.lt","url":"https:\/\/skaitytaknyga.lt\/","logo":{"@type":"ImageObject","inLanguage":"en-GB","@id":"https:\/\/skaitytaknyga.lt\/#\/schema\/logo\/image\/","url":"https:\/\/skaitytaknyga.lt\/wp-content\/uploads\/2024\/05\/cropped-cropped-cropped-02_00843_jt3bggkj1j3HLc7SyY6rEUpg.jpeg","contentUrl":"https:\/\/skaitytaknyga.lt\/wp-content\/uploads\/2024\/05\/cropped-cropped-cropped-02_00843_jt3bggkj1j3HLc7SyY6rEUpg.jpeg","width":1600,"height":1600,"caption":"skaitytaknyga.lt"},"image":{"@id":"https:\/\/skaitytaknyga.lt\/#\/schema\/logo\/image\/"},"sameAs":["https:\/\/www.facebook.com\/skaitytaknyga\/"]}]}},"_links":{"self":[{"href":"https:\/\/skaitytaknyga.lt\/en\/wp-json\/wp\/v2\/product\/21693","targetHints":{"allow":["GET"]}}],"collection":[{"href":"https:\/\/skaitytaknyga.lt\/en\/wp-json\/wp\/v2\/product"}],"about":[{"href":"https:\/\/skaitytaknyga.lt\/en\/wp-json\/wp\/v2\/types\/product"}],"replies":[{"embeddable":true,"href":"https:\/\/skaitytaknyga.lt\/en\/wp-json\/wp\/v2\/comments?post=21693"}],"wp:featuredmedia":[{"embeddable":true,"href":"https:\/\/skaitytaknyga.lt\/en\/wp-json\/wp\/v2\/media\/21698"}],"wp:attachment":[{"href":"https:\/\/skaitytaknyga.lt\/en\/wp-json\/wp\/v2\/media?parent=21693"}],"wp:term":[{"taxonomy":"product_brand","embeddable":true,"href":"https:\/\/skaitytaknyga.lt\/en\/wp-json\/wp\/v2\/product_brand?post=21693"},{"taxonomy":"product_cat","embeddable":true,"href":"https:\/\/skaitytaknyga.lt\/en\/wp-json\/wp\/v2\/product_cat?post=21693"},{"taxonomy":"product_tag","embeddable":true,"href":"https:\/\/skaitytaknyga.lt\/en\/wp-json\/wp\/v2\/product_tag?post=21693"}],"curies":[{"name":"wp","href":"https:\/\/api.w.org\/{rel}","templated":true}]}}