{"id":21692,"date":"2025-10-30T11:47:27","date_gmt":"2025-10-30T09:47:27","guid":{"rendered":"https:\/\/skaitytaknyga.lt\/?post_type=product&#038;p=21692"},"modified":"2025-10-31T18:12:37","modified_gmt":"2025-10-31T16:12:37","slug":"jankis-karaliaus-arturo-dvare","status":"publish","type":"product","link":"https:\/\/skaitytaknyga.lt\/en\/produktas\/jankis-karaliaus-arturo-dvare\/","title":{"rendered":"Jankis karaliaus Art\u016bro dvare"},"content":{"rendered":"<p>,,Jankis.  karaliaus Art\u016bro dvare&#8221; \u2013 vienas svarbiausi\u0173 k\u016brini\u0173, be kurio ne\u012fsivaizduojamas Marko Tveno k\u016brybinis palikimas. Pasirod\u0119s 1889 m. para\u0161ytas puikia, lengvai skaitoma kalba su i\u0161skirtiniu M. Tvenui b\u016bdingu humoru, ironija ir \u012ftaiga, romanas atspind\u0117jo ra\u0161ytojo nusivylim\u0105 XIX a. JAV politikais, garbinusiais karaliaus Art\u016bro epoch\u0105 \u2013 lyg tai b\u016btu buv\u0119s tikras ,,aukso am\u017eius&#8221;, kur viskas tobula: aplink kiln\u016bs riteriai, nesibaigiantys \u017eygdarbiai, nuostabios damos.<\/p>\n<p>B\u016btent \u012f toki\u0105, manieringumu ir perd\u0117tu romantizmu prisotint\u0105 aplink\u0105 M. Tvenas perkelia tipi\u0161k\u0105 XIX a. jank\u012f, per mu\u0161tynes gavus\u012f \u012f galv\u0105 lau\u017etuvu ir atsipeik\u0117jus\u012f VI am\u017eiaus Anglijoje. Vos i\u0161sisuk\u0119s nuo sudeginimo ant lau\u017eo, pasinaudodamas XIX a. pasiekimais, jankis \u012fsijau\u010dia \u012f burtininko vaidmen\u012f ir \u012fsitaiso karaliaus dvare, pastumdamas \u0161alin konkurent\u0105 Merlin\u0105. Jankis puola keisti VI a. brit\u0173 visuomen\u0119 pagal XIX a. pabaigos JAV model\u012f. Ta\u010diau \u0161ios permainos parodo, kad vien technika negali pakeisti pasaulio ir suteikti visuotin\u0105 laim\u0119.<\/p>\n<p>Sugretindamas dvi istorines epochas M. Tvenas atskleid\u017eia \u012fsigalin\u010dio technikos progreso, kaip panac\u0117jos nuo vis\u0173 nelaimi\u0173, \u0161alininkams ir kit\u0105 nei\u0161vengiam\u0105 progreso pus\u0119 \u2013 karaliaus Art\u016bro pasaulio pus\u0119, su vargingu valstie\u010di\u0173 gyvenimu ir silpnu valdovu, nei\u0161manan\u010diu, kas vyksta jo karalyst\u0117je. O be to, riteriai \u010dia ne tokie jau ir kiln\u016bs.<\/p>\n<p>,,Jankis karaliaus Art\u016bro dvare&#8221;, pasirod\u0119s likus keliems metams iki H jum. Velso romano ,,Laiko ma\u0161ina&#8221; i\u0161leidimo, laikomas ,,alternatyviosios istorijos&#8221; \u017eanro pradininku. Nuo \u0161io romano pirmosios lietuvi\u0161kos laidos 1951 m. pra\u0117jo jau daugiau kaip pus\u0117 am\u017eiaus, tod\u0117l Lietuvoje jis teb\u0117ra prakti\u0161kai ne\u017einomas, o tiems, kas j\u012f yra skait\u0119 primename, kad anuomet leid\u0117jams nepavyko i\u0161vengti tam tikr\u0173 ,,nuostoli\u0173&#8221;, tod\u0117l dabar ir jie gal\u0117s perskaityti \u0161\u012f roman\u0105 tok\u012f, kok\u012f j\u012f paliko M. Tvenas.<\/p>\n","protected":false},"excerpt":{"rendered":"<p>,,Jankis. karaliaus Art\u016bro dvare&#8221; \u2013 vienas svarbiausi\u0173 k\u016brini\u0173, be kurio ne\u012fsivaizduojamas Marko Tveno k\u016brybinis palikimas. Pasirod\u0119s 1889 m. para\u0161ytas puikia, lengvai skaitoma kalba su i\u0161skirtiniu M. Tvenui b\u016bdingu humoru, ironija ir \u012ftaiga, romanas atspind\u0117jo ra\u0161ytojo nusivylim\u0105 XIX a. JAV politikais, garbinusiais karaliaus Art\u016bro epoch\u0105 \u2013 lyg tai b\u016btu buv\u0119s tikras ,,aukso am\u017eius&#8221;, kur viskas tobula: aplink kiln\u016bs riteriai, nesibaigiantys \u017eygdarbiai, nuostabios damos. B\u016btent \u012f toki\u0105, manieringumu ir perd\u0117tu romantizmu prisotint\u0105 aplink\u0105 M. Tvenas perkelia tipi\u0161k\u0105 XIX a. jank\u012f, per mu\u0161tynes gavus\u012f \u012f galv\u0105 lau\u017etuvu ir atsipeik\u0117jus\u012f VI am\u017eiaus Anglijoje. Vos i\u0161sisuk\u0119s nuo sudeginimo ant lau\u017eo, pasinaudodamas XIX a. pasiekimais, jankis \u012fsijau\u010dia \u012f burtininko vaidmen\u012f ir \u012fsitaiso karaliaus dvare, pastumdamas \u0161alin konkurent\u0105 Merlin\u0105. Jankis puola keisti VI a. brit\u0173 visuomen\u0119 pagal XIX a. pabaigos JAV model\u012f. Ta\u010diau \u0161ios permainos parodo, kad vien technika negali pakeisti pasaulio ir suteikti visuotin\u0105 laim\u0119. Sugretindamas dvi istorines epochas M. Tvenas atskleid\u017eia \u012fsigalin\u010dio technikos progreso, kaip panac\u0117jos nuo vis\u0173 nelaimi\u0173, \u0161alininkams ir kit\u0105 nei\u0161vengiam\u0105 progreso pus\u0119 \u2013 karaliaus Art\u016bro pasaulio pus\u0119, su vargingu valstie\u010di\u0173 gyvenimu ir silpnu valdovu, nei\u0161manan\u010diu, kas vyksta jo karalyst\u0117je. O be to, riteriai \u010dia ne tokie jau ir kiln\u016bs. ,,Jankis karaliaus Art\u016bro dvare&#8221;, pasirod\u0119s likus keliems metams iki H jum. Velso romano ,,Laiko ma\u0161ina&#8221; i\u0161leidimo, laikomas ,,alternatyviosios istorijos&#8221; \u017eanro pradininku. Nuo \u0161io romano pirmosios lietuvi\u0161kos laidos 1951 m. pra\u0117jo jau daugiau kaip pus\u0117 am\u017eiaus, tod\u0117l Lietuvoje jis teb\u0117ra prakti\u0161kai ne\u017einomas, o tiems, kas j\u012f yra skait\u0119 primename, kad anuomet leid\u0117jams nepavyko i\u0161vengti tam tikr\u0173 ,,nuostoli\u0173&#8221;, tod\u0117l dabar ir jie gal\u0117s perskaityti \u0161\u012f roman\u0105 tok\u012f, kok\u012f j\u012f paliko M. Tvenas.<\/p>\n","protected":false},"featured_media":21697,"comment_status":"open","ping_status":"closed","template":"","meta":{"_acf_changed":false,"site-sidebar-layout":"default","site-content-layout":"","ast-site-content-layout":"default","site-content-style":"default","site-sidebar-style":"default","ast-global-header-display":"","ast-banner-title-visibility":"","ast-main-header-display":"","ast-hfb-above-header-display":"","ast-hfb-below-header-display":"","ast-hfb-mobile-header-display":"","site-post-title":"","ast-breadcrumbs-content":"","ast-featured-img":"","footer-sml-layout":"","ast-disable-related-posts":"","theme-transparent-header-meta":"","adv-header-id-meta":"","stick-header-meta":"","header-above-stick-meta":"","header-main-stick-meta":"","header-below-stick-meta":"","astra-migrate-meta-layouts":"default","ast-page-background-enabled":"default","ast-page-background-meta":{"desktop":{"background-color":"","background-image":"","background-repeat":"repeat","background-position":"center center","background-size":"auto","background-attachment":"scroll","background-type":"","background-media":"","overlay-type":"","overlay-color":"","overlay-opacity":"","overlay-gradient":""},"tablet":{"background-color":"","background-image":"","background-repeat":"repeat","background-position":"center center","background-size":"auto","background-attachment":"scroll","background-type":"","background-media":"","overlay-type":"","overlay-color":"","overlay-opacity":"","overlay-gradient":""},"mobile":{"background-color":"","background-image":"","background-repeat":"repeat","background-position":"center center","background-size":"auto","background-attachment":"scroll","background-type":"","background-media":"","overlay-type":"","overlay-color":"","overlay-opacity":"","overlay-gradient":""}},"ast-content-background-meta":{"desktop":{"background-color":"var(--ast-global-color-4)","background-image":"","background-repeat":"repeat","background-position":"center center","background-size":"auto","background-attachment":"scroll","background-type":"","background-media":"","overlay-type":"","overlay-color":"","overlay-opacity":"","overlay-gradient":""},"tablet":{"background-color":"var(--ast-global-color-4)","background-image":"","background-repeat":"repeat","background-position":"center center","background-size":"auto","background-attachment":"scroll","background-type":"","background-media":"","overlay-type":"","overlay-color":"","overlay-opacity":"","overlay-gradient":""},"mobile":{"background-color":"var(--ast-global-color-4)","background-image":"","background-repeat":"repeat","background-position":"center center","background-size":"auto","background-attachment":"scroll","background-type":"","background-media":"","overlay-type":"","overlay-color":"","overlay-opacity":"","overlay-gradient":""}}},"product_brand":[],"product_cat":[15],"product_tag":[],"class_list":{"0":"post-21692","1":"product","2":"type-product","3":"status-publish","4":"has-post-thumbnail","6":"product_cat-uncategorized","7":"desktop-align-left","8":"tablet-align-left","9":"mobile-align-left","11":"first","12":"outofstock","13":"shipping-taxable","14":"purchasable","15":"product-type-simple"},"acf":[],"yoast_head":"<!-- This site is optimized with the Yoast SEO plugin v27.0 - https:\/\/yoast.com\/product\/yoast-seo-wordpress\/ -->\n<title>Jankis karaliaus Art\u016bro dvare<\/title>\n<meta name=\"description\" content=\",,Jankis. karaliaus Art\u016bro dvare&quot; \u2013 vienas svarbiausi\u0173 k\u016brini\u0173, be kurio ne\u012fsivaizduojamas Marko Tveno k\u016brybinis palikimas. Pasirod\u0119s 1889 m. para\u0161ytas\" \/>\n<meta name=\"robots\" content=\"index, follow, max-snippet:-1, max-image-preview:large, max-video-preview:-1\" \/>\n<link rel=\"canonical\" href=\"https:\/\/skaitytaknyga.lt\/en\/produktas\/jankis-karaliaus-arturo-dvare\/\" \/>\n<meta property=\"og:locale\" content=\"en_GB\" \/>\n<meta property=\"og:locale:alternate\" content=\"lt_LT\" \/>\n<meta property=\"og:type\" content=\"article\" \/>\n<meta property=\"og:title\" content=\"Jankis karaliaus Art\u016bro dvare\" \/>\n<meta property=\"og:description\" content=\",,Jankis. karaliaus Art\u016bro dvare&quot; \u2013 vienas svarbiausi\u0173 k\u016brini\u0173, be kurio ne\u012fsivaizduojamas Marko Tveno k\u016brybinis palikimas. Pasirod\u0119s 1889 m. para\u0161ytas\" \/>\n<meta property=\"og:url\" content=\"https:\/\/skaitytaknyga.lt\/en\/produktas\/jankis-karaliaus-arturo-dvare\/\" \/>\n<meta property=\"og:site_name\" content=\"Skaitytaknyga\" \/>\n<meta property=\"article:publisher\" content=\"https:\/\/www.facebook.com\/skaitytaknyga\/\" \/>\n<meta property=\"article:modified_time\" content=\"2025-10-31T16:12:37+00:00\" \/>\n<meta property=\"og:image\" content=\"https:\/\/skaitytaknyga.lt\/wp-content\/uploads\/2025\/10\/Jankis-karaliaus-Arturo-dvare-1.webp\" \/>\n\t<meta property=\"og:image:width\" content=\"300\" \/>\n\t<meta property=\"og:image:height\" content=\"452\" \/>\n\t<meta property=\"og:image:type\" content=\"image\/webp\" \/>\n<meta name=\"twitter:card\" content=\"summary_large_image\" \/>\n<meta name=\"twitter:label1\" content=\"Estimated reading time\" \/>\n\t<meta name=\"twitter:data1\" content=\"2 minutes\" \/>\n<script type=\"application\/ld+json\" class=\"yoast-schema-graph\">{\"@context\":\"https:\/\/schema.org\",\"@graph\":[{\"@type\":\"WebPage\",\"@id\":\"https:\/\/skaitytaknyga.lt\/produktas\/jankis-karaliaus-arturo-dvare\/\",\"url\":\"https:\/\/skaitytaknyga.lt\/produktas\/jankis-karaliaus-arturo-dvare\/\",\"name\":\"Jankis karaliaus Art\u016bro dvare\",\"isPartOf\":{\"@id\":\"https:\/\/skaitytaknyga.lt\/#website\"},\"primaryImageOfPage\":{\"@id\":\"https:\/\/skaitytaknyga.lt\/produktas\/jankis-karaliaus-arturo-dvare\/#primaryimage\"},\"image\":{\"@id\":\"https:\/\/skaitytaknyga.lt\/produktas\/jankis-karaliaus-arturo-dvare\/#primaryimage\"},\"thumbnailUrl\":\"https:\/\/skaitytaknyga.lt\/wp-content\/uploads\/2025\/10\/Jankis-karaliaus-Arturo-dvare-1.webp\",\"datePublished\":\"2025-10-30T09:47:27+00:00\",\"dateModified\":\"2025-10-31T16:12:37+00:00\",\"description\":\",,Jankis. karaliaus Art\u016bro dvare\\\" \u2013 vienas svarbiausi\u0173 k\u016brini\u0173, be kurio ne\u012fsivaizduojamas Marko Tveno k\u016brybinis palikimas. Pasirod\u0119s 1889 m. para\u0161ytas\",\"breadcrumb\":{\"@id\":\"https:\/\/skaitytaknyga.lt\/produktas\/jankis-karaliaus-arturo-dvare\/#breadcrumb\"},\"inLanguage\":\"en-GB\",\"potentialAction\":[{\"@type\":\"ReadAction\",\"target\":[\"https:\/\/skaitytaknyga.lt\/produktas\/jankis-karaliaus-arturo-dvare\/\"]}]},{\"@type\":\"ImageObject\",\"inLanguage\":\"en-GB\",\"@id\":\"https:\/\/skaitytaknyga.lt\/produktas\/jankis-karaliaus-arturo-dvare\/#primaryimage\",\"url\":\"https:\/\/skaitytaknyga.lt\/wp-content\/uploads\/2025\/10\/Jankis-karaliaus-Arturo-dvare-1.webp\",\"contentUrl\":\"https:\/\/skaitytaknyga.lt\/wp-content\/uploads\/2025\/10\/Jankis-karaliaus-Arturo-dvare-1.webp\",\"width\":300,\"height\":452,\"caption\":\"Jankis karaliaus Art\u016bro dvare\"},{\"@type\":\"BreadcrumbList\",\"@id\":\"https:\/\/skaitytaknyga.lt\/produktas\/jankis-karaliaus-arturo-dvare\/#breadcrumb\",\"itemListElement\":[{\"@type\":\"ListItem\",\"position\":1,\"name\":\"Home\",\"item\":\"https:\/\/skaitytaknyga.lt\/\"},{\"@type\":\"ListItem\",\"position\":2,\"name\":\"Parduotuv\u0117\",\"item\":\"https:\/\/skaitytaknyga.lt\/knygu-parduotuve\/\"},{\"@type\":\"ListItem\",\"position\":3,\"name\":\"Jankis karaliaus Art\u016bro dvare\"}]},{\"@type\":\"WebSite\",\"@id\":\"https:\/\/skaitytaknyga.lt\/#website\",\"url\":\"https:\/\/skaitytaknyga.lt\/\",\"name\":\"skaitytaknyga.lt\",\"description\":\"Skaitytaknyga.lt \u2013 tai ma\u017eas \u0161eimos verslas, kuris prasid\u0117jo nuo meil\u0117s knygoms ir siekio i\u0161gelb\u0117ti knygas nuo likimo prie konteinerio. Kas vienam nereikalingas daiktas \u2013 kitam lobis, o mes esame tarpininkai, kurie padeda abiems tapti laimingesniems ???? \u017dinome kaip nelengva i\u0161gyventi ma\u017eiems verslams, tad nuo \u0161iol, \u010dia rasite ir kit\u0173, ma\u017e\u0173 \u0161eim\u0173 versl\u0173, rank\u0173 darbo, dovan\u0173 sau ir artimiesiems.\",\"publisher\":{\"@id\":\"https:\/\/skaitytaknyga.lt\/#organization\"},\"potentialAction\":[{\"@type\":\"SearchAction\",\"target\":{\"@type\":\"EntryPoint\",\"urlTemplate\":\"https:\/\/skaitytaknyga.lt\/?s={search_term_string}\"},\"query-input\":{\"@type\":\"PropertyValueSpecification\",\"valueRequired\":true,\"valueName\":\"search_term_string\"}}],\"inLanguage\":\"en-GB\"},{\"@type\":\"Organization\",\"@id\":\"https:\/\/skaitytaknyga.lt\/#organization\",\"name\":\"skaitytaknyga.lt\",\"url\":\"https:\/\/skaitytaknyga.lt\/\",\"logo\":{\"@type\":\"ImageObject\",\"inLanguage\":\"en-GB\",\"@id\":\"https:\/\/skaitytaknyga.lt\/#\/schema\/logo\/image\/\",\"url\":\"https:\/\/skaitytaknyga.lt\/wp-content\/uploads\/2024\/05\/cropped-cropped-cropped-02_00843_jt3bggkj1j3HLc7SyY6rEUpg.jpeg\",\"contentUrl\":\"https:\/\/skaitytaknyga.lt\/wp-content\/uploads\/2024\/05\/cropped-cropped-cropped-02_00843_jt3bggkj1j3HLc7SyY6rEUpg.jpeg\",\"width\":1600,\"height\":1600,\"caption\":\"skaitytaknyga.lt\"},\"image\":{\"@id\":\"https:\/\/skaitytaknyga.lt\/#\/schema\/logo\/image\/\"},\"sameAs\":[\"https:\/\/www.facebook.com\/skaitytaknyga\/\"]}]}<\/script>\n<!-- \/ Yoast SEO plugin. -->","yoast_head_json":{"title":"Jankis karaliaus Art\u016bro dvare","description":",,Jankis. karaliaus Art\u016bro dvare\" \u2013 vienas svarbiausi\u0173 k\u016brini\u0173, be kurio ne\u012fsivaizduojamas Marko Tveno k\u016brybinis palikimas. Pasirod\u0119s 1889 m. para\u0161ytas","robots":{"index":"index","follow":"follow","max-snippet":"max-snippet:-1","max-image-preview":"max-image-preview:large","max-video-preview":"max-video-preview:-1"},"canonical":"https:\/\/skaitytaknyga.lt\/en\/produktas\/jankis-karaliaus-arturo-dvare\/","og_locale":"en_GB","og_type":"article","og_title":"[:lt]Jankis karaliaus Art\u016bro dvare[:] - Skaitytaknyga","og_description":",,Jankis. karaliaus Art\u016bro dvare\" \u2013 vienas svarbiausi\u0173 k\u016brini\u0173, be kurio ne\u012fsivaizduojamas Marko Tveno k\u016brybinis palikimas. Pasirod\u0119s 1889 m. para\u0161ytas","og_url":"https:\/\/skaitytaknyga.lt\/en\/produktas\/jankis-karaliaus-arturo-dvare\/","og_site_name":"Skaitytaknyga","article_publisher":"https:\/\/www.facebook.com\/skaitytaknyga\/","article_modified_time":"2025-10-31T16:12:37+00:00","og_image":[{"width":300,"height":452,"url":"https:\/\/skaitytaknyga.lt\/wp-content\/uploads\/2025\/10\/Jankis-karaliaus-Arturo-dvare-1.webp","type":"image\/webp"}],"twitter_card":"summary_large_image","twitter_misc":{"Estimated reading time":"2 minutes"},"schema":{"@context":"https:\/\/schema.org","@graph":[{"@type":"WebPage","@id":"https:\/\/skaitytaknyga.lt\/produktas\/jankis-karaliaus-arturo-dvare\/","url":"https:\/\/skaitytaknyga.lt\/produktas\/jankis-karaliaus-arturo-dvare\/","name":"Jankis karaliaus Art\u016bro dvare","isPartOf":{"@id":"https:\/\/skaitytaknyga.lt\/#website"},"primaryImageOfPage":{"@id":"https:\/\/skaitytaknyga.lt\/produktas\/jankis-karaliaus-arturo-dvare\/#primaryimage"},"image":{"@id":"https:\/\/skaitytaknyga.lt\/produktas\/jankis-karaliaus-arturo-dvare\/#primaryimage"},"thumbnailUrl":"https:\/\/skaitytaknyga.lt\/wp-content\/uploads\/2025\/10\/Jankis-karaliaus-Arturo-dvare-1.webp","datePublished":"2025-10-30T09:47:27+00:00","dateModified":"2025-10-31T16:12:37+00:00","description":",,Jankis. karaliaus Art\u016bro dvare\" \u2013 vienas svarbiausi\u0173 k\u016brini\u0173, be kurio ne\u012fsivaizduojamas Marko Tveno k\u016brybinis palikimas. Pasirod\u0119s 1889 m. para\u0161ytas","breadcrumb":{"@id":"https:\/\/skaitytaknyga.lt\/produktas\/jankis-karaliaus-arturo-dvare\/#breadcrumb"},"inLanguage":"en-GB","potentialAction":[{"@type":"ReadAction","target":["https:\/\/skaitytaknyga.lt\/produktas\/jankis-karaliaus-arturo-dvare\/"]}]},{"@type":"ImageObject","inLanguage":"en-GB","@id":"https:\/\/skaitytaknyga.lt\/produktas\/jankis-karaliaus-arturo-dvare\/#primaryimage","url":"https:\/\/skaitytaknyga.lt\/wp-content\/uploads\/2025\/10\/Jankis-karaliaus-Arturo-dvare-1.webp","contentUrl":"https:\/\/skaitytaknyga.lt\/wp-content\/uploads\/2025\/10\/Jankis-karaliaus-Arturo-dvare-1.webp","width":300,"height":452,"caption":"Jankis karaliaus Art\u016bro dvare"},{"@type":"BreadcrumbList","@id":"https:\/\/skaitytaknyga.lt\/produktas\/jankis-karaliaus-arturo-dvare\/#breadcrumb","itemListElement":[{"@type":"ListItem","position":1,"name":"Home","item":"https:\/\/skaitytaknyga.lt\/"},{"@type":"ListItem","position":2,"name":"Parduotuv\u0117","item":"https:\/\/skaitytaknyga.lt\/knygu-parduotuve\/"},{"@type":"ListItem","position":3,"name":"Jankis karaliaus Art\u016bro dvare"}]},{"@type":"WebSite","@id":"https:\/\/skaitytaknyga.lt\/#website","url":"https:\/\/skaitytaknyga.lt\/","name":"skaitytaknyga.lt","description":"Skaitytaknyga.lt \u2013 tai ma\u017eas \u0161eimos verslas, kuris prasid\u0117jo nuo meil\u0117s knygoms ir siekio i\u0161gelb\u0117ti knygas nuo likimo prie konteinerio. Kas vienam nereikalingas daiktas \u2013 kitam lobis, o mes esame tarpininkai, kurie padeda abiems tapti laimingesniems ???? \u017dinome kaip nelengva i\u0161gyventi ma\u017eiems verslams, tad nuo \u0161iol, \u010dia rasite ir kit\u0173, ma\u017e\u0173 \u0161eim\u0173 versl\u0173, rank\u0173 darbo, dovan\u0173 sau ir artimiesiems.","publisher":{"@id":"https:\/\/skaitytaknyga.lt\/#organization"},"potentialAction":[{"@type":"SearchAction","target":{"@type":"EntryPoint","urlTemplate":"https:\/\/skaitytaknyga.lt\/?s={search_term_string}"},"query-input":{"@type":"PropertyValueSpecification","valueRequired":true,"valueName":"search_term_string"}}],"inLanguage":"en-GB"},{"@type":"Organization","@id":"https:\/\/skaitytaknyga.lt\/#organization","name":"skaitytaknyga.lt","url":"https:\/\/skaitytaknyga.lt\/","logo":{"@type":"ImageObject","inLanguage":"en-GB","@id":"https:\/\/skaitytaknyga.lt\/#\/schema\/logo\/image\/","url":"https:\/\/skaitytaknyga.lt\/wp-content\/uploads\/2024\/05\/cropped-cropped-cropped-02_00843_jt3bggkj1j3HLc7SyY6rEUpg.jpeg","contentUrl":"https:\/\/skaitytaknyga.lt\/wp-content\/uploads\/2024\/05\/cropped-cropped-cropped-02_00843_jt3bggkj1j3HLc7SyY6rEUpg.jpeg","width":1600,"height":1600,"caption":"skaitytaknyga.lt"},"image":{"@id":"https:\/\/skaitytaknyga.lt\/#\/schema\/logo\/image\/"},"sameAs":["https:\/\/www.facebook.com\/skaitytaknyga\/"]}]}},"_links":{"self":[{"href":"https:\/\/skaitytaknyga.lt\/en\/wp-json\/wp\/v2\/product\/21692","targetHints":{"allow":["GET"]}}],"collection":[{"href":"https:\/\/skaitytaknyga.lt\/en\/wp-json\/wp\/v2\/product"}],"about":[{"href":"https:\/\/skaitytaknyga.lt\/en\/wp-json\/wp\/v2\/types\/product"}],"replies":[{"embeddable":true,"href":"https:\/\/skaitytaknyga.lt\/en\/wp-json\/wp\/v2\/comments?post=21692"}],"wp:featuredmedia":[{"embeddable":true,"href":"https:\/\/skaitytaknyga.lt\/en\/wp-json\/wp\/v2\/media\/21697"}],"wp:attachment":[{"href":"https:\/\/skaitytaknyga.lt\/en\/wp-json\/wp\/v2\/media?parent=21692"}],"wp:term":[{"taxonomy":"product_brand","embeddable":true,"href":"https:\/\/skaitytaknyga.lt\/en\/wp-json\/wp\/v2\/product_brand?post=21692"},{"taxonomy":"product_cat","embeddable":true,"href":"https:\/\/skaitytaknyga.lt\/en\/wp-json\/wp\/v2\/product_cat?post=21692"},{"taxonomy":"product_tag","embeddable":true,"href":"https:\/\/skaitytaknyga.lt\/en\/wp-json\/wp\/v2\/product_tag?post=21692"}],"curies":[{"name":"wp","href":"https:\/\/api.w.org\/{rel}","templated":true}]}}