{"id":21691,"date":"2025-10-30T11:47:26","date_gmt":"2025-10-30T09:47:26","guid":{"rendered":"https:\/\/skaitytaknyga.lt\/?post_type=product&#038;p=21691"},"modified":"2025-10-30T14:50:41","modified_gmt":"2025-10-30T12:50:41","slug":"liberalizmas-kaip-visuomenes-griutis","status":"publish","type":"product","link":"https:\/\/skaitytaknyga.lt\/en\/produktas\/liberalizmas-kaip-visuomenes-griutis\/","title":{"rendered":"Liberalizmas kaip visuomen\u0117s gri\u016btis"},"content":{"rendered":"<p>\u201eArt\u0117ja nepriklausomos Lietuvos valstyb\u0117s atk\u016brimo \u0161imtmetis. Ruo\u0161iamasi tai pa\u017eym\u0117ti. I\u0161kyla klausimas: kokia prasme &#8211; formaliai, chronologi\u0161kai pagal \u012fprast\u0105 paprot\u012f, ar su to meto ar nauju turiniu? Ar pasitar\u0117me su Jonu Basanavi\u010diumi? Visko b\u016bta. Prie naujo tik\u0117jimo 1919 m. Kapsukas nub\u0117go pas Lenin\u0105, 1940 metais Snie\u010dkus &#8211; pas Stalin\u0105. O dabar liberalai ir juos gerbiantys be kepur\u0117s, i\u0161didumo ir savigarbos vykdo Briuselio vali\u0105 ir ruo\u0161iasi ten visam savo klumpes palikti, liberalia federacija tapti. Bendrauti prasminga su visu pasauliu, bet klumpes verta laikyti savo namuose ir nedegioti \u017evakeli\u0173 svetimoje ba\u017eny\u010dioje, nes tai reik\u0161t\u0173 atsisakyti 1918 met\u0173 tik\u0117jimo. Kontrolinis klausimas: kiekvienas esame savo likimo kalviu, ar tik\u0117tina, kad rasis kalvis, kuris u\u017e mus mojuot\u0173 sunkiu m\u016bs\u0173 ateities k\u016bju? Jau seniai pasteb\u0117ta: vilk\u0105 minim, vilkas \u010dia.<br \/>\nLaisv\u0117 neturi poilsio dien\u0173 ir atostog\u0173.&#8221;<\/p>\n","protected":false},"excerpt":{"rendered":"<p>\u201eArt\u0117ja nepriklausomos Lietuvos valstyb\u0117s atk\u016brimo \u0161imtmetis. Ruo\u0161iamasi tai pa\u017eym\u0117ti. I\u0161kyla klausimas: kokia prasme &#8211; formaliai, chronologi\u0161kai pagal \u012fprast\u0105 paprot\u012f, ar su to meto ar nauju turiniu? Ar pasitar\u0117me su Jonu Basanavi\u010diumi? Visko b\u016bta. Prie naujo tik\u0117jimo 1919 m. Kapsukas nub\u0117go pas Lenin\u0105, 1940 metais Snie\u010dkus &#8211; pas Stalin\u0105. O dabar liberalai ir juos gerbiantys be kepur\u0117s, i\u0161didumo ir savigarbos vykdo Briuselio vali\u0105 ir ruo\u0161iasi ten visam savo klumpes palikti, liberalia federacija tapti. Bendrauti prasminga su visu pasauliu, bet klumpes verta laikyti savo namuose ir nedegioti \u017evakeli\u0173 svetimoje ba\u017eny\u010dioje, nes tai reik\u0161t\u0173 atsisakyti 1918 met\u0173 tik\u0117jimo. Kontrolinis klausimas: kiekvienas esame savo likimo kalviu, ar tik\u0117tina, kad rasis kalvis, kuris u\u017e mus mojuot\u0173 sunkiu m\u016bs\u0173 ateities k\u016bju? Jau seniai pasteb\u0117ta: vilk\u0105 minim, vilkas \u010dia. Laisv\u0117 neturi poilsio dien\u0173 ir atostog\u0173.&#8221;<\/p>\n","protected":false},"featured_media":21696,"comment_status":"open","ping_status":"closed","template":"","meta":{"_acf_changed":false,"site-sidebar-layout":"default","site-content-layout":"","ast-site-content-layout":"default","site-content-style":"default","site-sidebar-style":"default","ast-global-header-display":"","ast-banner-title-visibility":"","ast-main-header-display":"","ast-hfb-above-header-display":"","ast-hfb-below-header-display":"","ast-hfb-mobile-header-display":"","site-post-title":"","ast-breadcrumbs-content":"","ast-featured-img":"","footer-sml-layout":"","ast-disable-related-posts":"","theme-transparent-header-meta":"","adv-header-id-meta":"","stick-header-meta":"","header-above-stick-meta":"","header-main-stick-meta":"","header-below-stick-meta":"","astra-migrate-meta-layouts":"default","ast-page-background-enabled":"default","ast-page-background-meta":{"desktop":{"background-color":"","background-image":"","background-repeat":"repeat","background-position":"center center","background-size":"auto","background-attachment":"scroll","background-type":"","background-media":"","overlay-type":"","overlay-color":"","overlay-opacity":"","overlay-gradient":""},"tablet":{"background-color":"","background-image":"","background-repeat":"repeat","background-position":"center center","background-size":"auto","background-attachment":"scroll","background-type":"","background-media":"","overlay-type":"","overlay-color":"","overlay-opacity":"","overlay-gradient":""},"mobile":{"background-color":"","background-image":"","background-repeat":"repeat","background-position":"center center","background-size":"auto","background-attachment":"scroll","background-type":"","background-media":"","overlay-type":"","overlay-color":"","overlay-opacity":"","overlay-gradient":""}},"ast-content-background-meta":{"desktop":{"background-color":"var(--ast-global-color-4)","background-image":"","background-repeat":"repeat","background-position":"center center","background-size":"auto","background-attachment":"scroll","background-type":"","background-media":"","overlay-type":"","overlay-color":"","overlay-opacity":"","overlay-gradient":""},"tablet":{"background-color":"var(--ast-global-color-4)","background-image":"","background-repeat":"repeat","background-position":"center center","background-size":"auto","background-attachment":"scroll","background-type":"","background-media":"","overlay-type":"","overlay-color":"","overlay-opacity":"","overlay-gradient":""},"mobile":{"background-color":"var(--ast-global-color-4)","background-image":"","background-repeat":"repeat","background-position":"center center","background-size":"auto","background-attachment":"scroll","background-type":"","background-media":"","overlay-type":"","overlay-color":"","overlay-opacity":"","overlay-gradient":""}}},"product_brand":[],"product_cat":[15],"product_tag":[],"class_list":{"0":"post-21691","1":"product","2":"type-product","3":"status-publish","4":"has-post-thumbnail","6":"product_cat-uncategorized","7":"desktop-align-left","8":"tablet-align-left","9":"mobile-align-left","11":"first","12":"instock","13":"shipping-taxable","14":"purchasable","15":"product-type-simple"},"acf":[],"yoast_head":"<!-- This site is optimized with the Yoast SEO plugin v27.0 - https:\/\/yoast.com\/product\/yoast-seo-wordpress\/ -->\n<title>Liberalizmas kaip visuomen\u0117s gri\u016btis<\/title>\n<meta name=\"description\" content=\"\u201eArt\u0117ja nepriklausomos Lietuvos valstyb\u0117s atk\u016brimo \u0161imtmetis. Ruo\u0161iamasi tai pa\u017eym\u0117ti. I\u0161kyla klausimas: kokia prasme - formaliai, chronologi\u0161kai pagal\" \/>\n<meta name=\"robots\" content=\"index, follow, max-snippet:-1, max-image-preview:large, max-video-preview:-1\" \/>\n<link rel=\"canonical\" href=\"https:\/\/skaitytaknyga.lt\/en\/produktas\/liberalizmas-kaip-visuomenes-griutis\/\" \/>\n<meta property=\"og:locale\" content=\"en_GB\" \/>\n<meta property=\"og:locale:alternate\" content=\"lt_LT\" \/>\n<meta property=\"og:type\" content=\"article\" \/>\n<meta property=\"og:title\" content=\"Liberalizmas kaip visuomen\u0117s gri\u016btis\" \/>\n<meta property=\"og:description\" content=\"\u201eArt\u0117ja nepriklausomos Lietuvos valstyb\u0117s atk\u016brimo \u0161imtmetis. Ruo\u0161iamasi tai pa\u017eym\u0117ti. I\u0161kyla klausimas: kokia prasme - formaliai, chronologi\u0161kai pagal\" \/>\n<meta property=\"og:url\" content=\"https:\/\/skaitytaknyga.lt\/en\/produktas\/liberalizmas-kaip-visuomenes-griutis\/\" \/>\n<meta property=\"og:site_name\" content=\"Skaitytaknyga\" \/>\n<meta property=\"article:publisher\" content=\"https:\/\/www.facebook.com\/skaitytaknyga\/\" \/>\n<meta property=\"article:modified_time\" content=\"2025-10-30T12:50:41+00:00\" \/>\n<meta property=\"og:image\" content=\"https:\/\/skaitytaknyga.lt\/wp-content\/uploads\/2025\/10\/Liberalizmas-kaip-visuomenes-griutis-1.webp\" \/>\n\t<meta property=\"og:image:width\" content=\"319\" \/>\n\t<meta property=\"og:image:height\" content=\"450\" \/>\n\t<meta property=\"og:image:type\" content=\"image\/webp\" \/>\n<meta name=\"twitter:card\" content=\"summary_large_image\" \/>\n<meta name=\"twitter:label1\" content=\"Estimated reading time\" \/>\n\t<meta name=\"twitter:data1\" content=\"1 minute\" \/>\n<script type=\"application\/ld+json\" class=\"yoast-schema-graph\">{\"@context\":\"https:\/\/schema.org\",\"@graph\":[{\"@type\":\"WebPage\",\"@id\":\"https:\/\/skaitytaknyga.lt\/produktas\/liberalizmas-kaip-visuomenes-griutis\/\",\"url\":\"https:\/\/skaitytaknyga.lt\/produktas\/liberalizmas-kaip-visuomenes-griutis\/\",\"name\":\"Liberalizmas kaip visuomen\u0117s gri\u016btis\",\"isPartOf\":{\"@id\":\"https:\/\/skaitytaknyga.lt\/#website\"},\"primaryImageOfPage\":{\"@id\":\"https:\/\/skaitytaknyga.lt\/produktas\/liberalizmas-kaip-visuomenes-griutis\/#primaryimage\"},\"image\":{\"@id\":\"https:\/\/skaitytaknyga.lt\/produktas\/liberalizmas-kaip-visuomenes-griutis\/#primaryimage\"},\"thumbnailUrl\":\"https:\/\/skaitytaknyga.lt\/wp-content\/uploads\/2025\/10\/Liberalizmas-kaip-visuomenes-griutis-1.webp\",\"datePublished\":\"2025-10-30T09:47:26+00:00\",\"dateModified\":\"2025-10-30T12:50:41+00:00\",\"description\":\"\u201eArt\u0117ja nepriklausomos Lietuvos valstyb\u0117s atk\u016brimo \u0161imtmetis. Ruo\u0161iamasi tai pa\u017eym\u0117ti. I\u0161kyla klausimas: kokia prasme - formaliai, chronologi\u0161kai pagal\",\"breadcrumb\":{\"@id\":\"https:\/\/skaitytaknyga.lt\/produktas\/liberalizmas-kaip-visuomenes-griutis\/#breadcrumb\"},\"inLanguage\":\"en-GB\",\"potentialAction\":[{\"@type\":\"ReadAction\",\"target\":[\"https:\/\/skaitytaknyga.lt\/produktas\/liberalizmas-kaip-visuomenes-griutis\/\"]}]},{\"@type\":\"ImageObject\",\"inLanguage\":\"en-GB\",\"@id\":\"https:\/\/skaitytaknyga.lt\/produktas\/liberalizmas-kaip-visuomenes-griutis\/#primaryimage\",\"url\":\"https:\/\/skaitytaknyga.lt\/wp-content\/uploads\/2025\/10\/Liberalizmas-kaip-visuomenes-griutis-1.webp\",\"contentUrl\":\"https:\/\/skaitytaknyga.lt\/wp-content\/uploads\/2025\/10\/Liberalizmas-kaip-visuomenes-griutis-1.webp\",\"width\":319,\"height\":450,\"caption\":\"Liberalizmas kaip visuomen\u0117s gri\u016btis\"},{\"@type\":\"BreadcrumbList\",\"@id\":\"https:\/\/skaitytaknyga.lt\/produktas\/liberalizmas-kaip-visuomenes-griutis\/#breadcrumb\",\"itemListElement\":[{\"@type\":\"ListItem\",\"position\":1,\"name\":\"Home\",\"item\":\"https:\/\/skaitytaknyga.lt\/\"},{\"@type\":\"ListItem\",\"position\":2,\"name\":\"Parduotuv\u0117\",\"item\":\"https:\/\/skaitytaknyga.lt\/knygu-parduotuve\/\"},{\"@type\":\"ListItem\",\"position\":3,\"name\":\"Liberalizmas kaip visuomen\u0117s gri\u016btis\"}]},{\"@type\":\"WebSite\",\"@id\":\"https:\/\/skaitytaknyga.lt\/#website\",\"url\":\"https:\/\/skaitytaknyga.lt\/\",\"name\":\"skaitytaknyga.lt\",\"description\":\"Skaitytaknyga.lt \u2013 tai ma\u017eas \u0161eimos verslas, kuris prasid\u0117jo nuo meil\u0117s knygoms ir siekio i\u0161gelb\u0117ti knygas nuo likimo prie konteinerio. Kas vienam nereikalingas daiktas \u2013 kitam lobis, o mes esame tarpininkai, kurie padeda abiems tapti laimingesniems ???? \u017dinome kaip nelengva i\u0161gyventi ma\u017eiems verslams, tad nuo \u0161iol, \u010dia rasite ir kit\u0173, ma\u017e\u0173 \u0161eim\u0173 versl\u0173, rank\u0173 darbo, dovan\u0173 sau ir artimiesiems.\",\"publisher\":{\"@id\":\"https:\/\/skaitytaknyga.lt\/#organization\"},\"potentialAction\":[{\"@type\":\"SearchAction\",\"target\":{\"@type\":\"EntryPoint\",\"urlTemplate\":\"https:\/\/skaitytaknyga.lt\/?s={search_term_string}\"},\"query-input\":{\"@type\":\"PropertyValueSpecification\",\"valueRequired\":true,\"valueName\":\"search_term_string\"}}],\"inLanguage\":\"en-GB\"},{\"@type\":\"Organization\",\"@id\":\"https:\/\/skaitytaknyga.lt\/#organization\",\"name\":\"skaitytaknyga.lt\",\"url\":\"https:\/\/skaitytaknyga.lt\/\",\"logo\":{\"@type\":\"ImageObject\",\"inLanguage\":\"en-GB\",\"@id\":\"https:\/\/skaitytaknyga.lt\/#\/schema\/logo\/image\/\",\"url\":\"https:\/\/skaitytaknyga.lt\/wp-content\/uploads\/2024\/05\/cropped-cropped-cropped-02_00843_jt3bggkj1j3HLc7SyY6rEUpg.jpeg\",\"contentUrl\":\"https:\/\/skaitytaknyga.lt\/wp-content\/uploads\/2024\/05\/cropped-cropped-cropped-02_00843_jt3bggkj1j3HLc7SyY6rEUpg.jpeg\",\"width\":1600,\"height\":1600,\"caption\":\"skaitytaknyga.lt\"},\"image\":{\"@id\":\"https:\/\/skaitytaknyga.lt\/#\/schema\/logo\/image\/\"},\"sameAs\":[\"https:\/\/www.facebook.com\/skaitytaknyga\/\"]}]}<\/script>\n<!-- \/ Yoast SEO plugin. -->","yoast_head_json":{"title":"Liberalizmas kaip visuomen\u0117s gri\u016btis","description":"\u201eArt\u0117ja nepriklausomos Lietuvos valstyb\u0117s atk\u016brimo \u0161imtmetis. Ruo\u0161iamasi tai pa\u017eym\u0117ti. I\u0161kyla klausimas: kokia prasme - formaliai, chronologi\u0161kai pagal","robots":{"index":"index","follow":"follow","max-snippet":"max-snippet:-1","max-image-preview":"max-image-preview:large","max-video-preview":"max-video-preview:-1"},"canonical":"https:\/\/skaitytaknyga.lt\/en\/produktas\/liberalizmas-kaip-visuomenes-griutis\/","og_locale":"en_GB","og_type":"article","og_title":"[:lt]Liberalizmas kaip visuomen\u0117s gri\u016btis[:] - Skaitytaknyga","og_description":"\u201eArt\u0117ja nepriklausomos Lietuvos valstyb\u0117s atk\u016brimo \u0161imtmetis. Ruo\u0161iamasi tai pa\u017eym\u0117ti. I\u0161kyla klausimas: kokia prasme - formaliai, chronologi\u0161kai pagal","og_url":"https:\/\/skaitytaknyga.lt\/en\/produktas\/liberalizmas-kaip-visuomenes-griutis\/","og_site_name":"Skaitytaknyga","article_publisher":"https:\/\/www.facebook.com\/skaitytaknyga\/","article_modified_time":"2025-10-30T12:50:41+00:00","og_image":[{"width":319,"height":450,"url":"https:\/\/skaitytaknyga.lt\/wp-content\/uploads\/2025\/10\/Liberalizmas-kaip-visuomenes-griutis-1.webp","type":"image\/webp"}],"twitter_card":"summary_large_image","twitter_misc":{"Estimated reading time":"1 minute"},"schema":{"@context":"https:\/\/schema.org","@graph":[{"@type":"WebPage","@id":"https:\/\/skaitytaknyga.lt\/produktas\/liberalizmas-kaip-visuomenes-griutis\/","url":"https:\/\/skaitytaknyga.lt\/produktas\/liberalizmas-kaip-visuomenes-griutis\/","name":"Liberalizmas kaip visuomen\u0117s gri\u016btis","isPartOf":{"@id":"https:\/\/skaitytaknyga.lt\/#website"},"primaryImageOfPage":{"@id":"https:\/\/skaitytaknyga.lt\/produktas\/liberalizmas-kaip-visuomenes-griutis\/#primaryimage"},"image":{"@id":"https:\/\/skaitytaknyga.lt\/produktas\/liberalizmas-kaip-visuomenes-griutis\/#primaryimage"},"thumbnailUrl":"https:\/\/skaitytaknyga.lt\/wp-content\/uploads\/2025\/10\/Liberalizmas-kaip-visuomenes-griutis-1.webp","datePublished":"2025-10-30T09:47:26+00:00","dateModified":"2025-10-30T12:50:41+00:00","description":"\u201eArt\u0117ja nepriklausomos Lietuvos valstyb\u0117s atk\u016brimo \u0161imtmetis. Ruo\u0161iamasi tai pa\u017eym\u0117ti. I\u0161kyla klausimas: kokia prasme - formaliai, chronologi\u0161kai pagal","breadcrumb":{"@id":"https:\/\/skaitytaknyga.lt\/produktas\/liberalizmas-kaip-visuomenes-griutis\/#breadcrumb"},"inLanguage":"en-GB","potentialAction":[{"@type":"ReadAction","target":["https:\/\/skaitytaknyga.lt\/produktas\/liberalizmas-kaip-visuomenes-griutis\/"]}]},{"@type":"ImageObject","inLanguage":"en-GB","@id":"https:\/\/skaitytaknyga.lt\/produktas\/liberalizmas-kaip-visuomenes-griutis\/#primaryimage","url":"https:\/\/skaitytaknyga.lt\/wp-content\/uploads\/2025\/10\/Liberalizmas-kaip-visuomenes-griutis-1.webp","contentUrl":"https:\/\/skaitytaknyga.lt\/wp-content\/uploads\/2025\/10\/Liberalizmas-kaip-visuomenes-griutis-1.webp","width":319,"height":450,"caption":"Liberalizmas kaip visuomen\u0117s gri\u016btis"},{"@type":"BreadcrumbList","@id":"https:\/\/skaitytaknyga.lt\/produktas\/liberalizmas-kaip-visuomenes-griutis\/#breadcrumb","itemListElement":[{"@type":"ListItem","position":1,"name":"Home","item":"https:\/\/skaitytaknyga.lt\/"},{"@type":"ListItem","position":2,"name":"Parduotuv\u0117","item":"https:\/\/skaitytaknyga.lt\/knygu-parduotuve\/"},{"@type":"ListItem","position":3,"name":"Liberalizmas kaip visuomen\u0117s gri\u016btis"}]},{"@type":"WebSite","@id":"https:\/\/skaitytaknyga.lt\/#website","url":"https:\/\/skaitytaknyga.lt\/","name":"skaitytaknyga.lt","description":"Skaitytaknyga.lt \u2013 tai ma\u017eas \u0161eimos verslas, kuris prasid\u0117jo nuo meil\u0117s knygoms ir siekio i\u0161gelb\u0117ti knygas nuo likimo prie konteinerio. Kas vienam nereikalingas daiktas \u2013 kitam lobis, o mes esame tarpininkai, kurie padeda abiems tapti laimingesniems ???? \u017dinome kaip nelengva i\u0161gyventi ma\u017eiems verslams, tad nuo \u0161iol, \u010dia rasite ir kit\u0173, ma\u017e\u0173 \u0161eim\u0173 versl\u0173, rank\u0173 darbo, dovan\u0173 sau ir artimiesiems.","publisher":{"@id":"https:\/\/skaitytaknyga.lt\/#organization"},"potentialAction":[{"@type":"SearchAction","target":{"@type":"EntryPoint","urlTemplate":"https:\/\/skaitytaknyga.lt\/?s={search_term_string}"},"query-input":{"@type":"PropertyValueSpecification","valueRequired":true,"valueName":"search_term_string"}}],"inLanguage":"en-GB"},{"@type":"Organization","@id":"https:\/\/skaitytaknyga.lt\/#organization","name":"skaitytaknyga.lt","url":"https:\/\/skaitytaknyga.lt\/","logo":{"@type":"ImageObject","inLanguage":"en-GB","@id":"https:\/\/skaitytaknyga.lt\/#\/schema\/logo\/image\/","url":"https:\/\/skaitytaknyga.lt\/wp-content\/uploads\/2024\/05\/cropped-cropped-cropped-02_00843_jt3bggkj1j3HLc7SyY6rEUpg.jpeg","contentUrl":"https:\/\/skaitytaknyga.lt\/wp-content\/uploads\/2024\/05\/cropped-cropped-cropped-02_00843_jt3bggkj1j3HLc7SyY6rEUpg.jpeg","width":1600,"height":1600,"caption":"skaitytaknyga.lt"},"image":{"@id":"https:\/\/skaitytaknyga.lt\/#\/schema\/logo\/image\/"},"sameAs":["https:\/\/www.facebook.com\/skaitytaknyga\/"]}]}},"_links":{"self":[{"href":"https:\/\/skaitytaknyga.lt\/en\/wp-json\/wp\/v2\/product\/21691","targetHints":{"allow":["GET"]}}],"collection":[{"href":"https:\/\/skaitytaknyga.lt\/en\/wp-json\/wp\/v2\/product"}],"about":[{"href":"https:\/\/skaitytaknyga.lt\/en\/wp-json\/wp\/v2\/types\/product"}],"replies":[{"embeddable":true,"href":"https:\/\/skaitytaknyga.lt\/en\/wp-json\/wp\/v2\/comments?post=21691"}],"wp:featuredmedia":[{"embeddable":true,"href":"https:\/\/skaitytaknyga.lt\/en\/wp-json\/wp\/v2\/media\/21696"}],"wp:attachment":[{"href":"https:\/\/skaitytaknyga.lt\/en\/wp-json\/wp\/v2\/media?parent=21691"}],"wp:term":[{"taxonomy":"product_brand","embeddable":true,"href":"https:\/\/skaitytaknyga.lt\/en\/wp-json\/wp\/v2\/product_brand?post=21691"},{"taxonomy":"product_cat","embeddable":true,"href":"https:\/\/skaitytaknyga.lt\/en\/wp-json\/wp\/v2\/product_cat?post=21691"},{"taxonomy":"product_tag","embeddable":true,"href":"https:\/\/skaitytaknyga.lt\/en\/wp-json\/wp\/v2\/product_tag?post=21691"}],"curies":[{"name":"wp","href":"https:\/\/api.w.org\/{rel}","templated":true}]}}