{"id":21668,"date":"2025-10-30T09:08:50","date_gmt":"2025-10-30T07:08:50","guid":{"rendered":"https:\/\/skaitytaknyga.lt\/?post_type=product&#038;p=21668"},"modified":"2025-10-30T14:50:32","modified_gmt":"2025-10-30T12:50:32","slug":"investuotojo-ispazintis","status":"publish","type":"product","link":"https:\/\/skaitytaknyga.lt\/en\/produktas\/investuotojo-ispazintis\/","title":{"rendered":"Investuotojo i\u0161pa\u017eintis"},"content":{"rendered":"<p>I\u0161sirink patraukliausi\u0105 savo gyvenimo scenarij\u0173:<br \/>\n\u2013 kapanotis darbo ir vartojimo spiral\u0117je \u2013 i\u0161leisti u\u017edirbtus pinigus, skolintis ir v\u0117l dirbti iki pensijos arba mirties;<br \/>\n\u2013 atsisakyti vartojimo \u2013 nieko nebepirkti ir nebedirbti;<br \/>\n\u2013 investuoti, kad pinigai dirbt\u0173 Tau, o ne atvirk\u0161\u010diai.<\/p>\n<p>Renkiesi tre\u010di\u0105 variant\u0105?<br \/>\nTada skaityk toliau. O geriausia \u2013 versk \u0161i\u0105 knyg\u0105 nuo prad\u017eios ir mokykis investavimo subtilybi\u0173 kartu su knygos herojais Art\u016bru ir Antonu.<\/p>\n<p>Tai pirmasis lietuvi\u0173 autoriaus romanas apie investavim\u0105 ir jo praktik\u0105 Lietuvoje. Jis atskleis visas paslaptis, b\u016btinas s\u0117kmingam ir saugiam investavimui, net tas, kurias investicij\u0173 konsultantai da\u017enai link\u0119 nutyl\u0117ti&#8230;<\/p>\n<p>&#8230;\u012ekvepianti istorija prasideda, kai du draugai pagaliau supranta, jog nori savo gyvenime priimti didesnius i\u0161\u0161\u016bkius nei tik dirbti samdom\u0105 darb\u0105, kuriame jie negali i\u0161naudoti vis\u0173 savo galimybi\u0173&#8230; O J\u016bs tam pasiry\u017e\u0119?<\/p>\n","protected":false},"excerpt":{"rendered":"<p>I\u0161sirink patraukliausi\u0105 savo gyvenimo scenarij\u0173: \u2013 kapanotis darbo ir vartojimo spiral\u0117je \u2013 i\u0161leisti u\u017edirbtus pinigus, skolintis ir v\u0117l dirbti iki pensijos arba mirties; \u2013 atsisakyti vartojimo \u2013 nieko nebepirkti ir nebedirbti; \u2013 investuoti, kad pinigai dirbt\u0173 Tau, o ne atvirk\u0161\u010diai. Renkiesi tre\u010di\u0105 variant\u0105? Tada skaityk toliau. O geriausia \u2013 versk \u0161i\u0105 knyg\u0105 nuo prad\u017eios ir mokykis investavimo subtilybi\u0173 kartu su knygos herojais Art\u016bru ir Antonu. Tai pirmasis lietuvi\u0173 autoriaus romanas apie investavim\u0105 ir jo praktik\u0105 Lietuvoje. Jis atskleis visas paslaptis, b\u016btinas s\u0117kmingam ir saugiam investavimui, net tas, kurias investicij\u0173 konsultantai da\u017enai link\u0119 nutyl\u0117ti&#8230; &#8230;\u012ekvepianti istorija prasideda, kai du draugai pagaliau supranta, jog nori savo gyvenime priimti didesnius i\u0161\u0161\u016bkius nei tik dirbti samdom\u0105 darb\u0105, kuriame jie negali i\u0161naudoti vis\u0173 savo galimybi\u0173&#8230; O J\u016bs tam pasiry\u017e\u0119?<\/p>\n","protected":false},"featured_media":21682,"comment_status":"open","ping_status":"closed","template":"","meta":{"_acf_changed":false,"site-sidebar-layout":"default","site-content-layout":"","ast-site-content-layout":"default","site-content-style":"default","site-sidebar-style":"default","ast-global-header-display":"","ast-banner-title-visibility":"","ast-main-header-display":"","ast-hfb-above-header-display":"","ast-hfb-below-header-display":"","ast-hfb-mobile-header-display":"","site-post-title":"","ast-breadcrumbs-content":"","ast-featured-img":"","footer-sml-layout":"","ast-disable-related-posts":"","theme-transparent-header-meta":"","adv-header-id-meta":"","stick-header-meta":"","header-above-stick-meta":"","header-main-stick-meta":"","header-below-stick-meta":"","astra-migrate-meta-layouts":"default","ast-page-background-enabled":"default","ast-page-background-meta":{"desktop":{"background-color":"","background-image":"","background-repeat":"repeat","background-position":"center center","background-size":"auto","background-attachment":"scroll","background-type":"","background-media":"","overlay-type":"","overlay-color":"","overlay-opacity":"","overlay-gradient":""},"tablet":{"background-color":"","background-image":"","background-repeat":"repeat","background-position":"center center","background-size":"auto","background-attachment":"scroll","background-type":"","background-media":"","overlay-type":"","overlay-color":"","overlay-opacity":"","overlay-gradient":""},"mobile":{"background-color":"","background-image":"","background-repeat":"repeat","background-position":"center center","background-size":"auto","background-attachment":"scroll","background-type":"","background-media":"","overlay-type":"","overlay-color":"","overlay-opacity":"","overlay-gradient":""}},"ast-content-background-meta":{"desktop":{"background-color":"var(--ast-global-color-4)","background-image":"","background-repeat":"repeat","background-position":"center center","background-size":"auto","background-attachment":"scroll","background-type":"","background-media":"","overlay-type":"","overlay-color":"","overlay-opacity":"","overlay-gradient":""},"tablet":{"background-color":"var(--ast-global-color-4)","background-image":"","background-repeat":"repeat","background-position":"center center","background-size":"auto","background-attachment":"scroll","background-type":"","background-media":"","overlay-type":"","overlay-color":"","overlay-opacity":"","overlay-gradient":""},"mobile":{"background-color":"var(--ast-global-color-4)","background-image":"","background-repeat":"repeat","background-position":"center center","background-size":"auto","background-attachment":"scroll","background-type":"","background-media":"","overlay-type":"","overlay-color":"","overlay-opacity":"","overlay-gradient":""}}},"product_brand":[],"product_cat":[15],"product_tag":[],"class_list":{"0":"post-21668","1":"product","2":"type-product","3":"status-publish","4":"has-post-thumbnail","6":"product_cat-uncategorized","7":"desktop-align-left","8":"tablet-align-left","9":"mobile-align-left","11":"first","12":"instock","13":"shipping-taxable","14":"purchasable","15":"product-type-simple"},"acf":[],"yoast_head":"<!-- This site is optimized with the Yoast SEO plugin v27.0 - https:\/\/yoast.com\/product\/yoast-seo-wordpress\/ -->\n<title>Investuotojo i\u0161pa\u017eintis<\/title>\n<meta name=\"description\" content=\"I\u0161sirink patraukliausi\u0105 savo gyvenimo scenarij\u0173: \u2013 kapanotis darbo ir vartojimo spiral\u0117je \u2013 i\u0161leisti u\u017edirbtus pinigus, skolintis ir v\u0117l dirbti iki\" \/>\n<meta name=\"robots\" content=\"index, follow, max-snippet:-1, max-image-preview:large, max-video-preview:-1\" \/>\n<link rel=\"canonical\" href=\"https:\/\/skaitytaknyga.lt\/en\/produktas\/investuotojo-ispazintis\/\" \/>\n<meta property=\"og:locale\" content=\"en_GB\" \/>\n<meta property=\"og:locale:alternate\" content=\"lt_LT\" \/>\n<meta property=\"og:type\" content=\"article\" \/>\n<meta property=\"og:title\" content=\"Investuotojo i\u0161pa\u017eintis\" \/>\n<meta property=\"og:description\" content=\"I\u0161sirink patraukliausi\u0105 savo gyvenimo scenarij\u0173: \u2013 kapanotis darbo ir vartojimo spiral\u0117je \u2013 i\u0161leisti u\u017edirbtus pinigus, skolintis ir v\u0117l dirbti iki\" \/>\n<meta property=\"og:url\" content=\"https:\/\/skaitytaknyga.lt\/en\/produktas\/investuotojo-ispazintis\/\" \/>\n<meta property=\"og:site_name\" content=\"Skaitytaknyga\" \/>\n<meta property=\"article:publisher\" content=\"https:\/\/www.facebook.com\/skaitytaknyga\/\" \/>\n<meta property=\"article:modified_time\" content=\"2025-10-30T12:50:32+00:00\" \/>\n<meta property=\"og:image\" content=\"https:\/\/skaitytaknyga.lt\/wp-content\/uploads\/2025\/10\/Investuotojo-ispazintis-1.webp\" \/>\n\t<meta property=\"og:image:width\" content=\"300\" \/>\n\t<meta property=\"og:image:height\" content=\"432\" \/>\n\t<meta property=\"og:image:type\" content=\"image\/webp\" \/>\n<meta name=\"twitter:card\" content=\"summary_large_image\" \/>\n<meta name=\"twitter:label1\" content=\"Estimated reading time\" \/>\n\t<meta name=\"twitter:data1\" content=\"1 minute\" \/>\n<script type=\"application\/ld+json\" class=\"yoast-schema-graph\">{\"@context\":\"https:\/\/schema.org\",\"@graph\":[{\"@type\":\"WebPage\",\"@id\":\"https:\/\/skaitytaknyga.lt\/produktas\/investuotojo-ispazintis\/\",\"url\":\"https:\/\/skaitytaknyga.lt\/produktas\/investuotojo-ispazintis\/\",\"name\":\"Investuotojo i\u0161pa\u017eintis\",\"isPartOf\":{\"@id\":\"https:\/\/skaitytaknyga.lt\/#website\"},\"primaryImageOfPage\":{\"@id\":\"https:\/\/skaitytaknyga.lt\/produktas\/investuotojo-ispazintis\/#primaryimage\"},\"image\":{\"@id\":\"https:\/\/skaitytaknyga.lt\/produktas\/investuotojo-ispazintis\/#primaryimage\"},\"thumbnailUrl\":\"https:\/\/skaitytaknyga.lt\/wp-content\/uploads\/2025\/10\/Investuotojo-ispazintis-1.webp\",\"datePublished\":\"2025-10-30T07:08:50+00:00\",\"dateModified\":\"2025-10-30T12:50:32+00:00\",\"description\":\"I\u0161sirink patraukliausi\u0105 savo gyvenimo scenarij\u0173: \u2013 kapanotis darbo ir vartojimo spiral\u0117je \u2013 i\u0161leisti u\u017edirbtus pinigus, skolintis ir v\u0117l dirbti iki\",\"breadcrumb\":{\"@id\":\"https:\/\/skaitytaknyga.lt\/produktas\/investuotojo-ispazintis\/#breadcrumb\"},\"inLanguage\":\"en-GB\",\"potentialAction\":[{\"@type\":\"ReadAction\",\"target\":[\"https:\/\/skaitytaknyga.lt\/produktas\/investuotojo-ispazintis\/\"]}]},{\"@type\":\"ImageObject\",\"inLanguage\":\"en-GB\",\"@id\":\"https:\/\/skaitytaknyga.lt\/produktas\/investuotojo-ispazintis\/#primaryimage\",\"url\":\"https:\/\/skaitytaknyga.lt\/wp-content\/uploads\/2025\/10\/Investuotojo-ispazintis-1.webp\",\"contentUrl\":\"https:\/\/skaitytaknyga.lt\/wp-content\/uploads\/2025\/10\/Investuotojo-ispazintis-1.webp\",\"width\":300,\"height\":432},{\"@type\":\"BreadcrumbList\",\"@id\":\"https:\/\/skaitytaknyga.lt\/produktas\/investuotojo-ispazintis\/#breadcrumb\",\"itemListElement\":[{\"@type\":\"ListItem\",\"position\":1,\"name\":\"Home\",\"item\":\"https:\/\/skaitytaknyga.lt\/\"},{\"@type\":\"ListItem\",\"position\":2,\"name\":\"Parduotuv\u0117\",\"item\":\"https:\/\/skaitytaknyga.lt\/knygu-parduotuve\/\"},{\"@type\":\"ListItem\",\"position\":3,\"name\":\"Investuotojo i\u0161pa\u017eintis\"}]},{\"@type\":\"WebSite\",\"@id\":\"https:\/\/skaitytaknyga.lt\/#website\",\"url\":\"https:\/\/skaitytaknyga.lt\/\",\"name\":\"skaitytaknyga.lt\",\"description\":\"Skaitytaknyga.lt \u2013 tai ma\u017eas \u0161eimos verslas, kuris prasid\u0117jo nuo meil\u0117s knygoms ir siekio i\u0161gelb\u0117ti knygas nuo likimo prie konteinerio. Kas vienam nereikalingas daiktas \u2013 kitam lobis, o mes esame tarpininkai, kurie padeda abiems tapti laimingesniems ???? \u017dinome kaip nelengva i\u0161gyventi ma\u017eiems verslams, tad nuo \u0161iol, \u010dia rasite ir kit\u0173, ma\u017e\u0173 \u0161eim\u0173 versl\u0173, rank\u0173 darbo, dovan\u0173 sau ir artimiesiems.\",\"publisher\":{\"@id\":\"https:\/\/skaitytaknyga.lt\/#organization\"},\"potentialAction\":[{\"@type\":\"SearchAction\",\"target\":{\"@type\":\"EntryPoint\",\"urlTemplate\":\"https:\/\/skaitytaknyga.lt\/?s={search_term_string}\"},\"query-input\":{\"@type\":\"PropertyValueSpecification\",\"valueRequired\":true,\"valueName\":\"search_term_string\"}}],\"inLanguage\":\"en-GB\"},{\"@type\":\"Organization\",\"@id\":\"https:\/\/skaitytaknyga.lt\/#organization\",\"name\":\"skaitytaknyga.lt\",\"url\":\"https:\/\/skaitytaknyga.lt\/\",\"logo\":{\"@type\":\"ImageObject\",\"inLanguage\":\"en-GB\",\"@id\":\"https:\/\/skaitytaknyga.lt\/#\/schema\/logo\/image\/\",\"url\":\"https:\/\/skaitytaknyga.lt\/wp-content\/uploads\/2024\/05\/cropped-cropped-cropped-02_00843_jt3bggkj1j3HLc7SyY6rEUpg.jpeg\",\"contentUrl\":\"https:\/\/skaitytaknyga.lt\/wp-content\/uploads\/2024\/05\/cropped-cropped-cropped-02_00843_jt3bggkj1j3HLc7SyY6rEUpg.jpeg\",\"width\":1600,\"height\":1600,\"caption\":\"skaitytaknyga.lt\"},\"image\":{\"@id\":\"https:\/\/skaitytaknyga.lt\/#\/schema\/logo\/image\/\"},\"sameAs\":[\"https:\/\/www.facebook.com\/skaitytaknyga\/\"]}]}<\/script>\n<!-- \/ Yoast SEO plugin. -->","yoast_head_json":{"title":"Investuotojo i\u0161pa\u017eintis","description":"I\u0161sirink patraukliausi\u0105 savo gyvenimo scenarij\u0173: \u2013 kapanotis darbo ir vartojimo spiral\u0117je \u2013 i\u0161leisti u\u017edirbtus pinigus, skolintis ir v\u0117l dirbti iki","robots":{"index":"index","follow":"follow","max-snippet":"max-snippet:-1","max-image-preview":"max-image-preview:large","max-video-preview":"max-video-preview:-1"},"canonical":"https:\/\/skaitytaknyga.lt\/en\/produktas\/investuotojo-ispazintis\/","og_locale":"en_GB","og_type":"article","og_title":"[:lt]Investuotojo i\u0161pa\u017eintis[:] - Skaitytaknyga","og_description":"I\u0161sirink patraukliausi\u0105 savo gyvenimo scenarij\u0173: \u2013 kapanotis darbo ir vartojimo spiral\u0117je \u2013 i\u0161leisti u\u017edirbtus pinigus, skolintis ir v\u0117l dirbti iki","og_url":"https:\/\/skaitytaknyga.lt\/en\/produktas\/investuotojo-ispazintis\/","og_site_name":"Skaitytaknyga","article_publisher":"https:\/\/www.facebook.com\/skaitytaknyga\/","article_modified_time":"2025-10-30T12:50:32+00:00","og_image":[{"width":300,"height":432,"url":"https:\/\/skaitytaknyga.lt\/wp-content\/uploads\/2025\/10\/Investuotojo-ispazintis-1.webp","type":"image\/webp"}],"twitter_card":"summary_large_image","twitter_misc":{"Estimated reading time":"1 minute"},"schema":{"@context":"https:\/\/schema.org","@graph":[{"@type":"WebPage","@id":"https:\/\/skaitytaknyga.lt\/produktas\/investuotojo-ispazintis\/","url":"https:\/\/skaitytaknyga.lt\/produktas\/investuotojo-ispazintis\/","name":"Investuotojo i\u0161pa\u017eintis","isPartOf":{"@id":"https:\/\/skaitytaknyga.lt\/#website"},"primaryImageOfPage":{"@id":"https:\/\/skaitytaknyga.lt\/produktas\/investuotojo-ispazintis\/#primaryimage"},"image":{"@id":"https:\/\/skaitytaknyga.lt\/produktas\/investuotojo-ispazintis\/#primaryimage"},"thumbnailUrl":"https:\/\/skaitytaknyga.lt\/wp-content\/uploads\/2025\/10\/Investuotojo-ispazintis-1.webp","datePublished":"2025-10-30T07:08:50+00:00","dateModified":"2025-10-30T12:50:32+00:00","description":"I\u0161sirink patraukliausi\u0105 savo gyvenimo scenarij\u0173: \u2013 kapanotis darbo ir vartojimo spiral\u0117je \u2013 i\u0161leisti u\u017edirbtus pinigus, skolintis ir v\u0117l dirbti iki","breadcrumb":{"@id":"https:\/\/skaitytaknyga.lt\/produktas\/investuotojo-ispazintis\/#breadcrumb"},"inLanguage":"en-GB","potentialAction":[{"@type":"ReadAction","target":["https:\/\/skaitytaknyga.lt\/produktas\/investuotojo-ispazintis\/"]}]},{"@type":"ImageObject","inLanguage":"en-GB","@id":"https:\/\/skaitytaknyga.lt\/produktas\/investuotojo-ispazintis\/#primaryimage","url":"https:\/\/skaitytaknyga.lt\/wp-content\/uploads\/2025\/10\/Investuotojo-ispazintis-1.webp","contentUrl":"https:\/\/skaitytaknyga.lt\/wp-content\/uploads\/2025\/10\/Investuotojo-ispazintis-1.webp","width":300,"height":432},{"@type":"BreadcrumbList","@id":"https:\/\/skaitytaknyga.lt\/produktas\/investuotojo-ispazintis\/#breadcrumb","itemListElement":[{"@type":"ListItem","position":1,"name":"Home","item":"https:\/\/skaitytaknyga.lt\/"},{"@type":"ListItem","position":2,"name":"Parduotuv\u0117","item":"https:\/\/skaitytaknyga.lt\/knygu-parduotuve\/"},{"@type":"ListItem","position":3,"name":"Investuotojo i\u0161pa\u017eintis"}]},{"@type":"WebSite","@id":"https:\/\/skaitytaknyga.lt\/#website","url":"https:\/\/skaitytaknyga.lt\/","name":"skaitytaknyga.lt","description":"Skaitytaknyga.lt \u2013 tai ma\u017eas \u0161eimos verslas, kuris prasid\u0117jo nuo meil\u0117s knygoms ir siekio i\u0161gelb\u0117ti knygas nuo likimo prie konteinerio. Kas vienam nereikalingas daiktas \u2013 kitam lobis, o mes esame tarpininkai, kurie padeda abiems tapti laimingesniems ???? \u017dinome kaip nelengva i\u0161gyventi ma\u017eiems verslams, tad nuo \u0161iol, \u010dia rasite ir kit\u0173, ma\u017e\u0173 \u0161eim\u0173 versl\u0173, rank\u0173 darbo, dovan\u0173 sau ir artimiesiems.","publisher":{"@id":"https:\/\/skaitytaknyga.lt\/#organization"},"potentialAction":[{"@type":"SearchAction","target":{"@type":"EntryPoint","urlTemplate":"https:\/\/skaitytaknyga.lt\/?s={search_term_string}"},"query-input":{"@type":"PropertyValueSpecification","valueRequired":true,"valueName":"search_term_string"}}],"inLanguage":"en-GB"},{"@type":"Organization","@id":"https:\/\/skaitytaknyga.lt\/#organization","name":"skaitytaknyga.lt","url":"https:\/\/skaitytaknyga.lt\/","logo":{"@type":"ImageObject","inLanguage":"en-GB","@id":"https:\/\/skaitytaknyga.lt\/#\/schema\/logo\/image\/","url":"https:\/\/skaitytaknyga.lt\/wp-content\/uploads\/2024\/05\/cropped-cropped-cropped-02_00843_jt3bggkj1j3HLc7SyY6rEUpg.jpeg","contentUrl":"https:\/\/skaitytaknyga.lt\/wp-content\/uploads\/2024\/05\/cropped-cropped-cropped-02_00843_jt3bggkj1j3HLc7SyY6rEUpg.jpeg","width":1600,"height":1600,"caption":"skaitytaknyga.lt"},"image":{"@id":"https:\/\/skaitytaknyga.lt\/#\/schema\/logo\/image\/"},"sameAs":["https:\/\/www.facebook.com\/skaitytaknyga\/"]}]}},"_links":{"self":[{"href":"https:\/\/skaitytaknyga.lt\/en\/wp-json\/wp\/v2\/product\/21668","targetHints":{"allow":["GET"]}}],"collection":[{"href":"https:\/\/skaitytaknyga.lt\/en\/wp-json\/wp\/v2\/product"}],"about":[{"href":"https:\/\/skaitytaknyga.lt\/en\/wp-json\/wp\/v2\/types\/product"}],"replies":[{"embeddable":true,"href":"https:\/\/skaitytaknyga.lt\/en\/wp-json\/wp\/v2\/comments?post=21668"}],"wp:featuredmedia":[{"embeddable":true,"href":"https:\/\/skaitytaknyga.lt\/en\/wp-json\/wp\/v2\/media\/21682"}],"wp:attachment":[{"href":"https:\/\/skaitytaknyga.lt\/en\/wp-json\/wp\/v2\/media?parent=21668"}],"wp:term":[{"taxonomy":"product_brand","embeddable":true,"href":"https:\/\/skaitytaknyga.lt\/en\/wp-json\/wp\/v2\/product_brand?post=21668"},{"taxonomy":"product_cat","embeddable":true,"href":"https:\/\/skaitytaknyga.lt\/en\/wp-json\/wp\/v2\/product_cat?post=21668"},{"taxonomy":"product_tag","embeddable":true,"href":"https:\/\/skaitytaknyga.lt\/en\/wp-json\/wp\/v2\/product_tag?post=21668"}],"curies":[{"name":"wp","href":"https:\/\/api.w.org\/{rel}","templated":true}]}}