{"id":21667,"date":"2025-10-30T09:08:50","date_gmt":"2025-10-30T07:08:50","guid":{"rendered":"https:\/\/skaitytaknyga.lt\/?post_type=product&#038;p=21667"},"modified":"2026-01-23T09:56:56","modified_gmt":"2026-01-23T07:56:56","slug":"maistaujantis-zmogus","status":"publish","type":"product","link":"https:\/\/skaitytaknyga.lt\/en\/produktas\/maistaujantis-zmogus\/","title":{"rendered":"Mai\u0161taujantis \u017emogus"},"content":{"rendered":"<p>\u201eA\u0161 mai\u0161tauju, vadinasi, mes esame\u201c, \u2013 tvirtina Albert&#8217;as Camus veikale \u201eMai\u0161taujantis \u017emogus\u201c (1951).<\/p>\n<p>Jame kalbama apie mai\u0161t\u0105, kur\u012f tikrove paver\u010dia \u0161eimininko ir vergo dialektika. Mai\u0161tas yra vienintelis b\u016bdas \u012fveikti absurd\u0105. Bet i\u0161 tikr\u0173j\u0173 \u0161iame k\u016brinyje kalbama apie tai, kaip \u017emogus d\u0117l mai\u0161to prisitaiko prie nusikaltimo. Tik taip autorius gali paai\u0161kinti, kod\u0117l XX am\u017eiuje gyvavo totalitarin\u0117s valstyb\u0117s ir koncentracijos stovyklos.<\/p>\n<p>\u0160is es\u0117 \u2013 vienas i\u0161 svarbiausi\u0173 XX am\u017eiaus veikal\u0173, jo aktualumas dar labiau i\u0161ry\u0161k\u0117ja m\u016bs\u0173 dienomis, kai pasaulis bla\u0161kosi tarp mai\u0161to ir terorizmo.<\/p>\n","protected":false},"excerpt":{"rendered":"<p>\u201eA\u0161 mai\u0161tauju, vadinasi, mes esame\u201c, \u2013 tvirtina Albert&#8217;as Camus veikale \u201eMai\u0161taujantis \u017emogus\u201c (1951). Jame kalbama apie mai\u0161t\u0105, kur\u012f tikrove paver\u010dia \u0161eimininko ir vergo dialektika. Mai\u0161tas yra vienintelis b\u016bdas \u012fveikti absurd\u0105. Bet i\u0161 tikr\u0173j\u0173 \u0161iame k\u016brinyje kalbama apie tai, kaip \u017emogus d\u0117l mai\u0161to prisitaiko prie nusikaltimo. Tik taip autorius gali paai\u0161kinti, kod\u0117l XX am\u017eiuje gyvavo totalitarin\u0117s valstyb\u0117s ir koncentracijos stovyklos. \u0160is es\u0117 \u2013 vienas i\u0161 svarbiausi\u0173 XX am\u017eiaus veikal\u0173, jo aktualumas dar labiau i\u0161ry\u0161k\u0117ja m\u016bs\u0173 dienomis, kai pasaulis bla\u0161kosi tarp mai\u0161to ir terorizmo.<\/p>\n","protected":false},"featured_media":21676,"comment_status":"open","ping_status":"closed","template":"","meta":{"_acf_changed":false,"site-sidebar-layout":"default","site-content-layout":"","ast-site-content-layout":"default","site-content-style":"default","site-sidebar-style":"default","ast-global-header-display":"","ast-banner-title-visibility":"","ast-main-header-display":"","ast-hfb-above-header-display":"","ast-hfb-below-header-display":"","ast-hfb-mobile-header-display":"","site-post-title":"","ast-breadcrumbs-content":"","ast-featured-img":"","footer-sml-layout":"","ast-disable-related-posts":"","theme-transparent-header-meta":"","adv-header-id-meta":"","stick-header-meta":"","header-above-stick-meta":"","header-main-stick-meta":"","header-below-stick-meta":"","astra-migrate-meta-layouts":"default","ast-page-background-enabled":"default","ast-page-background-meta":{"desktop":{"background-color":"","background-image":"","background-repeat":"repeat","background-position":"center center","background-size":"auto","background-attachment":"scroll","background-type":"","background-media":"","overlay-type":"","overlay-color":"","overlay-opacity":"","overlay-gradient":""},"tablet":{"background-color":"","background-image":"","background-repeat":"repeat","background-position":"center center","background-size":"auto","background-attachment":"scroll","background-type":"","background-media":"","overlay-type":"","overlay-color":"","overlay-opacity":"","overlay-gradient":""},"mobile":{"background-color":"","background-image":"","background-repeat":"repeat","background-position":"center center","background-size":"auto","background-attachment":"scroll","background-type":"","background-media":"","overlay-type":"","overlay-color":"","overlay-opacity":"","overlay-gradient":""}},"ast-content-background-meta":{"desktop":{"background-color":"var(--ast-global-color-4)","background-image":"","background-repeat":"repeat","background-position":"center center","background-size":"auto","background-attachment":"scroll","background-type":"","background-media":"","overlay-type":"","overlay-color":"","overlay-opacity":"","overlay-gradient":""},"tablet":{"background-color":"var(--ast-global-color-4)","background-image":"","background-repeat":"repeat","background-position":"center center","background-size":"auto","background-attachment":"scroll","background-type":"","background-media":"","overlay-type":"","overlay-color":"","overlay-opacity":"","overlay-gradient":""},"mobile":{"background-color":"var(--ast-global-color-4)","background-image":"","background-repeat":"repeat","background-position":"center center","background-size":"auto","background-attachment":"scroll","background-type":"","background-media":"","overlay-type":"","overlay-color":"","overlay-opacity":"","overlay-gradient":""}}},"product_brand":[],"product_cat":[15],"product_tag":[],"class_list":{"0":"post-21667","1":"product","2":"type-product","3":"status-publish","4":"has-post-thumbnail","6":"product_cat-uncategorized","7":"desktop-align-left","8":"tablet-align-left","9":"mobile-align-left","11":"first","12":"outofstock","13":"shipping-taxable","14":"purchasable","15":"product-type-simple"},"acf":[],"yoast_head":"<!-- This site is optimized with the Yoast SEO plugin v27.0 - https:\/\/yoast.com\/product\/yoast-seo-wordpress\/ -->\n<title>Mai\u0161taujantis \u017emogus<\/title>\n<meta name=\"description\" content=\"\u201eA\u0161 mai\u0161tauju, vadinasi, mes esame\u201c, \u2013 tvirtina Albert&#039;as Camus veikale \u201eMai\u0161taujantis \u017emogus\u201c (1951). Jame kalbama apie mai\u0161t\u0105, kur\u012f tikrove paver\u010dia\" \/>\n<meta name=\"robots\" content=\"index, follow, max-snippet:-1, max-image-preview:large, max-video-preview:-1\" \/>\n<link rel=\"canonical\" href=\"https:\/\/skaitytaknyga.lt\/en\/produktas\/maistaujantis-zmogus\/\" \/>\n<meta property=\"og:locale\" content=\"en_GB\" \/>\n<meta property=\"og:locale:alternate\" content=\"lt_LT\" \/>\n<meta property=\"og:type\" content=\"article\" \/>\n<meta property=\"og:title\" content=\"Mai\u0161taujantis \u017emogus\" \/>\n<meta property=\"og:description\" content=\"\u201eA\u0161 mai\u0161tauju, vadinasi, mes esame\u201c, \u2013 tvirtina Albert&#039;as Camus veikale \u201eMai\u0161taujantis \u017emogus\u201c (1951). Jame kalbama apie mai\u0161t\u0105, kur\u012f tikrove paver\u010dia\" \/>\n<meta property=\"og:url\" content=\"https:\/\/skaitytaknyga.lt\/en\/produktas\/maistaujantis-zmogus\/\" \/>\n<meta property=\"og:site_name\" content=\"Skaitytaknyga\" \/>\n<meta property=\"article:publisher\" content=\"https:\/\/www.facebook.com\/skaitytaknyga\/\" \/>\n<meta property=\"article:modified_time\" content=\"2026-01-23T07:56:56+00:00\" \/>\n<meta property=\"og:image\" content=\"https:\/\/skaitytaknyga.lt\/wp-content\/uploads\/2025\/10\/Maistaujantis-zmogus-1.webp\" \/>\n\t<meta property=\"og:image:width\" content=\"300\" \/>\n\t<meta property=\"og:image:height\" content=\"426\" \/>\n\t<meta property=\"og:image:type\" content=\"image\/webp\" \/>\n<meta name=\"twitter:card\" content=\"summary_large_image\" \/>\n<meta name=\"twitter:label1\" content=\"Estimated reading time\" \/>\n\t<meta name=\"twitter:data1\" content=\"1 minute\" \/>\n<script type=\"application\/ld+json\" class=\"yoast-schema-graph\">{\"@context\":\"https:\/\/schema.org\",\"@graph\":[{\"@type\":\"WebPage\",\"@id\":\"https:\/\/skaitytaknyga.lt\/produktas\/maistaujantis-zmogus\/\",\"url\":\"https:\/\/skaitytaknyga.lt\/produktas\/maistaujantis-zmogus\/\",\"name\":\"Mai\u0161taujantis \u017emogus\",\"isPartOf\":{\"@id\":\"https:\/\/skaitytaknyga.lt\/#website\"},\"primaryImageOfPage\":{\"@id\":\"https:\/\/skaitytaknyga.lt\/produktas\/maistaujantis-zmogus\/#primaryimage\"},\"image\":{\"@id\":\"https:\/\/skaitytaknyga.lt\/produktas\/maistaujantis-zmogus\/#primaryimage\"},\"thumbnailUrl\":\"https:\/\/skaitytaknyga.lt\/wp-content\/uploads\/2025\/10\/Maistaujantis-zmogus-1.webp\",\"datePublished\":\"2025-10-30T07:08:50+00:00\",\"dateModified\":\"2026-01-23T07:56:56+00:00\",\"description\":\"\u201eA\u0161 mai\u0161tauju, vadinasi, mes esame\u201c, \u2013 tvirtina Albert'as Camus veikale \u201eMai\u0161taujantis \u017emogus\u201c (1951). Jame kalbama apie mai\u0161t\u0105, kur\u012f tikrove paver\u010dia\",\"breadcrumb\":{\"@id\":\"https:\/\/skaitytaknyga.lt\/produktas\/maistaujantis-zmogus\/#breadcrumb\"},\"inLanguage\":\"en-GB\",\"potentialAction\":[{\"@type\":\"ReadAction\",\"target\":[\"https:\/\/skaitytaknyga.lt\/produktas\/maistaujantis-zmogus\/\"]}]},{\"@type\":\"ImageObject\",\"inLanguage\":\"en-GB\",\"@id\":\"https:\/\/skaitytaknyga.lt\/produktas\/maistaujantis-zmogus\/#primaryimage\",\"url\":\"https:\/\/skaitytaknyga.lt\/wp-content\/uploads\/2025\/10\/Maistaujantis-zmogus-1.webp\",\"contentUrl\":\"https:\/\/skaitytaknyga.lt\/wp-content\/uploads\/2025\/10\/Maistaujantis-zmogus-1.webp\",\"width\":300,\"height\":426,\"caption\":\"Mai\u0161taujantis \u017emogus (1)\"},{\"@type\":\"BreadcrumbList\",\"@id\":\"https:\/\/skaitytaknyga.lt\/produktas\/maistaujantis-zmogus\/#breadcrumb\",\"itemListElement\":[{\"@type\":\"ListItem\",\"position\":1,\"name\":\"Home\",\"item\":\"https:\/\/skaitytaknyga.lt\/\"},{\"@type\":\"ListItem\",\"position\":2,\"name\":\"Parduotuv\u0117\",\"item\":\"https:\/\/skaitytaknyga.lt\/knygu-parduotuve\/\"},{\"@type\":\"ListItem\",\"position\":3,\"name\":\"Mai\u0161taujantis \u017emogus\"}]},{\"@type\":\"WebSite\",\"@id\":\"https:\/\/skaitytaknyga.lt\/#website\",\"url\":\"https:\/\/skaitytaknyga.lt\/\",\"name\":\"skaitytaknyga.lt\",\"description\":\"Skaitytaknyga.lt \u2013 tai ma\u017eas \u0161eimos verslas, kuris prasid\u0117jo nuo meil\u0117s knygoms ir siekio i\u0161gelb\u0117ti knygas nuo likimo prie konteinerio. Kas vienam nereikalingas daiktas \u2013 kitam lobis, o mes esame tarpininkai, kurie padeda abiems tapti laimingesniems ???? \u017dinome kaip nelengva i\u0161gyventi ma\u017eiems verslams, tad nuo \u0161iol, \u010dia rasite ir kit\u0173, ma\u017e\u0173 \u0161eim\u0173 versl\u0173, rank\u0173 darbo, dovan\u0173 sau ir artimiesiems.\",\"publisher\":{\"@id\":\"https:\/\/skaitytaknyga.lt\/#organization\"},\"potentialAction\":[{\"@type\":\"SearchAction\",\"target\":{\"@type\":\"EntryPoint\",\"urlTemplate\":\"https:\/\/skaitytaknyga.lt\/?s={search_term_string}\"},\"query-input\":{\"@type\":\"PropertyValueSpecification\",\"valueRequired\":true,\"valueName\":\"search_term_string\"}}],\"inLanguage\":\"en-GB\"},{\"@type\":\"Organization\",\"@id\":\"https:\/\/skaitytaknyga.lt\/#organization\",\"name\":\"skaitytaknyga.lt\",\"url\":\"https:\/\/skaitytaknyga.lt\/\",\"logo\":{\"@type\":\"ImageObject\",\"inLanguage\":\"en-GB\",\"@id\":\"https:\/\/skaitytaknyga.lt\/#\/schema\/logo\/image\/\",\"url\":\"https:\/\/skaitytaknyga.lt\/wp-content\/uploads\/2024\/05\/cropped-cropped-cropped-02_00843_jt3bggkj1j3HLc7SyY6rEUpg.jpeg\",\"contentUrl\":\"https:\/\/skaitytaknyga.lt\/wp-content\/uploads\/2024\/05\/cropped-cropped-cropped-02_00843_jt3bggkj1j3HLc7SyY6rEUpg.jpeg\",\"width\":1600,\"height\":1600,\"caption\":\"skaitytaknyga.lt\"},\"image\":{\"@id\":\"https:\/\/skaitytaknyga.lt\/#\/schema\/logo\/image\/\"},\"sameAs\":[\"https:\/\/www.facebook.com\/skaitytaknyga\/\"]}]}<\/script>\n<!-- \/ Yoast SEO plugin. -->","yoast_head_json":{"title":"Mai\u0161taujantis \u017emogus","description":"\u201eA\u0161 mai\u0161tauju, vadinasi, mes esame\u201c, \u2013 tvirtina Albert'as Camus veikale \u201eMai\u0161taujantis \u017emogus\u201c (1951). Jame kalbama apie mai\u0161t\u0105, kur\u012f tikrove paver\u010dia","robots":{"index":"index","follow":"follow","max-snippet":"max-snippet:-1","max-image-preview":"max-image-preview:large","max-video-preview":"max-video-preview:-1"},"canonical":"https:\/\/skaitytaknyga.lt\/en\/produktas\/maistaujantis-zmogus\/","og_locale":"en_GB","og_type":"article","og_title":"[:lt]Mai\u0161taujantis \u017emogus[:] - Skaitytaknyga","og_description":"\u201eA\u0161 mai\u0161tauju, vadinasi, mes esame\u201c, \u2013 tvirtina Albert'as Camus veikale \u201eMai\u0161taujantis \u017emogus\u201c (1951). Jame kalbama apie mai\u0161t\u0105, kur\u012f tikrove paver\u010dia","og_url":"https:\/\/skaitytaknyga.lt\/en\/produktas\/maistaujantis-zmogus\/","og_site_name":"Skaitytaknyga","article_publisher":"https:\/\/www.facebook.com\/skaitytaknyga\/","article_modified_time":"2026-01-23T07:56:56+00:00","og_image":[{"width":300,"height":426,"url":"https:\/\/skaitytaknyga.lt\/wp-content\/uploads\/2025\/10\/Maistaujantis-zmogus-1.webp","type":"image\/webp"}],"twitter_card":"summary_large_image","twitter_misc":{"Estimated reading time":"1 minute"},"schema":{"@context":"https:\/\/schema.org","@graph":[{"@type":"WebPage","@id":"https:\/\/skaitytaknyga.lt\/produktas\/maistaujantis-zmogus\/","url":"https:\/\/skaitytaknyga.lt\/produktas\/maistaujantis-zmogus\/","name":"Mai\u0161taujantis \u017emogus","isPartOf":{"@id":"https:\/\/skaitytaknyga.lt\/#website"},"primaryImageOfPage":{"@id":"https:\/\/skaitytaknyga.lt\/produktas\/maistaujantis-zmogus\/#primaryimage"},"image":{"@id":"https:\/\/skaitytaknyga.lt\/produktas\/maistaujantis-zmogus\/#primaryimage"},"thumbnailUrl":"https:\/\/skaitytaknyga.lt\/wp-content\/uploads\/2025\/10\/Maistaujantis-zmogus-1.webp","datePublished":"2025-10-30T07:08:50+00:00","dateModified":"2026-01-23T07:56:56+00:00","description":"\u201eA\u0161 mai\u0161tauju, vadinasi, mes esame\u201c, \u2013 tvirtina Albert'as Camus veikale \u201eMai\u0161taujantis \u017emogus\u201c (1951). Jame kalbama apie mai\u0161t\u0105, kur\u012f tikrove paver\u010dia","breadcrumb":{"@id":"https:\/\/skaitytaknyga.lt\/produktas\/maistaujantis-zmogus\/#breadcrumb"},"inLanguage":"en-GB","potentialAction":[{"@type":"ReadAction","target":["https:\/\/skaitytaknyga.lt\/produktas\/maistaujantis-zmogus\/"]}]},{"@type":"ImageObject","inLanguage":"en-GB","@id":"https:\/\/skaitytaknyga.lt\/produktas\/maistaujantis-zmogus\/#primaryimage","url":"https:\/\/skaitytaknyga.lt\/wp-content\/uploads\/2025\/10\/Maistaujantis-zmogus-1.webp","contentUrl":"https:\/\/skaitytaknyga.lt\/wp-content\/uploads\/2025\/10\/Maistaujantis-zmogus-1.webp","width":300,"height":426,"caption":"Mai\u0161taujantis \u017emogus (1)"},{"@type":"BreadcrumbList","@id":"https:\/\/skaitytaknyga.lt\/produktas\/maistaujantis-zmogus\/#breadcrumb","itemListElement":[{"@type":"ListItem","position":1,"name":"Home","item":"https:\/\/skaitytaknyga.lt\/"},{"@type":"ListItem","position":2,"name":"Parduotuv\u0117","item":"https:\/\/skaitytaknyga.lt\/knygu-parduotuve\/"},{"@type":"ListItem","position":3,"name":"Mai\u0161taujantis \u017emogus"}]},{"@type":"WebSite","@id":"https:\/\/skaitytaknyga.lt\/#website","url":"https:\/\/skaitytaknyga.lt\/","name":"skaitytaknyga.lt","description":"Skaitytaknyga.lt \u2013 tai ma\u017eas \u0161eimos verslas, kuris prasid\u0117jo nuo meil\u0117s knygoms ir siekio i\u0161gelb\u0117ti knygas nuo likimo prie konteinerio. Kas vienam nereikalingas daiktas \u2013 kitam lobis, o mes esame tarpininkai, kurie padeda abiems tapti laimingesniems ???? \u017dinome kaip nelengva i\u0161gyventi ma\u017eiems verslams, tad nuo \u0161iol, \u010dia rasite ir kit\u0173, ma\u017e\u0173 \u0161eim\u0173 versl\u0173, rank\u0173 darbo, dovan\u0173 sau ir artimiesiems.","publisher":{"@id":"https:\/\/skaitytaknyga.lt\/#organization"},"potentialAction":[{"@type":"SearchAction","target":{"@type":"EntryPoint","urlTemplate":"https:\/\/skaitytaknyga.lt\/?s={search_term_string}"},"query-input":{"@type":"PropertyValueSpecification","valueRequired":true,"valueName":"search_term_string"}}],"inLanguage":"en-GB"},{"@type":"Organization","@id":"https:\/\/skaitytaknyga.lt\/#organization","name":"skaitytaknyga.lt","url":"https:\/\/skaitytaknyga.lt\/","logo":{"@type":"ImageObject","inLanguage":"en-GB","@id":"https:\/\/skaitytaknyga.lt\/#\/schema\/logo\/image\/","url":"https:\/\/skaitytaknyga.lt\/wp-content\/uploads\/2024\/05\/cropped-cropped-cropped-02_00843_jt3bggkj1j3HLc7SyY6rEUpg.jpeg","contentUrl":"https:\/\/skaitytaknyga.lt\/wp-content\/uploads\/2024\/05\/cropped-cropped-cropped-02_00843_jt3bggkj1j3HLc7SyY6rEUpg.jpeg","width":1600,"height":1600,"caption":"skaitytaknyga.lt"},"image":{"@id":"https:\/\/skaitytaknyga.lt\/#\/schema\/logo\/image\/"},"sameAs":["https:\/\/www.facebook.com\/skaitytaknyga\/"]}]}},"_links":{"self":[{"href":"https:\/\/skaitytaknyga.lt\/en\/wp-json\/wp\/v2\/product\/21667","targetHints":{"allow":["GET"]}}],"collection":[{"href":"https:\/\/skaitytaknyga.lt\/en\/wp-json\/wp\/v2\/product"}],"about":[{"href":"https:\/\/skaitytaknyga.lt\/en\/wp-json\/wp\/v2\/types\/product"}],"replies":[{"embeddable":true,"href":"https:\/\/skaitytaknyga.lt\/en\/wp-json\/wp\/v2\/comments?post=21667"}],"wp:featuredmedia":[{"embeddable":true,"href":"https:\/\/skaitytaknyga.lt\/en\/wp-json\/wp\/v2\/media\/21676"}],"wp:attachment":[{"href":"https:\/\/skaitytaknyga.lt\/en\/wp-json\/wp\/v2\/media?parent=21667"}],"wp:term":[{"taxonomy":"product_brand","embeddable":true,"href":"https:\/\/skaitytaknyga.lt\/en\/wp-json\/wp\/v2\/product_brand?post=21667"},{"taxonomy":"product_cat","embeddable":true,"href":"https:\/\/skaitytaknyga.lt\/en\/wp-json\/wp\/v2\/product_cat?post=21667"},{"taxonomy":"product_tag","embeddable":true,"href":"https:\/\/skaitytaknyga.lt\/en\/wp-json\/wp\/v2\/product_tag?post=21667"}],"curies":[{"name":"wp","href":"https:\/\/api.w.org\/{rel}","templated":true}]}}