{"id":21658,"date":"2025-10-30T08:26:37","date_gmt":"2025-10-30T06:26:37","guid":{"rendered":"https:\/\/skaitytaknyga.lt\/?post_type=product&#038;p=21658"},"modified":"2025-10-30T14:50:21","modified_gmt":"2025-10-30T12:50:21","slug":"versle-smulkmenu-nera","status":"publish","type":"product","link":"https:\/\/skaitytaknyga.lt\/en\/produktas\/versle-smulkmenu-nera\/","title":{"rendered":"Versle smulkmen\u0173 n\u0117ra"},"content":{"rendered":"<p>601 paprastas rakta\u017eodis, kuris jums pad\u0117s i\u0161gars\u0117ti ir pasiekti s\u0117km\u0119 visose situacijose.<\/p>\n<p>Pradedant internetu, e-komercija ir baigiant darbo kontraktu bei globalizacija, m\u016bs\u0173 darbo pob\u016bdis ir komunikacijanuolat kinta. Ta\u010diau lieka vienas esminis faktas: negalime pamir\u0161ti ma\u017e\u0173 dalyk\u0173, detali\u0173, kurios rodo m\u016bs\u0173 mok\u0117jim\u0105 su kitais bendrauti ir s\u0105veikauti profesiniu lygiu, nepaisant m\u016bs\u0173 pareig\u0173 ar kvalifikacijos.<\/p>\n<p>Ilgamet\u0117 verslo komunikacij\u0173 konsultant\u0117 ir vadov\u0117 Barbara Pachter si\u016blo 601 esmin\u0119 taisykl\u0119, kaip elgtis tam tikrose situacijose bei kaip konfidencialiai bei paprastai bendrauti. Jautriu stiliumi para\u0161yta, gyvenimi\u0161komis istorijomis pa\u012fvairinta knyga si\u016blo vertingus patarimus, pad\u0117sian\u010dius pasiekti auk\u0161tesn\u012f profesionalumo ir s\u0117km\u0117s lyg\u012f.<\/p>\n<p>Apie autor\u0119<\/p>\n<p>Barbara Pachter yra verslo komunikacijos konsultant\u0117, lektor\u0117 ir seminar\u0173 vedan\u010dioji, turinti nacionalin\u0119 ir tarptautin\u0119 auditorij\u0105. Ji gvildena temas: u\u017esispyrimas, verslo etiketas, tarptautin\u0117 komunikacija, moter\u0173 klausimas ir prezentacijos \u012fg\u016bd\u017eiai. Vadovavo daugiau kaip 1 600 \u012fg\u016bd\u017ei\u0173 formavimo seminar\u0173, o jos klientai yra DaimlerChrysler, Pfizer, Inc., Microsoft. Ji yra Rurgers universiteto asistent\u0117, knygos The Power of Positive Confrontation autor\u0117, taip pat penki\u0173 verslo knyg\u0173 bendraautor\u0117, \u012frskaitant The Prentice Hall Complete Business Etiquette Handbook ir The Jerk with the Cell Phone.<\/p>\n","protected":false},"excerpt":{"rendered":"<p>601 paprastas rakta\u017eodis, kuris jums pad\u0117s i\u0161gars\u0117ti ir pasiekti s\u0117km\u0119 visose situacijose. Pradedant internetu, e-komercija ir baigiant darbo kontraktu bei globalizacija, m\u016bs\u0173 darbo pob\u016bdis ir komunikacijanuolat kinta. Ta\u010diau lieka vienas esminis faktas: negalime pamir\u0161ti ma\u017e\u0173 dalyk\u0173, detali\u0173, kurios rodo m\u016bs\u0173 mok\u0117jim\u0105 su kitais bendrauti ir s\u0105veikauti profesiniu lygiu, nepaisant m\u016bs\u0173 pareig\u0173 ar kvalifikacijos. Ilgamet\u0117 verslo komunikacij\u0173 konsultant\u0117 ir vadov\u0117 Barbara Pachter si\u016blo 601 esmin\u0119 taisykl\u0119, kaip elgtis tam tikrose situacijose bei kaip konfidencialiai bei paprastai bendrauti. Jautriu stiliumi para\u0161yta, gyvenimi\u0161komis istorijomis pa\u012fvairinta knyga si\u016blo vertingus patarimus, pad\u0117sian\u010dius pasiekti auk\u0161tesn\u012f profesionalumo ir s\u0117km\u0117s lyg\u012f. Apie autor\u0119 Barbara Pachter yra verslo komunikacijos konsultant\u0117, lektor\u0117 ir seminar\u0173 vedan\u010dioji, turinti nacionalin\u0119 ir tarptautin\u0119 auditorij\u0105. Ji gvildena temas: u\u017esispyrimas, verslo etiketas, tarptautin\u0117 komunikacija, moter\u0173 klausimas ir prezentacijos \u012fg\u016bd\u017eiai. Vadovavo daugiau kaip 1 600 \u012fg\u016bd\u017ei\u0173 formavimo seminar\u0173, o jos klientai yra DaimlerChrysler, Pfizer, Inc., Microsoft. Ji yra Rurgers universiteto asistent\u0117, knygos The Power of Positive Confrontation autor\u0117, taip pat penki\u0173 verslo knyg\u0173 bendraautor\u0117, \u012frskaitant The Prentice Hall Complete Business Etiquette Handbook ir The Jerk with the Cell Phone.<\/p>\n","protected":false},"featured_media":21664,"comment_status":"open","ping_status":"closed","template":"","meta":{"_acf_changed":false,"site-sidebar-layout":"default","site-content-layout":"","ast-site-content-layout":"default","site-content-style":"default","site-sidebar-style":"default","ast-global-header-display":"","ast-banner-title-visibility":"","ast-main-header-display":"","ast-hfb-above-header-display":"","ast-hfb-below-header-display":"","ast-hfb-mobile-header-display":"","site-post-title":"","ast-breadcrumbs-content":"","ast-featured-img":"","footer-sml-layout":"","ast-disable-related-posts":"","theme-transparent-header-meta":"","adv-header-id-meta":"","stick-header-meta":"","header-above-stick-meta":"","header-main-stick-meta":"","header-below-stick-meta":"","astra-migrate-meta-layouts":"default","ast-page-background-enabled":"default","ast-page-background-meta":{"desktop":{"background-color":"","background-image":"","background-repeat":"repeat","background-position":"center center","background-size":"auto","background-attachment":"scroll","background-type":"","background-media":"","overlay-type":"","overlay-color":"","overlay-opacity":"","overlay-gradient":""},"tablet":{"background-color":"","background-image":"","background-repeat":"repeat","background-position":"center center","background-size":"auto","background-attachment":"scroll","background-type":"","background-media":"","overlay-type":"","overlay-color":"","overlay-opacity":"","overlay-gradient":""},"mobile":{"background-color":"","background-image":"","background-repeat":"repeat","background-position":"center center","background-size":"auto","background-attachment":"scroll","background-type":"","background-media":"","overlay-type":"","overlay-color":"","overlay-opacity":"","overlay-gradient":""}},"ast-content-background-meta":{"desktop":{"background-color":"var(--ast-global-color-4)","background-image":"","background-repeat":"repeat","background-position":"center center","background-size":"auto","background-attachment":"scroll","background-type":"","background-media":"","overlay-type":"","overlay-color":"","overlay-opacity":"","overlay-gradient":""},"tablet":{"background-color":"var(--ast-global-color-4)","background-image":"","background-repeat":"repeat","background-position":"center center","background-size":"auto","background-attachment":"scroll","background-type":"","background-media":"","overlay-type":"","overlay-color":"","overlay-opacity":"","overlay-gradient":""},"mobile":{"background-color":"var(--ast-global-color-4)","background-image":"","background-repeat":"repeat","background-position":"center center","background-size":"auto","background-attachment":"scroll","background-type":"","background-media":"","overlay-type":"","overlay-color":"","overlay-opacity":"","overlay-gradient":""}}},"product_brand":[],"product_cat":[15],"product_tag":[],"class_list":{"0":"post-21658","1":"product","2":"type-product","3":"status-publish","4":"has-post-thumbnail","6":"product_cat-uncategorized","7":"desktop-align-left","8":"tablet-align-left","9":"mobile-align-left","11":"first","12":"instock","13":"shipping-taxable","14":"purchasable","15":"product-type-simple"},"acf":[],"yoast_head":"<!-- This site is optimized with the Yoast SEO plugin v27.0 - https:\/\/yoast.com\/product\/yoast-seo-wordpress\/ -->\n<title>Versle smulkmen\u0173 n\u0117ra<\/title>\n<meta name=\"description\" content=\"601 paprastas rakta\u017eodis, kuris jums pad\u0117s i\u0161gars\u0117ti ir pasiekti s\u0117km\u0119 visose situacijose. Pradedant internetu, e-komercija ir baigiant darbo kontraktu\" \/>\n<meta name=\"robots\" content=\"index, follow, max-snippet:-1, max-image-preview:large, max-video-preview:-1\" \/>\n<link rel=\"canonical\" href=\"https:\/\/skaitytaknyga.lt\/en\/produktas\/versle-smulkmenu-nera\/\" \/>\n<meta property=\"og:locale\" content=\"en_GB\" \/>\n<meta property=\"og:locale:alternate\" content=\"lt_LT\" \/>\n<meta property=\"og:type\" content=\"article\" \/>\n<meta property=\"og:title\" content=\"Versle smulkmen\u0173 n\u0117ra\" \/>\n<meta property=\"og:description\" content=\"601 paprastas rakta\u017eodis, kuris jums pad\u0117s i\u0161gars\u0117ti ir pasiekti s\u0117km\u0119 visose situacijose. Pradedant internetu, e-komercija ir baigiant darbo kontraktu\" \/>\n<meta property=\"og:url\" content=\"https:\/\/skaitytaknyga.lt\/en\/produktas\/versle-smulkmenu-nera\/\" \/>\n<meta property=\"og:site_name\" content=\"Skaitytaknyga\" \/>\n<meta property=\"article:publisher\" content=\"https:\/\/www.facebook.com\/skaitytaknyga\/\" \/>\n<meta property=\"article:modified_time\" content=\"2025-10-30T12:50:21+00:00\" \/>\n<meta property=\"og:image\" content=\"https:\/\/skaitytaknyga.lt\/wp-content\/uploads\/2025\/10\/Versle-smulkmenu-nera-2.webp\" \/>\n\t<meta property=\"og:image:width\" content=\"300\" \/>\n\t<meta property=\"og:image:height\" content=\"427\" \/>\n\t<meta property=\"og:image:type\" content=\"image\/webp\" \/>\n<meta name=\"twitter:card\" content=\"summary_large_image\" \/>\n<meta name=\"twitter:label1\" content=\"Estimated reading time\" \/>\n\t<meta name=\"twitter:data1\" content=\"1 minute\" \/>\n<script type=\"application\/ld+json\" class=\"yoast-schema-graph\">{\"@context\":\"https:\/\/schema.org\",\"@graph\":[{\"@type\":\"WebPage\",\"@id\":\"https:\/\/skaitytaknyga.lt\/produktas\/versle-smulkmenu-nera\/\",\"url\":\"https:\/\/skaitytaknyga.lt\/produktas\/versle-smulkmenu-nera\/\",\"name\":\"Versle smulkmen\u0173 n\u0117ra\",\"isPartOf\":{\"@id\":\"https:\/\/skaitytaknyga.lt\/#website\"},\"primaryImageOfPage\":{\"@id\":\"https:\/\/skaitytaknyga.lt\/produktas\/versle-smulkmenu-nera\/#primaryimage\"},\"image\":{\"@id\":\"https:\/\/skaitytaknyga.lt\/produktas\/versle-smulkmenu-nera\/#primaryimage\"},\"thumbnailUrl\":\"https:\/\/skaitytaknyga.lt\/wp-content\/uploads\/2025\/10\/Versle-smulkmenu-nera-2.webp\",\"datePublished\":\"2025-10-30T06:26:37+00:00\",\"dateModified\":\"2025-10-30T12:50:21+00:00\",\"description\":\"601 paprastas rakta\u017eodis, kuris jums pad\u0117s i\u0161gars\u0117ti ir pasiekti s\u0117km\u0119 visose situacijose. Pradedant internetu, e-komercija ir baigiant darbo kontraktu\",\"breadcrumb\":{\"@id\":\"https:\/\/skaitytaknyga.lt\/produktas\/versle-smulkmenu-nera\/#breadcrumb\"},\"inLanguage\":\"en-GB\",\"potentialAction\":[{\"@type\":\"ReadAction\",\"target\":[\"https:\/\/skaitytaknyga.lt\/produktas\/versle-smulkmenu-nera\/\"]}]},{\"@type\":\"ImageObject\",\"inLanguage\":\"en-GB\",\"@id\":\"https:\/\/skaitytaknyga.lt\/produktas\/versle-smulkmenu-nera\/#primaryimage\",\"url\":\"https:\/\/skaitytaknyga.lt\/wp-content\/uploads\/2025\/10\/Versle-smulkmenu-nera-2.webp\",\"contentUrl\":\"https:\/\/skaitytaknyga.lt\/wp-content\/uploads\/2025\/10\/Versle-smulkmenu-nera-2.webp\",\"width\":300,\"height\":427},{\"@type\":\"BreadcrumbList\",\"@id\":\"https:\/\/skaitytaknyga.lt\/produktas\/versle-smulkmenu-nera\/#breadcrumb\",\"itemListElement\":[{\"@type\":\"ListItem\",\"position\":1,\"name\":\"Home\",\"item\":\"https:\/\/skaitytaknyga.lt\/\"},{\"@type\":\"ListItem\",\"position\":2,\"name\":\"Parduotuv\u0117\",\"item\":\"https:\/\/skaitytaknyga.lt\/knygu-parduotuve\/\"},{\"@type\":\"ListItem\",\"position\":3,\"name\":\"Versle smulkmen\u0173 n\u0117ra\"}]},{\"@type\":\"WebSite\",\"@id\":\"https:\/\/skaitytaknyga.lt\/#website\",\"url\":\"https:\/\/skaitytaknyga.lt\/\",\"name\":\"skaitytaknyga.lt\",\"description\":\"Skaitytaknyga.lt \u2013 tai ma\u017eas \u0161eimos verslas, kuris prasid\u0117jo nuo meil\u0117s knygoms ir siekio i\u0161gelb\u0117ti knygas nuo likimo prie konteinerio. Kas vienam nereikalingas daiktas \u2013 kitam lobis, o mes esame tarpininkai, kurie padeda abiems tapti laimingesniems ???? \u017dinome kaip nelengva i\u0161gyventi ma\u017eiems verslams, tad nuo \u0161iol, \u010dia rasite ir kit\u0173, ma\u017e\u0173 \u0161eim\u0173 versl\u0173, rank\u0173 darbo, dovan\u0173 sau ir artimiesiems.\",\"publisher\":{\"@id\":\"https:\/\/skaitytaknyga.lt\/#organization\"},\"potentialAction\":[{\"@type\":\"SearchAction\",\"target\":{\"@type\":\"EntryPoint\",\"urlTemplate\":\"https:\/\/skaitytaknyga.lt\/?s={search_term_string}\"},\"query-input\":{\"@type\":\"PropertyValueSpecification\",\"valueRequired\":true,\"valueName\":\"search_term_string\"}}],\"inLanguage\":\"en-GB\"},{\"@type\":\"Organization\",\"@id\":\"https:\/\/skaitytaknyga.lt\/#organization\",\"name\":\"skaitytaknyga.lt\",\"url\":\"https:\/\/skaitytaknyga.lt\/\",\"logo\":{\"@type\":\"ImageObject\",\"inLanguage\":\"en-GB\",\"@id\":\"https:\/\/skaitytaknyga.lt\/#\/schema\/logo\/image\/\",\"url\":\"https:\/\/skaitytaknyga.lt\/wp-content\/uploads\/2024\/05\/cropped-cropped-cropped-02_00843_jt3bggkj1j3HLc7SyY6rEUpg.jpeg\",\"contentUrl\":\"https:\/\/skaitytaknyga.lt\/wp-content\/uploads\/2024\/05\/cropped-cropped-cropped-02_00843_jt3bggkj1j3HLc7SyY6rEUpg.jpeg\",\"width\":1600,\"height\":1600,\"caption\":\"skaitytaknyga.lt\"},\"image\":{\"@id\":\"https:\/\/skaitytaknyga.lt\/#\/schema\/logo\/image\/\"},\"sameAs\":[\"https:\/\/www.facebook.com\/skaitytaknyga\/\"]}]}<\/script>\n<!-- \/ Yoast SEO plugin. -->","yoast_head_json":{"title":"Versle smulkmen\u0173 n\u0117ra","description":"601 paprastas rakta\u017eodis, kuris jums pad\u0117s i\u0161gars\u0117ti ir pasiekti s\u0117km\u0119 visose situacijose. Pradedant internetu, e-komercija ir baigiant darbo kontraktu","robots":{"index":"index","follow":"follow","max-snippet":"max-snippet:-1","max-image-preview":"max-image-preview:large","max-video-preview":"max-video-preview:-1"},"canonical":"https:\/\/skaitytaknyga.lt\/en\/produktas\/versle-smulkmenu-nera\/","og_locale":"en_GB","og_type":"article","og_title":"[:lt]Versle smulkmen\u0173 n\u0117ra[:] - Skaitytaknyga","og_description":"601 paprastas rakta\u017eodis, kuris jums pad\u0117s i\u0161gars\u0117ti ir pasiekti s\u0117km\u0119 visose situacijose. Pradedant internetu, e-komercija ir baigiant darbo kontraktu","og_url":"https:\/\/skaitytaknyga.lt\/en\/produktas\/versle-smulkmenu-nera\/","og_site_name":"Skaitytaknyga","article_publisher":"https:\/\/www.facebook.com\/skaitytaknyga\/","article_modified_time":"2025-10-30T12:50:21+00:00","og_image":[{"width":300,"height":427,"url":"https:\/\/skaitytaknyga.lt\/wp-content\/uploads\/2025\/10\/Versle-smulkmenu-nera-2.webp","type":"image\/webp"}],"twitter_card":"summary_large_image","twitter_misc":{"Estimated reading time":"1 minute"},"schema":{"@context":"https:\/\/schema.org","@graph":[{"@type":"WebPage","@id":"https:\/\/skaitytaknyga.lt\/produktas\/versle-smulkmenu-nera\/","url":"https:\/\/skaitytaknyga.lt\/produktas\/versle-smulkmenu-nera\/","name":"Versle smulkmen\u0173 n\u0117ra","isPartOf":{"@id":"https:\/\/skaitytaknyga.lt\/#website"},"primaryImageOfPage":{"@id":"https:\/\/skaitytaknyga.lt\/produktas\/versle-smulkmenu-nera\/#primaryimage"},"image":{"@id":"https:\/\/skaitytaknyga.lt\/produktas\/versle-smulkmenu-nera\/#primaryimage"},"thumbnailUrl":"https:\/\/skaitytaknyga.lt\/wp-content\/uploads\/2025\/10\/Versle-smulkmenu-nera-2.webp","datePublished":"2025-10-30T06:26:37+00:00","dateModified":"2025-10-30T12:50:21+00:00","description":"601 paprastas rakta\u017eodis, kuris jums pad\u0117s i\u0161gars\u0117ti ir pasiekti s\u0117km\u0119 visose situacijose. Pradedant internetu, e-komercija ir baigiant darbo kontraktu","breadcrumb":{"@id":"https:\/\/skaitytaknyga.lt\/produktas\/versle-smulkmenu-nera\/#breadcrumb"},"inLanguage":"en-GB","potentialAction":[{"@type":"ReadAction","target":["https:\/\/skaitytaknyga.lt\/produktas\/versle-smulkmenu-nera\/"]}]},{"@type":"ImageObject","inLanguage":"en-GB","@id":"https:\/\/skaitytaknyga.lt\/produktas\/versle-smulkmenu-nera\/#primaryimage","url":"https:\/\/skaitytaknyga.lt\/wp-content\/uploads\/2025\/10\/Versle-smulkmenu-nera-2.webp","contentUrl":"https:\/\/skaitytaknyga.lt\/wp-content\/uploads\/2025\/10\/Versle-smulkmenu-nera-2.webp","width":300,"height":427},{"@type":"BreadcrumbList","@id":"https:\/\/skaitytaknyga.lt\/produktas\/versle-smulkmenu-nera\/#breadcrumb","itemListElement":[{"@type":"ListItem","position":1,"name":"Home","item":"https:\/\/skaitytaknyga.lt\/"},{"@type":"ListItem","position":2,"name":"Parduotuv\u0117","item":"https:\/\/skaitytaknyga.lt\/knygu-parduotuve\/"},{"@type":"ListItem","position":3,"name":"Versle smulkmen\u0173 n\u0117ra"}]},{"@type":"WebSite","@id":"https:\/\/skaitytaknyga.lt\/#website","url":"https:\/\/skaitytaknyga.lt\/","name":"skaitytaknyga.lt","description":"Skaitytaknyga.lt \u2013 tai ma\u017eas \u0161eimos verslas, kuris prasid\u0117jo nuo meil\u0117s knygoms ir siekio i\u0161gelb\u0117ti knygas nuo likimo prie konteinerio. Kas vienam nereikalingas daiktas \u2013 kitam lobis, o mes esame tarpininkai, kurie padeda abiems tapti laimingesniems ???? \u017dinome kaip nelengva i\u0161gyventi ma\u017eiems verslams, tad nuo \u0161iol, \u010dia rasite ir kit\u0173, ma\u017e\u0173 \u0161eim\u0173 versl\u0173, rank\u0173 darbo, dovan\u0173 sau ir artimiesiems.","publisher":{"@id":"https:\/\/skaitytaknyga.lt\/#organization"},"potentialAction":[{"@type":"SearchAction","target":{"@type":"EntryPoint","urlTemplate":"https:\/\/skaitytaknyga.lt\/?s={search_term_string}"},"query-input":{"@type":"PropertyValueSpecification","valueRequired":true,"valueName":"search_term_string"}}],"inLanguage":"en-GB"},{"@type":"Organization","@id":"https:\/\/skaitytaknyga.lt\/#organization","name":"skaitytaknyga.lt","url":"https:\/\/skaitytaknyga.lt\/","logo":{"@type":"ImageObject","inLanguage":"en-GB","@id":"https:\/\/skaitytaknyga.lt\/#\/schema\/logo\/image\/","url":"https:\/\/skaitytaknyga.lt\/wp-content\/uploads\/2024\/05\/cropped-cropped-cropped-02_00843_jt3bggkj1j3HLc7SyY6rEUpg.jpeg","contentUrl":"https:\/\/skaitytaknyga.lt\/wp-content\/uploads\/2024\/05\/cropped-cropped-cropped-02_00843_jt3bggkj1j3HLc7SyY6rEUpg.jpeg","width":1600,"height":1600,"caption":"skaitytaknyga.lt"},"image":{"@id":"https:\/\/skaitytaknyga.lt\/#\/schema\/logo\/image\/"},"sameAs":["https:\/\/www.facebook.com\/skaitytaknyga\/"]}]}},"_links":{"self":[{"href":"https:\/\/skaitytaknyga.lt\/en\/wp-json\/wp\/v2\/product\/21658","targetHints":{"allow":["GET"]}}],"collection":[{"href":"https:\/\/skaitytaknyga.lt\/en\/wp-json\/wp\/v2\/product"}],"about":[{"href":"https:\/\/skaitytaknyga.lt\/en\/wp-json\/wp\/v2\/types\/product"}],"replies":[{"embeddable":true,"href":"https:\/\/skaitytaknyga.lt\/en\/wp-json\/wp\/v2\/comments?post=21658"}],"wp:featuredmedia":[{"embeddable":true,"href":"https:\/\/skaitytaknyga.lt\/en\/wp-json\/wp\/v2\/media\/21664"}],"wp:attachment":[{"href":"https:\/\/skaitytaknyga.lt\/en\/wp-json\/wp\/v2\/media?parent=21658"}],"wp:term":[{"taxonomy":"product_brand","embeddable":true,"href":"https:\/\/skaitytaknyga.lt\/en\/wp-json\/wp\/v2\/product_brand?post=21658"},{"taxonomy":"product_cat","embeddable":true,"href":"https:\/\/skaitytaknyga.lt\/en\/wp-json\/wp\/v2\/product_cat?post=21658"},{"taxonomy":"product_tag","embeddable":true,"href":"https:\/\/skaitytaknyga.lt\/en\/wp-json\/wp\/v2\/product_tag?post=21658"}],"curies":[{"name":"wp","href":"https:\/\/api.w.org\/{rel}","templated":true}]}}