{"id":21657,"date":"2025-10-30T08:26:36","date_gmt":"2025-10-30T06:26:36","guid":{"rendered":"https:\/\/skaitytaknyga.lt\/?post_type=product&#038;p=21657"},"modified":"2025-10-30T14:50:21","modified_gmt":"2025-10-30T12:50:21","slug":"verslas-kaip-ekspedicija-tikros-istorijos-didvyriams-ir-burtininkems","status":"publish","type":"product","link":"https:\/\/skaitytaknyga.lt\/en\/produktas\/verslas-kaip-ekspedicija-tikros-istorijos-didvyriams-ir-burtininkems\/","title":{"rendered":"Verslas kaip ekspedicija. Tikros istorijos didvyriams ir burtinink\u0117ms"},"content":{"rendered":"<p>Solidus iki \u0161iol parduot\u0173 egzempliori\u0173 skai\u010dius ir vertimai \u012f kitas kalbas tik patvirtina, kad j\u016bs\u0173 rankose neeilin\u0117s asmenyb\u0117s knyga. Susipa\u017einkite, jos autorius \u2013 Aleksandras Kravcovas, garsus verslininkas i\u0161 Rusijos, verslo akademijos ir kompanijos Rujan \u012fk\u016br\u0117jas, preki\u0173 \u017eenklo \u201eEkspedicija\u201d bei kit\u0173 s\u0117kming\u0173 verslo sumanym\u0173 kaltininkas. Ir sykiu jausmingas vyrukas, drauge su savo bendra\u017eygiais kuriantis spalving\u0105, nestandartin\u0119 ir nuotyki\u0173 piln\u0105 kasdienyb\u0119. Jis \u2013 vaik\u0161\u010diojantis \u012frodymas, kad \u017eavias id\u0117jas \u012fgyvendinti moka ne tik \u201eApple\u201d ar \u201eVirgin\u201d lyderiai. \u0160auni\u0173 ir charizmati\u0161k\u0173 verslo guru galima rasti ir \u010dia pat Rytuose!<\/p>\n<p>Aleksandr Kravcov<\/p>\n<p>Knyga \u201eVerslas kaip ekspedicija\u201d sudaryta i\u0161 trij\u0173 dali\u0173: pirmojoje autorius \u0161maik\u0161\u010diai pasakoja apie savo kaip asmenyb\u0117s ugdym\u0105si, \u0161maik\u0161\u010diai iliustruodamas tai tikromis istorijomis, antrojoje dalijasi naudingomis verslo pamokomis, o tre\u010dioji dalis, pasak jo, yra tarsi laisvoji programa dailiajame \u010diuo\u017eime, kuri atliekama po privalomosios. \u0160tai keli principai, apie kuriuos pla\u010diau su\u017einosite knygoje:<\/p>\n<p>* kaip savo gyvenimo b\u016bd\u0105 paversti darbu, o darb\u0105 \u2013 m\u0117gstamu gyvenimo b\u016bdu;<br \/>\n* kaip u\u017esidirbti pinig\u0173 pasitelkus nuo\u0161irdum\u0105;<br \/>\n* kaip i\u0161naudoti abipus\u0119 ly\u010di\u0173 trauk\u0105 komandoje;<br \/>\n* kaip kurti naujas ni\u0161ines rinkas, kuriose n\u0117ra konkurencijos;<br \/>\n* kaip u\u017eauginti laimingus vaikus ir s\u0117kmingus prek\u0117s \u017eenklus.<\/p>\n<p>Meistri\u0161kumas pasi\u017eymi sugeb\u0117jimu i\u0161vengti ekstremalumo, jeigu tai n\u0117ra b\u016btina. Galima ir Maskvos baloje ekstremaliai prigerti, bet geriau pernakvoti ant Baikalo ledo su penki\u0173 \u017evaig\u017edu\u010di\u0173 patogumais. Tas pats su naujomis id\u0117jomis. Jeigu \u017emogus m\u016bs\u0173 aplinkoje yra priverstas ie\u0161koti i\u0161 esm\u0117s nauj\u0173 id\u0117j\u0173, vadinasi, jis nemoka profesionaliai pasinaudoti taisykle \u201eviskas jau yra\u201d, nemoka kurti pats ir b\u016bti jau sukurtoje aplinkoje, kurioje k\u016brybos produktai atsiranda lyg savaime.<\/p>\n","protected":false},"excerpt":{"rendered":"<p>Solidus iki \u0161iol parduot\u0173 egzempliori\u0173 skai\u010dius ir vertimai \u012f kitas kalbas tik patvirtina, kad j\u016bs\u0173 rankose neeilin\u0117s asmenyb\u0117s knyga. Susipa\u017einkite, jos autorius \u2013 Aleksandras Kravcovas, garsus verslininkas i\u0161 Rusijos, verslo akademijos ir kompanijos Rujan \u012fk\u016br\u0117jas, preki\u0173 \u017eenklo \u201eEkspedicija\u201d bei kit\u0173 s\u0117kming\u0173 verslo sumanym\u0173 kaltininkas. Ir sykiu jausmingas vyrukas, drauge su savo bendra\u017eygiais kuriantis spalving\u0105, nestandartin\u0119 ir nuotyki\u0173 piln\u0105 kasdienyb\u0119. Jis \u2013 vaik\u0161\u010diojantis \u012frodymas, kad \u017eavias id\u0117jas \u012fgyvendinti moka ne tik \u201eApple\u201d ar \u201eVirgin\u201d lyderiai. \u0160auni\u0173 ir charizmati\u0161k\u0173 verslo guru galima rasti ir \u010dia pat Rytuose! Aleksandr Kravcov Knyga \u201eVerslas kaip ekspedicija\u201d sudaryta i\u0161 trij\u0173 dali\u0173: pirmojoje autorius \u0161maik\u0161\u010diai pasakoja apie savo kaip asmenyb\u0117s ugdym\u0105si, \u0161maik\u0161\u010diai iliustruodamas tai tikromis istorijomis, antrojoje dalijasi naudingomis verslo pamokomis, o tre\u010dioji dalis, pasak jo, yra tarsi laisvoji programa dailiajame \u010diuo\u017eime, kuri atliekama po privalomosios. \u0160tai keli principai, apie kuriuos pla\u010diau su\u017einosite knygoje: * kaip savo gyvenimo b\u016bd\u0105 paversti darbu, o darb\u0105 \u2013 m\u0117gstamu gyvenimo b\u016bdu; * kaip u\u017esidirbti pinig\u0173 pasitelkus nuo\u0161irdum\u0105; * kaip i\u0161naudoti abipus\u0119 ly\u010di\u0173 trauk\u0105 komandoje; * kaip kurti naujas ni\u0161ines rinkas, kuriose n\u0117ra konkurencijos; * kaip u\u017eauginti laimingus vaikus ir s\u0117kmingus prek\u0117s \u017eenklus. Meistri\u0161kumas pasi\u017eymi sugeb\u0117jimu i\u0161vengti ekstremalumo, jeigu tai n\u0117ra b\u016btina. Galima ir Maskvos baloje ekstremaliai prigerti, bet geriau pernakvoti ant Baikalo ledo su penki\u0173 \u017evaig\u017edu\u010di\u0173 patogumais. Tas pats su naujomis id\u0117jomis. Jeigu \u017emogus m\u016bs\u0173 aplinkoje yra priverstas ie\u0161koti i\u0161 esm\u0117s nauj\u0173 id\u0117j\u0173, vadinasi, jis nemoka profesionaliai pasinaudoti taisykle \u201eviskas jau yra\u201d, nemoka kurti pats ir b\u016bti jau sukurtoje aplinkoje, kurioje k\u016brybos produktai atsiranda lyg savaime.<\/p>\n","protected":false},"featured_media":21663,"comment_status":"open","ping_status":"closed","template":"","meta":{"_acf_changed":false,"site-sidebar-layout":"default","site-content-layout":"","ast-site-content-layout":"default","site-content-style":"default","site-sidebar-style":"default","ast-global-header-display":"","ast-banner-title-visibility":"","ast-main-header-display":"","ast-hfb-above-header-display":"","ast-hfb-below-header-display":"","ast-hfb-mobile-header-display":"","site-post-title":"","ast-breadcrumbs-content":"","ast-featured-img":"","footer-sml-layout":"","ast-disable-related-posts":"","theme-transparent-header-meta":"","adv-header-id-meta":"","stick-header-meta":"","header-above-stick-meta":"","header-main-stick-meta":"","header-below-stick-meta":"","astra-migrate-meta-layouts":"default","ast-page-background-enabled":"default","ast-page-background-meta":{"desktop":{"background-color":"","background-image":"","background-repeat":"repeat","background-position":"center center","background-size":"auto","background-attachment":"scroll","background-type":"","background-media":"","overlay-type":"","overlay-color":"","overlay-opacity":"","overlay-gradient":""},"tablet":{"background-color":"","background-image":"","background-repeat":"repeat","background-position":"center center","background-size":"auto","background-attachment":"scroll","background-type":"","background-media":"","overlay-type":"","overlay-color":"","overlay-opacity":"","overlay-gradient":""},"mobile":{"background-color":"","background-image":"","background-repeat":"repeat","background-position":"center center","background-size":"auto","background-attachment":"scroll","background-type":"","background-media":"","overlay-type":"","overlay-color":"","overlay-opacity":"","overlay-gradient":""}},"ast-content-background-meta":{"desktop":{"background-color":"var(--ast-global-color-4)","background-image":"","background-repeat":"repeat","background-position":"center center","background-size":"auto","background-attachment":"scroll","background-type":"","background-media":"","overlay-type":"","overlay-color":"","overlay-opacity":"","overlay-gradient":""},"tablet":{"background-color":"var(--ast-global-color-4)","background-image":"","background-repeat":"repeat","background-position":"center center","background-size":"auto","background-attachment":"scroll","background-type":"","background-media":"","overlay-type":"","overlay-color":"","overlay-opacity":"","overlay-gradient":""},"mobile":{"background-color":"var(--ast-global-color-4)","background-image":"","background-repeat":"repeat","background-position":"center center","background-size":"auto","background-attachment":"scroll","background-type":"","background-media":"","overlay-type":"","overlay-color":"","overlay-opacity":"","overlay-gradient":""}}},"product_brand":[],"product_cat":[15],"product_tag":[],"class_list":{"0":"post-21657","1":"product","2":"type-product","3":"status-publish","4":"has-post-thumbnail","6":"product_cat-uncategorized","7":"desktop-align-left","8":"tablet-align-left","9":"mobile-align-left","11":"first","12":"instock","13":"shipping-taxable","14":"purchasable","15":"product-type-simple"},"acf":[],"yoast_head":"<!-- This site is optimized with the Yoast SEO plugin v27.0 - https:\/\/yoast.com\/product\/yoast-seo-wordpress\/ -->\n<title>Verslas kaip ekspedicija. Tikros istorijos didvyriams ir burtinink\u0117ms<\/title>\n<meta name=\"description\" content=\"Solidus iki \u0161iol parduot\u0173 egzempliori\u0173 skai\u010dius ir vertimai \u012f kitas kalbas tik patvirtina, kad j\u016bs\u0173 rankose neeilin\u0117s asmenyb\u0117s knyga. Susipa\u017einkite, jos\" \/>\n<meta name=\"robots\" content=\"index, follow, max-snippet:-1, max-image-preview:large, max-video-preview:-1\" \/>\n<link rel=\"canonical\" href=\"https:\/\/skaitytaknyga.lt\/en\/produktas\/verslas-kaip-ekspedicija-tikros-istorijos-didvyriams-ir-burtininkems\/\" \/>\n<meta property=\"og:locale\" content=\"en_GB\" \/>\n<meta property=\"og:locale:alternate\" content=\"lt_LT\" \/>\n<meta property=\"og:type\" content=\"article\" \/>\n<meta property=\"og:title\" content=\"Verslas kaip ekspedicija. Tikros istorijos didvyriams ir burtinink\u0117ms\" \/>\n<meta property=\"og:description\" content=\"Solidus iki \u0161iol parduot\u0173 egzempliori\u0173 skai\u010dius ir vertimai \u012f kitas kalbas tik patvirtina, kad j\u016bs\u0173 rankose neeilin\u0117s asmenyb\u0117s knyga. Susipa\u017einkite, jos\" \/>\n<meta property=\"og:url\" content=\"https:\/\/skaitytaknyga.lt\/en\/produktas\/verslas-kaip-ekspedicija-tikros-istorijos-didvyriams-ir-burtininkems\/\" \/>\n<meta property=\"og:site_name\" content=\"Skaitytaknyga\" \/>\n<meta property=\"article:publisher\" content=\"https:\/\/www.facebook.com\/skaitytaknyga\/\" \/>\n<meta property=\"article:modified_time\" content=\"2025-10-30T12:50:21+00:00\" \/>\n<meta property=\"og:image\" content=\"https:\/\/skaitytaknyga.lt\/wp-content\/uploads\/2025\/10\/Verslas-kaip-ekspedicija.-Tikros-istorijos-didvyriams-ir-burtininkems-1.webp\" \/>\n\t<meta property=\"og:image:width\" content=\"300\" \/>\n\t<meta property=\"og:image:height\" content=\"443\" \/>\n\t<meta property=\"og:image:type\" content=\"image\/webp\" \/>\n<meta name=\"twitter:card\" content=\"summary_large_image\" \/>\n<meta name=\"twitter:label1\" content=\"Estimated reading time\" \/>\n\t<meta name=\"twitter:data1\" content=\"1 minute\" \/>\n<script type=\"application\/ld+json\" class=\"yoast-schema-graph\">{\"@context\":\"https:\/\/schema.org\",\"@graph\":[{\"@type\":\"WebPage\",\"@id\":\"https:\/\/skaitytaknyga.lt\/produktas\/verslas-kaip-ekspedicija-tikros-istorijos-didvyriams-ir-burtininkems\/\",\"url\":\"https:\/\/skaitytaknyga.lt\/produktas\/verslas-kaip-ekspedicija-tikros-istorijos-didvyriams-ir-burtininkems\/\",\"name\":\"Verslas kaip ekspedicija. Tikros istorijos didvyriams ir burtinink\u0117ms\",\"isPartOf\":{\"@id\":\"https:\/\/skaitytaknyga.lt\/#website\"},\"primaryImageOfPage\":{\"@id\":\"https:\/\/skaitytaknyga.lt\/produktas\/verslas-kaip-ekspedicija-tikros-istorijos-didvyriams-ir-burtininkems\/#primaryimage\"},\"image\":{\"@id\":\"https:\/\/skaitytaknyga.lt\/produktas\/verslas-kaip-ekspedicija-tikros-istorijos-didvyriams-ir-burtininkems\/#primaryimage\"},\"thumbnailUrl\":\"https:\/\/skaitytaknyga.lt\/wp-content\/uploads\/2025\/10\/Verslas-kaip-ekspedicija.-Tikros-istorijos-didvyriams-ir-burtininkems-1.webp\",\"datePublished\":\"2025-10-30T06:26:36+00:00\",\"dateModified\":\"2025-10-30T12:50:21+00:00\",\"description\":\"Solidus iki \u0161iol parduot\u0173 egzempliori\u0173 skai\u010dius ir vertimai \u012f kitas kalbas tik patvirtina, kad j\u016bs\u0173 rankose neeilin\u0117s asmenyb\u0117s knyga. Susipa\u017einkite, jos\",\"breadcrumb\":{\"@id\":\"https:\/\/skaitytaknyga.lt\/produktas\/verslas-kaip-ekspedicija-tikros-istorijos-didvyriams-ir-burtininkems\/#breadcrumb\"},\"inLanguage\":\"en-GB\",\"potentialAction\":[{\"@type\":\"ReadAction\",\"target\":[\"https:\/\/skaitytaknyga.lt\/produktas\/verslas-kaip-ekspedicija-tikros-istorijos-didvyriams-ir-burtininkems\/\"]}]},{\"@type\":\"ImageObject\",\"inLanguage\":\"en-GB\",\"@id\":\"https:\/\/skaitytaknyga.lt\/produktas\/verslas-kaip-ekspedicija-tikros-istorijos-didvyriams-ir-burtininkems\/#primaryimage\",\"url\":\"https:\/\/skaitytaknyga.lt\/wp-content\/uploads\/2025\/10\/Verslas-kaip-ekspedicija.-Tikros-istorijos-didvyriams-ir-burtininkems-1.webp\",\"contentUrl\":\"https:\/\/skaitytaknyga.lt\/wp-content\/uploads\/2025\/10\/Verslas-kaip-ekspedicija.-Tikros-istorijos-didvyriams-ir-burtininkems-1.webp\",\"width\":300,\"height\":443},{\"@type\":\"BreadcrumbList\",\"@id\":\"https:\/\/skaitytaknyga.lt\/produktas\/verslas-kaip-ekspedicija-tikros-istorijos-didvyriams-ir-burtininkems\/#breadcrumb\",\"itemListElement\":[{\"@type\":\"ListItem\",\"position\":1,\"name\":\"Home\",\"item\":\"https:\/\/skaitytaknyga.lt\/\"},{\"@type\":\"ListItem\",\"position\":2,\"name\":\"Parduotuv\u0117\",\"item\":\"https:\/\/skaitytaknyga.lt\/knygu-parduotuve\/\"},{\"@type\":\"ListItem\",\"position\":3,\"name\":\"Verslas kaip ekspedicija. Tikros istorijos didvyriams ir burtinink\u0117ms\"}]},{\"@type\":\"WebSite\",\"@id\":\"https:\/\/skaitytaknyga.lt\/#website\",\"url\":\"https:\/\/skaitytaknyga.lt\/\",\"name\":\"skaitytaknyga.lt\",\"description\":\"Skaitytaknyga.lt \u2013 tai ma\u017eas \u0161eimos verslas, kuris prasid\u0117jo nuo meil\u0117s knygoms ir siekio i\u0161gelb\u0117ti knygas nuo likimo prie konteinerio. Kas vienam nereikalingas daiktas \u2013 kitam lobis, o mes esame tarpininkai, kurie padeda abiems tapti laimingesniems ???? \u017dinome kaip nelengva i\u0161gyventi ma\u017eiems verslams, tad nuo \u0161iol, \u010dia rasite ir kit\u0173, ma\u017e\u0173 \u0161eim\u0173 versl\u0173, rank\u0173 darbo, dovan\u0173 sau ir artimiesiems.\",\"publisher\":{\"@id\":\"https:\/\/skaitytaknyga.lt\/#organization\"},\"potentialAction\":[{\"@type\":\"SearchAction\",\"target\":{\"@type\":\"EntryPoint\",\"urlTemplate\":\"https:\/\/skaitytaknyga.lt\/?s={search_term_string}\"},\"query-input\":{\"@type\":\"PropertyValueSpecification\",\"valueRequired\":true,\"valueName\":\"search_term_string\"}}],\"inLanguage\":\"en-GB\"},{\"@type\":\"Organization\",\"@id\":\"https:\/\/skaitytaknyga.lt\/#organization\",\"name\":\"skaitytaknyga.lt\",\"url\":\"https:\/\/skaitytaknyga.lt\/\",\"logo\":{\"@type\":\"ImageObject\",\"inLanguage\":\"en-GB\",\"@id\":\"https:\/\/skaitytaknyga.lt\/#\/schema\/logo\/image\/\",\"url\":\"https:\/\/skaitytaknyga.lt\/wp-content\/uploads\/2024\/05\/cropped-cropped-cropped-02_00843_jt3bggkj1j3HLc7SyY6rEUpg.jpeg\",\"contentUrl\":\"https:\/\/skaitytaknyga.lt\/wp-content\/uploads\/2024\/05\/cropped-cropped-cropped-02_00843_jt3bggkj1j3HLc7SyY6rEUpg.jpeg\",\"width\":1600,\"height\":1600,\"caption\":\"skaitytaknyga.lt\"},\"image\":{\"@id\":\"https:\/\/skaitytaknyga.lt\/#\/schema\/logo\/image\/\"},\"sameAs\":[\"https:\/\/www.facebook.com\/skaitytaknyga\/\"]}]}<\/script>\n<!-- \/ Yoast SEO plugin. -->","yoast_head_json":{"title":"Verslas kaip ekspedicija. Tikros istorijos didvyriams ir burtinink\u0117ms","description":"Solidus iki \u0161iol parduot\u0173 egzempliori\u0173 skai\u010dius ir vertimai \u012f kitas kalbas tik patvirtina, kad j\u016bs\u0173 rankose neeilin\u0117s asmenyb\u0117s knyga. Susipa\u017einkite, jos","robots":{"index":"index","follow":"follow","max-snippet":"max-snippet:-1","max-image-preview":"max-image-preview:large","max-video-preview":"max-video-preview:-1"},"canonical":"https:\/\/skaitytaknyga.lt\/en\/produktas\/verslas-kaip-ekspedicija-tikros-istorijos-didvyriams-ir-burtininkems\/","og_locale":"en_GB","og_type":"article","og_title":"[:lt]Verslas kaip ekspedicija. Tikros istorijos didvyriams ir burtinink\u0117ms[:] - Skaitytaknyga","og_description":"Solidus iki \u0161iol parduot\u0173 egzempliori\u0173 skai\u010dius ir vertimai \u012f kitas kalbas tik patvirtina, kad j\u016bs\u0173 rankose neeilin\u0117s asmenyb\u0117s knyga. Susipa\u017einkite, jos","og_url":"https:\/\/skaitytaknyga.lt\/en\/produktas\/verslas-kaip-ekspedicija-tikros-istorijos-didvyriams-ir-burtininkems\/","og_site_name":"Skaitytaknyga","article_publisher":"https:\/\/www.facebook.com\/skaitytaknyga\/","article_modified_time":"2025-10-30T12:50:21+00:00","og_image":[{"width":300,"height":443,"url":"https:\/\/skaitytaknyga.lt\/wp-content\/uploads\/2025\/10\/Verslas-kaip-ekspedicija.-Tikros-istorijos-didvyriams-ir-burtininkems-1.webp","type":"image\/webp"}],"twitter_card":"summary_large_image","twitter_misc":{"Estimated reading time":"1 minute"},"schema":{"@context":"https:\/\/schema.org","@graph":[{"@type":"WebPage","@id":"https:\/\/skaitytaknyga.lt\/produktas\/verslas-kaip-ekspedicija-tikros-istorijos-didvyriams-ir-burtininkems\/","url":"https:\/\/skaitytaknyga.lt\/produktas\/verslas-kaip-ekspedicija-tikros-istorijos-didvyriams-ir-burtininkems\/","name":"Verslas kaip ekspedicija. Tikros istorijos didvyriams ir burtinink\u0117ms","isPartOf":{"@id":"https:\/\/skaitytaknyga.lt\/#website"},"primaryImageOfPage":{"@id":"https:\/\/skaitytaknyga.lt\/produktas\/verslas-kaip-ekspedicija-tikros-istorijos-didvyriams-ir-burtininkems\/#primaryimage"},"image":{"@id":"https:\/\/skaitytaknyga.lt\/produktas\/verslas-kaip-ekspedicija-tikros-istorijos-didvyriams-ir-burtininkems\/#primaryimage"},"thumbnailUrl":"https:\/\/skaitytaknyga.lt\/wp-content\/uploads\/2025\/10\/Verslas-kaip-ekspedicija.-Tikros-istorijos-didvyriams-ir-burtininkems-1.webp","datePublished":"2025-10-30T06:26:36+00:00","dateModified":"2025-10-30T12:50:21+00:00","description":"Solidus iki \u0161iol parduot\u0173 egzempliori\u0173 skai\u010dius ir vertimai \u012f kitas kalbas tik patvirtina, kad j\u016bs\u0173 rankose neeilin\u0117s asmenyb\u0117s knyga. Susipa\u017einkite, jos","breadcrumb":{"@id":"https:\/\/skaitytaknyga.lt\/produktas\/verslas-kaip-ekspedicija-tikros-istorijos-didvyriams-ir-burtininkems\/#breadcrumb"},"inLanguage":"en-GB","potentialAction":[{"@type":"ReadAction","target":["https:\/\/skaitytaknyga.lt\/produktas\/verslas-kaip-ekspedicija-tikros-istorijos-didvyriams-ir-burtininkems\/"]}]},{"@type":"ImageObject","inLanguage":"en-GB","@id":"https:\/\/skaitytaknyga.lt\/produktas\/verslas-kaip-ekspedicija-tikros-istorijos-didvyriams-ir-burtininkems\/#primaryimage","url":"https:\/\/skaitytaknyga.lt\/wp-content\/uploads\/2025\/10\/Verslas-kaip-ekspedicija.-Tikros-istorijos-didvyriams-ir-burtininkems-1.webp","contentUrl":"https:\/\/skaitytaknyga.lt\/wp-content\/uploads\/2025\/10\/Verslas-kaip-ekspedicija.-Tikros-istorijos-didvyriams-ir-burtininkems-1.webp","width":300,"height":443},{"@type":"BreadcrumbList","@id":"https:\/\/skaitytaknyga.lt\/produktas\/verslas-kaip-ekspedicija-tikros-istorijos-didvyriams-ir-burtininkems\/#breadcrumb","itemListElement":[{"@type":"ListItem","position":1,"name":"Home","item":"https:\/\/skaitytaknyga.lt\/"},{"@type":"ListItem","position":2,"name":"Parduotuv\u0117","item":"https:\/\/skaitytaknyga.lt\/knygu-parduotuve\/"},{"@type":"ListItem","position":3,"name":"Verslas kaip ekspedicija. Tikros istorijos didvyriams ir burtinink\u0117ms"}]},{"@type":"WebSite","@id":"https:\/\/skaitytaknyga.lt\/#website","url":"https:\/\/skaitytaknyga.lt\/","name":"skaitytaknyga.lt","description":"Skaitytaknyga.lt \u2013 tai ma\u017eas \u0161eimos verslas, kuris prasid\u0117jo nuo meil\u0117s knygoms ir siekio i\u0161gelb\u0117ti knygas nuo likimo prie konteinerio. Kas vienam nereikalingas daiktas \u2013 kitam lobis, o mes esame tarpininkai, kurie padeda abiems tapti laimingesniems ???? \u017dinome kaip nelengva i\u0161gyventi ma\u017eiems verslams, tad nuo \u0161iol, \u010dia rasite ir kit\u0173, ma\u017e\u0173 \u0161eim\u0173 versl\u0173, rank\u0173 darbo, dovan\u0173 sau ir artimiesiems.","publisher":{"@id":"https:\/\/skaitytaknyga.lt\/#organization"},"potentialAction":[{"@type":"SearchAction","target":{"@type":"EntryPoint","urlTemplate":"https:\/\/skaitytaknyga.lt\/?s={search_term_string}"},"query-input":{"@type":"PropertyValueSpecification","valueRequired":true,"valueName":"search_term_string"}}],"inLanguage":"en-GB"},{"@type":"Organization","@id":"https:\/\/skaitytaknyga.lt\/#organization","name":"skaitytaknyga.lt","url":"https:\/\/skaitytaknyga.lt\/","logo":{"@type":"ImageObject","inLanguage":"en-GB","@id":"https:\/\/skaitytaknyga.lt\/#\/schema\/logo\/image\/","url":"https:\/\/skaitytaknyga.lt\/wp-content\/uploads\/2024\/05\/cropped-cropped-cropped-02_00843_jt3bggkj1j3HLc7SyY6rEUpg.jpeg","contentUrl":"https:\/\/skaitytaknyga.lt\/wp-content\/uploads\/2024\/05\/cropped-cropped-cropped-02_00843_jt3bggkj1j3HLc7SyY6rEUpg.jpeg","width":1600,"height":1600,"caption":"skaitytaknyga.lt"},"image":{"@id":"https:\/\/skaitytaknyga.lt\/#\/schema\/logo\/image\/"},"sameAs":["https:\/\/www.facebook.com\/skaitytaknyga\/"]}]}},"_links":{"self":[{"href":"https:\/\/skaitytaknyga.lt\/en\/wp-json\/wp\/v2\/product\/21657","targetHints":{"allow":["GET"]}}],"collection":[{"href":"https:\/\/skaitytaknyga.lt\/en\/wp-json\/wp\/v2\/product"}],"about":[{"href":"https:\/\/skaitytaknyga.lt\/en\/wp-json\/wp\/v2\/types\/product"}],"replies":[{"embeddable":true,"href":"https:\/\/skaitytaknyga.lt\/en\/wp-json\/wp\/v2\/comments?post=21657"}],"wp:featuredmedia":[{"embeddable":true,"href":"https:\/\/skaitytaknyga.lt\/en\/wp-json\/wp\/v2\/media\/21663"}],"wp:attachment":[{"href":"https:\/\/skaitytaknyga.lt\/en\/wp-json\/wp\/v2\/media?parent=21657"}],"wp:term":[{"taxonomy":"product_brand","embeddable":true,"href":"https:\/\/skaitytaknyga.lt\/en\/wp-json\/wp\/v2\/product_brand?post=21657"},{"taxonomy":"product_cat","embeddable":true,"href":"https:\/\/skaitytaknyga.lt\/en\/wp-json\/wp\/v2\/product_cat?post=21657"},{"taxonomy":"product_tag","embeddable":true,"href":"https:\/\/skaitytaknyga.lt\/en\/wp-json\/wp\/v2\/product_tag?post=21657"}],"curies":[{"name":"wp","href":"https:\/\/api.w.org\/{rel}","templated":true}]}}