{"id":21656,"date":"2025-10-30T08:26:36","date_gmt":"2025-10-30T06:26:36","guid":{"rendered":"https:\/\/skaitytaknyga.lt\/?post_type=product&#038;p=21656"},"modified":"2025-10-30T14:50:21","modified_gmt":"2025-10-30T12:50:21","slug":"kamscio-nunesti","status":"publish","type":"product","link":"https:\/\/skaitytaknyga.lt\/en\/produktas\/kamscio-nunesti\/","title":{"rendered":"Kam\u0161\u010dio nune\u0161ti"},"content":{"rendered":"<p>Vyno \u012fkv\u0117pti nuotykiai su aps\u0117stais somelj\u0117, ret\u0173 vyn\u0173 med\u017eiotojais ir \u0161elmi\u0161kais mokslininkais, kurie i\u0161mok\u0117 mane gyventi d\u0117l skonio.<\/p>\n<p>Elitinis skoni\u0173 pasaulis be grimo knygoje apie somelj\u0117 karjeros prad\u017eios nuotykius.<\/p>\n<p>\u017durnalist\u0117 i\u0161 Niujorko Bianca Bosker apie vyn\u0105 ne\u017einojo beveik nieko. Ta\u010diau vien\u0105 dien\u0105 jai atsiv\u0117r\u0117 alternatyvi visata \u2013 somelj\u0117 elito pasaulis, kur gyvenimas paaukojamas skoniui. Priblok\u0161ta vyno ekspert\u0173 atsidavimo, \u017eini\u0173 ir i\u0161 pa\u017ei\u016bros ant\u017emogi\u0161k\u0173 jutimini\u0173 gali\u0173, autor\u0117 ima tyrin\u0117ti, kas kursto j\u0173 aistr\u0105. Galiausiai pati tampa viena i\u0161 j\u0173 \u2013 kam\u0161\u010dio nune\u0161t\u0173j\u0173.<\/p>\n<p>Ji keliauja po akl\u0105sias degustacijas, lankosi i\u0161skirtiniuose Niujorko restoranuose, did\u017eiul\u0117se vyno gamyklose, net gulasi \u012f magnetinio rezonanso aparat\u0105, kad atsakyt\u0173 \u012f klausim\u0105: kuo tas vynas toks ypatingas? Kod\u0117l u\u017e j\u012f mokamos did\u017eiul\u0117s sumos ir d\u0117l jo atsisakoma kvepal\u0173, druskos ir net kavos?<\/p>\n","protected":false},"excerpt":{"rendered":"<p>Vyno \u012fkv\u0117pti nuotykiai su aps\u0117stais somelj\u0117, ret\u0173 vyn\u0173 med\u017eiotojais ir \u0161elmi\u0161kais mokslininkais, kurie i\u0161mok\u0117 mane gyventi d\u0117l skonio. Elitinis skoni\u0173 pasaulis be grimo knygoje apie somelj\u0117 karjeros prad\u017eios nuotykius. \u017durnalist\u0117 i\u0161 Niujorko Bianca Bosker apie vyn\u0105 ne\u017einojo beveik nieko. Ta\u010diau vien\u0105 dien\u0105 jai atsiv\u0117r\u0117 alternatyvi visata \u2013 somelj\u0117 elito pasaulis, kur gyvenimas paaukojamas skoniui. Priblok\u0161ta vyno ekspert\u0173 atsidavimo, \u017eini\u0173 ir i\u0161 pa\u017ei\u016bros ant\u017emogi\u0161k\u0173 jutimini\u0173 gali\u0173, autor\u0117 ima tyrin\u0117ti, kas kursto j\u0173 aistr\u0105. Galiausiai pati tampa viena i\u0161 j\u0173 \u2013 kam\u0161\u010dio nune\u0161t\u0173j\u0173. Ji keliauja po akl\u0105sias degustacijas, lankosi i\u0161skirtiniuose Niujorko restoranuose, did\u017eiul\u0117se vyno gamyklose, net gulasi \u012f magnetinio rezonanso aparat\u0105, kad atsakyt\u0173 \u012f klausim\u0105: kuo tas vynas toks ypatingas? Kod\u0117l u\u017e j\u012f mokamos did\u017eiul\u0117s sumos ir d\u0117l jo atsisakoma kvepal\u0173, druskos ir net kavos?<\/p>\n","protected":false},"featured_media":21661,"comment_status":"open","ping_status":"closed","template":"","meta":{"_acf_changed":false,"site-sidebar-layout":"default","site-content-layout":"","ast-site-content-layout":"default","site-content-style":"default","site-sidebar-style":"default","ast-global-header-display":"","ast-banner-title-visibility":"","ast-main-header-display":"","ast-hfb-above-header-display":"","ast-hfb-below-header-display":"","ast-hfb-mobile-header-display":"","site-post-title":"","ast-breadcrumbs-content":"","ast-featured-img":"","footer-sml-layout":"","ast-disable-related-posts":"","theme-transparent-header-meta":"","adv-header-id-meta":"","stick-header-meta":"","header-above-stick-meta":"","header-main-stick-meta":"","header-below-stick-meta":"","astra-migrate-meta-layouts":"default","ast-page-background-enabled":"default","ast-page-background-meta":{"desktop":{"background-color":"","background-image":"","background-repeat":"repeat","background-position":"center center","background-size":"auto","background-attachment":"scroll","background-type":"","background-media":"","overlay-type":"","overlay-color":"","overlay-opacity":"","overlay-gradient":""},"tablet":{"background-color":"","background-image":"","background-repeat":"repeat","background-position":"center center","background-size":"auto","background-attachment":"scroll","background-type":"","background-media":"","overlay-type":"","overlay-color":"","overlay-opacity":"","overlay-gradient":""},"mobile":{"background-color":"","background-image":"","background-repeat":"repeat","background-position":"center center","background-size":"auto","background-attachment":"scroll","background-type":"","background-media":"","overlay-type":"","overlay-color":"","overlay-opacity":"","overlay-gradient":""}},"ast-content-background-meta":{"desktop":{"background-color":"var(--ast-global-color-4)","background-image":"","background-repeat":"repeat","background-position":"center center","background-size":"auto","background-attachment":"scroll","background-type":"","background-media":"","overlay-type":"","overlay-color":"","overlay-opacity":"","overlay-gradient":""},"tablet":{"background-color":"var(--ast-global-color-4)","background-image":"","background-repeat":"repeat","background-position":"center center","background-size":"auto","background-attachment":"scroll","background-type":"","background-media":"","overlay-type":"","overlay-color":"","overlay-opacity":"","overlay-gradient":""},"mobile":{"background-color":"var(--ast-global-color-4)","background-image":"","background-repeat":"repeat","background-position":"center center","background-size":"auto","background-attachment":"scroll","background-type":"","background-media":"","overlay-type":"","overlay-color":"","overlay-opacity":"","overlay-gradient":""}}},"product_brand":[],"product_cat":[15],"product_tag":[],"class_list":{"0":"post-21656","1":"product","2":"type-product","3":"status-publish","4":"has-post-thumbnail","6":"product_cat-uncategorized","7":"desktop-align-left","8":"tablet-align-left","9":"mobile-align-left","11":"first","12":"instock","13":"shipping-taxable","14":"purchasable","15":"product-type-simple"},"acf":[],"yoast_head":"<!-- This site is optimized with the Yoast SEO plugin v27.0 - https:\/\/yoast.com\/product\/yoast-seo-wordpress\/ -->\n<title>Kam\u0161\u010dio nune\u0161ti<\/title>\n<meta name=\"description\" content=\"Vyno \u012fkv\u0117pti nuotykiai su aps\u0117stais somelj\u0117, ret\u0173 vyn\u0173 med\u017eiotojais ir \u0161elmi\u0161kais mokslininkais, kurie i\u0161mok\u0117 mane gyventi d\u0117l skonio. Elitinis skoni\u0173\" \/>\n<meta name=\"robots\" content=\"index, follow, max-snippet:-1, max-image-preview:large, max-video-preview:-1\" \/>\n<link rel=\"canonical\" href=\"https:\/\/skaitytaknyga.lt\/en\/produktas\/kamscio-nunesti\/\" \/>\n<meta property=\"og:locale\" content=\"en_GB\" \/>\n<meta property=\"og:locale:alternate\" content=\"lt_LT\" \/>\n<meta property=\"og:type\" content=\"article\" \/>\n<meta property=\"og:title\" content=\"Kam\u0161\u010dio nune\u0161ti\" \/>\n<meta property=\"og:description\" content=\"Vyno \u012fkv\u0117pti nuotykiai su aps\u0117stais somelj\u0117, ret\u0173 vyn\u0173 med\u017eiotojais ir \u0161elmi\u0161kais mokslininkais, kurie i\u0161mok\u0117 mane gyventi d\u0117l skonio. Elitinis skoni\u0173\" \/>\n<meta property=\"og:url\" content=\"https:\/\/skaitytaknyga.lt\/en\/produktas\/kamscio-nunesti\/\" \/>\n<meta property=\"og:site_name\" content=\"Skaitytaknyga\" \/>\n<meta property=\"article:publisher\" content=\"https:\/\/www.facebook.com\/skaitytaknyga\/\" \/>\n<meta property=\"article:modified_time\" content=\"2025-10-30T12:50:21+00:00\" \/>\n<meta property=\"og:image\" content=\"https:\/\/skaitytaknyga.lt\/wp-content\/uploads\/2025\/10\/Kamscio-nunesti-1.webp\" \/>\n\t<meta property=\"og:image:width\" content=\"300\" \/>\n\t<meta property=\"og:image:height\" content=\"435\" \/>\n\t<meta property=\"og:image:type\" content=\"image\/webp\" \/>\n<meta name=\"twitter:card\" content=\"summary_large_image\" \/>\n<meta name=\"twitter:label1\" content=\"Estimated reading time\" \/>\n\t<meta name=\"twitter:data1\" content=\"1 minute\" \/>\n<script type=\"application\/ld+json\" class=\"yoast-schema-graph\">{\"@context\":\"https:\/\/schema.org\",\"@graph\":[{\"@type\":\"WebPage\",\"@id\":\"https:\/\/skaitytaknyga.lt\/produktas\/kamscio-nunesti\/\",\"url\":\"https:\/\/skaitytaknyga.lt\/produktas\/kamscio-nunesti\/\",\"name\":\"Kam\u0161\u010dio nune\u0161ti\",\"isPartOf\":{\"@id\":\"https:\/\/skaitytaknyga.lt\/#website\"},\"primaryImageOfPage\":{\"@id\":\"https:\/\/skaitytaknyga.lt\/produktas\/kamscio-nunesti\/#primaryimage\"},\"image\":{\"@id\":\"https:\/\/skaitytaknyga.lt\/produktas\/kamscio-nunesti\/#primaryimage\"},\"thumbnailUrl\":\"https:\/\/skaitytaknyga.lt\/wp-content\/uploads\/2025\/10\/Kamscio-nunesti-1.webp\",\"datePublished\":\"2025-10-30T06:26:36+00:00\",\"dateModified\":\"2025-10-30T12:50:21+00:00\",\"description\":\"Vyno \u012fkv\u0117pti nuotykiai su aps\u0117stais somelj\u0117, ret\u0173 vyn\u0173 med\u017eiotojais ir \u0161elmi\u0161kais mokslininkais, kurie i\u0161mok\u0117 mane gyventi d\u0117l skonio. Elitinis skoni\u0173\",\"breadcrumb\":{\"@id\":\"https:\/\/skaitytaknyga.lt\/produktas\/kamscio-nunesti\/#breadcrumb\"},\"inLanguage\":\"en-GB\",\"potentialAction\":[{\"@type\":\"ReadAction\",\"target\":[\"https:\/\/skaitytaknyga.lt\/produktas\/kamscio-nunesti\/\"]}]},{\"@type\":\"ImageObject\",\"inLanguage\":\"en-GB\",\"@id\":\"https:\/\/skaitytaknyga.lt\/produktas\/kamscio-nunesti\/#primaryimage\",\"url\":\"https:\/\/skaitytaknyga.lt\/wp-content\/uploads\/2025\/10\/Kamscio-nunesti-1.webp\",\"contentUrl\":\"https:\/\/skaitytaknyga.lt\/wp-content\/uploads\/2025\/10\/Kamscio-nunesti-1.webp\",\"width\":300,\"height\":435,\"caption\":\"Kam\u0161\u010dio nune\u0161ti\"},{\"@type\":\"BreadcrumbList\",\"@id\":\"https:\/\/skaitytaknyga.lt\/produktas\/kamscio-nunesti\/#breadcrumb\",\"itemListElement\":[{\"@type\":\"ListItem\",\"position\":1,\"name\":\"Home\",\"item\":\"https:\/\/skaitytaknyga.lt\/\"},{\"@type\":\"ListItem\",\"position\":2,\"name\":\"Parduotuv\u0117\",\"item\":\"https:\/\/skaitytaknyga.lt\/knygu-parduotuve\/\"},{\"@type\":\"ListItem\",\"position\":3,\"name\":\"Kam\u0161\u010dio nune\u0161ti\"}]},{\"@type\":\"WebSite\",\"@id\":\"https:\/\/skaitytaknyga.lt\/#website\",\"url\":\"https:\/\/skaitytaknyga.lt\/\",\"name\":\"skaitytaknyga.lt\",\"description\":\"Skaitytaknyga.lt \u2013 tai ma\u017eas \u0161eimos verslas, kuris prasid\u0117jo nuo meil\u0117s knygoms ir siekio i\u0161gelb\u0117ti knygas nuo likimo prie konteinerio. Kas vienam nereikalingas daiktas \u2013 kitam lobis, o mes esame tarpininkai, kurie padeda abiems tapti laimingesniems ???? \u017dinome kaip nelengva i\u0161gyventi ma\u017eiems verslams, tad nuo \u0161iol, \u010dia rasite ir kit\u0173, ma\u017e\u0173 \u0161eim\u0173 versl\u0173, rank\u0173 darbo, dovan\u0173 sau ir artimiesiems.\",\"publisher\":{\"@id\":\"https:\/\/skaitytaknyga.lt\/#organization\"},\"potentialAction\":[{\"@type\":\"SearchAction\",\"target\":{\"@type\":\"EntryPoint\",\"urlTemplate\":\"https:\/\/skaitytaknyga.lt\/?s={search_term_string}\"},\"query-input\":{\"@type\":\"PropertyValueSpecification\",\"valueRequired\":true,\"valueName\":\"search_term_string\"}}],\"inLanguage\":\"en-GB\"},{\"@type\":\"Organization\",\"@id\":\"https:\/\/skaitytaknyga.lt\/#organization\",\"name\":\"skaitytaknyga.lt\",\"url\":\"https:\/\/skaitytaknyga.lt\/\",\"logo\":{\"@type\":\"ImageObject\",\"inLanguage\":\"en-GB\",\"@id\":\"https:\/\/skaitytaknyga.lt\/#\/schema\/logo\/image\/\",\"url\":\"https:\/\/skaitytaknyga.lt\/wp-content\/uploads\/2024\/05\/cropped-cropped-cropped-02_00843_jt3bggkj1j3HLc7SyY6rEUpg.jpeg\",\"contentUrl\":\"https:\/\/skaitytaknyga.lt\/wp-content\/uploads\/2024\/05\/cropped-cropped-cropped-02_00843_jt3bggkj1j3HLc7SyY6rEUpg.jpeg\",\"width\":1600,\"height\":1600,\"caption\":\"skaitytaknyga.lt\"},\"image\":{\"@id\":\"https:\/\/skaitytaknyga.lt\/#\/schema\/logo\/image\/\"},\"sameAs\":[\"https:\/\/www.facebook.com\/skaitytaknyga\/\"]}]}<\/script>\n<!-- \/ Yoast SEO plugin. -->","yoast_head_json":{"title":"Kam\u0161\u010dio nune\u0161ti","description":"Vyno \u012fkv\u0117pti nuotykiai su aps\u0117stais somelj\u0117, ret\u0173 vyn\u0173 med\u017eiotojais ir \u0161elmi\u0161kais mokslininkais, kurie i\u0161mok\u0117 mane gyventi d\u0117l skonio. Elitinis skoni\u0173","robots":{"index":"index","follow":"follow","max-snippet":"max-snippet:-1","max-image-preview":"max-image-preview:large","max-video-preview":"max-video-preview:-1"},"canonical":"https:\/\/skaitytaknyga.lt\/en\/produktas\/kamscio-nunesti\/","og_locale":"en_GB","og_type":"article","og_title":"[:lt]Kam\u0161\u010dio nune\u0161ti[:] - Skaitytaknyga","og_description":"Vyno \u012fkv\u0117pti nuotykiai su aps\u0117stais somelj\u0117, ret\u0173 vyn\u0173 med\u017eiotojais ir \u0161elmi\u0161kais mokslininkais, kurie i\u0161mok\u0117 mane gyventi d\u0117l skonio. Elitinis skoni\u0173","og_url":"https:\/\/skaitytaknyga.lt\/en\/produktas\/kamscio-nunesti\/","og_site_name":"Skaitytaknyga","article_publisher":"https:\/\/www.facebook.com\/skaitytaknyga\/","article_modified_time":"2025-10-30T12:50:21+00:00","og_image":[{"width":300,"height":435,"url":"https:\/\/skaitytaknyga.lt\/wp-content\/uploads\/2025\/10\/Kamscio-nunesti-1.webp","type":"image\/webp"}],"twitter_card":"summary_large_image","twitter_misc":{"Estimated reading time":"1 minute"},"schema":{"@context":"https:\/\/schema.org","@graph":[{"@type":"WebPage","@id":"https:\/\/skaitytaknyga.lt\/produktas\/kamscio-nunesti\/","url":"https:\/\/skaitytaknyga.lt\/produktas\/kamscio-nunesti\/","name":"Kam\u0161\u010dio nune\u0161ti","isPartOf":{"@id":"https:\/\/skaitytaknyga.lt\/#website"},"primaryImageOfPage":{"@id":"https:\/\/skaitytaknyga.lt\/produktas\/kamscio-nunesti\/#primaryimage"},"image":{"@id":"https:\/\/skaitytaknyga.lt\/produktas\/kamscio-nunesti\/#primaryimage"},"thumbnailUrl":"https:\/\/skaitytaknyga.lt\/wp-content\/uploads\/2025\/10\/Kamscio-nunesti-1.webp","datePublished":"2025-10-30T06:26:36+00:00","dateModified":"2025-10-30T12:50:21+00:00","description":"Vyno \u012fkv\u0117pti nuotykiai su aps\u0117stais somelj\u0117, ret\u0173 vyn\u0173 med\u017eiotojais ir \u0161elmi\u0161kais mokslininkais, kurie i\u0161mok\u0117 mane gyventi d\u0117l skonio. Elitinis skoni\u0173","breadcrumb":{"@id":"https:\/\/skaitytaknyga.lt\/produktas\/kamscio-nunesti\/#breadcrumb"},"inLanguage":"en-GB","potentialAction":[{"@type":"ReadAction","target":["https:\/\/skaitytaknyga.lt\/produktas\/kamscio-nunesti\/"]}]},{"@type":"ImageObject","inLanguage":"en-GB","@id":"https:\/\/skaitytaknyga.lt\/produktas\/kamscio-nunesti\/#primaryimage","url":"https:\/\/skaitytaknyga.lt\/wp-content\/uploads\/2025\/10\/Kamscio-nunesti-1.webp","contentUrl":"https:\/\/skaitytaknyga.lt\/wp-content\/uploads\/2025\/10\/Kamscio-nunesti-1.webp","width":300,"height":435,"caption":"Kam\u0161\u010dio nune\u0161ti"},{"@type":"BreadcrumbList","@id":"https:\/\/skaitytaknyga.lt\/produktas\/kamscio-nunesti\/#breadcrumb","itemListElement":[{"@type":"ListItem","position":1,"name":"Home","item":"https:\/\/skaitytaknyga.lt\/"},{"@type":"ListItem","position":2,"name":"Parduotuv\u0117","item":"https:\/\/skaitytaknyga.lt\/knygu-parduotuve\/"},{"@type":"ListItem","position":3,"name":"Kam\u0161\u010dio nune\u0161ti"}]},{"@type":"WebSite","@id":"https:\/\/skaitytaknyga.lt\/#website","url":"https:\/\/skaitytaknyga.lt\/","name":"skaitytaknyga.lt","description":"Skaitytaknyga.lt \u2013 tai ma\u017eas \u0161eimos verslas, kuris prasid\u0117jo nuo meil\u0117s knygoms ir siekio i\u0161gelb\u0117ti knygas nuo likimo prie konteinerio. Kas vienam nereikalingas daiktas \u2013 kitam lobis, o mes esame tarpininkai, kurie padeda abiems tapti laimingesniems ???? \u017dinome kaip nelengva i\u0161gyventi ma\u017eiems verslams, tad nuo \u0161iol, \u010dia rasite ir kit\u0173, ma\u017e\u0173 \u0161eim\u0173 versl\u0173, rank\u0173 darbo, dovan\u0173 sau ir artimiesiems.","publisher":{"@id":"https:\/\/skaitytaknyga.lt\/#organization"},"potentialAction":[{"@type":"SearchAction","target":{"@type":"EntryPoint","urlTemplate":"https:\/\/skaitytaknyga.lt\/?s={search_term_string}"},"query-input":{"@type":"PropertyValueSpecification","valueRequired":true,"valueName":"search_term_string"}}],"inLanguage":"en-GB"},{"@type":"Organization","@id":"https:\/\/skaitytaknyga.lt\/#organization","name":"skaitytaknyga.lt","url":"https:\/\/skaitytaknyga.lt\/","logo":{"@type":"ImageObject","inLanguage":"en-GB","@id":"https:\/\/skaitytaknyga.lt\/#\/schema\/logo\/image\/","url":"https:\/\/skaitytaknyga.lt\/wp-content\/uploads\/2024\/05\/cropped-cropped-cropped-02_00843_jt3bggkj1j3HLc7SyY6rEUpg.jpeg","contentUrl":"https:\/\/skaitytaknyga.lt\/wp-content\/uploads\/2024\/05\/cropped-cropped-cropped-02_00843_jt3bggkj1j3HLc7SyY6rEUpg.jpeg","width":1600,"height":1600,"caption":"skaitytaknyga.lt"},"image":{"@id":"https:\/\/skaitytaknyga.lt\/#\/schema\/logo\/image\/"},"sameAs":["https:\/\/www.facebook.com\/skaitytaknyga\/"]}]}},"_links":{"self":[{"href":"https:\/\/skaitytaknyga.lt\/en\/wp-json\/wp\/v2\/product\/21656","targetHints":{"allow":["GET"]}}],"collection":[{"href":"https:\/\/skaitytaknyga.lt\/en\/wp-json\/wp\/v2\/product"}],"about":[{"href":"https:\/\/skaitytaknyga.lt\/en\/wp-json\/wp\/v2\/types\/product"}],"replies":[{"embeddable":true,"href":"https:\/\/skaitytaknyga.lt\/en\/wp-json\/wp\/v2\/comments?post=21656"}],"wp:featuredmedia":[{"embeddable":true,"href":"https:\/\/skaitytaknyga.lt\/en\/wp-json\/wp\/v2\/media\/21661"}],"wp:attachment":[{"href":"https:\/\/skaitytaknyga.lt\/en\/wp-json\/wp\/v2\/media?parent=21656"}],"wp:term":[{"taxonomy":"product_brand","embeddable":true,"href":"https:\/\/skaitytaknyga.lt\/en\/wp-json\/wp\/v2\/product_brand?post=21656"},{"taxonomy":"product_cat","embeddable":true,"href":"https:\/\/skaitytaknyga.lt\/en\/wp-json\/wp\/v2\/product_cat?post=21656"},{"taxonomy":"product_tag","embeddable":true,"href":"https:\/\/skaitytaknyga.lt\/en\/wp-json\/wp\/v2\/product_tag?post=21656"}],"curies":[{"name":"wp","href":"https:\/\/api.w.org\/{rel}","templated":true}]}}