{"id":21655,"date":"2025-10-30T08:26:36","date_gmt":"2025-10-30T06:26:36","guid":{"rendered":"https:\/\/skaitytaknyga.lt\/?post_type=product&#038;p=21655"},"modified":"2025-10-30T14:50:21","modified_gmt":"2025-10-30T12:50:21","slug":"robotu-era-technologiju-pazanga-ir-ateitis-be-darbo","status":"publish","type":"product","link":"https:\/\/skaitytaknyga.lt\/en\/produktas\/robotu-era-technologiju-pazanga-ir-ateitis-be-darbo\/","title":{"rendered":"Robot\u0173 era: technologij\u0173 pa\u017eanga ir ateitis be darbo"},"content":{"rendered":"<p>Autorius M. Fordas yra futurologas, kuris specializuojasi dirbtinio intelekto ir robotikos srityse analizuodamas \u0161i\u0173 technologij\u0173 pl\u0117tr\u0105 ir \u012ftak\u0105 darbo rinkai, ekonomikai bei visuomenei. Jo knyga \u201eRobot\u0173 era\u201c i\u0161siskiria tuo, kad joje nagrin\u0117jami ry\u0161k\u0117jantys darbo rinkos poky\u010diai, skaitmenin\u0117 atskirtis, naujausios technologijos ir galimas j\u0173 poveikis ekonominiams ir socialiniams santykiams. Nors aptariam\u0173 rei\u0161kini\u0173 pavyzd\u017eiai pateikiami daugiausia i\u0161 JAV ir Jungtin\u0117s Karalyst\u0117s gyvenimo, j\u0173 tendencijos yra globalios ir nesunkiai pastebimos daugelyje i\u0161sivys\u010diusi\u0173 \u0161ali\u0173.<\/p>\n<p>\u0160i tarpdisciplin\u0117 knyga pad\u0117s Lietuvos mokslo, ekonomin\u0117s ir finansin\u0117s politikos formuotojams geriau suvokti s\u0105sajas tarp technologij\u0173 pa\u017eangos ir spar\u010di\u0173 socialini\u0173 bei ekonomini\u0173 poky\u010di\u0173, identifikuoti pagrindines j\u0173 varom\u0105sias j\u0117gas, o moksleiviams ir studentams \u2013 geriau pasirengti tiems poky\u010diams renkantis profesij\u0105.<\/p>\n","protected":false},"excerpt":{"rendered":"<p>Autorius M. Fordas yra futurologas, kuris specializuojasi dirbtinio intelekto ir robotikos srityse analizuodamas \u0161i\u0173 technologij\u0173 pl\u0117tr\u0105 ir \u012ftak\u0105 darbo rinkai, ekonomikai bei visuomenei. Jo knyga \u201eRobot\u0173 era\u201c i\u0161siskiria tuo, kad joje nagrin\u0117jami ry\u0161k\u0117jantys darbo rinkos poky\u010diai, skaitmenin\u0117 atskirtis, naujausios technologijos ir galimas j\u0173 poveikis ekonominiams ir socialiniams santykiams. Nors aptariam\u0173 rei\u0161kini\u0173 pavyzd\u017eiai pateikiami daugiausia i\u0161 JAV ir Jungtin\u0117s Karalyst\u0117s gyvenimo, j\u0173 tendencijos yra globalios ir nesunkiai pastebimos daugelyje i\u0161sivys\u010diusi\u0173 \u0161ali\u0173. \u0160i tarpdisciplin\u0117 knyga pad\u0117s Lietuvos mokslo, ekonomin\u0117s ir finansin\u0117s politikos formuotojams geriau suvokti s\u0105sajas tarp technologij\u0173 pa\u017eangos ir spar\u010di\u0173 socialini\u0173 bei ekonomini\u0173 poky\u010di\u0173, identifikuoti pagrindines j\u0173 varom\u0105sias j\u0117gas, o moksleiviams ir studentams \u2013 geriau pasirengti tiems poky\u010diams renkantis profesij\u0105.<\/p>\n","protected":false},"featured_media":21660,"comment_status":"open","ping_status":"closed","template":"","meta":{"_acf_changed":false,"site-sidebar-layout":"default","site-content-layout":"","ast-site-content-layout":"default","site-content-style":"default","site-sidebar-style":"default","ast-global-header-display":"","ast-banner-title-visibility":"","ast-main-header-display":"","ast-hfb-above-header-display":"","ast-hfb-below-header-display":"","ast-hfb-mobile-header-display":"","site-post-title":"","ast-breadcrumbs-content":"","ast-featured-img":"","footer-sml-layout":"","ast-disable-related-posts":"","theme-transparent-header-meta":"","adv-header-id-meta":"","stick-header-meta":"","header-above-stick-meta":"","header-main-stick-meta":"","header-below-stick-meta":"","astra-migrate-meta-layouts":"default","ast-page-background-enabled":"default","ast-page-background-meta":{"desktop":{"background-color":"","background-image":"","background-repeat":"repeat","background-position":"center center","background-size":"auto","background-attachment":"scroll","background-type":"","background-media":"","overlay-type":"","overlay-color":"","overlay-opacity":"","overlay-gradient":""},"tablet":{"background-color":"","background-image":"","background-repeat":"repeat","background-position":"center center","background-size":"auto","background-attachment":"scroll","background-type":"","background-media":"","overlay-type":"","overlay-color":"","overlay-opacity":"","overlay-gradient":""},"mobile":{"background-color":"","background-image":"","background-repeat":"repeat","background-position":"center center","background-size":"auto","background-attachment":"scroll","background-type":"","background-media":"","overlay-type":"","overlay-color":"","overlay-opacity":"","overlay-gradient":""}},"ast-content-background-meta":{"desktop":{"background-color":"var(--ast-global-color-4)","background-image":"","background-repeat":"repeat","background-position":"center center","background-size":"auto","background-attachment":"scroll","background-type":"","background-media":"","overlay-type":"","overlay-color":"","overlay-opacity":"","overlay-gradient":""},"tablet":{"background-color":"var(--ast-global-color-4)","background-image":"","background-repeat":"repeat","background-position":"center center","background-size":"auto","background-attachment":"scroll","background-type":"","background-media":"","overlay-type":"","overlay-color":"","overlay-opacity":"","overlay-gradient":""},"mobile":{"background-color":"var(--ast-global-color-4)","background-image":"","background-repeat":"repeat","background-position":"center center","background-size":"auto","background-attachment":"scroll","background-type":"","background-media":"","overlay-type":"","overlay-color":"","overlay-opacity":"","overlay-gradient":""}}},"product_brand":[],"product_cat":[15],"product_tag":[],"class_list":{"0":"post-21655","1":"product","2":"type-product","3":"status-publish","4":"has-post-thumbnail","6":"product_cat-uncategorized","7":"desktop-align-left","8":"tablet-align-left","9":"mobile-align-left","11":"first","12":"instock","13":"shipping-taxable","14":"purchasable","15":"product-type-simple"},"acf":[],"yoast_head":"<!-- This site is optimized with the Yoast SEO plugin v27.0 - https:\/\/yoast.com\/product\/yoast-seo-wordpress\/ -->\n<title>Robot\u0173 era: technologij\u0173 pa\u017eanga ir ateitis be darbo<\/title>\n<meta name=\"description\" content=\"Autorius M. Fordas yra futurologas, kuris specializuojasi dirbtinio intelekto ir robotikos srityse analizuodamas \u0161i\u0173 technologij\u0173 pl\u0117tr\u0105 ir \u012ftak\u0105 darbo\" \/>\n<meta name=\"robots\" content=\"index, follow, max-snippet:-1, max-image-preview:large, max-video-preview:-1\" \/>\n<link rel=\"canonical\" href=\"https:\/\/skaitytaknyga.lt\/en\/produktas\/robotu-era-technologiju-pazanga-ir-ateitis-be-darbo\/\" \/>\n<meta property=\"og:locale\" content=\"en_GB\" \/>\n<meta property=\"og:locale:alternate\" content=\"lt_LT\" \/>\n<meta property=\"og:type\" content=\"article\" \/>\n<meta property=\"og:title\" content=\"Robot\u0173 era: technologij\u0173 pa\u017eanga ir ateitis be darbo\" \/>\n<meta property=\"og:description\" content=\"Autorius M. Fordas yra futurologas, kuris specializuojasi dirbtinio intelekto ir robotikos srityse analizuodamas \u0161i\u0173 technologij\u0173 pl\u0117tr\u0105 ir \u012ftak\u0105 darbo\" \/>\n<meta property=\"og:url\" content=\"https:\/\/skaitytaknyga.lt\/en\/produktas\/robotu-era-technologiju-pazanga-ir-ateitis-be-darbo\/\" \/>\n<meta property=\"og:site_name\" content=\"Skaitytaknyga\" \/>\n<meta property=\"article:publisher\" content=\"https:\/\/www.facebook.com\/skaitytaknyga\/\" \/>\n<meta property=\"article:modified_time\" content=\"2025-10-30T12:50:21+00:00\" \/>\n<meta property=\"og:image\" content=\"https:\/\/skaitytaknyga.lt\/wp-content\/uploads\/2025\/10\/Robotu-era-technologiju-pazanga-ir-ateitis-be-darbo.webp\" \/>\n\t<meta property=\"og:image:width\" content=\"318\" \/>\n\t<meta property=\"og:image:height\" content=\"472\" \/>\n\t<meta property=\"og:image:type\" content=\"image\/webp\" \/>\n<meta name=\"twitter:card\" content=\"summary_large_image\" \/>\n<meta name=\"twitter:label1\" content=\"Estimated reading time\" \/>\n\t<meta name=\"twitter:data1\" content=\"1 minute\" \/>\n<script type=\"application\/ld+json\" class=\"yoast-schema-graph\">{\"@context\":\"https:\/\/schema.org\",\"@graph\":[{\"@type\":\"WebPage\",\"@id\":\"https:\/\/skaitytaknyga.lt\/produktas\/robotu-era-technologiju-pazanga-ir-ateitis-be-darbo\/\",\"url\":\"https:\/\/skaitytaknyga.lt\/produktas\/robotu-era-technologiju-pazanga-ir-ateitis-be-darbo\/\",\"name\":\"Robot\u0173 era: technologij\u0173 pa\u017eanga ir ateitis be darbo\",\"isPartOf\":{\"@id\":\"https:\/\/skaitytaknyga.lt\/#website\"},\"primaryImageOfPage\":{\"@id\":\"https:\/\/skaitytaknyga.lt\/produktas\/robotu-era-technologiju-pazanga-ir-ateitis-be-darbo\/#primaryimage\"},\"image\":{\"@id\":\"https:\/\/skaitytaknyga.lt\/produktas\/robotu-era-technologiju-pazanga-ir-ateitis-be-darbo\/#primaryimage\"},\"thumbnailUrl\":\"https:\/\/skaitytaknyga.lt\/wp-content\/uploads\/2025\/10\/Robotu-era-technologiju-pazanga-ir-ateitis-be-darbo.webp\",\"datePublished\":\"2025-10-30T06:26:36+00:00\",\"dateModified\":\"2025-10-30T12:50:21+00:00\",\"description\":\"Autorius M. Fordas yra futurologas, kuris specializuojasi dirbtinio intelekto ir robotikos srityse analizuodamas \u0161i\u0173 technologij\u0173 pl\u0117tr\u0105 ir \u012ftak\u0105 darbo\",\"breadcrumb\":{\"@id\":\"https:\/\/skaitytaknyga.lt\/produktas\/robotu-era-technologiju-pazanga-ir-ateitis-be-darbo\/#breadcrumb\"},\"inLanguage\":\"en-GB\",\"potentialAction\":[{\"@type\":\"ReadAction\",\"target\":[\"https:\/\/skaitytaknyga.lt\/produktas\/robotu-era-technologiju-pazanga-ir-ateitis-be-darbo\/\"]}]},{\"@type\":\"ImageObject\",\"inLanguage\":\"en-GB\",\"@id\":\"https:\/\/skaitytaknyga.lt\/produktas\/robotu-era-technologiju-pazanga-ir-ateitis-be-darbo\/#primaryimage\",\"url\":\"https:\/\/skaitytaknyga.lt\/wp-content\/uploads\/2025\/10\/Robotu-era-technologiju-pazanga-ir-ateitis-be-darbo.webp\",\"contentUrl\":\"https:\/\/skaitytaknyga.lt\/wp-content\/uploads\/2025\/10\/Robotu-era-technologiju-pazanga-ir-ateitis-be-darbo.webp\",\"width\":318,\"height\":472,\"caption\":\"Robot\u0173 era: technologij\u0173 pa\u017eanga ir ateitis be darbo\"},{\"@type\":\"BreadcrumbList\",\"@id\":\"https:\/\/skaitytaknyga.lt\/produktas\/robotu-era-technologiju-pazanga-ir-ateitis-be-darbo\/#breadcrumb\",\"itemListElement\":[{\"@type\":\"ListItem\",\"position\":1,\"name\":\"Home\",\"item\":\"https:\/\/skaitytaknyga.lt\/\"},{\"@type\":\"ListItem\",\"position\":2,\"name\":\"Parduotuv\u0117\",\"item\":\"https:\/\/skaitytaknyga.lt\/knygu-parduotuve\/\"},{\"@type\":\"ListItem\",\"position\":3,\"name\":\"Robot\u0173 era: technologij\u0173 pa\u017eanga ir ateitis be darbo\"}]},{\"@type\":\"WebSite\",\"@id\":\"https:\/\/skaitytaknyga.lt\/#website\",\"url\":\"https:\/\/skaitytaknyga.lt\/\",\"name\":\"skaitytaknyga.lt\",\"description\":\"Skaitytaknyga.lt \u2013 tai ma\u017eas \u0161eimos verslas, kuris prasid\u0117jo nuo meil\u0117s knygoms ir siekio i\u0161gelb\u0117ti knygas nuo likimo prie konteinerio. Kas vienam nereikalingas daiktas \u2013 kitam lobis, o mes esame tarpininkai, kurie padeda abiems tapti laimingesniems ???? \u017dinome kaip nelengva i\u0161gyventi ma\u017eiems verslams, tad nuo \u0161iol, \u010dia rasite ir kit\u0173, ma\u017e\u0173 \u0161eim\u0173 versl\u0173, rank\u0173 darbo, dovan\u0173 sau ir artimiesiems.\",\"publisher\":{\"@id\":\"https:\/\/skaitytaknyga.lt\/#organization\"},\"potentialAction\":[{\"@type\":\"SearchAction\",\"target\":{\"@type\":\"EntryPoint\",\"urlTemplate\":\"https:\/\/skaitytaknyga.lt\/?s={search_term_string}\"},\"query-input\":{\"@type\":\"PropertyValueSpecification\",\"valueRequired\":true,\"valueName\":\"search_term_string\"}}],\"inLanguage\":\"en-GB\"},{\"@type\":\"Organization\",\"@id\":\"https:\/\/skaitytaknyga.lt\/#organization\",\"name\":\"skaitytaknyga.lt\",\"url\":\"https:\/\/skaitytaknyga.lt\/\",\"logo\":{\"@type\":\"ImageObject\",\"inLanguage\":\"en-GB\",\"@id\":\"https:\/\/skaitytaknyga.lt\/#\/schema\/logo\/image\/\",\"url\":\"https:\/\/skaitytaknyga.lt\/wp-content\/uploads\/2024\/05\/cropped-cropped-cropped-02_00843_jt3bggkj1j3HLc7SyY6rEUpg.jpeg\",\"contentUrl\":\"https:\/\/skaitytaknyga.lt\/wp-content\/uploads\/2024\/05\/cropped-cropped-cropped-02_00843_jt3bggkj1j3HLc7SyY6rEUpg.jpeg\",\"width\":1600,\"height\":1600,\"caption\":\"skaitytaknyga.lt\"},\"image\":{\"@id\":\"https:\/\/skaitytaknyga.lt\/#\/schema\/logo\/image\/\"},\"sameAs\":[\"https:\/\/www.facebook.com\/skaitytaknyga\/\"]}]}<\/script>\n<!-- \/ Yoast SEO plugin. -->","yoast_head_json":{"title":"Robot\u0173 era: technologij\u0173 pa\u017eanga ir ateitis be darbo","description":"Autorius M. Fordas yra futurologas, kuris specializuojasi dirbtinio intelekto ir robotikos srityse analizuodamas \u0161i\u0173 technologij\u0173 pl\u0117tr\u0105 ir \u012ftak\u0105 darbo","robots":{"index":"index","follow":"follow","max-snippet":"max-snippet:-1","max-image-preview":"max-image-preview:large","max-video-preview":"max-video-preview:-1"},"canonical":"https:\/\/skaitytaknyga.lt\/en\/produktas\/robotu-era-technologiju-pazanga-ir-ateitis-be-darbo\/","og_locale":"en_GB","og_type":"article","og_title":"[:lt]Robot\u0173 era: technologij\u0173 pa\u017eanga ir ateitis be darbo[:] - Skaitytaknyga","og_description":"Autorius M. Fordas yra futurologas, kuris specializuojasi dirbtinio intelekto ir robotikos srityse analizuodamas \u0161i\u0173 technologij\u0173 pl\u0117tr\u0105 ir \u012ftak\u0105 darbo","og_url":"https:\/\/skaitytaknyga.lt\/en\/produktas\/robotu-era-technologiju-pazanga-ir-ateitis-be-darbo\/","og_site_name":"Skaitytaknyga","article_publisher":"https:\/\/www.facebook.com\/skaitytaknyga\/","article_modified_time":"2025-10-30T12:50:21+00:00","og_image":[{"width":318,"height":472,"url":"https:\/\/skaitytaknyga.lt\/wp-content\/uploads\/2025\/10\/Robotu-era-technologiju-pazanga-ir-ateitis-be-darbo.webp","type":"image\/webp"}],"twitter_card":"summary_large_image","twitter_misc":{"Estimated reading time":"1 minute"},"schema":{"@context":"https:\/\/schema.org","@graph":[{"@type":"WebPage","@id":"https:\/\/skaitytaknyga.lt\/produktas\/robotu-era-technologiju-pazanga-ir-ateitis-be-darbo\/","url":"https:\/\/skaitytaknyga.lt\/produktas\/robotu-era-technologiju-pazanga-ir-ateitis-be-darbo\/","name":"Robot\u0173 era: technologij\u0173 pa\u017eanga ir ateitis be darbo","isPartOf":{"@id":"https:\/\/skaitytaknyga.lt\/#website"},"primaryImageOfPage":{"@id":"https:\/\/skaitytaknyga.lt\/produktas\/robotu-era-technologiju-pazanga-ir-ateitis-be-darbo\/#primaryimage"},"image":{"@id":"https:\/\/skaitytaknyga.lt\/produktas\/robotu-era-technologiju-pazanga-ir-ateitis-be-darbo\/#primaryimage"},"thumbnailUrl":"https:\/\/skaitytaknyga.lt\/wp-content\/uploads\/2025\/10\/Robotu-era-technologiju-pazanga-ir-ateitis-be-darbo.webp","datePublished":"2025-10-30T06:26:36+00:00","dateModified":"2025-10-30T12:50:21+00:00","description":"Autorius M. Fordas yra futurologas, kuris specializuojasi dirbtinio intelekto ir robotikos srityse analizuodamas \u0161i\u0173 technologij\u0173 pl\u0117tr\u0105 ir \u012ftak\u0105 darbo","breadcrumb":{"@id":"https:\/\/skaitytaknyga.lt\/produktas\/robotu-era-technologiju-pazanga-ir-ateitis-be-darbo\/#breadcrumb"},"inLanguage":"en-GB","potentialAction":[{"@type":"ReadAction","target":["https:\/\/skaitytaknyga.lt\/produktas\/robotu-era-technologiju-pazanga-ir-ateitis-be-darbo\/"]}]},{"@type":"ImageObject","inLanguage":"en-GB","@id":"https:\/\/skaitytaknyga.lt\/produktas\/robotu-era-technologiju-pazanga-ir-ateitis-be-darbo\/#primaryimage","url":"https:\/\/skaitytaknyga.lt\/wp-content\/uploads\/2025\/10\/Robotu-era-technologiju-pazanga-ir-ateitis-be-darbo.webp","contentUrl":"https:\/\/skaitytaknyga.lt\/wp-content\/uploads\/2025\/10\/Robotu-era-technologiju-pazanga-ir-ateitis-be-darbo.webp","width":318,"height":472,"caption":"Robot\u0173 era: technologij\u0173 pa\u017eanga ir ateitis be darbo"},{"@type":"BreadcrumbList","@id":"https:\/\/skaitytaknyga.lt\/produktas\/robotu-era-technologiju-pazanga-ir-ateitis-be-darbo\/#breadcrumb","itemListElement":[{"@type":"ListItem","position":1,"name":"Home","item":"https:\/\/skaitytaknyga.lt\/"},{"@type":"ListItem","position":2,"name":"Parduotuv\u0117","item":"https:\/\/skaitytaknyga.lt\/knygu-parduotuve\/"},{"@type":"ListItem","position":3,"name":"Robot\u0173 era: technologij\u0173 pa\u017eanga ir ateitis be darbo"}]},{"@type":"WebSite","@id":"https:\/\/skaitytaknyga.lt\/#website","url":"https:\/\/skaitytaknyga.lt\/","name":"skaitytaknyga.lt","description":"Skaitytaknyga.lt \u2013 tai ma\u017eas \u0161eimos verslas, kuris prasid\u0117jo nuo meil\u0117s knygoms ir siekio i\u0161gelb\u0117ti knygas nuo likimo prie konteinerio. Kas vienam nereikalingas daiktas \u2013 kitam lobis, o mes esame tarpininkai, kurie padeda abiems tapti laimingesniems ???? \u017dinome kaip nelengva i\u0161gyventi ma\u017eiems verslams, tad nuo \u0161iol, \u010dia rasite ir kit\u0173, ma\u017e\u0173 \u0161eim\u0173 versl\u0173, rank\u0173 darbo, dovan\u0173 sau ir artimiesiems.","publisher":{"@id":"https:\/\/skaitytaknyga.lt\/#organization"},"potentialAction":[{"@type":"SearchAction","target":{"@type":"EntryPoint","urlTemplate":"https:\/\/skaitytaknyga.lt\/?s={search_term_string}"},"query-input":{"@type":"PropertyValueSpecification","valueRequired":true,"valueName":"search_term_string"}}],"inLanguage":"en-GB"},{"@type":"Organization","@id":"https:\/\/skaitytaknyga.lt\/#organization","name":"skaitytaknyga.lt","url":"https:\/\/skaitytaknyga.lt\/","logo":{"@type":"ImageObject","inLanguage":"en-GB","@id":"https:\/\/skaitytaknyga.lt\/#\/schema\/logo\/image\/","url":"https:\/\/skaitytaknyga.lt\/wp-content\/uploads\/2024\/05\/cropped-cropped-cropped-02_00843_jt3bggkj1j3HLc7SyY6rEUpg.jpeg","contentUrl":"https:\/\/skaitytaknyga.lt\/wp-content\/uploads\/2024\/05\/cropped-cropped-cropped-02_00843_jt3bggkj1j3HLc7SyY6rEUpg.jpeg","width":1600,"height":1600,"caption":"skaitytaknyga.lt"},"image":{"@id":"https:\/\/skaitytaknyga.lt\/#\/schema\/logo\/image\/"},"sameAs":["https:\/\/www.facebook.com\/skaitytaknyga\/"]}]}},"_links":{"self":[{"href":"https:\/\/skaitytaknyga.lt\/en\/wp-json\/wp\/v2\/product\/21655","targetHints":{"allow":["GET"]}}],"collection":[{"href":"https:\/\/skaitytaknyga.lt\/en\/wp-json\/wp\/v2\/product"}],"about":[{"href":"https:\/\/skaitytaknyga.lt\/en\/wp-json\/wp\/v2\/types\/product"}],"replies":[{"embeddable":true,"href":"https:\/\/skaitytaknyga.lt\/en\/wp-json\/wp\/v2\/comments?post=21655"}],"wp:featuredmedia":[{"embeddable":true,"href":"https:\/\/skaitytaknyga.lt\/en\/wp-json\/wp\/v2\/media\/21660"}],"wp:attachment":[{"href":"https:\/\/skaitytaknyga.lt\/en\/wp-json\/wp\/v2\/media?parent=21655"}],"wp:term":[{"taxonomy":"product_brand","embeddable":true,"href":"https:\/\/skaitytaknyga.lt\/en\/wp-json\/wp\/v2\/product_brand?post=21655"},{"taxonomy":"product_cat","embeddable":true,"href":"https:\/\/skaitytaknyga.lt\/en\/wp-json\/wp\/v2\/product_cat?post=21655"},{"taxonomy":"product_tag","embeddable":true,"href":"https:\/\/skaitytaknyga.lt\/en\/wp-json\/wp\/v2\/product_tag?post=21655"}],"curies":[{"name":"wp","href":"https:\/\/api.w.org\/{rel}","templated":true}]}}