{"id":21646,"date":"2025-10-25T13:15:58","date_gmt":"2025-10-25T10:15:58","guid":{"rendered":"https:\/\/skaitytaknyga.lt\/?post_type=product&#038;p=21646"},"modified":"2025-10-25T13:27:09","modified_gmt":"2025-10-25T10:27:09","slug":"kasdienybes-kunstkamera-su-defektu","status":"publish","type":"product","link":"https:\/\/skaitytaknyga.lt\/en\/produktas\/kasdienybes-kunstkamera-su-defektu\/","title":{"rendered":"Kasdienyb\u0117s kunstkamera (su defektu)"},"content":{"rendered":"<p>Kiekvienas Ernesto Parulskio tekstas \u2013 tai \u017eavi miniati\u016brin\u0117 disertacija apie m\u016bs\u0173 kasdienyb\u0117s stebuklus. Tai epifanija \u2013 kai, atrodyt\u0173, buities smulkmenoje pamatai kult\u016bros, o kartais ir civilizacijos klodus. Da\u017ename t\u0173 tekst\u0173 dosniai pa\u017eeriama meno ir kult\u016bros id\u0117j\u0173, kurias b\u016bt\u0173 galima i\u0161 karto ir \u012fgyvendinti. Da\u017en\u0105 jis pats ir \u012fgyvendina.<br \/>\nIr visa tai \u2013 be tokios b\u016bdingos m\u016bs\u0173 visuomenei surauktos kaktos ir a\u0161aros aky. Viskas lengvai ir grak\u0161\u010diai, perregima, bet tvirta proza.<br \/>\nIr \u2013 ne pats menkiausias jo prozos privalumas: nedaug kas \u0161ioje \u0161alyje turi tok\u012f subtil\u0173 humoro jausm\u0105.<\/p>\n<p>\u017durnal\u0173 \u201eVerslo klas\u0117\u201c, \u201eIliustruotasis mokslas\u201c redaktorius Aurelijus Katkevi\u010dius<\/p>\n<p>\u012e \u0161\u012f spar\u010diai kintant\u012f pasaul\u012f, su kurio dinamika autorius gerai susipa\u017ein\u0119s, \u0161ios knygos tekstuose \u017evelgiama be perd\u0117to susi\u017eav\u0117jimo ir juolab be panikos, bet randama b\u016bd\u0173, kaip kiekvienas \u017emogus ir visuomen\u0117 gali i\u0161 jo gauti visokios naudos, kartais rimtos ir puosel\u0117tinos, o kartais veikiau linksmo atokv\u0117pio. Tai ne politiniai, o kult\u016briniai tekstai. M\u016bs\u0173 \u017eod\u017eio kult\u016broje retas rei\u0161kinys \u2013 \u017evelgti ne atgal, o \u012f priek\u012f, ir tai daroma protingai, \u012ftaigiai, \u017eaismingai.<\/p>\n","protected":false},"excerpt":{"rendered":"<p>Kiekvienas Ernesto Parulskio tekstas \u2013 tai \u017eavi miniati\u016brin\u0117 disertacija apie m\u016bs\u0173 kasdienyb\u0117s stebuklus. Tai epifanija \u2013 kai, atrodyt\u0173, buities smulkmenoje pamatai kult\u016bros, o kartais ir civilizacijos klodus. Da\u017ename t\u0173 tekst\u0173 dosniai pa\u017eeriama meno ir kult\u016bros id\u0117j\u0173, kurias b\u016bt\u0173 galima i\u0161 karto ir \u012fgyvendinti. Da\u017en\u0105 jis pats ir \u012fgyvendina. Ir visa tai \u2013 be tokios b\u016bdingos m\u016bs\u0173 visuomenei surauktos kaktos ir a\u0161aros aky. Viskas lengvai ir grak\u0161\u010diai, perregima, bet tvirta proza. Ir \u2013 ne pats menkiausias jo prozos privalumas: nedaug kas \u0161ioje \u0161alyje turi tok\u012f subtil\u0173 humoro jausm\u0105. \u017durnal\u0173 \u201eVerslo klas\u0117\u201c, \u201eIliustruotasis mokslas\u201c redaktorius Aurelijus Katkevi\u010dius \u012e \u0161\u012f spar\u010diai kintant\u012f pasaul\u012f, su kurio dinamika autorius gerai susipa\u017ein\u0119s, \u0161ios knygos tekstuose \u017evelgiama be perd\u0117to susi\u017eav\u0117jimo ir juolab be panikos, bet randama b\u016bd\u0173, kaip kiekvienas \u017emogus ir visuomen\u0117 gali i\u0161 jo gauti visokios naudos, kartais rimtos ir puosel\u0117tinos, o kartais veikiau linksmo atokv\u0117pio. Tai ne politiniai, o kult\u016briniai tekstai. M\u016bs\u0173 \u017eod\u017eio kult\u016broje retas rei\u0161kinys \u2013 \u017evelgti ne atgal, o \u012f priek\u012f, ir tai daroma protingai, \u012ftaigiai, \u017eaismingai.<\/p>\n","protected":false},"featured_media":21651,"comment_status":"open","ping_status":"closed","template":"","meta":{"_acf_changed":false,"site-sidebar-layout":"default","site-content-layout":"","ast-site-content-layout":"default","site-content-style":"default","site-sidebar-style":"default","ast-global-header-display":"","ast-banner-title-visibility":"","ast-main-header-display":"","ast-hfb-above-header-display":"","ast-hfb-below-header-display":"","ast-hfb-mobile-header-display":"","site-post-title":"","ast-breadcrumbs-content":"","ast-featured-img":"","footer-sml-layout":"","ast-disable-related-posts":"","theme-transparent-header-meta":"","adv-header-id-meta":"","stick-header-meta":"","header-above-stick-meta":"","header-main-stick-meta":"","header-below-stick-meta":"","astra-migrate-meta-layouts":"default","ast-page-background-enabled":"default","ast-page-background-meta":{"desktop":{"background-color":"","background-image":"","background-repeat":"repeat","background-position":"center center","background-size":"auto","background-attachment":"scroll","background-type":"","background-media":"","overlay-type":"","overlay-color":"","overlay-opacity":"","overlay-gradient":""},"tablet":{"background-color":"","background-image":"","background-repeat":"repeat","background-position":"center center","background-size":"auto","background-attachment":"scroll","background-type":"","background-media":"","overlay-type":"","overlay-color":"","overlay-opacity":"","overlay-gradient":""},"mobile":{"background-color":"","background-image":"","background-repeat":"repeat","background-position":"center center","background-size":"auto","background-attachment":"scroll","background-type":"","background-media":"","overlay-type":"","overlay-color":"","overlay-opacity":"","overlay-gradient":""}},"ast-content-background-meta":{"desktop":{"background-color":"var(--ast-global-color-4)","background-image":"","background-repeat":"repeat","background-position":"center center","background-size":"auto","background-attachment":"scroll","background-type":"","background-media":"","overlay-type":"","overlay-color":"","overlay-opacity":"","overlay-gradient":""},"tablet":{"background-color":"var(--ast-global-color-4)","background-image":"","background-repeat":"repeat","background-position":"center center","background-size":"auto","background-attachment":"scroll","background-type":"","background-media":"","overlay-type":"","overlay-color":"","overlay-opacity":"","overlay-gradient":""},"mobile":{"background-color":"var(--ast-global-color-4)","background-image":"","background-repeat":"repeat","background-position":"center center","background-size":"auto","background-attachment":"scroll","background-type":"","background-media":"","overlay-type":"","overlay-color":"","overlay-opacity":"","overlay-gradient":""}}},"product_brand":[],"product_cat":[31],"product_tag":[],"class_list":{"0":"post-21646","1":"product","2":"type-product","3":"status-publish","4":"has-post-thumbnail","6":"product_cat-grozine-literatura","7":"desktop-align-left","8":"tablet-align-left","9":"mobile-align-left","11":"first","12":"instock","13":"shipping-taxable","14":"purchasable","15":"product-type-simple"},"acf":[],"yoast_head":"<!-- This site is optimized with the Yoast SEO plugin v27.0 - https:\/\/yoast.com\/product\/yoast-seo-wordpress\/ -->\n<title>Kasdienyb\u0117s kunstkamera (su defektu)<\/title>\n<meta name=\"description\" content=\"Kiekvienas Ernesto Parulskio tekstas \u2013 tai \u017eavi miniati\u016brin\u0117 disertacija apie m\u016bs\u0173 kasdienyb\u0117s stebuklus. Tai epifanija \u2013 kai, atrodyt\u0173, buities\" \/>\n<meta name=\"robots\" content=\"index, follow, max-snippet:-1, max-image-preview:large, max-video-preview:-1\" \/>\n<link rel=\"canonical\" href=\"https:\/\/skaitytaknyga.lt\/en\/produktas\/kasdienybes-kunstkamera-su-defektu\/\" \/>\n<meta property=\"og:locale\" content=\"en_GB\" \/>\n<meta property=\"og:locale:alternate\" content=\"lt_LT\" \/>\n<meta property=\"og:type\" content=\"article\" \/>\n<meta property=\"og:title\" content=\"Kasdienyb\u0117s kunstkamera (su defektu)\" \/>\n<meta property=\"og:description\" content=\"Kiekvienas Ernesto Parulskio tekstas \u2013 tai \u017eavi miniati\u016brin\u0117 disertacija apie m\u016bs\u0173 kasdienyb\u0117s stebuklus. Tai epifanija \u2013 kai, atrodyt\u0173, buities\" \/>\n<meta property=\"og:url\" content=\"https:\/\/skaitytaknyga.lt\/en\/produktas\/kasdienybes-kunstkamera-su-defektu\/\" \/>\n<meta property=\"og:site_name\" content=\"Skaitytaknyga\" \/>\n<meta property=\"article:publisher\" content=\"https:\/\/www.facebook.com\/skaitytaknyga\/\" \/>\n<meta property=\"article:modified_time\" content=\"2025-10-25T10:27:09+00:00\" \/>\n<meta property=\"og:image\" content=\"https:\/\/skaitytaknyga.lt\/wp-content\/uploads\/2025\/10\/Kasdienybes-kunstkamera-1.webp\" \/>\n\t<meta property=\"og:image:width\" content=\"399\" \/>\n\t<meta property=\"og:image:height\" content=\"596\" \/>\n\t<meta property=\"og:image:type\" content=\"image\/webp\" \/>\n<meta name=\"twitter:card\" content=\"summary_large_image\" \/>\n<meta name=\"twitter:label1\" content=\"Estimated reading time\" \/>\n\t<meta name=\"twitter:data1\" content=\"1 minute\" \/>\n<script type=\"application\/ld+json\" class=\"yoast-schema-graph\">{\"@context\":\"https:\/\/schema.org\",\"@graph\":[{\"@type\":\"WebPage\",\"@id\":\"https:\/\/skaitytaknyga.lt\/produktas\/kasdienybes-kunstkamera-su-defektu\/\",\"url\":\"https:\/\/skaitytaknyga.lt\/produktas\/kasdienybes-kunstkamera-su-defektu\/\",\"name\":\"Kasdienyb\u0117s kunstkamera (su defektu)\",\"isPartOf\":{\"@id\":\"https:\/\/skaitytaknyga.lt\/#website\"},\"primaryImageOfPage\":{\"@id\":\"https:\/\/skaitytaknyga.lt\/produktas\/kasdienybes-kunstkamera-su-defektu\/#primaryimage\"},\"image\":{\"@id\":\"https:\/\/skaitytaknyga.lt\/produktas\/kasdienybes-kunstkamera-su-defektu\/#primaryimage\"},\"thumbnailUrl\":\"https:\/\/skaitytaknyga.lt\/wp-content\/uploads\/2025\/10\/Kasdienybes-kunstkamera-1.webp\",\"datePublished\":\"2025-10-25T10:15:58+00:00\",\"dateModified\":\"2025-10-25T10:27:09+00:00\",\"description\":\"Kiekvienas Ernesto Parulskio tekstas \u2013 tai \u017eavi miniati\u016brin\u0117 disertacija apie m\u016bs\u0173 kasdienyb\u0117s stebuklus. Tai epifanija \u2013 kai, atrodyt\u0173, buities\",\"breadcrumb\":{\"@id\":\"https:\/\/skaitytaknyga.lt\/produktas\/kasdienybes-kunstkamera-su-defektu\/#breadcrumb\"},\"inLanguage\":\"en-GB\",\"potentialAction\":[{\"@type\":\"ReadAction\",\"target\":[\"https:\/\/skaitytaknyga.lt\/produktas\/kasdienybes-kunstkamera-su-defektu\/\"]}]},{\"@type\":\"ImageObject\",\"inLanguage\":\"en-GB\",\"@id\":\"https:\/\/skaitytaknyga.lt\/produktas\/kasdienybes-kunstkamera-su-defektu\/#primaryimage\",\"url\":\"https:\/\/skaitytaknyga.lt\/wp-content\/uploads\/2025\/10\/Kasdienybes-kunstkamera-1.webp\",\"contentUrl\":\"https:\/\/skaitytaknyga.lt\/wp-content\/uploads\/2025\/10\/Kasdienybes-kunstkamera-1.webp\",\"width\":399,\"height\":596,\"caption\":\"Kasdienyb\u0117s kunstkamera\"},{\"@type\":\"BreadcrumbList\",\"@id\":\"https:\/\/skaitytaknyga.lt\/produktas\/kasdienybes-kunstkamera-su-defektu\/#breadcrumb\",\"itemListElement\":[{\"@type\":\"ListItem\",\"position\":1,\"name\":\"Home\",\"item\":\"https:\/\/skaitytaknyga.lt\/\"},{\"@type\":\"ListItem\",\"position\":2,\"name\":\"Parduotuv\u0117\",\"item\":\"https:\/\/skaitytaknyga.lt\/knygu-parduotuve\/\"},{\"@type\":\"ListItem\",\"position\":3,\"name\":\"Kasdienyb\u0117s kunstkamera (su defektu)\"}]},{\"@type\":\"WebSite\",\"@id\":\"https:\/\/skaitytaknyga.lt\/#website\",\"url\":\"https:\/\/skaitytaknyga.lt\/\",\"name\":\"skaitytaknyga.lt\",\"description\":\"Skaitytaknyga.lt \u2013 tai ma\u017eas \u0161eimos verslas, kuris prasid\u0117jo nuo meil\u0117s knygoms ir siekio i\u0161gelb\u0117ti knygas nuo likimo prie konteinerio. Kas vienam nereikalingas daiktas \u2013 kitam lobis, o mes esame tarpininkai, kurie padeda abiems tapti laimingesniems ???? \u017dinome kaip nelengva i\u0161gyventi ma\u017eiems verslams, tad nuo \u0161iol, \u010dia rasite ir kit\u0173, ma\u017e\u0173 \u0161eim\u0173 versl\u0173, rank\u0173 darbo, dovan\u0173 sau ir artimiesiems.\",\"publisher\":{\"@id\":\"https:\/\/skaitytaknyga.lt\/#organization\"},\"potentialAction\":[{\"@type\":\"SearchAction\",\"target\":{\"@type\":\"EntryPoint\",\"urlTemplate\":\"https:\/\/skaitytaknyga.lt\/?s={search_term_string}\"},\"query-input\":{\"@type\":\"PropertyValueSpecification\",\"valueRequired\":true,\"valueName\":\"search_term_string\"}}],\"inLanguage\":\"en-GB\"},{\"@type\":\"Organization\",\"@id\":\"https:\/\/skaitytaknyga.lt\/#organization\",\"name\":\"skaitytaknyga.lt\",\"url\":\"https:\/\/skaitytaknyga.lt\/\",\"logo\":{\"@type\":\"ImageObject\",\"inLanguage\":\"en-GB\",\"@id\":\"https:\/\/skaitytaknyga.lt\/#\/schema\/logo\/image\/\",\"url\":\"https:\/\/skaitytaknyga.lt\/wp-content\/uploads\/2024\/05\/cropped-cropped-cropped-02_00843_jt3bggkj1j3HLc7SyY6rEUpg.jpeg\",\"contentUrl\":\"https:\/\/skaitytaknyga.lt\/wp-content\/uploads\/2024\/05\/cropped-cropped-cropped-02_00843_jt3bggkj1j3HLc7SyY6rEUpg.jpeg\",\"width\":1600,\"height\":1600,\"caption\":\"skaitytaknyga.lt\"},\"image\":{\"@id\":\"https:\/\/skaitytaknyga.lt\/#\/schema\/logo\/image\/\"},\"sameAs\":[\"https:\/\/www.facebook.com\/skaitytaknyga\/\"]}]}<\/script>\n<!-- \/ Yoast SEO plugin. -->","yoast_head_json":{"title":"Kasdienyb\u0117s kunstkamera (su defektu)","description":"Kiekvienas Ernesto Parulskio tekstas \u2013 tai \u017eavi miniati\u016brin\u0117 disertacija apie m\u016bs\u0173 kasdienyb\u0117s stebuklus. Tai epifanija \u2013 kai, atrodyt\u0173, buities","robots":{"index":"index","follow":"follow","max-snippet":"max-snippet:-1","max-image-preview":"max-image-preview:large","max-video-preview":"max-video-preview:-1"},"canonical":"https:\/\/skaitytaknyga.lt\/en\/produktas\/kasdienybes-kunstkamera-su-defektu\/","og_locale":"en_GB","og_type":"article","og_title":"[:lt]Kasdienyb\u0117s kunstkamera (su defektu)[:] - Skaitytaknyga","og_description":"Kiekvienas Ernesto Parulskio tekstas \u2013 tai \u017eavi miniati\u016brin\u0117 disertacija apie m\u016bs\u0173 kasdienyb\u0117s stebuklus. Tai epifanija \u2013 kai, atrodyt\u0173, buities","og_url":"https:\/\/skaitytaknyga.lt\/en\/produktas\/kasdienybes-kunstkamera-su-defektu\/","og_site_name":"Skaitytaknyga","article_publisher":"https:\/\/www.facebook.com\/skaitytaknyga\/","article_modified_time":"2025-10-25T10:27:09+00:00","og_image":[{"width":399,"height":596,"url":"https:\/\/skaitytaknyga.lt\/wp-content\/uploads\/2025\/10\/Kasdienybes-kunstkamera-1.webp","type":"image\/webp"}],"twitter_card":"summary_large_image","twitter_misc":{"Estimated reading time":"1 minute"},"schema":{"@context":"https:\/\/schema.org","@graph":[{"@type":"WebPage","@id":"https:\/\/skaitytaknyga.lt\/produktas\/kasdienybes-kunstkamera-su-defektu\/","url":"https:\/\/skaitytaknyga.lt\/produktas\/kasdienybes-kunstkamera-su-defektu\/","name":"Kasdienyb\u0117s kunstkamera (su defektu)","isPartOf":{"@id":"https:\/\/skaitytaknyga.lt\/#website"},"primaryImageOfPage":{"@id":"https:\/\/skaitytaknyga.lt\/produktas\/kasdienybes-kunstkamera-su-defektu\/#primaryimage"},"image":{"@id":"https:\/\/skaitytaknyga.lt\/produktas\/kasdienybes-kunstkamera-su-defektu\/#primaryimage"},"thumbnailUrl":"https:\/\/skaitytaknyga.lt\/wp-content\/uploads\/2025\/10\/Kasdienybes-kunstkamera-1.webp","datePublished":"2025-10-25T10:15:58+00:00","dateModified":"2025-10-25T10:27:09+00:00","description":"Kiekvienas Ernesto Parulskio tekstas \u2013 tai \u017eavi miniati\u016brin\u0117 disertacija apie m\u016bs\u0173 kasdienyb\u0117s stebuklus. Tai epifanija \u2013 kai, atrodyt\u0173, buities","breadcrumb":{"@id":"https:\/\/skaitytaknyga.lt\/produktas\/kasdienybes-kunstkamera-su-defektu\/#breadcrumb"},"inLanguage":"en-GB","potentialAction":[{"@type":"ReadAction","target":["https:\/\/skaitytaknyga.lt\/produktas\/kasdienybes-kunstkamera-su-defektu\/"]}]},{"@type":"ImageObject","inLanguage":"en-GB","@id":"https:\/\/skaitytaknyga.lt\/produktas\/kasdienybes-kunstkamera-su-defektu\/#primaryimage","url":"https:\/\/skaitytaknyga.lt\/wp-content\/uploads\/2025\/10\/Kasdienybes-kunstkamera-1.webp","contentUrl":"https:\/\/skaitytaknyga.lt\/wp-content\/uploads\/2025\/10\/Kasdienybes-kunstkamera-1.webp","width":399,"height":596,"caption":"Kasdienyb\u0117s kunstkamera"},{"@type":"BreadcrumbList","@id":"https:\/\/skaitytaknyga.lt\/produktas\/kasdienybes-kunstkamera-su-defektu\/#breadcrumb","itemListElement":[{"@type":"ListItem","position":1,"name":"Home","item":"https:\/\/skaitytaknyga.lt\/"},{"@type":"ListItem","position":2,"name":"Parduotuv\u0117","item":"https:\/\/skaitytaknyga.lt\/knygu-parduotuve\/"},{"@type":"ListItem","position":3,"name":"Kasdienyb\u0117s kunstkamera (su defektu)"}]},{"@type":"WebSite","@id":"https:\/\/skaitytaknyga.lt\/#website","url":"https:\/\/skaitytaknyga.lt\/","name":"skaitytaknyga.lt","description":"Skaitytaknyga.lt \u2013 tai ma\u017eas \u0161eimos verslas, kuris prasid\u0117jo nuo meil\u0117s knygoms ir siekio i\u0161gelb\u0117ti knygas nuo likimo prie konteinerio. Kas vienam nereikalingas daiktas \u2013 kitam lobis, o mes esame tarpininkai, kurie padeda abiems tapti laimingesniems ???? \u017dinome kaip nelengva i\u0161gyventi ma\u017eiems verslams, tad nuo \u0161iol, \u010dia rasite ir kit\u0173, ma\u017e\u0173 \u0161eim\u0173 versl\u0173, rank\u0173 darbo, dovan\u0173 sau ir artimiesiems.","publisher":{"@id":"https:\/\/skaitytaknyga.lt\/#organization"},"potentialAction":[{"@type":"SearchAction","target":{"@type":"EntryPoint","urlTemplate":"https:\/\/skaitytaknyga.lt\/?s={search_term_string}"},"query-input":{"@type":"PropertyValueSpecification","valueRequired":true,"valueName":"search_term_string"}}],"inLanguage":"en-GB"},{"@type":"Organization","@id":"https:\/\/skaitytaknyga.lt\/#organization","name":"skaitytaknyga.lt","url":"https:\/\/skaitytaknyga.lt\/","logo":{"@type":"ImageObject","inLanguage":"en-GB","@id":"https:\/\/skaitytaknyga.lt\/#\/schema\/logo\/image\/","url":"https:\/\/skaitytaknyga.lt\/wp-content\/uploads\/2024\/05\/cropped-cropped-cropped-02_00843_jt3bggkj1j3HLc7SyY6rEUpg.jpeg","contentUrl":"https:\/\/skaitytaknyga.lt\/wp-content\/uploads\/2024\/05\/cropped-cropped-cropped-02_00843_jt3bggkj1j3HLc7SyY6rEUpg.jpeg","width":1600,"height":1600,"caption":"skaitytaknyga.lt"},"image":{"@id":"https:\/\/skaitytaknyga.lt\/#\/schema\/logo\/image\/"},"sameAs":["https:\/\/www.facebook.com\/skaitytaknyga\/"]}]}},"_links":{"self":[{"href":"https:\/\/skaitytaknyga.lt\/en\/wp-json\/wp\/v2\/product\/21646","targetHints":{"allow":["GET"]}}],"collection":[{"href":"https:\/\/skaitytaknyga.lt\/en\/wp-json\/wp\/v2\/product"}],"about":[{"href":"https:\/\/skaitytaknyga.lt\/en\/wp-json\/wp\/v2\/types\/product"}],"replies":[{"embeddable":true,"href":"https:\/\/skaitytaknyga.lt\/en\/wp-json\/wp\/v2\/comments?post=21646"}],"wp:featuredmedia":[{"embeddable":true,"href":"https:\/\/skaitytaknyga.lt\/en\/wp-json\/wp\/v2\/media\/21651"}],"wp:attachment":[{"href":"https:\/\/skaitytaknyga.lt\/en\/wp-json\/wp\/v2\/media?parent=21646"}],"wp:term":[{"taxonomy":"product_brand","embeddable":true,"href":"https:\/\/skaitytaknyga.lt\/en\/wp-json\/wp\/v2\/product_brand?post=21646"},{"taxonomy":"product_cat","embeddable":true,"href":"https:\/\/skaitytaknyga.lt\/en\/wp-json\/wp\/v2\/product_cat?post=21646"},{"taxonomy":"product_tag","embeddable":true,"href":"https:\/\/skaitytaknyga.lt\/en\/wp-json\/wp\/v2\/product_tag?post=21646"}],"curies":[{"name":"wp","href":"https:\/\/api.w.org\/{rel}","templated":true}]}}