{"id":21645,"date":"2025-10-25T13:15:58","date_gmt":"2025-10-25T10:15:58","guid":{"rendered":"https:\/\/skaitytaknyga.lt\/?post_type=product&#038;p=21645"},"modified":"2025-10-25T13:27:09","modified_gmt":"2025-10-25T10:27:09","slug":"trys-sekundes-dangaus","status":"publish","type":"product","link":"https:\/\/skaitytaknyga.lt\/en\/produktas\/trys-sekundes-dangaus\/","title":{"rendered":"Trys sekund\u0117s dangaus"},"content":{"rendered":"<p>\u201eTrys sekund\u0117s dangaus\u201c \u2013 Nacionalin\u0117s premijos laureato, poeto, dramaturgo ir eseisto Sigito Parulskio romanas, lietuvi\u0173 literat\u016broje naujai nuspalvin\u0119s kartos s\u0105vok\u0105, naujai interpretav\u0119s ir atskleid\u0119s homo sovieticus patirt\u012f.<\/p>\n<p>\u201eGydytojai sako, jog tai kart\u0173 problema. Vienos kartos \u017ei\u016br\u0117damos \u012f j\u016br\u0105 mato Diev\u0105, kitos girdi simfonin\u0119 muzik\u0105, Bacho fugas, dar kitos regi moter\u012f, Afrodit\u0119, begalyb\u0119, am\u017einyb\u0119, nirvan\u0105 ir kitok\u012f poetin\u012f \u0161lam\u0161t\u0105. Karta, \u012f \u0161\u012f pasaul\u012f i\u0161stumta apytikriai septintajame de\u0161imtmetyje, nors laikas ir neturi ypatingos reik\u0161m\u0117s, nemato n\u0117 velnio.\u201c<\/p>\n<p>Romano meninis pasaulis \u2013 \u201ealkoholiu varoma laiko ma\u0161ina\u201c: karin\u0117 patirtis, perteikta asociatyviai, fragmenti\u0161kai, \u0161trichais \u2013 per kvap\u0105, atmintyje \u012fsir\u0117\u017eusi\u0105 detal\u0119, emocin\u012f impuls\u0105, charakteringas dialog\u0173 nuotrupas.<\/p>\n<p>Romano veik\u0117jas \u2013 am\u017einoje nesvarumo b\u016bsenoje: esantis tarp kart\u0173, tur\u0117jusi\u0173 savo muzik\u0105, savo stabus, supratim\u0105 apie t\u0117vyn\u0119, meil\u0119, pinigus, \u0161eim\u0105, atsakomyb\u0119 \u2013 \u0161is neturi nieko. \u201eVisa, k\u0105 jis turi, tai tarpas\u201c \u2013 tarp dangaus ir \u017eem\u0117s, laisvo kry\u010dio ir skryd\u017eio, ko\u0161maro ir realyb\u0117s, vyro ir \u017emogaus, angelo ir moters. Dar jis turi savo atmint\u012f, prisiminimus, po kuriais kartais gali pasisl\u0117pti nuo sav\u0119s. Jo realyb\u0117 deformuota \u2013 \u017emogus be savybi\u0173, be veido. Jo vienatv\u0117 berib\u0117: ,,kad \u201ebent knarkim\u0105 kas nors \u012fjungt\u0173, kosul\u012f ar kojos kasym\u0105si.\u201c<\/p>\n<p>Leitmotyvu skambantys varpai sand\u0117liais paverstose ba\u017eny\u010diose \u2013 this is the end&#8230; my only friend&#8230;<\/p>\n","protected":false},"excerpt":{"rendered":"<p>\u201eTrys sekund\u0117s dangaus\u201c \u2013 Nacionalin\u0117s premijos laureato, poeto, dramaturgo ir eseisto Sigito Parulskio romanas, lietuvi\u0173 literat\u016broje naujai nuspalvin\u0119s kartos s\u0105vok\u0105, naujai interpretav\u0119s ir atskleid\u0119s homo sovieticus patirt\u012f. \u201eGydytojai sako, jog tai kart\u0173 problema. Vienos kartos \u017ei\u016br\u0117damos \u012f j\u016br\u0105 mato Diev\u0105, kitos girdi simfonin\u0119 muzik\u0105, Bacho fugas, dar kitos regi moter\u012f, Afrodit\u0119, begalyb\u0119, am\u017einyb\u0119, nirvan\u0105 ir kitok\u012f poetin\u012f \u0161lam\u0161t\u0105. Karta, \u012f \u0161\u012f pasaul\u012f i\u0161stumta apytikriai septintajame de\u0161imtmetyje, nors laikas ir neturi ypatingos reik\u0161m\u0117s, nemato n\u0117 velnio.\u201c Romano meninis pasaulis \u2013 \u201ealkoholiu varoma laiko ma\u0161ina\u201c: karin\u0117 patirtis, perteikta asociatyviai, fragmenti\u0161kai, \u0161trichais \u2013 per kvap\u0105, atmintyje \u012fsir\u0117\u017eusi\u0105 detal\u0119, emocin\u012f impuls\u0105, charakteringas dialog\u0173 nuotrupas. Romano veik\u0117jas \u2013 am\u017einoje nesvarumo b\u016bsenoje: esantis tarp kart\u0173, tur\u0117jusi\u0173 savo muzik\u0105, savo stabus, supratim\u0105 apie t\u0117vyn\u0119, meil\u0119, pinigus, \u0161eim\u0105, atsakomyb\u0119 \u2013 \u0161is neturi nieko. \u201eVisa, k\u0105 jis turi, tai tarpas\u201c \u2013 tarp dangaus ir \u017eem\u0117s, laisvo kry\u010dio ir skryd\u017eio, ko\u0161maro ir realyb\u0117s, vyro ir \u017emogaus, angelo ir moters. Dar jis turi savo atmint\u012f, prisiminimus, po kuriais kartais gali pasisl\u0117pti nuo sav\u0119s. Jo realyb\u0117 deformuota \u2013 \u017emogus be savybi\u0173, be veido. Jo vienatv\u0117 berib\u0117: ,,kad \u201ebent knarkim\u0105 kas nors \u012fjungt\u0173, kosul\u012f ar kojos kasym\u0105si.\u201c Leitmotyvu skambantys varpai sand\u0117liais paverstose ba\u017eny\u010diose \u2013 this is the end&#8230; my only friend&#8230;<\/p>\n","protected":false},"featured_media":21650,"comment_status":"open","ping_status":"closed","template":"","meta":{"_acf_changed":false,"site-sidebar-layout":"default","site-content-layout":"","ast-site-content-layout":"default","site-content-style":"default","site-sidebar-style":"default","ast-global-header-display":"","ast-banner-title-visibility":"","ast-main-header-display":"","ast-hfb-above-header-display":"","ast-hfb-below-header-display":"","ast-hfb-mobile-header-display":"","site-post-title":"","ast-breadcrumbs-content":"","ast-featured-img":"","footer-sml-layout":"","ast-disable-related-posts":"","theme-transparent-header-meta":"","adv-header-id-meta":"","stick-header-meta":"","header-above-stick-meta":"","header-main-stick-meta":"","header-below-stick-meta":"","astra-migrate-meta-layouts":"default","ast-page-background-enabled":"default","ast-page-background-meta":{"desktop":{"background-color":"","background-image":"","background-repeat":"repeat","background-position":"center center","background-size":"auto","background-attachment":"scroll","background-type":"","background-media":"","overlay-type":"","overlay-color":"","overlay-opacity":"","overlay-gradient":""},"tablet":{"background-color":"","background-image":"","background-repeat":"repeat","background-position":"center center","background-size":"auto","background-attachment":"scroll","background-type":"","background-media":"","overlay-type":"","overlay-color":"","overlay-opacity":"","overlay-gradient":""},"mobile":{"background-color":"","background-image":"","background-repeat":"repeat","background-position":"center center","background-size":"auto","background-attachment":"scroll","background-type":"","background-media":"","overlay-type":"","overlay-color":"","overlay-opacity":"","overlay-gradient":""}},"ast-content-background-meta":{"desktop":{"background-color":"var(--ast-global-color-4)","background-image":"","background-repeat":"repeat","background-position":"center center","background-size":"auto","background-attachment":"scroll","background-type":"","background-media":"","overlay-type":"","overlay-color":"","overlay-opacity":"","overlay-gradient":""},"tablet":{"background-color":"var(--ast-global-color-4)","background-image":"","background-repeat":"repeat","background-position":"center center","background-size":"auto","background-attachment":"scroll","background-type":"","background-media":"","overlay-type":"","overlay-color":"","overlay-opacity":"","overlay-gradient":""},"mobile":{"background-color":"var(--ast-global-color-4)","background-image":"","background-repeat":"repeat","background-position":"center center","background-size":"auto","background-attachment":"scroll","background-type":"","background-media":"","overlay-type":"","overlay-color":"","overlay-opacity":"","overlay-gradient":""}}},"product_brand":[],"product_cat":[31],"product_tag":[],"class_list":{"0":"post-21645","1":"product","2":"type-product","3":"status-publish","4":"has-post-thumbnail","6":"product_cat-grozine-literatura","7":"desktop-align-left","8":"tablet-align-left","9":"mobile-align-left","11":"first","12":"instock","13":"shipping-taxable","14":"purchasable","15":"product-type-simple"},"acf":[],"yoast_head":"<!-- This site is optimized with the Yoast SEO plugin v27.0 - https:\/\/yoast.com\/product\/yoast-seo-wordpress\/ -->\n<title>Trys sekund\u0117s dangaus<\/title>\n<meta name=\"description\" content=\"\u201eTrys sekund\u0117s dangaus\u201c \u2013 Nacionalin\u0117s premijos laureato, poeto, dramaturgo ir eseisto Sigito Parulskio romanas, lietuvi\u0173 literat\u016broje naujai nuspalvin\u0119s\" \/>\n<meta name=\"robots\" content=\"index, follow, max-snippet:-1, max-image-preview:large, max-video-preview:-1\" \/>\n<link rel=\"canonical\" href=\"https:\/\/skaitytaknyga.lt\/en\/produktas\/trys-sekundes-dangaus\/\" \/>\n<meta property=\"og:locale\" content=\"en_GB\" \/>\n<meta property=\"og:locale:alternate\" content=\"lt_LT\" \/>\n<meta property=\"og:type\" content=\"article\" \/>\n<meta property=\"og:title\" content=\"Trys sekund\u0117s dangaus\" \/>\n<meta property=\"og:description\" content=\"\u201eTrys sekund\u0117s dangaus\u201c \u2013 Nacionalin\u0117s premijos laureato, poeto, dramaturgo ir eseisto Sigito Parulskio romanas, lietuvi\u0173 literat\u016broje naujai nuspalvin\u0119s\" \/>\n<meta property=\"og:url\" content=\"https:\/\/skaitytaknyga.lt\/en\/produktas\/trys-sekundes-dangaus\/\" \/>\n<meta property=\"og:site_name\" content=\"Skaitytaknyga\" \/>\n<meta property=\"article:publisher\" content=\"https:\/\/www.facebook.com\/skaitytaknyga\/\" \/>\n<meta property=\"article:modified_time\" content=\"2025-10-25T10:27:09+00:00\" \/>\n<meta property=\"og:image\" content=\"https:\/\/skaitytaknyga.lt\/wp-content\/uploads\/2025\/10\/Trys-sekundes-dangaus-1.webp\" \/>\n\t<meta property=\"og:image:width\" content=\"438\" \/>\n\t<meta property=\"og:image:height\" content=\"651\" \/>\n\t<meta property=\"og:image:type\" content=\"image\/webp\" \/>\n<meta name=\"twitter:card\" content=\"summary_large_image\" \/>\n<meta name=\"twitter:label1\" content=\"Estimated reading time\" \/>\n\t<meta name=\"twitter:data1\" content=\"1 minute\" \/>\n<script type=\"application\/ld+json\" class=\"yoast-schema-graph\">{\"@context\":\"https:\/\/schema.org\",\"@graph\":[{\"@type\":\"WebPage\",\"@id\":\"https:\/\/skaitytaknyga.lt\/produktas\/trys-sekundes-dangaus\/\",\"url\":\"https:\/\/skaitytaknyga.lt\/produktas\/trys-sekundes-dangaus\/\",\"name\":\"Trys sekund\u0117s dangaus\",\"isPartOf\":{\"@id\":\"https:\/\/skaitytaknyga.lt\/#website\"},\"primaryImageOfPage\":{\"@id\":\"https:\/\/skaitytaknyga.lt\/produktas\/trys-sekundes-dangaus\/#primaryimage\"},\"image\":{\"@id\":\"https:\/\/skaitytaknyga.lt\/produktas\/trys-sekundes-dangaus\/#primaryimage\"},\"thumbnailUrl\":\"https:\/\/skaitytaknyga.lt\/wp-content\/uploads\/2025\/10\/Trys-sekundes-dangaus-1.webp\",\"datePublished\":\"2025-10-25T10:15:58+00:00\",\"dateModified\":\"2025-10-25T10:27:09+00:00\",\"description\":\"\u201eTrys sekund\u0117s dangaus\u201c \u2013 Nacionalin\u0117s premijos laureato, poeto, dramaturgo ir eseisto Sigito Parulskio romanas, lietuvi\u0173 literat\u016broje naujai nuspalvin\u0119s\",\"breadcrumb\":{\"@id\":\"https:\/\/skaitytaknyga.lt\/produktas\/trys-sekundes-dangaus\/#breadcrumb\"},\"inLanguage\":\"en-GB\",\"potentialAction\":[{\"@type\":\"ReadAction\",\"target\":[\"https:\/\/skaitytaknyga.lt\/produktas\/trys-sekundes-dangaus\/\"]}]},{\"@type\":\"ImageObject\",\"inLanguage\":\"en-GB\",\"@id\":\"https:\/\/skaitytaknyga.lt\/produktas\/trys-sekundes-dangaus\/#primaryimage\",\"url\":\"https:\/\/skaitytaknyga.lt\/wp-content\/uploads\/2025\/10\/Trys-sekundes-dangaus-1.webp\",\"contentUrl\":\"https:\/\/skaitytaknyga.lt\/wp-content\/uploads\/2025\/10\/Trys-sekundes-dangaus-1.webp\",\"width\":438,\"height\":651,\"caption\":\"Trys sekund\u0117s dangaus\"},{\"@type\":\"BreadcrumbList\",\"@id\":\"https:\/\/skaitytaknyga.lt\/produktas\/trys-sekundes-dangaus\/#breadcrumb\",\"itemListElement\":[{\"@type\":\"ListItem\",\"position\":1,\"name\":\"Home\",\"item\":\"https:\/\/skaitytaknyga.lt\/\"},{\"@type\":\"ListItem\",\"position\":2,\"name\":\"Parduotuv\u0117\",\"item\":\"https:\/\/skaitytaknyga.lt\/knygu-parduotuve\/\"},{\"@type\":\"ListItem\",\"position\":3,\"name\":\"Trys sekund\u0117s dangaus\"}]},{\"@type\":\"WebSite\",\"@id\":\"https:\/\/skaitytaknyga.lt\/#website\",\"url\":\"https:\/\/skaitytaknyga.lt\/\",\"name\":\"skaitytaknyga.lt\",\"description\":\"Skaitytaknyga.lt \u2013 tai ma\u017eas \u0161eimos verslas, kuris prasid\u0117jo nuo meil\u0117s knygoms ir siekio i\u0161gelb\u0117ti knygas nuo likimo prie konteinerio. Kas vienam nereikalingas daiktas \u2013 kitam lobis, o mes esame tarpininkai, kurie padeda abiems tapti laimingesniems ???? \u017dinome kaip nelengva i\u0161gyventi ma\u017eiems verslams, tad nuo \u0161iol, \u010dia rasite ir kit\u0173, ma\u017e\u0173 \u0161eim\u0173 versl\u0173, rank\u0173 darbo, dovan\u0173 sau ir artimiesiems.\",\"publisher\":{\"@id\":\"https:\/\/skaitytaknyga.lt\/#organization\"},\"potentialAction\":[{\"@type\":\"SearchAction\",\"target\":{\"@type\":\"EntryPoint\",\"urlTemplate\":\"https:\/\/skaitytaknyga.lt\/?s={search_term_string}\"},\"query-input\":{\"@type\":\"PropertyValueSpecification\",\"valueRequired\":true,\"valueName\":\"search_term_string\"}}],\"inLanguage\":\"en-GB\"},{\"@type\":\"Organization\",\"@id\":\"https:\/\/skaitytaknyga.lt\/#organization\",\"name\":\"skaitytaknyga.lt\",\"url\":\"https:\/\/skaitytaknyga.lt\/\",\"logo\":{\"@type\":\"ImageObject\",\"inLanguage\":\"en-GB\",\"@id\":\"https:\/\/skaitytaknyga.lt\/#\/schema\/logo\/image\/\",\"url\":\"https:\/\/skaitytaknyga.lt\/wp-content\/uploads\/2024\/05\/cropped-cropped-cropped-02_00843_jt3bggkj1j3HLc7SyY6rEUpg.jpeg\",\"contentUrl\":\"https:\/\/skaitytaknyga.lt\/wp-content\/uploads\/2024\/05\/cropped-cropped-cropped-02_00843_jt3bggkj1j3HLc7SyY6rEUpg.jpeg\",\"width\":1600,\"height\":1600,\"caption\":\"skaitytaknyga.lt\"},\"image\":{\"@id\":\"https:\/\/skaitytaknyga.lt\/#\/schema\/logo\/image\/\"},\"sameAs\":[\"https:\/\/www.facebook.com\/skaitytaknyga\/\"]}]}<\/script>\n<!-- \/ Yoast SEO plugin. -->","yoast_head_json":{"title":"Trys sekund\u0117s dangaus","description":"\u201eTrys sekund\u0117s dangaus\u201c \u2013 Nacionalin\u0117s premijos laureato, poeto, dramaturgo ir eseisto Sigito Parulskio romanas, lietuvi\u0173 literat\u016broje naujai nuspalvin\u0119s","robots":{"index":"index","follow":"follow","max-snippet":"max-snippet:-1","max-image-preview":"max-image-preview:large","max-video-preview":"max-video-preview:-1"},"canonical":"https:\/\/skaitytaknyga.lt\/en\/produktas\/trys-sekundes-dangaus\/","og_locale":"en_GB","og_type":"article","og_title":"[:lt]Trys sekund\u0117s dangaus[:] - Skaitytaknyga","og_description":"\u201eTrys sekund\u0117s dangaus\u201c \u2013 Nacionalin\u0117s premijos laureato, poeto, dramaturgo ir eseisto Sigito Parulskio romanas, lietuvi\u0173 literat\u016broje naujai nuspalvin\u0119s","og_url":"https:\/\/skaitytaknyga.lt\/en\/produktas\/trys-sekundes-dangaus\/","og_site_name":"Skaitytaknyga","article_publisher":"https:\/\/www.facebook.com\/skaitytaknyga\/","article_modified_time":"2025-10-25T10:27:09+00:00","og_image":[{"width":438,"height":651,"url":"https:\/\/skaitytaknyga.lt\/wp-content\/uploads\/2025\/10\/Trys-sekundes-dangaus-1.webp","type":"image\/webp"}],"twitter_card":"summary_large_image","twitter_misc":{"Estimated reading time":"1 minute"},"schema":{"@context":"https:\/\/schema.org","@graph":[{"@type":"WebPage","@id":"https:\/\/skaitytaknyga.lt\/produktas\/trys-sekundes-dangaus\/","url":"https:\/\/skaitytaknyga.lt\/produktas\/trys-sekundes-dangaus\/","name":"Trys sekund\u0117s dangaus","isPartOf":{"@id":"https:\/\/skaitytaknyga.lt\/#website"},"primaryImageOfPage":{"@id":"https:\/\/skaitytaknyga.lt\/produktas\/trys-sekundes-dangaus\/#primaryimage"},"image":{"@id":"https:\/\/skaitytaknyga.lt\/produktas\/trys-sekundes-dangaus\/#primaryimage"},"thumbnailUrl":"https:\/\/skaitytaknyga.lt\/wp-content\/uploads\/2025\/10\/Trys-sekundes-dangaus-1.webp","datePublished":"2025-10-25T10:15:58+00:00","dateModified":"2025-10-25T10:27:09+00:00","description":"\u201eTrys sekund\u0117s dangaus\u201c \u2013 Nacionalin\u0117s premijos laureato, poeto, dramaturgo ir eseisto Sigito Parulskio romanas, lietuvi\u0173 literat\u016broje naujai nuspalvin\u0119s","breadcrumb":{"@id":"https:\/\/skaitytaknyga.lt\/produktas\/trys-sekundes-dangaus\/#breadcrumb"},"inLanguage":"en-GB","potentialAction":[{"@type":"ReadAction","target":["https:\/\/skaitytaknyga.lt\/produktas\/trys-sekundes-dangaus\/"]}]},{"@type":"ImageObject","inLanguage":"en-GB","@id":"https:\/\/skaitytaknyga.lt\/produktas\/trys-sekundes-dangaus\/#primaryimage","url":"https:\/\/skaitytaknyga.lt\/wp-content\/uploads\/2025\/10\/Trys-sekundes-dangaus-1.webp","contentUrl":"https:\/\/skaitytaknyga.lt\/wp-content\/uploads\/2025\/10\/Trys-sekundes-dangaus-1.webp","width":438,"height":651,"caption":"Trys sekund\u0117s dangaus"},{"@type":"BreadcrumbList","@id":"https:\/\/skaitytaknyga.lt\/produktas\/trys-sekundes-dangaus\/#breadcrumb","itemListElement":[{"@type":"ListItem","position":1,"name":"Home","item":"https:\/\/skaitytaknyga.lt\/"},{"@type":"ListItem","position":2,"name":"Parduotuv\u0117","item":"https:\/\/skaitytaknyga.lt\/knygu-parduotuve\/"},{"@type":"ListItem","position":3,"name":"Trys sekund\u0117s dangaus"}]},{"@type":"WebSite","@id":"https:\/\/skaitytaknyga.lt\/#website","url":"https:\/\/skaitytaknyga.lt\/","name":"skaitytaknyga.lt","description":"Skaitytaknyga.lt \u2013 tai ma\u017eas \u0161eimos verslas, kuris prasid\u0117jo nuo meil\u0117s knygoms ir siekio i\u0161gelb\u0117ti knygas nuo likimo prie konteinerio. Kas vienam nereikalingas daiktas \u2013 kitam lobis, o mes esame tarpininkai, kurie padeda abiems tapti laimingesniems ???? \u017dinome kaip nelengva i\u0161gyventi ma\u017eiems verslams, tad nuo \u0161iol, \u010dia rasite ir kit\u0173, ma\u017e\u0173 \u0161eim\u0173 versl\u0173, rank\u0173 darbo, dovan\u0173 sau ir artimiesiems.","publisher":{"@id":"https:\/\/skaitytaknyga.lt\/#organization"},"potentialAction":[{"@type":"SearchAction","target":{"@type":"EntryPoint","urlTemplate":"https:\/\/skaitytaknyga.lt\/?s={search_term_string}"},"query-input":{"@type":"PropertyValueSpecification","valueRequired":true,"valueName":"search_term_string"}}],"inLanguage":"en-GB"},{"@type":"Organization","@id":"https:\/\/skaitytaknyga.lt\/#organization","name":"skaitytaknyga.lt","url":"https:\/\/skaitytaknyga.lt\/","logo":{"@type":"ImageObject","inLanguage":"en-GB","@id":"https:\/\/skaitytaknyga.lt\/#\/schema\/logo\/image\/","url":"https:\/\/skaitytaknyga.lt\/wp-content\/uploads\/2024\/05\/cropped-cropped-cropped-02_00843_jt3bggkj1j3HLc7SyY6rEUpg.jpeg","contentUrl":"https:\/\/skaitytaknyga.lt\/wp-content\/uploads\/2024\/05\/cropped-cropped-cropped-02_00843_jt3bggkj1j3HLc7SyY6rEUpg.jpeg","width":1600,"height":1600,"caption":"skaitytaknyga.lt"},"image":{"@id":"https:\/\/skaitytaknyga.lt\/#\/schema\/logo\/image\/"},"sameAs":["https:\/\/www.facebook.com\/skaitytaknyga\/"]}]}},"_links":{"self":[{"href":"https:\/\/skaitytaknyga.lt\/en\/wp-json\/wp\/v2\/product\/21645","targetHints":{"allow":["GET"]}}],"collection":[{"href":"https:\/\/skaitytaknyga.lt\/en\/wp-json\/wp\/v2\/product"}],"about":[{"href":"https:\/\/skaitytaknyga.lt\/en\/wp-json\/wp\/v2\/types\/product"}],"replies":[{"embeddable":true,"href":"https:\/\/skaitytaknyga.lt\/en\/wp-json\/wp\/v2\/comments?post=21645"}],"wp:featuredmedia":[{"embeddable":true,"href":"https:\/\/skaitytaknyga.lt\/en\/wp-json\/wp\/v2\/media\/21650"}],"wp:attachment":[{"href":"https:\/\/skaitytaknyga.lt\/en\/wp-json\/wp\/v2\/media?parent=21645"}],"wp:term":[{"taxonomy":"product_brand","embeddable":true,"href":"https:\/\/skaitytaknyga.lt\/en\/wp-json\/wp\/v2\/product_brand?post=21645"},{"taxonomy":"product_cat","embeddable":true,"href":"https:\/\/skaitytaknyga.lt\/en\/wp-json\/wp\/v2\/product_cat?post=21645"},{"taxonomy":"product_tag","embeddable":true,"href":"https:\/\/skaitytaknyga.lt\/en\/wp-json\/wp\/v2\/product_tag?post=21645"}],"curies":[{"name":"wp","href":"https:\/\/api.w.org\/{rel}","templated":true}]}}