{"id":21644,"date":"2025-10-25T13:15:58","date_gmt":"2025-10-25T10:15:58","guid":{"rendered":"https:\/\/skaitytaknyga.lt\/?post_type=product&#038;p=21644"},"modified":"2025-10-25T13:27:09","modified_gmt":"2025-10-25T10:27:09","slug":"septintas-susitikimas","status":"publish","type":"product","link":"https:\/\/skaitytaknyga.lt\/en\/produktas\/septintas-susitikimas\/","title":{"rendered":"Septintas susitikimas"},"content":{"rendered":"<p>\u201eSeptinto susitikimo&#8221; herojai susitiko dar vaikyst\u0117je.<\/p>\n<p>Ruta \u2013 ypatingos sielos mergait\u0117 juodomis akimis, kilusi i\u0161 nedidel\u0117s salos Norvegijos \u0161iaur\u0117je. U\u017edaroje bendruomen\u0117je, kur kiekvienas tro\u0161kimas i\u0161l\u012fsti i\u0161 visuomen\u0117s apibr\u0117\u017et\u0173 r\u0117m\u0173, grie\u017etai smerkiamas, menin\u012f polink\u012f turin\u010diai mergaitei stigo supratimo ir artim\u0173j\u0173 meil\u0117s. Dabar Ruta pasaulyje pripa\u017einta meninink\u0117. Dabar ji galinti prad\u0117ti gyventi i\u0161 tikr\u0173j\u0173&#8230;<\/p>\n<p>Mielas ir supratingas berniukas Gormas dabar klestintis verslininkas. Jam nieko nestigo, bet tur\u0117damas visk\u0105, jis netur\u0117jo nieko, ko i\u0161 tikr\u0173j\u0173 tro\u0161ko&#8230;<\/p>\n<p>Prab\u0117go daug laiko, juos skiria metai, atstumas, santuokos, vaikai, netektys ir skausmai. Ta\u010diau Rut\u0105 ir Gorm\u0105 sieja vieni\u0161umas. Jie gyvena ilg\u0117damiesi&#8230; ka\u017eko, prie ko b\u016bt\u0173 galima prisiglausti, kam b\u016bt\u0173 galima i\u0161sipasakoti, kartu b\u016bti suprastam ar drauge patyl\u0117ti.<\/p>\n<p>Ruta ir Gormas susitinka \u0161e\u0161is kartus, trumpai, atsitiktinai. Kiekvien\u0105syk paliekamas p\u0117dsakas, sujaukiamos mintys. Ar visk\u0105 gyvenime padariau d\u0117l savo sieki\u0173? Ar suradau save, savo gyvenimo keli\u0105?<\/p>\n<p>Art\u0117ja septintas j\u0173dviej\u0173 susitikimas&#8230;<\/p>\n<p>Pagaliau \u2013 tai knyga, kuri\u0105 bus tiesiog gera skaityti. Akis u\u017eklius u\u017e netik\u0117tai taiklaus palyginimo, netradicinio posakio, originaliais \u017eod\u017eiais i\u0161sakytos minties. Knyga, prie kurios nor\u0117sis sugr\u012f\u017eti tam, kad v\u0117l rastum t\u0105 pat\u012f jausm\u0105 \u2013 ir galb\u016bt k\u0105 nors naujo.<\/p>\n","protected":false},"excerpt":{"rendered":"<p>\u201eSeptinto susitikimo&#8221; herojai susitiko dar vaikyst\u0117je. Ruta \u2013 ypatingos sielos mergait\u0117 juodomis akimis, kilusi i\u0161 nedidel\u0117s salos Norvegijos \u0161iaur\u0117je. U\u017edaroje bendruomen\u0117je, kur kiekvienas tro\u0161kimas i\u0161l\u012fsti i\u0161 visuomen\u0117s apibr\u0117\u017et\u0173 r\u0117m\u0173, grie\u017etai smerkiamas, menin\u012f polink\u012f turin\u010diai mergaitei stigo supratimo ir artim\u0173j\u0173 meil\u0117s. Dabar Ruta pasaulyje pripa\u017einta meninink\u0117. Dabar ji galinti prad\u0117ti gyventi i\u0161 tikr\u0173j\u0173&#8230; Mielas ir supratingas berniukas Gormas dabar klestintis verslininkas. Jam nieko nestigo, bet tur\u0117damas visk\u0105, jis netur\u0117jo nieko, ko i\u0161 tikr\u0173j\u0173 tro\u0161ko&#8230; Prab\u0117go daug laiko, juos skiria metai, atstumas, santuokos, vaikai, netektys ir skausmai. Ta\u010diau Rut\u0105 ir Gorm\u0105 sieja vieni\u0161umas. Jie gyvena ilg\u0117damiesi&#8230; ka\u017eko, prie ko b\u016bt\u0173 galima prisiglausti, kam b\u016bt\u0173 galima i\u0161sipasakoti, kartu b\u016bti suprastam ar drauge patyl\u0117ti. Ruta ir Gormas susitinka \u0161e\u0161is kartus, trumpai, atsitiktinai. Kiekvien\u0105syk paliekamas p\u0117dsakas, sujaukiamos mintys. Ar visk\u0105 gyvenime padariau d\u0117l savo sieki\u0173? Ar suradau save, savo gyvenimo keli\u0105? Art\u0117ja septintas j\u0173dviej\u0173 susitikimas&#8230; Pagaliau \u2013 tai knyga, kuri\u0105 bus tiesiog gera skaityti. Akis u\u017eklius u\u017e netik\u0117tai taiklaus palyginimo, netradicinio posakio, originaliais \u017eod\u017eiais i\u0161sakytos minties. Knyga, prie kurios nor\u0117sis sugr\u012f\u017eti tam, kad v\u0117l rastum t\u0105 pat\u012f jausm\u0105 \u2013 ir galb\u016bt k\u0105 nors naujo.<\/p>\n","protected":false},"featured_media":21649,"comment_status":"open","ping_status":"closed","template":"","meta":{"_acf_changed":false,"site-sidebar-layout":"default","site-content-layout":"","ast-site-content-layout":"default","site-content-style":"default","site-sidebar-style":"default","ast-global-header-display":"","ast-banner-title-visibility":"","ast-main-header-display":"","ast-hfb-above-header-display":"","ast-hfb-below-header-display":"","ast-hfb-mobile-header-display":"","site-post-title":"","ast-breadcrumbs-content":"","ast-featured-img":"","footer-sml-layout":"","ast-disable-related-posts":"","theme-transparent-header-meta":"","adv-header-id-meta":"","stick-header-meta":"","header-above-stick-meta":"","header-main-stick-meta":"","header-below-stick-meta":"","astra-migrate-meta-layouts":"default","ast-page-background-enabled":"default","ast-page-background-meta":{"desktop":{"background-color":"","background-image":"","background-repeat":"repeat","background-position":"center center","background-size":"auto","background-attachment":"scroll","background-type":"","background-media":"","overlay-type":"","overlay-color":"","overlay-opacity":"","overlay-gradient":""},"tablet":{"background-color":"","background-image":"","background-repeat":"repeat","background-position":"center center","background-size":"auto","background-attachment":"scroll","background-type":"","background-media":"","overlay-type":"","overlay-color":"","overlay-opacity":"","overlay-gradient":""},"mobile":{"background-color":"","background-image":"","background-repeat":"repeat","background-position":"center center","background-size":"auto","background-attachment":"scroll","background-type":"","background-media":"","overlay-type":"","overlay-color":"","overlay-opacity":"","overlay-gradient":""}},"ast-content-background-meta":{"desktop":{"background-color":"var(--ast-global-color-4)","background-image":"","background-repeat":"repeat","background-position":"center center","background-size":"auto","background-attachment":"scroll","background-type":"","background-media":"","overlay-type":"","overlay-color":"","overlay-opacity":"","overlay-gradient":""},"tablet":{"background-color":"var(--ast-global-color-4)","background-image":"","background-repeat":"repeat","background-position":"center center","background-size":"auto","background-attachment":"scroll","background-type":"","background-media":"","overlay-type":"","overlay-color":"","overlay-opacity":"","overlay-gradient":""},"mobile":{"background-color":"var(--ast-global-color-4)","background-image":"","background-repeat":"repeat","background-position":"center center","background-size":"auto","background-attachment":"scroll","background-type":"","background-media":"","overlay-type":"","overlay-color":"","overlay-opacity":"","overlay-gradient":""}}},"product_brand":[],"product_cat":[31],"product_tag":[],"class_list":{"0":"post-21644","1":"product","2":"type-product","3":"status-publish","4":"has-post-thumbnail","6":"product_cat-grozine-literatura","7":"desktop-align-left","8":"tablet-align-left","9":"mobile-align-left","11":"first","12":"instock","13":"shipping-taxable","14":"purchasable","15":"product-type-simple"},"acf":[],"yoast_head":"<!-- This site is optimized with the Yoast SEO plugin v27.0 - https:\/\/yoast.com\/product\/yoast-seo-wordpress\/ -->\n<title>Septintas susitikimas<\/title>\n<meta name=\"description\" content=\"\u201eSeptinto susitikimo&quot; herojai susitiko dar vaikyst\u0117je. Ruta \u2013 ypatingos sielos mergait\u0117 juodomis akimis, kilusi i\u0161 nedidel\u0117s salos Norvegijos \u0161iaur\u0117je.\" \/>\n<meta name=\"robots\" content=\"index, follow, max-snippet:-1, max-image-preview:large, max-video-preview:-1\" \/>\n<link rel=\"canonical\" href=\"https:\/\/skaitytaknyga.lt\/en\/produktas\/septintas-susitikimas\/\" \/>\n<meta property=\"og:locale\" content=\"en_GB\" \/>\n<meta property=\"og:locale:alternate\" content=\"lt_LT\" \/>\n<meta property=\"og:type\" content=\"article\" \/>\n<meta property=\"og:title\" content=\"Septintas susitikimas\" \/>\n<meta property=\"og:description\" content=\"\u201eSeptinto susitikimo&quot; herojai susitiko dar vaikyst\u0117je. Ruta \u2013 ypatingos sielos mergait\u0117 juodomis akimis, kilusi i\u0161 nedidel\u0117s salos Norvegijos \u0161iaur\u0117je.\" \/>\n<meta property=\"og:url\" content=\"https:\/\/skaitytaknyga.lt\/en\/produktas\/septintas-susitikimas\/\" \/>\n<meta property=\"og:site_name\" content=\"Skaitytaknyga\" \/>\n<meta property=\"article:publisher\" content=\"https:\/\/www.facebook.com\/skaitytaknyga\/\" \/>\n<meta property=\"article:modified_time\" content=\"2025-10-25T10:27:09+00:00\" \/>\n<meta property=\"og:image\" content=\"https:\/\/skaitytaknyga.lt\/wp-content\/uploads\/2025\/10\/Septintas-susitikimas-1.webp\" \/>\n\t<meta property=\"og:image:width\" content=\"440\" \/>\n\t<meta property=\"og:image:height\" content=\"695\" \/>\n\t<meta property=\"og:image:type\" content=\"image\/webp\" \/>\n<meta name=\"twitter:card\" content=\"summary_large_image\" \/>\n<meta name=\"twitter:label1\" content=\"Estimated reading time\" \/>\n\t<meta name=\"twitter:data1\" content=\"1 minute\" \/>\n<script type=\"application\/ld+json\" class=\"yoast-schema-graph\">{\"@context\":\"https:\/\/schema.org\",\"@graph\":[{\"@type\":\"WebPage\",\"@id\":\"https:\/\/skaitytaknyga.lt\/produktas\/septintas-susitikimas\/\",\"url\":\"https:\/\/skaitytaknyga.lt\/produktas\/septintas-susitikimas\/\",\"name\":\"Septintas susitikimas\",\"isPartOf\":{\"@id\":\"https:\/\/skaitytaknyga.lt\/#website\"},\"primaryImageOfPage\":{\"@id\":\"https:\/\/skaitytaknyga.lt\/produktas\/septintas-susitikimas\/#primaryimage\"},\"image\":{\"@id\":\"https:\/\/skaitytaknyga.lt\/produktas\/septintas-susitikimas\/#primaryimage\"},\"thumbnailUrl\":\"https:\/\/skaitytaknyga.lt\/wp-content\/uploads\/2025\/10\/Septintas-susitikimas-1.webp\",\"datePublished\":\"2025-10-25T10:15:58+00:00\",\"dateModified\":\"2025-10-25T10:27:09+00:00\",\"description\":\"\u201eSeptinto susitikimo\\\" herojai susitiko dar vaikyst\u0117je. Ruta \u2013 ypatingos sielos mergait\u0117 juodomis akimis, kilusi i\u0161 nedidel\u0117s salos Norvegijos \u0161iaur\u0117je.\",\"breadcrumb\":{\"@id\":\"https:\/\/skaitytaknyga.lt\/produktas\/septintas-susitikimas\/#breadcrumb\"},\"inLanguage\":\"en-GB\",\"potentialAction\":[{\"@type\":\"ReadAction\",\"target\":[\"https:\/\/skaitytaknyga.lt\/produktas\/septintas-susitikimas\/\"]}]},{\"@type\":\"ImageObject\",\"inLanguage\":\"en-GB\",\"@id\":\"https:\/\/skaitytaknyga.lt\/produktas\/septintas-susitikimas\/#primaryimage\",\"url\":\"https:\/\/skaitytaknyga.lt\/wp-content\/uploads\/2025\/10\/Septintas-susitikimas-1.webp\",\"contentUrl\":\"https:\/\/skaitytaknyga.lt\/wp-content\/uploads\/2025\/10\/Septintas-susitikimas-1.webp\",\"width\":440,\"height\":695,\"caption\":\"Septintas susitikimas\"},{\"@type\":\"BreadcrumbList\",\"@id\":\"https:\/\/skaitytaknyga.lt\/produktas\/septintas-susitikimas\/#breadcrumb\",\"itemListElement\":[{\"@type\":\"ListItem\",\"position\":1,\"name\":\"Home\",\"item\":\"https:\/\/skaitytaknyga.lt\/\"},{\"@type\":\"ListItem\",\"position\":2,\"name\":\"Parduotuv\u0117\",\"item\":\"https:\/\/skaitytaknyga.lt\/knygu-parduotuve\/\"},{\"@type\":\"ListItem\",\"position\":3,\"name\":\"Septintas susitikimas\"}]},{\"@type\":\"WebSite\",\"@id\":\"https:\/\/skaitytaknyga.lt\/#website\",\"url\":\"https:\/\/skaitytaknyga.lt\/\",\"name\":\"skaitytaknyga.lt\",\"description\":\"Skaitytaknyga.lt \u2013 tai ma\u017eas \u0161eimos verslas, kuris prasid\u0117jo nuo meil\u0117s knygoms ir siekio i\u0161gelb\u0117ti knygas nuo likimo prie konteinerio. Kas vienam nereikalingas daiktas \u2013 kitam lobis, o mes esame tarpininkai, kurie padeda abiems tapti laimingesniems ???? \u017dinome kaip nelengva i\u0161gyventi ma\u017eiems verslams, tad nuo \u0161iol, \u010dia rasite ir kit\u0173, ma\u017e\u0173 \u0161eim\u0173 versl\u0173, rank\u0173 darbo, dovan\u0173 sau ir artimiesiems.\",\"publisher\":{\"@id\":\"https:\/\/skaitytaknyga.lt\/#organization\"},\"potentialAction\":[{\"@type\":\"SearchAction\",\"target\":{\"@type\":\"EntryPoint\",\"urlTemplate\":\"https:\/\/skaitytaknyga.lt\/?s={search_term_string}\"},\"query-input\":{\"@type\":\"PropertyValueSpecification\",\"valueRequired\":true,\"valueName\":\"search_term_string\"}}],\"inLanguage\":\"en-GB\"},{\"@type\":\"Organization\",\"@id\":\"https:\/\/skaitytaknyga.lt\/#organization\",\"name\":\"skaitytaknyga.lt\",\"url\":\"https:\/\/skaitytaknyga.lt\/\",\"logo\":{\"@type\":\"ImageObject\",\"inLanguage\":\"en-GB\",\"@id\":\"https:\/\/skaitytaknyga.lt\/#\/schema\/logo\/image\/\",\"url\":\"https:\/\/skaitytaknyga.lt\/wp-content\/uploads\/2024\/05\/cropped-cropped-cropped-02_00843_jt3bggkj1j3HLc7SyY6rEUpg.jpeg\",\"contentUrl\":\"https:\/\/skaitytaknyga.lt\/wp-content\/uploads\/2024\/05\/cropped-cropped-cropped-02_00843_jt3bggkj1j3HLc7SyY6rEUpg.jpeg\",\"width\":1600,\"height\":1600,\"caption\":\"skaitytaknyga.lt\"},\"image\":{\"@id\":\"https:\/\/skaitytaknyga.lt\/#\/schema\/logo\/image\/\"},\"sameAs\":[\"https:\/\/www.facebook.com\/skaitytaknyga\/\"]}]}<\/script>\n<!-- \/ Yoast SEO plugin. -->","yoast_head_json":{"title":"Septintas susitikimas","description":"\u201eSeptinto susitikimo\" herojai susitiko dar vaikyst\u0117je. Ruta \u2013 ypatingos sielos mergait\u0117 juodomis akimis, kilusi i\u0161 nedidel\u0117s salos Norvegijos \u0161iaur\u0117je.","robots":{"index":"index","follow":"follow","max-snippet":"max-snippet:-1","max-image-preview":"max-image-preview:large","max-video-preview":"max-video-preview:-1"},"canonical":"https:\/\/skaitytaknyga.lt\/en\/produktas\/septintas-susitikimas\/","og_locale":"en_GB","og_type":"article","og_title":"[:lt]Septintas susitikimas[:] - Skaitytaknyga","og_description":"\u201eSeptinto susitikimo\" herojai susitiko dar vaikyst\u0117je. Ruta \u2013 ypatingos sielos mergait\u0117 juodomis akimis, kilusi i\u0161 nedidel\u0117s salos Norvegijos \u0161iaur\u0117je.","og_url":"https:\/\/skaitytaknyga.lt\/en\/produktas\/septintas-susitikimas\/","og_site_name":"Skaitytaknyga","article_publisher":"https:\/\/www.facebook.com\/skaitytaknyga\/","article_modified_time":"2025-10-25T10:27:09+00:00","og_image":[{"width":440,"height":695,"url":"https:\/\/skaitytaknyga.lt\/wp-content\/uploads\/2025\/10\/Septintas-susitikimas-1.webp","type":"image\/webp"}],"twitter_card":"summary_large_image","twitter_misc":{"Estimated reading time":"1 minute"},"schema":{"@context":"https:\/\/schema.org","@graph":[{"@type":"WebPage","@id":"https:\/\/skaitytaknyga.lt\/produktas\/septintas-susitikimas\/","url":"https:\/\/skaitytaknyga.lt\/produktas\/septintas-susitikimas\/","name":"Septintas susitikimas","isPartOf":{"@id":"https:\/\/skaitytaknyga.lt\/#website"},"primaryImageOfPage":{"@id":"https:\/\/skaitytaknyga.lt\/produktas\/septintas-susitikimas\/#primaryimage"},"image":{"@id":"https:\/\/skaitytaknyga.lt\/produktas\/septintas-susitikimas\/#primaryimage"},"thumbnailUrl":"https:\/\/skaitytaknyga.lt\/wp-content\/uploads\/2025\/10\/Septintas-susitikimas-1.webp","datePublished":"2025-10-25T10:15:58+00:00","dateModified":"2025-10-25T10:27:09+00:00","description":"\u201eSeptinto susitikimo\" herojai susitiko dar vaikyst\u0117je. Ruta \u2013 ypatingos sielos mergait\u0117 juodomis akimis, kilusi i\u0161 nedidel\u0117s salos Norvegijos \u0161iaur\u0117je.","breadcrumb":{"@id":"https:\/\/skaitytaknyga.lt\/produktas\/septintas-susitikimas\/#breadcrumb"},"inLanguage":"en-GB","potentialAction":[{"@type":"ReadAction","target":["https:\/\/skaitytaknyga.lt\/produktas\/septintas-susitikimas\/"]}]},{"@type":"ImageObject","inLanguage":"en-GB","@id":"https:\/\/skaitytaknyga.lt\/produktas\/septintas-susitikimas\/#primaryimage","url":"https:\/\/skaitytaknyga.lt\/wp-content\/uploads\/2025\/10\/Septintas-susitikimas-1.webp","contentUrl":"https:\/\/skaitytaknyga.lt\/wp-content\/uploads\/2025\/10\/Septintas-susitikimas-1.webp","width":440,"height":695,"caption":"Septintas susitikimas"},{"@type":"BreadcrumbList","@id":"https:\/\/skaitytaknyga.lt\/produktas\/septintas-susitikimas\/#breadcrumb","itemListElement":[{"@type":"ListItem","position":1,"name":"Home","item":"https:\/\/skaitytaknyga.lt\/"},{"@type":"ListItem","position":2,"name":"Parduotuv\u0117","item":"https:\/\/skaitytaknyga.lt\/knygu-parduotuve\/"},{"@type":"ListItem","position":3,"name":"Septintas susitikimas"}]},{"@type":"WebSite","@id":"https:\/\/skaitytaknyga.lt\/#website","url":"https:\/\/skaitytaknyga.lt\/","name":"skaitytaknyga.lt","description":"Skaitytaknyga.lt \u2013 tai ma\u017eas \u0161eimos verslas, kuris prasid\u0117jo nuo meil\u0117s knygoms ir siekio i\u0161gelb\u0117ti knygas nuo likimo prie konteinerio. Kas vienam nereikalingas daiktas \u2013 kitam lobis, o mes esame tarpininkai, kurie padeda abiems tapti laimingesniems ???? \u017dinome kaip nelengva i\u0161gyventi ma\u017eiems verslams, tad nuo \u0161iol, \u010dia rasite ir kit\u0173, ma\u017e\u0173 \u0161eim\u0173 versl\u0173, rank\u0173 darbo, dovan\u0173 sau ir artimiesiems.","publisher":{"@id":"https:\/\/skaitytaknyga.lt\/#organization"},"potentialAction":[{"@type":"SearchAction","target":{"@type":"EntryPoint","urlTemplate":"https:\/\/skaitytaknyga.lt\/?s={search_term_string}"},"query-input":{"@type":"PropertyValueSpecification","valueRequired":true,"valueName":"search_term_string"}}],"inLanguage":"en-GB"},{"@type":"Organization","@id":"https:\/\/skaitytaknyga.lt\/#organization","name":"skaitytaknyga.lt","url":"https:\/\/skaitytaknyga.lt\/","logo":{"@type":"ImageObject","inLanguage":"en-GB","@id":"https:\/\/skaitytaknyga.lt\/#\/schema\/logo\/image\/","url":"https:\/\/skaitytaknyga.lt\/wp-content\/uploads\/2024\/05\/cropped-cropped-cropped-02_00843_jt3bggkj1j3HLc7SyY6rEUpg.jpeg","contentUrl":"https:\/\/skaitytaknyga.lt\/wp-content\/uploads\/2024\/05\/cropped-cropped-cropped-02_00843_jt3bggkj1j3HLc7SyY6rEUpg.jpeg","width":1600,"height":1600,"caption":"skaitytaknyga.lt"},"image":{"@id":"https:\/\/skaitytaknyga.lt\/#\/schema\/logo\/image\/"},"sameAs":["https:\/\/www.facebook.com\/skaitytaknyga\/"]}]}},"_links":{"self":[{"href":"https:\/\/skaitytaknyga.lt\/en\/wp-json\/wp\/v2\/product\/21644","targetHints":{"allow":["GET"]}}],"collection":[{"href":"https:\/\/skaitytaknyga.lt\/en\/wp-json\/wp\/v2\/product"}],"about":[{"href":"https:\/\/skaitytaknyga.lt\/en\/wp-json\/wp\/v2\/types\/product"}],"replies":[{"embeddable":true,"href":"https:\/\/skaitytaknyga.lt\/en\/wp-json\/wp\/v2\/comments?post=21644"}],"wp:featuredmedia":[{"embeddable":true,"href":"https:\/\/skaitytaknyga.lt\/en\/wp-json\/wp\/v2\/media\/21649"}],"wp:attachment":[{"href":"https:\/\/skaitytaknyga.lt\/en\/wp-json\/wp\/v2\/media?parent=21644"}],"wp:term":[{"taxonomy":"product_brand","embeddable":true,"href":"https:\/\/skaitytaknyga.lt\/en\/wp-json\/wp\/v2\/product_brand?post=21644"},{"taxonomy":"product_cat","embeddable":true,"href":"https:\/\/skaitytaknyga.lt\/en\/wp-json\/wp\/v2\/product_cat?post=21644"},{"taxonomy":"product_tag","embeddable":true,"href":"https:\/\/skaitytaknyga.lt\/en\/wp-json\/wp\/v2\/product_tag?post=21644"}],"curies":[{"name":"wp","href":"https:\/\/api.w.org\/{rel}","templated":true}]}}