{"id":21642,"date":"2025-10-25T13:15:57","date_gmt":"2025-10-25T10:15:57","guid":{"rendered":"https:\/\/skaitytaknyga.lt\/?post_type=product&#038;p=21642"},"modified":"2025-10-25T13:27:09","modified_gmt":"2025-10-25T10:27:09","slug":"pasibaides-dievo-zirgas","status":"publish","type":"product","link":"https:\/\/skaitytaknyga.lt\/en\/produktas\/pasibaides-dievo-zirgas\/","title":{"rendered":"Pasibaid\u0119s Dievo \u017eirgas"},"content":{"rendered":"<p>Pati tikriausia ne\u012ftik\u0117tinos \u012ftampos kupina istorija apie meil\u0119, tik\u0117jim\u0105, nevilt\u012f, skausm\u0105, u\u017emar\u0161t\u012f ir atmint\u012f, kurioje vienintelis teisingai atsakytas klausimas gali sugr\u0105\u017einti vilt\u012f ir su\u0161luoti visus atminties trupinius&#8230; Tik kaip j\u012f prisiminti? Jeigu esi tik pasibaid\u0119s Dievo \u017eirgas&#8230;<\/p>\n<p>Su \u0161ypsena stebint praeivi\u0173 \u0161ventin\u012f \u0161urmul\u012f, staiga vis\u0105 esyb\u0119 persmelkia nepaai\u0161kinamas nerimas: K\u0105 a\u0161 \u010dia veikiu? Koks \u010dia miestas? Kokie dabar laikai? Ir pagaliau, kuo a\u0161 vardu? \u2013 A\u0161 ne\u017einau savo vardo? \u0160ito negali b\u016bti! Gal mane apnuodijo ar primu\u0161\u0117? Gal a\u0161 koks \u0161nipas? Kelinti dabar metai? \u2013 gal tai su\u017einojus bent kiek paai\u0161k\u0117t\u0173, kas \u010dia vyksta&#8230;<\/p>\n<p>Kai nuoseklus laikas dingsta ir i\u0161tisi metai ar net t\u016bkstantme\u010diai tampa dabartimi, o tai, kas buvo vakar, gali \u012fvykti rytoj arba niekada, i\u0161kyla paprasti klausimai:<\/p>\n<p>\u2013 Atleiskite, kelinti dabar metai? Ir nuo ko jie prad\u0117ti skai\u010diuoti?<\/p>\n<p>\u2013 Nuo Kristaus.<\/p>\n<p>\u2013 Nuo Kristaus? Atleiskite, o kas yra Kristus?..<\/p>\n<p>Kas turi atsitikti \u017emogui, kurio visi penki poj\u016b\u010diai gerai veikia, kad jis neprisimint\u0173 net Dievo? Kokioje ne\u012fsivaizduojamoje kelion\u0117je jis yra, jeigu tik kirtus gatv\u0119 staiga pasikei\u010dia met\u0173 laikai, prasideda karas arba kei\u010diasi am\u017eiai? Koks tos kelion\u0117s esminis tikslas? Ir pagaliau, kas tas \u017emogus???<\/p>\n<p>\u2013 J\u016bs keliautojas laiku?<\/p>\n<p>\u2013 Laikas neegzistuoja.<\/p>\n<p>\u2013 Tai kaip \u010dia atsid\u016br\u0117te?<\/p>\n<p>\u2013 Vakar buvau Galil\u0117joje su savo asilu, o \u0161iandien vietoj asilo s\u0117dite j\u016bs&#8230;<\/p>\n","protected":false},"excerpt":{"rendered":"<p>Pati tikriausia ne\u012ftik\u0117tinos \u012ftampos kupina istorija apie meil\u0119, tik\u0117jim\u0105, nevilt\u012f, skausm\u0105, u\u017emar\u0161t\u012f ir atmint\u012f, kurioje vienintelis teisingai atsakytas klausimas gali sugr\u0105\u017einti vilt\u012f ir su\u0161luoti visus atminties trupinius&#8230; Tik kaip j\u012f prisiminti? Jeigu esi tik pasibaid\u0119s Dievo \u017eirgas&#8230; Su \u0161ypsena stebint praeivi\u0173 \u0161ventin\u012f \u0161urmul\u012f, staiga vis\u0105 esyb\u0119 persmelkia nepaai\u0161kinamas nerimas: K\u0105 a\u0161 \u010dia veikiu? Koks \u010dia miestas? Kokie dabar laikai? Ir pagaliau, kuo a\u0161 vardu? \u2013 A\u0161 ne\u017einau savo vardo? \u0160ito negali b\u016bti! Gal mane apnuodijo ar primu\u0161\u0117? Gal a\u0161 koks \u0161nipas? Kelinti dabar metai? \u2013 gal tai su\u017einojus bent kiek paai\u0161k\u0117t\u0173, kas \u010dia vyksta&#8230; Kai nuoseklus laikas dingsta ir i\u0161tisi metai ar net t\u016bkstantme\u010diai tampa dabartimi, o tai, kas buvo vakar, gali \u012fvykti rytoj arba niekada, i\u0161kyla paprasti klausimai: \u2013 Atleiskite, kelinti dabar metai? Ir nuo ko jie prad\u0117ti skai\u010diuoti? \u2013 Nuo Kristaus. \u2013 Nuo Kristaus? Atleiskite, o kas yra Kristus?.. Kas turi atsitikti \u017emogui, kurio visi penki poj\u016b\u010diai gerai veikia, kad jis neprisimint\u0173 net Dievo? Kokioje ne\u012fsivaizduojamoje kelion\u0117je jis yra, jeigu tik kirtus gatv\u0119 staiga pasikei\u010dia met\u0173 laikai, prasideda karas arba kei\u010diasi am\u017eiai? Koks tos kelion\u0117s esminis tikslas? Ir pagaliau, kas tas \u017emogus??? \u2013 J\u016bs keliautojas laiku? \u2013 Laikas neegzistuoja. \u2013 Tai kaip \u010dia atsid\u016br\u0117te? \u2013 Vakar buvau Galil\u0117joje su savo asilu, o \u0161iandien vietoj asilo s\u0117dite j\u016bs&#8230;<\/p>\n","protected":false},"featured_media":21647,"comment_status":"open","ping_status":"closed","template":"","meta":{"_acf_changed":false,"site-sidebar-layout":"default","site-content-layout":"","ast-site-content-layout":"default","site-content-style":"default","site-sidebar-style":"default","ast-global-header-display":"","ast-banner-title-visibility":"","ast-main-header-display":"","ast-hfb-above-header-display":"","ast-hfb-below-header-display":"","ast-hfb-mobile-header-display":"","site-post-title":"","ast-breadcrumbs-content":"","ast-featured-img":"","footer-sml-layout":"","ast-disable-related-posts":"","theme-transparent-header-meta":"","adv-header-id-meta":"","stick-header-meta":"","header-above-stick-meta":"","header-main-stick-meta":"","header-below-stick-meta":"","astra-migrate-meta-layouts":"default","ast-page-background-enabled":"default","ast-page-background-meta":{"desktop":{"background-color":"","background-image":"","background-repeat":"repeat","background-position":"center center","background-size":"auto","background-attachment":"scroll","background-type":"","background-media":"","overlay-type":"","overlay-color":"","overlay-opacity":"","overlay-gradient":""},"tablet":{"background-color":"","background-image":"","background-repeat":"repeat","background-position":"center center","background-size":"auto","background-attachment":"scroll","background-type":"","background-media":"","overlay-type":"","overlay-color":"","overlay-opacity":"","overlay-gradient":""},"mobile":{"background-color":"","background-image":"","background-repeat":"repeat","background-position":"center center","background-size":"auto","background-attachment":"scroll","background-type":"","background-media":"","overlay-type":"","overlay-color":"","overlay-opacity":"","overlay-gradient":""}},"ast-content-background-meta":{"desktop":{"background-color":"var(--ast-global-color-4)","background-image":"","background-repeat":"repeat","background-position":"center center","background-size":"auto","background-attachment":"scroll","background-type":"","background-media":"","overlay-type":"","overlay-color":"","overlay-opacity":"","overlay-gradient":""},"tablet":{"background-color":"var(--ast-global-color-4)","background-image":"","background-repeat":"repeat","background-position":"center center","background-size":"auto","background-attachment":"scroll","background-type":"","background-media":"","overlay-type":"","overlay-color":"","overlay-opacity":"","overlay-gradient":""},"mobile":{"background-color":"var(--ast-global-color-4)","background-image":"","background-repeat":"repeat","background-position":"center center","background-size":"auto","background-attachment":"scroll","background-type":"","background-media":"","overlay-type":"","overlay-color":"","overlay-opacity":"","overlay-gradient":""}}},"product_brand":[],"product_cat":[31],"product_tag":[],"class_list":{"0":"post-21642","1":"product","2":"type-product","3":"status-publish","4":"has-post-thumbnail","6":"product_cat-grozine-literatura","7":"desktop-align-left","8":"tablet-align-left","9":"mobile-align-left","11":"first","12":"instock","13":"shipping-taxable","14":"purchasable","15":"product-type-simple"},"acf":[],"yoast_head":"<!-- This site is optimized with the Yoast SEO plugin v27.0 - https:\/\/yoast.com\/product\/yoast-seo-wordpress\/ -->\n<title>Pasibaid\u0119s Dievo \u017eirgas<\/title>\n<meta name=\"description\" content=\"Pati tikriausia ne\u012ftik\u0117tinos \u012ftampos kupina istorija apie meil\u0119, tik\u0117jim\u0105, nevilt\u012f, skausm\u0105, u\u017emar\u0161t\u012f ir atmint\u012f, kurioje vienintelis teisingai atsakytas\" \/>\n<meta name=\"robots\" content=\"index, follow, max-snippet:-1, max-image-preview:large, max-video-preview:-1\" \/>\n<link rel=\"canonical\" href=\"https:\/\/skaitytaknyga.lt\/en\/produktas\/pasibaides-dievo-zirgas\/\" \/>\n<meta property=\"og:locale\" content=\"en_GB\" \/>\n<meta property=\"og:locale:alternate\" content=\"lt_LT\" \/>\n<meta property=\"og:type\" content=\"article\" \/>\n<meta property=\"og:title\" content=\"Pasibaid\u0119s Dievo \u017eirgas\" \/>\n<meta property=\"og:description\" content=\"Pati tikriausia ne\u012ftik\u0117tinos \u012ftampos kupina istorija apie meil\u0119, tik\u0117jim\u0105, nevilt\u012f, skausm\u0105, u\u017emar\u0161t\u012f ir atmint\u012f, kurioje vienintelis teisingai atsakytas\" \/>\n<meta property=\"og:url\" content=\"https:\/\/skaitytaknyga.lt\/en\/produktas\/pasibaides-dievo-zirgas\/\" \/>\n<meta property=\"og:site_name\" content=\"Skaitytaknyga\" \/>\n<meta property=\"article:publisher\" content=\"https:\/\/www.facebook.com\/skaitytaknyga\/\" \/>\n<meta property=\"article:modified_time\" content=\"2025-10-25T10:27:09+00:00\" \/>\n<meta property=\"og:image\" content=\"https:\/\/skaitytaknyga.lt\/wp-content\/uploads\/2025\/10\/Pasibaides-Dievo-zirgas-1.webp\" \/>\n\t<meta property=\"og:image:width\" content=\"403\" \/>\n\t<meta property=\"og:image:height\" content=\"600\" \/>\n\t<meta property=\"og:image:type\" content=\"image\/webp\" \/>\n<meta name=\"twitter:card\" content=\"summary_large_image\" \/>\n<meta name=\"twitter:label1\" content=\"Estimated reading time\" \/>\n\t<meta name=\"twitter:data1\" content=\"1 minute\" \/>\n<script type=\"application\/ld+json\" class=\"yoast-schema-graph\">{\"@context\":\"https:\/\/schema.org\",\"@graph\":[{\"@type\":\"WebPage\",\"@id\":\"https:\/\/skaitytaknyga.lt\/produktas\/pasibaides-dievo-zirgas\/\",\"url\":\"https:\/\/skaitytaknyga.lt\/produktas\/pasibaides-dievo-zirgas\/\",\"name\":\"Pasibaid\u0119s Dievo \u017eirgas\",\"isPartOf\":{\"@id\":\"https:\/\/skaitytaknyga.lt\/#website\"},\"primaryImageOfPage\":{\"@id\":\"https:\/\/skaitytaknyga.lt\/produktas\/pasibaides-dievo-zirgas\/#primaryimage\"},\"image\":{\"@id\":\"https:\/\/skaitytaknyga.lt\/produktas\/pasibaides-dievo-zirgas\/#primaryimage\"},\"thumbnailUrl\":\"https:\/\/skaitytaknyga.lt\/wp-content\/uploads\/2025\/10\/Pasibaides-Dievo-zirgas-1.webp\",\"datePublished\":\"2025-10-25T10:15:57+00:00\",\"dateModified\":\"2025-10-25T10:27:09+00:00\",\"description\":\"Pati tikriausia ne\u012ftik\u0117tinos \u012ftampos kupina istorija apie meil\u0119, tik\u0117jim\u0105, nevilt\u012f, skausm\u0105, u\u017emar\u0161t\u012f ir atmint\u012f, kurioje vienintelis teisingai atsakytas\",\"breadcrumb\":{\"@id\":\"https:\/\/skaitytaknyga.lt\/produktas\/pasibaides-dievo-zirgas\/#breadcrumb\"},\"inLanguage\":\"en-GB\",\"potentialAction\":[{\"@type\":\"ReadAction\",\"target\":[\"https:\/\/skaitytaknyga.lt\/produktas\/pasibaides-dievo-zirgas\/\"]}]},{\"@type\":\"ImageObject\",\"inLanguage\":\"en-GB\",\"@id\":\"https:\/\/skaitytaknyga.lt\/produktas\/pasibaides-dievo-zirgas\/#primaryimage\",\"url\":\"https:\/\/skaitytaknyga.lt\/wp-content\/uploads\/2025\/10\/Pasibaides-Dievo-zirgas-1.webp\",\"contentUrl\":\"https:\/\/skaitytaknyga.lt\/wp-content\/uploads\/2025\/10\/Pasibaides-Dievo-zirgas-1.webp\",\"width\":403,\"height\":600,\"caption\":\"Pasibaid\u0119s Dievo \u017eirgas\"},{\"@type\":\"BreadcrumbList\",\"@id\":\"https:\/\/skaitytaknyga.lt\/produktas\/pasibaides-dievo-zirgas\/#breadcrumb\",\"itemListElement\":[{\"@type\":\"ListItem\",\"position\":1,\"name\":\"Home\",\"item\":\"https:\/\/skaitytaknyga.lt\/\"},{\"@type\":\"ListItem\",\"position\":2,\"name\":\"Parduotuv\u0117\",\"item\":\"https:\/\/skaitytaknyga.lt\/knygu-parduotuve\/\"},{\"@type\":\"ListItem\",\"position\":3,\"name\":\"Pasibaid\u0119s Dievo \u017eirgas\"}]},{\"@type\":\"WebSite\",\"@id\":\"https:\/\/skaitytaknyga.lt\/#website\",\"url\":\"https:\/\/skaitytaknyga.lt\/\",\"name\":\"skaitytaknyga.lt\",\"description\":\"Skaitytaknyga.lt \u2013 tai ma\u017eas \u0161eimos verslas, kuris prasid\u0117jo nuo meil\u0117s knygoms ir siekio i\u0161gelb\u0117ti knygas nuo likimo prie konteinerio. Kas vienam nereikalingas daiktas \u2013 kitam lobis, o mes esame tarpininkai, kurie padeda abiems tapti laimingesniems ???? \u017dinome kaip nelengva i\u0161gyventi ma\u017eiems verslams, tad nuo \u0161iol, \u010dia rasite ir kit\u0173, ma\u017e\u0173 \u0161eim\u0173 versl\u0173, rank\u0173 darbo, dovan\u0173 sau ir artimiesiems.\",\"publisher\":{\"@id\":\"https:\/\/skaitytaknyga.lt\/#organization\"},\"potentialAction\":[{\"@type\":\"SearchAction\",\"target\":{\"@type\":\"EntryPoint\",\"urlTemplate\":\"https:\/\/skaitytaknyga.lt\/?s={search_term_string}\"},\"query-input\":{\"@type\":\"PropertyValueSpecification\",\"valueRequired\":true,\"valueName\":\"search_term_string\"}}],\"inLanguage\":\"en-GB\"},{\"@type\":\"Organization\",\"@id\":\"https:\/\/skaitytaknyga.lt\/#organization\",\"name\":\"skaitytaknyga.lt\",\"url\":\"https:\/\/skaitytaknyga.lt\/\",\"logo\":{\"@type\":\"ImageObject\",\"inLanguage\":\"en-GB\",\"@id\":\"https:\/\/skaitytaknyga.lt\/#\/schema\/logo\/image\/\",\"url\":\"https:\/\/skaitytaknyga.lt\/wp-content\/uploads\/2024\/05\/cropped-cropped-cropped-02_00843_jt3bggkj1j3HLc7SyY6rEUpg.jpeg\",\"contentUrl\":\"https:\/\/skaitytaknyga.lt\/wp-content\/uploads\/2024\/05\/cropped-cropped-cropped-02_00843_jt3bggkj1j3HLc7SyY6rEUpg.jpeg\",\"width\":1600,\"height\":1600,\"caption\":\"skaitytaknyga.lt\"},\"image\":{\"@id\":\"https:\/\/skaitytaknyga.lt\/#\/schema\/logo\/image\/\"},\"sameAs\":[\"https:\/\/www.facebook.com\/skaitytaknyga\/\"]}]}<\/script>\n<!-- \/ Yoast SEO plugin. -->","yoast_head_json":{"title":"Pasibaid\u0119s Dievo \u017eirgas","description":"Pati tikriausia ne\u012ftik\u0117tinos \u012ftampos kupina istorija apie meil\u0119, tik\u0117jim\u0105, nevilt\u012f, skausm\u0105, u\u017emar\u0161t\u012f ir atmint\u012f, kurioje vienintelis teisingai atsakytas","robots":{"index":"index","follow":"follow","max-snippet":"max-snippet:-1","max-image-preview":"max-image-preview:large","max-video-preview":"max-video-preview:-1"},"canonical":"https:\/\/skaitytaknyga.lt\/en\/produktas\/pasibaides-dievo-zirgas\/","og_locale":"en_GB","og_type":"article","og_title":"[:lt]Pasibaid\u0119s Dievo \u017eirgas[:] - Skaitytaknyga","og_description":"Pati tikriausia ne\u012ftik\u0117tinos \u012ftampos kupina istorija apie meil\u0119, tik\u0117jim\u0105, nevilt\u012f, skausm\u0105, u\u017emar\u0161t\u012f ir atmint\u012f, kurioje vienintelis teisingai atsakytas","og_url":"https:\/\/skaitytaknyga.lt\/en\/produktas\/pasibaides-dievo-zirgas\/","og_site_name":"Skaitytaknyga","article_publisher":"https:\/\/www.facebook.com\/skaitytaknyga\/","article_modified_time":"2025-10-25T10:27:09+00:00","og_image":[{"width":403,"height":600,"url":"https:\/\/skaitytaknyga.lt\/wp-content\/uploads\/2025\/10\/Pasibaides-Dievo-zirgas-1.webp","type":"image\/webp"}],"twitter_card":"summary_large_image","twitter_misc":{"Estimated reading time":"1 minute"},"schema":{"@context":"https:\/\/schema.org","@graph":[{"@type":"WebPage","@id":"https:\/\/skaitytaknyga.lt\/produktas\/pasibaides-dievo-zirgas\/","url":"https:\/\/skaitytaknyga.lt\/produktas\/pasibaides-dievo-zirgas\/","name":"Pasibaid\u0119s Dievo \u017eirgas","isPartOf":{"@id":"https:\/\/skaitytaknyga.lt\/#website"},"primaryImageOfPage":{"@id":"https:\/\/skaitytaknyga.lt\/produktas\/pasibaides-dievo-zirgas\/#primaryimage"},"image":{"@id":"https:\/\/skaitytaknyga.lt\/produktas\/pasibaides-dievo-zirgas\/#primaryimage"},"thumbnailUrl":"https:\/\/skaitytaknyga.lt\/wp-content\/uploads\/2025\/10\/Pasibaides-Dievo-zirgas-1.webp","datePublished":"2025-10-25T10:15:57+00:00","dateModified":"2025-10-25T10:27:09+00:00","description":"Pati tikriausia ne\u012ftik\u0117tinos \u012ftampos kupina istorija apie meil\u0119, tik\u0117jim\u0105, nevilt\u012f, skausm\u0105, u\u017emar\u0161t\u012f ir atmint\u012f, kurioje vienintelis teisingai atsakytas","breadcrumb":{"@id":"https:\/\/skaitytaknyga.lt\/produktas\/pasibaides-dievo-zirgas\/#breadcrumb"},"inLanguage":"en-GB","potentialAction":[{"@type":"ReadAction","target":["https:\/\/skaitytaknyga.lt\/produktas\/pasibaides-dievo-zirgas\/"]}]},{"@type":"ImageObject","inLanguage":"en-GB","@id":"https:\/\/skaitytaknyga.lt\/produktas\/pasibaides-dievo-zirgas\/#primaryimage","url":"https:\/\/skaitytaknyga.lt\/wp-content\/uploads\/2025\/10\/Pasibaides-Dievo-zirgas-1.webp","contentUrl":"https:\/\/skaitytaknyga.lt\/wp-content\/uploads\/2025\/10\/Pasibaides-Dievo-zirgas-1.webp","width":403,"height":600,"caption":"Pasibaid\u0119s Dievo \u017eirgas"},{"@type":"BreadcrumbList","@id":"https:\/\/skaitytaknyga.lt\/produktas\/pasibaides-dievo-zirgas\/#breadcrumb","itemListElement":[{"@type":"ListItem","position":1,"name":"Home","item":"https:\/\/skaitytaknyga.lt\/"},{"@type":"ListItem","position":2,"name":"Parduotuv\u0117","item":"https:\/\/skaitytaknyga.lt\/knygu-parduotuve\/"},{"@type":"ListItem","position":3,"name":"Pasibaid\u0119s Dievo \u017eirgas"}]},{"@type":"WebSite","@id":"https:\/\/skaitytaknyga.lt\/#website","url":"https:\/\/skaitytaknyga.lt\/","name":"skaitytaknyga.lt","description":"Skaitytaknyga.lt \u2013 tai ma\u017eas \u0161eimos verslas, kuris prasid\u0117jo nuo meil\u0117s knygoms ir siekio i\u0161gelb\u0117ti knygas nuo likimo prie konteinerio. Kas vienam nereikalingas daiktas \u2013 kitam lobis, o mes esame tarpininkai, kurie padeda abiems tapti laimingesniems ???? \u017dinome kaip nelengva i\u0161gyventi ma\u017eiems verslams, tad nuo \u0161iol, \u010dia rasite ir kit\u0173, ma\u017e\u0173 \u0161eim\u0173 versl\u0173, rank\u0173 darbo, dovan\u0173 sau ir artimiesiems.","publisher":{"@id":"https:\/\/skaitytaknyga.lt\/#organization"},"potentialAction":[{"@type":"SearchAction","target":{"@type":"EntryPoint","urlTemplate":"https:\/\/skaitytaknyga.lt\/?s={search_term_string}"},"query-input":{"@type":"PropertyValueSpecification","valueRequired":true,"valueName":"search_term_string"}}],"inLanguage":"en-GB"},{"@type":"Organization","@id":"https:\/\/skaitytaknyga.lt\/#organization","name":"skaitytaknyga.lt","url":"https:\/\/skaitytaknyga.lt\/","logo":{"@type":"ImageObject","inLanguage":"en-GB","@id":"https:\/\/skaitytaknyga.lt\/#\/schema\/logo\/image\/","url":"https:\/\/skaitytaknyga.lt\/wp-content\/uploads\/2024\/05\/cropped-cropped-cropped-02_00843_jt3bggkj1j3HLc7SyY6rEUpg.jpeg","contentUrl":"https:\/\/skaitytaknyga.lt\/wp-content\/uploads\/2024\/05\/cropped-cropped-cropped-02_00843_jt3bggkj1j3HLc7SyY6rEUpg.jpeg","width":1600,"height":1600,"caption":"skaitytaknyga.lt"},"image":{"@id":"https:\/\/skaitytaknyga.lt\/#\/schema\/logo\/image\/"},"sameAs":["https:\/\/www.facebook.com\/skaitytaknyga\/"]}]}},"_links":{"self":[{"href":"https:\/\/skaitytaknyga.lt\/en\/wp-json\/wp\/v2\/product\/21642","targetHints":{"allow":["GET"]}}],"collection":[{"href":"https:\/\/skaitytaknyga.lt\/en\/wp-json\/wp\/v2\/product"}],"about":[{"href":"https:\/\/skaitytaknyga.lt\/en\/wp-json\/wp\/v2\/types\/product"}],"replies":[{"embeddable":true,"href":"https:\/\/skaitytaknyga.lt\/en\/wp-json\/wp\/v2\/comments?post=21642"}],"wp:featuredmedia":[{"embeddable":true,"href":"https:\/\/skaitytaknyga.lt\/en\/wp-json\/wp\/v2\/media\/21647"}],"wp:attachment":[{"href":"https:\/\/skaitytaknyga.lt\/en\/wp-json\/wp\/v2\/media?parent=21642"}],"wp:term":[{"taxonomy":"product_brand","embeddable":true,"href":"https:\/\/skaitytaknyga.lt\/en\/wp-json\/wp\/v2\/product_brand?post=21642"},{"taxonomy":"product_cat","embeddable":true,"href":"https:\/\/skaitytaknyga.lt\/en\/wp-json\/wp\/v2\/product_cat?post=21642"},{"taxonomy":"product_tag","embeddable":true,"href":"https:\/\/skaitytaknyga.lt\/en\/wp-json\/wp\/v2\/product_tag?post=21642"}],"curies":[{"name":"wp","href":"https:\/\/api.w.org\/{rel}","templated":true}]}}