{"id":21636,"date":"2025-10-25T12:19:45","date_gmt":"2025-10-25T09:19:45","guid":{"rendered":"https:\/\/skaitytaknyga.lt\/?post_type=product&#038;p=21636"},"modified":"2026-02-24T21:56:39","modified_gmt":"2026-02-24T19:56:39","slug":"plataus-mastymo-jega-mastyk-kitaip","status":"publish","type":"product","link":"https:\/\/skaitytaknyga.lt\/en\/produktas\/plataus-mastymo-jega-mastyk-kitaip\/","title":{"rendered":"Plataus m\u0105stymo j\u0117ga. M\u0105styk kitaip! (su defektu)"},"content":{"rendered":"<p>Jei \u0161i knyga prie\u0161 jus, vadinasi, j\u016bs siekiate didel\u0117s s\u0117km\u0117s. Norite realizuoti savo tro\u0161kimus. M\u0117gautis nuostabiu gyvenimu. Norite, kad gyvenimas sune\u0161t\u0173 visas g\u0117rybes, kuri\u0173 esate nusipeln\u0119.<\/p>\n<p>Vien tik dom\u0117jimasis s\u0117kme yra puiki asmenyb\u0117s savyb\u0117. J\u016bs turite ir kit\u0105 \u017eavi\u0105 savyb\u0119. Faktas, kad laikote \u0161i\u0105 knyg\u0105 rankose, parodo, jog mokate ie\u0161koti priemoni\u0173, pad\u0117sian\u010di\u0173 gyvenime nukeliauti ten, kur tikrai trok\u0161tate. Kad ir k\u0105 kurtume, statytume ar gamintume \u2013 automobilius, tiltus, raketas \u2013 mums reikalingi \u012frankiai. Daugelis \u017emoni\u0173, siekdami susikurti geresn\u012f gyvenim\u0105, pamir\u0161ta apie pagalbines priemones. O j\u016bs nepamir\u0161ote.<\/p>\n<p>J\u016bs turite dvi savybes, kurios pad\u0117s suvokti \u0161ios knygos naud\u0105. Pirma, j\u016bs siekiate s\u0117km\u0117s, antra, j\u016bs mokate pasirinkti gerus s\u0117km\u0117s \u012frankius.<\/p>\n","protected":false},"excerpt":{"rendered":"<p>Jei \u0161i knyga prie\u0161 jus, vadinasi, j\u016bs siekiate didel\u0117s s\u0117km\u0117s. Norite realizuoti savo tro\u0161kimus. M\u0117gautis nuostabiu gyvenimu. Norite, kad gyvenimas sune\u0161t\u0173 visas g\u0117rybes, kuri\u0173 esate nusipeln\u0119. Vien tik dom\u0117jimasis s\u0117kme yra puiki asmenyb\u0117s savyb\u0117. J\u016bs turite ir kit\u0105 \u017eavi\u0105 savyb\u0119. Faktas, kad laikote \u0161i\u0105 knyg\u0105 rankose, parodo, jog mokate ie\u0161koti priemoni\u0173, pad\u0117sian\u010di\u0173 gyvenime nukeliauti ten, kur tikrai trok\u0161tate. Kad ir k\u0105 kurtume, statytume ar gamintume \u2013 automobilius, tiltus, raketas \u2013 mums reikalingi \u012frankiai. Daugelis \u017emoni\u0173, siekdami susikurti geresn\u012f gyvenim\u0105, pamir\u0161ta apie pagalbines priemones. O j\u016bs nepamir\u0161ote. J\u016bs turite dvi savybes, kurios pad\u0117s suvokti \u0161ios knygos naud\u0105. Pirma, j\u016bs siekiate s\u0117km\u0117s, antra, j\u016bs mokate pasirinkti gerus s\u0117km\u0117s \u012frankius.<\/p>\n","protected":false},"featured_media":21641,"comment_status":"open","ping_status":"closed","template":"","meta":{"_acf_changed":false,"site-sidebar-layout":"default","site-content-layout":"","ast-site-content-layout":"default","site-content-style":"default","site-sidebar-style":"default","ast-global-header-display":"","ast-banner-title-visibility":"","ast-main-header-display":"","ast-hfb-above-header-display":"","ast-hfb-below-header-display":"","ast-hfb-mobile-header-display":"","site-post-title":"","ast-breadcrumbs-content":"","ast-featured-img":"","footer-sml-layout":"","ast-disable-related-posts":"","theme-transparent-header-meta":"","adv-header-id-meta":"","stick-header-meta":"","header-above-stick-meta":"","header-main-stick-meta":"","header-below-stick-meta":"","astra-migrate-meta-layouts":"default","ast-page-background-enabled":"default","ast-page-background-meta":{"desktop":{"background-color":"","background-image":"","background-repeat":"repeat","background-position":"center center","background-size":"auto","background-attachment":"scroll","background-type":"","background-media":"","overlay-type":"","overlay-color":"","overlay-opacity":"","overlay-gradient":""},"tablet":{"background-color":"","background-image":"","background-repeat":"repeat","background-position":"center center","background-size":"auto","background-attachment":"scroll","background-type":"","background-media":"","overlay-type":"","overlay-color":"","overlay-opacity":"","overlay-gradient":""},"mobile":{"background-color":"","background-image":"","background-repeat":"repeat","background-position":"center center","background-size":"auto","background-attachment":"scroll","background-type":"","background-media":"","overlay-type":"","overlay-color":"","overlay-opacity":"","overlay-gradient":""}},"ast-content-background-meta":{"desktop":{"background-color":"var(--ast-global-color-4)","background-image":"","background-repeat":"repeat","background-position":"center center","background-size":"auto","background-attachment":"scroll","background-type":"","background-media":"","overlay-type":"","overlay-color":"","overlay-opacity":"","overlay-gradient":""},"tablet":{"background-color":"var(--ast-global-color-4)","background-image":"","background-repeat":"repeat","background-position":"center center","background-size":"auto","background-attachment":"scroll","background-type":"","background-media":"","overlay-type":"","overlay-color":"","overlay-opacity":"","overlay-gradient":""},"mobile":{"background-color":"var(--ast-global-color-4)","background-image":"","background-repeat":"repeat","background-position":"center center","background-size":"auto","background-attachment":"scroll","background-type":"","background-media":"","overlay-type":"","overlay-color":"","overlay-opacity":"","overlay-gradient":""}}},"product_brand":[],"product_cat":[30],"product_tag":[],"class_list":{"0":"post-21636","1":"product","2":"type-product","3":"status-publish","4":"has-post-thumbnail","6":"product_cat-psichologija-ir-saviugda","7":"desktop-align-left","8":"tablet-align-left","9":"mobile-align-left","11":"first","12":"outofstock","13":"shipping-taxable","14":"purchasable","15":"product-type-simple"},"acf":[],"yoast_head":"<!-- This site is optimized with the Yoast SEO plugin v27.0 - https:\/\/yoast.com\/product\/yoast-seo-wordpress\/ -->\n<title>Plataus m\u0105stymo j\u0117ga. M\u0105styk kitaip! (su defektu)<\/title>\n<meta name=\"description\" content=\"Jei \u0161i knyga prie\u0161 jus, vadinasi, j\u016bs siekiate didel\u0117s s\u0117km\u0117s. Norite realizuoti savo tro\u0161kimus. M\u0117gautis nuostabiu gyvenimu. Norite, kad gyvenimas\" \/>\n<meta name=\"robots\" content=\"index, follow, max-snippet:-1, max-image-preview:large, max-video-preview:-1\" \/>\n<link rel=\"canonical\" href=\"https:\/\/skaitytaknyga.lt\/en\/produktas\/plataus-mastymo-jega-mastyk-kitaip\/\" \/>\n<meta property=\"og:locale\" content=\"en_GB\" \/>\n<meta property=\"og:locale:alternate\" content=\"lt_LT\" \/>\n<meta property=\"og:type\" content=\"article\" \/>\n<meta property=\"og:title\" content=\"Plataus m\u0105stymo j\u0117ga. M\u0105styk kitaip! (su defektu)\" \/>\n<meta property=\"og:description\" content=\"Jei \u0161i knyga prie\u0161 jus, vadinasi, j\u016bs siekiate didel\u0117s s\u0117km\u0117s. Norite realizuoti savo tro\u0161kimus. M\u0117gautis nuostabiu gyvenimu. Norite, kad gyvenimas\" \/>\n<meta property=\"og:url\" content=\"https:\/\/skaitytaknyga.lt\/en\/produktas\/plataus-mastymo-jega-mastyk-kitaip\/\" \/>\n<meta property=\"og:site_name\" content=\"Skaitytaknyga\" \/>\n<meta property=\"article:publisher\" content=\"https:\/\/www.facebook.com\/skaitytaknyga\/\" \/>\n<meta property=\"article:modified_time\" content=\"2026-02-24T19:56:39+00:00\" \/>\n<meta property=\"og:image\" content=\"https:\/\/skaitytaknyga.lt\/wp-content\/uploads\/2025\/10\/plataus-mastymo-jega-1-e1761386002927.webp\" \/>\n\t<meta property=\"og:image:width\" content=\"288\" \/>\n\t<meta property=\"og:image:height\" content=\"423\" \/>\n\t<meta property=\"og:image:type\" content=\"image\/webp\" \/>\n<meta name=\"twitter:card\" content=\"summary_large_image\" \/>\n<meta name=\"twitter:label1\" content=\"Estimated reading time\" \/>\n\t<meta name=\"twitter:data1\" content=\"1 minute\" \/>\n<script type=\"application\/ld+json\" class=\"yoast-schema-graph\">{\"@context\":\"https:\/\/schema.org\",\"@graph\":[{\"@type\":\"WebPage\",\"@id\":\"https:\/\/skaitytaknyga.lt\/produktas\/plataus-mastymo-jega-mastyk-kitaip\/\",\"url\":\"https:\/\/skaitytaknyga.lt\/produktas\/plataus-mastymo-jega-mastyk-kitaip\/\",\"name\":\"Plataus m\u0105stymo j\u0117ga. M\u0105styk kitaip! (su defektu)\",\"isPartOf\":{\"@id\":\"https:\/\/skaitytaknyga.lt\/#website\"},\"primaryImageOfPage\":{\"@id\":\"https:\/\/skaitytaknyga.lt\/produktas\/plataus-mastymo-jega-mastyk-kitaip\/#primaryimage\"},\"image\":{\"@id\":\"https:\/\/skaitytaknyga.lt\/produktas\/plataus-mastymo-jega-mastyk-kitaip\/#primaryimage\"},\"thumbnailUrl\":\"https:\/\/skaitytaknyga.lt\/wp-content\/uploads\/2025\/10\/plataus-mastymo-jega-1-e1761386002927.webp\",\"datePublished\":\"2025-10-25T09:19:45+00:00\",\"dateModified\":\"2026-02-24T19:56:39+00:00\",\"description\":\"Jei \u0161i knyga prie\u0161 jus, vadinasi, j\u016bs siekiate didel\u0117s s\u0117km\u0117s. Norite realizuoti savo tro\u0161kimus. M\u0117gautis nuostabiu gyvenimu. Norite, kad gyvenimas\",\"breadcrumb\":{\"@id\":\"https:\/\/skaitytaknyga.lt\/produktas\/plataus-mastymo-jega-mastyk-kitaip\/#breadcrumb\"},\"inLanguage\":\"en-GB\",\"potentialAction\":[{\"@type\":\"ReadAction\",\"target\":[\"https:\/\/skaitytaknyga.lt\/produktas\/plataus-mastymo-jega-mastyk-kitaip\/\"]}]},{\"@type\":\"ImageObject\",\"inLanguage\":\"en-GB\",\"@id\":\"https:\/\/skaitytaknyga.lt\/produktas\/plataus-mastymo-jega-mastyk-kitaip\/#primaryimage\",\"url\":\"https:\/\/skaitytaknyga.lt\/wp-content\/uploads\/2025\/10\/plataus-mastymo-jega-1-e1761386002927.webp\",\"contentUrl\":\"https:\/\/skaitytaknyga.lt\/wp-content\/uploads\/2025\/10\/plataus-mastymo-jega-1-e1761386002927.webp\",\"width\":288,\"height\":423,\"caption\":\"Plataus m\u0105stymo j\u0117ga. M\u0105styk kitaip!\"},{\"@type\":\"BreadcrumbList\",\"@id\":\"https:\/\/skaitytaknyga.lt\/produktas\/plataus-mastymo-jega-mastyk-kitaip\/#breadcrumb\",\"itemListElement\":[{\"@type\":\"ListItem\",\"position\":1,\"name\":\"Home\",\"item\":\"https:\/\/skaitytaknyga.lt\/\"},{\"@type\":\"ListItem\",\"position\":2,\"name\":\"Parduotuv\u0117\",\"item\":\"https:\/\/skaitytaknyga.lt\/knygu-parduotuve\/\"},{\"@type\":\"ListItem\",\"position\":3,\"name\":\"Plataus m\u0105stymo j\u0117ga. M\u0105styk kitaip! (su defektu)\"}]},{\"@type\":\"WebSite\",\"@id\":\"https:\/\/skaitytaknyga.lt\/#website\",\"url\":\"https:\/\/skaitytaknyga.lt\/\",\"name\":\"skaitytaknyga.lt\",\"description\":\"Skaitytaknyga.lt \u2013 tai ma\u017eas \u0161eimos verslas, kuris prasid\u0117jo nuo meil\u0117s knygoms ir siekio i\u0161gelb\u0117ti knygas nuo likimo prie konteinerio. Kas vienam nereikalingas daiktas \u2013 kitam lobis, o mes esame tarpininkai, kurie padeda abiems tapti laimingesniems ???? \u017dinome kaip nelengva i\u0161gyventi ma\u017eiems verslams, tad nuo \u0161iol, \u010dia rasite ir kit\u0173, ma\u017e\u0173 \u0161eim\u0173 versl\u0173, rank\u0173 darbo, dovan\u0173 sau ir artimiesiems.\",\"publisher\":{\"@id\":\"https:\/\/skaitytaknyga.lt\/#organization\"},\"potentialAction\":[{\"@type\":\"SearchAction\",\"target\":{\"@type\":\"EntryPoint\",\"urlTemplate\":\"https:\/\/skaitytaknyga.lt\/?s={search_term_string}\"},\"query-input\":{\"@type\":\"PropertyValueSpecification\",\"valueRequired\":true,\"valueName\":\"search_term_string\"}}],\"inLanguage\":\"en-GB\"},{\"@type\":\"Organization\",\"@id\":\"https:\/\/skaitytaknyga.lt\/#organization\",\"name\":\"skaitytaknyga.lt\",\"url\":\"https:\/\/skaitytaknyga.lt\/\",\"logo\":{\"@type\":\"ImageObject\",\"inLanguage\":\"en-GB\",\"@id\":\"https:\/\/skaitytaknyga.lt\/#\/schema\/logo\/image\/\",\"url\":\"https:\/\/skaitytaknyga.lt\/wp-content\/uploads\/2024\/05\/cropped-cropped-cropped-02_00843_jt3bggkj1j3HLc7SyY6rEUpg.jpeg\",\"contentUrl\":\"https:\/\/skaitytaknyga.lt\/wp-content\/uploads\/2024\/05\/cropped-cropped-cropped-02_00843_jt3bggkj1j3HLc7SyY6rEUpg.jpeg\",\"width\":1600,\"height\":1600,\"caption\":\"skaitytaknyga.lt\"},\"image\":{\"@id\":\"https:\/\/skaitytaknyga.lt\/#\/schema\/logo\/image\/\"},\"sameAs\":[\"https:\/\/www.facebook.com\/skaitytaknyga\/\"]}]}<\/script>\n<!-- \/ Yoast SEO plugin. -->","yoast_head_json":{"title":"Plataus m\u0105stymo j\u0117ga. M\u0105styk kitaip! (su defektu)","description":"Jei \u0161i knyga prie\u0161 jus, vadinasi, j\u016bs siekiate didel\u0117s s\u0117km\u0117s. Norite realizuoti savo tro\u0161kimus. M\u0117gautis nuostabiu gyvenimu. Norite, kad gyvenimas","robots":{"index":"index","follow":"follow","max-snippet":"max-snippet:-1","max-image-preview":"max-image-preview:large","max-video-preview":"max-video-preview:-1"},"canonical":"https:\/\/skaitytaknyga.lt\/en\/produktas\/plataus-mastymo-jega-mastyk-kitaip\/","og_locale":"en_GB","og_type":"article","og_title":"[:lt]Plataus m\u0105stymo j\u0117ga. M\u0105styk kitaip! (su defektu)[:] - Skaitytaknyga","og_description":"Jei \u0161i knyga prie\u0161 jus, vadinasi, j\u016bs siekiate didel\u0117s s\u0117km\u0117s. Norite realizuoti savo tro\u0161kimus. M\u0117gautis nuostabiu gyvenimu. Norite, kad gyvenimas","og_url":"https:\/\/skaitytaknyga.lt\/en\/produktas\/plataus-mastymo-jega-mastyk-kitaip\/","og_site_name":"Skaitytaknyga","article_publisher":"https:\/\/www.facebook.com\/skaitytaknyga\/","article_modified_time":"2026-02-24T19:56:39+00:00","og_image":[{"width":288,"height":423,"url":"https:\/\/skaitytaknyga.lt\/wp-content\/uploads\/2025\/10\/plataus-mastymo-jega-1-e1761386002927.webp","type":"image\/webp"}],"twitter_card":"summary_large_image","twitter_misc":{"Estimated reading time":"1 minute"},"schema":{"@context":"https:\/\/schema.org","@graph":[{"@type":"WebPage","@id":"https:\/\/skaitytaknyga.lt\/produktas\/plataus-mastymo-jega-mastyk-kitaip\/","url":"https:\/\/skaitytaknyga.lt\/produktas\/plataus-mastymo-jega-mastyk-kitaip\/","name":"Plataus m\u0105stymo j\u0117ga. M\u0105styk kitaip! (su defektu)","isPartOf":{"@id":"https:\/\/skaitytaknyga.lt\/#website"},"primaryImageOfPage":{"@id":"https:\/\/skaitytaknyga.lt\/produktas\/plataus-mastymo-jega-mastyk-kitaip\/#primaryimage"},"image":{"@id":"https:\/\/skaitytaknyga.lt\/produktas\/plataus-mastymo-jega-mastyk-kitaip\/#primaryimage"},"thumbnailUrl":"https:\/\/skaitytaknyga.lt\/wp-content\/uploads\/2025\/10\/plataus-mastymo-jega-1-e1761386002927.webp","datePublished":"2025-10-25T09:19:45+00:00","dateModified":"2026-02-24T19:56:39+00:00","description":"Jei \u0161i knyga prie\u0161 jus, vadinasi, j\u016bs siekiate didel\u0117s s\u0117km\u0117s. Norite realizuoti savo tro\u0161kimus. M\u0117gautis nuostabiu gyvenimu. Norite, kad gyvenimas","breadcrumb":{"@id":"https:\/\/skaitytaknyga.lt\/produktas\/plataus-mastymo-jega-mastyk-kitaip\/#breadcrumb"},"inLanguage":"en-GB","potentialAction":[{"@type":"ReadAction","target":["https:\/\/skaitytaknyga.lt\/produktas\/plataus-mastymo-jega-mastyk-kitaip\/"]}]},{"@type":"ImageObject","inLanguage":"en-GB","@id":"https:\/\/skaitytaknyga.lt\/produktas\/plataus-mastymo-jega-mastyk-kitaip\/#primaryimage","url":"https:\/\/skaitytaknyga.lt\/wp-content\/uploads\/2025\/10\/plataus-mastymo-jega-1-e1761386002927.webp","contentUrl":"https:\/\/skaitytaknyga.lt\/wp-content\/uploads\/2025\/10\/plataus-mastymo-jega-1-e1761386002927.webp","width":288,"height":423,"caption":"Plataus m\u0105stymo j\u0117ga. M\u0105styk kitaip!"},{"@type":"BreadcrumbList","@id":"https:\/\/skaitytaknyga.lt\/produktas\/plataus-mastymo-jega-mastyk-kitaip\/#breadcrumb","itemListElement":[{"@type":"ListItem","position":1,"name":"Home","item":"https:\/\/skaitytaknyga.lt\/"},{"@type":"ListItem","position":2,"name":"Parduotuv\u0117","item":"https:\/\/skaitytaknyga.lt\/knygu-parduotuve\/"},{"@type":"ListItem","position":3,"name":"Plataus m\u0105stymo j\u0117ga. M\u0105styk kitaip! (su defektu)"}]},{"@type":"WebSite","@id":"https:\/\/skaitytaknyga.lt\/#website","url":"https:\/\/skaitytaknyga.lt\/","name":"skaitytaknyga.lt","description":"Skaitytaknyga.lt \u2013 tai ma\u017eas \u0161eimos verslas, kuris prasid\u0117jo nuo meil\u0117s knygoms ir siekio i\u0161gelb\u0117ti knygas nuo likimo prie konteinerio. Kas vienam nereikalingas daiktas \u2013 kitam lobis, o mes esame tarpininkai, kurie padeda abiems tapti laimingesniems ???? \u017dinome kaip nelengva i\u0161gyventi ma\u017eiems verslams, tad nuo \u0161iol, \u010dia rasite ir kit\u0173, ma\u017e\u0173 \u0161eim\u0173 versl\u0173, rank\u0173 darbo, dovan\u0173 sau ir artimiesiems.","publisher":{"@id":"https:\/\/skaitytaknyga.lt\/#organization"},"potentialAction":[{"@type":"SearchAction","target":{"@type":"EntryPoint","urlTemplate":"https:\/\/skaitytaknyga.lt\/?s={search_term_string}"},"query-input":{"@type":"PropertyValueSpecification","valueRequired":true,"valueName":"search_term_string"}}],"inLanguage":"en-GB"},{"@type":"Organization","@id":"https:\/\/skaitytaknyga.lt\/#organization","name":"skaitytaknyga.lt","url":"https:\/\/skaitytaknyga.lt\/","logo":{"@type":"ImageObject","inLanguage":"en-GB","@id":"https:\/\/skaitytaknyga.lt\/#\/schema\/logo\/image\/","url":"https:\/\/skaitytaknyga.lt\/wp-content\/uploads\/2024\/05\/cropped-cropped-cropped-02_00843_jt3bggkj1j3HLc7SyY6rEUpg.jpeg","contentUrl":"https:\/\/skaitytaknyga.lt\/wp-content\/uploads\/2024\/05\/cropped-cropped-cropped-02_00843_jt3bggkj1j3HLc7SyY6rEUpg.jpeg","width":1600,"height":1600,"caption":"skaitytaknyga.lt"},"image":{"@id":"https:\/\/skaitytaknyga.lt\/#\/schema\/logo\/image\/"},"sameAs":["https:\/\/www.facebook.com\/skaitytaknyga\/"]}]}},"_links":{"self":[{"href":"https:\/\/skaitytaknyga.lt\/en\/wp-json\/wp\/v2\/product\/21636","targetHints":{"allow":["GET"]}}],"collection":[{"href":"https:\/\/skaitytaknyga.lt\/en\/wp-json\/wp\/v2\/product"}],"about":[{"href":"https:\/\/skaitytaknyga.lt\/en\/wp-json\/wp\/v2\/types\/product"}],"replies":[{"embeddable":true,"href":"https:\/\/skaitytaknyga.lt\/en\/wp-json\/wp\/v2\/comments?post=21636"}],"wp:featuredmedia":[{"embeddable":true,"href":"https:\/\/skaitytaknyga.lt\/en\/wp-json\/wp\/v2\/media\/21641"}],"wp:attachment":[{"href":"https:\/\/skaitytaknyga.lt\/en\/wp-json\/wp\/v2\/media?parent=21636"}],"wp:term":[{"taxonomy":"product_brand","embeddable":true,"href":"https:\/\/skaitytaknyga.lt\/en\/wp-json\/wp\/v2\/product_brand?post=21636"},{"taxonomy":"product_cat","embeddable":true,"href":"https:\/\/skaitytaknyga.lt\/en\/wp-json\/wp\/v2\/product_cat?post=21636"},{"taxonomy":"product_tag","embeddable":true,"href":"https:\/\/skaitytaknyga.lt\/en\/wp-json\/wp\/v2\/product_tag?post=21636"}],"curies":[{"name":"wp","href":"https:\/\/api.w.org\/{rel}","templated":true}]}}