{"id":21635,"date":"2025-10-25T12:19:45","date_gmt":"2025-10-25T09:19:45","guid":{"rendered":"https:\/\/skaitytaknyga.lt\/?post_type=product&#038;p=21635"},"modified":"2025-10-25T13:27:09","modified_gmt":"2025-10-25T10:27:09","slug":"supersmegenys","status":"publish","type":"product","link":"https:\/\/skaitytaknyga.lt\/en\/produktas\/supersmegenys\/","title":{"rendered":"Supersmegenys"},"content":{"rendered":"<p>Jei iki \u0161iol tikite mitais, kad \u017emogus i\u0161naudoja tik 10 procent\u0173 savo smegen\u0173, kad \u201emultitaskinti\u201c efektyvu, kad vyrai orientuojasi aplinkoje geriau nei moterys ir kad karjeros vir\u0161\u016bn\u0117ms pasiekti b\u016btinas auk\u0161tas intelektas \u2013 perskaitykite \u0161i\u0105 knyg\u0105. Smegenys \u2013 sud\u0117tingiausias, paslaptingiausias organas, kurio \u017emogui perprasti iki galo dar nepavyko, ta\u010diau tai, kas atrasta, gali pakeisti j\u016bs\u0173 gyvenim\u0105.<br \/>\nRemdamasi naujausiais neuromokslo atradimais, Kaja Nordengen apra\u0161o smegen\u0173 sandar\u0105, funkcijas ir jose vykstan\u010dius procesus. Smalsum\u0105 \u017eadinantys faktai ir tyrimai pateikiami \u017eaismingai, vengiant sud\u0117ting\u0173 teorini\u0173 i\u0161ved\u017eiojim\u0173. Autor\u0117 kvie\u010dia patyrin\u0117ti atskiras smegen\u0173 sritis, \u017eav\u0117tis j\u0173 teikiamomis galimyb\u0117mis ir kiekvienam tapti aktyviu savo smegen\u0173 \u201esteb\u0117toju\u201c.<br \/>\nI\u0161siai\u0161kin\u0119, kaip s\u0105veikauja smegen\u0173 nervin\u0117s l\u0105stel\u0117s, lengviau suvoksite:<br \/>\n&#8211; kaip smegenys formuoja j\u016bs\u0173 asmenyb\u0119;<br \/>\n&#8211; kaip valdomi jausmai;<br \/>\n&#8211; kas lemia j\u016bs\u0173 intelekt\u0105;<br \/>\n&#8211; i\u0161 kur kyla k\u016brybingumas;<br \/>\n&#8211; kaip atsiranda priklausomyb\u0117s, bei perprasti daug kit\u0173 gyvenimo aspekt\u0173.<br \/>\n\u017dinodami, kaip veikia smegenys, turite galimyb\u0119 daryti joms \u012ftak\u0105 ir pakreipti savo gyvenim\u0105 norima linkme. Pasinaudokite proga perprasti sud\u0117tingiausio \u017emogaus organo paslaptis ir leiskite rastis teigiamiems poky\u010diams savo gyvenime. J\u016bs\u0173 smegenys liks jums am\u017einai d\u0117kingos.<\/p>\n","protected":false},"excerpt":{"rendered":"<p>Jei iki \u0161iol tikite mitais, kad \u017emogus i\u0161naudoja tik 10 procent\u0173 savo smegen\u0173, kad \u201emultitaskinti\u201c efektyvu, kad vyrai orientuojasi aplinkoje geriau nei moterys ir kad karjeros vir\u0161\u016bn\u0117ms pasiekti b\u016btinas auk\u0161tas intelektas \u2013 perskaitykite \u0161i\u0105 knyg\u0105. Smegenys \u2013 sud\u0117tingiausias, paslaptingiausias organas, kurio \u017emogui perprasti iki galo dar nepavyko, ta\u010diau tai, kas atrasta, gali pakeisti j\u016bs\u0173 gyvenim\u0105. Remdamasi naujausiais neuromokslo atradimais, Kaja Nordengen apra\u0161o smegen\u0173 sandar\u0105, funkcijas ir jose vykstan\u010dius procesus. Smalsum\u0105 \u017eadinantys faktai ir tyrimai pateikiami \u017eaismingai, vengiant sud\u0117ting\u0173 teorini\u0173 i\u0161ved\u017eiojim\u0173. Autor\u0117 kvie\u010dia patyrin\u0117ti atskiras smegen\u0173 sritis, \u017eav\u0117tis j\u0173 teikiamomis galimyb\u0117mis ir kiekvienam tapti aktyviu savo smegen\u0173 \u201esteb\u0117toju\u201c. I\u0161siai\u0161kin\u0119, kaip s\u0105veikauja smegen\u0173 nervin\u0117s l\u0105stel\u0117s, lengviau suvoksite: &#8211; kaip smegenys formuoja j\u016bs\u0173 asmenyb\u0119; &#8211; kaip valdomi jausmai; &#8211; kas lemia j\u016bs\u0173 intelekt\u0105; &#8211; i\u0161 kur kyla k\u016brybingumas; &#8211; kaip atsiranda priklausomyb\u0117s, bei perprasti daug kit\u0173 gyvenimo aspekt\u0173. \u017dinodami, kaip veikia smegenys, turite galimyb\u0119 daryti joms \u012ftak\u0105 ir pakreipti savo gyvenim\u0105 norima linkme. Pasinaudokite proga perprasti sud\u0117tingiausio \u017emogaus organo paslaptis ir leiskite rastis teigiamiems poky\u010diams savo gyvenime. J\u016bs\u0173 smegenys liks jums am\u017einai d\u0117kingos.<\/p>\n","protected":false},"featured_media":21640,"comment_status":"open","ping_status":"closed","template":"","meta":{"_acf_changed":false,"site-sidebar-layout":"default","site-content-layout":"","ast-site-content-layout":"default","site-content-style":"default","site-sidebar-style":"default","ast-global-header-display":"","ast-banner-title-visibility":"","ast-main-header-display":"","ast-hfb-above-header-display":"","ast-hfb-below-header-display":"","ast-hfb-mobile-header-display":"","site-post-title":"","ast-breadcrumbs-content":"","ast-featured-img":"","footer-sml-layout":"","ast-disable-related-posts":"","theme-transparent-header-meta":"","adv-header-id-meta":"","stick-header-meta":"","header-above-stick-meta":"","header-main-stick-meta":"","header-below-stick-meta":"","astra-migrate-meta-layouts":"default","ast-page-background-enabled":"default","ast-page-background-meta":{"desktop":{"background-color":"","background-image":"","background-repeat":"repeat","background-position":"center center","background-size":"auto","background-attachment":"scroll","background-type":"","background-media":"","overlay-type":"","overlay-color":"","overlay-opacity":"","overlay-gradient":""},"tablet":{"background-color":"","background-image":"","background-repeat":"repeat","background-position":"center center","background-size":"auto","background-attachment":"scroll","background-type":"","background-media":"","overlay-type":"","overlay-color":"","overlay-opacity":"","overlay-gradient":""},"mobile":{"background-color":"","background-image":"","background-repeat":"repeat","background-position":"center center","background-size":"auto","background-attachment":"scroll","background-type":"","background-media":"","overlay-type":"","overlay-color":"","overlay-opacity":"","overlay-gradient":""}},"ast-content-background-meta":{"desktop":{"background-color":"var(--ast-global-color-4)","background-image":"","background-repeat":"repeat","background-position":"center center","background-size":"auto","background-attachment":"scroll","background-type":"","background-media":"","overlay-type":"","overlay-color":"","overlay-opacity":"","overlay-gradient":""},"tablet":{"background-color":"var(--ast-global-color-4)","background-image":"","background-repeat":"repeat","background-position":"center center","background-size":"auto","background-attachment":"scroll","background-type":"","background-media":"","overlay-type":"","overlay-color":"","overlay-opacity":"","overlay-gradient":""},"mobile":{"background-color":"var(--ast-global-color-4)","background-image":"","background-repeat":"repeat","background-position":"center center","background-size":"auto","background-attachment":"scroll","background-type":"","background-media":"","overlay-type":"","overlay-color":"","overlay-opacity":"","overlay-gradient":""}}},"product_brand":[],"product_cat":[30],"product_tag":[],"class_list":{"0":"post-21635","1":"product","2":"type-product","3":"status-publish","4":"has-post-thumbnail","6":"product_cat-psichologija-ir-saviugda","7":"desktop-align-left","8":"tablet-align-left","9":"mobile-align-left","11":"first","12":"instock","13":"shipping-taxable","14":"purchasable","15":"product-type-simple"},"acf":[],"yoast_head":"<!-- This site is optimized with the Yoast SEO plugin v27.0 - https:\/\/yoast.com\/product\/yoast-seo-wordpress\/ -->\n<title>Supersmegenys<\/title>\n<meta name=\"description\" content=\"Jei iki \u0161iol tikite mitais, kad \u017emogus i\u0161naudoja tik 10 procent\u0173 savo smegen\u0173, kad \u201emultitaskinti\u201c efektyvu, kad vyrai orientuojasi aplinkoje geriau nei\" \/>\n<meta name=\"robots\" content=\"index, follow, max-snippet:-1, max-image-preview:large, max-video-preview:-1\" \/>\n<link rel=\"canonical\" href=\"https:\/\/skaitytaknyga.lt\/en\/produktas\/supersmegenys\/\" \/>\n<meta property=\"og:locale\" content=\"en_GB\" \/>\n<meta property=\"og:locale:alternate\" content=\"lt_LT\" \/>\n<meta property=\"og:type\" content=\"article\" \/>\n<meta property=\"og:title\" content=\"Supersmegenys\" \/>\n<meta property=\"og:description\" content=\"Jei iki \u0161iol tikite mitais, kad \u017emogus i\u0161naudoja tik 10 procent\u0173 savo smegen\u0173, kad \u201emultitaskinti\u201c efektyvu, kad vyrai orientuojasi aplinkoje geriau nei\" \/>\n<meta property=\"og:url\" content=\"https:\/\/skaitytaknyga.lt\/en\/produktas\/supersmegenys\/\" \/>\n<meta property=\"og:site_name\" content=\"Skaitytaknyga\" \/>\n<meta property=\"article:publisher\" content=\"https:\/\/www.facebook.com\/skaitytaknyga\/\" \/>\n<meta property=\"article:modified_time\" content=\"2025-10-25T10:27:09+00:00\" \/>\n<meta property=\"og:image\" content=\"https:\/\/skaitytaknyga.lt\/wp-content\/uploads\/2025\/10\/Supersmegenys-1.webp\" \/>\n\t<meta property=\"og:image:width\" content=\"409\" \/>\n\t<meta property=\"og:image:height\" content=\"600\" \/>\n\t<meta property=\"og:image:type\" content=\"image\/webp\" \/>\n<meta name=\"twitter:card\" content=\"summary_large_image\" \/>\n<meta name=\"twitter:label1\" content=\"Estimated reading time\" \/>\n\t<meta name=\"twitter:data1\" content=\"1 minute\" \/>\n<script type=\"application\/ld+json\" class=\"yoast-schema-graph\">{\"@context\":\"https:\/\/schema.org\",\"@graph\":[{\"@type\":\"WebPage\",\"@id\":\"https:\/\/skaitytaknyga.lt\/produktas\/supersmegenys\/\",\"url\":\"https:\/\/skaitytaknyga.lt\/produktas\/supersmegenys\/\",\"name\":\"Supersmegenys\",\"isPartOf\":{\"@id\":\"https:\/\/skaitytaknyga.lt\/#website\"},\"primaryImageOfPage\":{\"@id\":\"https:\/\/skaitytaknyga.lt\/produktas\/supersmegenys\/#primaryimage\"},\"image\":{\"@id\":\"https:\/\/skaitytaknyga.lt\/produktas\/supersmegenys\/#primaryimage\"},\"thumbnailUrl\":\"https:\/\/skaitytaknyga.lt\/wp-content\/uploads\/2025\/10\/Supersmegenys-1.webp\",\"datePublished\":\"2025-10-25T09:19:45+00:00\",\"dateModified\":\"2025-10-25T10:27:09+00:00\",\"description\":\"Jei iki \u0161iol tikite mitais, kad \u017emogus i\u0161naudoja tik 10 procent\u0173 savo smegen\u0173, kad \u201emultitaskinti\u201c efektyvu, kad vyrai orientuojasi aplinkoje geriau nei\",\"breadcrumb\":{\"@id\":\"https:\/\/skaitytaknyga.lt\/produktas\/supersmegenys\/#breadcrumb\"},\"inLanguage\":\"en-GB\",\"potentialAction\":[{\"@type\":\"ReadAction\",\"target\":[\"https:\/\/skaitytaknyga.lt\/produktas\/supersmegenys\/\"]}]},{\"@type\":\"ImageObject\",\"inLanguage\":\"en-GB\",\"@id\":\"https:\/\/skaitytaknyga.lt\/produktas\/supersmegenys\/#primaryimage\",\"url\":\"https:\/\/skaitytaknyga.lt\/wp-content\/uploads\/2025\/10\/Supersmegenys-1.webp\",\"contentUrl\":\"https:\/\/skaitytaknyga.lt\/wp-content\/uploads\/2025\/10\/Supersmegenys-1.webp\",\"width\":409,\"height\":600,\"caption\":\"Supersmegenys\"},{\"@type\":\"BreadcrumbList\",\"@id\":\"https:\/\/skaitytaknyga.lt\/produktas\/supersmegenys\/#breadcrumb\",\"itemListElement\":[{\"@type\":\"ListItem\",\"position\":1,\"name\":\"Home\",\"item\":\"https:\/\/skaitytaknyga.lt\/\"},{\"@type\":\"ListItem\",\"position\":2,\"name\":\"Parduotuv\u0117\",\"item\":\"https:\/\/skaitytaknyga.lt\/knygu-parduotuve\/\"},{\"@type\":\"ListItem\",\"position\":3,\"name\":\"Supersmegenys\"}]},{\"@type\":\"WebSite\",\"@id\":\"https:\/\/skaitytaknyga.lt\/#website\",\"url\":\"https:\/\/skaitytaknyga.lt\/\",\"name\":\"skaitytaknyga.lt\",\"description\":\"Skaitytaknyga.lt \u2013 tai ma\u017eas \u0161eimos verslas, kuris prasid\u0117jo nuo meil\u0117s knygoms ir siekio i\u0161gelb\u0117ti knygas nuo likimo prie konteinerio. Kas vienam nereikalingas daiktas \u2013 kitam lobis, o mes esame tarpininkai, kurie padeda abiems tapti laimingesniems ???? \u017dinome kaip nelengva i\u0161gyventi ma\u017eiems verslams, tad nuo \u0161iol, \u010dia rasite ir kit\u0173, ma\u017e\u0173 \u0161eim\u0173 versl\u0173, rank\u0173 darbo, dovan\u0173 sau ir artimiesiems.\",\"publisher\":{\"@id\":\"https:\/\/skaitytaknyga.lt\/#organization\"},\"potentialAction\":[{\"@type\":\"SearchAction\",\"target\":{\"@type\":\"EntryPoint\",\"urlTemplate\":\"https:\/\/skaitytaknyga.lt\/?s={search_term_string}\"},\"query-input\":{\"@type\":\"PropertyValueSpecification\",\"valueRequired\":true,\"valueName\":\"search_term_string\"}}],\"inLanguage\":\"en-GB\"},{\"@type\":\"Organization\",\"@id\":\"https:\/\/skaitytaknyga.lt\/#organization\",\"name\":\"skaitytaknyga.lt\",\"url\":\"https:\/\/skaitytaknyga.lt\/\",\"logo\":{\"@type\":\"ImageObject\",\"inLanguage\":\"en-GB\",\"@id\":\"https:\/\/skaitytaknyga.lt\/#\/schema\/logo\/image\/\",\"url\":\"https:\/\/skaitytaknyga.lt\/wp-content\/uploads\/2024\/05\/cropped-cropped-cropped-02_00843_jt3bggkj1j3HLc7SyY6rEUpg.jpeg\",\"contentUrl\":\"https:\/\/skaitytaknyga.lt\/wp-content\/uploads\/2024\/05\/cropped-cropped-cropped-02_00843_jt3bggkj1j3HLc7SyY6rEUpg.jpeg\",\"width\":1600,\"height\":1600,\"caption\":\"skaitytaknyga.lt\"},\"image\":{\"@id\":\"https:\/\/skaitytaknyga.lt\/#\/schema\/logo\/image\/\"},\"sameAs\":[\"https:\/\/www.facebook.com\/skaitytaknyga\/\"]}]}<\/script>\n<!-- \/ Yoast SEO plugin. -->","yoast_head_json":{"title":"Supersmegenys","description":"Jei iki \u0161iol tikite mitais, kad \u017emogus i\u0161naudoja tik 10 procent\u0173 savo smegen\u0173, kad \u201emultitaskinti\u201c efektyvu, kad vyrai orientuojasi aplinkoje geriau nei","robots":{"index":"index","follow":"follow","max-snippet":"max-snippet:-1","max-image-preview":"max-image-preview:large","max-video-preview":"max-video-preview:-1"},"canonical":"https:\/\/skaitytaknyga.lt\/en\/produktas\/supersmegenys\/","og_locale":"en_GB","og_type":"article","og_title":"[:lt]Supersmegenys[:] - Skaitytaknyga","og_description":"Jei iki \u0161iol tikite mitais, kad \u017emogus i\u0161naudoja tik 10 procent\u0173 savo smegen\u0173, kad \u201emultitaskinti\u201c efektyvu, kad vyrai orientuojasi aplinkoje geriau nei","og_url":"https:\/\/skaitytaknyga.lt\/en\/produktas\/supersmegenys\/","og_site_name":"Skaitytaknyga","article_publisher":"https:\/\/www.facebook.com\/skaitytaknyga\/","article_modified_time":"2025-10-25T10:27:09+00:00","og_image":[{"width":409,"height":600,"url":"https:\/\/skaitytaknyga.lt\/wp-content\/uploads\/2025\/10\/Supersmegenys-1.webp","type":"image\/webp"}],"twitter_card":"summary_large_image","twitter_misc":{"Estimated reading time":"1 minute"},"schema":{"@context":"https:\/\/schema.org","@graph":[{"@type":"WebPage","@id":"https:\/\/skaitytaknyga.lt\/produktas\/supersmegenys\/","url":"https:\/\/skaitytaknyga.lt\/produktas\/supersmegenys\/","name":"Supersmegenys","isPartOf":{"@id":"https:\/\/skaitytaknyga.lt\/#website"},"primaryImageOfPage":{"@id":"https:\/\/skaitytaknyga.lt\/produktas\/supersmegenys\/#primaryimage"},"image":{"@id":"https:\/\/skaitytaknyga.lt\/produktas\/supersmegenys\/#primaryimage"},"thumbnailUrl":"https:\/\/skaitytaknyga.lt\/wp-content\/uploads\/2025\/10\/Supersmegenys-1.webp","datePublished":"2025-10-25T09:19:45+00:00","dateModified":"2025-10-25T10:27:09+00:00","description":"Jei iki \u0161iol tikite mitais, kad \u017emogus i\u0161naudoja tik 10 procent\u0173 savo smegen\u0173, kad \u201emultitaskinti\u201c efektyvu, kad vyrai orientuojasi aplinkoje geriau nei","breadcrumb":{"@id":"https:\/\/skaitytaknyga.lt\/produktas\/supersmegenys\/#breadcrumb"},"inLanguage":"en-GB","potentialAction":[{"@type":"ReadAction","target":["https:\/\/skaitytaknyga.lt\/produktas\/supersmegenys\/"]}]},{"@type":"ImageObject","inLanguage":"en-GB","@id":"https:\/\/skaitytaknyga.lt\/produktas\/supersmegenys\/#primaryimage","url":"https:\/\/skaitytaknyga.lt\/wp-content\/uploads\/2025\/10\/Supersmegenys-1.webp","contentUrl":"https:\/\/skaitytaknyga.lt\/wp-content\/uploads\/2025\/10\/Supersmegenys-1.webp","width":409,"height":600,"caption":"Supersmegenys"},{"@type":"BreadcrumbList","@id":"https:\/\/skaitytaknyga.lt\/produktas\/supersmegenys\/#breadcrumb","itemListElement":[{"@type":"ListItem","position":1,"name":"Home","item":"https:\/\/skaitytaknyga.lt\/"},{"@type":"ListItem","position":2,"name":"Parduotuv\u0117","item":"https:\/\/skaitytaknyga.lt\/knygu-parduotuve\/"},{"@type":"ListItem","position":3,"name":"Supersmegenys"}]},{"@type":"WebSite","@id":"https:\/\/skaitytaknyga.lt\/#website","url":"https:\/\/skaitytaknyga.lt\/","name":"skaitytaknyga.lt","description":"Skaitytaknyga.lt \u2013 tai ma\u017eas \u0161eimos verslas, kuris prasid\u0117jo nuo meil\u0117s knygoms ir siekio i\u0161gelb\u0117ti knygas nuo likimo prie konteinerio. Kas vienam nereikalingas daiktas \u2013 kitam lobis, o mes esame tarpininkai, kurie padeda abiems tapti laimingesniems ???? \u017dinome kaip nelengva i\u0161gyventi ma\u017eiems verslams, tad nuo \u0161iol, \u010dia rasite ir kit\u0173, ma\u017e\u0173 \u0161eim\u0173 versl\u0173, rank\u0173 darbo, dovan\u0173 sau ir artimiesiems.","publisher":{"@id":"https:\/\/skaitytaknyga.lt\/#organization"},"potentialAction":[{"@type":"SearchAction","target":{"@type":"EntryPoint","urlTemplate":"https:\/\/skaitytaknyga.lt\/?s={search_term_string}"},"query-input":{"@type":"PropertyValueSpecification","valueRequired":true,"valueName":"search_term_string"}}],"inLanguage":"en-GB"},{"@type":"Organization","@id":"https:\/\/skaitytaknyga.lt\/#organization","name":"skaitytaknyga.lt","url":"https:\/\/skaitytaknyga.lt\/","logo":{"@type":"ImageObject","inLanguage":"en-GB","@id":"https:\/\/skaitytaknyga.lt\/#\/schema\/logo\/image\/","url":"https:\/\/skaitytaknyga.lt\/wp-content\/uploads\/2024\/05\/cropped-cropped-cropped-02_00843_jt3bggkj1j3HLc7SyY6rEUpg.jpeg","contentUrl":"https:\/\/skaitytaknyga.lt\/wp-content\/uploads\/2024\/05\/cropped-cropped-cropped-02_00843_jt3bggkj1j3HLc7SyY6rEUpg.jpeg","width":1600,"height":1600,"caption":"skaitytaknyga.lt"},"image":{"@id":"https:\/\/skaitytaknyga.lt\/#\/schema\/logo\/image\/"},"sameAs":["https:\/\/www.facebook.com\/skaitytaknyga\/"]}]}},"_links":{"self":[{"href":"https:\/\/skaitytaknyga.lt\/en\/wp-json\/wp\/v2\/product\/21635","targetHints":{"allow":["GET"]}}],"collection":[{"href":"https:\/\/skaitytaknyga.lt\/en\/wp-json\/wp\/v2\/product"}],"about":[{"href":"https:\/\/skaitytaknyga.lt\/en\/wp-json\/wp\/v2\/types\/product"}],"replies":[{"embeddable":true,"href":"https:\/\/skaitytaknyga.lt\/en\/wp-json\/wp\/v2\/comments?post=21635"}],"wp:featuredmedia":[{"embeddable":true,"href":"https:\/\/skaitytaknyga.lt\/en\/wp-json\/wp\/v2\/media\/21640"}],"wp:attachment":[{"href":"https:\/\/skaitytaknyga.lt\/en\/wp-json\/wp\/v2\/media?parent=21635"}],"wp:term":[{"taxonomy":"product_brand","embeddable":true,"href":"https:\/\/skaitytaknyga.lt\/en\/wp-json\/wp\/v2\/product_brand?post=21635"},{"taxonomy":"product_cat","embeddable":true,"href":"https:\/\/skaitytaknyga.lt\/en\/wp-json\/wp\/v2\/product_cat?post=21635"},{"taxonomy":"product_tag","embeddable":true,"href":"https:\/\/skaitytaknyga.lt\/en\/wp-json\/wp\/v2\/product_tag?post=21635"}],"curies":[{"name":"wp","href":"https:\/\/api.w.org\/{rel}","templated":true}]}}