{"id":21634,"date":"2025-10-25T12:19:45","date_gmt":"2025-10-25T09:19:45","guid":{"rendered":"https:\/\/skaitytaknyga.lt\/?post_type=product&#038;p=21634"},"modified":"2026-03-18T11:02:12","modified_gmt":"2026-03-18T09:02:12","slug":"kita-vindzoru-mergina","status":"publish","type":"product","link":"https:\/\/skaitytaknyga.lt\/en\/produktas\/kita-vindzoru-mergina\/","title":{"rendered":"Kita Vindzor\u0173 mergina"},"content":{"rendered":"<p>Nuostabi istorini\u0173 roman\u0173 ra\u0161ytojos Georgie Blalock dovana serialo \u201eThe Crown&#8221; gerb\u0117jams!<\/p>\n<p>Su cigaret\u0117s kandikliu vienoje rankoje ir kokteilio taure kitoje princes\u0117 Margareta lyg \u017evaig\u017ed\u0117 spindi jaun\u0173 turting\u0173 aristokrat\u0173 palydoje, nors toks pa\u0161\u0117l\u0119s gyvenimo b\u016bdas kertasi su jaunesniosios karalien\u0117s El\u017ebietos sesers pareigomis.<\/p>\n<p>Kilmingos, bet nuskurdusios \u0161eimos atstov\u0117 Vera Strazmor pokario Anglijoje ra\u0161o skandalingus meil\u0117s romanus, svajoja gyventi ir dirbti Niujorke, trok\u0161ta v\u0117l patirti laim\u0119, kuri\u0105 prarado \u017euvus su\u017ead\u0117tiniui. Atsitiktinis susitikimas su princese Margareta visiems laikams pakei\u010dia jos gyvenim\u0105. Tapusi antr\u0105ja princes\u0117s freilina, Vera i\u0161 arti stebi jos meil\u0117s roman\u0105 su \u017eaviuoju kapitonu Piteriu Taunsendu.<\/p>\n<p>Matydama, kaip karali\u0161kosios \u0161eimos nar\u0117 negali paklusti savo \u0161irdies balsui, Vera ima trok\u0161ti laisv\u0117s, kad gal\u0117t\u0173 siekti savo svajon\u0117s. Abiem moterims tenka rinktis, kas svarbiau \u2013 socialinis statusas, pareiga ar meil\u0117&#8230;<\/p>\n","protected":false},"excerpt":{"rendered":"<p>Nuostabi istorini\u0173 roman\u0173 ra\u0161ytojos Georgie Blalock dovana serialo \u201eThe Crown&#8221; gerb\u0117jams! Su cigaret\u0117s kandikliu vienoje rankoje ir kokteilio taure kitoje princes\u0117 Margareta lyg \u017evaig\u017ed\u0117 spindi jaun\u0173 turting\u0173 aristokrat\u0173 palydoje, nors toks pa\u0161\u0117l\u0119s gyvenimo b\u016bdas kertasi su jaunesniosios karalien\u0117s El\u017ebietos sesers pareigomis. Kilmingos, bet nuskurdusios \u0161eimos atstov\u0117 Vera Strazmor pokario Anglijoje ra\u0161o skandalingus meil\u0117s romanus, svajoja gyventi ir dirbti Niujorke, trok\u0161ta v\u0117l patirti laim\u0119, kuri\u0105 prarado \u017euvus su\u017ead\u0117tiniui. Atsitiktinis susitikimas su princese Margareta visiems laikams pakei\u010dia jos gyvenim\u0105. Tapusi antr\u0105ja princes\u0117s freilina, Vera i\u0161 arti stebi jos meil\u0117s roman\u0105 su \u017eaviuoju kapitonu Piteriu Taunsendu. Matydama, kaip karali\u0161kosios \u0161eimos nar\u0117 negali paklusti savo \u0161irdies balsui, Vera ima trok\u0161ti laisv\u0117s, kad gal\u0117t\u0173 siekti savo svajon\u0117s. Abiem moterims tenka rinktis, kas svarbiau \u2013 socialinis statusas, pareiga ar meil\u0117&#8230;<\/p>\n","protected":false},"featured_media":21639,"comment_status":"open","ping_status":"closed","template":"","meta":{"_acf_changed":false,"site-sidebar-layout":"default","site-content-layout":"","ast-site-content-layout":"default","site-content-style":"default","site-sidebar-style":"default","ast-global-header-display":"","ast-banner-title-visibility":"","ast-main-header-display":"","ast-hfb-above-header-display":"","ast-hfb-below-header-display":"","ast-hfb-mobile-header-display":"","site-post-title":"","ast-breadcrumbs-content":"","ast-featured-img":"","footer-sml-layout":"","ast-disable-related-posts":"","theme-transparent-header-meta":"","adv-header-id-meta":"","stick-header-meta":"","header-above-stick-meta":"","header-main-stick-meta":"","header-below-stick-meta":"","astra-migrate-meta-layouts":"default","ast-page-background-enabled":"default","ast-page-background-meta":{"desktop":{"background-color":"","background-image":"","background-repeat":"repeat","background-position":"center center","background-size":"auto","background-attachment":"scroll","background-type":"","background-media":"","overlay-type":"","overlay-color":"","overlay-opacity":"","overlay-gradient":""},"tablet":{"background-color":"","background-image":"","background-repeat":"repeat","background-position":"center center","background-size":"auto","background-attachment":"scroll","background-type":"","background-media":"","overlay-type":"","overlay-color":"","overlay-opacity":"","overlay-gradient":""},"mobile":{"background-color":"","background-image":"","background-repeat":"repeat","background-position":"center center","background-size":"auto","background-attachment":"scroll","background-type":"","background-media":"","overlay-type":"","overlay-color":"","overlay-opacity":"","overlay-gradient":""}},"ast-content-background-meta":{"desktop":{"background-color":"var(--ast-global-color-4)","background-image":"","background-repeat":"repeat","background-position":"center center","background-size":"auto","background-attachment":"scroll","background-type":"","background-media":"","overlay-type":"","overlay-color":"","overlay-opacity":"","overlay-gradient":""},"tablet":{"background-color":"var(--ast-global-color-4)","background-image":"","background-repeat":"repeat","background-position":"center center","background-size":"auto","background-attachment":"scroll","background-type":"","background-media":"","overlay-type":"","overlay-color":"","overlay-opacity":"","overlay-gradient":""},"mobile":{"background-color":"var(--ast-global-color-4)","background-image":"","background-repeat":"repeat","background-position":"center center","background-size":"auto","background-attachment":"scroll","background-type":"","background-media":"","overlay-type":"","overlay-color":"","overlay-opacity":"","overlay-gradient":""}}},"product_brand":[],"product_cat":[9618],"product_tag":[],"class_list":{"0":"post-21634","1":"product","2":"type-product","3":"status-publish","4":"has-post-thumbnail","6":"product_cat-istoriniai-romanai","7":"desktop-align-left","8":"tablet-align-left","9":"mobile-align-left","11":"first","12":"instock","13":"shipping-taxable","14":"purchasable","15":"product-type-simple"},"acf":[],"yoast_head":"<!-- This site is optimized with the Yoast SEO plugin v27.0 - https:\/\/yoast.com\/product\/yoast-seo-wordpress\/ -->\n<title>Kita Vindzor\u0173 mergina<\/title>\n<meta name=\"description\" content=\"Nuostabi istorini\u0173 roman\u0173 ra\u0161ytojos Georgie Blalock dovana serialo \u201eThe Crown&quot; gerb\u0117jams! Su cigaret\u0117s kandikliu vienoje rankoje ir kokteilio taure kitoje\" \/>\n<meta name=\"robots\" content=\"index, follow, max-snippet:-1, max-image-preview:large, max-video-preview:-1\" \/>\n<link rel=\"canonical\" href=\"https:\/\/skaitytaknyga.lt\/en\/produktas\/kita-vindzoru-mergina\/\" \/>\n<meta property=\"og:locale\" content=\"en_GB\" \/>\n<meta property=\"og:locale:alternate\" content=\"lt_LT\" \/>\n<meta property=\"og:type\" content=\"article\" \/>\n<meta property=\"og:title\" content=\"Kita Vindzor\u0173 mergina\" \/>\n<meta property=\"og:description\" content=\"Nuostabi istorini\u0173 roman\u0173 ra\u0161ytojos Georgie Blalock dovana serialo \u201eThe Crown&quot; gerb\u0117jams! Su cigaret\u0117s kandikliu vienoje rankoje ir kokteilio taure kitoje\" \/>\n<meta property=\"og:url\" content=\"https:\/\/skaitytaknyga.lt\/en\/produktas\/kita-vindzoru-mergina\/\" \/>\n<meta property=\"og:site_name\" content=\"Skaitytaknyga\" \/>\n<meta property=\"article:publisher\" content=\"https:\/\/www.facebook.com\/skaitytaknyga\/\" \/>\n<meta property=\"article:modified_time\" content=\"2026-03-18T09:02:12+00:00\" \/>\n<meta property=\"og:image\" content=\"https:\/\/skaitytaknyga.lt\/wp-content\/uploads\/2025\/10\/Kita-Vindzoru-mergina-1.webp\" \/>\n\t<meta property=\"og:image:width\" content=\"538\" \/>\n\t<meta property=\"og:image:height\" content=\"801\" \/>\n\t<meta property=\"og:image:type\" content=\"image\/webp\" \/>\n<meta name=\"twitter:card\" content=\"summary_large_image\" \/>\n<meta name=\"twitter:label1\" content=\"Estimated reading time\" \/>\n\t<meta name=\"twitter:data1\" content=\"1 minute\" \/>\n<script type=\"application\/ld+json\" class=\"yoast-schema-graph\">{\"@context\":\"https:\/\/schema.org\",\"@graph\":[{\"@type\":\"WebPage\",\"@id\":\"https:\/\/skaitytaknyga.lt\/produktas\/kita-vindzoru-mergina\/\",\"url\":\"https:\/\/skaitytaknyga.lt\/produktas\/kita-vindzoru-mergina\/\",\"name\":\"Kita Vindzor\u0173 mergina\",\"isPartOf\":{\"@id\":\"https:\/\/skaitytaknyga.lt\/#website\"},\"primaryImageOfPage\":{\"@id\":\"https:\/\/skaitytaknyga.lt\/produktas\/kita-vindzoru-mergina\/#primaryimage\"},\"image\":{\"@id\":\"https:\/\/skaitytaknyga.lt\/produktas\/kita-vindzoru-mergina\/#primaryimage\"},\"thumbnailUrl\":\"https:\/\/skaitytaknyga.lt\/wp-content\/uploads\/2025\/10\/Kita-Vindzoru-mergina-1.webp\",\"datePublished\":\"2025-10-25T09:19:45+00:00\",\"dateModified\":\"2026-03-18T09:02:12+00:00\",\"description\":\"Nuostabi istorini\u0173 roman\u0173 ra\u0161ytojos Georgie Blalock dovana serialo \u201eThe Crown\\\" gerb\u0117jams! Su cigaret\u0117s kandikliu vienoje rankoje ir kokteilio taure kitoje\",\"breadcrumb\":{\"@id\":\"https:\/\/skaitytaknyga.lt\/produktas\/kita-vindzoru-mergina\/#breadcrumb\"},\"inLanguage\":\"en-GB\",\"potentialAction\":[{\"@type\":\"ReadAction\",\"target\":[\"https:\/\/skaitytaknyga.lt\/produktas\/kita-vindzoru-mergina\/\"]}]},{\"@type\":\"ImageObject\",\"inLanguage\":\"en-GB\",\"@id\":\"https:\/\/skaitytaknyga.lt\/produktas\/kita-vindzoru-mergina\/#primaryimage\",\"url\":\"https:\/\/skaitytaknyga.lt\/wp-content\/uploads\/2025\/10\/Kita-Vindzoru-mergina-1.webp\",\"contentUrl\":\"https:\/\/skaitytaknyga.lt\/wp-content\/uploads\/2025\/10\/Kita-Vindzoru-mergina-1.webp\",\"width\":538,\"height\":801,\"caption\":\"Kita Vindzor\u0173 mergina\"},{\"@type\":\"BreadcrumbList\",\"@id\":\"https:\/\/skaitytaknyga.lt\/produktas\/kita-vindzoru-mergina\/#breadcrumb\",\"itemListElement\":[{\"@type\":\"ListItem\",\"position\":1,\"name\":\"Home\",\"item\":\"https:\/\/skaitytaknyga.lt\/\"},{\"@type\":\"ListItem\",\"position\":2,\"name\":\"Parduotuv\u0117\",\"item\":\"https:\/\/skaitytaknyga.lt\/knygu-parduotuve\/\"},{\"@type\":\"ListItem\",\"position\":3,\"name\":\"Kita Vindzor\u0173 mergina\"}]},{\"@type\":\"WebSite\",\"@id\":\"https:\/\/skaitytaknyga.lt\/#website\",\"url\":\"https:\/\/skaitytaknyga.lt\/\",\"name\":\"skaitytaknyga.lt\",\"description\":\"Skaitytaknyga.lt \u2013 tai ma\u017eas \u0161eimos verslas, kuris prasid\u0117jo nuo meil\u0117s knygoms ir siekio i\u0161gelb\u0117ti knygas nuo likimo prie konteinerio. Kas vienam nereikalingas daiktas \u2013 kitam lobis, o mes esame tarpininkai, kurie padeda abiems tapti laimingesniems ???? \u017dinome kaip nelengva i\u0161gyventi ma\u017eiems verslams, tad nuo \u0161iol, \u010dia rasite ir kit\u0173, ma\u017e\u0173 \u0161eim\u0173 versl\u0173, rank\u0173 darbo, dovan\u0173 sau ir artimiesiems.\",\"publisher\":{\"@id\":\"https:\/\/skaitytaknyga.lt\/#organization\"},\"potentialAction\":[{\"@type\":\"SearchAction\",\"target\":{\"@type\":\"EntryPoint\",\"urlTemplate\":\"https:\/\/skaitytaknyga.lt\/?s={search_term_string}\"},\"query-input\":{\"@type\":\"PropertyValueSpecification\",\"valueRequired\":true,\"valueName\":\"search_term_string\"}}],\"inLanguage\":\"en-GB\"},{\"@type\":\"Organization\",\"@id\":\"https:\/\/skaitytaknyga.lt\/#organization\",\"name\":\"skaitytaknyga.lt\",\"url\":\"https:\/\/skaitytaknyga.lt\/\",\"logo\":{\"@type\":\"ImageObject\",\"inLanguage\":\"en-GB\",\"@id\":\"https:\/\/skaitytaknyga.lt\/#\/schema\/logo\/image\/\",\"url\":\"https:\/\/skaitytaknyga.lt\/wp-content\/uploads\/2024\/05\/cropped-cropped-cropped-02_00843_jt3bggkj1j3HLc7SyY6rEUpg.jpeg\",\"contentUrl\":\"https:\/\/skaitytaknyga.lt\/wp-content\/uploads\/2024\/05\/cropped-cropped-cropped-02_00843_jt3bggkj1j3HLc7SyY6rEUpg.jpeg\",\"width\":1600,\"height\":1600,\"caption\":\"skaitytaknyga.lt\"},\"image\":{\"@id\":\"https:\/\/skaitytaknyga.lt\/#\/schema\/logo\/image\/\"},\"sameAs\":[\"https:\/\/www.facebook.com\/skaitytaknyga\/\"]}]}<\/script>\n<!-- \/ Yoast SEO plugin. -->","yoast_head_json":{"title":"Kita Vindzor\u0173 mergina","description":"Nuostabi istorini\u0173 roman\u0173 ra\u0161ytojos Georgie Blalock dovana serialo \u201eThe Crown\" gerb\u0117jams! Su cigaret\u0117s kandikliu vienoje rankoje ir kokteilio taure kitoje","robots":{"index":"index","follow":"follow","max-snippet":"max-snippet:-1","max-image-preview":"max-image-preview:large","max-video-preview":"max-video-preview:-1"},"canonical":"https:\/\/skaitytaknyga.lt\/en\/produktas\/kita-vindzoru-mergina\/","og_locale":"en_GB","og_type":"article","og_title":"[:lt]Kita Vindzor\u0173 mergina[:] - Skaitytaknyga","og_description":"Nuostabi istorini\u0173 roman\u0173 ra\u0161ytojos Georgie Blalock dovana serialo \u201eThe Crown\" gerb\u0117jams! Su cigaret\u0117s kandikliu vienoje rankoje ir kokteilio taure kitoje","og_url":"https:\/\/skaitytaknyga.lt\/en\/produktas\/kita-vindzoru-mergina\/","og_site_name":"Skaitytaknyga","article_publisher":"https:\/\/www.facebook.com\/skaitytaknyga\/","article_modified_time":"2026-03-18T09:02:12+00:00","og_image":[{"width":538,"height":801,"url":"https:\/\/skaitytaknyga.lt\/wp-content\/uploads\/2025\/10\/Kita-Vindzoru-mergina-1.webp","type":"image\/webp"}],"twitter_card":"summary_large_image","twitter_misc":{"Estimated reading time":"1 minute"},"schema":{"@context":"https:\/\/schema.org","@graph":[{"@type":"WebPage","@id":"https:\/\/skaitytaknyga.lt\/produktas\/kita-vindzoru-mergina\/","url":"https:\/\/skaitytaknyga.lt\/produktas\/kita-vindzoru-mergina\/","name":"Kita Vindzor\u0173 mergina","isPartOf":{"@id":"https:\/\/skaitytaknyga.lt\/#website"},"primaryImageOfPage":{"@id":"https:\/\/skaitytaknyga.lt\/produktas\/kita-vindzoru-mergina\/#primaryimage"},"image":{"@id":"https:\/\/skaitytaknyga.lt\/produktas\/kita-vindzoru-mergina\/#primaryimage"},"thumbnailUrl":"https:\/\/skaitytaknyga.lt\/wp-content\/uploads\/2025\/10\/Kita-Vindzoru-mergina-1.webp","datePublished":"2025-10-25T09:19:45+00:00","dateModified":"2026-03-18T09:02:12+00:00","description":"Nuostabi istorini\u0173 roman\u0173 ra\u0161ytojos Georgie Blalock dovana serialo \u201eThe Crown\" gerb\u0117jams! Su cigaret\u0117s kandikliu vienoje rankoje ir kokteilio taure kitoje","breadcrumb":{"@id":"https:\/\/skaitytaknyga.lt\/produktas\/kita-vindzoru-mergina\/#breadcrumb"},"inLanguage":"en-GB","potentialAction":[{"@type":"ReadAction","target":["https:\/\/skaitytaknyga.lt\/produktas\/kita-vindzoru-mergina\/"]}]},{"@type":"ImageObject","inLanguage":"en-GB","@id":"https:\/\/skaitytaknyga.lt\/produktas\/kita-vindzoru-mergina\/#primaryimage","url":"https:\/\/skaitytaknyga.lt\/wp-content\/uploads\/2025\/10\/Kita-Vindzoru-mergina-1.webp","contentUrl":"https:\/\/skaitytaknyga.lt\/wp-content\/uploads\/2025\/10\/Kita-Vindzoru-mergina-1.webp","width":538,"height":801,"caption":"Kita Vindzor\u0173 mergina"},{"@type":"BreadcrumbList","@id":"https:\/\/skaitytaknyga.lt\/produktas\/kita-vindzoru-mergina\/#breadcrumb","itemListElement":[{"@type":"ListItem","position":1,"name":"Home","item":"https:\/\/skaitytaknyga.lt\/"},{"@type":"ListItem","position":2,"name":"Parduotuv\u0117","item":"https:\/\/skaitytaknyga.lt\/knygu-parduotuve\/"},{"@type":"ListItem","position":3,"name":"Kita Vindzor\u0173 mergina"}]},{"@type":"WebSite","@id":"https:\/\/skaitytaknyga.lt\/#website","url":"https:\/\/skaitytaknyga.lt\/","name":"skaitytaknyga.lt","description":"Skaitytaknyga.lt \u2013 tai ma\u017eas \u0161eimos verslas, kuris prasid\u0117jo nuo meil\u0117s knygoms ir siekio i\u0161gelb\u0117ti knygas nuo likimo prie konteinerio. Kas vienam nereikalingas daiktas \u2013 kitam lobis, o mes esame tarpininkai, kurie padeda abiems tapti laimingesniems ???? \u017dinome kaip nelengva i\u0161gyventi ma\u017eiems verslams, tad nuo \u0161iol, \u010dia rasite ir kit\u0173, ma\u017e\u0173 \u0161eim\u0173 versl\u0173, rank\u0173 darbo, dovan\u0173 sau ir artimiesiems.","publisher":{"@id":"https:\/\/skaitytaknyga.lt\/#organization"},"potentialAction":[{"@type":"SearchAction","target":{"@type":"EntryPoint","urlTemplate":"https:\/\/skaitytaknyga.lt\/?s={search_term_string}"},"query-input":{"@type":"PropertyValueSpecification","valueRequired":true,"valueName":"search_term_string"}}],"inLanguage":"en-GB"},{"@type":"Organization","@id":"https:\/\/skaitytaknyga.lt\/#organization","name":"skaitytaknyga.lt","url":"https:\/\/skaitytaknyga.lt\/","logo":{"@type":"ImageObject","inLanguage":"en-GB","@id":"https:\/\/skaitytaknyga.lt\/#\/schema\/logo\/image\/","url":"https:\/\/skaitytaknyga.lt\/wp-content\/uploads\/2024\/05\/cropped-cropped-cropped-02_00843_jt3bggkj1j3HLc7SyY6rEUpg.jpeg","contentUrl":"https:\/\/skaitytaknyga.lt\/wp-content\/uploads\/2024\/05\/cropped-cropped-cropped-02_00843_jt3bggkj1j3HLc7SyY6rEUpg.jpeg","width":1600,"height":1600,"caption":"skaitytaknyga.lt"},"image":{"@id":"https:\/\/skaitytaknyga.lt\/#\/schema\/logo\/image\/"},"sameAs":["https:\/\/www.facebook.com\/skaitytaknyga\/"]}]}},"_links":{"self":[{"href":"https:\/\/skaitytaknyga.lt\/en\/wp-json\/wp\/v2\/product\/21634","targetHints":{"allow":["GET"]}}],"collection":[{"href":"https:\/\/skaitytaknyga.lt\/en\/wp-json\/wp\/v2\/product"}],"about":[{"href":"https:\/\/skaitytaknyga.lt\/en\/wp-json\/wp\/v2\/types\/product"}],"replies":[{"embeddable":true,"href":"https:\/\/skaitytaknyga.lt\/en\/wp-json\/wp\/v2\/comments?post=21634"}],"wp:featuredmedia":[{"embeddable":true,"href":"https:\/\/skaitytaknyga.lt\/en\/wp-json\/wp\/v2\/media\/21639"}],"wp:attachment":[{"href":"https:\/\/skaitytaknyga.lt\/en\/wp-json\/wp\/v2\/media?parent=21634"}],"wp:term":[{"taxonomy":"product_brand","embeddable":true,"href":"https:\/\/skaitytaknyga.lt\/en\/wp-json\/wp\/v2\/product_brand?post=21634"},{"taxonomy":"product_cat","embeddable":true,"href":"https:\/\/skaitytaknyga.lt\/en\/wp-json\/wp\/v2\/product_cat?post=21634"},{"taxonomy":"product_tag","embeddable":true,"href":"https:\/\/skaitytaknyga.lt\/en\/wp-json\/wp\/v2\/product_tag?post=21634"}],"curies":[{"name":"wp","href":"https:\/\/api.w.org\/{rel}","templated":true}]}}